{"id":5344,"date":"2026-05-05T10:06:12","date_gmt":"2026-05-05T10:06:12","guid":{"rendered":"https:\/\/www.smile-labfurniture.com\/?post_type=product&#038;p=5344"},"modified":"2026-05-05T10:06:39","modified_gmt":"2026-05-05T10:06:39","slug":"purification-fume-hood","status":"publish","type":"product","link":"https:\/\/www.smile-labfurniture.com\/zh_hk\/product\/purification-fume-hood\/","title":{"rendered":"\u6de8\u5316\u7159\u7f69"},"content":{"rendered":"<p>I.\u7522\u54c1\u7279\u6027<\/p>\n<p>1.** \u91d1\u5c6c\u5143\u4ef6\uff1a** \u4e3b\u8981\u7531 \u22651.2mm \u934d\u92c5\u92fc\u677f\u69cb\u6210\uff0c\u5177\u6709\u975c\u96fb\u74b0\u6c27\u7c89\u672b\u5857\u5c64\u3002\u6b64\u5857\u5c64\u5305\u62ec\u8010\u7528\u3001\u8010\u5316\u5b78\u3001\u7121\u925b\u7684\u8868\u9762\u8655\u7406\uff0c\u53ef\u78ba\u4fdd\u9ad8\u5149\u6fa4\u7684\u8868\u9762\uff0c\u540c\u6642\u5c07\u8150\u8755\u548c\u6fd5\u6c23\u7684\u5f71\u97ff\u964d\u81f3\u6700\u4f4e\u3002.<\/p>\n<p>2.** \u524d\u5074\u677f\u548c\u5074\u677f\uff1a** \u4e3b\u8981\u7531 \u22656mm \u7684\u58d3\u514b\u529b\u677f\u6750\u69cb\u6210\u3002\u9019\u7a2e\u6750\u6599\u5177\u6709\u6975\u4f73\u7684\u8010\u5019\u6027\u548c\u512a\u7570\u7684\u8010\u5316\u5b78\u6027\uff1b\u5b83\u975e\u5e38\u8010\u8001\u5316\u3001\u7121\u8272\u3001\u900f\u660e\u4e14\u5b8c\u5168\u534a\u900f\u660e\uff0c\u53ef\u63d0\u4f9b\u8212\u9069\u7684\u8996\u89ba\u6548\u679c\u548c\u7f8e\u89c0\u5178\u96c5\u7684\u5916\u89c0\u3002.<\/p>\n<p>3.** \u63a7\u5236\u7cfb\u7d71\uff1a** \u914d\u5099 7 \u540b LCD \u89f8\u63a7\u87a2\u5e55\u986f\u793a\u5668\u548c PLC \u63a7\u5236\u7cfb\u7d71\u3002\u5b83\u63d0\u4f9b\u74b0\u5883\u6eab\u5ea6\u548c\u6fd5\u5ea6\u3001\u98a8\u6247\u72c0\u614b\u548c VOC \u6fc3\u5ea6\u7b49\u7d1a\u7684\u5373\u6642\u76e3\u63a7\uff0c\u4e26\u6574\u5408\u4e86\u8b66\u5831\u7cfb\u7d71\u3002.<\/p>\n<p>4.**\u98a8\u6247\uff1a** \u914d\u5099\u4ee5 24V \u76f4\u6d41\u96fb\u6d41\u904b\u4f5c\u7684 PSC \u98a8\u6247\u3002\u5b83\u63d0\u4f9b\u7a69\u5b9a\u7684\u6548\u80fd\u3001\u8d85\u4f4e\u566a\u97f3\u904b\u4f5c\uff0c\u4e26\u4e14\u7121\u706b\u82b1\uff08\u9632\u975c\u96fb\uff09\u3002.<\/p>\n<p>5.** \u904e\u6ffe\u7cfb\u7d71\uff1a** \u904e\u6ffe\u5668\u4f9d\u64da\u9846\u7c92\u5927\u5c0f\u6392\u5217\u5206\u4f48\uff0c\u7b26\u5408 ASTM \u6a19\u6e96\u3002\u8a72\u7cfb\u7d71\u6709\u6548\u91dd\u5c0d\u9178\u6027\u6c23\u9ad4\u548c\u6709\u6a5f\u6c23\u9ad4\uff0c\u5177\u6709\u5f37\u5927\u7684\u5438\u9644\u80fd\u529b\u3002\u91dd\u5c0d\u5fae\u7c92\u7269\u8cea\uff0c\u5247\u63a1\u7528\u9ad8\u6548\u7387 HEPA \u904e\u6ffe\u5668\uff0c\u5c0d\u65bc\u5927\u65bc 0.3\u00b5m \u7684\u5fae\u7c92\uff0c\u904e\u6ffe\u6548\u7387\u53ef\u9054 99.995%\u3002.<\/p>\n<p>6.** LED \u7167\u660e\uff1a** \u63d0\u4f9b\u76f8\u7576\u65bc 25W \u87a2\u5149\u71c8\u7684\u7167\u660e\u3002\u5b83\u4e0d\u7522\u751f\u71b1\u91cf\uff0c\u53ef\u78ba\u4fdd\u5b89\u5168\uff0c\u4e26\u9632\u6b62\u5c0d\u5be6\u9a57\u74b0\u5883\u5167\u7684\u74b0\u5883\u6eab\u5ea6\u9020\u6210\u4efb\u4f55\u5f71\u97ff\u3002\u5b83\u7bc0\u80fd\u3001\u74b0\u4fdd\u4e14\u4f7f\u7528\u58fd\u547d\u9577\u3002.<\/p>\n<p>7.** \u74b0\u6c27\u6a39\u8102\u5de5\u4f5c\u53f0\uff1a** \u5177\u6709\u512a\u7570\u7684\u5316\u5b78\u7a69\u5b9a\u6027\u548c\u5353\u8d8a\u7684\u8010\u8150\u8755\u6027\u3002\u5b83\u5177\u6709\u512a\u7570\u7684\u8010\u885d\u64ca\u6027\uff08\u5728\u885d\u64ca\u4e0b\u4e0d\u6703\u640d\u58de\uff09\u548c\u8010\u9ad8\u6eab\u6027\u3002\u6750\u6599\u6574\u9ad4\u70ba\u5be6\u5fc3\uff0c\u53ef\u9632\u6b62\u5206\u5c64\u3001\u6f32\u5927\u6216\u958b\u88c2\uff0c\u78ba\u4fdd\u9577\u6642\u9593\u7684\u4f7f\u7528\u58fd\u547d\u3002.<\/p>\n<p>II.<\/p>\n<p>**\u5de5\u4f5c\u539f\u5247**<\/p>\n<p>1.** \u5074\u9762\u9032\u6c23\u53e3\uff1a** \u5f9e\u5074\u677f\u4e0b\u65b9\u76f4\u63a5\u5c07\u7a7a\u6c23\u5438\u5165\u901a\u98a8\u7f69\u3002\u9019\u53ef\u5275\u9020\u4e00\u500b\u8ca0\u58d3\u74b0\u5883\uff0c\u7a69\u5b9a\u7684\u9762\u901f\u53ef\u5f62\u6210\u5929\u7136\u5c4f\u969c\uff0c\u6709\u6548\u9694\u96e2\u4f7f\u7528\u8005\u8207\u6240\u8655\u7406\u7684\u5316\u5b78\u54c1\u3002.<\/p>\n<p>2.** \u5168\u9762\u904e\u6ffe\u7cfb\u7d71\uff1a** \u98a8\u6247\u7cfb\u7d71\u53ef\u5c07\u6709\u6bd2\u6709\u5bb3\u6c23\u9ad4\u5411\u4e0a\u62bd\u51fa\uff0c\u901a\u904e\u904e\u6ffe\u88dd\u7f6e\uff0c\u5c07\u6e05\u6f54\u3001\u6de8\u5316\u7684\u7a7a\u6c23\u9001\u56de\u5ba4\u5167\u3002\u6a5f\u6ac3\u512a\u7570\u7684\u5bc6\u9589\u63a7\u5236\u53ef\u78ba\u4fdd\u5728\u6a5f\u6ac3\u5167\u7522\u751f\u7684\u5316\u5b78\u6c23\u9ad4\u4e0d\u6703\u9038\u6563\u56de\u5be6\u9a57\u5ba4\u74b0\u5883\u9020\u6210\u6c61\u67d3\u3002.<\/p>\n<p>3.** \u5be6\u9a57\u5ba4\u7a7a\u6c23\u6de8\u5316\uff1a** \u904e\u6ffe\u5668\u662f\u91dd\u5c0d\u4e0d\u540c\u7684\u5be6\u9a57\u64cd\u4f5c\u800c\u7279\u5225\u914d\u7f6e\uff0c\u53ef\u6709\u6548\u904e\u6ffe\u5404\u7a2e\u6709\u6bd2\u6709\u5bb3\u6c23\u9ad4\u3002\u6b64\u904e\u7a0b\u80fd\u6de8\u5316\u5be6\u9a57\u5ba4\u7684\u7a7a\u6c23\uff0c\u6d88\u9664\u6b98\u7559\u7684\u5316\u5b78\u6c23\u5473\uff0c\u63d0\u5347\u5be6\u9a57\u5ba4\u74b0\u5883\u7684\u6574\u9ad4\u7a7a\u6c23\u6f54\u6de8\u5ea6\u7b49\u7d1a\u30024.\u6de8\u5316\u5468\u906d\u7a7a\u6c23<\/p>\n<p>\u7159\u7f69\u7684\u6301\u7e8c\u904e\u6ffe\u6548\u7387\u6709\u52a9\u65bc\u6de8\u5316\u5ba4\u5167\u74b0\u5883\u3002.<\/p>\n<p>III.\u8a2d\u5099\u898f\u683c<\/p>\n<p>1.\u5916\u90e8\u5c3a\u5bf8\uff1a1800 \u00d7 900 \u00d7 2300 mm (L \u00d7 W \u00d7 H)<\/p>\n<p>2.\u5167\u90e8\u5c3a\u5bf8\uff1a1600 \u00d7 670 \u00d7 950 \u516c\u91d0<\/p>\n<p>3.\u7a7a\u6c23\u8655\u7406\u91cf\uff1a1000 m\u00b3\/h<\/p>\n<p>4.\u5e73\u5747\u9762\u901f\uff1a 0.2-0.4 m\/s<\/p>\n<p>5.\u96fb\u58d3\uff1a220-240 V<\/p>\n<p>6.\u983b\u7387\uff1a50-60 Hz<\/p>\n<p>7.\u6700\u5927\u96fb\u6d41\uff1a5 A<\/p>\n<p>8.\u566a\u97f3\u6c34\u5e73\uff1a75 dBA<\/p>\n<p>9.\u8017\u96fb\u91cf\uff1a220 W<\/p>\n<p>10.\u5b58\u53d6\u958b\u53e3\u985e\u578b\uff1a\u68af\u5f62<\/p>\n<p>11.\u5206\u5b50\u904e\u6ffe\u5668\uff1a2 \u7d44\uff08\u6bcf\u7d44 1 \u500b\u6ffe\u7b52\uff1b\u5305\u62ec 1 \u500b\u6709\u6a5f\u78b3\u6ffe\u7b52\u548c 1 \u500b\u7121\u6a5f\u78b3\u6ffe\u7b52\uff09<\/p>\n<p>12.\u9810\u904e\u6ffe\u5668\uff1a1 \u4ef6<\/p>\n<p>13.\u6574\u5408\u5f0f\u8b8a\u901f\u98a8\u6247\uff1a1 \u7d44<\/p>\n<p>14.\u9676\u74f7\u5de5\u4f5c\u53f0\uff1a1 \u500b\u55ae\u4f4d<\/p>\n<p>15.\u7167\u660e\uff1a1 \u7d44 LED \u71c8<\/p>\n<p>16.\u986f\u793a\u87a2\u5e55\uff1aLCD \u89f8\u63a7\u87a2\u5e55<\/p>\n<p>17.\u6eab\u6fd5\u5ea6\u76e3\u6e2c\u7cfb\u7d71\uff1a1 \u5957<\/p>\n<p>18.\u96fb\u6e90\u7dda\uff1a1 \u7d44<\/p>\n<p>19.\u9078\u8cfc\u914d\u4ef6\uff1a\u9059\u63a7\u74e6\u65af\u95a5\u3001\u9059\u63a7\u6c34\u9f8d\u982d\u30017 \u540b\u986f\u793a\u87a2\u5e55\u3001\u81ed\u6c27\u6bba\u83cc\u88dd\u7f6e\u7b49\u3002.<\/p>\n<p><img fetchpriority=\"high\" decoding=\"async\" class=\"alignnone size-full wp-image-5346\" src=\"https:\/\/www.smile-labfurniture.com\/wp-content\/uploads\/2026\/05\/4947805c74d73ee7576bedbfef2328aa.webp\" alt=\"\" width=\"1998\" height=\"2097\" srcset=\"https:\/\/www.smile-labfurniture.com\/wp-content\/uploads\/2026\/05\/4947805c74d73ee7576bedbfef2328aa.webp 1998w, https:\/\/www.smile-labfurniture.com\/wp-content\/uploads\/2026\/05\/4947805c74d73ee7576bedbfef2328aa-286x300.webp 286w, https:\/\/www.smile-labfurniture.com\/wp-content\/uploads\/2026\/05\/4947805c74d73ee7576bedbfef2328aa-11x12.webp 11w\" sizes=\"(max-width: 1998px) 100vw, 1998px\" \/><\/p>","protected":false},"excerpt":{"rendered":"<p>I. Product Features 1. **Metal Components:** Primarily constructed from \u22651.2mm galvanized steel sheet, featuring an electrostatic epoxy powder coating. This coating includes a durable, chemical-resistant, and lead-free finish, ensuring a high-gloss surface while minimizing the effects of corrosion and moisture. &hellip; <a href=\"https:\/\/www.smile-labfurniture.com\/zh_hk\/product\/purification-fume-hood\/\">\u95b1\u8b80\u66f4\u591a<\/a><\/p>","protected":false},"featured_media":5345,"comment_status":"closed","ping_status":"closed","template":"","meta":[],"product_brand":[],"product_cat":[104],"product_tag":[],"class_list":{"0":"post-5344","1":"product","2":"type-product","3":"status-publish","4":"has-post-thumbnail","6":"product_cat-fume-hood","8":"first","9":"instock","10":"taxable","11":"shipping-taxable","12":"product-type-simple"},"yoast_head":"<!-- This site is optimized with the Yoast SEO plugin v27.4 - https:\/\/yoast.com\/product\/yoast-seo-wordpress\/ -->\n<title>Purification fume hood - SMILELAB<\/title>\n<meta name=\"robots\" content=\"index, follow, max-snippet:-1, max-image-preview:large, max-video-preview:-1\" \/>\n<link rel=\"canonical\" href=\"https:\/\/www.smile-labfurniture.com\/zh_hk\/product\/purification-fume-hood\/\" \/>\n<meta property=\"og:locale\" content=\"zh_HK\" \/>\n<meta property=\"og:type\" content=\"article\" \/>\n<meta property=\"og:title\" content=\"Purification fume hood - SMILELAB\" \/>\n<meta property=\"og:description\" content=\"I. Product Features 1. **Metal Components:** Primarily constructed from \u22651.2mm galvanized steel sheet, featuring an electrostatic epoxy powder coating. This coating includes a durable, chemical-resistant, and lead-free finish, ensuring a high-gloss surface while minimizing the effects of corrosion and moisture. &hellip; Readmore\" \/>\n<meta property=\"og:url\" content=\"https:\/\/www.smile-labfurniture.com\/zh_hk\/product\/purification-fume-hood\/\" \/>\n<meta property=\"og:site_name\" content=\"SMILELAB\" \/>\n<meta property=\"article:publisher\" content=\"https:\/\/www.facebook.com\/share\/1DxYQBbYb1\/?mibextid=wwXIfr\" \/>\n<meta property=\"article:modified_time\" content=\"2026-05-05T10:06:39+00:00\" \/>\n<meta property=\"og:image\" content=\"https:\/\/www.smile-labfurniture.com\/wp-content\/uploads\/2026\/05\/28006c5a226f8737721715127c98ae95.webp\" \/>\n\t<meta property=\"og:image:width\" content=\"2000\" \/>\n\t<meta property=\"og:image:height\" content=\"2000\" \/>\n\t<meta property=\"og:image:type\" content=\"image\/webp\" \/>\n<meta name=\"twitter:card\" content=\"summary_large_image\" \/>\n<meta name=\"twitter:label1\" content=\"\u9810\u8a08\u95b1\u8b80\u6642\u9593\" \/>\n\t<meta name=\"twitter:data1\" content=\"3 \u5206\u9418\" \/>\n<script type=\"application\/ld+json\" class=\"yoast-schema-graph\">{\"@context\":\"https:\\\/\\\/schema.org\",\"@graph\":[{\"@type\":\"WebPage\",\"@id\":\"https:\\\/\\\/www.smile-labfurniture.com\\\/product\\\/purification-fume-hood\\\/\",\"url\":\"https:\\\/\\\/www.smile-labfurniture.com\\\/product\\\/purification-fume-hood\\\/\",\"name\":\"Purification fume hood - SMILELAB\",\"isPartOf\":{\"@id\":\"https:\\\/\\\/www.smile-labfurniture.com\\\/#website\"},\"primaryImageOfPage\":{\"@id\":\"https:\\\/\\\/www.smile-labfurniture.com\\\/product\\\/purification-fume-hood\\\/#primaryimage\"},\"image\":{\"@id\":\"https:\\\/\\\/www.smile-labfurniture.com\\\/product\\\/purification-fume-hood\\\/#primaryimage\"},\"thumbnailUrl\":\"https:\\\/\\\/www.smile-labfurniture.com\\\/wp-content\\\/uploads\\\/2026\\\/05\\\/28006c5a226f8737721715127c98ae95.webp\",\"datePublished\":\"2026-05-05T10:06:12+00:00\",\"dateModified\":\"2026-05-05T10:06:39+00:00\",\"breadcrumb\":{\"@id\":\"https:\\\/\\\/www.smile-labfurniture.com\\\/product\\\/purification-fume-hood\\\/#breadcrumb\"},\"inLanguage\":\"zh-HK\",\"potentialAction\":[{\"@type\":\"ReadAction\",\"target\":[\"https:\\\/\\\/www.smile-labfurniture.com\\\/product\\\/purification-fume-hood\\\/\"]}]},{\"@type\":\"ImageObject\",\"inLanguage\":\"zh-HK\",\"@id\":\"https:\\\/\\\/www.smile-labfurniture.com\\\/product\\\/purification-fume-hood\\\/#primaryimage\",\"url\":\"https:\\\/\\\/www.smile-labfurniture.com\\\/wp-content\\\/uploads\\\/2026\\\/05\\\/28006c5a226f8737721715127c98ae95.webp\",\"contentUrl\":\"https:\\\/\\\/www.smile-labfurniture.com\\\/wp-content\\\/uploads\\\/2026\\\/05\\\/28006c5a226f8737721715127c98ae95.webp\",\"width\":2000,\"height\":2000},{\"@type\":\"BreadcrumbList\",\"@id\":\"https:\\\/\\\/www.smile-labfurniture.com\\\/product\\\/purification-fume-hood\\\/#breadcrumb\",\"itemListElement\":[{\"@type\":\"ListItem\",\"position\":1,\"name\":\"\u9996\u9875\",\"item\":\"https:\\\/\\\/www.smile-labfurniture.com\\\/\"},{\"@type\":\"ListItem\",\"position\":2,\"name\":\"Shop\",\"item\":\"https:\\\/\\\/www.smile-labfurniture.com\\\/shop\\\/\"},{\"@type\":\"ListItem\",\"position\":3,\"name\":\"Purification fume hood\"}]},{\"@type\":\"WebSite\",\"@id\":\"https:\\\/\\\/www.smile-labfurniture.com\\\/#website\",\"url\":\"https:\\\/\\\/www.smile-labfurniture.com\\\/\",\"name\":\"SMILELAB\",\"description\":\"\",\"publisher\":{\"@id\":\"https:\\\/\\\/www.smile-labfurniture.com\\\/#organization\"},\"potentialAction\":[{\"@type\":\"SearchAction\",\"target\":{\"@type\":\"EntryPoint\",\"urlTemplate\":\"https:\\\/\\\/www.smile-labfurniture.com\\\/?s={search_term_string}\"},\"query-input\":{\"@type\":\"PropertyValueSpecification\",\"valueRequired\":true,\"valueName\":\"search_term_string\"}}],\"inLanguage\":\"zh-HK\"},{\"@type\":\"Organization\",\"@id\":\"https:\\\/\\\/www.smile-labfurniture.com\\\/#organization\",\"name\":\"SMILELAB\",\"url\":\"https:\\\/\\\/www.smile-labfurniture.com\\\/\",\"logo\":{\"@type\":\"ImageObject\",\"inLanguage\":\"zh-HK\",\"@id\":\"https:\\\/\\\/www.smile-labfurniture.com\\\/#\\\/schema\\\/logo\\\/image\\\/\",\"url\":\"https:\\\/\\\/www.smile-labfurniture.com\\\/wp-content\\\/uploads\\\/2020\\\/06\\\/QQ_1764744017650.png\",\"contentUrl\":\"https:\\\/\\\/www.smile-labfurniture.com\\\/wp-content\\\/uploads\\\/2020\\\/06\\\/QQ_1764744017650.png\",\"width\":355,\"height\":48,\"caption\":\"SMILELAB\"},\"image\":{\"@id\":\"https:\\\/\\\/www.smile-labfurniture.com\\\/#\\\/schema\\\/logo\\\/image\\\/\"},\"sameAs\":[\"https:\\\/\\\/www.facebook.com\\\/share\\\/1DxYQBbYb1\\\/?mibextid=wwXIfr\"]}]}<\/script>\n<!-- \/ Yoast SEO plugin. -->","yoast_head_json":{"title":"Purification fume hood - SMILELAB","robots":{"index":"index","follow":"follow","max-snippet":"max-snippet:-1","max-image-preview":"max-image-preview:large","max-video-preview":"max-video-preview:-1"},"canonical":"https:\/\/www.smile-labfurniture.com\/zh_hk\/product\/purification-fume-hood\/","og_locale":"zh_HK","og_type":"article","og_title":"Purification fume hood - SMILELAB","og_description":"I. Product Features 1. **Metal Components:** Primarily constructed from \u22651.2mm galvanized steel sheet, featuring an electrostatic epoxy powder coating. This coating includes a durable, chemical-resistant, and lead-free finish, ensuring a high-gloss surface while minimizing the effects of corrosion and moisture. &hellip; Readmore","og_url":"https:\/\/www.smile-labfurniture.com\/zh_hk\/product\/purification-fume-hood\/","og_site_name":"SMILELAB","article_publisher":"https:\/\/www.facebook.com\/share\/1DxYQBbYb1\/?mibextid=wwXIfr","article_modified_time":"2026-05-05T10:06:39+00:00","og_image":[{"width":2000,"height":2000,"url":"https:\/\/www.smile-labfurniture.com\/wp-content\/uploads\/2026\/05\/28006c5a226f8737721715127c98ae95.webp","type":"image\/webp"}],"twitter_card":"summary_large_image","twitter_misc":{"\u9810\u8a08\u95b1\u8b80\u6642\u9593":"3 \u5206\u9418"},"schema":{"@context":"https:\/\/schema.org","@graph":[{"@type":"WebPage","@id":"https:\/\/www.smile-labfurniture.com\/product\/purification-fume-hood\/","url":"https:\/\/www.smile-labfurniture.com\/product\/purification-fume-hood\/","name":"Purification fume hood - SMILELAB","isPartOf":{"@id":"https:\/\/www.smile-labfurniture.com\/#website"},"primaryImageOfPage":{"@id":"https:\/\/www.smile-labfurniture.com\/product\/purification-fume-hood\/#primaryimage"},"image":{"@id":"https:\/\/www.smile-labfurniture.com\/product\/purification-fume-hood\/#primaryimage"},"thumbnailUrl":"https:\/\/www.smile-labfurniture.com\/wp-content\/uploads\/2026\/05\/28006c5a226f8737721715127c98ae95.webp","datePublished":"2026-05-05T10:06:12+00:00","dateModified":"2026-05-05T10:06:39+00:00","breadcrumb":{"@id":"https:\/\/www.smile-labfurniture.com\/product\/purification-fume-hood\/#breadcrumb"},"inLanguage":"zh-HK","potentialAction":[{"@type":"ReadAction","target":["https:\/\/www.smile-labfurniture.com\/product\/purification-fume-hood\/"]}]},{"@type":"ImageObject","inLanguage":"zh-HK","@id":"https:\/\/www.smile-labfurniture.com\/product\/purification-fume-hood\/#primaryimage","url":"https:\/\/www.smile-labfurniture.com\/wp-content\/uploads\/2026\/05\/28006c5a226f8737721715127c98ae95.webp","contentUrl":"https:\/\/www.smile-labfurniture.com\/wp-content\/uploads\/2026\/05\/28006c5a226f8737721715127c98ae95.webp","width":2000,"height":2000},{"@type":"BreadcrumbList","@id":"https:\/\/www.smile-labfurniture.com\/product\/purification-fume-hood\/#breadcrumb","itemListElement":[{"@type":"ListItem","position":1,"name":"\u9996\u9875","item":"https:\/\/www.smile-labfurniture.com\/"},{"@type":"ListItem","position":2,"name":"Shop","item":"https:\/\/www.smile-labfurniture.com\/shop\/"},{"@type":"ListItem","position":3,"name":"Purification fume hood"}]},{"@type":"WebSite","@id":"https:\/\/www.smile-labfurniture.com\/#website","url":"https:\/\/www.smile-labfurniture.com\/","name":"SMILELAB","description":"","publisher":{"@id":"https:\/\/www.smile-labfurniture.com\/#organization"},"potentialAction":[{"@type":"SearchAction","target":{"@type":"EntryPoint","urlTemplate":"https:\/\/www.smile-labfurniture.com\/?s={search_term_string}"},"query-input":{"@type":"PropertyValueSpecification","valueRequired":true,"valueName":"search_term_string"}}],"inLanguage":"zh-HK"},{"@type":"Organization","@id":"https:\/\/www.smile-labfurniture.com\/#organization","name":"SMILELAB","url":"https:\/\/www.smile-labfurniture.com\/","logo":{"@type":"ImageObject","inLanguage":"zh-HK","@id":"https:\/\/www.smile-labfurniture.com\/#\/schema\/logo\/image\/","url":"https:\/\/www.smile-labfurniture.com\/wp-content\/uploads\/2020\/06\/QQ_1764744017650.png","contentUrl":"https:\/\/www.smile-labfurniture.com\/wp-content\/uploads\/2020\/06\/QQ_1764744017650.png","width":355,"height":48,"caption":"SMILELAB"},"image":{"@id":"https:\/\/www.smile-labfurniture.com\/#\/schema\/logo\/image\/"},"sameAs":["https:\/\/www.facebook.com\/share\/1DxYQBbYb1\/?mibextid=wwXIfr"]}]}},"_links":{"self":[{"href":"https:\/\/www.smile-labfurniture.com\/zh_hk\/wp-json\/wp\/v2\/product\/5344","targetHints":{"allow":["GET"]}}],"collection":[{"href":"https:\/\/www.smile-labfurniture.com\/zh_hk\/wp-json\/wp\/v2\/product"}],"about":[{"href":"https:\/\/www.smile-labfurniture.com\/zh_hk\/wp-json\/wp\/v2\/types\/product"}],"replies":[{"embeddable":true,"href":"https:\/\/www.smile-labfurniture.com\/zh_hk\/wp-json\/wp\/v2\/comments?post=5344"}],"wp:featuredmedia":[{"embeddable":true,"href":"https:\/\/www.smile-labfurniture.com\/zh_hk\/wp-json\/wp\/v2\/media\/5345"}],"wp:attachment":[{"href":"https:\/\/www.smile-labfurniture.com\/zh_hk\/wp-json\/wp\/v2\/media?parent=5344"}],"wp:term":[{"taxonomy":"product_brand","embeddable":true,"href":"https:\/\/www.smile-labfurniture.com\/zh_hk\/wp-json\/wp\/v2\/product_brand?post=5344"},{"taxonomy":"product_cat","embeddable":true,"href":"https:\/\/www.smile-labfurniture.com\/zh_hk\/wp-json\/wp\/v2\/product_cat?post=5344"},{"taxonomy":"product_tag","embeddable":true,"href":"https:\/\/www.smile-labfurniture.com\/zh_hk\/wp-json\/wp\/v2\/product_tag?post=5344"}],"curies":[{"name":"wp","href":"https:\/\/api.w.org\/{rel}","templated":true}]}}