{"id":5072,"date":"2025-12-21T10:24:15","date_gmt":"2025-12-21T10:24:15","guid":{"rendered":"http:\/\/www.smile-labfurniture.com\/?post_type=product&#038;p=5072"},"modified":"2026-02-02T06:34:10","modified_gmt":"2026-02-02T06:34:10","slug":"gas-bottle-cabinet","status":"publish","type":"product","link":"https:\/\/www.smile-labfurniture.com\/pt\/produto\/gas-bottle-cabinet\/","title":{"rendered":"Arm\u00e1rio para garrafas de g\u00e1s"},"content":{"rendered":"<p>1. Especifica\u00e7\u00f5es do arm\u00e1rio da garrafa de g\u00e1s<br \/>\nAs especifica\u00e7\u00f5es com alarme s\u00e3o garrafa \u00fanica: 23\u2033*18\u2033*71\u2033, garrafa dupla: 35\u2033*18\u2033*71\u2033, tr\u00eas garrafas: 47\u2033*18\u2033*71\u2033,<br \/>\n2. Gabinete<br \/>\n\u00c9 feita de chapa de a\u00e7o Baosteel de alta qualidade laminada a frio com 1,0 mm de espessura, que foi decapada e fosforizada, e a superf\u00edcie \u00e9 pulverizada electrostaticamente com resina ep\u00f3xi para obter efeitos anti-\u00e1cidos, alcalinos e anti-ferrugem.<br \/>\n3. Painel da porta<br \/>\nAdopta dobradi\u00e7as destac\u00e1veis e tem uma janela de visualiza\u00e7\u00e3o na frente. A janela de visualiza\u00e7\u00e3o \u00e9 de vidro \u00e0 prova de explos\u00e3o.<br \/>\n4. Orif\u00edcio de passagem<br \/>\nExistem orif\u00edcios PASS na parte lateral do arm\u00e1rio para garantir o fluxo de g\u00e1s no interior do arm\u00e1rio.<br \/>\n5. Corrente fixa<br \/>\nUma corrente fixa \u00e9 utilizada no interior para evitar que o cilindro se incline.<br \/>\n6. Pedal<br \/>\nExiste um pedal regul\u00e1vel na parte inferior do arm\u00e1rio para facilitar a carga e a descarga das garrafas de g\u00e1s.<br \/>\n7. manusear<br \/>\n\u00c9 utilizado um cabo incorporado de alta resist\u00eancia.<br \/>\n8. Alarme<br \/>\nOs dispositivos de alarme especiais s\u00e3o opcionais. O dispositivo de alarme pode identificar: gases inflam\u00e1veis, tais como metano, acetileno, g\u00e1s de carv\u00e3o, etc.<br \/>\n9. Sistema de alarme sonoro e luminoso<br \/>\nQuando o sensor no arm\u00e1rio detecta uma fuga de g\u00e1s, acciona automaticamente uma luz vermelha intermitente e um alarme estridente e, ao mesmo tempo, esgota automaticamente o ar.<br \/>\n10. Sistema de escape autom\u00e1tico<br \/>\nQuando o sensor no arm\u00e1rio detecta fugas de g\u00e1s e emite um alarme, o ventilador superior funciona automaticamente para descarregar o g\u00e1s para o exterior atrav\u00e9s da conduta de exaust\u00e3o para garantir a seguran\u00e7a pessoal na \u00e1rea de trabalho.<br \/>\n11. Recipientes met\u00e1licos utilizados para melhorar a ventila\u00e7\u00e3o local por exaust\u00e3o, proteger as garrafas (garrafas de g\u00e1s) do fogo fora do arm\u00e1rio e proteger os objectos circundantes do fogo interno.<br \/>\n12. Existe um sistema de purga, alarme e orif\u00edcio de exaust\u00e3o no interior do arm\u00e1rio das garrafas de g\u00e1s. Normalmente, existe uma posi\u00e7\u00e3o de uma garrafa, uma posi\u00e7\u00e3o de duas garrafas e uma posi\u00e7\u00e3o de tr\u00eas garrafas.<br \/>\n13. Quando a botija de g\u00e1s \u00e9 armazenada neste produto, nenhuma situa\u00e7\u00e3o ocorrer\u00e1 sem interven\u00e7\u00e3o humana. Para evitar que o dispositivo de alarme fique em estado de repouso durante muito tempo e provoque um alarme lento ou nulo, o pessoal pode efetuar um teste de alarme no produto atrav\u00e9s de fumo e g\u00e1s, de modo a conseguir o funcionamento normal do produto. Nota: O tempo de auto-inspe\u00e7\u00e3o do arm\u00e1rio da garrafa de g\u00e1s \u00e9 geralmente uma vez em janeiro e fevereiro.<\/p>\n<p><img loading=\"lazy\" decoding=\"async\" class=\"alignnone size-full wp-image-5189\" src=\"https:\/\/www.smile-labfurniture.com\/wp-content\/uploads\/2025\/12\/f41fe195407d34ce2cd0555f0688dc4b.webp\" alt=\"\" width=\"700\" height=\"700\" srcset=\"https:\/\/www.smile-labfurniture.com\/wp-content\/uploads\/2025\/12\/f41fe195407d34ce2cd0555f0688dc4b.webp 700w, https:\/\/www.smile-labfurniture.com\/wp-content\/uploads\/2025\/12\/f41fe195407d34ce2cd0555f0688dc4b-300x300.webp 300w, https:\/\/www.smile-labfurniture.com\/wp-content\/uploads\/2025\/12\/f41fe195407d34ce2cd0555f0688dc4b-12x12.webp 12w\" sizes=\"auto, (max-width: 700px) 100vw, 700px\" \/><\/p>","protected":false},"excerpt":{"rendered":"<p>Pode personalizar as suas especifica\u00e7\u00f5es<\/p>","protected":false},"featured_media":5189,"comment_status":"closed","ping_status":"closed","template":"","meta":[],"product_cat":[105],"product_tag":[],"product_brand":[],"class_list":["post-5072","product","type-product","status-publish","has-post-thumbnail","hentry","product_cat-reagent-cabinet"],"yoast_head":"<!-- This site is optimized with the Yoast SEO plugin v26.6 - https:\/\/yoast.com\/wordpress\/plugins\/seo\/ -->\n<title>Gas bottle cabinet - SMILELAB<\/title>\n<meta name=\"robots\" content=\"index, follow, max-snippet:-1, max-image-preview:large, max-video-preview:-1\" \/>\n<link rel=\"canonical\" href=\"https:\/\/www.smile-labfurniture.com\/pt\/produto\/gas-bottle-cabinet\/\" \/>\n<meta property=\"og:locale\" content=\"pt_PT\" \/>\n<meta property=\"og:type\" content=\"article\" \/>\n<meta property=\"og:title\" content=\"Gas bottle cabinet - SMILELAB\" \/>\n<meta property=\"og:description\" content=\"Can customize your specifications\" \/>\n<meta property=\"og:url\" content=\"https:\/\/www.smile-labfurniture.com\/pt\/produto\/gas-bottle-cabinet\/\" \/>\n<meta property=\"og:site_name\" content=\"SMILELAB\" \/>\n<meta property=\"article:publisher\" content=\"https:\/\/www.facebook.com\/share\/1DxYQBbYb1\/?mibextid=wwXIfr\" \/>\n<meta property=\"article:modified_time\" content=\"2026-02-02T06:34:10+00:00\" \/>\n<meta property=\"og:image\" content=\"https:\/\/www.smile-labfurniture.com\/wp-content\/uploads\/2025\/12\/f41fe195407d34ce2cd0555f0688dc4b.webp\" \/>\n\t<meta property=\"og:image:width\" content=\"700\" \/>\n\t<meta property=\"og:image:height\" content=\"700\" \/>\n\t<meta property=\"og:image:type\" content=\"image\/webp\" \/>\n<meta name=\"twitter:card\" content=\"summary_large_image\" \/>\n<meta name=\"twitter:label1\" content=\"Tempo estimado de leitura\" \/>\n\t<meta name=\"twitter:data1\" content=\"3 minutos\" \/>\n<script type=\"application\/ld+json\" class=\"yoast-schema-graph\">{\"@context\":\"https:\/\/schema.org\",\"@graph\":[{\"@type\":\"WebPage\",\"@id\":\"https:\/\/www.smile-labfurniture.com\/product\/gas-bottle-cabinet\/\",\"url\":\"https:\/\/www.smile-labfurniture.com\/product\/gas-bottle-cabinet\/\",\"name\":\"Gas bottle cabinet - SMILELAB\",\"isPartOf\":{\"@id\":\"https:\/\/www.smile-labfurniture.com\/#website\"},\"primaryImageOfPage\":{\"@id\":\"https:\/\/www.smile-labfurniture.com\/product\/gas-bottle-cabinet\/#primaryimage\"},\"image\":{\"@id\":\"https:\/\/www.smile-labfurniture.com\/product\/gas-bottle-cabinet\/#primaryimage\"},\"thumbnailUrl\":\"https:\/\/www.smile-labfurniture.com\/wp-content\/uploads\/2025\/12\/f41fe195407d34ce2cd0555f0688dc4b.webp\",\"datePublished\":\"2025-12-21T10:24:15+00:00\",\"dateModified\":\"2026-02-02T06:34:10+00:00\",\"breadcrumb\":{\"@id\":\"https:\/\/www.smile-labfurniture.com\/product\/gas-bottle-cabinet\/#breadcrumb\"},\"inLanguage\":\"pt-PT\",\"potentialAction\":[{\"@type\":\"ReadAction\",\"target\":[\"https:\/\/www.smile-labfurniture.com\/product\/gas-bottle-cabinet\/\"]}]},{\"@type\":\"ImageObject\",\"inLanguage\":\"pt-PT\",\"@id\":\"https:\/\/www.smile-labfurniture.com\/product\/gas-bottle-cabinet\/#primaryimage\",\"url\":\"https:\/\/www.smile-labfurniture.com\/wp-content\/uploads\/2025\/12\/f41fe195407d34ce2cd0555f0688dc4b.webp\",\"contentUrl\":\"https:\/\/www.smile-labfurniture.com\/wp-content\/uploads\/2025\/12\/f41fe195407d34ce2cd0555f0688dc4b.webp\",\"width\":700,\"height\":700},{\"@type\":\"BreadcrumbList\",\"@id\":\"https:\/\/www.smile-labfurniture.com\/product\/gas-bottle-cabinet\/#breadcrumb\",\"itemListElement\":[{\"@type\":\"ListItem\",\"position\":1,\"name\":\"\u9996\u9875\",\"item\":\"https:\/\/www.smile-labfurniture.com\/\"},{\"@type\":\"ListItem\",\"position\":2,\"name\":\"Shop\",\"item\":\"https:\/\/www.smile-labfurniture.com\/shop\/\"},{\"@type\":\"ListItem\",\"position\":3,\"name\":\"Gas bottle cabinet\"}]},{\"@type\":\"WebSite\",\"@id\":\"https:\/\/www.smile-labfurniture.com\/#website\",\"url\":\"https:\/\/www.smile-labfurniture.com\/\",\"name\":\"SMILELAB\",\"description\":\"\",\"publisher\":{\"@id\":\"https:\/\/www.smile-labfurniture.com\/#organization\"},\"potentialAction\":[{\"@type\":\"SearchAction\",\"target\":{\"@type\":\"EntryPoint\",\"urlTemplate\":\"https:\/\/www.smile-labfurniture.com\/?s={search_term_string}\"},\"query-input\":{\"@type\":\"PropertyValueSpecification\",\"valueRequired\":true,\"valueName\":\"search_term_string\"}}],\"inLanguage\":\"pt-PT\"},{\"@type\":\"Organization\",\"@id\":\"https:\/\/www.smile-labfurniture.com\/#organization\",\"name\":\"SMILELAB\",\"url\":\"https:\/\/www.smile-labfurniture.com\/\",\"logo\":{\"@type\":\"ImageObject\",\"inLanguage\":\"pt-PT\",\"@id\":\"https:\/\/www.smile-labfurniture.com\/#\/schema\/logo\/image\/\",\"url\":\"https:\/\/www.smile-labfurniture.com\/wp-content\/uploads\/2020\/06\/QQ_1764744017650.png\",\"contentUrl\":\"https:\/\/www.smile-labfurniture.com\/wp-content\/uploads\/2020\/06\/QQ_1764744017650.png\",\"width\":355,\"height\":48,\"caption\":\"SMILELAB\"},\"image\":{\"@id\":\"https:\/\/www.smile-labfurniture.com\/#\/schema\/logo\/image\/\"},\"sameAs\":[\"https:\/\/www.facebook.com\/share\/1DxYQBbYb1\/?mibextid=wwXIfr\"]}]}<\/script>\n<!-- \/ Yoast SEO plugin. -->","yoast_head_json":{"title":"Gas bottle cabinet - SMILELAB","robots":{"index":"index","follow":"follow","max-snippet":"max-snippet:-1","max-image-preview":"max-image-preview:large","max-video-preview":"max-video-preview:-1"},"canonical":"https:\/\/www.smile-labfurniture.com\/pt\/produto\/gas-bottle-cabinet\/","og_locale":"pt_PT","og_type":"article","og_title":"Gas bottle cabinet - SMILELAB","og_description":"Can customize your specifications","og_url":"https:\/\/www.smile-labfurniture.com\/pt\/produto\/gas-bottle-cabinet\/","og_site_name":"SMILELAB","article_publisher":"https:\/\/www.facebook.com\/share\/1DxYQBbYb1\/?mibextid=wwXIfr","article_modified_time":"2026-02-02T06:34:10+00:00","og_image":[{"width":700,"height":700,"url":"https:\/\/www.smile-labfurniture.com\/wp-content\/uploads\/2025\/12\/f41fe195407d34ce2cd0555f0688dc4b.webp","type":"image\/webp"}],"twitter_card":"summary_large_image","twitter_misc":{"Tempo estimado de leitura":"3 minutos"},"schema":{"@context":"https:\/\/schema.org","@graph":[{"@type":"WebPage","@id":"https:\/\/www.smile-labfurniture.com\/product\/gas-bottle-cabinet\/","url":"https:\/\/www.smile-labfurniture.com\/product\/gas-bottle-cabinet\/","name":"Gas bottle cabinet - SMILELAB","isPartOf":{"@id":"https:\/\/www.smile-labfurniture.com\/#website"},"primaryImageOfPage":{"@id":"https:\/\/www.smile-labfurniture.com\/product\/gas-bottle-cabinet\/#primaryimage"},"image":{"@id":"https:\/\/www.smile-labfurniture.com\/product\/gas-bottle-cabinet\/#primaryimage"},"thumbnailUrl":"https:\/\/www.smile-labfurniture.com\/wp-content\/uploads\/2025\/12\/f41fe195407d34ce2cd0555f0688dc4b.webp","datePublished":"2025-12-21T10:24:15+00:00","dateModified":"2026-02-02T06:34:10+00:00","breadcrumb":{"@id":"https:\/\/www.smile-labfurniture.com\/product\/gas-bottle-cabinet\/#breadcrumb"},"inLanguage":"pt-PT","potentialAction":[{"@type":"ReadAction","target":["https:\/\/www.smile-labfurniture.com\/product\/gas-bottle-cabinet\/"]}]},{"@type":"ImageObject","inLanguage":"pt-PT","@id":"https:\/\/www.smile-labfurniture.com\/product\/gas-bottle-cabinet\/#primaryimage","url":"https:\/\/www.smile-labfurniture.com\/wp-content\/uploads\/2025\/12\/f41fe195407d34ce2cd0555f0688dc4b.webp","contentUrl":"https:\/\/www.smile-labfurniture.com\/wp-content\/uploads\/2025\/12\/f41fe195407d34ce2cd0555f0688dc4b.webp","width":700,"height":700},{"@type":"BreadcrumbList","@id":"https:\/\/www.smile-labfurniture.com\/product\/gas-bottle-cabinet\/#breadcrumb","itemListElement":[{"@type":"ListItem","position":1,"name":"\u9996\u9875","item":"https:\/\/www.smile-labfurniture.com\/"},{"@type":"ListItem","position":2,"name":"Shop","item":"https:\/\/www.smile-labfurniture.com\/shop\/"},{"@type":"ListItem","position":3,"name":"Gas bottle cabinet"}]},{"@type":"WebSite","@id":"https:\/\/www.smile-labfurniture.com\/#website","url":"https:\/\/www.smile-labfurniture.com\/","name":"SMILELAB","description":"","publisher":{"@id":"https:\/\/www.smile-labfurniture.com\/#organization"},"potentialAction":[{"@type":"SearchAction","target":{"@type":"EntryPoint","urlTemplate":"https:\/\/www.smile-labfurniture.com\/?s={search_term_string}"},"query-input":{"@type":"PropertyValueSpecification","valueRequired":true,"valueName":"search_term_string"}}],"inLanguage":"pt-PT"},{"@type":"Organization","@id":"https:\/\/www.smile-labfurniture.com\/#organization","name":"SMILELAB","url":"https:\/\/www.smile-labfurniture.com\/","logo":{"@type":"ImageObject","inLanguage":"pt-PT","@id":"https:\/\/www.smile-labfurniture.com\/#\/schema\/logo\/image\/","url":"https:\/\/www.smile-labfurniture.com\/wp-content\/uploads\/2020\/06\/QQ_1764744017650.png","contentUrl":"https:\/\/www.smile-labfurniture.com\/wp-content\/uploads\/2020\/06\/QQ_1764744017650.png","width":355,"height":48,"caption":"SMILELAB"},"image":{"@id":"https:\/\/www.smile-labfurniture.com\/#\/schema\/logo\/image\/"},"sameAs":["https:\/\/www.facebook.com\/share\/1DxYQBbYb1\/?mibextid=wwXIfr"]}]}},"_links":{"self":[{"href":"https:\/\/www.smile-labfurniture.com\/pt\/wp-json\/wp\/v2\/product\/5072","targetHints":{"allow":["GET"]}}],"collection":[{"href":"https:\/\/www.smile-labfurniture.com\/pt\/wp-json\/wp\/v2\/product"}],"about":[{"href":"https:\/\/www.smile-labfurniture.com\/pt\/wp-json\/wp\/v2\/types\/product"}],"replies":[{"embeddable":true,"href":"https:\/\/www.smile-labfurniture.com\/pt\/wp-json\/wp\/v2\/comments?post=5072"}],"wp:featuredmedia":[{"embeddable":true,"href":"https:\/\/www.smile-labfurniture.com\/pt\/wp-json\/wp\/v2\/media\/5189"}],"wp:attachment":[{"href":"https:\/\/www.smile-labfurniture.com\/pt\/wp-json\/wp\/v2\/media?parent=5072"}],"wp:term":[{"taxonomy":"product_cat","embeddable":true,"href":"https:\/\/www.smile-labfurniture.com\/pt\/wp-json\/wp\/v2\/product_cat?post=5072"},{"taxonomy":"product_tag","embeddable":true,"href":"https:\/\/www.smile-labfurniture.com\/pt\/wp-json\/wp\/v2\/product_tag?post=5072"},{"taxonomy":"product_brand","embeddable":true,"href":"https:\/\/www.smile-labfurniture.com\/pt\/wp-json\/wp\/v2\/product_brand?post=5072"}],"curies":[{"name":"wp","href":"https:\/\/api.w.org\/{rel}","templated":true}]}}