{"id":5069,"date":"2025-12-21T10:21:56","date_gmt":"2025-12-21T10:21:56","guid":{"rendered":"http:\/\/www.smile-labfurniture.com\/?post_type=product&#038;p=5069"},"modified":"2026-02-02T07:13:17","modified_gmt":"2026-02-02T07:13:17","slug":"explosion-proof-cabinet","status":"publish","type":"product","link":"https:\/\/www.smile-labfurniture.com\/pt\/produto\/explosion-proof-cabinet\/","title":{"rendered":"Cacifo \u00e0 prova de explos\u00e3o"},"content":{"rendered":"<p>O arm\u00e1rio \u00e9 feito de chapa de a\u00e7o de alta qualidade com 1,0 de espessura que foi soldada. A superf\u00edcie foi rigorosamente decapada e fosfatada e depois pulverizada electrostaticamente com resina ep\u00f3xi. Tem uma vida \u00fatil de at\u00e9 dez anos e tem excelente seguran\u00e7a contra inc\u00eandio.<\/p>\n<p>O arm\u00e1rio de seguran\u00e7a contra inc\u00eandios \u00e9 constru\u00eddo com placas de a\u00e7o \u00e0 prova de fogo de camada dupla como um todo, e a dist\u00e2ncia entre as duas camadas de placas de a\u00e7o \u00e9 de 40 mm.<\/p>\n<p>Os arm\u00e1rios de seguran\u00e7a de elevado desempenho que cumprem as normas OSHA (U.S. Occupational Safety and Health Administration) e cumprem os requisitos do Artigo 30 da NFPA (National Fire Protection Association) s\u00e3o utilizados para regular o armazenamento de l\u00edquidos inflam\u00e1veis e explosivos e de produtos qu\u00edmicos perigosos.<\/p>\n<p>Utiliza\u00e7\u00e3o de placas de a\u00e7o laminadas a frio de alta qualidade para aumentar a for\u00e7a e melhor resist\u00eancia ao fogo.<\/p>\n<p>O dep\u00f3sito anti-fugas de 50 mm de altura na parte inferior do arm\u00e1rio evita o derrame de l\u00edquidos qu\u00edmicos.<\/p>\n<p>Placa de camada galvanizada \u00fanica, anti-corros\u00e3o, vazamento anti-l\u00edquido, pode suportar tanque de seguran\u00e7a de a\u00e7o de 400 libras.<\/p>\n<p>O interior e o exterior do arm\u00e1rio s\u00e3o pintados com tinta de resina ep\u00f3xi dur\u00e1vel e sem chumbo para maximizar a resist\u00eancia qu\u00edmica.<\/p>\n<p>Marcado com etiquetas de alta visibilidade em tr\u00eas l\u00ednguas e resistente \u00e0 corros\u00e3o.<\/p>\n<p>Duas aberturas que podem ser equipadas com dispositivos de prote\u00e7\u00e3o contra inc\u00eandios est\u00e3o localizadas em ambos os lados do corpo do arm\u00e1rio.<\/p>\n<p>[Observa\u00e7\u00f5es] O produto est\u00e1 dispon\u00edvel em tr\u00eas cores: vermelho (vermelho indica l\u00edquido inflam\u00e1vel), amarelo (amarelo indica l\u00edquido inflam\u00e1vel) e azul (azul indica l\u00edquido fracamente corrosivo). As tr\u00eas cores t\u00eam o mesmo tamanho e diferentes tipos de produtos qu\u00edmicos armazenados. Quando armazenar produtos qu\u00edmicos, utilize etiquetas coloridas para identificar, organizar e separar os v\u00e1rios l\u00edquidos inflam\u00e1veis ou perigosos. Isto tamb\u00e9m facilitar\u00e1 a identifica\u00e7\u00e3o dos perigos pelos bombeiros em caso de inc\u00eandio.<\/p>\n<p>&nbsp;<\/p>\n<p>Os arm\u00e1rios de seguran\u00e7a contra inc\u00eandios de v\u00e1rios tamanhos podem proporcionar-lhe uma armazenagem segura de l\u00edquidos inflam\u00e1veis e inflam\u00e1veis e de produtos qu\u00edmicos. O arm\u00e1rio compacto de armazenamento de produtos qu\u00edmicos pode ser colocado no seu local de trabalho para armazenar combust\u00edveis, combust\u00edveis e solventes org\u00e2nicos, poupando-lhe o trabalho de ir e vir da sala de armazenamento de mercadorias perigosas. Mesmo em espa\u00e7os de trabalho pequenos, os pequenos arm\u00e1rios de seguran\u00e7a contra inc\u00eandios podem proporcionar-lhe um armazenamento seguro de l\u00edquidos inflam\u00e1veis e combust\u00edveis e de produtos qu\u00edmicos.<img loading=\"lazy\" decoding=\"async\" class=\"alignnone size-full wp-image-5192\" src=\"https:\/\/www.smile-labfurniture.com\/wp-content\/uploads\/2025\/12\/fKDFOu7Pr.webp\" alt=\"\" width=\"700\" height=\"700\" srcset=\"https:\/\/www.smile-labfurniture.com\/wp-content\/uploads\/2025\/12\/fKDFOu7Pr.webp 700w, https:\/\/www.smile-labfurniture.com\/wp-content\/uploads\/2025\/12\/fKDFOu7Pr-300x300.webp 300w, https:\/\/www.smile-labfurniture.com\/wp-content\/uploads\/2025\/12\/fKDFOu7Pr-12x12.webp 12w\" sizes=\"auto, (max-width: 700px) 100vw, 700px\" \/><\/p>","protected":false},"excerpt":{"rendered":"<p>Pode personalizar as suas especifica\u00e7\u00f5es<\/p>","protected":false},"featured_media":5192,"comment_status":"closed","ping_status":"closed","template":"","meta":[],"product_cat":[105],"product_tag":[],"product_brand":[],"class_list":["post-5069","product","type-product","status-publish","has-post-thumbnail","hentry","product_cat-reagent-cabinet"],"yoast_head":"<!-- This site is optimized with the Yoast SEO plugin v26.6 - https:\/\/yoast.com\/wordpress\/plugins\/seo\/ -->\n<title>Explosion-proof locker - SMILELAB<\/title>\n<meta name=\"robots\" content=\"index, follow, max-snippet:-1, max-image-preview:large, max-video-preview:-1\" \/>\n<link rel=\"canonical\" href=\"https:\/\/www.smile-labfurniture.com\/pt\/produto\/explosion-proof-cabinet\/\" \/>\n<meta property=\"og:locale\" content=\"pt_PT\" \/>\n<meta property=\"og:type\" content=\"article\" \/>\n<meta property=\"og:title\" content=\"Explosion-proof locker - SMILELAB\" \/>\n<meta property=\"og:description\" content=\"Can customize your specifications\" \/>\n<meta property=\"og:url\" content=\"https:\/\/www.smile-labfurniture.com\/pt\/produto\/explosion-proof-cabinet\/\" \/>\n<meta property=\"og:site_name\" content=\"SMILELAB\" \/>\n<meta property=\"article:publisher\" content=\"https:\/\/www.facebook.com\/share\/1DxYQBbYb1\/?mibextid=wwXIfr\" \/>\n<meta property=\"article:modified_time\" content=\"2026-02-02T07:13:17+00:00\" \/>\n<meta property=\"og:image\" content=\"https:\/\/www.smile-labfurniture.com\/wp-content\/uploads\/2025\/12\/fKDFOu7Pr.webp\" \/>\n\t<meta property=\"og:image:width\" content=\"700\" \/>\n\t<meta property=\"og:image:height\" content=\"700\" \/>\n\t<meta property=\"og:image:type\" content=\"image\/webp\" \/>\n<meta name=\"twitter:card\" content=\"summary_large_image\" \/>\n<meta name=\"twitter:label1\" content=\"Tempo estimado de leitura\" \/>\n\t<meta name=\"twitter:data1\" content=\"2 minutos\" \/>\n<script type=\"application\/ld+json\" class=\"yoast-schema-graph\">{\"@context\":\"https:\/\/schema.org\",\"@graph\":[{\"@type\":\"WebPage\",\"@id\":\"https:\/\/www.smile-labfurniture.com\/product\/explosion-proof-cabinet\/\",\"url\":\"https:\/\/www.smile-labfurniture.com\/product\/explosion-proof-cabinet\/\",\"name\":\"Explosion-proof locker - SMILELAB\",\"isPartOf\":{\"@id\":\"https:\/\/www.smile-labfurniture.com\/#website\"},\"primaryImageOfPage\":{\"@id\":\"https:\/\/www.smile-labfurniture.com\/product\/explosion-proof-cabinet\/#primaryimage\"},\"image\":{\"@id\":\"https:\/\/www.smile-labfurniture.com\/product\/explosion-proof-cabinet\/#primaryimage\"},\"thumbnailUrl\":\"https:\/\/www.smile-labfurniture.com\/wp-content\/uploads\/2025\/12\/fKDFOu7Pr.webp\",\"datePublished\":\"2025-12-21T10:21:56+00:00\",\"dateModified\":\"2026-02-02T07:13:17+00:00\",\"breadcrumb\":{\"@id\":\"https:\/\/www.smile-labfurniture.com\/product\/explosion-proof-cabinet\/#breadcrumb\"},\"inLanguage\":\"pt-PT\",\"potentialAction\":[{\"@type\":\"ReadAction\",\"target\":[\"https:\/\/www.smile-labfurniture.com\/product\/explosion-proof-cabinet\/\"]}]},{\"@type\":\"ImageObject\",\"inLanguage\":\"pt-PT\",\"@id\":\"https:\/\/www.smile-labfurniture.com\/product\/explosion-proof-cabinet\/#primaryimage\",\"url\":\"https:\/\/www.smile-labfurniture.com\/wp-content\/uploads\/2025\/12\/fKDFOu7Pr.webp\",\"contentUrl\":\"https:\/\/www.smile-labfurniture.com\/wp-content\/uploads\/2025\/12\/fKDFOu7Pr.webp\",\"width\":700,\"height\":700},{\"@type\":\"BreadcrumbList\",\"@id\":\"https:\/\/www.smile-labfurniture.com\/product\/explosion-proof-cabinet\/#breadcrumb\",\"itemListElement\":[{\"@type\":\"ListItem\",\"position\":1,\"name\":\"\u9996\u9875\",\"item\":\"https:\/\/www.smile-labfurniture.com\/\"},{\"@type\":\"ListItem\",\"position\":2,\"name\":\"Shop\",\"item\":\"https:\/\/www.smile-labfurniture.com\/shop\/\"},{\"@type\":\"ListItem\",\"position\":3,\"name\":\"Explosion-proof locker\"}]},{\"@type\":\"WebSite\",\"@id\":\"https:\/\/www.smile-labfurniture.com\/#website\",\"url\":\"https:\/\/www.smile-labfurniture.com\/\",\"name\":\"SMILELAB\",\"description\":\"\",\"publisher\":{\"@id\":\"https:\/\/www.smile-labfurniture.com\/#organization\"},\"potentialAction\":[{\"@type\":\"SearchAction\",\"target\":{\"@type\":\"EntryPoint\",\"urlTemplate\":\"https:\/\/www.smile-labfurniture.com\/?s={search_term_string}\"},\"query-input\":{\"@type\":\"PropertyValueSpecification\",\"valueRequired\":true,\"valueName\":\"search_term_string\"}}],\"inLanguage\":\"pt-PT\"},{\"@type\":\"Organization\",\"@id\":\"https:\/\/www.smile-labfurniture.com\/#organization\",\"name\":\"SMILELAB\",\"url\":\"https:\/\/www.smile-labfurniture.com\/\",\"logo\":{\"@type\":\"ImageObject\",\"inLanguage\":\"pt-PT\",\"@id\":\"https:\/\/www.smile-labfurniture.com\/#\/schema\/logo\/image\/\",\"url\":\"https:\/\/www.smile-labfurniture.com\/wp-content\/uploads\/2020\/06\/QQ_1764744017650.png\",\"contentUrl\":\"https:\/\/www.smile-labfurniture.com\/wp-content\/uploads\/2020\/06\/QQ_1764744017650.png\",\"width\":355,\"height\":48,\"caption\":\"SMILELAB\"},\"image\":{\"@id\":\"https:\/\/www.smile-labfurniture.com\/#\/schema\/logo\/image\/\"},\"sameAs\":[\"https:\/\/www.facebook.com\/share\/1DxYQBbYb1\/?mibextid=wwXIfr\"]}]}<\/script>\n<!-- \/ Yoast SEO plugin. -->","yoast_head_json":{"title":"Explosion-proof locker - SMILELAB","robots":{"index":"index","follow":"follow","max-snippet":"max-snippet:-1","max-image-preview":"max-image-preview:large","max-video-preview":"max-video-preview:-1"},"canonical":"https:\/\/www.smile-labfurniture.com\/pt\/produto\/explosion-proof-cabinet\/","og_locale":"pt_PT","og_type":"article","og_title":"Explosion-proof locker - SMILELAB","og_description":"Can customize your specifications","og_url":"https:\/\/www.smile-labfurniture.com\/pt\/produto\/explosion-proof-cabinet\/","og_site_name":"SMILELAB","article_publisher":"https:\/\/www.facebook.com\/share\/1DxYQBbYb1\/?mibextid=wwXIfr","article_modified_time":"2026-02-02T07:13:17+00:00","og_image":[{"width":700,"height":700,"url":"https:\/\/www.smile-labfurniture.com\/wp-content\/uploads\/2025\/12\/fKDFOu7Pr.webp","type":"image\/webp"}],"twitter_card":"summary_large_image","twitter_misc":{"Tempo estimado de leitura":"2 minutos"},"schema":{"@context":"https:\/\/schema.org","@graph":[{"@type":"WebPage","@id":"https:\/\/www.smile-labfurniture.com\/product\/explosion-proof-cabinet\/","url":"https:\/\/www.smile-labfurniture.com\/product\/explosion-proof-cabinet\/","name":"Explosion-proof locker - SMILELAB","isPartOf":{"@id":"https:\/\/www.smile-labfurniture.com\/#website"},"primaryImageOfPage":{"@id":"https:\/\/www.smile-labfurniture.com\/product\/explosion-proof-cabinet\/#primaryimage"},"image":{"@id":"https:\/\/www.smile-labfurniture.com\/product\/explosion-proof-cabinet\/#primaryimage"},"thumbnailUrl":"https:\/\/www.smile-labfurniture.com\/wp-content\/uploads\/2025\/12\/fKDFOu7Pr.webp","datePublished":"2025-12-21T10:21:56+00:00","dateModified":"2026-02-02T07:13:17+00:00","breadcrumb":{"@id":"https:\/\/www.smile-labfurniture.com\/product\/explosion-proof-cabinet\/#breadcrumb"},"inLanguage":"pt-PT","potentialAction":[{"@type":"ReadAction","target":["https:\/\/www.smile-labfurniture.com\/product\/explosion-proof-cabinet\/"]}]},{"@type":"ImageObject","inLanguage":"pt-PT","@id":"https:\/\/www.smile-labfurniture.com\/product\/explosion-proof-cabinet\/#primaryimage","url":"https:\/\/www.smile-labfurniture.com\/wp-content\/uploads\/2025\/12\/fKDFOu7Pr.webp","contentUrl":"https:\/\/www.smile-labfurniture.com\/wp-content\/uploads\/2025\/12\/fKDFOu7Pr.webp","width":700,"height":700},{"@type":"BreadcrumbList","@id":"https:\/\/www.smile-labfurniture.com\/product\/explosion-proof-cabinet\/#breadcrumb","itemListElement":[{"@type":"ListItem","position":1,"name":"\u9996\u9875","item":"https:\/\/www.smile-labfurniture.com\/"},{"@type":"ListItem","position":2,"name":"Shop","item":"https:\/\/www.smile-labfurniture.com\/shop\/"},{"@type":"ListItem","position":3,"name":"Explosion-proof locker"}]},{"@type":"WebSite","@id":"https:\/\/www.smile-labfurniture.com\/#website","url":"https:\/\/www.smile-labfurniture.com\/","name":"SMILELAB","description":"","publisher":{"@id":"https:\/\/www.smile-labfurniture.com\/#organization"},"potentialAction":[{"@type":"SearchAction","target":{"@type":"EntryPoint","urlTemplate":"https:\/\/www.smile-labfurniture.com\/?s={search_term_string}"},"query-input":{"@type":"PropertyValueSpecification","valueRequired":true,"valueName":"search_term_string"}}],"inLanguage":"pt-PT"},{"@type":"Organization","@id":"https:\/\/www.smile-labfurniture.com\/#organization","name":"SMILELAB","url":"https:\/\/www.smile-labfurniture.com\/","logo":{"@type":"ImageObject","inLanguage":"pt-PT","@id":"https:\/\/www.smile-labfurniture.com\/#\/schema\/logo\/image\/","url":"https:\/\/www.smile-labfurniture.com\/wp-content\/uploads\/2020\/06\/QQ_1764744017650.png","contentUrl":"https:\/\/www.smile-labfurniture.com\/wp-content\/uploads\/2020\/06\/QQ_1764744017650.png","width":355,"height":48,"caption":"SMILELAB"},"image":{"@id":"https:\/\/www.smile-labfurniture.com\/#\/schema\/logo\/image\/"},"sameAs":["https:\/\/www.facebook.com\/share\/1DxYQBbYb1\/?mibextid=wwXIfr"]}]}},"_links":{"self":[{"href":"https:\/\/www.smile-labfurniture.com\/pt\/wp-json\/wp\/v2\/product\/5069","targetHints":{"allow":["GET"]}}],"collection":[{"href":"https:\/\/www.smile-labfurniture.com\/pt\/wp-json\/wp\/v2\/product"}],"about":[{"href":"https:\/\/www.smile-labfurniture.com\/pt\/wp-json\/wp\/v2\/types\/product"}],"replies":[{"embeddable":true,"href":"https:\/\/www.smile-labfurniture.com\/pt\/wp-json\/wp\/v2\/comments?post=5069"}],"wp:featuredmedia":[{"embeddable":true,"href":"https:\/\/www.smile-labfurniture.com\/pt\/wp-json\/wp\/v2\/media\/5192"}],"wp:attachment":[{"href":"https:\/\/www.smile-labfurniture.com\/pt\/wp-json\/wp\/v2\/media?parent=5069"}],"wp:term":[{"taxonomy":"product_cat","embeddable":true,"href":"https:\/\/www.smile-labfurniture.com\/pt\/wp-json\/wp\/v2\/product_cat?post=5069"},{"taxonomy":"product_tag","embeddable":true,"href":"https:\/\/www.smile-labfurniture.com\/pt\/wp-json\/wp\/v2\/product_tag?post=5069"},{"taxonomy":"product_brand","embeddable":true,"href":"https:\/\/www.smile-labfurniture.com\/pt\/wp-json\/wp\/v2\/product_brand?post=5069"}],"curies":[{"name":"wp","href":"https:\/\/api.w.org\/{rel}","templated":true}]}}