{"id":5060,"date":"2025-12-21T10:12:32","date_gmt":"2025-12-21T10:12:32","guid":{"rendered":"http:\/\/www.smile-labfurniture.com\/?post_type=product&#038;p=5060"},"modified":"2026-02-02T08:54:27","modified_gmt":"2026-02-02T08:54:27","slug":"purify-medicine-cabinet","status":"publish","type":"product","link":"https:\/\/www.smile-labfurniture.com\/pt\/produto\/purify-medicine-cabinet\/","title":{"rendered":"Purificar o arm\u00e1rio dos medicamentos"},"content":{"rendered":"<p>A. Carater\u00edsticas b\u00e1sicas dos arm\u00e1rios medicinais com purifica\u00e7\u00e3o de g\u00e1s<br \/>\n1. Capacidade de tratamento de ar: 240m\u00b3\/h<br \/>\n2. Volume do arm\u00e1rio: 0,61m\u00b3<br \/>\n3. Capacidade de armazenamento: 160 garrafas (500 ml por garrafa)<br \/>\n4. Tabuleiro de \u00e1gua: 6L<br \/>\n5. Capacidade de carga do laminado: 100 kg<br \/>\n6. Taxa de troca de ar: 410 vezes\/hora<br \/>\n7. Pot\u00eancia total: 30 watts<br \/>\n8. Corrente: 1,2A<br \/>\n9. Volume: \u226441,6dba<br \/>\n10. Tens\u00e3o\/frequ\u00eancia: 220V\/50Hz<br \/>\n11. Dimens\u00f5es (mm)<br \/>\n12. Interior: L33\u2033*D15\u2033*H63\u2033<br \/>\n13. Exterior: L35\u2033*D18\u2033*H71\u2033<br \/>\nB. Material do arm\u00e1rio de medicamentos com purifica\u00e7\u00e3o de g\u00e1s<br \/>\n1. Corpo do arm\u00e1rio: placa de a\u00e7o galvanizado de 1,2 mm, revestida com um revestimento de resina ep\u00f3xi resistente a \u00e1cidos e \u00e1lcalis, as pe\u00e7as de suporte de carga s\u00e3o feitas de a\u00e7o galvanizado com 3,0 mm de espessura<br \/>\n2. Corpo da porta: liga de alum\u00ednio incrustada com acr\u00edlico transparente de alta qualidade de 5 mm, com \u00edman permanente oculto no interior<br \/>\n3. Caixa de \u00e1cido clor\u00eddrico: Material PP para armazenar \u00e1cido forte (400*300*285mm)<br \/>\n4. Capacidade de armazenamento da caixa de \u00e1cido clor\u00eddrico: 12 garrafas\/500 ml<br \/>\n5. Etiquetas magn\u00e9ticas: identifica\u00e7\u00e3o do tipo de produto qu\u00edmico<br \/>\n6. Painel da porta da frente: porta \u00fanica, tamanho 800 de largura * 1735 mm de altura, liga de alum\u00ednio incrustada com painel de porta acr\u00edlico de alta qualidade em quatro lados (espessura total de 20 mm)<br \/>\n7. Puxador da porta: 4 estilos dispon\u00edveis (preto, branco, vertical, puxador grande)<br \/>\n8. Prateleiras ajust\u00e1veis: capacidade de carga de 50 kg, 4 prateleiras ajust\u00e1veis com orif\u00edcios de ventila\u00e7\u00e3o uniformes<br \/>\n9. Ecr\u00e3 LED: Ecr\u00e3 LED inteligente de grandes dimens\u00f5es que apresenta a temperatura no interior da cabina, a velocidade da ventoinha, a contagem decrescente da vida \u00fatil do filtro, a sa\u00edda do filtro e a concentra\u00e7\u00e3o de TVOC no ar interior (opcional)<br \/>\n10. Monitor de COV do ar interior: monitoriza\u00e7\u00e3o em linha, em tempo real e durante 24 horas, da concentra\u00e7\u00e3o de COVT no ar interior e visualiza\u00e7\u00e3o do valor em PPM. (opcional)<br \/>\n11. Alarme de monitoriza\u00e7\u00e3o da satura\u00e7\u00e3o do filtro: monitoriza\u00e7\u00e3o em linha, em tempo real e durante 24 horas, da concentra\u00e7\u00e3o de COVT \u00e0 sa\u00edda do filtro e visualiza\u00e7\u00e3o do valor em PPM (opcional)<br \/>\n12. Regula\u00e7\u00e3o da velocidade da ventoinha: A velocidade do ventilador pode ser ajustada manualmente para garantir a velocidade do vento<br \/>\n13. Tabuleiro de \u00e1gua: Capacidade de 15 L, fornecido com almofada de adsor\u00e7\u00e3o<br \/>\n14. Ventilador: corrente de 24 volts, ventilador importado dos Estados Unidos, desempenho est\u00e1vel, ultra-silencioso, motor sem escovas<br \/>\n15. Interface: Cabo de alimenta\u00e7\u00e3o com interfer\u00eancia anti-electromagn\u00e9tica.<br \/>\n16. M\u00f3dulo de filtragem: polipropileno (material PP)<br \/>\nC. Modelos opcionais de filtros purificadores de g\u00e1s para arm\u00e1rios de medicina:<br \/>\nFiltro do tipo YJ, principalmente para gases org\u00e2nicos<br \/>\nO filtro do tipo TY tem uma forte capacidade de adsor\u00e7\u00e3o de gases \u00e1cidos e gases org\u00e2nicos<br \/>\nO filtro HEPA, H14, \u00e9 um filtro de part\u00edculas com uma efici\u00eancia de filtragem de 99,995% para part\u00edculas superiores a 0,3\u03bcm.<\/p>\n<p>&nbsp;<\/p>\n<p><img loading=\"lazy\" decoding=\"async\" class=\"alignnone size-full wp-image-5197\" src=\"https:\/\/www.smile-labfurniture.com\/wp-content\/uploads\/2025\/12\/fKDFOu7Pr-1.webp\" alt=\"\" width=\"2000\" height=\"2000\" srcset=\"https:\/\/www.smile-labfurniture.com\/wp-content\/uploads\/2025\/12\/fKDFOu7Pr-1.webp 2000w, https:\/\/www.smile-labfurniture.com\/wp-content\/uploads\/2025\/12\/fKDFOu7Pr-1-300x300.webp 300w, https:\/\/www.smile-labfurniture.com\/wp-content\/uploads\/2025\/12\/fKDFOu7Pr-1-12x12.webp 12w\" sizes=\"auto, (max-width: 2000px) 100vw, 2000px\" \/><\/p>","protected":false},"excerpt":{"rendered":"<p>Pode personalizar as suas especifica\u00e7\u00f5es<\/p>","protected":false},"featured_media":5197,"comment_status":"closed","ping_status":"closed","template":"","meta":[],"product_cat":[105],"product_tag":[],"product_brand":[],"class_list":["post-5060","product","type-product","status-publish","has-post-thumbnail","hentry","product_cat-reagent-cabinet"],"yoast_head":"<!-- This site is optimized with the Yoast SEO plugin v26.6 - https:\/\/yoast.com\/wordpress\/plugins\/seo\/ -->\n<title>Purify medicine cabinet - SMILELAB<\/title>\n<meta name=\"robots\" content=\"index, follow, max-snippet:-1, max-image-preview:large, max-video-preview:-1\" \/>\n<link rel=\"canonical\" href=\"https:\/\/www.smile-labfurniture.com\/pt\/produto\/purify-medicine-cabinet\/\" \/>\n<meta property=\"og:locale\" content=\"pt_PT\" \/>\n<meta property=\"og:type\" content=\"article\" \/>\n<meta property=\"og:title\" content=\"Purify medicine cabinet - SMILELAB\" \/>\n<meta property=\"og:description\" content=\"Can customize your specifications\" \/>\n<meta property=\"og:url\" content=\"https:\/\/www.smile-labfurniture.com\/pt\/produto\/purify-medicine-cabinet\/\" \/>\n<meta property=\"og:site_name\" content=\"SMILELAB\" \/>\n<meta property=\"article:publisher\" content=\"https:\/\/www.facebook.com\/share\/1DxYQBbYb1\/?mibextid=wwXIfr\" \/>\n<meta property=\"article:modified_time\" content=\"2026-02-02T08:54:27+00:00\" \/>\n<meta property=\"og:image\" content=\"https:\/\/www.smile-labfurniture.com\/wp-content\/uploads\/2025\/12\/fKDFOu7Pr-1.webp\" \/>\n\t<meta property=\"og:image:width\" content=\"2000\" \/>\n\t<meta property=\"og:image:height\" content=\"2000\" \/>\n\t<meta property=\"og:image:type\" content=\"image\/webp\" \/>\n<meta name=\"twitter:card\" content=\"summary_large_image\" \/>\n<meta name=\"twitter:label1\" content=\"Tempo estimado de leitura\" \/>\n\t<meta name=\"twitter:data1\" content=\"2 minutos\" \/>\n<script type=\"application\/ld+json\" class=\"yoast-schema-graph\">{\"@context\":\"https:\/\/schema.org\",\"@graph\":[{\"@type\":\"WebPage\",\"@id\":\"https:\/\/www.smile-labfurniture.com\/product\/purify-medicine-cabinet\/\",\"url\":\"https:\/\/www.smile-labfurniture.com\/product\/purify-medicine-cabinet\/\",\"name\":\"Purify medicine cabinet - SMILELAB\",\"isPartOf\":{\"@id\":\"https:\/\/www.smile-labfurniture.com\/#website\"},\"primaryImageOfPage\":{\"@id\":\"https:\/\/www.smile-labfurniture.com\/product\/purify-medicine-cabinet\/#primaryimage\"},\"image\":{\"@id\":\"https:\/\/www.smile-labfurniture.com\/product\/purify-medicine-cabinet\/#primaryimage\"},\"thumbnailUrl\":\"https:\/\/www.smile-labfurniture.com\/wp-content\/uploads\/2025\/12\/fKDFOu7Pr-1.webp\",\"datePublished\":\"2025-12-21T10:12:32+00:00\",\"dateModified\":\"2026-02-02T08:54:27+00:00\",\"breadcrumb\":{\"@id\":\"https:\/\/www.smile-labfurniture.com\/product\/purify-medicine-cabinet\/#breadcrumb\"},\"inLanguage\":\"pt-PT\",\"potentialAction\":[{\"@type\":\"ReadAction\",\"target\":[\"https:\/\/www.smile-labfurniture.com\/product\/purify-medicine-cabinet\/\"]}]},{\"@type\":\"ImageObject\",\"inLanguage\":\"pt-PT\",\"@id\":\"https:\/\/www.smile-labfurniture.com\/product\/purify-medicine-cabinet\/#primaryimage\",\"url\":\"https:\/\/www.smile-labfurniture.com\/wp-content\/uploads\/2025\/12\/fKDFOu7Pr-1.webp\",\"contentUrl\":\"https:\/\/www.smile-labfurniture.com\/wp-content\/uploads\/2025\/12\/fKDFOu7Pr-1.webp\",\"width\":2000,\"height\":2000},{\"@type\":\"BreadcrumbList\",\"@id\":\"https:\/\/www.smile-labfurniture.com\/product\/purify-medicine-cabinet\/#breadcrumb\",\"itemListElement\":[{\"@type\":\"ListItem\",\"position\":1,\"name\":\"\u9996\u9875\",\"item\":\"https:\/\/www.smile-labfurniture.com\/\"},{\"@type\":\"ListItem\",\"position\":2,\"name\":\"Shop\",\"item\":\"https:\/\/www.smile-labfurniture.com\/shop\/\"},{\"@type\":\"ListItem\",\"position\":3,\"name\":\"Purify medicine cabinet\"}]},{\"@type\":\"WebSite\",\"@id\":\"https:\/\/www.smile-labfurniture.com\/#website\",\"url\":\"https:\/\/www.smile-labfurniture.com\/\",\"name\":\"SMILELAB\",\"description\":\"\",\"publisher\":{\"@id\":\"https:\/\/www.smile-labfurniture.com\/#organization\"},\"potentialAction\":[{\"@type\":\"SearchAction\",\"target\":{\"@type\":\"EntryPoint\",\"urlTemplate\":\"https:\/\/www.smile-labfurniture.com\/?s={search_term_string}\"},\"query-input\":{\"@type\":\"PropertyValueSpecification\",\"valueRequired\":true,\"valueName\":\"search_term_string\"}}],\"inLanguage\":\"pt-PT\"},{\"@type\":\"Organization\",\"@id\":\"https:\/\/www.smile-labfurniture.com\/#organization\",\"name\":\"SMILELAB\",\"url\":\"https:\/\/www.smile-labfurniture.com\/\",\"logo\":{\"@type\":\"ImageObject\",\"inLanguage\":\"pt-PT\",\"@id\":\"https:\/\/www.smile-labfurniture.com\/#\/schema\/logo\/image\/\",\"url\":\"https:\/\/www.smile-labfurniture.com\/wp-content\/uploads\/2020\/06\/QQ_1764744017650.png\",\"contentUrl\":\"https:\/\/www.smile-labfurniture.com\/wp-content\/uploads\/2020\/06\/QQ_1764744017650.png\",\"width\":355,\"height\":48,\"caption\":\"SMILELAB\"},\"image\":{\"@id\":\"https:\/\/www.smile-labfurniture.com\/#\/schema\/logo\/image\/\"},\"sameAs\":[\"https:\/\/www.facebook.com\/share\/1DxYQBbYb1\/?mibextid=wwXIfr\"]}]}<\/script>\n<!-- \/ Yoast SEO plugin. -->","yoast_head_json":{"title":"Purify medicine cabinet - SMILELAB","robots":{"index":"index","follow":"follow","max-snippet":"max-snippet:-1","max-image-preview":"max-image-preview:large","max-video-preview":"max-video-preview:-1"},"canonical":"https:\/\/www.smile-labfurniture.com\/pt\/produto\/purify-medicine-cabinet\/","og_locale":"pt_PT","og_type":"article","og_title":"Purify medicine cabinet - SMILELAB","og_description":"Can customize your specifications","og_url":"https:\/\/www.smile-labfurniture.com\/pt\/produto\/purify-medicine-cabinet\/","og_site_name":"SMILELAB","article_publisher":"https:\/\/www.facebook.com\/share\/1DxYQBbYb1\/?mibextid=wwXIfr","article_modified_time":"2026-02-02T08:54:27+00:00","og_image":[{"width":2000,"height":2000,"url":"https:\/\/www.smile-labfurniture.com\/wp-content\/uploads\/2025\/12\/fKDFOu7Pr-1.webp","type":"image\/webp"}],"twitter_card":"summary_large_image","twitter_misc":{"Tempo estimado de leitura":"2 minutos"},"schema":{"@context":"https:\/\/schema.org","@graph":[{"@type":"WebPage","@id":"https:\/\/www.smile-labfurniture.com\/product\/purify-medicine-cabinet\/","url":"https:\/\/www.smile-labfurniture.com\/product\/purify-medicine-cabinet\/","name":"Purify medicine cabinet - SMILELAB","isPartOf":{"@id":"https:\/\/www.smile-labfurniture.com\/#website"},"primaryImageOfPage":{"@id":"https:\/\/www.smile-labfurniture.com\/product\/purify-medicine-cabinet\/#primaryimage"},"image":{"@id":"https:\/\/www.smile-labfurniture.com\/product\/purify-medicine-cabinet\/#primaryimage"},"thumbnailUrl":"https:\/\/www.smile-labfurniture.com\/wp-content\/uploads\/2025\/12\/fKDFOu7Pr-1.webp","datePublished":"2025-12-21T10:12:32+00:00","dateModified":"2026-02-02T08:54:27+00:00","breadcrumb":{"@id":"https:\/\/www.smile-labfurniture.com\/product\/purify-medicine-cabinet\/#breadcrumb"},"inLanguage":"pt-PT","potentialAction":[{"@type":"ReadAction","target":["https:\/\/www.smile-labfurniture.com\/product\/purify-medicine-cabinet\/"]}]},{"@type":"ImageObject","inLanguage":"pt-PT","@id":"https:\/\/www.smile-labfurniture.com\/product\/purify-medicine-cabinet\/#primaryimage","url":"https:\/\/www.smile-labfurniture.com\/wp-content\/uploads\/2025\/12\/fKDFOu7Pr-1.webp","contentUrl":"https:\/\/www.smile-labfurniture.com\/wp-content\/uploads\/2025\/12\/fKDFOu7Pr-1.webp","width":2000,"height":2000},{"@type":"BreadcrumbList","@id":"https:\/\/www.smile-labfurniture.com\/product\/purify-medicine-cabinet\/#breadcrumb","itemListElement":[{"@type":"ListItem","position":1,"name":"\u9996\u9875","item":"https:\/\/www.smile-labfurniture.com\/"},{"@type":"ListItem","position":2,"name":"Shop","item":"https:\/\/www.smile-labfurniture.com\/shop\/"},{"@type":"ListItem","position":3,"name":"Purify medicine cabinet"}]},{"@type":"WebSite","@id":"https:\/\/www.smile-labfurniture.com\/#website","url":"https:\/\/www.smile-labfurniture.com\/","name":"SMILELAB","description":"","publisher":{"@id":"https:\/\/www.smile-labfurniture.com\/#organization"},"potentialAction":[{"@type":"SearchAction","target":{"@type":"EntryPoint","urlTemplate":"https:\/\/www.smile-labfurniture.com\/?s={search_term_string}"},"query-input":{"@type":"PropertyValueSpecification","valueRequired":true,"valueName":"search_term_string"}}],"inLanguage":"pt-PT"},{"@type":"Organization","@id":"https:\/\/www.smile-labfurniture.com\/#organization","name":"SMILELAB","url":"https:\/\/www.smile-labfurniture.com\/","logo":{"@type":"ImageObject","inLanguage":"pt-PT","@id":"https:\/\/www.smile-labfurniture.com\/#\/schema\/logo\/image\/","url":"https:\/\/www.smile-labfurniture.com\/wp-content\/uploads\/2020\/06\/QQ_1764744017650.png","contentUrl":"https:\/\/www.smile-labfurniture.com\/wp-content\/uploads\/2020\/06\/QQ_1764744017650.png","width":355,"height":48,"caption":"SMILELAB"},"image":{"@id":"https:\/\/www.smile-labfurniture.com\/#\/schema\/logo\/image\/"},"sameAs":["https:\/\/www.facebook.com\/share\/1DxYQBbYb1\/?mibextid=wwXIfr"]}]}},"_links":{"self":[{"href":"https:\/\/www.smile-labfurniture.com\/pt\/wp-json\/wp\/v2\/product\/5060","targetHints":{"allow":["GET"]}}],"collection":[{"href":"https:\/\/www.smile-labfurniture.com\/pt\/wp-json\/wp\/v2\/product"}],"about":[{"href":"https:\/\/www.smile-labfurniture.com\/pt\/wp-json\/wp\/v2\/types\/product"}],"replies":[{"embeddable":true,"href":"https:\/\/www.smile-labfurniture.com\/pt\/wp-json\/wp\/v2\/comments?post=5060"}],"wp:featuredmedia":[{"embeddable":true,"href":"https:\/\/www.smile-labfurniture.com\/pt\/wp-json\/wp\/v2\/media\/5197"}],"wp:attachment":[{"href":"https:\/\/www.smile-labfurniture.com\/pt\/wp-json\/wp\/v2\/media?parent=5060"}],"wp:term":[{"taxonomy":"product_cat","embeddable":true,"href":"https:\/\/www.smile-labfurniture.com\/pt\/wp-json\/wp\/v2\/product_cat?post=5060"},{"taxonomy":"product_tag","embeddable":true,"href":"https:\/\/www.smile-labfurniture.com\/pt\/wp-json\/wp\/v2\/product_tag?post=5060"},{"taxonomy":"product_brand","embeddable":true,"href":"https:\/\/www.smile-labfurniture.com\/pt\/wp-json\/wp\/v2\/product_brand?post=5060"}],"curies":[{"name":"wp","href":"https:\/\/api.w.org\/{rel}","templated":true}]}}