{"id":5051,"date":"2025-12-21T10:02:52","date_gmt":"2025-12-21T10:02:52","guid":{"rendered":"http:\/\/www.smile-labfurniture.com\/?post_type=product&#038;p=5051"},"modified":"2026-01-23T03:39:59","modified_gmt":"2026-01-23T03:39:59","slug":"floor-standing-fume-hood-effect","status":"publish","type":"product","link":"https:\/\/www.smile-labfurniture.com\/pt\/produto\/floor-standing-fume-hood-effect\/","title":{"rendered":"Exaustor de ch\u00e3o"},"content":{"rendered":"<p>Descri\u00e7\u00e3o da estrutura e do material do fabricante da hotte de exaust\u00e3o:<br \/>\n(1) A estrutura do exaustor de entrada \u00e9 de ch\u00e3o. Os pain\u00e9is frontais e laterais e os quadros do arm\u00e1rio s\u00e3o feitos de placas de a\u00e7o laminadas a frio de alta qualidade com 1,2MM de espessura. O tratamento de superf\u00edcie das placas de a\u00e7o \u00e9 fosfatado e depois pulverizado com pl\u00e1stico (cinzento claro).<br \/>\n(2) Os dois pain\u00e9is laterais no interior do arm\u00e1rio s\u00e3o feitos de a\u00e7o oco de camada dupla ou vidro de alta resist\u00eancia com 12MM de espessura. O painel superior e o painel traseiro s\u00e3o feitos de a\u00e7o, e a parte inferior do painel traseiro \u00e9 amov\u00edvel para facilitar a futura renova\u00e7\u00e3o e manuten\u00e7\u00e3o dos circuitos de \u00e1gua, eletricidade e g\u00e1s no arm\u00e1rio.<br \/>\n(3) A estrutura da porta da hotte de entrada \u00e9 uma porta deslizante horizontal feita de liga de alum\u00ednio. O tratamento de superf\u00edcie \u00e9 fosfatado e pulverizado (cinzento claro). O vidro da porta \u00e9 feito de vidro de seguran\u00e7a temperado com 5MM de espessura.<br \/>\n(4) O comprimento interior do exaustor de entrada = comprimento exterior-200MM, a largura interior = largura exterior-170MM, a altura interior = altura exterior-300.<br \/>\n(5) A fonte de luz \u00e9 uma l\u00e2mpada de teto de 100W \u00e0 prova de explos\u00e3o, que est\u00e1 completamente isolada do g\u00e1s no arm\u00e1rio.<br \/>\n(6) A tomada el\u00e9ctrica, o interrutor da ventoinha e o interrutor de ilumina\u00e7\u00e3o est\u00e3o todos colocados na coluna exterior. A configura\u00e7\u00e3o padr\u00e3o \u00e9 de 2 tomadas universais de seis furos de 10A + 2 tomadas de seis furos de 16A por unidade.<br \/>\n(7) A sa\u00edda de ar \u00e9 feita com tubo \u00d8315PVC e equipada com uma v\u00e1lvula de ajuste manual do volume de ar. Empresa fabricante de exaustores de entrada<\/p>\n<p><img loading=\"lazy\" decoding=\"async\" class=\"alignnone size-full wp-image-5052\" src=\"http:\/\/www.smile-labfurniture.com\/wp-content\/uploads\/2025\/12\/\u672a\u547d\u540d\u65b9\u6848-\u672a\u547d\u540d-20251206-114656.webp\" alt=\"\" width=\"7000\" height=\"5250\" \/><\/p>","protected":false},"excerpt":{"rendered":"<p>Pode personalizar as suas especifica\u00e7\u00f5es<\/p>","protected":false},"featured_media":5052,"comment_status":"closed","ping_status":"closed","template":"","meta":[],"product_cat":[104],"product_tag":[],"product_brand":[],"class_list":["post-5051","product","type-product","status-publish","has-post-thumbnail","hentry","product_cat-fume-hood"],"yoast_head":"<!-- This site is optimized with the Yoast SEO plugin v26.6 - https:\/\/yoast.com\/wordpress\/plugins\/seo\/ -->\n<title>Floor standing fume hood - SMILELAB<\/title>\n<meta name=\"robots\" content=\"index, follow, max-snippet:-1, max-image-preview:large, max-video-preview:-1\" \/>\n<link rel=\"canonical\" href=\"https:\/\/www.smile-labfurniture.com\/pt\/produto\/floor-standing-fume-hood-effect\/\" \/>\n<meta property=\"og:locale\" content=\"pt_PT\" \/>\n<meta property=\"og:type\" content=\"article\" \/>\n<meta property=\"og:title\" content=\"Floor standing fume hood - SMILELAB\" \/>\n<meta property=\"og:description\" content=\"Can customize your specifications\" \/>\n<meta property=\"og:url\" content=\"https:\/\/www.smile-labfurniture.com\/pt\/produto\/floor-standing-fume-hood-effect\/\" \/>\n<meta property=\"og:site_name\" content=\"SMILELAB\" \/>\n<meta property=\"article:publisher\" content=\"https:\/\/www.facebook.com\/share\/1DxYQBbYb1\/?mibextid=wwXIfr\" \/>\n<meta property=\"article:modified_time\" content=\"2026-01-23T03:39:59+00:00\" \/>\n<meta property=\"og:image\" content=\"https:\/\/www.smile-labfurniture.com\/wp-content\/uploads\/2025\/12\/\u672a\u547d\u540d\u65b9\u6848-\u672a\u547d\u540d-20251206-114656.webp\" \/>\n\t<meta property=\"og:image:width\" content=\"7000\" \/>\n\t<meta property=\"og:image:height\" content=\"5250\" \/>\n\t<meta property=\"og:image:type\" content=\"image\/webp\" \/>\n<meta name=\"twitter:card\" content=\"summary_large_image\" \/>\n<meta name=\"twitter:label1\" content=\"Tempo estimado de leitura\" \/>\n\t<meta name=\"twitter:data1\" content=\"2 minutos\" \/>\n<script type=\"application\/ld+json\" class=\"yoast-schema-graph\">{\"@context\":\"https:\/\/schema.org\",\"@graph\":[{\"@type\":\"WebPage\",\"@id\":\"https:\/\/www.smile-labfurniture.com\/product\/floor-standing-fume-hood-effect\/\",\"url\":\"https:\/\/www.smile-labfurniture.com\/product\/floor-standing-fume-hood-effect\/\",\"name\":\"Floor standing fume hood - SMILELAB\",\"isPartOf\":{\"@id\":\"https:\/\/www.smile-labfurniture.com\/#website\"},\"primaryImageOfPage\":{\"@id\":\"https:\/\/www.smile-labfurniture.com\/product\/floor-standing-fume-hood-effect\/#primaryimage\"},\"image\":{\"@id\":\"https:\/\/www.smile-labfurniture.com\/product\/floor-standing-fume-hood-effect\/#primaryimage\"},\"thumbnailUrl\":\"https:\/\/www.smile-labfurniture.com\/wp-content\/uploads\/2025\/12\/\u672a\u547d\u540d\u65b9\u6848-\u672a\u547d\u540d-20251206-114656.webp\",\"datePublished\":\"2025-12-21T10:02:52+00:00\",\"dateModified\":\"2026-01-23T03:39:59+00:00\",\"breadcrumb\":{\"@id\":\"https:\/\/www.smile-labfurniture.com\/product\/floor-standing-fume-hood-effect\/#breadcrumb\"},\"inLanguage\":\"pt-PT\",\"potentialAction\":[{\"@type\":\"ReadAction\",\"target\":[\"https:\/\/www.smile-labfurniture.com\/product\/floor-standing-fume-hood-effect\/\"]}]},{\"@type\":\"ImageObject\",\"inLanguage\":\"pt-PT\",\"@id\":\"https:\/\/www.smile-labfurniture.com\/product\/floor-standing-fume-hood-effect\/#primaryimage\",\"url\":\"https:\/\/www.smile-labfurniture.com\/wp-content\/uploads\/2025\/12\/\u672a\u547d\u540d\u65b9\u6848-\u672a\u547d\u540d-20251206-114656.webp\",\"contentUrl\":\"https:\/\/www.smile-labfurniture.com\/wp-content\/uploads\/2025\/12\/\u672a\u547d\u540d\u65b9\u6848-\u672a\u547d\u540d-20251206-114656.webp\",\"width\":7000,\"height\":5250},{\"@type\":\"BreadcrumbList\",\"@id\":\"https:\/\/www.smile-labfurniture.com\/product\/floor-standing-fume-hood-effect\/#breadcrumb\",\"itemListElement\":[{\"@type\":\"ListItem\",\"position\":1,\"name\":\"\u9996\u9875\",\"item\":\"https:\/\/www.smile-labfurniture.com\/\"},{\"@type\":\"ListItem\",\"position\":2,\"name\":\"Shop\",\"item\":\"https:\/\/www.smile-labfurniture.com\/shop\/\"},{\"@type\":\"ListItem\",\"position\":3,\"name\":\"Floor standing fume hood\"}]},{\"@type\":\"WebSite\",\"@id\":\"https:\/\/www.smile-labfurniture.com\/#website\",\"url\":\"https:\/\/www.smile-labfurniture.com\/\",\"name\":\"SMILELAB\",\"description\":\"\",\"publisher\":{\"@id\":\"https:\/\/www.smile-labfurniture.com\/#organization\"},\"potentialAction\":[{\"@type\":\"SearchAction\",\"target\":{\"@type\":\"EntryPoint\",\"urlTemplate\":\"https:\/\/www.smile-labfurniture.com\/?s={search_term_string}\"},\"query-input\":{\"@type\":\"PropertyValueSpecification\",\"valueRequired\":true,\"valueName\":\"search_term_string\"}}],\"inLanguage\":\"pt-PT\"},{\"@type\":\"Organization\",\"@id\":\"https:\/\/www.smile-labfurniture.com\/#organization\",\"name\":\"SMILELAB\",\"url\":\"https:\/\/www.smile-labfurniture.com\/\",\"logo\":{\"@type\":\"ImageObject\",\"inLanguage\":\"pt-PT\",\"@id\":\"https:\/\/www.smile-labfurniture.com\/#\/schema\/logo\/image\/\",\"url\":\"https:\/\/www.smile-labfurniture.com\/wp-content\/uploads\/2020\/06\/QQ_1764744017650.png\",\"contentUrl\":\"https:\/\/www.smile-labfurniture.com\/wp-content\/uploads\/2020\/06\/QQ_1764744017650.png\",\"width\":355,\"height\":48,\"caption\":\"SMILELAB\"},\"image\":{\"@id\":\"https:\/\/www.smile-labfurniture.com\/#\/schema\/logo\/image\/\"},\"sameAs\":[\"https:\/\/www.facebook.com\/share\/1DxYQBbYb1\/?mibextid=wwXIfr\"]}]}<\/script>\n<!-- \/ Yoast SEO plugin. -->","yoast_head_json":{"title":"Floor standing fume hood - SMILELAB","robots":{"index":"index","follow":"follow","max-snippet":"max-snippet:-1","max-image-preview":"max-image-preview:large","max-video-preview":"max-video-preview:-1"},"canonical":"https:\/\/www.smile-labfurniture.com\/pt\/produto\/floor-standing-fume-hood-effect\/","og_locale":"pt_PT","og_type":"article","og_title":"Floor standing fume hood - SMILELAB","og_description":"Can customize your specifications","og_url":"https:\/\/www.smile-labfurniture.com\/pt\/produto\/floor-standing-fume-hood-effect\/","og_site_name":"SMILELAB","article_publisher":"https:\/\/www.facebook.com\/share\/1DxYQBbYb1\/?mibextid=wwXIfr","article_modified_time":"2026-01-23T03:39:59+00:00","og_image":[{"width":7000,"height":5250,"url":"https:\/\/www.smile-labfurniture.com\/wp-content\/uploads\/2025\/12\/\u672a\u547d\u540d\u65b9\u6848-\u672a\u547d\u540d-20251206-114656.webp","type":"image\/webp"}],"twitter_card":"summary_large_image","twitter_misc":{"Tempo estimado de leitura":"2 minutos"},"schema":{"@context":"https:\/\/schema.org","@graph":[{"@type":"WebPage","@id":"https:\/\/www.smile-labfurniture.com\/product\/floor-standing-fume-hood-effect\/","url":"https:\/\/www.smile-labfurniture.com\/product\/floor-standing-fume-hood-effect\/","name":"Floor standing fume hood - SMILELAB","isPartOf":{"@id":"https:\/\/www.smile-labfurniture.com\/#website"},"primaryImageOfPage":{"@id":"https:\/\/www.smile-labfurniture.com\/product\/floor-standing-fume-hood-effect\/#primaryimage"},"image":{"@id":"https:\/\/www.smile-labfurniture.com\/product\/floor-standing-fume-hood-effect\/#primaryimage"},"thumbnailUrl":"https:\/\/www.smile-labfurniture.com\/wp-content\/uploads\/2025\/12\/\u672a\u547d\u540d\u65b9\u6848-\u672a\u547d\u540d-20251206-114656.webp","datePublished":"2025-12-21T10:02:52+00:00","dateModified":"2026-01-23T03:39:59+00:00","breadcrumb":{"@id":"https:\/\/www.smile-labfurniture.com\/product\/floor-standing-fume-hood-effect\/#breadcrumb"},"inLanguage":"pt-PT","potentialAction":[{"@type":"ReadAction","target":["https:\/\/www.smile-labfurniture.com\/product\/floor-standing-fume-hood-effect\/"]}]},{"@type":"ImageObject","inLanguage":"pt-PT","@id":"https:\/\/www.smile-labfurniture.com\/product\/floor-standing-fume-hood-effect\/#primaryimage","url":"https:\/\/www.smile-labfurniture.com\/wp-content\/uploads\/2025\/12\/\u672a\u547d\u540d\u65b9\u6848-\u672a\u547d\u540d-20251206-114656.webp","contentUrl":"https:\/\/www.smile-labfurniture.com\/wp-content\/uploads\/2025\/12\/\u672a\u547d\u540d\u65b9\u6848-\u672a\u547d\u540d-20251206-114656.webp","width":7000,"height":5250},{"@type":"BreadcrumbList","@id":"https:\/\/www.smile-labfurniture.com\/product\/floor-standing-fume-hood-effect\/#breadcrumb","itemListElement":[{"@type":"ListItem","position":1,"name":"\u9996\u9875","item":"https:\/\/www.smile-labfurniture.com\/"},{"@type":"ListItem","position":2,"name":"Shop","item":"https:\/\/www.smile-labfurniture.com\/shop\/"},{"@type":"ListItem","position":3,"name":"Floor standing fume hood"}]},{"@type":"WebSite","@id":"https:\/\/www.smile-labfurniture.com\/#website","url":"https:\/\/www.smile-labfurniture.com\/","name":"SMILELAB","description":"","publisher":{"@id":"https:\/\/www.smile-labfurniture.com\/#organization"},"potentialAction":[{"@type":"SearchAction","target":{"@type":"EntryPoint","urlTemplate":"https:\/\/www.smile-labfurniture.com\/?s={search_term_string}"},"query-input":{"@type":"PropertyValueSpecification","valueRequired":true,"valueName":"search_term_string"}}],"inLanguage":"pt-PT"},{"@type":"Organization","@id":"https:\/\/www.smile-labfurniture.com\/#organization","name":"SMILELAB","url":"https:\/\/www.smile-labfurniture.com\/","logo":{"@type":"ImageObject","inLanguage":"pt-PT","@id":"https:\/\/www.smile-labfurniture.com\/#\/schema\/logo\/image\/","url":"https:\/\/www.smile-labfurniture.com\/wp-content\/uploads\/2020\/06\/QQ_1764744017650.png","contentUrl":"https:\/\/www.smile-labfurniture.com\/wp-content\/uploads\/2020\/06\/QQ_1764744017650.png","width":355,"height":48,"caption":"SMILELAB"},"image":{"@id":"https:\/\/www.smile-labfurniture.com\/#\/schema\/logo\/image\/"},"sameAs":["https:\/\/www.facebook.com\/share\/1DxYQBbYb1\/?mibextid=wwXIfr"]}]}},"_links":{"self":[{"href":"https:\/\/www.smile-labfurniture.com\/pt\/wp-json\/wp\/v2\/product\/5051","targetHints":{"allow":["GET"]}}],"collection":[{"href":"https:\/\/www.smile-labfurniture.com\/pt\/wp-json\/wp\/v2\/product"}],"about":[{"href":"https:\/\/www.smile-labfurniture.com\/pt\/wp-json\/wp\/v2\/types\/product"}],"replies":[{"embeddable":true,"href":"https:\/\/www.smile-labfurniture.com\/pt\/wp-json\/wp\/v2\/comments?post=5051"}],"wp:featuredmedia":[{"embeddable":true,"href":"https:\/\/www.smile-labfurniture.com\/pt\/wp-json\/wp\/v2\/media\/5052"}],"wp:attachment":[{"href":"https:\/\/www.smile-labfurniture.com\/pt\/wp-json\/wp\/v2\/media?parent=5051"}],"wp:term":[{"taxonomy":"product_cat","embeddable":true,"href":"https:\/\/www.smile-labfurniture.com\/pt\/wp-json\/wp\/v2\/product_cat?post=5051"},{"taxonomy":"product_tag","embeddable":true,"href":"https:\/\/www.smile-labfurniture.com\/pt\/wp-json\/wp\/v2\/product_tag?post=5051"},{"taxonomy":"product_brand","embeddable":true,"href":"https:\/\/www.smile-labfurniture.com\/pt\/wp-json\/wp\/v2\/product_brand?post=5051"}],"curies":[{"name":"wp","href":"https:\/\/api.w.org\/{rel}","templated":true}]}}