{"id":5047,"date":"2025-12-21T09:59:55","date_gmt":"2025-12-21T09:59:55","guid":{"rendered":"http:\/\/www.smile-labfurniture.com\/?post_type=product&#038;p=5047"},"modified":"2026-01-23T03:40:55","modified_gmt":"2026-01-23T03:40:55","slug":"radiation-protection-fume-hood-effect","status":"publish","type":"product","link":"https:\/\/www.smile-labfurniture.com\/pt\/produto\/radiation-protection-fume-hood-effect\/","title":{"rendered":"Exaustor de prote\u00e7\u00e3o contra radia\u00e7\u00f5es"},"content":{"rendered":"<h2 style=\"text-align: center;\"><strong>Exaustor de prote\u00e7\u00e3o contra radia\u00e7\u00f5es m\u00e9dicas e radia\u00e7\u00f5es<\/strong><\/h2>\n<p>1. Cobertura da hotte de prote\u00e7\u00e3o contra radia\u00e7\u00f5es<\/p>\n<p>O inv\u00f3lucro \u00e9 feito de placa \u00e0 prova de radia\u00e7\u00e3o 304 de alta qualidade de 1,5 mm, que \u00e9 cortada, posicionada, perfurada, dobrada e soldada num centro de maquina\u00e7\u00e3o CNC. A superf\u00edcie \u00e9 lisa e n\u00e3o tem juntas de soldadura.<\/p>\n<p>2. Inv\u00f3lucro interior da hotte \u00e0 prova de radia\u00e7\u00e3o<\/p>\n<p>Utilizar uma placa de chumbo blindada de 10 mm.<\/p>\n<p>3. L\u00e2mpada fluorescente para capela de exaust\u00e3o \u00e0 prova de radia\u00e7\u00e3o<\/p>\n<p>A l\u00e2mpada fluorescente est\u00e1 escondida no painel e n\u00e3o entra em contacto com o fluxo de ar na hotte, o que facilita a sua substitui\u00e7\u00e3o. Utiliza uma l\u00e2mpada fluorescente de 30W e est\u00e1 equipada com vidro temperado de 5mm.<\/p>\n<p>4. Pega do exaustor \u00e0 prova de radia\u00e7\u00e3o<\/p>\n<p>Pega mate \u00e0 prova de radia\u00e7\u00e3o.<\/p>\n<p>5. Deflector do exaustor \u00e0 prova de radia\u00e7\u00f5es<\/p>\n<p>Fabricado em material resistente \u00e0 corros\u00e3o, cinzento, espec\u00edfico para laborat\u00f3rios, com 5 mm de espessura, resistente a \u00e1cidos, \u00e1lcalis e solventes org\u00e2nicos.<\/p>\n<p>6. Fonte de alimenta\u00e7\u00e3o do exaustor de prote\u00e7\u00e3o contra radia\u00e7\u00f5es<\/p>\n<p>Utilizar tomadas el\u00e9ctricas espec\u00edficas do laborat\u00f3rio.<\/p>\n<p>7. Janela do exaustor de prote\u00e7\u00e3o contra radia\u00e7\u00f5es<\/p>\n<p>O perfil de alum\u00ednio \u00e9 combinado com uma moldura de perfil de pl\u00e1stico. A janela \u00e9 feita de tr\u00eas pe\u00e7as de vidro de seguran\u00e7a de 5 mm, que podem ser movidas para a esquerda e para a direita. Tamb\u00e9m adopta um dispositivo de equil\u00edbrio cont\u00ednuo, que pode ser movido para cima e para baixo e ajustado livremente.<\/p>\n<p>8. P\u00e9s de regula\u00e7\u00e3o do exaustor anti-radia\u00e7\u00e3o<\/p>\n<p>Adopta p\u00e9s de ajuste moldados por inje\u00e7\u00e3o de \u03c610mm, que s\u00e3o \u00e0 prova de choque, \u00e0 prova de humidade e resistentes \u00e0 corros\u00e3o. A altura do arm\u00e1rio pode ser ajustada adequadamente de acordo com o piso interior, e a altura de ajuste \u00e9 de 0-30mm.<\/p>\n<p>9. Exaustor anti-radia\u00e7\u00e3o coletor de g\u00e1s<\/p>\n<p>Feito de material PP.<\/p>\n<p>10. Caixa de distribui\u00e7\u00e3o da hotte de prote\u00e7\u00e3o contra radia\u00e7\u00f5es<\/p>\n<p>Satisfaz os requisitos de alimenta\u00e7\u00e3o de 220V e 380V e possui dispositivos de prote\u00e7\u00e3o contra fugas e do motor.<\/p>\n<p>11. Interruptor de controlo do exaustor de prote\u00e7\u00e3o contra radia\u00e7\u00f5es<\/p>\n<p>Interruptor t\u00e1til de 12V, controlo centralizado de todo o sistema de circuitos<\/p>\n<p>12. Tecnologia de exaustores de prote\u00e7\u00e3o contra radia\u00e7\u00f5es<\/p>\n<p>Ap\u00f3s a soldadura e o polimento, todos os pain\u00e9is \u00e0 prova de radia\u00e7\u00e3o s\u00e3o visualmente lisos e n\u00e3o t\u00eam juntas de soldadura. Todos os circuitos de \u00e1gua, eletricidade e g\u00e1s devem ser seguros, adequados e instalados de forma oculta. Prever orif\u00edcios de manuten\u00e7\u00e3o no painel traseiro do arm\u00e1rio.<\/p>\n<p>13. Deflectores de prote\u00e7\u00e3o contra radia\u00e7\u00f5es da hotte (tr\u00eas pe\u00e7as)<\/p>\n<p>Os gases nocivos em espa\u00e7os a diferentes alturas s\u00e3o descarregados de diferentes sec\u00e7\u00f5es. A hotte descarrega o ar na hotte a uma velocidade do vento na superf\u00edcie de funcionamento de 0,5m\/s para garantir que n\u00e3o existe g\u00e1s residual. A efici\u00eancia da ventila\u00e7\u00e3o \u00e9 elevada, o volume de exaust\u00e3o \u00e9 de cerca de 1600m3\/h e o ru\u00eddo \u00e9 baixo.<\/p>\n<p>14. Arm\u00e1rio inferior da hotte de extra\u00e7\u00e3o de fumos \u00e0 prova de radia\u00e7\u00f5es (arm\u00e1rio de base geral), painel da porta<\/p>\n<p>Fabricado em cart\u00e3o 304 \u00e0 prova de radia\u00e7\u00e3o de 1,2 mm de alta qualidade (camada dupla), liga\u00e7\u00e3o sem soldadura e almofada amov\u00edvel para absor\u00e7\u00e3o de choques. \u00c9 formada num centro de maquina\u00e7\u00e3o CNC, cortada, posicionada e perfurada, dobrada e soldada. Fabricantes de capelas de exaust\u00e3o<\/p>\n<p><img loading=\"lazy\" decoding=\"async\" class=\"alignnone size-full wp-image-5049\" src=\"http:\/\/www.smile-labfurniture.com\/wp-content\/uploads\/2025\/12\/48f73cf60d33afc38ac5c0c62b5872a8.webp\" alt=\"\" width=\"1706\" height=\"1280\" \/><\/p>","protected":false},"excerpt":{"rendered":"<p>Pode personalizar as suas especifica\u00e7\u00f5es<\/p>","protected":false},"featured_media":5049,"comment_status":"closed","ping_status":"closed","template":"","meta":[],"product_cat":[104],"product_tag":[],"product_brand":[],"class_list":["post-5047","product","type-product","status-publish","has-post-thumbnail","hentry","product_cat-fume-hood"],"yoast_head":"<!-- This site is optimized with the Yoast SEO plugin v26.6 - https:\/\/yoast.com\/wordpress\/plugins\/seo\/ -->\n<title>Radiation protection fume hood - SMILELAB<\/title>\n<meta name=\"robots\" content=\"index, follow, max-snippet:-1, max-image-preview:large, max-video-preview:-1\" \/>\n<link rel=\"canonical\" href=\"https:\/\/www.smile-labfurniture.com\/pt\/produto\/radiation-protection-fume-hood-effect\/\" \/>\n<meta property=\"og:locale\" content=\"pt_PT\" \/>\n<meta property=\"og:type\" content=\"article\" \/>\n<meta property=\"og:title\" content=\"Radiation protection fume hood - SMILELAB\" \/>\n<meta property=\"og:description\" content=\"Can customize your specifications\" \/>\n<meta property=\"og:url\" content=\"https:\/\/www.smile-labfurniture.com\/pt\/produto\/radiation-protection-fume-hood-effect\/\" \/>\n<meta property=\"og:site_name\" content=\"SMILELAB\" \/>\n<meta property=\"article:publisher\" content=\"https:\/\/www.facebook.com\/share\/1DxYQBbYb1\/?mibextid=wwXIfr\" \/>\n<meta property=\"article:modified_time\" content=\"2026-01-23T03:40:55+00:00\" \/>\n<meta property=\"og:image\" content=\"https:\/\/www.smile-labfurniture.com\/wp-content\/uploads\/2025\/12\/48f73cf60d33afc38ac5c0c62b5872a8.webp\" \/>\n\t<meta property=\"og:image:width\" content=\"1706\" \/>\n\t<meta property=\"og:image:height\" content=\"1280\" \/>\n\t<meta property=\"og:image:type\" content=\"image\/webp\" \/>\n<meta name=\"twitter:card\" content=\"summary_large_image\" \/>\n<meta name=\"twitter:label1\" content=\"Tempo estimado de leitura\" \/>\n\t<meta name=\"twitter:data1\" content=\"3 minutos\" \/>\n<script type=\"application\/ld+json\" class=\"yoast-schema-graph\">{\"@context\":\"https:\/\/schema.org\",\"@graph\":[{\"@type\":\"WebPage\",\"@id\":\"https:\/\/www.smile-labfurniture.com\/product\/radiation-protection-fume-hood-effect\/\",\"url\":\"https:\/\/www.smile-labfurniture.com\/product\/radiation-protection-fume-hood-effect\/\",\"name\":\"Radiation protection fume hood - SMILELAB\",\"isPartOf\":{\"@id\":\"https:\/\/www.smile-labfurniture.com\/#website\"},\"primaryImageOfPage\":{\"@id\":\"https:\/\/www.smile-labfurniture.com\/product\/radiation-protection-fume-hood-effect\/#primaryimage\"},\"image\":{\"@id\":\"https:\/\/www.smile-labfurniture.com\/product\/radiation-protection-fume-hood-effect\/#primaryimage\"},\"thumbnailUrl\":\"https:\/\/www.smile-labfurniture.com\/wp-content\/uploads\/2025\/12\/48f73cf60d33afc38ac5c0c62b5872a8.webp\",\"datePublished\":\"2025-12-21T09:59:55+00:00\",\"dateModified\":\"2026-01-23T03:40:55+00:00\",\"breadcrumb\":{\"@id\":\"https:\/\/www.smile-labfurniture.com\/product\/radiation-protection-fume-hood-effect\/#breadcrumb\"},\"inLanguage\":\"pt-PT\",\"potentialAction\":[{\"@type\":\"ReadAction\",\"target\":[\"https:\/\/www.smile-labfurniture.com\/product\/radiation-protection-fume-hood-effect\/\"]}]},{\"@type\":\"ImageObject\",\"inLanguage\":\"pt-PT\",\"@id\":\"https:\/\/www.smile-labfurniture.com\/product\/radiation-protection-fume-hood-effect\/#primaryimage\",\"url\":\"https:\/\/www.smile-labfurniture.com\/wp-content\/uploads\/2025\/12\/48f73cf60d33afc38ac5c0c62b5872a8.webp\",\"contentUrl\":\"https:\/\/www.smile-labfurniture.com\/wp-content\/uploads\/2025\/12\/48f73cf60d33afc38ac5c0c62b5872a8.webp\",\"width\":1706,\"height\":1280},{\"@type\":\"BreadcrumbList\",\"@id\":\"https:\/\/www.smile-labfurniture.com\/product\/radiation-protection-fume-hood-effect\/#breadcrumb\",\"itemListElement\":[{\"@type\":\"ListItem\",\"position\":1,\"name\":\"\u9996\u9875\",\"item\":\"https:\/\/www.smile-labfurniture.com\/\"},{\"@type\":\"ListItem\",\"position\":2,\"name\":\"Shop\",\"item\":\"https:\/\/www.smile-labfurniture.com\/shop\/\"},{\"@type\":\"ListItem\",\"position\":3,\"name\":\"Radiation protection fume hood\"}]},{\"@type\":\"WebSite\",\"@id\":\"https:\/\/www.smile-labfurniture.com\/#website\",\"url\":\"https:\/\/www.smile-labfurniture.com\/\",\"name\":\"SMILELAB\",\"description\":\"\",\"publisher\":{\"@id\":\"https:\/\/www.smile-labfurniture.com\/#organization\"},\"potentialAction\":[{\"@type\":\"SearchAction\",\"target\":{\"@type\":\"EntryPoint\",\"urlTemplate\":\"https:\/\/www.smile-labfurniture.com\/?s={search_term_string}\"},\"query-input\":{\"@type\":\"PropertyValueSpecification\",\"valueRequired\":true,\"valueName\":\"search_term_string\"}}],\"inLanguage\":\"pt-PT\"},{\"@type\":\"Organization\",\"@id\":\"https:\/\/www.smile-labfurniture.com\/#organization\",\"name\":\"SMILELAB\",\"url\":\"https:\/\/www.smile-labfurniture.com\/\",\"logo\":{\"@type\":\"ImageObject\",\"inLanguage\":\"pt-PT\",\"@id\":\"https:\/\/www.smile-labfurniture.com\/#\/schema\/logo\/image\/\",\"url\":\"https:\/\/www.smile-labfurniture.com\/wp-content\/uploads\/2020\/06\/QQ_1764744017650.png\",\"contentUrl\":\"https:\/\/www.smile-labfurniture.com\/wp-content\/uploads\/2020\/06\/QQ_1764744017650.png\",\"width\":355,\"height\":48,\"caption\":\"SMILELAB\"},\"image\":{\"@id\":\"https:\/\/www.smile-labfurniture.com\/#\/schema\/logo\/image\/\"},\"sameAs\":[\"https:\/\/www.facebook.com\/share\/1DxYQBbYb1\/?mibextid=wwXIfr\"]}]}<\/script>\n<!-- \/ Yoast SEO plugin. -->","yoast_head_json":{"title":"Radiation protection fume hood - SMILELAB","robots":{"index":"index","follow":"follow","max-snippet":"max-snippet:-1","max-image-preview":"max-image-preview:large","max-video-preview":"max-video-preview:-1"},"canonical":"https:\/\/www.smile-labfurniture.com\/pt\/produto\/radiation-protection-fume-hood-effect\/","og_locale":"pt_PT","og_type":"article","og_title":"Radiation protection fume hood - SMILELAB","og_description":"Can customize your specifications","og_url":"https:\/\/www.smile-labfurniture.com\/pt\/produto\/radiation-protection-fume-hood-effect\/","og_site_name":"SMILELAB","article_publisher":"https:\/\/www.facebook.com\/share\/1DxYQBbYb1\/?mibextid=wwXIfr","article_modified_time":"2026-01-23T03:40:55+00:00","og_image":[{"width":1706,"height":1280,"url":"https:\/\/www.smile-labfurniture.com\/wp-content\/uploads\/2025\/12\/48f73cf60d33afc38ac5c0c62b5872a8.webp","type":"image\/webp"}],"twitter_card":"summary_large_image","twitter_misc":{"Tempo estimado de leitura":"3 minutos"},"schema":{"@context":"https:\/\/schema.org","@graph":[{"@type":"WebPage","@id":"https:\/\/www.smile-labfurniture.com\/product\/radiation-protection-fume-hood-effect\/","url":"https:\/\/www.smile-labfurniture.com\/product\/radiation-protection-fume-hood-effect\/","name":"Radiation protection fume hood - SMILELAB","isPartOf":{"@id":"https:\/\/www.smile-labfurniture.com\/#website"},"primaryImageOfPage":{"@id":"https:\/\/www.smile-labfurniture.com\/product\/radiation-protection-fume-hood-effect\/#primaryimage"},"image":{"@id":"https:\/\/www.smile-labfurniture.com\/product\/radiation-protection-fume-hood-effect\/#primaryimage"},"thumbnailUrl":"https:\/\/www.smile-labfurniture.com\/wp-content\/uploads\/2025\/12\/48f73cf60d33afc38ac5c0c62b5872a8.webp","datePublished":"2025-12-21T09:59:55+00:00","dateModified":"2026-01-23T03:40:55+00:00","breadcrumb":{"@id":"https:\/\/www.smile-labfurniture.com\/product\/radiation-protection-fume-hood-effect\/#breadcrumb"},"inLanguage":"pt-PT","potentialAction":[{"@type":"ReadAction","target":["https:\/\/www.smile-labfurniture.com\/product\/radiation-protection-fume-hood-effect\/"]}]},{"@type":"ImageObject","inLanguage":"pt-PT","@id":"https:\/\/www.smile-labfurniture.com\/product\/radiation-protection-fume-hood-effect\/#primaryimage","url":"https:\/\/www.smile-labfurniture.com\/wp-content\/uploads\/2025\/12\/48f73cf60d33afc38ac5c0c62b5872a8.webp","contentUrl":"https:\/\/www.smile-labfurniture.com\/wp-content\/uploads\/2025\/12\/48f73cf60d33afc38ac5c0c62b5872a8.webp","width":1706,"height":1280},{"@type":"BreadcrumbList","@id":"https:\/\/www.smile-labfurniture.com\/product\/radiation-protection-fume-hood-effect\/#breadcrumb","itemListElement":[{"@type":"ListItem","position":1,"name":"\u9996\u9875","item":"https:\/\/www.smile-labfurniture.com\/"},{"@type":"ListItem","position":2,"name":"Shop","item":"https:\/\/www.smile-labfurniture.com\/shop\/"},{"@type":"ListItem","position":3,"name":"Radiation protection fume hood"}]},{"@type":"WebSite","@id":"https:\/\/www.smile-labfurniture.com\/#website","url":"https:\/\/www.smile-labfurniture.com\/","name":"SMILELAB","description":"","publisher":{"@id":"https:\/\/www.smile-labfurniture.com\/#organization"},"potentialAction":[{"@type":"SearchAction","target":{"@type":"EntryPoint","urlTemplate":"https:\/\/www.smile-labfurniture.com\/?s={search_term_string}"},"query-input":{"@type":"PropertyValueSpecification","valueRequired":true,"valueName":"search_term_string"}}],"inLanguage":"pt-PT"},{"@type":"Organization","@id":"https:\/\/www.smile-labfurniture.com\/#organization","name":"SMILELAB","url":"https:\/\/www.smile-labfurniture.com\/","logo":{"@type":"ImageObject","inLanguage":"pt-PT","@id":"https:\/\/www.smile-labfurniture.com\/#\/schema\/logo\/image\/","url":"https:\/\/www.smile-labfurniture.com\/wp-content\/uploads\/2020\/06\/QQ_1764744017650.png","contentUrl":"https:\/\/www.smile-labfurniture.com\/wp-content\/uploads\/2020\/06\/QQ_1764744017650.png","width":355,"height":48,"caption":"SMILELAB"},"image":{"@id":"https:\/\/www.smile-labfurniture.com\/#\/schema\/logo\/image\/"},"sameAs":["https:\/\/www.facebook.com\/share\/1DxYQBbYb1\/?mibextid=wwXIfr"]}]}},"_links":{"self":[{"href":"https:\/\/www.smile-labfurniture.com\/pt\/wp-json\/wp\/v2\/product\/5047","targetHints":{"allow":["GET"]}}],"collection":[{"href":"https:\/\/www.smile-labfurniture.com\/pt\/wp-json\/wp\/v2\/product"}],"about":[{"href":"https:\/\/www.smile-labfurniture.com\/pt\/wp-json\/wp\/v2\/types\/product"}],"replies":[{"embeddable":true,"href":"https:\/\/www.smile-labfurniture.com\/pt\/wp-json\/wp\/v2\/comments?post=5047"}],"wp:featuredmedia":[{"embeddable":true,"href":"https:\/\/www.smile-labfurniture.com\/pt\/wp-json\/wp\/v2\/media\/5049"}],"wp:attachment":[{"href":"https:\/\/www.smile-labfurniture.com\/pt\/wp-json\/wp\/v2\/media?parent=5047"}],"wp:term":[{"taxonomy":"product_cat","embeddable":true,"href":"https:\/\/www.smile-labfurniture.com\/pt\/wp-json\/wp\/v2\/product_cat?post=5047"},{"taxonomy":"product_tag","embeddable":true,"href":"https:\/\/www.smile-labfurniture.com\/pt\/wp-json\/wp\/v2\/product_tag?post=5047"},{"taxonomy":"product_brand","embeddable":true,"href":"https:\/\/www.smile-labfurniture.com\/pt\/wp-json\/wp\/v2\/product_brand?post=5047"}],"curies":[{"name":"wp","href":"https:\/\/api.w.org\/{rel}","templated":true}]}}