{"id":5044,"date":"2025-12-21T09:55:01","date_gmt":"2025-12-21T09:55:01","guid":{"rendered":"http:\/\/www.smile-labfurniture.com\/?post_type=product&#038;p=5044"},"modified":"2026-01-23T03:42:02","modified_gmt":"2026-01-23T03:42:02","slug":"pp-fume-hood-effect","status":"publish","type":"product","link":"https:\/\/www.smile-labfurniture.com\/pt\/produto\/pp-fume-hood-effect\/","title":{"rendered":"Exaustor PP \u00e1cido-base"},"content":{"rendered":"<h2 style=\"text-align: center;\">Descri\u00e7\u00e3o do produto<\/h2>\n<p>1. Gabinete: Feito de PP branco de porcelana importado com uma espessura de 8-12 mm (inclusive), com excelente resist\u00eancia a \u00e1cidos e \u00e1lcalis. Depois de um corte e processamento CNC precisos, as varas de soldadura da mesma cor e homog\u00e9neas s\u00e3o soldadas e modificadas, e a superf\u00edcie n\u00e3o tem \u00e2ngulos agudos.<br \/>\n2. Arm\u00e1rio superior: O arm\u00e1rio de exaust\u00e3o adota um design de exaust\u00e3o superior e \u00e9 projetado com uma sa\u00edda de exaust\u00e3o de \u222e250mm. O defletor \u00e9 feito de material PP homog\u00eaneo e tem excelente resist\u00eancia a \u00e1cidos e \u00e1lcalis. O tamanho da instala\u00e7\u00e3o \u00e9 cient\u00edfico e razo\u00e1vel, e n\u00e3o h\u00e1 cantos mortos de fluxo de ar para alcan\u00e7ar o desempenho de captura de gases de escape.<br \/>\n3. Arm\u00e1rio inferior: arm\u00e1rio de arruma\u00e7\u00e3o com uma divis\u00f3ria no meio. A dobradi\u00e7a \u00e9 feita de pl\u00e1stico preto, que tem boa resist\u00eancia \u00e0 corros\u00e3o. O puxador \u00e9 feito de um puxador PP homog\u00e9neo tipo C.<br \/>\nBancada de funcionamento: A bancada \u00e9 feita de placa PP de 12 mm importada, que tem uma excelente resist\u00eancia a \u00e1cidos e \u00e1lcalis. Os lavat\u00f3rios de bancada de ventila\u00e7\u00e3o s\u00e3o configurados de acordo com os requisitos do utilizador.<br \/>\n4. Porta de regula\u00e7\u00e3o:<br \/>\na. Vidro ajust\u00e1vel da porta: Fabricado em vidro acr\u00edlico transparente com 4 mm de espessura e excelente resist\u00eancia a \u00e1cidos e \u00e1lcalis.<br \/>\nb. Ajustar a moldura da porta: Trata-se de uma ranhura em forma de C em chapa de PP branca de porcelana espessa, embutida e combinada para garantir a seguran\u00e7a e a durabilidade.<br \/>\nc. Cabo de a\u00e7o de suspens\u00e3o da porta de regula\u00e7\u00e3o: O cabo de a\u00e7o da porta de regula\u00e7\u00e3o de cada hotte est\u00e1 ligado.<br \/>\nd. Ajustar o peso de equil\u00edbrio da porta: Adopta um design de caixa de peso sem segmentos, e os seus cursos superior e inferior s\u00e3o limitados por calhas silenciosas para evitar aban\u00f5es e colis\u00f5es.<br \/>\n5. Equipamento el\u00e9trico:<br \/>\na. Interruptor: interrutor de bloqueio autom\u00e1tico do tipo bot\u00e3o com luz, incluindo o interrutor da ventoinha, o interrutor de ilumina\u00e7\u00e3o e o interrutor de alimenta\u00e7\u00e3o principal.<br \/>\nb. Equipamento de ilumina\u00e7\u00e3o: l\u00e2mpadas \u00e0 prova de tr\u00eas provas, com 220v*20w*2 no interior do abajur<br \/>\nc. Parte das tomadas: Cada hotte de Pequim est\u00e1 equipada com 2 tomadas de corrente 220V10A com tampas \u00e0 prova de salpicos.<\/p>\n<p><img loading=\"lazy\" decoding=\"async\" class=\"alignnone size-full wp-image-5045\" src=\"http:\/\/www.smile-labfurniture.com\/wp-content\/uploads\/2025\/12\/111.webp\" alt=\"\" width=\"1000\" height=\"1000\" srcset=\"https:\/\/www.smile-labfurniture.com\/wp-content\/uploads\/2025\/12\/111.webp 1000w, https:\/\/www.smile-labfurniture.com\/wp-content\/uploads\/2025\/12\/111-300x300.webp 300w\" sizes=\"auto, (max-width: 1000px) 100vw, 1000px\" \/><\/p>","protected":false},"excerpt":{"rendered":"<p>Pode personalizar as suas especifica\u00e7\u00f5es<\/p>","protected":false},"featured_media":5045,"comment_status":"closed","ping_status":"closed","template":"","meta":[],"product_cat":[104],"product_tag":[],"product_brand":[],"class_list":["post-5044","product","type-product","status-publish","has-post-thumbnail","hentry","product_cat-fume-hood"],"yoast_head":"<!-- This site is optimized with the Yoast SEO plugin v26.6 - https:\/\/yoast.com\/wordpress\/plugins\/seo\/ -->\n<title>PP acid-base fume hood - SMILELAB<\/title>\n<meta name=\"robots\" content=\"index, follow, max-snippet:-1, max-image-preview:large, max-video-preview:-1\" \/>\n<link rel=\"canonical\" href=\"https:\/\/www.smile-labfurniture.com\/pt\/produto\/pp-fume-hood-effect\/\" \/>\n<meta property=\"og:locale\" content=\"pt_PT\" \/>\n<meta property=\"og:type\" content=\"article\" \/>\n<meta property=\"og:title\" content=\"PP acid-base fume hood - SMILELAB\" \/>\n<meta property=\"og:description\" content=\"Can customize your specifications\" \/>\n<meta property=\"og:url\" content=\"https:\/\/www.smile-labfurniture.com\/pt\/produto\/pp-fume-hood-effect\/\" \/>\n<meta property=\"og:site_name\" content=\"SMILELAB\" \/>\n<meta property=\"article:publisher\" content=\"https:\/\/www.facebook.com\/share\/1DxYQBbYb1\/?mibextid=wwXIfr\" \/>\n<meta property=\"article:modified_time\" content=\"2026-01-23T03:42:02+00:00\" \/>\n<meta property=\"og:image\" content=\"https:\/\/www.smile-labfurniture.com\/wp-content\/uploads\/2025\/12\/111.webp\" \/>\n\t<meta property=\"og:image:width\" content=\"1000\" \/>\n\t<meta property=\"og:image:height\" content=\"1000\" \/>\n\t<meta property=\"og:image:type\" content=\"image\/webp\" \/>\n<meta name=\"twitter:card\" content=\"summary_large_image\" \/>\n<meta name=\"twitter:label1\" content=\"Tempo estimado de leitura\" \/>\n\t<meta name=\"twitter:data1\" content=\"3 minutos\" \/>\n<script type=\"application\/ld+json\" class=\"yoast-schema-graph\">{\"@context\":\"https:\/\/schema.org\",\"@graph\":[{\"@type\":\"WebPage\",\"@id\":\"https:\/\/www.smile-labfurniture.com\/product\/pp-fume-hood-effect\/\",\"url\":\"https:\/\/www.smile-labfurniture.com\/product\/pp-fume-hood-effect\/\",\"name\":\"PP acid-base fume hood - SMILELAB\",\"isPartOf\":{\"@id\":\"https:\/\/www.smile-labfurniture.com\/#website\"},\"primaryImageOfPage\":{\"@id\":\"https:\/\/www.smile-labfurniture.com\/product\/pp-fume-hood-effect\/#primaryimage\"},\"image\":{\"@id\":\"https:\/\/www.smile-labfurniture.com\/product\/pp-fume-hood-effect\/#primaryimage\"},\"thumbnailUrl\":\"https:\/\/www.smile-labfurniture.com\/wp-content\/uploads\/2025\/12\/111.webp\",\"datePublished\":\"2025-12-21T09:55:01+00:00\",\"dateModified\":\"2026-01-23T03:42:02+00:00\",\"breadcrumb\":{\"@id\":\"https:\/\/www.smile-labfurniture.com\/product\/pp-fume-hood-effect\/#breadcrumb\"},\"inLanguage\":\"pt-PT\",\"potentialAction\":[{\"@type\":\"ReadAction\",\"target\":[\"https:\/\/www.smile-labfurniture.com\/product\/pp-fume-hood-effect\/\"]}]},{\"@type\":\"ImageObject\",\"inLanguage\":\"pt-PT\",\"@id\":\"https:\/\/www.smile-labfurniture.com\/product\/pp-fume-hood-effect\/#primaryimage\",\"url\":\"https:\/\/www.smile-labfurniture.com\/wp-content\/uploads\/2025\/12\/111.webp\",\"contentUrl\":\"https:\/\/www.smile-labfurniture.com\/wp-content\/uploads\/2025\/12\/111.webp\",\"width\":1000,\"height\":1000},{\"@type\":\"BreadcrumbList\",\"@id\":\"https:\/\/www.smile-labfurniture.com\/product\/pp-fume-hood-effect\/#breadcrumb\",\"itemListElement\":[{\"@type\":\"ListItem\",\"position\":1,\"name\":\"\u9996\u9875\",\"item\":\"https:\/\/www.smile-labfurniture.com\/\"},{\"@type\":\"ListItem\",\"position\":2,\"name\":\"Shop\",\"item\":\"https:\/\/www.smile-labfurniture.com\/shop\/\"},{\"@type\":\"ListItem\",\"position\":3,\"name\":\"PP acid-base fume hood\"}]},{\"@type\":\"WebSite\",\"@id\":\"https:\/\/www.smile-labfurniture.com\/#website\",\"url\":\"https:\/\/www.smile-labfurniture.com\/\",\"name\":\"SMILELAB\",\"description\":\"\",\"publisher\":{\"@id\":\"https:\/\/www.smile-labfurniture.com\/#organization\"},\"potentialAction\":[{\"@type\":\"SearchAction\",\"target\":{\"@type\":\"EntryPoint\",\"urlTemplate\":\"https:\/\/www.smile-labfurniture.com\/?s={search_term_string}\"},\"query-input\":{\"@type\":\"PropertyValueSpecification\",\"valueRequired\":true,\"valueName\":\"search_term_string\"}}],\"inLanguage\":\"pt-PT\"},{\"@type\":\"Organization\",\"@id\":\"https:\/\/www.smile-labfurniture.com\/#organization\",\"name\":\"SMILELAB\",\"url\":\"https:\/\/www.smile-labfurniture.com\/\",\"logo\":{\"@type\":\"ImageObject\",\"inLanguage\":\"pt-PT\",\"@id\":\"https:\/\/www.smile-labfurniture.com\/#\/schema\/logo\/image\/\",\"url\":\"https:\/\/www.smile-labfurniture.com\/wp-content\/uploads\/2020\/06\/QQ_1764744017650.png\",\"contentUrl\":\"https:\/\/www.smile-labfurniture.com\/wp-content\/uploads\/2020\/06\/QQ_1764744017650.png\",\"width\":355,\"height\":48,\"caption\":\"SMILELAB\"},\"image\":{\"@id\":\"https:\/\/www.smile-labfurniture.com\/#\/schema\/logo\/image\/\"},\"sameAs\":[\"https:\/\/www.facebook.com\/share\/1DxYQBbYb1\/?mibextid=wwXIfr\"]}]}<\/script>\n<!-- \/ Yoast SEO plugin. -->","yoast_head_json":{"title":"PP acid-base fume hood - SMILELAB","robots":{"index":"index","follow":"follow","max-snippet":"max-snippet:-1","max-image-preview":"max-image-preview:large","max-video-preview":"max-video-preview:-1"},"canonical":"https:\/\/www.smile-labfurniture.com\/pt\/produto\/pp-fume-hood-effect\/","og_locale":"pt_PT","og_type":"article","og_title":"PP acid-base fume hood - SMILELAB","og_description":"Can customize your specifications","og_url":"https:\/\/www.smile-labfurniture.com\/pt\/produto\/pp-fume-hood-effect\/","og_site_name":"SMILELAB","article_publisher":"https:\/\/www.facebook.com\/share\/1DxYQBbYb1\/?mibextid=wwXIfr","article_modified_time":"2026-01-23T03:42:02+00:00","og_image":[{"width":1000,"height":1000,"url":"https:\/\/www.smile-labfurniture.com\/wp-content\/uploads\/2025\/12\/111.webp","type":"image\/webp"}],"twitter_card":"summary_large_image","twitter_misc":{"Tempo estimado de leitura":"3 minutos"},"schema":{"@context":"https:\/\/schema.org","@graph":[{"@type":"WebPage","@id":"https:\/\/www.smile-labfurniture.com\/product\/pp-fume-hood-effect\/","url":"https:\/\/www.smile-labfurniture.com\/product\/pp-fume-hood-effect\/","name":"PP acid-base fume hood - SMILELAB","isPartOf":{"@id":"https:\/\/www.smile-labfurniture.com\/#website"},"primaryImageOfPage":{"@id":"https:\/\/www.smile-labfurniture.com\/product\/pp-fume-hood-effect\/#primaryimage"},"image":{"@id":"https:\/\/www.smile-labfurniture.com\/product\/pp-fume-hood-effect\/#primaryimage"},"thumbnailUrl":"https:\/\/www.smile-labfurniture.com\/wp-content\/uploads\/2025\/12\/111.webp","datePublished":"2025-12-21T09:55:01+00:00","dateModified":"2026-01-23T03:42:02+00:00","breadcrumb":{"@id":"https:\/\/www.smile-labfurniture.com\/product\/pp-fume-hood-effect\/#breadcrumb"},"inLanguage":"pt-PT","potentialAction":[{"@type":"ReadAction","target":["https:\/\/www.smile-labfurniture.com\/product\/pp-fume-hood-effect\/"]}]},{"@type":"ImageObject","inLanguage":"pt-PT","@id":"https:\/\/www.smile-labfurniture.com\/product\/pp-fume-hood-effect\/#primaryimage","url":"https:\/\/www.smile-labfurniture.com\/wp-content\/uploads\/2025\/12\/111.webp","contentUrl":"https:\/\/www.smile-labfurniture.com\/wp-content\/uploads\/2025\/12\/111.webp","width":1000,"height":1000},{"@type":"BreadcrumbList","@id":"https:\/\/www.smile-labfurniture.com\/product\/pp-fume-hood-effect\/#breadcrumb","itemListElement":[{"@type":"ListItem","position":1,"name":"\u9996\u9875","item":"https:\/\/www.smile-labfurniture.com\/"},{"@type":"ListItem","position":2,"name":"Shop","item":"https:\/\/www.smile-labfurniture.com\/shop\/"},{"@type":"ListItem","position":3,"name":"PP acid-base fume hood"}]},{"@type":"WebSite","@id":"https:\/\/www.smile-labfurniture.com\/#website","url":"https:\/\/www.smile-labfurniture.com\/","name":"SMILELAB","description":"","publisher":{"@id":"https:\/\/www.smile-labfurniture.com\/#organization"},"potentialAction":[{"@type":"SearchAction","target":{"@type":"EntryPoint","urlTemplate":"https:\/\/www.smile-labfurniture.com\/?s={search_term_string}"},"query-input":{"@type":"PropertyValueSpecification","valueRequired":true,"valueName":"search_term_string"}}],"inLanguage":"pt-PT"},{"@type":"Organization","@id":"https:\/\/www.smile-labfurniture.com\/#organization","name":"SMILELAB","url":"https:\/\/www.smile-labfurniture.com\/","logo":{"@type":"ImageObject","inLanguage":"pt-PT","@id":"https:\/\/www.smile-labfurniture.com\/#\/schema\/logo\/image\/","url":"https:\/\/www.smile-labfurniture.com\/wp-content\/uploads\/2020\/06\/QQ_1764744017650.png","contentUrl":"https:\/\/www.smile-labfurniture.com\/wp-content\/uploads\/2020\/06\/QQ_1764744017650.png","width":355,"height":48,"caption":"SMILELAB"},"image":{"@id":"https:\/\/www.smile-labfurniture.com\/#\/schema\/logo\/image\/"},"sameAs":["https:\/\/www.facebook.com\/share\/1DxYQBbYb1\/?mibextid=wwXIfr"]}]}},"_links":{"self":[{"href":"https:\/\/www.smile-labfurniture.com\/pt\/wp-json\/wp\/v2\/product\/5044","targetHints":{"allow":["GET"]}}],"collection":[{"href":"https:\/\/www.smile-labfurniture.com\/pt\/wp-json\/wp\/v2\/product"}],"about":[{"href":"https:\/\/www.smile-labfurniture.com\/pt\/wp-json\/wp\/v2\/types\/product"}],"replies":[{"embeddable":true,"href":"https:\/\/www.smile-labfurniture.com\/pt\/wp-json\/wp\/v2\/comments?post=5044"}],"wp:featuredmedia":[{"embeddable":true,"href":"https:\/\/www.smile-labfurniture.com\/pt\/wp-json\/wp\/v2\/media\/5045"}],"wp:attachment":[{"href":"https:\/\/www.smile-labfurniture.com\/pt\/wp-json\/wp\/v2\/media?parent=5044"}],"wp:term":[{"taxonomy":"product_cat","embeddable":true,"href":"https:\/\/www.smile-labfurniture.com\/pt\/wp-json\/wp\/v2\/product_cat?post=5044"},{"taxonomy":"product_tag","embeddable":true,"href":"https:\/\/www.smile-labfurniture.com\/pt\/wp-json\/wp\/v2\/product_tag?post=5044"},{"taxonomy":"product_brand","embeddable":true,"href":"https:\/\/www.smile-labfurniture.com\/pt\/wp-json\/wp\/v2\/product_brand?post=5044"}],"curies":[{"name":"wp","href":"https:\/\/api.w.org\/{rel}","templated":true}]}}