{"id":5041,"date":"2025-12-21T09:52:08","date_gmt":"2025-12-21T09:52:08","guid":{"rendered":"http:\/\/www.smile-labfurniture.com\/?post_type=product&#038;p=5041"},"modified":"2026-01-23T03:43:01","modified_gmt":"2026-01-23T03:43:01","slug":"yellow-light-fume-hood-effect","status":"publish","type":"product","link":"https:\/\/www.smile-labfurniture.com\/pt\/produto\/yellow-light-fume-hood-effect\/","title":{"rendered":"Exaustor de luz amarela"},"content":{"rendered":"<p>Exaustor especial para sala de luz amarela<\/p>\n<p>1. Especifica\u00e7\u00f5es: Comprimento 1500* Largura 800 Altura 2350mm<\/p>\n<p>2. Espa\u00e7o interior extra grande: comprimento 1400*, largura 680, altura 1200mm<\/p>\n<p>3. Bancada: Utilizar uma bancada de cart\u00e3o f\u00edsico e qu\u00edmico com 12,7 mm de espessura.<\/p>\n<p>4. Descri\u00e7\u00e3o de todo o arm\u00e1rio: Todo o arm\u00e1rio \u00e9 soldado com folhas de PP branco porcel\u00e2nico de 8 mm de espessura<\/p>\n<p>5. Descri\u00e7\u00e3o da l\u00e2mpada fluorescente: A l\u00e2mpada fluorescente est\u00e1 escondida no painel e n\u00e3o est\u00e1 em contacto com o fluxo de ar no exaustor e \u00e9 f\u00e1cil de substituir. Utiliza 1 l\u00e2mpada fluorescente LED de 30W e est\u00e1 equipada com vidro temperado \u00e0 prova de explos\u00e3o de 5mm.<\/p>\n<p>7. Descri\u00e7\u00e3o da pega: Pega em PP anti-corros\u00e3o.<\/p>\n<p>8. Descri\u00e7\u00e3o da placa de guia: Fabricada em placa PP branca de 5 mm.<\/p>\n<p>9. Descri\u00e7\u00e3o da fonte de alimenta\u00e7\u00e3o: Utilizar uma tomada el\u00e9ctrica espec\u00edfica do laborat\u00f3rio.<\/p>\n<p>10. Descri\u00e7\u00e3o da janela: O perfil de alum\u00ednio \u00e9 combinado com uma moldura de perfil de pl\u00e1stico. A janela de visualiza\u00e7\u00e3o utiliza uma \u00fanica pe\u00e7a de vidro de seguran\u00e7a de 5 mm. A janela tamb\u00e9m pode ser equipada com tr\u00eas pe\u00e7as de vidro de seguran\u00e7a de 5 mm, que podem ser movidas para a esquerda e para a direita. A pe\u00e7a \u00fanica adopta um dispositivo de equil\u00edbrio cont\u00ednuo, que pode mover-se para cima e para baixo e ajustar-se livremente.<\/p>\n<p>11. Sistema de eleva\u00e7\u00e3o: Utilizando rolamentos de eleva\u00e7\u00e3o de correia importados, a janela de vidro pode ser levantada e baixada suavemente;<\/p>\n<p>12. Descri\u00e7\u00e3o do p\u00e9 de ajuste: O p\u00e9 de ajuste de moldagem por inje\u00e7\u00e3o com um di\u00e2metro de (10mm) \u00e9 \u00e0 prova de choque, \u00e0 prova de humidade e resistente \u00e0 corros\u00e3o. A altura do arm\u00e1rio pode ser ajustada adequadamente de acordo com o piso interior, e o ajuste m\u00e1ximo \u00e9 de 0-30mm.<\/p>\n<p>13. Descri\u00e7\u00e3o da m\u00e1scara de recolha de g\u00e1s: Cansado, caluniador, caluniador, arrogante, triste, amoroso, costa, barulhento, moxa manchada, moxa tangerina, feibo, pai, adivinha, assar, cancro, escudo, m\u00e1goa, oito, beb\u00e9, amor, sem companhia, m\u00e1goa.<\/p>\n<p>14. Prote\u00e7\u00e3o contra fugas: Dispositivos normalizados de prote\u00e7\u00e3o contra fugas e prote\u00e7\u00e3o do motor que cumpram as normas nacionais<\/p>\n<p>15. Descri\u00e7\u00e3o do interrutor de controlo: Interruptor t\u00e1til de 12V, controlo centralizado de todo o sistema de circuitos<\/p>\n<p>16. Descri\u00e7\u00e3o do processo: Todo o arm\u00e1rio \u00e9 feito de placa PP soldada por fus\u00e3o a quente, que \u00e9 bonita e elegante. Existem orif\u00edcios de manuten\u00e7\u00e3o no painel traseiro do arm\u00e1rio.<\/p>\n<p>17. Tr\u00eas deflectores permitem que os gases nocivos em espa\u00e7os a diferentes alturas sejam descarregados de diferentes sec\u00e7\u00f5es. A hotte descarrega o ar na hotte a uma velocidade superior \u00e0 velocidade do vento na superf\u00edcie de funcionamento de 0,5 m\/s para garantir que n\u00e3o existe qualquer g\u00e1s residual. Alta efici\u00eancia de ventila\u00e7\u00e3o, o volume de exaust\u00e3o \u00e9 de cerca de 2500m3\/h, e baixo ru\u00eddo<\/p>\n<p>18. Ventilador de ventila\u00e7\u00e3o: \u00c9 utilizado um ventilador centr\u00edfugo PP e a garantia do ventilador \u00e9 de 1 ano.<\/p>\n<p>19. O laborat\u00f3rio utiliza um m\u00f3dulo de tratamento de carv\u00e3o ativado de alta efici\u00eancia + decomposi\u00e7\u00e3o catal\u00edtica de fotooxig\u00e9nio para tratar os gases de escape e reduzir eficazmente a polui\u00e7\u00e3o atmosf\u00e9rica.<\/p>\n<p><img loading=\"lazy\" decoding=\"async\" class=\"alignnone size-full wp-image-5042\" src=\"http:\/\/www.smile-labfurniture.com\/wp-content\/uploads\/2025\/12\/20230711_153021.webp\" alt=\"\" width=\"2290\" height=\"2290\" srcset=\"https:\/\/www.smile-labfurniture.com\/wp-content\/uploads\/2025\/12\/20230711_153021.webp 2290w, https:\/\/www.smile-labfurniture.com\/wp-content\/uploads\/2025\/12\/20230711_153021-300x300.webp 300w\" sizes=\"auto, (max-width: 2290px) 100vw, 2290px\" \/><\/p>","protected":false},"excerpt":{"rendered":"<p>Pode personalizar as suas especifica\u00e7\u00f5es<\/p>","protected":false},"featured_media":5042,"comment_status":"closed","ping_status":"closed","template":"","meta":[],"product_cat":[104],"product_tag":[],"product_brand":[],"class_list":["post-5041","product","type-product","status-publish","has-post-thumbnail","hentry","product_cat-fume-hood"],"yoast_head":"<!-- This site is optimized with the Yoast SEO plugin v26.6 - https:\/\/yoast.com\/wordpress\/plugins\/seo\/ -->\n<title>Yellow light fume hood - SMILELAB<\/title>\n<meta name=\"robots\" content=\"index, follow, max-snippet:-1, max-image-preview:large, max-video-preview:-1\" \/>\n<link rel=\"canonical\" href=\"https:\/\/www.smile-labfurniture.com\/pt\/produto\/yellow-light-fume-hood-effect\/\" \/>\n<meta property=\"og:locale\" content=\"pt_PT\" \/>\n<meta property=\"og:type\" content=\"article\" \/>\n<meta property=\"og:title\" content=\"Yellow light fume hood - SMILELAB\" \/>\n<meta property=\"og:description\" content=\"Can customize your specifications\" \/>\n<meta property=\"og:url\" content=\"https:\/\/www.smile-labfurniture.com\/pt\/produto\/yellow-light-fume-hood-effect\/\" \/>\n<meta property=\"og:site_name\" content=\"SMILELAB\" \/>\n<meta property=\"article:publisher\" content=\"https:\/\/www.facebook.com\/share\/1DxYQBbYb1\/?mibextid=wwXIfr\" \/>\n<meta property=\"article:modified_time\" content=\"2026-01-23T03:43:01+00:00\" \/>\n<meta property=\"og:image\" content=\"https:\/\/www.smile-labfurniture.com\/wp-content\/uploads\/2025\/12\/20230711_153021.webp\" \/>\n\t<meta property=\"og:image:width\" content=\"2290\" \/>\n\t<meta property=\"og:image:height\" content=\"2290\" \/>\n\t<meta property=\"og:image:type\" content=\"image\/webp\" \/>\n<meta name=\"twitter:card\" content=\"summary_large_image\" \/>\n<meta name=\"twitter:label1\" content=\"Tempo estimado de leitura\" \/>\n\t<meta name=\"twitter:data1\" content=\"3 minutos\" \/>\n<script type=\"application\/ld+json\" class=\"yoast-schema-graph\">{\"@context\":\"https:\/\/schema.org\",\"@graph\":[{\"@type\":\"WebPage\",\"@id\":\"https:\/\/www.smile-labfurniture.com\/product\/yellow-light-fume-hood-effect\/\",\"url\":\"https:\/\/www.smile-labfurniture.com\/product\/yellow-light-fume-hood-effect\/\",\"name\":\"Yellow light fume hood - SMILELAB\",\"isPartOf\":{\"@id\":\"https:\/\/www.smile-labfurniture.com\/#website\"},\"primaryImageOfPage\":{\"@id\":\"https:\/\/www.smile-labfurniture.com\/product\/yellow-light-fume-hood-effect\/#primaryimage\"},\"image\":{\"@id\":\"https:\/\/www.smile-labfurniture.com\/product\/yellow-light-fume-hood-effect\/#primaryimage\"},\"thumbnailUrl\":\"https:\/\/www.smile-labfurniture.com\/wp-content\/uploads\/2025\/12\/20230711_153021.webp\",\"datePublished\":\"2025-12-21T09:52:08+00:00\",\"dateModified\":\"2026-01-23T03:43:01+00:00\",\"breadcrumb\":{\"@id\":\"https:\/\/www.smile-labfurniture.com\/product\/yellow-light-fume-hood-effect\/#breadcrumb\"},\"inLanguage\":\"pt-PT\",\"potentialAction\":[{\"@type\":\"ReadAction\",\"target\":[\"https:\/\/www.smile-labfurniture.com\/product\/yellow-light-fume-hood-effect\/\"]}]},{\"@type\":\"ImageObject\",\"inLanguage\":\"pt-PT\",\"@id\":\"https:\/\/www.smile-labfurniture.com\/product\/yellow-light-fume-hood-effect\/#primaryimage\",\"url\":\"https:\/\/www.smile-labfurniture.com\/wp-content\/uploads\/2025\/12\/20230711_153021.webp\",\"contentUrl\":\"https:\/\/www.smile-labfurniture.com\/wp-content\/uploads\/2025\/12\/20230711_153021.webp\",\"width\":2290,\"height\":2290},{\"@type\":\"BreadcrumbList\",\"@id\":\"https:\/\/www.smile-labfurniture.com\/product\/yellow-light-fume-hood-effect\/#breadcrumb\",\"itemListElement\":[{\"@type\":\"ListItem\",\"position\":1,\"name\":\"\u9996\u9875\",\"item\":\"https:\/\/www.smile-labfurniture.com\/\"},{\"@type\":\"ListItem\",\"position\":2,\"name\":\"Shop\",\"item\":\"https:\/\/www.smile-labfurniture.com\/shop\/\"},{\"@type\":\"ListItem\",\"position\":3,\"name\":\"Yellow light fume hood\"}]},{\"@type\":\"WebSite\",\"@id\":\"https:\/\/www.smile-labfurniture.com\/#website\",\"url\":\"https:\/\/www.smile-labfurniture.com\/\",\"name\":\"SMILELAB\",\"description\":\"\",\"publisher\":{\"@id\":\"https:\/\/www.smile-labfurniture.com\/#organization\"},\"potentialAction\":[{\"@type\":\"SearchAction\",\"target\":{\"@type\":\"EntryPoint\",\"urlTemplate\":\"https:\/\/www.smile-labfurniture.com\/?s={search_term_string}\"},\"query-input\":{\"@type\":\"PropertyValueSpecification\",\"valueRequired\":true,\"valueName\":\"search_term_string\"}}],\"inLanguage\":\"pt-PT\"},{\"@type\":\"Organization\",\"@id\":\"https:\/\/www.smile-labfurniture.com\/#organization\",\"name\":\"SMILELAB\",\"url\":\"https:\/\/www.smile-labfurniture.com\/\",\"logo\":{\"@type\":\"ImageObject\",\"inLanguage\":\"pt-PT\",\"@id\":\"https:\/\/www.smile-labfurniture.com\/#\/schema\/logo\/image\/\",\"url\":\"https:\/\/www.smile-labfurniture.com\/wp-content\/uploads\/2020\/06\/QQ_1764744017650.png\",\"contentUrl\":\"https:\/\/www.smile-labfurniture.com\/wp-content\/uploads\/2020\/06\/QQ_1764744017650.png\",\"width\":355,\"height\":48,\"caption\":\"SMILELAB\"},\"image\":{\"@id\":\"https:\/\/www.smile-labfurniture.com\/#\/schema\/logo\/image\/\"},\"sameAs\":[\"https:\/\/www.facebook.com\/share\/1DxYQBbYb1\/?mibextid=wwXIfr\"]}]}<\/script>\n<!-- \/ Yoast SEO plugin. -->","yoast_head_json":{"title":"Yellow light fume hood - SMILELAB","robots":{"index":"index","follow":"follow","max-snippet":"max-snippet:-1","max-image-preview":"max-image-preview:large","max-video-preview":"max-video-preview:-1"},"canonical":"https:\/\/www.smile-labfurniture.com\/pt\/produto\/yellow-light-fume-hood-effect\/","og_locale":"pt_PT","og_type":"article","og_title":"Yellow light fume hood - SMILELAB","og_description":"Can customize your specifications","og_url":"https:\/\/www.smile-labfurniture.com\/pt\/produto\/yellow-light-fume-hood-effect\/","og_site_name":"SMILELAB","article_publisher":"https:\/\/www.facebook.com\/share\/1DxYQBbYb1\/?mibextid=wwXIfr","article_modified_time":"2026-01-23T03:43:01+00:00","og_image":[{"width":2290,"height":2290,"url":"https:\/\/www.smile-labfurniture.com\/wp-content\/uploads\/2025\/12\/20230711_153021.webp","type":"image\/webp"}],"twitter_card":"summary_large_image","twitter_misc":{"Tempo estimado de leitura":"3 minutos"},"schema":{"@context":"https:\/\/schema.org","@graph":[{"@type":"WebPage","@id":"https:\/\/www.smile-labfurniture.com\/product\/yellow-light-fume-hood-effect\/","url":"https:\/\/www.smile-labfurniture.com\/product\/yellow-light-fume-hood-effect\/","name":"Yellow light fume hood - SMILELAB","isPartOf":{"@id":"https:\/\/www.smile-labfurniture.com\/#website"},"primaryImageOfPage":{"@id":"https:\/\/www.smile-labfurniture.com\/product\/yellow-light-fume-hood-effect\/#primaryimage"},"image":{"@id":"https:\/\/www.smile-labfurniture.com\/product\/yellow-light-fume-hood-effect\/#primaryimage"},"thumbnailUrl":"https:\/\/www.smile-labfurniture.com\/wp-content\/uploads\/2025\/12\/20230711_153021.webp","datePublished":"2025-12-21T09:52:08+00:00","dateModified":"2026-01-23T03:43:01+00:00","breadcrumb":{"@id":"https:\/\/www.smile-labfurniture.com\/product\/yellow-light-fume-hood-effect\/#breadcrumb"},"inLanguage":"pt-PT","potentialAction":[{"@type":"ReadAction","target":["https:\/\/www.smile-labfurniture.com\/product\/yellow-light-fume-hood-effect\/"]}]},{"@type":"ImageObject","inLanguage":"pt-PT","@id":"https:\/\/www.smile-labfurniture.com\/product\/yellow-light-fume-hood-effect\/#primaryimage","url":"https:\/\/www.smile-labfurniture.com\/wp-content\/uploads\/2025\/12\/20230711_153021.webp","contentUrl":"https:\/\/www.smile-labfurniture.com\/wp-content\/uploads\/2025\/12\/20230711_153021.webp","width":2290,"height":2290},{"@type":"BreadcrumbList","@id":"https:\/\/www.smile-labfurniture.com\/product\/yellow-light-fume-hood-effect\/#breadcrumb","itemListElement":[{"@type":"ListItem","position":1,"name":"\u9996\u9875","item":"https:\/\/www.smile-labfurniture.com\/"},{"@type":"ListItem","position":2,"name":"Shop","item":"https:\/\/www.smile-labfurniture.com\/shop\/"},{"@type":"ListItem","position":3,"name":"Yellow light fume hood"}]},{"@type":"WebSite","@id":"https:\/\/www.smile-labfurniture.com\/#website","url":"https:\/\/www.smile-labfurniture.com\/","name":"SMILELAB","description":"","publisher":{"@id":"https:\/\/www.smile-labfurniture.com\/#organization"},"potentialAction":[{"@type":"SearchAction","target":{"@type":"EntryPoint","urlTemplate":"https:\/\/www.smile-labfurniture.com\/?s={search_term_string}"},"query-input":{"@type":"PropertyValueSpecification","valueRequired":true,"valueName":"search_term_string"}}],"inLanguage":"pt-PT"},{"@type":"Organization","@id":"https:\/\/www.smile-labfurniture.com\/#organization","name":"SMILELAB","url":"https:\/\/www.smile-labfurniture.com\/","logo":{"@type":"ImageObject","inLanguage":"pt-PT","@id":"https:\/\/www.smile-labfurniture.com\/#\/schema\/logo\/image\/","url":"https:\/\/www.smile-labfurniture.com\/wp-content\/uploads\/2020\/06\/QQ_1764744017650.png","contentUrl":"https:\/\/www.smile-labfurniture.com\/wp-content\/uploads\/2020\/06\/QQ_1764744017650.png","width":355,"height":48,"caption":"SMILELAB"},"image":{"@id":"https:\/\/www.smile-labfurniture.com\/#\/schema\/logo\/image\/"},"sameAs":["https:\/\/www.facebook.com\/share\/1DxYQBbYb1\/?mibextid=wwXIfr"]}]}},"_links":{"self":[{"href":"https:\/\/www.smile-labfurniture.com\/pt\/wp-json\/wp\/v2\/product\/5041","targetHints":{"allow":["GET"]}}],"collection":[{"href":"https:\/\/www.smile-labfurniture.com\/pt\/wp-json\/wp\/v2\/product"}],"about":[{"href":"https:\/\/www.smile-labfurniture.com\/pt\/wp-json\/wp\/v2\/types\/product"}],"replies":[{"embeddable":true,"href":"https:\/\/www.smile-labfurniture.com\/pt\/wp-json\/wp\/v2\/comments?post=5041"}],"wp:featuredmedia":[{"embeddable":true,"href":"https:\/\/www.smile-labfurniture.com\/pt\/wp-json\/wp\/v2\/media\/5042"}],"wp:attachment":[{"href":"https:\/\/www.smile-labfurniture.com\/pt\/wp-json\/wp\/v2\/media?parent=5041"}],"wp:term":[{"taxonomy":"product_cat","embeddable":true,"href":"https:\/\/www.smile-labfurniture.com\/pt\/wp-json\/wp\/v2\/product_cat?post=5041"},{"taxonomy":"product_tag","embeddable":true,"href":"https:\/\/www.smile-labfurniture.com\/pt\/wp-json\/wp\/v2\/product_tag?post=5041"},{"taxonomy":"product_brand","embeddable":true,"href":"https:\/\/www.smile-labfurniture.com\/pt\/wp-json\/wp\/v2\/product_brand?post=5041"}],"curies":[{"name":"wp","href":"https:\/\/api.w.org\/{rel}","templated":true}]}}