{"id":5035,"date":"2025-12-21T09:40:59","date_gmt":"2025-12-21T09:40:59","guid":{"rendered":"http:\/\/www.smile-labfurniture.com\/?post_type=product&#038;p=5035"},"modified":"2026-01-23T03:44:11","modified_gmt":"2026-01-23T03:44:11","slug":"medical-experimental-bench-effect","status":"publish","type":"product","link":"https:\/\/www.smile-labfurniture.com\/pt\/produto\/medical-experimental-bench-effect\/","title":{"rendered":"Banco de ensaios m\u00e9dicos"},"content":{"rendered":"<p>1. Painel de bancada para experi\u00eancias m\u00e9dicas (cor opcional)<\/p>\n<p>\uff081\uff09. Escolha bancadas de pedra artificial acr\u00edlica de 12 mm de espessura<\/p>\n<p>\uff082\uff09. Escolha bancadas de pedra de quartzo de 15mm de espessura<\/p>\n<p>\uff083\uff09. Use bancadas de placa f\u00edsica e qu\u00edmica com n\u00facleo de 12,7 mm de espessura<\/p>\n<p>\uff084\uff09. Use bancada de placa de cer\u00e2mica de 15 mm de espessura<br \/>\n2. Arm\u00e1rio de bancada para experi\u00eancias m\u00e9dicas<br \/>\n\u00c9 uma estrutura de ch\u00e3o totalmente em a\u00e7o e pode ser utilizada isoladamente ou em combina\u00e7\u00e3o. A altura do arm\u00e1rio \u00e9 de 800-850 mm.<br \/>\n\uff081\uff09. Corpo do gabinete (placa inferior, placa traseira): Feito de chapa de a\u00e7o laminada a frio Baosteel de 1,0 mm de espessura, que foi desengordurada, lavada, decapada, lavada neutralizada, fosfatada, lavada e pulverizada com resina ep\u00f3xi. Cor: 27# azul enrugado-22# branco enrugado, 66# azul-93# branco, 68# azul-144# camelo, 79# cinzento-93# branco (opcional)<\/p>\n<p>Bloco de amostras totalmente em a\u00e7o.jpg<\/p>\n<p>\uff082\uff09. Placa lateral: Feito de chapa de a\u00e7o laminada a frio Baosteel de 1,0 mm de espessura, processada por desengorduramento, lavagem com \u00e1gua, decapagem, neutraliza\u00e7\u00e3o de lavagem com \u00e1gua, fosfata\u00e7\u00e3o, lavagem com \u00e1gua e pulveriza\u00e7\u00e3o de resina ep\u00f3xi.<br \/>\n\uff083\uff09. Laminado: Placa de a\u00e7o laminado a frio Baosteel com 1,0mm de espessura, processada por desengorduramento, lavagem com \u00e1gua, decapagem, neutraliza\u00e7\u00e3o da lavagem com \u00e1gua, fosfata\u00e7\u00e3o, lavagem com \u00e1gua e pulveriza\u00e7\u00e3o de resina ep\u00f3xi. A dist\u00e2ncia entre as sec\u00e7\u00f5es superior e inferior do laminado \u00e9 de 15 mm por grelha.<br \/>\n\uff084\uff09. Pain\u00e9is de porta e torneiras: Feito de placas de a\u00e7o laminadas a frio Baosteel de camada dupla com 1,0 mm de espessura, processadas por desengorduramento, lavagem com \u00e1gua, decapagem, neutraliza\u00e7\u00e3o de lavagem com \u00e1gua, fosfata\u00e7\u00e3o, lavagem com \u00e1gua e pulveriza\u00e7\u00e3o de resina ep\u00f3xi. A sandu\u00edche tem material de absor\u00e7\u00e3o de som.<br \/>\n\uff085\uff09. Viga de refor\u00e7o superior, viga do meio, trilho guia da gaveta, estrutura de suporte da pia: feita de chapa de a\u00e7o laminada a frio Baosteel de 2,0 mm de espessura, desengorduramento, lavagem com \u00e1gua, decapagem, neutraliza\u00e7\u00e3o da lavagem com \u00e1gua, fosfata\u00e7\u00e3o, lavagem com \u00e1gua e tratamento de pulveriza\u00e7\u00e3o de resina ep\u00f3xi.<br \/>\n\uff086\uff09. Placa de suporte do p\u00e9 de ajuste: Feito de chapa de a\u00e7o laminada a frio Baosteel de 3,0 mm de espessura, processada por desengorduramento, lavagem com \u00e1gua, decapagem, neutraliza\u00e7\u00e3o de lavagem com \u00e1gua, fosfata\u00e7\u00e3o, lavagem com \u00e1gua e pulveriza\u00e7\u00e3o de resina ep\u00f3xi.<br \/>\n\uff087\uff09. Gaveta: Painel inferior, pain\u00e9is laterais e painel traseiro: Feito de chapa de a\u00e7o laminado a frio Baosteel de 1,0 mm de espessura, desengorduramento, lavagem com \u00e1gua, decapagem, neutraliza\u00e7\u00e3o com \u00e1gua, fosfata\u00e7\u00e3o, lavagem com \u00e1gua e pulveriza\u00e7\u00e3o de resina ep\u00f3xi.<br \/>\n\uff088\uff09. T\u00e1bua de veda\u00e7\u00e3o decorativa: Quando houver um espa\u00e7o entre os arm\u00e1rios de base ou entre os arm\u00e1rios de base e a parede, use placas de veda\u00e7\u00e3o decorativas do mesmo material e cor que os arm\u00e1rios de base para cobri-lo.<br \/>\n\uff089\uff09. Colunas de calha de tubula\u00e7\u00e3o de a\u00e7o: uma combina\u00e7\u00e3o e design destac\u00e1vel.<br \/>\n\uff0810\uff09. Outros padr\u00f5es de design estrutural: A frente de todos os arm\u00e1rios baixos \u00e9 um projeto de estrutura embutida montada plana; exceto pela parte rebaixada na frente, os rodap\u00e9s s\u00e3o formados integralmente com as placas de a\u00e7o do gabinete em ambos os lados; n\u00e3o h\u00e1 pilar vertical central bloqueando as duas portas de todos os arm\u00e1rios baixos de porta dupla.<br \/>\n\uff0811\uff09. Canal de servi\u00e7o: H\u00e1 uma dist\u00e2ncia de canal de servi\u00e7o da parede atr\u00e1s do arm\u00e1rio baixo, que \u00e9 usado para colocar eletricidade, \u00e1gua e gasodutos para esconder o design.<br \/>\n3. Acess\u00f3rios de bancada para experi\u00eancias m\u00e9dicas<br \/>\n\uff081\uff09. Pega: Al\u00e7a reta em forma de C de a\u00e7o inoxid\u00e1vel ou liga de alum\u00ednio, que pode ser selecionada de acordo com as necessidades do usu\u00e1rio.<br \/>\n\uff082\uff09. Dobradi\u00e7a: abertura de 90\u00b0, dobradi\u00e7a de a\u00e7o inoxid\u00e1vel.<br \/>\n\uff083\uff09. Faixa de costura da porta: feita de cloreto de polivinilo.<br \/>\n\uff084\uff09. Grupo de fivela de porta: Feito de material de nylon.<br \/>\n\uff085\uff09. Gancho de prateleira: feito de chapa de a\u00e7o inoxid\u00e1vel de 1,2 mm de espessura.<br \/>\n\uff086\uff09. Calha de deslizamento: Utilizar calha deslizante silenciosa de 450 mm de comprimento com base de apoio<br \/>\n\uff087\uff09. Dispositivo de amortecimento da porta da gaveta: feito de material de borracha.<br \/>\n\uff088\uff09. P\u00e9s de ajuste: Parafusos M10mm (galvanoplastia); P\u00e9s ajust\u00e1veis: almofadas antiderrapantes de borracha para absor\u00e7\u00e3o de choques, p\u00e9s de estrutura de a\u00e7o de alta resist\u00eancia<br \/>\n4. Suporte de reagentes de bancada para laborat\u00f3rio m\u00e9dico<br \/>\nO fabricante do banco experimental tem um design montado numa mesa para facilitar a configura\u00e7\u00e3o, a adi\u00e7\u00e3o, a elimina\u00e7\u00e3o e a desmontagem.<br \/>\n\uff081\uff09. Pilar de a\u00e7o: Feito de chapa de a\u00e7o laminada a frio Baosteel de 1,5 mm de espessura, processada por desengorduramento, lavagem com \u00e1gua, decapagem, neutraliza\u00e7\u00e3o de lavagem com \u00e1gua, fosfata\u00e7\u00e3o, lavagem com \u00e1gua e pulveriza\u00e7\u00e3o de resina ep\u00f3xi. A coluna tem uma fila inteira de orif\u00edcios para pendurar as prateleiras ajust\u00e1veis. A dist\u00e2ncia de ajuste para cima e para baixo entre os orif\u00edcios de suspens\u00e3o \u00e9 de cerca de 40 mm por grelha.<br \/>\n\uff082\uff09. Prateleira: dividida em camadas superior e inferior, feita de vidro temperado de 10 mm de espessura, com guarda-corpos de a\u00e7o inoxid\u00e1vel na borda externa da prateleira.<br \/>\n\uff083\uff09. Dispositivo de alimenta\u00e7\u00e3o el\u00e9ctrica.<br \/>\n\uff084\uff09. Caixa de arame de a\u00e7o: Feito de chapa de a\u00e7o laminada a frio Baosteel de 1,0 mm de espessura, processada por desengorduramento, lavagem com \u00e1gua, decapagem, neutraliza\u00e7\u00e3o de lavagem com \u00e1gua, fosfata\u00e7\u00e3o, lavagem com \u00e1gua e pulveriza\u00e7\u00e3o de resina ep\u00f3xi.<\/p>\n<p>(5\uff09.Tomada: Tomada multifuncional universal 220V\/10A.<\/p>\n<p>Empresa fabricante de bancos de ensaio em a\u00e7o<\/p>\n<p>5. Arm\u00e1rio de parede para bancada de laborat\u00f3rio m\u00e9dico<\/p>\n<p>Os fabricantes de bancadas para laborat\u00f3rios m\u00e9dicos poupam espa\u00e7o nos laborat\u00f3rios hospitalares ou nas salas de tratamento, transformando a parte superior num arm\u00e1rio de parede para facilitar a arruma\u00e7\u00e3o de mais artigos.<\/p>\n<p>(1). Todo o corpo do arm\u00e1rio: Fabricado em chapa de a\u00e7o Baosteel laminada a frio com 1,0 mm de espessura, que foi desengordurada, lavada, decapada, neutralizada, fosfatada, lavada e pulverizada com resina ep\u00f3xi.<\/p>\n<p>(2). Laminado: Feito de chapa de a\u00e7o Baosteel laminada a frio com 1,0 mm de espessura, que foi desengordurada, lavada, decapada, neutralizada, fosfatada, lavada e pulverizada com resina ep\u00f3xi. A dist\u00e2ncia entre as sec\u00e7\u00f5es superior e inferior do laminado \u00e9 de 30 mm por grelha.<\/p>\n<p>(3). Dobradi\u00e7a: abertura de 90\u00b0, dobradi\u00e7a em a\u00e7o inoxid\u00e1vel.<\/p>\n<p><img loading=\"lazy\" decoding=\"async\" class=\"alignnone size-full wp-image-5036\" src=\"http:\/\/www.smile-labfurniture.com\/wp-content\/uploads\/2025\/12\/00cbbc24c125350f72d849f03b7c1e8a.webp\" alt=\"\" width=\"2590\" height=\"1605\" \/><\/p>","protected":false},"excerpt":{"rendered":"<p>Pode personalizar as suas especifica\u00e7\u00f5es<\/p>","protected":false},"featured_media":5036,"comment_status":"closed","ping_status":"closed","template":"","meta":[],"product_cat":[15],"product_tag":[],"product_brand":[],"class_list":["post-5035","product","type-product","status-publish","has-post-thumbnail","hentry","product_cat-laboratory-furniture"],"yoast_head":"<!-- This site is optimized with the Yoast SEO plugin v26.6 - https:\/\/yoast.com\/wordpress\/plugins\/seo\/ -->\n<title>Medical experimental bench - SMILELAB<\/title>\n<meta name=\"robots\" content=\"index, follow, max-snippet:-1, max-image-preview:large, max-video-preview:-1\" \/>\n<link rel=\"canonical\" href=\"https:\/\/www.smile-labfurniture.com\/pt\/produto\/medical-experimental-bench-effect\/\" \/>\n<meta property=\"og:locale\" content=\"pt_PT\" \/>\n<meta property=\"og:type\" content=\"article\" \/>\n<meta property=\"og:title\" content=\"Medical experimental bench - SMILELAB\" \/>\n<meta property=\"og:description\" content=\"Can customize your specifications\" \/>\n<meta property=\"og:url\" content=\"https:\/\/www.smile-labfurniture.com\/pt\/produto\/medical-experimental-bench-effect\/\" \/>\n<meta property=\"og:site_name\" content=\"SMILELAB\" \/>\n<meta property=\"article:publisher\" content=\"https:\/\/www.facebook.com\/share\/1DxYQBbYb1\/?mibextid=wwXIfr\" \/>\n<meta property=\"article:modified_time\" content=\"2026-01-23T03:44:11+00:00\" \/>\n<meta property=\"og:image\" content=\"https:\/\/www.smile-labfurniture.com\/wp-content\/uploads\/2025\/12\/00cbbc24c125350f72d849f03b7c1e8a.webp\" \/>\n\t<meta property=\"og:image:width\" content=\"2590\" \/>\n\t<meta property=\"og:image:height\" content=\"1605\" \/>\n\t<meta property=\"og:image:type\" content=\"image\/webp\" \/>\n<meta name=\"twitter:card\" content=\"summary_large_image\" \/>\n<meta name=\"twitter:label1\" content=\"Tempo estimado de leitura\" \/>\n\t<meta name=\"twitter:data1\" content=\"5 minutos\" \/>\n<script type=\"application\/ld+json\" class=\"yoast-schema-graph\">{\"@context\":\"https:\/\/schema.org\",\"@graph\":[{\"@type\":\"WebPage\",\"@id\":\"https:\/\/www.smile-labfurniture.com\/product\/medical-experimental-bench-effect\/\",\"url\":\"https:\/\/www.smile-labfurniture.com\/product\/medical-experimental-bench-effect\/\",\"name\":\"Medical experimental bench - SMILELAB\",\"isPartOf\":{\"@id\":\"https:\/\/www.smile-labfurniture.com\/#website\"},\"primaryImageOfPage\":{\"@id\":\"https:\/\/www.smile-labfurniture.com\/product\/medical-experimental-bench-effect\/#primaryimage\"},\"image\":{\"@id\":\"https:\/\/www.smile-labfurniture.com\/product\/medical-experimental-bench-effect\/#primaryimage\"},\"thumbnailUrl\":\"https:\/\/www.smile-labfurniture.com\/wp-content\/uploads\/2025\/12\/00cbbc24c125350f72d849f03b7c1e8a.webp\",\"datePublished\":\"2025-12-21T09:40:59+00:00\",\"dateModified\":\"2026-01-23T03:44:11+00:00\",\"breadcrumb\":{\"@id\":\"https:\/\/www.smile-labfurniture.com\/product\/medical-experimental-bench-effect\/#breadcrumb\"},\"inLanguage\":\"pt-PT\",\"potentialAction\":[{\"@type\":\"ReadAction\",\"target\":[\"https:\/\/www.smile-labfurniture.com\/product\/medical-experimental-bench-effect\/\"]}]},{\"@type\":\"ImageObject\",\"inLanguage\":\"pt-PT\",\"@id\":\"https:\/\/www.smile-labfurniture.com\/product\/medical-experimental-bench-effect\/#primaryimage\",\"url\":\"https:\/\/www.smile-labfurniture.com\/wp-content\/uploads\/2025\/12\/00cbbc24c125350f72d849f03b7c1e8a.webp\",\"contentUrl\":\"https:\/\/www.smile-labfurniture.com\/wp-content\/uploads\/2025\/12\/00cbbc24c125350f72d849f03b7c1e8a.webp\",\"width\":2590,\"height\":1605},{\"@type\":\"BreadcrumbList\",\"@id\":\"https:\/\/www.smile-labfurniture.com\/product\/medical-experimental-bench-effect\/#breadcrumb\",\"itemListElement\":[{\"@type\":\"ListItem\",\"position\":1,\"name\":\"\u9996\u9875\",\"item\":\"https:\/\/www.smile-labfurniture.com\/\"},{\"@type\":\"ListItem\",\"position\":2,\"name\":\"Shop\",\"item\":\"https:\/\/www.smile-labfurniture.com\/shop\/\"},{\"@type\":\"ListItem\",\"position\":3,\"name\":\"Medical experimental bench\"}]},{\"@type\":\"WebSite\",\"@id\":\"https:\/\/www.smile-labfurniture.com\/#website\",\"url\":\"https:\/\/www.smile-labfurniture.com\/\",\"name\":\"SMILELAB\",\"description\":\"\",\"publisher\":{\"@id\":\"https:\/\/www.smile-labfurniture.com\/#organization\"},\"potentialAction\":[{\"@type\":\"SearchAction\",\"target\":{\"@type\":\"EntryPoint\",\"urlTemplate\":\"https:\/\/www.smile-labfurniture.com\/?s={search_term_string}\"},\"query-input\":{\"@type\":\"PropertyValueSpecification\",\"valueRequired\":true,\"valueName\":\"search_term_string\"}}],\"inLanguage\":\"pt-PT\"},{\"@type\":\"Organization\",\"@id\":\"https:\/\/www.smile-labfurniture.com\/#organization\",\"name\":\"SMILELAB\",\"url\":\"https:\/\/www.smile-labfurniture.com\/\",\"logo\":{\"@type\":\"ImageObject\",\"inLanguage\":\"pt-PT\",\"@id\":\"https:\/\/www.smile-labfurniture.com\/#\/schema\/logo\/image\/\",\"url\":\"https:\/\/www.smile-labfurniture.com\/wp-content\/uploads\/2020\/06\/QQ_1764744017650.png\",\"contentUrl\":\"https:\/\/www.smile-labfurniture.com\/wp-content\/uploads\/2020\/06\/QQ_1764744017650.png\",\"width\":355,\"height\":48,\"caption\":\"SMILELAB\"},\"image\":{\"@id\":\"https:\/\/www.smile-labfurniture.com\/#\/schema\/logo\/image\/\"},\"sameAs\":[\"https:\/\/www.facebook.com\/share\/1DxYQBbYb1\/?mibextid=wwXIfr\"]}]}<\/script>\n<!-- \/ Yoast SEO plugin. -->","yoast_head_json":{"title":"Medical experimental bench - SMILELAB","robots":{"index":"index","follow":"follow","max-snippet":"max-snippet:-1","max-image-preview":"max-image-preview:large","max-video-preview":"max-video-preview:-1"},"canonical":"https:\/\/www.smile-labfurniture.com\/pt\/produto\/medical-experimental-bench-effect\/","og_locale":"pt_PT","og_type":"article","og_title":"Medical experimental bench - SMILELAB","og_description":"Can customize your specifications","og_url":"https:\/\/www.smile-labfurniture.com\/pt\/produto\/medical-experimental-bench-effect\/","og_site_name":"SMILELAB","article_publisher":"https:\/\/www.facebook.com\/share\/1DxYQBbYb1\/?mibextid=wwXIfr","article_modified_time":"2026-01-23T03:44:11+00:00","og_image":[{"width":2590,"height":1605,"url":"https:\/\/www.smile-labfurniture.com\/wp-content\/uploads\/2025\/12\/00cbbc24c125350f72d849f03b7c1e8a.webp","type":"image\/webp"}],"twitter_card":"summary_large_image","twitter_misc":{"Tempo estimado de leitura":"5 minutos"},"schema":{"@context":"https:\/\/schema.org","@graph":[{"@type":"WebPage","@id":"https:\/\/www.smile-labfurniture.com\/product\/medical-experimental-bench-effect\/","url":"https:\/\/www.smile-labfurniture.com\/product\/medical-experimental-bench-effect\/","name":"Medical experimental bench - SMILELAB","isPartOf":{"@id":"https:\/\/www.smile-labfurniture.com\/#website"},"primaryImageOfPage":{"@id":"https:\/\/www.smile-labfurniture.com\/product\/medical-experimental-bench-effect\/#primaryimage"},"image":{"@id":"https:\/\/www.smile-labfurniture.com\/product\/medical-experimental-bench-effect\/#primaryimage"},"thumbnailUrl":"https:\/\/www.smile-labfurniture.com\/wp-content\/uploads\/2025\/12\/00cbbc24c125350f72d849f03b7c1e8a.webp","datePublished":"2025-12-21T09:40:59+00:00","dateModified":"2026-01-23T03:44:11+00:00","breadcrumb":{"@id":"https:\/\/www.smile-labfurniture.com\/product\/medical-experimental-bench-effect\/#breadcrumb"},"inLanguage":"pt-PT","potentialAction":[{"@type":"ReadAction","target":["https:\/\/www.smile-labfurniture.com\/product\/medical-experimental-bench-effect\/"]}]},{"@type":"ImageObject","inLanguage":"pt-PT","@id":"https:\/\/www.smile-labfurniture.com\/product\/medical-experimental-bench-effect\/#primaryimage","url":"https:\/\/www.smile-labfurniture.com\/wp-content\/uploads\/2025\/12\/00cbbc24c125350f72d849f03b7c1e8a.webp","contentUrl":"https:\/\/www.smile-labfurniture.com\/wp-content\/uploads\/2025\/12\/00cbbc24c125350f72d849f03b7c1e8a.webp","width":2590,"height":1605},{"@type":"BreadcrumbList","@id":"https:\/\/www.smile-labfurniture.com\/product\/medical-experimental-bench-effect\/#breadcrumb","itemListElement":[{"@type":"ListItem","position":1,"name":"\u9996\u9875","item":"https:\/\/www.smile-labfurniture.com\/"},{"@type":"ListItem","position":2,"name":"Shop","item":"https:\/\/www.smile-labfurniture.com\/shop\/"},{"@type":"ListItem","position":3,"name":"Medical experimental bench"}]},{"@type":"WebSite","@id":"https:\/\/www.smile-labfurniture.com\/#website","url":"https:\/\/www.smile-labfurniture.com\/","name":"SMILELAB","description":"","publisher":{"@id":"https:\/\/www.smile-labfurniture.com\/#organization"},"potentialAction":[{"@type":"SearchAction","target":{"@type":"EntryPoint","urlTemplate":"https:\/\/www.smile-labfurniture.com\/?s={search_term_string}"},"query-input":{"@type":"PropertyValueSpecification","valueRequired":true,"valueName":"search_term_string"}}],"inLanguage":"pt-PT"},{"@type":"Organization","@id":"https:\/\/www.smile-labfurniture.com\/#organization","name":"SMILELAB","url":"https:\/\/www.smile-labfurniture.com\/","logo":{"@type":"ImageObject","inLanguage":"pt-PT","@id":"https:\/\/www.smile-labfurniture.com\/#\/schema\/logo\/image\/","url":"https:\/\/www.smile-labfurniture.com\/wp-content\/uploads\/2020\/06\/QQ_1764744017650.png","contentUrl":"https:\/\/www.smile-labfurniture.com\/wp-content\/uploads\/2020\/06\/QQ_1764744017650.png","width":355,"height":48,"caption":"SMILELAB"},"image":{"@id":"https:\/\/www.smile-labfurniture.com\/#\/schema\/logo\/image\/"},"sameAs":["https:\/\/www.facebook.com\/share\/1DxYQBbYb1\/?mibextid=wwXIfr"]}]}},"_links":{"self":[{"href":"https:\/\/www.smile-labfurniture.com\/pt\/wp-json\/wp\/v2\/product\/5035","targetHints":{"allow":["GET"]}}],"collection":[{"href":"https:\/\/www.smile-labfurniture.com\/pt\/wp-json\/wp\/v2\/product"}],"about":[{"href":"https:\/\/www.smile-labfurniture.com\/pt\/wp-json\/wp\/v2\/types\/product"}],"replies":[{"embeddable":true,"href":"https:\/\/www.smile-labfurniture.com\/pt\/wp-json\/wp\/v2\/comments?post=5035"}],"wp:featuredmedia":[{"embeddable":true,"href":"https:\/\/www.smile-labfurniture.com\/pt\/wp-json\/wp\/v2\/media\/5036"}],"wp:attachment":[{"href":"https:\/\/www.smile-labfurniture.com\/pt\/wp-json\/wp\/v2\/media?parent=5035"}],"wp:term":[{"taxonomy":"product_cat","embeddable":true,"href":"https:\/\/www.smile-labfurniture.com\/pt\/wp-json\/wp\/v2\/product_cat?post=5035"},{"taxonomy":"product_tag","embeddable":true,"href":"https:\/\/www.smile-labfurniture.com\/pt\/wp-json\/wp\/v2\/product_tag?post=5035"},{"taxonomy":"product_brand","embeddable":true,"href":"https:\/\/www.smile-labfurniture.com\/pt\/wp-json\/wp\/v2\/product_brand?post=5035"}],"curies":[{"name":"wp","href":"https:\/\/api.w.org\/{rel}","templated":true}]}}