{"id":5032,"date":"2025-12-21T09:33:25","date_gmt":"2025-12-21T09:33:25","guid":{"rendered":"http:\/\/www.smile-labfurniture.com\/?post_type=product&#038;p=5032"},"modified":"2026-01-23T03:46:41","modified_gmt":"2026-01-23T03:46:41","slug":"5032","status":"publish","type":"product","link":"https:\/\/www.smile-labfurniture.com\/pt\/produto\/5032\/","title":{"rendered":"Mobili\u00e1rio experimental recomendado totalmente em a\u00e7o"},"content":{"rendered":"<p>Banco experimental em a\u00e7o e madeira<\/p>\n<p>1. Bancada experimental de a\u00e7o e madeira do fabricante da bancada (opcional)<\/p>\n<p>\uff081\uff09\uff0e Feito de placa psicol\u00f3gica de 12,7 mm de espessura.<br \/>\n\uff082\uff09\uff0e Feito de placa Trespa de 13 mm de espessura.<br \/>\n\uff083\uff09\uff0e Usando placa de resina ep\u00f3xi de 20 mm de espessura<br \/>\n\uff084\uff09. Usando placa de cer\u00e2mica de 20 mm de espessura<br \/>\n\uff085\uff09. Usando a placa de grama de 12,7 mm de espessura da Wilsonart<br \/>\n2. Estrutura principal do banco experimental de madeira e a\u00e7o<br \/>\nFabricado em a\u00e7o quadrado de alta qualidade 40*60*2,0mm, a superf\u00edcie foi decapada, fosfatada, uniformemente pulverizada com ep\u00f3xi cinzento-branco, tratada quimicamente contra a ferrugem, resistente \u00e0 corros\u00e3o \u00e1cida e alcalina, tem um bom desempenho de suporte de carga e uma longa vida \u00fatil. Cada grupo de bancadas experimentais independentes pode ser equipado com um disjuntor de seguran\u00e7a para que cada bancada experimental possa controlar independentemente a alimenta\u00e7\u00e3o el\u00e9ctrica.<br \/>\n3. Painel da porta do banco experimental em madeira de a\u00e7o<br \/>\n\u00c9 fabricado em placa de melamina ecol\u00f3gica de alta qualidade de grau E1 com 18 mm de espessura; todas as sec\u00e7\u00f5es s\u00e3o seladas nos bordos e impermeabilizadas com PVC de alta qualidade e os quatro bordos s\u00e3o chanfrados e arredondados.<br \/>\n4. Arm\u00e1rio de bancada experimental em a\u00e7o e madeira<br \/>\n\u00c9 fabricado em placa de melamina cinzenta de alta qualidade e amiga do ambiente, com 18 mm de espessura, de grau E1, com dupla face; todas as superf\u00edcies vis\u00edveis s\u00e3o tratadas com veda\u00e7\u00e3o e impermeabiliza\u00e7\u00e3o de bordos em PVC de alta qualidade. Todos os pain\u00e9is adoptam uma liga\u00e7\u00e3o tr\u00eas em um amov\u00edvel. A estrutura \u00e9 est\u00e1vel, o desempenho de suporte de carga \u00e9 bom e \u00e9 f\u00e1cil de desmontar, o que \u00e9 prop\u00edcio \u00e0 utiliza\u00e7\u00e3o no ambiente de trabalho especial do laborat\u00f3rio.<br \/>\n5. Gavetas de bancada experimental em a\u00e7o e madeira<br \/>\nO material do painel da gaveta \u00e9 o mesmo que o painel da porta, o painel inferior \u00e9 feito de MDF de alta qualidade com 4 mm de espessura de grau E1 e outros materiais s\u00e3o os mesmos que o corpo do arm\u00e1rio.<br \/>\n6. Acess\u00f3rios para bancos experimentais em a\u00e7o e madeira<br \/>\n\uff081\uff09. Pega: A pega \u00e9 feita de a\u00e7o inoxid\u00e1vel, moldada, e a superf\u00edcie \u00e9 tratada quimicamente. Tem uma apar\u00eancia bonita e um design f\u00e1cil de usar.<br \/>\n\uff082\uff09. P\u00e9s ajust\u00e1veis: P\u00e9s ajust\u00e1veis moldados por inje\u00e7\u00e3o especial, suporte de carga, \u00e0 prova de umidade, antiderrapante, antibacteriano e resistente \u00e0 corros\u00e3o. A altura do gabinete pode ser ajustada adequadamente de acordo com o piso interno; a apar\u00eancia \u00e9 bonita e o design \u00e9 f\u00e1cil de usar.<br \/>\n\uff083\uff09. Tomada: Use o soquete de plugue especial de seis furos branco leitoso 220V 16A, adequado para v\u00e1rios plugues de instrumentos nacionais ou importados, seguro e dur\u00e1vel.<br \/>\n\uff084\uff09. Calha de tubula\u00e7\u00e3o: Corpo de linha \u00fanica, estrutura de a\u00e7o, pode ser desmontado para linhas de autoatendimento, apar\u00eancia bonita, segura e conveniente de usar.<br \/>\n\uff085\uff09. Torneira: \u00c9 utilizada uma torneira branca de boca \u00fanica, boca dupla ou tr\u00eas bocas. O bico \u00e9 um tipo de boca pontiaguda de cobre. A cabe\u00e7a alta e a boca \u00fanica giram 360 graus, o que \u00e9 conveniente para uso polivalente. \u00c9 amov\u00edvel para limpeza e obstru\u00e7\u00e3o, e tem um efeito de al\u00edvio de press\u00e3o. O corpo do tubo \u00e9 feito de lat\u00e3o e ouro, e a superf\u00edcie \u00e9 revestida com tinta para evitar ferrugem e corros\u00e3o. O bico \u00e9 amov\u00edvel e tem roscas moldadas no interior, facilitando a liga\u00e7\u00e3o \u00e0 circula\u00e7\u00e3o e a outros tubos de \u00e1gua especiais.<br \/>\n\uff086\uff09. Pia: feita de material PP, moldada, resistente \u00e0 corros\u00e3o \u00e1cida e alcalina, instalada sob a mesa, bonita e pr\u00e1tica, e prop\u00edcia ao retorno natural da \u00e1gua da mesa; as especifica\u00e7\u00f5es variam de pequenas a grandes, e podem ser selecionadas de acordo com as necessidades reais<br \/>\n\uff087\uff09. Rack de gotejamento: material, material PP \/ pol\u00edmero de alta densidade; tamanho do modelo, lado \u00fanico 550 \u00d7 400; existe um orif\u00edcio de drenagem no centro do fundo; haste de gotejamento destac\u00e1vel, f\u00e1cil de usar; m\u00e9todo de instala\u00e7\u00e3o, montado na parede ou na mesa.<br \/>\n\uff088\uff09. Trilho de guia: Ele adota um trilho-guia de tr\u00eas se\u00e7\u00f5es e a superf\u00edcie \u00e9 pulverizada eletrostaticamente com resina ep\u00f3xi preta (galvanizada), que \u00e9 resistente \u00e0 corros\u00e3o e conveniente para os trabalhadores que seguram objetos para operar, e \u00e9 prop\u00edcio para uso no ambiente de trabalho especial do laborat\u00f3rio.<br \/>\n\uff089\uff09. Esta\u00e7\u00e3o de lava-olhos de emerg\u00eancia: cabe\u00e7a de aspers\u00e3o, borracha macia, a \u00e1gua \u00e9 descomprimida para formar uma coluna de \u00e1gua espumosa para evitar danos aos olhos; a tampa \u00e0 prova de poeira, feita de material PP, \u00e9 automaticamente lavada pela \u00e1gua durante o uso; interrutor de bloqueio de fluxo de \u00e1gua, abertura de fluxo de \u00e1gua e fun\u00e7\u00f5es de bloqueio s\u00e3o conclu\u00eddas ao mesmo tempo; v\u00e1lvula de controle de \u00e1gua, v\u00e1lvula de reten\u00e7\u00e3o, sua porta pode ser fechada automaticamente; corpo principal, cobre espessado; revestimento, revestimento de resina ep\u00f3xi de alto brilho, resistente \u00e0 corros\u00e3o, resistente ao calor, radia\u00e7\u00e3o anti-ultravioleta. Empresa de bancadas de experi\u00eancias em a\u00e7o e madeira<\/p>\n<p><img loading=\"lazy\" decoding=\"async\" class=\"alignnone size-full wp-image-5033\" src=\"http:\/\/www.smile-labfurniture.com\/wp-content\/uploads\/2025\/12\/fGAVDZWMF.webp\" alt=\"\" width=\"2600\" height=\"1949\" \/><\/p>","protected":false},"excerpt":{"rendered":"<p>Pode personalizar as suas especifica\u00e7\u00f5es<\/p>","protected":false},"featured_media":5033,"comment_status":"closed","ping_status":"closed","template":"","meta":[],"product_cat":[15],"product_tag":[],"product_brand":[],"class_list":["post-5032","product","type-product","status-publish","has-post-thumbnail","hentry","product_cat-laboratory-furniture"],"yoast_head":"<!-- This site is optimized with the Yoast SEO plugin v26.6 - https:\/\/yoast.com\/wordpress\/plugins\/seo\/ -->\n<title>Recommended all-steel experimental furniture - SMILELAB<\/title>\n<meta name=\"robots\" content=\"index, follow, max-snippet:-1, max-image-preview:large, max-video-preview:-1\" \/>\n<link rel=\"canonical\" href=\"https:\/\/www.smile-labfurniture.com\/pt\/produto\/5032\/\" \/>\n<meta property=\"og:locale\" content=\"pt_PT\" \/>\n<meta property=\"og:type\" content=\"article\" \/>\n<meta property=\"og:title\" content=\"Recommended all-steel experimental furniture - SMILELAB\" \/>\n<meta property=\"og:description\" content=\"Can customize your specifications\" \/>\n<meta property=\"og:url\" content=\"https:\/\/www.smile-labfurniture.com\/pt\/produto\/5032\/\" \/>\n<meta property=\"og:site_name\" content=\"SMILELAB\" \/>\n<meta property=\"article:publisher\" content=\"https:\/\/www.facebook.com\/share\/1DxYQBbYb1\/?mibextid=wwXIfr\" \/>\n<meta property=\"article:modified_time\" content=\"2026-01-23T03:46:41+00:00\" \/>\n<meta property=\"og:image\" content=\"https:\/\/www.smile-labfurniture.com\/wp-content\/uploads\/2025\/12\/fGAVDZWMF.webp\" \/>\n\t<meta property=\"og:image:width\" content=\"2600\" \/>\n\t<meta property=\"og:image:height\" content=\"1949\" \/>\n\t<meta property=\"og:image:type\" content=\"image\/webp\" \/>\n<meta name=\"twitter:card\" content=\"summary_large_image\" \/>\n<meta name=\"twitter:label1\" content=\"Tempo estimado de leitura\" \/>\n\t<meta name=\"twitter:data1\" content=\"4 minutos\" \/>\n<script type=\"application\/ld+json\" class=\"yoast-schema-graph\">{\"@context\":\"https:\/\/schema.org\",\"@graph\":[{\"@type\":\"WebPage\",\"@id\":\"https:\/\/www.smile-labfurniture.com\/product\/5032\/\",\"url\":\"https:\/\/www.smile-labfurniture.com\/product\/5032\/\",\"name\":\"Recommended all-steel experimental furniture - SMILELAB\",\"isPartOf\":{\"@id\":\"https:\/\/www.smile-labfurniture.com\/#website\"},\"primaryImageOfPage\":{\"@id\":\"https:\/\/www.smile-labfurniture.com\/product\/5032\/#primaryimage\"},\"image\":{\"@id\":\"https:\/\/www.smile-labfurniture.com\/product\/5032\/#primaryimage\"},\"thumbnailUrl\":\"https:\/\/www.smile-labfurniture.com\/wp-content\/uploads\/2025\/12\/fGAVDZWMF.webp\",\"datePublished\":\"2025-12-21T09:33:25+00:00\",\"dateModified\":\"2026-01-23T03:46:41+00:00\",\"breadcrumb\":{\"@id\":\"https:\/\/www.smile-labfurniture.com\/product\/5032\/#breadcrumb\"},\"inLanguage\":\"pt-PT\",\"potentialAction\":[{\"@type\":\"ReadAction\",\"target\":[\"https:\/\/www.smile-labfurniture.com\/product\/5032\/\"]}]},{\"@type\":\"ImageObject\",\"inLanguage\":\"pt-PT\",\"@id\":\"https:\/\/www.smile-labfurniture.com\/product\/5032\/#primaryimage\",\"url\":\"https:\/\/www.smile-labfurniture.com\/wp-content\/uploads\/2025\/12\/fGAVDZWMF.webp\",\"contentUrl\":\"https:\/\/www.smile-labfurniture.com\/wp-content\/uploads\/2025\/12\/fGAVDZWMF.webp\",\"width\":2600,\"height\":1949},{\"@type\":\"BreadcrumbList\",\"@id\":\"https:\/\/www.smile-labfurniture.com\/product\/5032\/#breadcrumb\",\"itemListElement\":[{\"@type\":\"ListItem\",\"position\":1,\"name\":\"\u9996\u9875\",\"item\":\"https:\/\/www.smile-labfurniture.com\/\"},{\"@type\":\"ListItem\",\"position\":2,\"name\":\"Shop\",\"item\":\"https:\/\/www.smile-labfurniture.com\/shop\/\"},{\"@type\":\"ListItem\",\"position\":3,\"name\":\"Recommended all-steel experimental furniture\"}]},{\"@type\":\"WebSite\",\"@id\":\"https:\/\/www.smile-labfurniture.com\/#website\",\"url\":\"https:\/\/www.smile-labfurniture.com\/\",\"name\":\"SMILELAB\",\"description\":\"\",\"publisher\":{\"@id\":\"https:\/\/www.smile-labfurniture.com\/#organization\"},\"potentialAction\":[{\"@type\":\"SearchAction\",\"target\":{\"@type\":\"EntryPoint\",\"urlTemplate\":\"https:\/\/www.smile-labfurniture.com\/?s={search_term_string}\"},\"query-input\":{\"@type\":\"PropertyValueSpecification\",\"valueRequired\":true,\"valueName\":\"search_term_string\"}}],\"inLanguage\":\"pt-PT\"},{\"@type\":\"Organization\",\"@id\":\"https:\/\/www.smile-labfurniture.com\/#organization\",\"name\":\"SMILELAB\",\"url\":\"https:\/\/www.smile-labfurniture.com\/\",\"logo\":{\"@type\":\"ImageObject\",\"inLanguage\":\"pt-PT\",\"@id\":\"https:\/\/www.smile-labfurniture.com\/#\/schema\/logo\/image\/\",\"url\":\"https:\/\/www.smile-labfurniture.com\/wp-content\/uploads\/2020\/06\/QQ_1764744017650.png\",\"contentUrl\":\"https:\/\/www.smile-labfurniture.com\/wp-content\/uploads\/2020\/06\/QQ_1764744017650.png\",\"width\":355,\"height\":48,\"caption\":\"SMILELAB\"},\"image\":{\"@id\":\"https:\/\/www.smile-labfurniture.com\/#\/schema\/logo\/image\/\"},\"sameAs\":[\"https:\/\/www.facebook.com\/share\/1DxYQBbYb1\/?mibextid=wwXIfr\"]}]}<\/script>\n<!-- \/ Yoast SEO plugin. -->","yoast_head_json":{"title":"Recommended all-steel experimental furniture - SMILELAB","robots":{"index":"index","follow":"follow","max-snippet":"max-snippet:-1","max-image-preview":"max-image-preview:large","max-video-preview":"max-video-preview:-1"},"canonical":"https:\/\/www.smile-labfurniture.com\/pt\/produto\/5032\/","og_locale":"pt_PT","og_type":"article","og_title":"Recommended all-steel experimental furniture - SMILELAB","og_description":"Can customize your specifications","og_url":"https:\/\/www.smile-labfurniture.com\/pt\/produto\/5032\/","og_site_name":"SMILELAB","article_publisher":"https:\/\/www.facebook.com\/share\/1DxYQBbYb1\/?mibextid=wwXIfr","article_modified_time":"2026-01-23T03:46:41+00:00","og_image":[{"width":2600,"height":1949,"url":"https:\/\/www.smile-labfurniture.com\/wp-content\/uploads\/2025\/12\/fGAVDZWMF.webp","type":"image\/webp"}],"twitter_card":"summary_large_image","twitter_misc":{"Tempo estimado de leitura":"4 minutos"},"schema":{"@context":"https:\/\/schema.org","@graph":[{"@type":"WebPage","@id":"https:\/\/www.smile-labfurniture.com\/product\/5032\/","url":"https:\/\/www.smile-labfurniture.com\/product\/5032\/","name":"Recommended all-steel experimental furniture - SMILELAB","isPartOf":{"@id":"https:\/\/www.smile-labfurniture.com\/#website"},"primaryImageOfPage":{"@id":"https:\/\/www.smile-labfurniture.com\/product\/5032\/#primaryimage"},"image":{"@id":"https:\/\/www.smile-labfurniture.com\/product\/5032\/#primaryimage"},"thumbnailUrl":"https:\/\/www.smile-labfurniture.com\/wp-content\/uploads\/2025\/12\/fGAVDZWMF.webp","datePublished":"2025-12-21T09:33:25+00:00","dateModified":"2026-01-23T03:46:41+00:00","breadcrumb":{"@id":"https:\/\/www.smile-labfurniture.com\/product\/5032\/#breadcrumb"},"inLanguage":"pt-PT","potentialAction":[{"@type":"ReadAction","target":["https:\/\/www.smile-labfurniture.com\/product\/5032\/"]}]},{"@type":"ImageObject","inLanguage":"pt-PT","@id":"https:\/\/www.smile-labfurniture.com\/product\/5032\/#primaryimage","url":"https:\/\/www.smile-labfurniture.com\/wp-content\/uploads\/2025\/12\/fGAVDZWMF.webp","contentUrl":"https:\/\/www.smile-labfurniture.com\/wp-content\/uploads\/2025\/12\/fGAVDZWMF.webp","width":2600,"height":1949},{"@type":"BreadcrumbList","@id":"https:\/\/www.smile-labfurniture.com\/product\/5032\/#breadcrumb","itemListElement":[{"@type":"ListItem","position":1,"name":"\u9996\u9875","item":"https:\/\/www.smile-labfurniture.com\/"},{"@type":"ListItem","position":2,"name":"Shop","item":"https:\/\/www.smile-labfurniture.com\/shop\/"},{"@type":"ListItem","position":3,"name":"Recommended all-steel experimental furniture"}]},{"@type":"WebSite","@id":"https:\/\/www.smile-labfurniture.com\/#website","url":"https:\/\/www.smile-labfurniture.com\/","name":"SMILELAB","description":"","publisher":{"@id":"https:\/\/www.smile-labfurniture.com\/#organization"},"potentialAction":[{"@type":"SearchAction","target":{"@type":"EntryPoint","urlTemplate":"https:\/\/www.smile-labfurniture.com\/?s={search_term_string}"},"query-input":{"@type":"PropertyValueSpecification","valueRequired":true,"valueName":"search_term_string"}}],"inLanguage":"pt-PT"},{"@type":"Organization","@id":"https:\/\/www.smile-labfurniture.com\/#organization","name":"SMILELAB","url":"https:\/\/www.smile-labfurniture.com\/","logo":{"@type":"ImageObject","inLanguage":"pt-PT","@id":"https:\/\/www.smile-labfurniture.com\/#\/schema\/logo\/image\/","url":"https:\/\/www.smile-labfurniture.com\/wp-content\/uploads\/2020\/06\/QQ_1764744017650.png","contentUrl":"https:\/\/www.smile-labfurniture.com\/wp-content\/uploads\/2020\/06\/QQ_1764744017650.png","width":355,"height":48,"caption":"SMILELAB"},"image":{"@id":"https:\/\/www.smile-labfurniture.com\/#\/schema\/logo\/image\/"},"sameAs":["https:\/\/www.facebook.com\/share\/1DxYQBbYb1\/?mibextid=wwXIfr"]}]}},"_links":{"self":[{"href":"https:\/\/www.smile-labfurniture.com\/pt\/wp-json\/wp\/v2\/product\/5032","targetHints":{"allow":["GET"]}}],"collection":[{"href":"https:\/\/www.smile-labfurniture.com\/pt\/wp-json\/wp\/v2\/product"}],"about":[{"href":"https:\/\/www.smile-labfurniture.com\/pt\/wp-json\/wp\/v2\/types\/product"}],"replies":[{"embeddable":true,"href":"https:\/\/www.smile-labfurniture.com\/pt\/wp-json\/wp\/v2\/comments?post=5032"}],"wp:featuredmedia":[{"embeddable":true,"href":"https:\/\/www.smile-labfurniture.com\/pt\/wp-json\/wp\/v2\/media\/5033"}],"wp:attachment":[{"href":"https:\/\/www.smile-labfurniture.com\/pt\/wp-json\/wp\/v2\/media?parent=5032"}],"wp:term":[{"taxonomy":"product_cat","embeddable":true,"href":"https:\/\/www.smile-labfurniture.com\/pt\/wp-json\/wp\/v2\/product_cat?post=5032"},{"taxonomy":"product_tag","embeddable":true,"href":"https:\/\/www.smile-labfurniture.com\/pt\/wp-json\/wp\/v2\/product_tag?post=5032"},{"taxonomy":"product_brand","embeddable":true,"href":"https:\/\/www.smile-labfurniture.com\/pt\/wp-json\/wp\/v2\/product_brand?post=5032"}],"curies":[{"name":"wp","href":"https:\/\/api.w.org\/{rel}","templated":true}]}}