{"id":5024,"date":"2025-12-21T09:12:52","date_gmt":"2025-12-21T09:12:52","guid":{"rendered":"http:\/\/www.smile-labfurniture.com\/?post_type=product&#038;p=5024"},"modified":"2026-01-23T03:49:42","modified_gmt":"2026-01-23T03:49:42","slug":"5024","status":"publish","type":"product","link":"https:\/\/www.smile-labfurniture.com\/pt\/produto\/5024\/","title":{"rendered":"Mobili\u00e1rio de laborat\u00f3rio em a\u00e7o inoxid\u00e1vel"},"content":{"rendered":"<p>1. Especifica\u00e7\u00f5es do banco experimental em a\u00e7o inoxid\u00e1vel (padr\u00e3o)<\/p>\n<p>\uff081). Especifica\u00e7\u00f5es da mesa central: L*1500*850mm<br \/>\n\uff082\uff09. Especifica\u00e7\u00f5es da mesa lateral: L*750*850mm<br \/>\nNota: A bancada experimental em a\u00e7o inoxid\u00e1vel pode ser personalizada com v\u00e1rias especifica\u00e7\u00f5es<br \/>\n2. Tampo de bancada experimental em a\u00e7o inoxid\u00e1vel<br \/>\n\uff081\uff09.201 material de a\u00e7o inoxid\u00e1vel (espessura: 1.2mm-1.5mm)<br \/>\n\uff082\uff09.304 material de a\u00e7o inoxid\u00e1vel (espessura: 1.2mm-1.5mm)<br \/>\n\uff083\uff09.316 material de a\u00e7o inoxid\u00e1vel (espessura: 0.2mm-1.15mm)<br \/>\n\uff084\uff09. Cor: brilhante e escovado.<br \/>\n3. Estrutura da bancada experimental em a\u00e7o inoxid\u00e1vel<br \/>\nSoldada com a\u00e7o inoxid\u00e1vel de alta qualidade (a\u00e7o inoxid\u00e1vel 304 de 1,2 mm), \u00e9 a principal estrutura de suporte da bancada experimental. Todas as pe\u00e7as de trabalho s\u00e3o produzidas atrav\u00e9s de estampagem a g\u00e1s, soldadura de prote\u00e7\u00e3o, polimento e outros processos. Ap\u00f3s a liga\u00e7\u00e3o da mesa de trabalho \u00e0 estrutura de a\u00e7o, esta pode suportar uma carga de 300Kg\/m2. As juntas de soldadura est\u00e3o isentas de rebarbas e de falsas soldaduras e a interface \u00e9 suave. Existem p\u00e9s de ajuste horizontal na jun\u00e7\u00e3o entre a frente e a traseira da estrutura vertical e o ch\u00e3o.<br \/>\n4. Arm\u00e1rio de bancada experimental em a\u00e7o inoxid\u00e1vel<br \/>\nFabricado em placa 304 com 1,0 mm de espessura, as placas s\u00e3o todas cortadas por serras de painel inteligentes com elevada precis\u00e3o e sem arestas. O arm\u00e1rio \u00e9 de design desmont\u00e1vel, com estrutura est\u00e1vel e bom desempenho de suporte de carga. Design combinado, o estilo e o tamanho da combina\u00e7\u00e3o podem ser ajustados de acordo com as necessidades reais dos clientes (Beijing Zhongcosmax Company fornece medi\u00e7\u00e3o e design gratuitos).<br \/>\n5. Pega de bancada experimental em a\u00e7o inoxid\u00e1vel<br \/>\nPega invis\u00edvel de uma palavra, pega em forma de U<br \/>\n6. Carris de guia de bancada experimental em a\u00e7o inoxid\u00e1vel<br \/>\nAs corredi\u00e7as das gavetas utilizam todas corredi\u00e7as de esferas de tr\u00eas sec\u00e7\u00f5es.<br \/>\n7. Dobradi\u00e7a de bancada experimental em a\u00e7o inoxid\u00e1vel<br \/>\nAdopta uma dobradi\u00e7a de fecho autom\u00e1tico com um belo aspeto. Fecha lentamente e sem ru\u00eddo ao abrir e fechar. O anel de veda\u00e7\u00e3o met\u00e1lico \u00e9 anti-ferrugem e super-resistente \u00e0 corros\u00e3o.<br \/>\n8. Bases de bancada experimentais em a\u00e7o inoxid\u00e1vel<br \/>\nOs p\u00e9s regul\u00e1veis em altura t\u00eam as vantagens de serem antiderrapantes, absorverem os choques, serem resistentes \u00e0 corros\u00e3o e terem uma forte capacidade de carga, sendo mais adequados para utiliza\u00e7\u00e3o em ambientes laboratoriais.<br \/>\n9. Bacia de bancada experimental em a\u00e7o inoxid\u00e1vel<br \/>\nBacia de \u00e1gua especial em a\u00e7o inoxid\u00e1vel para laborat\u00f3rio. Especifica\u00e7\u00e3o: 550*450*300 ou especificado pelo comprador; Cor: cor natural.<br \/>\n10. Torneira de bancada experimental em a\u00e7o inoxid\u00e1vel<br \/>\nTorneira de \u00e1gua fria simples de tr\u00eas cabe\u00e7as em pl\u00e1stico com pulveriza\u00e7\u00e3o especial para utiliza\u00e7\u00e3o em laborat\u00f3rio. Especifica\u00e7\u00f5es: tripla\/dupla\/\u00fanica. Material: N\u00facleo de cobre pulverizado\/a\u00e7o inoxid\u00e1vel.<br \/>\n11. Tomada de bancada experimental em a\u00e7o inoxid\u00e1vel<br \/>\nA tomada el\u00e9ctrica espec\u00edfica do laborat\u00f3rio \u00e9 uma tomada multifuncional do tipo caixa inclinada, normalmente utilizada como 220V10A, 16A.<br \/>\n12. Bancada experimental em a\u00e7o inoxid\u00e1vel com suporte de reagentes<br \/>\nSuporte de reagentes opcional, instalado na parte inferior ou superior da prateleira do suporte de reagentes. A estante de reagentes \u00e9 feita de a\u00e7o, f\u00e1cil de instalar e desmontar, e tem um corpo s\u00f3lido. Tem uma placa de prateleira m\u00f3vel que pode ajustar a altura arbitrariamente. A camada da estante de reagentes \u00e9 feita de vidro temperado com 8,0 mm de espessura, e as colunas e pe\u00e7as suspensas s\u00e3o pulverizadas com resina ep\u00f3xi. As prateleiras tamb\u00e9m est\u00e3o dispon\u00edveis em a\u00e7o. A coluna pode ser equipada com inser\u00e7\u00f5es \u00e0 prova de \u00e1gua.<\/p>\n<p><img loading=\"lazy\" decoding=\"async\" class=\"alignnone size-full wp-image-5031\" src=\"http:\/\/www.smile-labfurniture.com\/wp-content\/uploads\/2025\/12\/ef1536d960cc62bb35e7483fdeeb6e90.webp\" alt=\"\" width=\"4736\" height=\"3552\" \/><\/p>","protected":false},"excerpt":{"rendered":"<p>Pode personalizar as suas especifica\u00e7\u00f5es<\/p>","protected":false},"featured_media":5031,"comment_status":"closed","ping_status":"closed","template":"","meta":[],"product_cat":[15],"product_tag":[],"product_brand":[],"class_list":["post-5024","product","type-product","status-publish","has-post-thumbnail","hentry","product_cat-laboratory-furniture"],"yoast_head":"<!-- This site is optimized with the Yoast SEO plugin v26.6 - https:\/\/yoast.com\/wordpress\/plugins\/seo\/ -->\n<title>Stainless steel laboratory furniture - SMILELAB<\/title>\n<meta name=\"robots\" content=\"index, follow, max-snippet:-1, max-image-preview:large, max-video-preview:-1\" \/>\n<link rel=\"canonical\" href=\"https:\/\/www.smile-labfurniture.com\/pt\/produto\/5024\/\" \/>\n<meta property=\"og:locale\" content=\"pt_PT\" \/>\n<meta property=\"og:type\" content=\"article\" \/>\n<meta property=\"og:title\" content=\"Stainless steel laboratory furniture - SMILELAB\" \/>\n<meta property=\"og:description\" content=\"Can customize your specifications\" \/>\n<meta property=\"og:url\" content=\"https:\/\/www.smile-labfurniture.com\/pt\/produto\/5024\/\" \/>\n<meta property=\"og:site_name\" content=\"SMILELAB\" \/>\n<meta property=\"article:publisher\" content=\"https:\/\/www.facebook.com\/share\/1DxYQBbYb1\/?mibextid=wwXIfr\" \/>\n<meta property=\"article:modified_time\" content=\"2026-01-23T03:49:42+00:00\" \/>\n<meta property=\"og:image\" content=\"https:\/\/www.smile-labfurniture.com\/wp-content\/uploads\/2025\/12\/ef1536d960cc62bb35e7483fdeeb6e90.webp\" \/>\n\t<meta property=\"og:image:width\" content=\"4736\" \/>\n\t<meta property=\"og:image:height\" content=\"3552\" \/>\n\t<meta property=\"og:image:type\" content=\"image\/webp\" \/>\n<meta name=\"twitter:card\" content=\"summary_large_image\" \/>\n<meta name=\"twitter:label1\" content=\"Tempo estimado de leitura\" \/>\n\t<meta name=\"twitter:data1\" content=\"3 minutos\" \/>\n<script type=\"application\/ld+json\" class=\"yoast-schema-graph\">{\"@context\":\"https:\/\/schema.org\",\"@graph\":[{\"@type\":\"WebPage\",\"@id\":\"https:\/\/www.smile-labfurniture.com\/product\/5024\/\",\"url\":\"https:\/\/www.smile-labfurniture.com\/product\/5024\/\",\"name\":\"Stainless steel laboratory furniture - SMILELAB\",\"isPartOf\":{\"@id\":\"https:\/\/www.smile-labfurniture.com\/#website\"},\"primaryImageOfPage\":{\"@id\":\"https:\/\/www.smile-labfurniture.com\/product\/5024\/#primaryimage\"},\"image\":{\"@id\":\"https:\/\/www.smile-labfurniture.com\/product\/5024\/#primaryimage\"},\"thumbnailUrl\":\"https:\/\/www.smile-labfurniture.com\/wp-content\/uploads\/2025\/12\/ef1536d960cc62bb35e7483fdeeb6e90.webp\",\"datePublished\":\"2025-12-21T09:12:52+00:00\",\"dateModified\":\"2026-01-23T03:49:42+00:00\",\"breadcrumb\":{\"@id\":\"https:\/\/www.smile-labfurniture.com\/product\/5024\/#breadcrumb\"},\"inLanguage\":\"pt-PT\",\"potentialAction\":[{\"@type\":\"ReadAction\",\"target\":[\"https:\/\/www.smile-labfurniture.com\/product\/5024\/\"]}]},{\"@type\":\"ImageObject\",\"inLanguage\":\"pt-PT\",\"@id\":\"https:\/\/www.smile-labfurniture.com\/product\/5024\/#primaryimage\",\"url\":\"https:\/\/www.smile-labfurniture.com\/wp-content\/uploads\/2025\/12\/ef1536d960cc62bb35e7483fdeeb6e90.webp\",\"contentUrl\":\"https:\/\/www.smile-labfurniture.com\/wp-content\/uploads\/2025\/12\/ef1536d960cc62bb35e7483fdeeb6e90.webp\",\"width\":4736,\"height\":3552},{\"@type\":\"BreadcrumbList\",\"@id\":\"https:\/\/www.smile-labfurniture.com\/product\/5024\/#breadcrumb\",\"itemListElement\":[{\"@type\":\"ListItem\",\"position\":1,\"name\":\"\u9996\u9875\",\"item\":\"https:\/\/www.smile-labfurniture.com\/\"},{\"@type\":\"ListItem\",\"position\":2,\"name\":\"Shop\",\"item\":\"https:\/\/www.smile-labfurniture.com\/shop\/\"},{\"@type\":\"ListItem\",\"position\":3,\"name\":\"Stainless steel laboratory furniture\"}]},{\"@type\":\"WebSite\",\"@id\":\"https:\/\/www.smile-labfurniture.com\/#website\",\"url\":\"https:\/\/www.smile-labfurniture.com\/\",\"name\":\"SMILELAB\",\"description\":\"\",\"publisher\":{\"@id\":\"https:\/\/www.smile-labfurniture.com\/#organization\"},\"potentialAction\":[{\"@type\":\"SearchAction\",\"target\":{\"@type\":\"EntryPoint\",\"urlTemplate\":\"https:\/\/www.smile-labfurniture.com\/?s={search_term_string}\"},\"query-input\":{\"@type\":\"PropertyValueSpecification\",\"valueRequired\":true,\"valueName\":\"search_term_string\"}}],\"inLanguage\":\"pt-PT\"},{\"@type\":\"Organization\",\"@id\":\"https:\/\/www.smile-labfurniture.com\/#organization\",\"name\":\"SMILELAB\",\"url\":\"https:\/\/www.smile-labfurniture.com\/\",\"logo\":{\"@type\":\"ImageObject\",\"inLanguage\":\"pt-PT\",\"@id\":\"https:\/\/www.smile-labfurniture.com\/#\/schema\/logo\/image\/\",\"url\":\"https:\/\/www.smile-labfurniture.com\/wp-content\/uploads\/2020\/06\/QQ_1764744017650.png\",\"contentUrl\":\"https:\/\/www.smile-labfurniture.com\/wp-content\/uploads\/2020\/06\/QQ_1764744017650.png\",\"width\":355,\"height\":48,\"caption\":\"SMILELAB\"},\"image\":{\"@id\":\"https:\/\/www.smile-labfurniture.com\/#\/schema\/logo\/image\/\"},\"sameAs\":[\"https:\/\/www.facebook.com\/share\/1DxYQBbYb1\/?mibextid=wwXIfr\"]}]}<\/script>\n<!-- \/ Yoast SEO plugin. -->","yoast_head_json":{"title":"Stainless steel laboratory furniture - SMILELAB","robots":{"index":"index","follow":"follow","max-snippet":"max-snippet:-1","max-image-preview":"max-image-preview:large","max-video-preview":"max-video-preview:-1"},"canonical":"https:\/\/www.smile-labfurniture.com\/pt\/produto\/5024\/","og_locale":"pt_PT","og_type":"article","og_title":"Stainless steel laboratory furniture - SMILELAB","og_description":"Can customize your specifications","og_url":"https:\/\/www.smile-labfurniture.com\/pt\/produto\/5024\/","og_site_name":"SMILELAB","article_publisher":"https:\/\/www.facebook.com\/share\/1DxYQBbYb1\/?mibextid=wwXIfr","article_modified_time":"2026-01-23T03:49:42+00:00","og_image":[{"width":4736,"height":3552,"url":"https:\/\/www.smile-labfurniture.com\/wp-content\/uploads\/2025\/12\/ef1536d960cc62bb35e7483fdeeb6e90.webp","type":"image\/webp"}],"twitter_card":"summary_large_image","twitter_misc":{"Tempo estimado de leitura":"3 minutos"},"schema":{"@context":"https:\/\/schema.org","@graph":[{"@type":"WebPage","@id":"https:\/\/www.smile-labfurniture.com\/product\/5024\/","url":"https:\/\/www.smile-labfurniture.com\/product\/5024\/","name":"Stainless steel laboratory furniture - SMILELAB","isPartOf":{"@id":"https:\/\/www.smile-labfurniture.com\/#website"},"primaryImageOfPage":{"@id":"https:\/\/www.smile-labfurniture.com\/product\/5024\/#primaryimage"},"image":{"@id":"https:\/\/www.smile-labfurniture.com\/product\/5024\/#primaryimage"},"thumbnailUrl":"https:\/\/www.smile-labfurniture.com\/wp-content\/uploads\/2025\/12\/ef1536d960cc62bb35e7483fdeeb6e90.webp","datePublished":"2025-12-21T09:12:52+00:00","dateModified":"2026-01-23T03:49:42+00:00","breadcrumb":{"@id":"https:\/\/www.smile-labfurniture.com\/product\/5024\/#breadcrumb"},"inLanguage":"pt-PT","potentialAction":[{"@type":"ReadAction","target":["https:\/\/www.smile-labfurniture.com\/product\/5024\/"]}]},{"@type":"ImageObject","inLanguage":"pt-PT","@id":"https:\/\/www.smile-labfurniture.com\/product\/5024\/#primaryimage","url":"https:\/\/www.smile-labfurniture.com\/wp-content\/uploads\/2025\/12\/ef1536d960cc62bb35e7483fdeeb6e90.webp","contentUrl":"https:\/\/www.smile-labfurniture.com\/wp-content\/uploads\/2025\/12\/ef1536d960cc62bb35e7483fdeeb6e90.webp","width":4736,"height":3552},{"@type":"BreadcrumbList","@id":"https:\/\/www.smile-labfurniture.com\/product\/5024\/#breadcrumb","itemListElement":[{"@type":"ListItem","position":1,"name":"\u9996\u9875","item":"https:\/\/www.smile-labfurniture.com\/"},{"@type":"ListItem","position":2,"name":"Shop","item":"https:\/\/www.smile-labfurniture.com\/shop\/"},{"@type":"ListItem","position":3,"name":"Stainless steel laboratory furniture"}]},{"@type":"WebSite","@id":"https:\/\/www.smile-labfurniture.com\/#website","url":"https:\/\/www.smile-labfurniture.com\/","name":"SMILELAB","description":"","publisher":{"@id":"https:\/\/www.smile-labfurniture.com\/#organization"},"potentialAction":[{"@type":"SearchAction","target":{"@type":"EntryPoint","urlTemplate":"https:\/\/www.smile-labfurniture.com\/?s={search_term_string}"},"query-input":{"@type":"PropertyValueSpecification","valueRequired":true,"valueName":"search_term_string"}}],"inLanguage":"pt-PT"},{"@type":"Organization","@id":"https:\/\/www.smile-labfurniture.com\/#organization","name":"SMILELAB","url":"https:\/\/www.smile-labfurniture.com\/","logo":{"@type":"ImageObject","inLanguage":"pt-PT","@id":"https:\/\/www.smile-labfurniture.com\/#\/schema\/logo\/image\/","url":"https:\/\/www.smile-labfurniture.com\/wp-content\/uploads\/2020\/06\/QQ_1764744017650.png","contentUrl":"https:\/\/www.smile-labfurniture.com\/wp-content\/uploads\/2020\/06\/QQ_1764744017650.png","width":355,"height":48,"caption":"SMILELAB"},"image":{"@id":"https:\/\/www.smile-labfurniture.com\/#\/schema\/logo\/image\/"},"sameAs":["https:\/\/www.facebook.com\/share\/1DxYQBbYb1\/?mibextid=wwXIfr"]}]}},"_links":{"self":[{"href":"https:\/\/www.smile-labfurniture.com\/pt\/wp-json\/wp\/v2\/product\/5024","targetHints":{"allow":["GET"]}}],"collection":[{"href":"https:\/\/www.smile-labfurniture.com\/pt\/wp-json\/wp\/v2\/product"}],"about":[{"href":"https:\/\/www.smile-labfurniture.com\/pt\/wp-json\/wp\/v2\/types\/product"}],"replies":[{"embeddable":true,"href":"https:\/\/www.smile-labfurniture.com\/pt\/wp-json\/wp\/v2\/comments?post=5024"}],"wp:featuredmedia":[{"embeddable":true,"href":"https:\/\/www.smile-labfurniture.com\/pt\/wp-json\/wp\/v2\/media\/5031"}],"wp:attachment":[{"href":"https:\/\/www.smile-labfurniture.com\/pt\/wp-json\/wp\/v2\/media?parent=5024"}],"wp:term":[{"taxonomy":"product_cat","embeddable":true,"href":"https:\/\/www.smile-labfurniture.com\/pt\/wp-json\/wp\/v2\/product_cat?post=5024"},{"taxonomy":"product_tag","embeddable":true,"href":"https:\/\/www.smile-labfurniture.com\/pt\/wp-json\/wp\/v2\/product_tag?post=5024"},{"taxonomy":"product_brand","embeddable":true,"href":"https:\/\/www.smile-labfurniture.com\/pt\/wp-json\/wp\/v2\/product_brand?post=5024"}],"curies":[{"name":"wp","href":"https:\/\/api.w.org\/{rel}","templated":true}]}}