{"id":5021,"date":"2025-12-21T09:07:46","date_gmt":"2025-12-21T09:07:46","guid":{"rendered":"http:\/\/www.smile-labfurniture.com\/?post_type=product&#038;p=5021"},"modified":"2026-01-23T03:50:22","modified_gmt":"2026-01-23T03:50:22","slug":"5021","status":"publish","type":"product","link":"https:\/\/www.smile-labfurniture.com\/pt\/produto\/5021\/","title":{"rendered":"Mobili\u00e1rio de laborat\u00f3rio em PP"},"content":{"rendered":"<p>1. Arm\u00e1rio de bancada experimental em PP<\/p>\n<p>A estrutura principal do banco experimental \u00e9 feita de placa de PP (polipropileno) de material puro de alta qualidade, resistente a \u00e1cidos e \u00e1lcalis, com 8 mm de espessura, que \u00e9 soldada com varetas de soldadura da mesma cor e homog\u00e9neas. Tem uma excelente resist\u00eancia a \u00e1cidos e \u00e1lcalis e uma excelente resist\u00eancia \u00e0s intemp\u00e9ries. Ap\u00f3s o processo de flex\u00e3o, as colunas formam uma \u201cestrutura de tubo quadrado\u201d e uma estrutura em forma de \u201cT\u201d, que pode obter uma boa capacidade de carga.<br \/>\n2. Bancada experimental em PP<br \/>\nFabricado em material PP polipropileno porcelana branco 20mm. Outras op\u00e7\u00f5es: placas s\u00f3lidas f\u00edsicas e qu\u00edmicas, placas de resina ep\u00f3xi, placas de cer\u00e2mica.<br \/>\n3. Arm\u00e1rio de parede de bancada experimental em PP<br \/>\n\u00c9 feito de material de porcelana PP polipropileno anti-corros\u00e3o branco de 10 mm e \u00e9 soldado manualmente de forma profissional com a mesma cor de vareta de soldadura.<br \/>\n4. Suporte de reagentes para bancada experimental em PP<br \/>\n\u00c9 feito de material de porcelana PP polipropileno anti-corros\u00e3o branco de 10 mm e \u00e9 soldado manualmente de forma profissional com a mesma cor de vareta de soldadura.<br \/>\n5. Calha deslizante para banco de ensaio PP<br \/>\n\u00c9 totalmente soldada \u00e0 m\u00e3o e possui um sistema de deslizamento autom\u00e1tico.<br \/>\n6. Tomada de banco de ensaio PP<br \/>\nFeito de moldagem por inje\u00e7\u00e3o \u00fanica utilizando ferramentas abrasivas PP, \u00e9 \u00e0 prova de \u00e1gua e equipado com tomadas multifuncionais de alta qualidade. 10A, 20A, 30A.<br \/>\n7. Acess\u00f3rios do fabricante do banco de ensaio PP<br \/>\nPega da porta: material PP resistente a \u00e1cidos e \u00e1lcalis, fabricado por moldagem por inje\u00e7\u00e3o \u00fanica (cores dispon\u00edveis: azul, branco magn\u00e9tico, cinzento claro, cinzento escuro)<br \/>\nDobradi\u00e7a da porta: material PP resistente a \u00e1cidos e \u00e1lcalis, fabricado por moldagem por inje\u00e7\u00e3o \u00fanica (cores dispon\u00edveis: azul, branco magn\u00e9tico, cinzento claro, cinzento escuro)<br \/>\nM\u00e9todo de liga\u00e7\u00e3o do arm\u00e1rio: parafusos de nylon profissionais de alta resist\u00eancia para autom\u00f3veis ou parafusos de a\u00e7o inoxid\u00e1vel.<\/p>\n<p>Empresa fabricante de bancos de ensaio PP<\/p>\n<p><img loading=\"lazy\" decoding=\"async\" class=\"alignnone size-full wp-image-5029\" src=\"http:\/\/www.smile-labfurniture.com\/wp-content\/uploads\/2025\/12\/fGASbR5VT.webp\" alt=\"\" width=\"3212\" height=\"3200\" srcset=\"https:\/\/www.smile-labfurniture.com\/wp-content\/uploads\/2025\/12\/fGASbR5VT.webp 3212w, https:\/\/www.smile-labfurniture.com\/wp-content\/uploads\/2025\/12\/fGASbR5VT-300x300.webp 300w\" sizes=\"auto, (max-width: 3212px) 100vw, 3212px\" \/><\/p>","protected":false},"excerpt":{"rendered":"<h4><strong>Pode personalizar as suas especifica\u00e7\u00f5es<\/strong><\/h4>","protected":false},"featured_media":5029,"comment_status":"closed","ping_status":"closed","template":"","meta":[],"product_cat":[15],"product_tag":[],"product_brand":[],"class_list":["post-5021","product","type-product","status-publish","has-post-thumbnail","hentry","product_cat-laboratory-furniture"],"yoast_head":"<!-- This site is optimized with the Yoast SEO plugin v26.6 - https:\/\/yoast.com\/wordpress\/plugins\/seo\/ -->\n<title>PP laboratory furniture - SMILELAB<\/title>\n<meta name=\"robots\" content=\"index, follow, max-snippet:-1, max-image-preview:large, max-video-preview:-1\" \/>\n<link rel=\"canonical\" href=\"https:\/\/www.smile-labfurniture.com\/pt\/produto\/5021\/\" \/>\n<meta property=\"og:locale\" content=\"pt_PT\" \/>\n<meta property=\"og:type\" content=\"article\" \/>\n<meta property=\"og:title\" content=\"PP laboratory furniture - SMILELAB\" \/>\n<meta property=\"og:description\" content=\"Can customize your specifications\" \/>\n<meta property=\"og:url\" content=\"https:\/\/www.smile-labfurniture.com\/pt\/produto\/5021\/\" \/>\n<meta property=\"og:site_name\" content=\"SMILELAB\" \/>\n<meta property=\"article:publisher\" content=\"https:\/\/www.facebook.com\/share\/1DxYQBbYb1\/?mibextid=wwXIfr\" \/>\n<meta property=\"article:modified_time\" content=\"2026-01-23T03:50:22+00:00\" \/>\n<meta property=\"og:image\" content=\"https:\/\/www.smile-labfurniture.com\/wp-content\/uploads\/2025\/12\/fGASbR5VT.webp\" \/>\n\t<meta property=\"og:image:width\" content=\"3212\" \/>\n\t<meta property=\"og:image:height\" content=\"3200\" \/>\n\t<meta property=\"og:image:type\" content=\"image\/webp\" \/>\n<meta name=\"twitter:card\" content=\"summary_large_image\" \/>\n<meta name=\"twitter:label1\" content=\"Tempo estimado de leitura\" \/>\n\t<meta name=\"twitter:data1\" content=\"2 minutos\" \/>\n<script type=\"application\/ld+json\" class=\"yoast-schema-graph\">{\"@context\":\"https:\/\/schema.org\",\"@graph\":[{\"@type\":\"WebPage\",\"@id\":\"https:\/\/www.smile-labfurniture.com\/product\/5021\/\",\"url\":\"https:\/\/www.smile-labfurniture.com\/product\/5021\/\",\"name\":\"PP laboratory furniture - SMILELAB\",\"isPartOf\":{\"@id\":\"https:\/\/www.smile-labfurniture.com\/#website\"},\"primaryImageOfPage\":{\"@id\":\"https:\/\/www.smile-labfurniture.com\/product\/5021\/#primaryimage\"},\"image\":{\"@id\":\"https:\/\/www.smile-labfurniture.com\/product\/5021\/#primaryimage\"},\"thumbnailUrl\":\"https:\/\/www.smile-labfurniture.com\/wp-content\/uploads\/2025\/12\/fGASbR5VT.webp\",\"datePublished\":\"2025-12-21T09:07:46+00:00\",\"dateModified\":\"2026-01-23T03:50:22+00:00\",\"breadcrumb\":{\"@id\":\"https:\/\/www.smile-labfurniture.com\/product\/5021\/#breadcrumb\"},\"inLanguage\":\"pt-PT\",\"potentialAction\":[{\"@type\":\"ReadAction\",\"target\":[\"https:\/\/www.smile-labfurniture.com\/product\/5021\/\"]}]},{\"@type\":\"ImageObject\",\"inLanguage\":\"pt-PT\",\"@id\":\"https:\/\/www.smile-labfurniture.com\/product\/5021\/#primaryimage\",\"url\":\"https:\/\/www.smile-labfurniture.com\/wp-content\/uploads\/2025\/12\/fGASbR5VT.webp\",\"contentUrl\":\"https:\/\/www.smile-labfurniture.com\/wp-content\/uploads\/2025\/12\/fGASbR5VT.webp\",\"width\":3212,\"height\":3200},{\"@type\":\"BreadcrumbList\",\"@id\":\"https:\/\/www.smile-labfurniture.com\/product\/5021\/#breadcrumb\",\"itemListElement\":[{\"@type\":\"ListItem\",\"position\":1,\"name\":\"\u9996\u9875\",\"item\":\"https:\/\/www.smile-labfurniture.com\/\"},{\"@type\":\"ListItem\",\"position\":2,\"name\":\"Shop\",\"item\":\"https:\/\/www.smile-labfurniture.com\/shop\/\"},{\"@type\":\"ListItem\",\"position\":3,\"name\":\"PP laboratory furniture\"}]},{\"@type\":\"WebSite\",\"@id\":\"https:\/\/www.smile-labfurniture.com\/#website\",\"url\":\"https:\/\/www.smile-labfurniture.com\/\",\"name\":\"SMILELAB\",\"description\":\"\",\"publisher\":{\"@id\":\"https:\/\/www.smile-labfurniture.com\/#organization\"},\"potentialAction\":[{\"@type\":\"SearchAction\",\"target\":{\"@type\":\"EntryPoint\",\"urlTemplate\":\"https:\/\/www.smile-labfurniture.com\/?s={search_term_string}\"},\"query-input\":{\"@type\":\"PropertyValueSpecification\",\"valueRequired\":true,\"valueName\":\"search_term_string\"}}],\"inLanguage\":\"pt-PT\"},{\"@type\":\"Organization\",\"@id\":\"https:\/\/www.smile-labfurniture.com\/#organization\",\"name\":\"SMILELAB\",\"url\":\"https:\/\/www.smile-labfurniture.com\/\",\"logo\":{\"@type\":\"ImageObject\",\"inLanguage\":\"pt-PT\",\"@id\":\"https:\/\/www.smile-labfurniture.com\/#\/schema\/logo\/image\/\",\"url\":\"https:\/\/www.smile-labfurniture.com\/wp-content\/uploads\/2020\/06\/QQ_1764744017650.png\",\"contentUrl\":\"https:\/\/www.smile-labfurniture.com\/wp-content\/uploads\/2020\/06\/QQ_1764744017650.png\",\"width\":355,\"height\":48,\"caption\":\"SMILELAB\"},\"image\":{\"@id\":\"https:\/\/www.smile-labfurniture.com\/#\/schema\/logo\/image\/\"},\"sameAs\":[\"https:\/\/www.facebook.com\/share\/1DxYQBbYb1\/?mibextid=wwXIfr\"]}]}<\/script>\n<!-- \/ Yoast SEO plugin. -->","yoast_head_json":{"title":"PP laboratory furniture - SMILELAB","robots":{"index":"index","follow":"follow","max-snippet":"max-snippet:-1","max-image-preview":"max-image-preview:large","max-video-preview":"max-video-preview:-1"},"canonical":"https:\/\/www.smile-labfurniture.com\/pt\/produto\/5021\/","og_locale":"pt_PT","og_type":"article","og_title":"PP laboratory furniture - SMILELAB","og_description":"Can customize your specifications","og_url":"https:\/\/www.smile-labfurniture.com\/pt\/produto\/5021\/","og_site_name":"SMILELAB","article_publisher":"https:\/\/www.facebook.com\/share\/1DxYQBbYb1\/?mibextid=wwXIfr","article_modified_time":"2026-01-23T03:50:22+00:00","og_image":[{"width":3212,"height":3200,"url":"https:\/\/www.smile-labfurniture.com\/wp-content\/uploads\/2025\/12\/fGASbR5VT.webp","type":"image\/webp"}],"twitter_card":"summary_large_image","twitter_misc":{"Tempo estimado de leitura":"2 minutos"},"schema":{"@context":"https:\/\/schema.org","@graph":[{"@type":"WebPage","@id":"https:\/\/www.smile-labfurniture.com\/product\/5021\/","url":"https:\/\/www.smile-labfurniture.com\/product\/5021\/","name":"PP laboratory furniture - SMILELAB","isPartOf":{"@id":"https:\/\/www.smile-labfurniture.com\/#website"},"primaryImageOfPage":{"@id":"https:\/\/www.smile-labfurniture.com\/product\/5021\/#primaryimage"},"image":{"@id":"https:\/\/www.smile-labfurniture.com\/product\/5021\/#primaryimage"},"thumbnailUrl":"https:\/\/www.smile-labfurniture.com\/wp-content\/uploads\/2025\/12\/fGASbR5VT.webp","datePublished":"2025-12-21T09:07:46+00:00","dateModified":"2026-01-23T03:50:22+00:00","breadcrumb":{"@id":"https:\/\/www.smile-labfurniture.com\/product\/5021\/#breadcrumb"},"inLanguage":"pt-PT","potentialAction":[{"@type":"ReadAction","target":["https:\/\/www.smile-labfurniture.com\/product\/5021\/"]}]},{"@type":"ImageObject","inLanguage":"pt-PT","@id":"https:\/\/www.smile-labfurniture.com\/product\/5021\/#primaryimage","url":"https:\/\/www.smile-labfurniture.com\/wp-content\/uploads\/2025\/12\/fGASbR5VT.webp","contentUrl":"https:\/\/www.smile-labfurniture.com\/wp-content\/uploads\/2025\/12\/fGASbR5VT.webp","width":3212,"height":3200},{"@type":"BreadcrumbList","@id":"https:\/\/www.smile-labfurniture.com\/product\/5021\/#breadcrumb","itemListElement":[{"@type":"ListItem","position":1,"name":"\u9996\u9875","item":"https:\/\/www.smile-labfurniture.com\/"},{"@type":"ListItem","position":2,"name":"Shop","item":"https:\/\/www.smile-labfurniture.com\/shop\/"},{"@type":"ListItem","position":3,"name":"PP laboratory furniture"}]},{"@type":"WebSite","@id":"https:\/\/www.smile-labfurniture.com\/#website","url":"https:\/\/www.smile-labfurniture.com\/","name":"SMILELAB","description":"","publisher":{"@id":"https:\/\/www.smile-labfurniture.com\/#organization"},"potentialAction":[{"@type":"SearchAction","target":{"@type":"EntryPoint","urlTemplate":"https:\/\/www.smile-labfurniture.com\/?s={search_term_string}"},"query-input":{"@type":"PropertyValueSpecification","valueRequired":true,"valueName":"search_term_string"}}],"inLanguage":"pt-PT"},{"@type":"Organization","@id":"https:\/\/www.smile-labfurniture.com\/#organization","name":"SMILELAB","url":"https:\/\/www.smile-labfurniture.com\/","logo":{"@type":"ImageObject","inLanguage":"pt-PT","@id":"https:\/\/www.smile-labfurniture.com\/#\/schema\/logo\/image\/","url":"https:\/\/www.smile-labfurniture.com\/wp-content\/uploads\/2020\/06\/QQ_1764744017650.png","contentUrl":"https:\/\/www.smile-labfurniture.com\/wp-content\/uploads\/2020\/06\/QQ_1764744017650.png","width":355,"height":48,"caption":"SMILELAB"},"image":{"@id":"https:\/\/www.smile-labfurniture.com\/#\/schema\/logo\/image\/"},"sameAs":["https:\/\/www.facebook.com\/share\/1DxYQBbYb1\/?mibextid=wwXIfr"]}]}},"_links":{"self":[{"href":"https:\/\/www.smile-labfurniture.com\/pt\/wp-json\/wp\/v2\/product\/5021","targetHints":{"allow":["GET"]}}],"collection":[{"href":"https:\/\/www.smile-labfurniture.com\/pt\/wp-json\/wp\/v2\/product"}],"about":[{"href":"https:\/\/www.smile-labfurniture.com\/pt\/wp-json\/wp\/v2\/types\/product"}],"replies":[{"embeddable":true,"href":"https:\/\/www.smile-labfurniture.com\/pt\/wp-json\/wp\/v2\/comments?post=5021"}],"wp:featuredmedia":[{"embeddable":true,"href":"https:\/\/www.smile-labfurniture.com\/pt\/wp-json\/wp\/v2\/media\/5029"}],"wp:attachment":[{"href":"https:\/\/www.smile-labfurniture.com\/pt\/wp-json\/wp\/v2\/media?parent=5021"}],"wp:term":[{"taxonomy":"product_cat","embeddable":true,"href":"https:\/\/www.smile-labfurniture.com\/pt\/wp-json\/wp\/v2\/product_cat?post=5021"},{"taxonomy":"product_tag","embeddable":true,"href":"https:\/\/www.smile-labfurniture.com\/pt\/wp-json\/wp\/v2\/product_tag?post=5021"},{"taxonomy":"product_brand","embeddable":true,"href":"https:\/\/www.smile-labfurniture.com\/pt\/wp-json\/wp\/v2\/product_brand?post=5021"}],"curies":[{"name":"wp","href":"https:\/\/api.w.org\/{rel}","templated":true}]}}