{"id":5017,"date":"2025-12-21T09:03:58","date_gmt":"2025-12-21T09:03:58","guid":{"rendered":"http:\/\/www.smile-labfurniture.com\/?post_type=product&#038;p=5017"},"modified":"2026-01-23T04:03:23","modified_gmt":"2026-01-23T04:03:23","slug":"5017","status":"publish","type":"product","link":"https:\/\/www.smile-labfurniture.com\/pt\/produto\/5017\/","title":{"rendered":"Mobili\u00e1rio de laborat\u00f3rio recomendado totalmente em a\u00e7o"},"content":{"rendered":"<h2 style=\"text-align: center;\"><strong>Banco de ensaio totalmente em a\u00e7o<\/strong><\/h2>\n<p>O banco experimental totalmente em a\u00e7o \u00e9 um tipo de mobili\u00e1rio relativamente especial. A bancada experimental com estrutura totalmente em a\u00e7o n\u00e3o s\u00f3 deve ter excelentes fun\u00e7\u00f5es, mas tamb\u00e9m ter uma apar\u00eancia e cor limpas e claras para melhorar o ambiente interior e refletir as carater\u00edsticas da \u00e9poca. A bancada experimental com estrutura em a\u00e7o \u00e9 tamb\u00e9m o principal produto para novos laborat\u00f3rios e renova\u00e7\u00f5es de laborat\u00f3rios no meu pa\u00eds. O banco experimental concebido desta vez \u00e9 uma estrutura totalmente em a\u00e7o. As estruturas de a\u00e7o s\u00e3o estruturas extremamente est\u00e1veis, capazes de suportar cargas elevadas. Pode ser utilizada como plataforma de trabalho, sistema de emiss\u00e3o de gases e v\u00e1rios instrumentos experimentais. O importante \u00e9 que a estrutura de a\u00e7o seja soldada verticalmente com a\u00e7o quadrado especial, para que os trabalhadores possam mont\u00e1-la de forma est\u00e1vel e, ao mesmo tempo, distribuir uniformemente a carga total pelo ch\u00e3o.<\/p>\n<p>1. Painel de bancada experimental totalmente em a\u00e7o<br \/>\n1. Bancada anti-corros\u00e3o: Bancada de placa s\u00f3lida de 12,7 mm. Cor: preto\/branco.<br \/>\n2\uff0e T\u00e1bua Trespa nacional (ou importada), com 13 mm de espessura.<br \/>\n3\uff0e Placa de resina ep\u00f3xi dom\u00e9stica, com 15 mm de espessura.<br \/>\n4. Placa de cer\u00e2mica dom\u00e9stica, 20 mm de espessura.<br \/>\n5. Os materiais para tampos de mesa acima referidos satisfazem plenamente os requisitos de resist\u00eancia \u00e0 corros\u00e3o em laborat\u00f3rio e de resist\u00eancia a \u00e1cidos e \u00e1lcalis.<br \/>\n6. Existem tamb\u00e9m outras bancadas importadas,<br \/>\n2. Arm\u00e1rio de bancada experimental totalmente em a\u00e7o<br \/>\n\u00c9 uma estrutura de ch\u00e3o totalmente em a\u00e7o e pode ser utilizada isoladamente ou em combina\u00e7\u00e3o. A altura do arm\u00e1rio \u00e9 de 800-850 mm.<br \/>\n1. Corpo do arm\u00e1rio (placa inferior, placa posterior): Feito de chapa de a\u00e7o Baosteel laminada a frio com 1,0 mm de espessura, processada por desengorduramento, lavagem com \u00e1gua, decapagem, neutraliza\u00e7\u00e3o da lavagem com \u00e1gua, fosfata\u00e7\u00e3o, lavagem com \u00e1gua e pulveriza\u00e7\u00e3o de resina ep\u00f3xi. Cor: 27# azul enrugado-22# branco enrugado, 66# azul-93# branco, 68# azul-144# camelo, 79# cinzento-93# branco (opcional)<\/p>\n<p>Bloco de amostras totalmente em a\u00e7o.jpg<\/p>\n<p>2. Placa lateral: Fabricada em chapa de a\u00e7o Baosteel laminada a frio com 1,0 mm de espessura, processada por desengorduramento, lavagem com \u00e1gua, decapagem, neutraliza\u00e7\u00e3o da lavagem com \u00e1gua, fosfata\u00e7\u00e3o, lavagem com \u00e1gua e pulveriza\u00e7\u00e3o de resina ep\u00f3xi.<br \/>\n3. Laminado: Placa de a\u00e7o Baosteel laminada a frio com 1,0 mm de espessura, processada por desengorduramento, lavagem com \u00e1gua, decapagem, neutraliza\u00e7\u00e3o da lavagem com \u00e1gua, fosfata\u00e7\u00e3o, lavagem com \u00e1gua e pulveriza\u00e7\u00e3o de resina ep\u00f3xi. A dist\u00e2ncia entre as sec\u00e7\u00f5es superior e inferior do laminado \u00e9 de 15 mm por grelha.<br \/>\n4. Pain\u00e9is de porta e torneiras: Fabricados com placas de a\u00e7o Baosteel laminadas a frio de dupla camada com 1,0 mm de espessura, processadas por desengorduramento, lavagem com \u00e1gua, decapagem, neutraliza\u00e7\u00e3o da lavagem com \u00e1gua, fosfata\u00e7\u00e3o, lavagem com \u00e1gua e pulveriza\u00e7\u00e3o de resina ep\u00f3xi. A sandu\u00edche tem material de absor\u00e7\u00e3o de som.<br \/>\n5. Viga de refor\u00e7o superior, viga interm\u00e9dia, calha de guia da gaveta, estrutura de suporte do lava-loi\u00e7a: feita de chapa de a\u00e7o Baosteel laminada a frio com 2,0 mm de espessura, desengorduramento, lavagem com \u00e1gua, decapagem, neutraliza\u00e7\u00e3o da lavagem com \u00e1gua, fosfata\u00e7\u00e3o, lavagem com \u00e1gua e tratamento de pulveriza\u00e7\u00e3o com resina ep\u00f3xi.<br \/>\n6. Placa de suporte do p\u00e9 de ajuste: Fabricada em chapa de a\u00e7o Baosteel laminada a frio com 3,0 mm de espessura, processada por desengorduramento, lavagem com \u00e1gua, decapagem, neutraliza\u00e7\u00e3o da lavagem com \u00e1gua, fosfata\u00e7\u00e3o, lavagem com \u00e1gua e pulveriza\u00e7\u00e3o de resina ep\u00f3xi.<br \/>\n7. Gaveta: Painel inferior, pain\u00e9is laterais e painel traseiro: Fabricado em chapa de a\u00e7o Baosteel laminada a frio com 1,0 mm de espessura, desengordurada, lavada com \u00e1gua, decapada, neutralizada com \u00e1gua, fosfatada, lavada com \u00e1gua e pulverizada com resina ep\u00f3xi.<br \/>\n8. T\u00e1bua de veda\u00e7\u00e3o decorativa: Quando houver um espa\u00e7o entre os arm\u00e1rios inferiores ou entre os arm\u00e1rios inferiores e a parede, utilize placas de veda\u00e7\u00e3o decorativas do mesmo material e cor que os arm\u00e1rios inferiores para o cobrir.<br \/>\n9. Colunas de calha para condutas de a\u00e7o: uma conce\u00e7\u00e3o combinada e amov\u00edvel.<br \/>\n10. Outras normas de conce\u00e7\u00e3o estrutural: A parte da frente de todos os arm\u00e1rios-base tem uma estrutura embutida de montagem plana; com exce\u00e7\u00e3o da parte rebaixada na parte da frente, os rodap\u00e9s s\u00e3o formados integralmente com as chapas de a\u00e7o do arm\u00e1rio em ambos os lados; n\u00e3o existe um pilar vertical central a bloquear as duas portas de todos os arm\u00e1rios-base de duas portas.<br \/>\n11. Canal de servi\u00e7o: Existe um canal de servi\u00e7o afastado da parede por detr\u00e1s do arm\u00e1rio baixo, que \u00e9 utilizado para colocar as condutas de eletricidade, \u00e1gua e g\u00e1s para ocultar o design.<br \/>\n3. Acess\u00f3rios de bancada experimental totalmente em a\u00e7o<br \/>\n1. Pega: Cabo em forma de C em a\u00e7o inoxid\u00e1vel ou cabo reto em liga de alum\u00ednio, que pode ser selecionado de acordo com as necessidades do utilizador.<br \/>\n2. Dobradi\u00e7a: dobradi\u00e7a italiana FGV com abertura de 90\u00b0, em a\u00e7o inoxid\u00e1vel.<br \/>\n3. Faixa de jun\u00e7\u00e3o da porta: feita de cloreto de polivinilo.<br \/>\n4. Grupo de fivela de porta: Feito de material de nylon.<br \/>\n5. Gancho de prateleira: feito de chapa de a\u00e7o inoxid\u00e1vel com 1,2 mm de espessura.<br \/>\n6. Calha de deslizamento: Calha de deslizamento silenciosa de 450 mm de comprimento com base na FGV italiana<br \/>\n7. Dispositivo de prote\u00e7\u00e3o da porta da gaveta: feito de material de borracha.<br \/>\n8. P\u00e9s de regula\u00e7\u00e3o: Parafusos M10mm (galvanoplastia); P\u00e9s regul\u00e1veis: almofadas de borracha antiderrapantes que absorvem os choques, p\u00e9s com estrutura em a\u00e7o de alta resist\u00eancia<br \/>\n4. Suporte de reagentes para bancada experimental totalmente em a\u00e7o<br \/>\nO fabricante do banco experimental tem um design montado numa mesa para facilitar a configura\u00e7\u00e3o, a adi\u00e7\u00e3o, a elimina\u00e7\u00e3o e a desmontagem.<br \/>\n1. Pilar de a\u00e7o: Feito de chapa de a\u00e7o laminado a frio Baosteel com 1,5 mm de espessura, processado por desengorduramento, lavagem com \u00e1gua, decapagem, neutraliza\u00e7\u00e3o da lavagem com \u00e1gua, fosfata\u00e7\u00e3o, lavagem com \u00e1gua e pulveriza\u00e7\u00e3o de resina ep\u00f3xi. A coluna tem uma fila inteira de orif\u00edcios para pendurar as prateleiras ajust\u00e1veis. A dist\u00e2ncia de ajuste para cima e para baixo entre os orif\u00edcios de suspens\u00e3o \u00e9 de cerca de 40 mm por grelha.<br \/>\n2. Prateleira: dividida em camadas superior e inferior, feita de vidro temperado com 10 mm de espessura, com guardas de prote\u00e7\u00e3o em a\u00e7o inoxid\u00e1vel no bordo exterior da prateleira.<br \/>\n3. Dispositivo de alimenta\u00e7\u00e3o el\u00e9ctrica.<br \/>\n4. Caixa de arame de a\u00e7o: Fabricada em chapa de a\u00e7o Baosteel laminada a frio com 1,0 mm de espessura, processada por desengorduramento, lavagem com \u00e1gua, decapagem, neutraliza\u00e7\u00e3o da lavagem com \u00e1gua, fosfata\u00e7\u00e3o, lavagem com \u00e1gua e pulveriza\u00e7\u00e3o de resina ep\u00f3xi.<\/p>\n<p>5. Tomada: Tomada multifun\u00e7\u00f5es universal 220V\/10A.<\/p>\n<p>Empresa fabricante de bancos de ensaio em a\u00e7o<\/p>\n<p><img loading=\"lazy\" decoding=\"async\" class=\"alignnone size-full wp-image-5161\" src=\"https:\/\/www.smile-labfurniture.com\/wp-content\/uploads\/2025\/12\/fEfAtaMD4-1.webp\" alt=\"\" width=\"2668\" height=\"2000\" srcset=\"https:\/\/www.smile-labfurniture.com\/wp-content\/uploads\/2025\/12\/fEfAtaMD4-1.webp 2668w, https:\/\/www.smile-labfurniture.com\/wp-content\/uploads\/2025\/12\/fEfAtaMD4-1-300x225.webp 300w, https:\/\/www.smile-labfurniture.com\/wp-content\/uploads\/2025\/12\/fEfAtaMD4-1-16x12.webp 16w\" sizes=\"auto, (max-width: 2668px) 100vw, 2668px\" \/><\/p>","protected":false},"excerpt":{"rendered":"<h4><strong>Pode personalizar as suas especifica\u00e7\u00f5es<\/strong><\/h4>","protected":false},"featured_media":5018,"comment_status":"closed","ping_status":"closed","template":"","meta":[],"product_cat":[15],"product_tag":[],"product_brand":[],"class_list":["post-5017","product","type-product","status-publish","has-post-thumbnail","hentry","product_cat-laboratory-furniture"],"yoast_head":"<!-- This site is optimized with the Yoast SEO plugin v26.6 - https:\/\/yoast.com\/wordpress\/plugins\/seo\/ -->\n<title>Recommended all-steel laboratory furniture - SMILELAB<\/title>\n<meta name=\"robots\" content=\"index, follow, max-snippet:-1, max-image-preview:large, max-video-preview:-1\" \/>\n<link rel=\"canonical\" href=\"https:\/\/www.smile-labfurniture.com\/pt\/produto\/5017\/\" \/>\n<meta property=\"og:locale\" content=\"pt_PT\" \/>\n<meta property=\"og:type\" content=\"article\" \/>\n<meta property=\"og:title\" content=\"Recommended all-steel laboratory furniture - SMILELAB\" \/>\n<meta property=\"og:description\" content=\"Can customize your specifications\" \/>\n<meta property=\"og:url\" content=\"https:\/\/www.smile-labfurniture.com\/pt\/produto\/5017\/\" \/>\n<meta property=\"og:site_name\" content=\"SMILELAB\" \/>\n<meta property=\"article:publisher\" content=\"https:\/\/www.facebook.com\/share\/1DxYQBbYb1\/?mibextid=wwXIfr\" \/>\n<meta property=\"article:modified_time\" content=\"2026-01-23T04:03:23+00:00\" \/>\n<meta property=\"og:image\" content=\"https:\/\/www.smile-labfurniture.com\/wp-content\/uploads\/2025\/12\/fEfAtaMD4.webp\" \/>\n\t<meta property=\"og:image:width\" content=\"2668\" \/>\n\t<meta property=\"og:image:height\" content=\"2000\" \/>\n\t<meta property=\"og:image:type\" content=\"image\/webp\" \/>\n<meta name=\"twitter:card\" content=\"summary_large_image\" \/>\n<meta name=\"twitter:label1\" content=\"Tempo estimado de leitura\" \/>\n\t<meta name=\"twitter:data1\" content=\"6 minutos\" \/>\n<script type=\"application\/ld+json\" class=\"yoast-schema-graph\">{\"@context\":\"https:\/\/schema.org\",\"@graph\":[{\"@type\":\"WebPage\",\"@id\":\"https:\/\/www.smile-labfurniture.com\/product\/5017\/\",\"url\":\"https:\/\/www.smile-labfurniture.com\/product\/5017\/\",\"name\":\"Recommended all-steel laboratory furniture - SMILELAB\",\"isPartOf\":{\"@id\":\"https:\/\/www.smile-labfurniture.com\/#website\"},\"primaryImageOfPage\":{\"@id\":\"https:\/\/www.smile-labfurniture.com\/product\/5017\/#primaryimage\"},\"image\":{\"@id\":\"https:\/\/www.smile-labfurniture.com\/product\/5017\/#primaryimage\"},\"thumbnailUrl\":\"https:\/\/www.smile-labfurniture.com\/wp-content\/uploads\/2025\/12\/fEfAtaMD4.webp\",\"datePublished\":\"2025-12-21T09:03:58+00:00\",\"dateModified\":\"2026-01-23T04:03:23+00:00\",\"breadcrumb\":{\"@id\":\"https:\/\/www.smile-labfurniture.com\/product\/5017\/#breadcrumb\"},\"inLanguage\":\"pt-PT\",\"potentialAction\":[{\"@type\":\"ReadAction\",\"target\":[\"https:\/\/www.smile-labfurniture.com\/product\/5017\/\"]}]},{\"@type\":\"ImageObject\",\"inLanguage\":\"pt-PT\",\"@id\":\"https:\/\/www.smile-labfurniture.com\/product\/5017\/#primaryimage\",\"url\":\"https:\/\/www.smile-labfurniture.com\/wp-content\/uploads\/2025\/12\/fEfAtaMD4.webp\",\"contentUrl\":\"https:\/\/www.smile-labfurniture.com\/wp-content\/uploads\/2025\/12\/fEfAtaMD4.webp\",\"width\":2668,\"height\":2000},{\"@type\":\"BreadcrumbList\",\"@id\":\"https:\/\/www.smile-labfurniture.com\/product\/5017\/#breadcrumb\",\"itemListElement\":[{\"@type\":\"ListItem\",\"position\":1,\"name\":\"\u9996\u9875\",\"item\":\"https:\/\/www.smile-labfurniture.com\/\"},{\"@type\":\"ListItem\",\"position\":2,\"name\":\"Shop\",\"item\":\"https:\/\/www.smile-labfurniture.com\/shop\/\"},{\"@type\":\"ListItem\",\"position\":3,\"name\":\"Recommended all-steel laboratory furniture\"}]},{\"@type\":\"WebSite\",\"@id\":\"https:\/\/www.smile-labfurniture.com\/#website\",\"url\":\"https:\/\/www.smile-labfurniture.com\/\",\"name\":\"SMILELAB\",\"description\":\"\",\"publisher\":{\"@id\":\"https:\/\/www.smile-labfurniture.com\/#organization\"},\"potentialAction\":[{\"@type\":\"SearchAction\",\"target\":{\"@type\":\"EntryPoint\",\"urlTemplate\":\"https:\/\/www.smile-labfurniture.com\/?s={search_term_string}\"},\"query-input\":{\"@type\":\"PropertyValueSpecification\",\"valueRequired\":true,\"valueName\":\"search_term_string\"}}],\"inLanguage\":\"pt-PT\"},{\"@type\":\"Organization\",\"@id\":\"https:\/\/www.smile-labfurniture.com\/#organization\",\"name\":\"SMILELAB\",\"url\":\"https:\/\/www.smile-labfurniture.com\/\",\"logo\":{\"@type\":\"ImageObject\",\"inLanguage\":\"pt-PT\",\"@id\":\"https:\/\/www.smile-labfurniture.com\/#\/schema\/logo\/image\/\",\"url\":\"https:\/\/www.smile-labfurniture.com\/wp-content\/uploads\/2020\/06\/QQ_1764744017650.png\",\"contentUrl\":\"https:\/\/www.smile-labfurniture.com\/wp-content\/uploads\/2020\/06\/QQ_1764744017650.png\",\"width\":355,\"height\":48,\"caption\":\"SMILELAB\"},\"image\":{\"@id\":\"https:\/\/www.smile-labfurniture.com\/#\/schema\/logo\/image\/\"},\"sameAs\":[\"https:\/\/www.facebook.com\/share\/1DxYQBbYb1\/?mibextid=wwXIfr\"]}]}<\/script>\n<!-- \/ Yoast SEO plugin. -->","yoast_head_json":{"title":"Recommended all-steel laboratory furniture - SMILELAB","robots":{"index":"index","follow":"follow","max-snippet":"max-snippet:-1","max-image-preview":"max-image-preview:large","max-video-preview":"max-video-preview:-1"},"canonical":"https:\/\/www.smile-labfurniture.com\/pt\/produto\/5017\/","og_locale":"pt_PT","og_type":"article","og_title":"Recommended all-steel laboratory furniture - SMILELAB","og_description":"Can customize your specifications","og_url":"https:\/\/www.smile-labfurniture.com\/pt\/produto\/5017\/","og_site_name":"SMILELAB","article_publisher":"https:\/\/www.facebook.com\/share\/1DxYQBbYb1\/?mibextid=wwXIfr","article_modified_time":"2026-01-23T04:03:23+00:00","og_image":[{"width":2668,"height":2000,"url":"https:\/\/www.smile-labfurniture.com\/wp-content\/uploads\/2025\/12\/fEfAtaMD4.webp","type":"image\/webp"}],"twitter_card":"summary_large_image","twitter_misc":{"Tempo estimado de leitura":"6 minutos"},"schema":{"@context":"https:\/\/schema.org","@graph":[{"@type":"WebPage","@id":"https:\/\/www.smile-labfurniture.com\/product\/5017\/","url":"https:\/\/www.smile-labfurniture.com\/product\/5017\/","name":"Recommended all-steel laboratory furniture - SMILELAB","isPartOf":{"@id":"https:\/\/www.smile-labfurniture.com\/#website"},"primaryImageOfPage":{"@id":"https:\/\/www.smile-labfurniture.com\/product\/5017\/#primaryimage"},"image":{"@id":"https:\/\/www.smile-labfurniture.com\/product\/5017\/#primaryimage"},"thumbnailUrl":"https:\/\/www.smile-labfurniture.com\/wp-content\/uploads\/2025\/12\/fEfAtaMD4.webp","datePublished":"2025-12-21T09:03:58+00:00","dateModified":"2026-01-23T04:03:23+00:00","breadcrumb":{"@id":"https:\/\/www.smile-labfurniture.com\/product\/5017\/#breadcrumb"},"inLanguage":"pt-PT","potentialAction":[{"@type":"ReadAction","target":["https:\/\/www.smile-labfurniture.com\/product\/5017\/"]}]},{"@type":"ImageObject","inLanguage":"pt-PT","@id":"https:\/\/www.smile-labfurniture.com\/product\/5017\/#primaryimage","url":"https:\/\/www.smile-labfurniture.com\/wp-content\/uploads\/2025\/12\/fEfAtaMD4.webp","contentUrl":"https:\/\/www.smile-labfurniture.com\/wp-content\/uploads\/2025\/12\/fEfAtaMD4.webp","width":2668,"height":2000},{"@type":"BreadcrumbList","@id":"https:\/\/www.smile-labfurniture.com\/product\/5017\/#breadcrumb","itemListElement":[{"@type":"ListItem","position":1,"name":"\u9996\u9875","item":"https:\/\/www.smile-labfurniture.com\/"},{"@type":"ListItem","position":2,"name":"Shop","item":"https:\/\/www.smile-labfurniture.com\/shop\/"},{"@type":"ListItem","position":3,"name":"Recommended all-steel laboratory furniture"}]},{"@type":"WebSite","@id":"https:\/\/www.smile-labfurniture.com\/#website","url":"https:\/\/www.smile-labfurniture.com\/","name":"SMILELAB","description":"","publisher":{"@id":"https:\/\/www.smile-labfurniture.com\/#organization"},"potentialAction":[{"@type":"SearchAction","target":{"@type":"EntryPoint","urlTemplate":"https:\/\/www.smile-labfurniture.com\/?s={search_term_string}"},"query-input":{"@type":"PropertyValueSpecification","valueRequired":true,"valueName":"search_term_string"}}],"inLanguage":"pt-PT"},{"@type":"Organization","@id":"https:\/\/www.smile-labfurniture.com\/#organization","name":"SMILELAB","url":"https:\/\/www.smile-labfurniture.com\/","logo":{"@type":"ImageObject","inLanguage":"pt-PT","@id":"https:\/\/www.smile-labfurniture.com\/#\/schema\/logo\/image\/","url":"https:\/\/www.smile-labfurniture.com\/wp-content\/uploads\/2020\/06\/QQ_1764744017650.png","contentUrl":"https:\/\/www.smile-labfurniture.com\/wp-content\/uploads\/2020\/06\/QQ_1764744017650.png","width":355,"height":48,"caption":"SMILELAB"},"image":{"@id":"https:\/\/www.smile-labfurniture.com\/#\/schema\/logo\/image\/"},"sameAs":["https:\/\/www.facebook.com\/share\/1DxYQBbYb1\/?mibextid=wwXIfr"]}]}},"_links":{"self":[{"href":"https:\/\/www.smile-labfurniture.com\/pt\/wp-json\/wp\/v2\/product\/5017","targetHints":{"allow":["GET"]}}],"collection":[{"href":"https:\/\/www.smile-labfurniture.com\/pt\/wp-json\/wp\/v2\/product"}],"about":[{"href":"https:\/\/www.smile-labfurniture.com\/pt\/wp-json\/wp\/v2\/types\/product"}],"replies":[{"embeddable":true,"href":"https:\/\/www.smile-labfurniture.com\/pt\/wp-json\/wp\/v2\/comments?post=5017"}],"wp:featuredmedia":[{"embeddable":true,"href":"https:\/\/www.smile-labfurniture.com\/pt\/wp-json\/wp\/v2\/media\/5018"}],"wp:attachment":[{"href":"https:\/\/www.smile-labfurniture.com\/pt\/wp-json\/wp\/v2\/media?parent=5017"}],"wp:term":[{"taxonomy":"product_cat","embeddable":true,"href":"https:\/\/www.smile-labfurniture.com\/pt\/wp-json\/wp\/v2\/product_cat?post=5017"},{"taxonomy":"product_tag","embeddable":true,"href":"https:\/\/www.smile-labfurniture.com\/pt\/wp-json\/wp\/v2\/product_tag?post=5017"},{"taxonomy":"product_brand","embeddable":true,"href":"https:\/\/www.smile-labfurniture.com\/pt\/wp-json\/wp\/v2\/product_brand?post=5017"}],"curies":[{"name":"wp","href":"https:\/\/api.w.org\/{rel}","templated":true}]}}