{"id":5011,"date":"2025-12-13T04:00:13","date_gmt":"2025-12-13T04:00:13","guid":{"rendered":"http:\/\/www.smile-labfurniture.com\/?post_type=product&#038;p=5011"},"modified":"2026-01-23T04:03:54","modified_gmt":"2026-01-23T04:03:54","slug":"stainless-steel-laboratory-furniture","status":"publish","type":"product","link":"https:\/\/www.smile-labfurniture.com\/pt\/produto\/stainless-steel-laboratory-furniture\/","title":{"rendered":"Mobili\u00e1rio de laborat\u00f3rio em a\u00e7o inoxid\u00e1vel"},"content":{"rendered":"<h2 style=\"text-align: center;\">Banco experimental em a\u00e7o inoxid\u00e1vel<\/h2>\n<p><strong>1<\/strong>. Especifica\u00e7\u00f5es do banco experimental em a\u00e7o inoxid\u00e1vel (standard)<\/p>\n<p>\uff081\uff09. Especifica\u00e7\u00f5es da mesa central: L*1500*850mm<br \/>\n\uff082\uff09. Especifica\u00e7\u00f5es da mesa lateral: L*750*850mm<br \/>\nNota: A bancada experimental em a\u00e7o inoxid\u00e1vel pode ser personalizada com v\u00e1rias especifica\u00e7\u00f5es<br \/>\n<strong>2<\/strong>. Bancada experimental em a\u00e7o inoxid\u00e1vel<br \/>\n\uff081\uff09.201 material de a\u00e7o inoxid\u00e1vel (espessura: 1.2mm-1.5mm)<br \/>\n\uff082\uff09.304 material de a\u00e7o inoxid\u00e1vel (espessura: 1.2mm-1.5mm)<br \/>\n\uff083\uff09.316 material de a\u00e7o inoxid\u00e1vel (espessura: 0.2mm-1.15mm)<br \/>\n\uff084\uff09. Cor: brilhante e escovado.<br \/>\n<strong>3<\/strong>. Estrutura de bancada experimental em a\u00e7o inoxid\u00e1vel<br \/>\nSoldada com a\u00e7o inoxid\u00e1vel de alta qualidade (a\u00e7o inoxid\u00e1vel 304 de 1,2 mm), \u00e9 a principal estrutura de suporte da bancada experimental. Todas as pe\u00e7as s\u00e3o produzidas atrav\u00e9s de estampagem a g\u00e1s, soldadura de prote\u00e7\u00e3o, polimento e<\/p>\n<p>outros processos. Ap\u00f3s a liga\u00e7\u00e3o da mesa de trabalho \u00e0 estrutura de a\u00e7o, esta pode suportar uma carga de 300Kg\/m2. As juntas de soldadura est\u00e3o isentas de rebarbas e de falsas soldaduras, e a interface \u00e9 suave. Existem<\/p>\n<p>p\u00e9s de regula\u00e7\u00e3o na junta entre a frente e a traseira do quadro vertical e o solo.<br \/>\n<strong>4<\/strong>. Arm\u00e1rio de bancada experimental em a\u00e7o inoxid\u00e1vel<br \/>\nFabricado em placa 304 de 1,0 mm de espessura, as placas s\u00e3o todas cortadas por serras de painel inteligentes com alta precis\u00e3o e sem arestas. O arm\u00e1rio \u00e9 de design desmont\u00e1vel, com estrutura est\u00e1vel e bom desempenho de suporte de carga.<\/p>\n<p>Design combinado, o estilo e o tamanho da combina\u00e7\u00e3o podem ser ajustados de acordo com as necessidades reais dos clientes (a Beijing Zhongcosmax Company fornece medi\u00e7\u00e3o e design gratuitos).<br \/>\n<strong>5<\/strong>. Pega de bancada experimental em a\u00e7o inoxid\u00e1vel<br \/>\nPega invis\u00edvel de uma palavra, pega em forma de U<br \/>\n<strong>6<\/strong>. Trilhos de guia de bancada experimental em a\u00e7o inoxid\u00e1vel<br \/>\nAs corredi\u00e7as das gavetas utilizam todas corredi\u00e7as de esferas de tr\u00eas sec\u00e7\u00f5es.<br \/>\n<strong>7<\/strong>. Dobradi\u00e7a de bancada experimental em a\u00e7o inoxid\u00e1vel<br \/>\nAdopta uma dobradi\u00e7a de fecho autom\u00e1tico com um belo aspeto. Fecha lentamente e sem ru\u00eddo ao abrir e fechar. O anel de veda\u00e7\u00e3o met\u00e1lico \u00e9 anti-ferrugem e super-resistente \u00e0 corros\u00e3o.<br \/>\n<strong>8<\/strong>. Bases para bancadas experimentais em a\u00e7o inoxid\u00e1vel<br \/>\nOs p\u00e9s regul\u00e1veis em altura t\u00eam as vantagens de serem antiderrapantes, absorverem os choques, serem resistentes \u00e0 corros\u00e3o e terem uma forte capacidade de carga, sendo mais adequados para utiliza\u00e7\u00e3o em ambientes laboratoriais.<br \/>\n<strong>9<\/strong>. Bacia de bancada experimental em a\u00e7o inoxid\u00e1vel<br \/>\nBacia de \u00e1gua especial em a\u00e7o inoxid\u00e1vel para laborat\u00f3rio. Especifica\u00e7\u00e3o: 550*450*300 ou especificado pelo comprador; Cor: cor natural.<br \/>\n<strong>10<\/strong>. Torneira de bancada experimental em a\u00e7o inoxid\u00e1vel<br \/>\nTorneira de \u00e1gua fria simples de tr\u00eas cabe\u00e7as em pl\u00e1stico com pulveriza\u00e7\u00e3o especial para utiliza\u00e7\u00e3o em laborat\u00f3rio. Especifica\u00e7\u00f5es: tripla\/dupla\/\u00fanica. Material: N\u00facleo de cobre pulverizado\/a\u00e7o inoxid\u00e1vel.<br \/>\n<strong>11<\/strong>. Tomada de bancada experimental em a\u00e7o inoxid\u00e1vel<br \/>\nA tomada el\u00e9ctrica espec\u00edfica do laborat\u00f3rio \u00e9 uma tomada multifuncional do tipo caixa inclinada, normalmente utilizada como 220V10A, 16A.<br \/>\n<strong>12<\/strong>. Bancada experimental em a\u00e7o inoxid\u00e1vel com suporte para reagentes<br \/>\nSuporte de reagentes opcional, instalado na parte inferior ou superior da prateleira do suporte de reagentes. A prateleira de reagentes \u00e9 feita de a\u00e7o, que \u00e9 f\u00e1cil de instalar e desmontar. O corpo da prateleira \u00e9 s\u00f3lido e tem uma placa de prateleira m\u00f3vel que<\/p>\n<p>pode ser ajustada em altura. A camada da estante de reagentes \u00e9 feita de vidro temperado com 8,0 mm de espessura e as colunas e pe\u00e7as suspensas s\u00e3o pulverizadas com resina ep\u00f3xi. As prateleiras tamb\u00e9m est\u00e3o dispon\u00edveis em a\u00e7o. A coluna pode ser<\/p>\n<p>equipados com inser\u00e7\u00f5es imperme\u00e1veis.<\/p>\n<p><img loading=\"lazy\" decoding=\"async\" class=\"alignnone size-full wp-image-5012\" src=\"http:\/\/www.smile-labfurniture.com\/wp-content\/uploads\/2025\/12\/-\u672a\u547d\u540d-20251213-114505.webp\" alt=\"\" width=\"7000\" height=\"5250\" srcset=\"https:\/\/www.smile-labfurniture.com\/wp-content\/uploads\/2025\/12\/-\u672a\u547d\u540d-20251213-114505.webp 7000w, https:\/\/www.smile-labfurniture.com\/wp-content\/uploads\/2025\/12\/-\u672a\u547d\u540d-20251213-114505-300x225.webp 300w\" sizes=\"auto, (max-width: 7000px) 100vw, 7000px\" \/><img loading=\"lazy\" decoding=\"async\" class=\"alignnone size-full wp-image-5013\" src=\"http:\/\/www.smile-labfurniture.com\/wp-content\/uploads\/2025\/12\/-\u672a\u547d\u540d-20251213-114457.webp\" alt=\"\" width=\"7000\" height=\"5250\" \/><\/p>","protected":false},"excerpt":{"rendered":"<p>Pode personalizar as suas especifica\u00e7\u00f5es<\/p>","protected":false},"featured_media":5013,"comment_status":"closed","ping_status":"closed","template":"","meta":[],"product_cat":[15],"product_tag":[],"product_brand":[],"class_list":["post-5011","product","type-product","status-publish","has-post-thumbnail","hentry","product_cat-laboratory-furniture"],"yoast_head":"<!-- This site is optimized with the Yoast SEO plugin v26.6 - https:\/\/yoast.com\/wordpress\/plugins\/seo\/ -->\n<title>Stainless Steel Laboratory Furniture - SMILELAB<\/title>\n<meta name=\"robots\" content=\"index, follow, max-snippet:-1, max-image-preview:large, max-video-preview:-1\" \/>\n<link rel=\"canonical\" href=\"https:\/\/www.smile-labfurniture.com\/pt\/produto\/stainless-steel-laboratory-furniture\/\" \/>\n<meta property=\"og:locale\" content=\"pt_PT\" \/>\n<meta property=\"og:type\" content=\"article\" \/>\n<meta property=\"og:title\" content=\"Stainless Steel Laboratory Furniture - SMILELAB\" \/>\n<meta property=\"og:description\" content=\"Can customize your specifications\" \/>\n<meta property=\"og:url\" content=\"https:\/\/www.smile-labfurniture.com\/pt\/produto\/stainless-steel-laboratory-furniture\/\" \/>\n<meta property=\"og:site_name\" content=\"SMILELAB\" \/>\n<meta property=\"article:publisher\" content=\"https:\/\/www.facebook.com\/share\/1DxYQBbYb1\/?mibextid=wwXIfr\" \/>\n<meta property=\"article:modified_time\" content=\"2026-01-23T04:03:54+00:00\" \/>\n<meta property=\"og:image\" content=\"https:\/\/www.smile-labfurniture.com\/wp-content\/uploads\/2025\/12\/-\u672a\u547d\u540d-20251213-114457.webp\" \/>\n\t<meta property=\"og:image:width\" content=\"7000\" \/>\n\t<meta property=\"og:image:height\" content=\"5250\" \/>\n\t<meta property=\"og:image:type\" content=\"image\/webp\" \/>\n<meta name=\"twitter:card\" content=\"summary_large_image\" \/>\n<meta name=\"twitter:label1\" content=\"Tempo estimado de leitura\" \/>\n\t<meta name=\"twitter:data1\" content=\"4 minutos\" \/>\n<script type=\"application\/ld+json\" class=\"yoast-schema-graph\">{\"@context\":\"https:\/\/schema.org\",\"@graph\":[{\"@type\":\"WebPage\",\"@id\":\"https:\/\/www.smile-labfurniture.com\/product\/stainless-steel-laboratory-furniture\/\",\"url\":\"https:\/\/www.smile-labfurniture.com\/product\/stainless-steel-laboratory-furniture\/\",\"name\":\"Stainless Steel Laboratory Furniture - SMILELAB\",\"isPartOf\":{\"@id\":\"https:\/\/www.smile-labfurniture.com\/#website\"},\"primaryImageOfPage\":{\"@id\":\"https:\/\/www.smile-labfurniture.com\/product\/stainless-steel-laboratory-furniture\/#primaryimage\"},\"image\":{\"@id\":\"https:\/\/www.smile-labfurniture.com\/product\/stainless-steel-laboratory-furniture\/#primaryimage\"},\"thumbnailUrl\":\"https:\/\/www.smile-labfurniture.com\/wp-content\/uploads\/2025\/12\/-\u672a\u547d\u540d-20251213-114457.webp\",\"datePublished\":\"2025-12-13T04:00:13+00:00\",\"dateModified\":\"2026-01-23T04:03:54+00:00\",\"breadcrumb\":{\"@id\":\"https:\/\/www.smile-labfurniture.com\/product\/stainless-steel-laboratory-furniture\/#breadcrumb\"},\"inLanguage\":\"pt-PT\",\"potentialAction\":[{\"@type\":\"ReadAction\",\"target\":[\"https:\/\/www.smile-labfurniture.com\/product\/stainless-steel-laboratory-furniture\/\"]}]},{\"@type\":\"ImageObject\",\"inLanguage\":\"pt-PT\",\"@id\":\"https:\/\/www.smile-labfurniture.com\/product\/stainless-steel-laboratory-furniture\/#primaryimage\",\"url\":\"https:\/\/www.smile-labfurniture.com\/wp-content\/uploads\/2025\/12\/-\u672a\u547d\u540d-20251213-114457.webp\",\"contentUrl\":\"https:\/\/www.smile-labfurniture.com\/wp-content\/uploads\/2025\/12\/-\u672a\u547d\u540d-20251213-114457.webp\",\"width\":7000,\"height\":5250},{\"@type\":\"BreadcrumbList\",\"@id\":\"https:\/\/www.smile-labfurniture.com\/product\/stainless-steel-laboratory-furniture\/#breadcrumb\",\"itemListElement\":[{\"@type\":\"ListItem\",\"position\":1,\"name\":\"\u9996\u9875\",\"item\":\"https:\/\/www.smile-labfurniture.com\/\"},{\"@type\":\"ListItem\",\"position\":2,\"name\":\"Shop\",\"item\":\"https:\/\/www.smile-labfurniture.com\/shop\/\"},{\"@type\":\"ListItem\",\"position\":3,\"name\":\"Stainless Steel Laboratory Furniture\"}]},{\"@type\":\"WebSite\",\"@id\":\"https:\/\/www.smile-labfurniture.com\/#website\",\"url\":\"https:\/\/www.smile-labfurniture.com\/\",\"name\":\"SMILELAB\",\"description\":\"\",\"publisher\":{\"@id\":\"https:\/\/www.smile-labfurniture.com\/#organization\"},\"potentialAction\":[{\"@type\":\"SearchAction\",\"target\":{\"@type\":\"EntryPoint\",\"urlTemplate\":\"https:\/\/www.smile-labfurniture.com\/?s={search_term_string}\"},\"query-input\":{\"@type\":\"PropertyValueSpecification\",\"valueRequired\":true,\"valueName\":\"search_term_string\"}}],\"inLanguage\":\"pt-PT\"},{\"@type\":\"Organization\",\"@id\":\"https:\/\/www.smile-labfurniture.com\/#organization\",\"name\":\"SMILELAB\",\"url\":\"https:\/\/www.smile-labfurniture.com\/\",\"logo\":{\"@type\":\"ImageObject\",\"inLanguage\":\"pt-PT\",\"@id\":\"https:\/\/www.smile-labfurniture.com\/#\/schema\/logo\/image\/\",\"url\":\"https:\/\/www.smile-labfurniture.com\/wp-content\/uploads\/2020\/06\/QQ_1764744017650.png\",\"contentUrl\":\"https:\/\/www.smile-labfurniture.com\/wp-content\/uploads\/2020\/06\/QQ_1764744017650.png\",\"width\":355,\"height\":48,\"caption\":\"SMILELAB\"},\"image\":{\"@id\":\"https:\/\/www.smile-labfurniture.com\/#\/schema\/logo\/image\/\"},\"sameAs\":[\"https:\/\/www.facebook.com\/share\/1DxYQBbYb1\/?mibextid=wwXIfr\"]}]}<\/script>\n<!-- \/ Yoast SEO plugin. -->","yoast_head_json":{"title":"Stainless Steel Laboratory Furniture - SMILELAB","robots":{"index":"index","follow":"follow","max-snippet":"max-snippet:-1","max-image-preview":"max-image-preview:large","max-video-preview":"max-video-preview:-1"},"canonical":"https:\/\/www.smile-labfurniture.com\/pt\/produto\/stainless-steel-laboratory-furniture\/","og_locale":"pt_PT","og_type":"article","og_title":"Stainless Steel Laboratory Furniture - SMILELAB","og_description":"Can customize your specifications","og_url":"https:\/\/www.smile-labfurniture.com\/pt\/produto\/stainless-steel-laboratory-furniture\/","og_site_name":"SMILELAB","article_publisher":"https:\/\/www.facebook.com\/share\/1DxYQBbYb1\/?mibextid=wwXIfr","article_modified_time":"2026-01-23T04:03:54+00:00","og_image":[{"width":7000,"height":5250,"url":"https:\/\/www.smile-labfurniture.com\/wp-content\/uploads\/2025\/12\/-\u672a\u547d\u540d-20251213-114457.webp","type":"image\/webp"}],"twitter_card":"summary_large_image","twitter_misc":{"Tempo estimado de leitura":"4 minutos"},"schema":{"@context":"https:\/\/schema.org","@graph":[{"@type":"WebPage","@id":"https:\/\/www.smile-labfurniture.com\/product\/stainless-steel-laboratory-furniture\/","url":"https:\/\/www.smile-labfurniture.com\/product\/stainless-steel-laboratory-furniture\/","name":"Stainless Steel Laboratory Furniture - SMILELAB","isPartOf":{"@id":"https:\/\/www.smile-labfurniture.com\/#website"},"primaryImageOfPage":{"@id":"https:\/\/www.smile-labfurniture.com\/product\/stainless-steel-laboratory-furniture\/#primaryimage"},"image":{"@id":"https:\/\/www.smile-labfurniture.com\/product\/stainless-steel-laboratory-furniture\/#primaryimage"},"thumbnailUrl":"https:\/\/www.smile-labfurniture.com\/wp-content\/uploads\/2025\/12\/-\u672a\u547d\u540d-20251213-114457.webp","datePublished":"2025-12-13T04:00:13+00:00","dateModified":"2026-01-23T04:03:54+00:00","breadcrumb":{"@id":"https:\/\/www.smile-labfurniture.com\/product\/stainless-steel-laboratory-furniture\/#breadcrumb"},"inLanguage":"pt-PT","potentialAction":[{"@type":"ReadAction","target":["https:\/\/www.smile-labfurniture.com\/product\/stainless-steel-laboratory-furniture\/"]}]},{"@type":"ImageObject","inLanguage":"pt-PT","@id":"https:\/\/www.smile-labfurniture.com\/product\/stainless-steel-laboratory-furniture\/#primaryimage","url":"https:\/\/www.smile-labfurniture.com\/wp-content\/uploads\/2025\/12\/-\u672a\u547d\u540d-20251213-114457.webp","contentUrl":"https:\/\/www.smile-labfurniture.com\/wp-content\/uploads\/2025\/12\/-\u672a\u547d\u540d-20251213-114457.webp","width":7000,"height":5250},{"@type":"BreadcrumbList","@id":"https:\/\/www.smile-labfurniture.com\/product\/stainless-steel-laboratory-furniture\/#breadcrumb","itemListElement":[{"@type":"ListItem","position":1,"name":"\u9996\u9875","item":"https:\/\/www.smile-labfurniture.com\/"},{"@type":"ListItem","position":2,"name":"Shop","item":"https:\/\/www.smile-labfurniture.com\/shop\/"},{"@type":"ListItem","position":3,"name":"Stainless Steel Laboratory Furniture"}]},{"@type":"WebSite","@id":"https:\/\/www.smile-labfurniture.com\/#website","url":"https:\/\/www.smile-labfurniture.com\/","name":"SMILELAB","description":"","publisher":{"@id":"https:\/\/www.smile-labfurniture.com\/#organization"},"potentialAction":[{"@type":"SearchAction","target":{"@type":"EntryPoint","urlTemplate":"https:\/\/www.smile-labfurniture.com\/?s={search_term_string}"},"query-input":{"@type":"PropertyValueSpecification","valueRequired":true,"valueName":"search_term_string"}}],"inLanguage":"pt-PT"},{"@type":"Organization","@id":"https:\/\/www.smile-labfurniture.com\/#organization","name":"SMILELAB","url":"https:\/\/www.smile-labfurniture.com\/","logo":{"@type":"ImageObject","inLanguage":"pt-PT","@id":"https:\/\/www.smile-labfurniture.com\/#\/schema\/logo\/image\/","url":"https:\/\/www.smile-labfurniture.com\/wp-content\/uploads\/2020\/06\/QQ_1764744017650.png","contentUrl":"https:\/\/www.smile-labfurniture.com\/wp-content\/uploads\/2020\/06\/QQ_1764744017650.png","width":355,"height":48,"caption":"SMILELAB"},"image":{"@id":"https:\/\/www.smile-labfurniture.com\/#\/schema\/logo\/image\/"},"sameAs":["https:\/\/www.facebook.com\/share\/1DxYQBbYb1\/?mibextid=wwXIfr"]}]}},"_links":{"self":[{"href":"https:\/\/www.smile-labfurniture.com\/pt\/wp-json\/wp\/v2\/product\/5011","targetHints":{"allow":["GET"]}}],"collection":[{"href":"https:\/\/www.smile-labfurniture.com\/pt\/wp-json\/wp\/v2\/product"}],"about":[{"href":"https:\/\/www.smile-labfurniture.com\/pt\/wp-json\/wp\/v2\/types\/product"}],"replies":[{"embeddable":true,"href":"https:\/\/www.smile-labfurniture.com\/pt\/wp-json\/wp\/v2\/comments?post=5011"}],"wp:featuredmedia":[{"embeddable":true,"href":"https:\/\/www.smile-labfurniture.com\/pt\/wp-json\/wp\/v2\/media\/5013"}],"wp:attachment":[{"href":"https:\/\/www.smile-labfurniture.com\/pt\/wp-json\/wp\/v2\/media?parent=5011"}],"wp:term":[{"taxonomy":"product_cat","embeddable":true,"href":"https:\/\/www.smile-labfurniture.com\/pt\/wp-json\/wp\/v2\/product_cat?post=5011"},{"taxonomy":"product_tag","embeddable":true,"href":"https:\/\/www.smile-labfurniture.com\/pt\/wp-json\/wp\/v2\/product_tag?post=5011"},{"taxonomy":"product_brand","embeddable":true,"href":"https:\/\/www.smile-labfurniture.com\/pt\/wp-json\/wp\/v2\/product_brand?post=5011"}],"curies":[{"name":"wp","href":"https:\/\/api.w.org\/{rel}","templated":true}]}}