{"id":5003,"date":"2025-12-11T12:29:28","date_gmt":"2025-12-11T12:29:28","guid":{"rendered":"http:\/\/www.smile-labfurniture.com\/?post_type=product&#038;p=5003"},"modified":"2026-01-23T04:04:56","modified_gmt":"2026-01-23T04:04:56","slug":"all-steel-fume-hood","status":"publish","type":"product","link":"https:\/\/www.smile-labfurniture.com\/pt\/produto\/all-steel-fume-hood\/","title":{"rendered":"Exaustor totalmente em a\u00e7o"},"content":{"rendered":"<h2 style=\"text-align: center;\"><strong>Exaustor totalmente em a\u00e7o<\/strong><\/h2>\n<p>Simples e elegante, cient\u00edfico e seguro, resistente ao desgaste e dur\u00e1vel, e grande espa\u00e7o s\u00e3o as carater\u00edsticas \u00fanicas do exaustor 2026.<\/p>\n<p>1. C\u00e2mara de extra\u00e7\u00e3o de fumos<br \/>\nO material de base do arm\u00e1rio standard da hotte \u00e9 uma placa de a\u00e7o laminado a frio com 1,2 de espessura, que \u00e9 dobrada e soldada. Ap\u00f3s o tratamento nano-cer\u00e2mico, \u00e9 pulverizado com p\u00f3 eletrost\u00e1tico de resina ep\u00f3xi (p\u00f3 da marca Aksu), que \u00e9 resistente \u00e0 corros\u00e3o e tem uma forte capacidade de suporte de carga.<br \/>\n2. Bancada de ventila\u00e7\u00e3o<br \/>\n(1) [Configura\u00e7\u00e3o padr\u00e3o] Bancada de placa f\u00edsica e qu\u00edmica de n\u00facleo s\u00f3lido (dupla face) da American DuPont com 12,7 mm de espessura. O rebordo da bancada tem uma camada dupla com placas de material homog\u00e9neo e uma espessura de 25,4 mm. \u00c9 processada por m\u00e1quinas CNC por um fabricante profissional.<br \/>\n(2) [Configura\u00e7\u00e3o opcional] Escolha uma bancada de cer\u00e2mica de 20 mm de espessura fabricada na China, que tem melhor resist\u00eancia a altas temperaturas, resist\u00eancia \u00e0 corros\u00e3o, resist\u00eancia a \u00e1cidos e \u00e1lcalis<br \/>\n(3) [Configura\u00e7\u00e3o opcional] Utiliza uma bancada de resina ep\u00f3xi de fabrico chin\u00eas com 20 mm de espessura, resistente a altas temperaturas, \u00e1cidos e \u00e1lcalis<br \/>\n3. Placa de revestimento da hotte<br \/>\nO revestimento interior \u00e9 feito de placas anti-corros\u00e3o, a sua resist\u00eancia \u00e0 corros\u00e3o cumpre as normas NEMA e a sua resist\u00eancia ao fogo cumpre as normas ASTM; os lados esquerdo e direito t\u00eam portas de manuten\u00e7\u00e3o amov\u00edveis. O revestimento de PP\/a\u00e7o inoxid\u00e1vel\/resina ep\u00f3xi pode ser selecionado conforme necess\u00e1rio para satisfazer as necessidades de diferentes utiliza\u00e7\u00f5es.<br \/>\n4. Painel de controlo da hotte<br \/>\nPainel de controlo microelectr\u00f3nico com bot\u00f5es t\u00e1cteis, painel de controlo LCD inteligente opcional, de acordo com as necessidades, com fun\u00e7\u00f5es como regula\u00e7\u00e3o do tempo\/regula\u00e7\u00e3o do vento\/liga\u00e7\u00e3o e desligamento autom\u00e1ticos.<br \/>\n5. Janela do exaustor<br \/>\nUtiliza\u00e7\u00e3o de 3 pe\u00e7as de vidro, vidro de seguran\u00e7a temperado com 5 mm de espessura, combina\u00e7\u00e3o equilibrada, conce\u00e7\u00e3o estrutural oculta<br \/>\n6. Deflector do exaustor<br \/>\nO sistema de desvio de tr\u00eas fases foi optimizado e concebido para remover eficazmente gases de escape de gravidade espec\u00edfica diferente.<br \/>\n7. Contrapeso do exaustor<br \/>\nGra\u00e7as a um sistema de eleva\u00e7\u00e3o equilibrado e cont\u00ednuo, a janela pode ser parada em qualquer posi\u00e7\u00e3o.<br \/>\n8. Sistema de exaust\u00e3o do exaustor<br \/>\nO exaustor reduzido e o ventilador PP s\u00e3o feitos de resina ep\u00f3xi. O ru\u00eddo \u00e9 inferior a 65dBA; (a porta de exaust\u00e3o \u00e9 \u03c6250, o duto de ar \u00e9 um tubo de PVC reto e \u00e9 descarregado diretamente fora da parede)<br \/>\n9. Tomada do exaustor<br \/>\nAdopta uma tomada universal de padr\u00e3o internacional e utiliza v\u00e1rias fichas de instrumentos.<br \/>\n10. Ilumina\u00e7\u00e3o da hotte<br \/>\nUtiliza uma l\u00e2mpada fluorescente oculta de 30W. A superf\u00edcie de trabalho atinge a luminosidade padr\u00e3o de 450Lux.<br \/>\n11. Especifica\u00e7\u00f5es do fabricante do exaustor<br \/>\n47\u2033\/59\u2033\/70\u2033 x 35\u2033 x 95\u2033<br \/>\n12. Caudal de ar da hotte<br \/>\n47\u2033=1500m\u00b3\/h<br \/>\n59\u2033=1800m\u00b3\/h<br \/>\n70\u2033=2100m\u00b3\/h<\/p>\n<p><img loading=\"lazy\" decoding=\"async\" class=\"alignnone size-full wp-image-5004\" src=\"http:\/\/www.smile-labfurniture.com\/wp-content\/uploads\/2025\/12\/ddde9b3d0531b24fdc66e8a67cfc897-\u526f\u672c1-1.webp\" alt=\"\" width=\"601\" height=\"728\" \/><\/p>","protected":false},"excerpt":{"rendered":"<p>Pode personalizar as suas especifica\u00e7\u00f5es<\/p>","protected":false},"featured_media":5004,"comment_status":"closed","ping_status":"closed","template":"","meta":[],"product_cat":[104],"product_tag":[],"product_brand":[],"class_list":["post-5003","product","type-product","status-publish","has-post-thumbnail","hentry","product_cat-fume-hood"],"yoast_head":"<!-- This site is optimized with the Yoast SEO plugin v26.6 - https:\/\/yoast.com\/wordpress\/plugins\/seo\/ -->\n<title>All steel fume hood - SMILELAB<\/title>\n<meta name=\"robots\" content=\"index, follow, max-snippet:-1, max-image-preview:large, max-video-preview:-1\" \/>\n<link rel=\"canonical\" href=\"https:\/\/www.smile-labfurniture.com\/pt\/produto\/all-steel-fume-hood\/\" \/>\n<meta property=\"og:locale\" content=\"pt_PT\" \/>\n<meta property=\"og:type\" content=\"article\" \/>\n<meta property=\"og:title\" content=\"All steel fume hood - SMILELAB\" \/>\n<meta property=\"og:description\" content=\"Can customize your specifications\" \/>\n<meta property=\"og:url\" content=\"https:\/\/www.smile-labfurniture.com\/pt\/produto\/all-steel-fume-hood\/\" \/>\n<meta property=\"og:site_name\" content=\"SMILELAB\" \/>\n<meta property=\"article:publisher\" content=\"https:\/\/www.facebook.com\/share\/1DxYQBbYb1\/?mibextid=wwXIfr\" \/>\n<meta property=\"article:modified_time\" content=\"2026-01-23T04:04:56+00:00\" \/>\n<meta property=\"og:image\" content=\"https:\/\/www.smile-labfurniture.com\/wp-content\/uploads\/2025\/12\/ddde9b3d0531b24fdc66e8a67cfc897-\u526f\u672c1-1.webp\" \/>\n\t<meta property=\"og:image:width\" content=\"601\" \/>\n\t<meta property=\"og:image:height\" content=\"728\" \/>\n\t<meta property=\"og:image:type\" content=\"image\/webp\" \/>\n<meta name=\"twitter:card\" content=\"summary_large_image\" \/>\n<meta name=\"twitter:label1\" content=\"Tempo estimado de leitura\" \/>\n\t<meta name=\"twitter:data1\" content=\"3 minutos\" \/>\n<script type=\"application\/ld+json\" class=\"yoast-schema-graph\">{\"@context\":\"https:\/\/schema.org\",\"@graph\":[{\"@type\":\"WebPage\",\"@id\":\"https:\/\/www.smile-labfurniture.com\/product\/all-steel-fume-hood\/\",\"url\":\"https:\/\/www.smile-labfurniture.com\/product\/all-steel-fume-hood\/\",\"name\":\"All steel fume hood - SMILELAB\",\"isPartOf\":{\"@id\":\"https:\/\/www.smile-labfurniture.com\/#website\"},\"primaryImageOfPage\":{\"@id\":\"https:\/\/www.smile-labfurniture.com\/product\/all-steel-fume-hood\/#primaryimage\"},\"image\":{\"@id\":\"https:\/\/www.smile-labfurniture.com\/product\/all-steel-fume-hood\/#primaryimage\"},\"thumbnailUrl\":\"https:\/\/www.smile-labfurniture.com\/wp-content\/uploads\/2025\/12\/ddde9b3d0531b24fdc66e8a67cfc897-\u526f\u672c1-1.webp\",\"datePublished\":\"2025-12-11T12:29:28+00:00\",\"dateModified\":\"2026-01-23T04:04:56+00:00\",\"breadcrumb\":{\"@id\":\"https:\/\/www.smile-labfurniture.com\/product\/all-steel-fume-hood\/#breadcrumb\"},\"inLanguage\":\"pt-PT\",\"potentialAction\":[{\"@type\":\"ReadAction\",\"target\":[\"https:\/\/www.smile-labfurniture.com\/product\/all-steel-fume-hood\/\"]}]},{\"@type\":\"ImageObject\",\"inLanguage\":\"pt-PT\",\"@id\":\"https:\/\/www.smile-labfurniture.com\/product\/all-steel-fume-hood\/#primaryimage\",\"url\":\"https:\/\/www.smile-labfurniture.com\/wp-content\/uploads\/2025\/12\/ddde9b3d0531b24fdc66e8a67cfc897-\u526f\u672c1-1.webp\",\"contentUrl\":\"https:\/\/www.smile-labfurniture.com\/wp-content\/uploads\/2025\/12\/ddde9b3d0531b24fdc66e8a67cfc897-\u526f\u672c1-1.webp\",\"width\":601,\"height\":728},{\"@type\":\"BreadcrumbList\",\"@id\":\"https:\/\/www.smile-labfurniture.com\/product\/all-steel-fume-hood\/#breadcrumb\",\"itemListElement\":[{\"@type\":\"ListItem\",\"position\":1,\"name\":\"\u9996\u9875\",\"item\":\"https:\/\/www.smile-labfurniture.com\/\"},{\"@type\":\"ListItem\",\"position\":2,\"name\":\"Shop\",\"item\":\"https:\/\/www.smile-labfurniture.com\/shop\/\"},{\"@type\":\"ListItem\",\"position\":3,\"name\":\"All steel fume hood\"}]},{\"@type\":\"WebSite\",\"@id\":\"https:\/\/www.smile-labfurniture.com\/#website\",\"url\":\"https:\/\/www.smile-labfurniture.com\/\",\"name\":\"SMILELAB\",\"description\":\"\",\"publisher\":{\"@id\":\"https:\/\/www.smile-labfurniture.com\/#organization\"},\"potentialAction\":[{\"@type\":\"SearchAction\",\"target\":{\"@type\":\"EntryPoint\",\"urlTemplate\":\"https:\/\/www.smile-labfurniture.com\/?s={search_term_string}\"},\"query-input\":{\"@type\":\"PropertyValueSpecification\",\"valueRequired\":true,\"valueName\":\"search_term_string\"}}],\"inLanguage\":\"pt-PT\"},{\"@type\":\"Organization\",\"@id\":\"https:\/\/www.smile-labfurniture.com\/#organization\",\"name\":\"SMILELAB\",\"url\":\"https:\/\/www.smile-labfurniture.com\/\",\"logo\":{\"@type\":\"ImageObject\",\"inLanguage\":\"pt-PT\",\"@id\":\"https:\/\/www.smile-labfurniture.com\/#\/schema\/logo\/image\/\",\"url\":\"https:\/\/www.smile-labfurniture.com\/wp-content\/uploads\/2020\/06\/QQ_1764744017650.png\",\"contentUrl\":\"https:\/\/www.smile-labfurniture.com\/wp-content\/uploads\/2020\/06\/QQ_1764744017650.png\",\"width\":355,\"height\":48,\"caption\":\"SMILELAB\"},\"image\":{\"@id\":\"https:\/\/www.smile-labfurniture.com\/#\/schema\/logo\/image\/\"},\"sameAs\":[\"https:\/\/www.facebook.com\/share\/1DxYQBbYb1\/?mibextid=wwXIfr\"]}]}<\/script>\n<!-- \/ Yoast SEO plugin. -->","yoast_head_json":{"title":"All steel fume hood - SMILELAB","robots":{"index":"index","follow":"follow","max-snippet":"max-snippet:-1","max-image-preview":"max-image-preview:large","max-video-preview":"max-video-preview:-1"},"canonical":"https:\/\/www.smile-labfurniture.com\/pt\/produto\/all-steel-fume-hood\/","og_locale":"pt_PT","og_type":"article","og_title":"All steel fume hood - SMILELAB","og_description":"Can customize your specifications","og_url":"https:\/\/www.smile-labfurniture.com\/pt\/produto\/all-steel-fume-hood\/","og_site_name":"SMILELAB","article_publisher":"https:\/\/www.facebook.com\/share\/1DxYQBbYb1\/?mibextid=wwXIfr","article_modified_time":"2026-01-23T04:04:56+00:00","og_image":[{"width":601,"height":728,"url":"https:\/\/www.smile-labfurniture.com\/wp-content\/uploads\/2025\/12\/ddde9b3d0531b24fdc66e8a67cfc897-\u526f\u672c1-1.webp","type":"image\/webp"}],"twitter_card":"summary_large_image","twitter_misc":{"Tempo estimado de leitura":"3 minutos"},"schema":{"@context":"https:\/\/schema.org","@graph":[{"@type":"WebPage","@id":"https:\/\/www.smile-labfurniture.com\/product\/all-steel-fume-hood\/","url":"https:\/\/www.smile-labfurniture.com\/product\/all-steel-fume-hood\/","name":"All steel fume hood - SMILELAB","isPartOf":{"@id":"https:\/\/www.smile-labfurniture.com\/#website"},"primaryImageOfPage":{"@id":"https:\/\/www.smile-labfurniture.com\/product\/all-steel-fume-hood\/#primaryimage"},"image":{"@id":"https:\/\/www.smile-labfurniture.com\/product\/all-steel-fume-hood\/#primaryimage"},"thumbnailUrl":"https:\/\/www.smile-labfurniture.com\/wp-content\/uploads\/2025\/12\/ddde9b3d0531b24fdc66e8a67cfc897-\u526f\u672c1-1.webp","datePublished":"2025-12-11T12:29:28+00:00","dateModified":"2026-01-23T04:04:56+00:00","breadcrumb":{"@id":"https:\/\/www.smile-labfurniture.com\/product\/all-steel-fume-hood\/#breadcrumb"},"inLanguage":"pt-PT","potentialAction":[{"@type":"ReadAction","target":["https:\/\/www.smile-labfurniture.com\/product\/all-steel-fume-hood\/"]}]},{"@type":"ImageObject","inLanguage":"pt-PT","@id":"https:\/\/www.smile-labfurniture.com\/product\/all-steel-fume-hood\/#primaryimage","url":"https:\/\/www.smile-labfurniture.com\/wp-content\/uploads\/2025\/12\/ddde9b3d0531b24fdc66e8a67cfc897-\u526f\u672c1-1.webp","contentUrl":"https:\/\/www.smile-labfurniture.com\/wp-content\/uploads\/2025\/12\/ddde9b3d0531b24fdc66e8a67cfc897-\u526f\u672c1-1.webp","width":601,"height":728},{"@type":"BreadcrumbList","@id":"https:\/\/www.smile-labfurniture.com\/product\/all-steel-fume-hood\/#breadcrumb","itemListElement":[{"@type":"ListItem","position":1,"name":"\u9996\u9875","item":"https:\/\/www.smile-labfurniture.com\/"},{"@type":"ListItem","position":2,"name":"Shop","item":"https:\/\/www.smile-labfurniture.com\/shop\/"},{"@type":"ListItem","position":3,"name":"All steel fume hood"}]},{"@type":"WebSite","@id":"https:\/\/www.smile-labfurniture.com\/#website","url":"https:\/\/www.smile-labfurniture.com\/","name":"SMILELAB","description":"","publisher":{"@id":"https:\/\/www.smile-labfurniture.com\/#organization"},"potentialAction":[{"@type":"SearchAction","target":{"@type":"EntryPoint","urlTemplate":"https:\/\/www.smile-labfurniture.com\/?s={search_term_string}"},"query-input":{"@type":"PropertyValueSpecification","valueRequired":true,"valueName":"search_term_string"}}],"inLanguage":"pt-PT"},{"@type":"Organization","@id":"https:\/\/www.smile-labfurniture.com\/#organization","name":"SMILELAB","url":"https:\/\/www.smile-labfurniture.com\/","logo":{"@type":"ImageObject","inLanguage":"pt-PT","@id":"https:\/\/www.smile-labfurniture.com\/#\/schema\/logo\/image\/","url":"https:\/\/www.smile-labfurniture.com\/wp-content\/uploads\/2020\/06\/QQ_1764744017650.png","contentUrl":"https:\/\/www.smile-labfurniture.com\/wp-content\/uploads\/2020\/06\/QQ_1764744017650.png","width":355,"height":48,"caption":"SMILELAB"},"image":{"@id":"https:\/\/www.smile-labfurniture.com\/#\/schema\/logo\/image\/"},"sameAs":["https:\/\/www.facebook.com\/share\/1DxYQBbYb1\/?mibextid=wwXIfr"]}]}},"_links":{"self":[{"href":"https:\/\/www.smile-labfurniture.com\/pt\/wp-json\/wp\/v2\/product\/5003","targetHints":{"allow":["GET"]}}],"collection":[{"href":"https:\/\/www.smile-labfurniture.com\/pt\/wp-json\/wp\/v2\/product"}],"about":[{"href":"https:\/\/www.smile-labfurniture.com\/pt\/wp-json\/wp\/v2\/types\/product"}],"replies":[{"embeddable":true,"href":"https:\/\/www.smile-labfurniture.com\/pt\/wp-json\/wp\/v2\/comments?post=5003"}],"wp:featuredmedia":[{"embeddable":true,"href":"https:\/\/www.smile-labfurniture.com\/pt\/wp-json\/wp\/v2\/media\/5004"}],"wp:attachment":[{"href":"https:\/\/www.smile-labfurniture.com\/pt\/wp-json\/wp\/v2\/media?parent=5003"}],"wp:term":[{"taxonomy":"product_cat","embeddable":true,"href":"https:\/\/www.smile-labfurniture.com\/pt\/wp-json\/wp\/v2\/product_cat?post=5003"},{"taxonomy":"product_tag","embeddable":true,"href":"https:\/\/www.smile-labfurniture.com\/pt\/wp-json\/wp\/v2\/product_tag?post=5003"},{"taxonomy":"product_brand","embeddable":true,"href":"https:\/\/www.smile-labfurniture.com\/pt\/wp-json\/wp\/v2\/product_brand?post=5003"}],"curies":[{"name":"wp","href":"https:\/\/api.w.org\/{rel}","templated":true}]}}