{"id":4961,"date":"2025-12-11T08:23:24","date_gmt":"2025-12-11T08:23:24","guid":{"rendered":"http:\/\/www.smile-labfurniture.com\/?post_type=product&#038;p=4961"},"modified":"2026-01-23T04:10:39","modified_gmt":"2026-01-23T04:10:39","slug":"single-door-single-drawer-cabinet","status":"publish","type":"product","link":"https:\/\/www.smile-labfurniture.com\/pt\/produto\/single-door-single-drawer-cabinet\/","title":{"rendered":"Mobili\u00e1rio de laborat\u00f3rio recomendado"},"content":{"rendered":"<p style=\"text-align: center;\">Wood grain-laboratory furniture<\/p>\n<p style=\"text-align: left;\">1. Bancada: opcional<br \/>\n(1) [Configura\u00e7\u00e3o padr\u00e3o] Bancada de placa f\u00edsica e qu\u00edmica de n\u00facleo s\u00f3lido (dupla face) da American DuPont com 12,7 mm de espessura. O rebordo da bancada tem uma camada dupla com placas de material homog\u00e9neo e uma espessura de 25,4 mm. \u00c9 processada por m\u00e1quinas CNC por um fabricante profissional.<br \/>\n(2) [Configura\u00e7\u00e3o opcional] Escolha uma bancada de cer\u00e2mica de 20 mm de espessura fabricada na China, que tem melhor resist\u00eancia a altas temperaturas, resist\u00eancia \u00e0 corros\u00e3o, resist\u00eancia a \u00e1cidos e \u00e1lcalis<br \/>\n(3) [Configura\u00e7\u00e3o opcional] Utiliza uma bancada de resina ep\u00f3xi de fabrico chin\u00eas com 20 mm de espessura, resistente a altas temperaturas, \u00e1cidos e \u00e1lcalis<br \/>\n2. Descri\u00e7\u00e3o de todo o arm\u00e1rio: A estrutura \u00e9 feita de chapa de a\u00e7o galvanizado de alta qualidade de 1,0 mm, que \u00e9 cortada, posicionada, perfurada, dobrada e soldada num centro de maquina\u00e7\u00e3o CNC. Ap\u00f3s a decapagem e a fosfata\u00e7\u00e3o, \u00e9 pulverizado com p\u00f3 de resina ep\u00f3xi e cozido a alta temperatura para solidifica\u00e7\u00e3o.<br \/>\nTem alta ader\u00eancia, forte dureza superficial, forte resist\u00eancia \u00e0 corros\u00e3o e apar\u00eancia bonita.<br \/>\n3. Calha de deslizamento: Adopta uma espessura de parede de 1,5, uma base de suporte de carga de tr\u00eas sec\u00e7\u00f5es e uma calha deslizante silenciosa com 400 mm de comprimento. Tem uma grande suavidade e pode ser puxado 120.000 vezes;<br \/>\n4. Dobradi\u00e7a: dobradi\u00e7a interna\/externa em a\u00e7o inoxid\u00e1vel, com um \u00e2ngulo de abertura de 90 graus;<br \/>\n5. Descri\u00e7\u00e3o do p\u00e9 de ajuste: \u00c9 utilizado o p\u00e9 de ajuste de moldagem por inje\u00e7\u00e3o com um di\u00e2metro de \u03c68mm, que \u00e9 \u00e0 prova de choque, \u00e0 prova de humidade e resistente.<br \/>\nCorros\u00e3o, a altura do arm\u00e1rio pode ser ajustada adequadamente de acordo com o piso interior, o ajuste m\u00e1ximo \u00e9 de 0-20mm.<br \/>\n6. Descri\u00e7\u00e3o do processo: Depois de todas as chapas de a\u00e7o serem soldadas e pulverizadas com p\u00f3 de resina ep\u00f3xida, s\u00e3o visualmente lisas e n\u00e3o t\u00eam juntas de soldadura. Todos os circuitos de \u00e1gua, eletricidade e g\u00e1s devem ser seguros, adequados e instalados de forma oculta. Prever orif\u00edcios de manuten\u00e7\u00e3o no painel traseiro do arm\u00e1rio.<br \/>\n7. O arm\u00e1rio inferior (arm\u00e1rio de base geral) e o painel da porta s\u00e3o feitos de chapa de a\u00e7o galvanizado de alta qualidade de 1,0 mm (camada dupla), com liga\u00e7\u00f5es sem soldadura e almofadas amov\u00edveis de absor\u00e7\u00e3o de choque. \u00c9 formado num centro de maquina\u00e7\u00e3o CNC, cortado, posicionado e perfurado, dobrado e soldado.<br \/>\nAp\u00f3s a decapagem e a fosfata\u00e7\u00e3o, o p\u00f3 de resina ep\u00f3xi \u00e9 pulverizado e cozido a alta temperatura para solidifica\u00e7\u00e3o.<\/p>\n<p><img loading=\"lazy\" decoding=\"async\" class=\"alignnone size-full wp-image-4971\" src=\"http:\/\/www.smile-labfurniture.com\/wp-content\/uploads\/2025\/12\/-\u672a\u547d\u540d-20251208-120943.webp\" alt=\"\" width=\"6000\" height=\"4500\" srcset=\"https:\/\/www.smile-labfurniture.com\/wp-content\/uploads\/2025\/12\/-\u672a\u547d\u540d-20251208-120943.webp 6000w, https:\/\/www.smile-labfurniture.com\/wp-content\/uploads\/2025\/12\/-\u672a\u547d\u540d-20251208-120943-300x225.webp 300w\" sizes=\"auto, (max-width: 6000px) 100vw, 6000px\" \/><img loading=\"lazy\" decoding=\"async\" class=\"alignnone size-full wp-image-4972\" src=\"http:\/\/www.smile-labfurniture.com\/wp-content\/uploads\/2025\/12\/\u672a\u547d\u540d\u65b9\u6848-\u672a\u547d\u540d-20251208-120954.webp\" alt=\"\" width=\"6000\" height=\"4500\" srcset=\"https:\/\/www.smile-labfurniture.com\/wp-content\/uploads\/2025\/12\/\u672a\u547d\u540d\u65b9\u6848-\u672a\u547d\u540d-20251208-120954.webp 6000w, https:\/\/www.smile-labfurniture.com\/wp-content\/uploads\/2025\/12\/\u672a\u547d\u540d\u65b9\u6848-\u672a\u547d\u540d-20251208-120954-300x225.webp 300w\" sizes=\"auto, (max-width: 6000px) 100vw, 6000px\" \/><\/p>","protected":false},"excerpt":{"rendered":"<p>Pode personalizar as suas especifica\u00e7\u00f5es<\/p>","protected":false},"featured_media":4972,"comment_status":"closed","ping_status":"closed","template":"","meta":[],"product_cat":[15],"product_tag":[],"product_brand":[],"class_list":["post-4961","product","type-product","status-publish","has-post-thumbnail","hentry","product_cat-laboratory-furniture"],"yoast_head":"<!-- This site is optimized with the Yoast SEO plugin v26.6 - https:\/\/yoast.com\/wordpress\/plugins\/seo\/ -->\n<title>Recommended laboratory furniture - SMILELAB<\/title>\n<meta name=\"robots\" content=\"index, follow, max-snippet:-1, max-image-preview:large, max-video-preview:-1\" \/>\n<link rel=\"canonical\" href=\"https:\/\/www.smile-labfurniture.com\/pt\/produto\/single-door-single-drawer-cabinet\/\" \/>\n<meta property=\"og:locale\" content=\"pt_PT\" \/>\n<meta property=\"og:type\" content=\"article\" \/>\n<meta property=\"og:title\" content=\"Recommended laboratory furniture - SMILELAB\" \/>\n<meta property=\"og:description\" content=\"Can customize your specifications\" \/>\n<meta property=\"og:url\" content=\"https:\/\/www.smile-labfurniture.com\/pt\/produto\/single-door-single-drawer-cabinet\/\" \/>\n<meta property=\"og:site_name\" content=\"SMILELAB\" \/>\n<meta property=\"article:publisher\" content=\"https:\/\/www.facebook.com\/share\/1DxYQBbYb1\/?mibextid=wwXIfr\" \/>\n<meta property=\"article:modified_time\" content=\"2026-01-23T04:10:39+00:00\" \/>\n<meta property=\"og:image\" content=\"https:\/\/www.smile-labfurniture.com\/wp-content\/uploads\/2025\/12\/\u672a\u547d\u540d\u65b9\u6848-\u672a\u547d\u540d-20251208-120954.webp\" \/>\n\t<meta property=\"og:image:width\" content=\"6000\" \/>\n\t<meta property=\"og:image:height\" content=\"4500\" \/>\n\t<meta property=\"og:image:type\" content=\"image\/webp\" \/>\n<meta name=\"twitter:card\" content=\"summary_large_image\" \/>\n<meta name=\"twitter:label1\" content=\"Tempo estimado de leitura\" \/>\n\t<meta name=\"twitter:data1\" content=\"3 minutos\" \/>\n<script type=\"application\/ld+json\" class=\"yoast-schema-graph\">{\"@context\":\"https:\/\/schema.org\",\"@graph\":[{\"@type\":\"WebPage\",\"@id\":\"https:\/\/www.smile-labfurniture.com\/product\/single-door-single-drawer-cabinet\/\",\"url\":\"https:\/\/www.smile-labfurniture.com\/product\/single-door-single-drawer-cabinet\/\",\"name\":\"Recommended laboratory furniture - SMILELAB\",\"isPartOf\":{\"@id\":\"https:\/\/www.smile-labfurniture.com\/#website\"},\"primaryImageOfPage\":{\"@id\":\"https:\/\/www.smile-labfurniture.com\/product\/single-door-single-drawer-cabinet\/#primaryimage\"},\"image\":{\"@id\":\"https:\/\/www.smile-labfurniture.com\/product\/single-door-single-drawer-cabinet\/#primaryimage\"},\"thumbnailUrl\":\"https:\/\/www.smile-labfurniture.com\/wp-content\/uploads\/2025\/12\/\u672a\u547d\u540d\u65b9\u6848-\u672a\u547d\u540d-20251208-120954.webp\",\"datePublished\":\"2025-12-11T08:23:24+00:00\",\"dateModified\":\"2026-01-23T04:10:39+00:00\",\"breadcrumb\":{\"@id\":\"https:\/\/www.smile-labfurniture.com\/product\/single-door-single-drawer-cabinet\/#breadcrumb\"},\"inLanguage\":\"pt-PT\",\"potentialAction\":[{\"@type\":\"ReadAction\",\"target\":[\"https:\/\/www.smile-labfurniture.com\/product\/single-door-single-drawer-cabinet\/\"]}]},{\"@type\":\"ImageObject\",\"inLanguage\":\"pt-PT\",\"@id\":\"https:\/\/www.smile-labfurniture.com\/product\/single-door-single-drawer-cabinet\/#primaryimage\",\"url\":\"https:\/\/www.smile-labfurniture.com\/wp-content\/uploads\/2025\/12\/\u672a\u547d\u540d\u65b9\u6848-\u672a\u547d\u540d-20251208-120954.webp\",\"contentUrl\":\"https:\/\/www.smile-labfurniture.com\/wp-content\/uploads\/2025\/12\/\u672a\u547d\u540d\u65b9\u6848-\u672a\u547d\u540d-20251208-120954.webp\",\"width\":6000,\"height\":4500},{\"@type\":\"BreadcrumbList\",\"@id\":\"https:\/\/www.smile-labfurniture.com\/product\/single-door-single-drawer-cabinet\/#breadcrumb\",\"itemListElement\":[{\"@type\":\"ListItem\",\"position\":1,\"name\":\"\u9996\u9875\",\"item\":\"https:\/\/www.smile-labfurniture.com\/\"},{\"@type\":\"ListItem\",\"position\":2,\"name\":\"Shop\",\"item\":\"https:\/\/www.smile-labfurniture.com\/shop\/\"},{\"@type\":\"ListItem\",\"position\":3,\"name\":\"Recommended laboratory furniture\"}]},{\"@type\":\"WebSite\",\"@id\":\"https:\/\/www.smile-labfurniture.com\/#website\",\"url\":\"https:\/\/www.smile-labfurniture.com\/\",\"name\":\"SMILELAB\",\"description\":\"\",\"publisher\":{\"@id\":\"https:\/\/www.smile-labfurniture.com\/#organization\"},\"potentialAction\":[{\"@type\":\"SearchAction\",\"target\":{\"@type\":\"EntryPoint\",\"urlTemplate\":\"https:\/\/www.smile-labfurniture.com\/?s={search_term_string}\"},\"query-input\":{\"@type\":\"PropertyValueSpecification\",\"valueRequired\":true,\"valueName\":\"search_term_string\"}}],\"inLanguage\":\"pt-PT\"},{\"@type\":\"Organization\",\"@id\":\"https:\/\/www.smile-labfurniture.com\/#organization\",\"name\":\"SMILELAB\",\"url\":\"https:\/\/www.smile-labfurniture.com\/\",\"logo\":{\"@type\":\"ImageObject\",\"inLanguage\":\"pt-PT\",\"@id\":\"https:\/\/www.smile-labfurniture.com\/#\/schema\/logo\/image\/\",\"url\":\"https:\/\/www.smile-labfurniture.com\/wp-content\/uploads\/2020\/06\/QQ_1764744017650.png\",\"contentUrl\":\"https:\/\/www.smile-labfurniture.com\/wp-content\/uploads\/2020\/06\/QQ_1764744017650.png\",\"width\":355,\"height\":48,\"caption\":\"SMILELAB\"},\"image\":{\"@id\":\"https:\/\/www.smile-labfurniture.com\/#\/schema\/logo\/image\/\"},\"sameAs\":[\"https:\/\/www.facebook.com\/share\/1DxYQBbYb1\/?mibextid=wwXIfr\"]}]}<\/script>\n<!-- \/ Yoast SEO plugin. -->","yoast_head_json":{"title":"Recommended laboratory furniture - SMILELAB","robots":{"index":"index","follow":"follow","max-snippet":"max-snippet:-1","max-image-preview":"max-image-preview:large","max-video-preview":"max-video-preview:-1"},"canonical":"https:\/\/www.smile-labfurniture.com\/pt\/produto\/single-door-single-drawer-cabinet\/","og_locale":"pt_PT","og_type":"article","og_title":"Recommended laboratory furniture - SMILELAB","og_description":"Can customize your specifications","og_url":"https:\/\/www.smile-labfurniture.com\/pt\/produto\/single-door-single-drawer-cabinet\/","og_site_name":"SMILELAB","article_publisher":"https:\/\/www.facebook.com\/share\/1DxYQBbYb1\/?mibextid=wwXIfr","article_modified_time":"2026-01-23T04:10:39+00:00","og_image":[{"width":6000,"height":4500,"url":"https:\/\/www.smile-labfurniture.com\/wp-content\/uploads\/2025\/12\/\u672a\u547d\u540d\u65b9\u6848-\u672a\u547d\u540d-20251208-120954.webp","type":"image\/webp"}],"twitter_card":"summary_large_image","twitter_misc":{"Tempo estimado de leitura":"3 minutos"},"schema":{"@context":"https:\/\/schema.org","@graph":[{"@type":"WebPage","@id":"https:\/\/www.smile-labfurniture.com\/product\/single-door-single-drawer-cabinet\/","url":"https:\/\/www.smile-labfurniture.com\/product\/single-door-single-drawer-cabinet\/","name":"Recommended laboratory furniture - SMILELAB","isPartOf":{"@id":"https:\/\/www.smile-labfurniture.com\/#website"},"primaryImageOfPage":{"@id":"https:\/\/www.smile-labfurniture.com\/product\/single-door-single-drawer-cabinet\/#primaryimage"},"image":{"@id":"https:\/\/www.smile-labfurniture.com\/product\/single-door-single-drawer-cabinet\/#primaryimage"},"thumbnailUrl":"https:\/\/www.smile-labfurniture.com\/wp-content\/uploads\/2025\/12\/\u672a\u547d\u540d\u65b9\u6848-\u672a\u547d\u540d-20251208-120954.webp","datePublished":"2025-12-11T08:23:24+00:00","dateModified":"2026-01-23T04:10:39+00:00","breadcrumb":{"@id":"https:\/\/www.smile-labfurniture.com\/product\/single-door-single-drawer-cabinet\/#breadcrumb"},"inLanguage":"pt-PT","potentialAction":[{"@type":"ReadAction","target":["https:\/\/www.smile-labfurniture.com\/product\/single-door-single-drawer-cabinet\/"]}]},{"@type":"ImageObject","inLanguage":"pt-PT","@id":"https:\/\/www.smile-labfurniture.com\/product\/single-door-single-drawer-cabinet\/#primaryimage","url":"https:\/\/www.smile-labfurniture.com\/wp-content\/uploads\/2025\/12\/\u672a\u547d\u540d\u65b9\u6848-\u672a\u547d\u540d-20251208-120954.webp","contentUrl":"https:\/\/www.smile-labfurniture.com\/wp-content\/uploads\/2025\/12\/\u672a\u547d\u540d\u65b9\u6848-\u672a\u547d\u540d-20251208-120954.webp","width":6000,"height":4500},{"@type":"BreadcrumbList","@id":"https:\/\/www.smile-labfurniture.com\/product\/single-door-single-drawer-cabinet\/#breadcrumb","itemListElement":[{"@type":"ListItem","position":1,"name":"\u9996\u9875","item":"https:\/\/www.smile-labfurniture.com\/"},{"@type":"ListItem","position":2,"name":"Shop","item":"https:\/\/www.smile-labfurniture.com\/shop\/"},{"@type":"ListItem","position":3,"name":"Recommended laboratory furniture"}]},{"@type":"WebSite","@id":"https:\/\/www.smile-labfurniture.com\/#website","url":"https:\/\/www.smile-labfurniture.com\/","name":"SMILELAB","description":"","publisher":{"@id":"https:\/\/www.smile-labfurniture.com\/#organization"},"potentialAction":[{"@type":"SearchAction","target":{"@type":"EntryPoint","urlTemplate":"https:\/\/www.smile-labfurniture.com\/?s={search_term_string}"},"query-input":{"@type":"PropertyValueSpecification","valueRequired":true,"valueName":"search_term_string"}}],"inLanguage":"pt-PT"},{"@type":"Organization","@id":"https:\/\/www.smile-labfurniture.com\/#organization","name":"SMILELAB","url":"https:\/\/www.smile-labfurniture.com\/","logo":{"@type":"ImageObject","inLanguage":"pt-PT","@id":"https:\/\/www.smile-labfurniture.com\/#\/schema\/logo\/image\/","url":"https:\/\/www.smile-labfurniture.com\/wp-content\/uploads\/2020\/06\/QQ_1764744017650.png","contentUrl":"https:\/\/www.smile-labfurniture.com\/wp-content\/uploads\/2020\/06\/QQ_1764744017650.png","width":355,"height":48,"caption":"SMILELAB"},"image":{"@id":"https:\/\/www.smile-labfurniture.com\/#\/schema\/logo\/image\/"},"sameAs":["https:\/\/www.facebook.com\/share\/1DxYQBbYb1\/?mibextid=wwXIfr"]}]}},"_links":{"self":[{"href":"https:\/\/www.smile-labfurniture.com\/pt\/wp-json\/wp\/v2\/product\/4961","targetHints":{"allow":["GET"]}}],"collection":[{"href":"https:\/\/www.smile-labfurniture.com\/pt\/wp-json\/wp\/v2\/product"}],"about":[{"href":"https:\/\/www.smile-labfurniture.com\/pt\/wp-json\/wp\/v2\/types\/product"}],"replies":[{"embeddable":true,"href":"https:\/\/www.smile-labfurniture.com\/pt\/wp-json\/wp\/v2\/comments?post=4961"}],"wp:featuredmedia":[{"embeddable":true,"href":"https:\/\/www.smile-labfurniture.com\/pt\/wp-json\/wp\/v2\/media\/4972"}],"wp:attachment":[{"href":"https:\/\/www.smile-labfurniture.com\/pt\/wp-json\/wp\/v2\/media?parent=4961"}],"wp:term":[{"taxonomy":"product_cat","embeddable":true,"href":"https:\/\/www.smile-labfurniture.com\/pt\/wp-json\/wp\/v2\/product_cat?post=4961"},{"taxonomy":"product_tag","embeddable":true,"href":"https:\/\/www.smile-labfurniture.com\/pt\/wp-json\/wp\/v2\/product_tag?post=4961"},{"taxonomy":"product_brand","embeddable":true,"href":"https:\/\/www.smile-labfurniture.com\/pt\/wp-json\/wp\/v2\/product_brand?post=4961"}],"curies":[{"name":"wp","href":"https:\/\/api.w.org\/{rel}","templated":true}]}}