{"id":1493,"date":"2016-10-14T02:02:22","date_gmt":"2016-10-14T02:02:22","guid":{"rendered":"https:\/\/demo.wpthemego.com\/themes\/sw_revo\/demo10\/?page_id=1493"},"modified":"2025-12-11T06:08:44","modified_gmt":"2025-12-11T06:08:44","slug":"about-us","status":"publish","type":"page","link":"https:\/\/www.smile-labfurniture.com\/pt\/about-us\/","title":{"rendered":"Sobre n\u00f3s"},"content":{"rendered":"<div data-elementor-type=\"wp-page\" data-elementor-id=\"1493\" class=\"elementor elementor-1493\">\n\t\t\t\t\t\t\t\t\t<section class=\"elementor-section elementor-top-section elementor-element elementor-element-6bda35e4 elementor-section-boxed elementor-section-height-default elementor-section-height-default\" data-id=\"6bda35e4\" data-element_type=\"section\">\n\t\t\t\t\t\t<div class=\"elementor-container elementor-column-gap-default\">\n\t\t\t\t\t<div class=\"elementor-column elementor-col-100 elementor-top-column elementor-element elementor-element-5791458d\" data-id=\"5791458d\" data-element_type=\"column\">\n\t\t\t<div class=\"elementor-widget-wrap elementor-element-populated\">\n\t\t\t\t\t\t\t\t<div class=\"elementor-element elementor-element-7c89a477 elementor-widget elementor-widget-image\" data-id=\"7c89a477\" data-element_type=\"widget\" data-widget_type=\"image.default\">\n\t\t\t\t<div class=\"elementor-widget-container\">\n\t\t\t<style>\/*! elementor - v3.16.0 - 09-10-2023 *\/\n.elementor-widget-image{text-align:center}.elementor-widget-image a{display:inline-block}.elementor-widget-image a img[src$=\".svg\"]{width:48px}.elementor-widget-image img{vertical-align:middle;display:inline-block}<\/style>\t\t\t\t\t\t\t\t\t\t\t\t<img loading=\"lazy\" decoding=\"async\" width=\"1918\" height=\"500\" src=\"https:\/\/www.smile-labfurniture.com\/wp-content\/uploads\/2025\/12\/5-1.webp\" class=\"attachment-full size-full wp-image-4849\" alt=\"\" \/>\t\t\t\t\t\t\t\t\t\t\t\t\t\t\t<\/div>\n\t\t\t\t<\/div>\n\t\t\t\t\t<\/div>\n\t\t<\/div>\n\t\t\t\t\t\t\t<\/div>\n\t\t<\/section>\n\t\t\t\t<section class=\"elementor-section elementor-top-section elementor-element elementor-element-6d31b4c4 elementor-section-boxed elementor-section-height-default elementor-section-height-default\" data-id=\"6d31b4c4\" data-element_type=\"section\">\n\t\t\t\t\t\t<div class=\"elementor-container elementor-column-gap-default\">\n\t\t\t\t\t<div class=\"elementor-column elementor-col-100 elementor-top-column elementor-element elementor-element-60e07942\" data-id=\"60e07942\" data-element_type=\"column\">\n\t\t\t<div class=\"elementor-widget-wrap elementor-element-populated\">\n\t\t\t\t\t\t\t\t<div class=\"elementor-element elementor-element-33b017c5 elementor-widget elementor-widget-heading\" data-id=\"33b017c5\" data-element_type=\"widget\" data-widget_type=\"heading.default\">\n\t\t\t\t<div class=\"elementor-widget-container\">\n\t\t\t<style>\/*! elementor - v3.16.0 - 09-10-2023 *\/\n.elementor-heading-title{padding:0;margin:0;line-height:1}.elementor-widget-heading .elementor-heading-title[class*=elementor-size-]>a{color:inherit;font-size:inherit;line-height:inherit}.elementor-widget-heading .elementor-heading-title.elementor-size-small{font-size:15px}.elementor-widget-heading .elementor-heading-title.elementor-size-medium{font-size:19px}.elementor-widget-heading .elementor-heading-title.elementor-size-large{font-size:29px}.elementor-widget-heading .elementor-heading-title.elementor-size-xl{font-size:39px}.elementor-widget-heading .elementor-heading-title.elementor-size-xxl{font-size:59px}<\/style><h2 class=\"elementor-heading-title elementor-size-default\">sobre n\u00f3s<\/h2>\t\t<\/div>\n\t\t\t\t<\/div>\n\t\t\t\t<div class=\"elementor-element elementor-element-5d8a07dd elementor-widget elementor-widget-text-editor\" data-id=\"5d8a07dd\" data-element_type=\"widget\" data-widget_type=\"text-editor.default\">\n\t\t\t\t<div class=\"elementor-widget-container\">\n\t\t\t<style>\/*! elementor - v3.16.0 - 09-10-2023 *\/\n.elementor-widget-text-editor.elementor-drop-cap-view-stacked .elementor-drop-cap{background-color:#69727d;color:#fff}.elementor-widget-text-editor.elementor-drop-cap-view-framed .elementor-drop-cap{color:#69727d;border:3px solid;background-color:transparent}.elementor-widget-text-editor:not(.elementor-drop-cap-view-default) .elementor-drop-cap{margin-top:8px}.elementor-widget-text-editor:not(.elementor-drop-cap-view-default) .elementor-drop-cap-letter{width:1em;height:1em}.elementor-widget-text-editor .elementor-drop-cap{float:left;text-align:center;line-height:1;font-size:50px}.elementor-widget-text-editor .elementor-drop-cap-letter{display:inline-block}<\/style>\t\t\t\t<p>A Beijing Zhongkesmai Laboratory Equipment Co., Ltd. foi fundada em 2009 e acumulou 16 anos de experi\u00eancia profissional na constru\u00e7\u00e3o de laborat\u00f3rios.<br \/>Com 16 anos de experi\u00eancia na conce\u00e7\u00e3o e constru\u00e7\u00e3o de laborat\u00f3rios, esfor\u00e7amo-nos por combinar a experi\u00eancia e os conceitos avan\u00e7ados de conce\u00e7\u00e3o estrangeiros com as condi\u00e7\u00f5es nacionais da China, atrav\u00e9s da compreens\u00e3o cont\u00ednua das necessidades dos clientes e da situa\u00e7\u00e3o \u00fanica do ambiente laboratorial nacional, de modo a que os nossos projectos e pre\u00e7os possam satisfazer tanto quanto poss\u00edvel as necessidades dos clientes.<br \/>Somos especializados no fornecimento de servi\u00e7os t\u00e9cnicos profissionais abrangentes e completos para as principais institui\u00e7\u00f5es de investiga\u00e7\u00e3o cient\u00edfica, incluindo engenharia de sistemas de purifica\u00e7\u00e3o de laborat\u00f3rios, engenharia de suporte de mobili\u00e1rio de laborat\u00f3rio, engenharia de sistemas de ventila\u00e7\u00e3o, engenharia de sistemas de trajectos de g\u00e1s, engenharia de sistemas de seguran\u00e7a, engenharia de sistemas el\u00e9ctricos fortes e fracos e engenharia de sistemas de tratamento de \u00e1guas residuais. Nos \u00faltimos 16 anos, a empresa aderiu aos valores fundamentais de \u201chonestidade e confiabilidade, coopera\u00e7\u00e3o ganha-ganha\u201d e criou a marca \u201cZhongkesmai\u201d, que \u00e9 ecologicamente correta, economizadora de energia e inteligente. Aderindo \u00e0 filosofia de desenvolvimento de luta pela excel\u00eancia, inova\u00e7\u00e3o cont\u00ednua, qualidade em primeiro lugar e servi\u00e7o de alta qualidade, a nossa empresa adopta uma abordagem de gest\u00e3o cient\u00edfica orientada para as pessoas, liderada pela tecnologia e orientada para o mercado. Adoptamos continuamente tecnologias avan\u00e7adas de fontes nacionais e internacionais, prestamos aten\u00e7\u00e3o ao controlo de qualidade t\u00e9cnica e transformamos novas conquistas tecnol\u00f3gicas em produtos de alta qualidade para o mercado, tornando-se uma poderosa for\u00e7a motriz para o sucesso da nossa empresa. Os produtos da empresa s\u00e3o amplamente utilizados em v\u00e1rias ind\u00fastrias, tais como cuidados de sa\u00fade, bioqu\u00edmica, qu\u00edmica fina, alimentos e bebidas, aeroespacial, ind\u00fastria eletr\u00f3nica, instrumentos de precis\u00e3o, medidores, investiga\u00e7\u00e3o cient\u00edfica e ensino. Esperamos sinceramente que os clientes que tenham entrado em contacto, compreendido e utilizado os nossos produtos possam dar mais opini\u00f5es, requisitos e sugest\u00f5es sobre os nossos produtos e servi\u00e7os, ajudando-nos a melhor\u00e1-los e aperfei\u00e7o\u00e1-los. Beijing Zhongkesimai Laboratory Equipment Co., Ltd. est\u00e1 disposta a trabalhar em conjunto consigo para lhe proporcionar um ambiente de trabalho seguro, saud\u00e1vel e confort\u00e1vel!<\/p>\t\t\t\t\t\t<\/div>\n\t\t\t\t<\/div>\n\t\t\t\t\t<\/div>\n\t\t<\/div>\n\t\t\t\t\t\t\t<\/div>\n\t\t<\/section>\n\t\t\t\t\t\t\t<\/div>","protected":false},"excerpt":{"rendered":"<p>about us Beijing Zhongkesmai Laboratory Equipment Co., Ltd. was established in 2009 and has accumulated 16 years of professional laboratory construction experience.With 16 years of experience in laboratory design and construction, we strive to combine advanced foreign design experience and &hellip; <a href=\"https:\/\/www.smile-labfurniture.com\/pt\/about-us\/\">Ler mais<\/a><\/p>","protected":false},"author":1,"featured_media":0,"parent":0,"menu_order":0,"comment_status":"closed","ping_status":"closed","template":"","meta":{"footnotes":""},"class_list":["post-1493","page","type-page","status-publish","hentry"],"yoast_head":"<!-- This site is optimized with the Yoast SEO plugin v26.6 - https:\/\/yoast.com\/wordpress\/plugins\/seo\/ -->\n<title>About Us - SMILELAB<\/title>\n<meta name=\"robots\" content=\"index, follow, max-snippet:-1, max-image-preview:large, max-video-preview:-1\" \/>\n<link rel=\"canonical\" href=\"https:\/\/www.smile-labfurniture.com\/pt\/about-us\/\" \/>\n<meta property=\"og:locale\" content=\"pt_PT\" \/>\n<meta property=\"og:type\" content=\"article\" \/>\n<meta property=\"og:title\" content=\"About Us - SMILELAB\" \/>\n<meta property=\"og:description\" content=\"about us Beijing Zhongkesmai Laboratory Equipment Co., Ltd. was established in 2009 and has accumulated 16 years of professional laboratory construction experience.With 16 years of experience in laboratory design and construction, we strive to combine advanced foreign design experience and &hellip; Readmore\" \/>\n<meta property=\"og:url\" content=\"https:\/\/www.smile-labfurniture.com\/pt\/about-us\/\" \/>\n<meta property=\"og:site_name\" content=\"SMILELAB\" \/>\n<meta property=\"article:publisher\" content=\"https:\/\/www.facebook.com\/share\/1DxYQBbYb1\/?mibextid=wwXIfr\" \/>\n<meta property=\"article:modified_time\" content=\"2025-12-11T06:08:44+00:00\" \/>\n<meta property=\"og:image\" content=\"http:\/\/www.smile-labfurniture.com\/wp-content\/uploads\/2025\/12\/5-1.webp\" \/>\n<meta name=\"twitter:card\" content=\"summary_large_image\" \/>\n<meta name=\"twitter:label1\" content=\"Tempo estimado de leitura\" \/>\n\t<meta name=\"twitter:data1\" content=\"2 minutos\" \/>\n<script type=\"application\/ld+json\" class=\"yoast-schema-graph\">{\"@context\":\"https:\/\/schema.org\",\"@graph\":[{\"@type\":\"WebPage\",\"@id\":\"https:\/\/www.smile-labfurniture.com\/about-us\/\",\"url\":\"https:\/\/www.smile-labfurniture.com\/about-us\/\",\"name\":\"About Us - SMILELAB\",\"isPartOf\":{\"@id\":\"https:\/\/www.smile-labfurniture.com\/#website\"},\"primaryImageOfPage\":{\"@id\":\"https:\/\/www.smile-labfurniture.com\/about-us\/#primaryimage\"},\"image\":{\"@id\":\"https:\/\/www.smile-labfurniture.com\/about-us\/#primaryimage\"},\"thumbnailUrl\":\"http:\/\/www.smile-labfurniture.com\/wp-content\/uploads\/2025\/12\/5-1.webp\",\"datePublished\":\"2016-10-14T02:02:22+00:00\",\"dateModified\":\"2025-12-11T06:08:44+00:00\",\"breadcrumb\":{\"@id\":\"https:\/\/www.smile-labfurniture.com\/about-us\/#breadcrumb\"},\"inLanguage\":\"pt-PT\",\"potentialAction\":[{\"@type\":\"ReadAction\",\"target\":[\"https:\/\/www.smile-labfurniture.com\/about-us\/\"]}]},{\"@type\":\"ImageObject\",\"inLanguage\":\"pt-PT\",\"@id\":\"https:\/\/www.smile-labfurniture.com\/about-us\/#primaryimage\",\"url\":\"http:\/\/www.smile-labfurniture.com\/wp-content\/uploads\/2025\/12\/5-1.webp\",\"contentUrl\":\"http:\/\/www.smile-labfurniture.com\/wp-content\/uploads\/2025\/12\/5-1.webp\"},{\"@type\":\"BreadcrumbList\",\"@id\":\"https:\/\/www.smile-labfurniture.com\/about-us\/#breadcrumb\",\"itemListElement\":[{\"@type\":\"ListItem\",\"position\":1,\"name\":\"\u9996\u9875\",\"item\":\"https:\/\/www.smile-labfurniture.com\/\"},{\"@type\":\"ListItem\",\"position\":2,\"name\":\"About Us\"}]},{\"@type\":\"WebSite\",\"@id\":\"https:\/\/www.smile-labfurniture.com\/#website\",\"url\":\"https:\/\/www.smile-labfurniture.com\/\",\"name\":\"SMILELAB\",\"description\":\"\",\"publisher\":{\"@id\":\"https:\/\/www.smile-labfurniture.com\/#organization\"},\"potentialAction\":[{\"@type\":\"SearchAction\",\"target\":{\"@type\":\"EntryPoint\",\"urlTemplate\":\"https:\/\/www.smile-labfurniture.com\/?s={search_term_string}\"},\"query-input\":{\"@type\":\"PropertyValueSpecification\",\"valueRequired\":true,\"valueName\":\"search_term_string\"}}],\"inLanguage\":\"pt-PT\"},{\"@type\":\"Organization\",\"@id\":\"https:\/\/www.smile-labfurniture.com\/#organization\",\"name\":\"SMILELAB\",\"url\":\"https:\/\/www.smile-labfurniture.com\/\",\"logo\":{\"@type\":\"ImageObject\",\"inLanguage\":\"pt-PT\",\"@id\":\"https:\/\/www.smile-labfurniture.com\/#\/schema\/logo\/image\/\",\"url\":\"https:\/\/www.smile-labfurniture.com\/wp-content\/uploads\/2020\/06\/QQ_1764744017650.png\",\"contentUrl\":\"https:\/\/www.smile-labfurniture.com\/wp-content\/uploads\/2020\/06\/QQ_1764744017650.png\",\"width\":355,\"height\":48,\"caption\":\"SMILELAB\"},\"image\":{\"@id\":\"https:\/\/www.smile-labfurniture.com\/#\/schema\/logo\/image\/\"},\"sameAs\":[\"https:\/\/www.facebook.com\/share\/1DxYQBbYb1\/?mibextid=wwXIfr\"]}]}<\/script>\n<!-- \/ Yoast SEO plugin. -->","yoast_head_json":{"title":"About Us - SMILELAB","robots":{"index":"index","follow":"follow","max-snippet":"max-snippet:-1","max-image-preview":"max-image-preview:large","max-video-preview":"max-video-preview:-1"},"canonical":"https:\/\/www.smile-labfurniture.com\/pt\/about-us\/","og_locale":"pt_PT","og_type":"article","og_title":"About Us - SMILELAB","og_description":"about us Beijing Zhongkesmai Laboratory Equipment Co., Ltd. was established in 2009 and has accumulated 16 years of professional laboratory construction experience.With 16 years of experience in laboratory design and construction, we strive to combine advanced foreign design experience and &hellip; Readmore","og_url":"https:\/\/www.smile-labfurniture.com\/pt\/about-us\/","og_site_name":"SMILELAB","article_publisher":"https:\/\/www.facebook.com\/share\/1DxYQBbYb1\/?mibextid=wwXIfr","article_modified_time":"2025-12-11T06:08:44+00:00","og_image":[{"url":"http:\/\/www.smile-labfurniture.com\/wp-content\/uploads\/2025\/12\/5-1.webp","type":"","width":"","height":""}],"twitter_card":"summary_large_image","twitter_misc":{"Tempo estimado de leitura":"2 minutos"},"schema":{"@context":"https:\/\/schema.org","@graph":[{"@type":"WebPage","@id":"https:\/\/www.smile-labfurniture.com\/about-us\/","url":"https:\/\/www.smile-labfurniture.com\/about-us\/","name":"About Us - SMILELAB","isPartOf":{"@id":"https:\/\/www.smile-labfurniture.com\/#website"},"primaryImageOfPage":{"@id":"https:\/\/www.smile-labfurniture.com\/about-us\/#primaryimage"},"image":{"@id":"https:\/\/www.smile-labfurniture.com\/about-us\/#primaryimage"},"thumbnailUrl":"http:\/\/www.smile-labfurniture.com\/wp-content\/uploads\/2025\/12\/5-1.webp","datePublished":"2016-10-14T02:02:22+00:00","dateModified":"2025-12-11T06:08:44+00:00","breadcrumb":{"@id":"https:\/\/www.smile-labfurniture.com\/about-us\/#breadcrumb"},"inLanguage":"pt-PT","potentialAction":[{"@type":"ReadAction","target":["https:\/\/www.smile-labfurniture.com\/about-us\/"]}]},{"@type":"ImageObject","inLanguage":"pt-PT","@id":"https:\/\/www.smile-labfurniture.com\/about-us\/#primaryimage","url":"http:\/\/www.smile-labfurniture.com\/wp-content\/uploads\/2025\/12\/5-1.webp","contentUrl":"http:\/\/www.smile-labfurniture.com\/wp-content\/uploads\/2025\/12\/5-1.webp"},{"@type":"BreadcrumbList","@id":"https:\/\/www.smile-labfurniture.com\/about-us\/#breadcrumb","itemListElement":[{"@type":"ListItem","position":1,"name":"\u9996\u9875","item":"https:\/\/www.smile-labfurniture.com\/"},{"@type":"ListItem","position":2,"name":"About Us"}]},{"@type":"WebSite","@id":"https:\/\/www.smile-labfurniture.com\/#website","url":"https:\/\/www.smile-labfurniture.com\/","name":"SMILELAB","description":"","publisher":{"@id":"https:\/\/www.smile-labfurniture.com\/#organization"},"potentialAction":[{"@type":"SearchAction","target":{"@type":"EntryPoint","urlTemplate":"https:\/\/www.smile-labfurniture.com\/?s={search_term_string}"},"query-input":{"@type":"PropertyValueSpecification","valueRequired":true,"valueName":"search_term_string"}}],"inLanguage":"pt-PT"},{"@type":"Organization","@id":"https:\/\/www.smile-labfurniture.com\/#organization","name":"SMILELAB","url":"https:\/\/www.smile-labfurniture.com\/","logo":{"@type":"ImageObject","inLanguage":"pt-PT","@id":"https:\/\/www.smile-labfurniture.com\/#\/schema\/logo\/image\/","url":"https:\/\/www.smile-labfurniture.com\/wp-content\/uploads\/2020\/06\/QQ_1764744017650.png","contentUrl":"https:\/\/www.smile-labfurniture.com\/wp-content\/uploads\/2020\/06\/QQ_1764744017650.png","width":355,"height":48,"caption":"SMILELAB"},"image":{"@id":"https:\/\/www.smile-labfurniture.com\/#\/schema\/logo\/image\/"},"sameAs":["https:\/\/www.facebook.com\/share\/1DxYQBbYb1\/?mibextid=wwXIfr"]}]}},"_links":{"self":[{"href":"https:\/\/www.smile-labfurniture.com\/pt\/wp-json\/wp\/v2\/pages\/1493","targetHints":{"allow":["GET"]}}],"collection":[{"href":"https:\/\/www.smile-labfurniture.com\/pt\/wp-json\/wp\/v2\/pages"}],"about":[{"href":"https:\/\/www.smile-labfurniture.com\/pt\/wp-json\/wp\/v2\/types\/page"}],"author":[{"embeddable":true,"href":"https:\/\/www.smile-labfurniture.com\/pt\/wp-json\/wp\/v2\/users\/1"}],"replies":[{"embeddable":true,"href":"https:\/\/www.smile-labfurniture.com\/pt\/wp-json\/wp\/v2\/comments?post=1493"}],"version-history":[{"count":6,"href":"https:\/\/www.smile-labfurniture.com\/pt\/wp-json\/wp\/v2\/pages\/1493\/revisions"}],"predecessor-version":[{"id":4953,"href":"https:\/\/www.smile-labfurniture.com\/pt\/wp-json\/wp\/v2\/pages\/1493\/revisions\/4953"}],"wp:attachment":[{"href":"https:\/\/www.smile-labfurniture.com\/pt\/wp-json\/wp\/v2\/media?parent=1493"}],"curies":[{"name":"wp","href":"https:\/\/api.w.org\/{rel}","templated":true}]}}