{"id":5072,"date":"2025-12-21T10:24:15","date_gmt":"2025-12-21T10:24:15","guid":{"rendered":"http:\/\/www.smile-labfurniture.com\/?post_type=product&#038;p=5072"},"modified":"2026-02-02T06:34:10","modified_gmt":"2026-02-02T06:34:10","slug":"gas-bottle-cabinet","status":"publish","type":"product","link":"https:\/\/www.smile-labfurniture.com\/fr\/produit\/gas-bottle-cabinet\/","title":{"rendered":"Armoire \u00e0 bouteilles de gaz"},"content":{"rendered":"<p>1. Sp\u00e9cifications de l'armoire \u00e0 bouteilles de gaz<br \/>\nLes sp\u00e9cifications de l'alarme sont les suivantes : bouteille simple : 23\u2033*18\u2033*71\u2033, bouteille double : 35\u2033*18\u2033*71\u2033, trois bouteilles : 47\u2033*18\u2033*71\u2033,<br \/>\n2. Cabinet<br \/>\nIl est fabriqu\u00e9 \u00e0 partir d'une plaque d'acier lamin\u00e9 \u00e0 froid de haute qualit\u00e9 Baosteel de 1,0 mm d'\u00e9paisseur, qui a \u00e9t\u00e9 d\u00e9cap\u00e9e et phosphor\u00e9e, et la surface est pulv\u00e9ris\u00e9e \u00e9lectrostatiquement avec de la r\u00e9sine \u00e9poxy pour obtenir des effets antiacides, alcalins et antirouille.<br \/>\n3. Panneau de porte<br \/>\nIl est dot\u00e9 de charni\u00e8res amovibles et d'une fen\u00eatre de visualisation sur le devant. La fen\u00eatre de visualisation est en verre antid\u00e9flagrant.<br \/>\n4. Trou PASS<br \/>\nDes trous PASS sont situ\u00e9s sur le c\u00f4t\u00e9 de l'armoire pour assurer la circulation du gaz \u00e0 l'int\u00e9rieur de l'armoire.<br \/>\n5. Cha\u00eene fixe<br \/>\nUne cha\u00eene fixe est utilis\u00e9e \u00e0 l'int\u00e9rieur pour emp\u00eacher le cylindre de basculer.<br \/>\n6. P\u00e9dale<br \/>\nUne p\u00e9dale r\u00e9glable au bas de l'armoire facilite le chargement et le d\u00e9chargement des bouteilles de gaz.<br \/>\n7. la poign\u00e9e<br \/>\nUne poign\u00e9e int\u00e9gr\u00e9e \u00e0 haute r\u00e9sistance est utilis\u00e9e.<br \/>\n8. Alarme<br \/>\nDes dispositifs d'alarme sp\u00e9ciaux sont disponibles en option. Le dispositif d'alarme peut identifier : les gaz inflammables tels que le m\u00e9thane, l'ac\u00e9tyl\u00e8ne, le gaz de charbon, etc.<br \/>\n9. Syst\u00e8me d'alarme sonore et lumineux<br \/>\nLorsque le capteur situ\u00e9 dans l'armoire d\u00e9tecte une fuite de gaz, il d\u00e9clenche automatiquement une lumi\u00e8re rouge clignotante et une alarme stridente, tout en \u00e9vacuant automatiquement l'air.<br \/>\n10. Syst\u00e8me d'\u00e9chappement automatique<br \/>\nLorsque le capteur situ\u00e9 dans l'armoire d\u00e9tecte une fuite de gaz et d\u00e9clenche une alarme, le ventilateur sup\u00e9rieur fonctionne automatiquement pour \u00e9vacuer le gaz \u00e0 l'ext\u00e9rieur par le conduit d'\u00e9vacuation afin d'assurer la s\u00e9curit\u00e9 des personnes dans la zone de travail.<br \/>\n11. Conteneurs m\u00e9talliques utilis\u00e9s pour am\u00e9liorer la ventilation locale, prot\u00e9ger les cylindres (bouteilles de gaz) d'un incendie \u00e0 l'ext\u00e9rieur de l'armoire et prot\u00e9ger les objets environnants d'un incendie interne.<br \/>\n12. L'armoire \u00e0 bouteilles de gaz est \u00e9quip\u00e9e d'un syst\u00e8me de purge, d'une alarme et d'un orifice d'\u00e9vacuation. Il y a g\u00e9n\u00e9ralement une position pour une bouteille, une position pour deux bouteilles et une position pour trois bouteilles.<br \/>\n13. Lorsque la bouteille de gaz est stock\u00e9e dans ce produit, aucune situation ne peut se produire sans intervention humaine. Afin d'\u00e9viter que le dispositif d'alarme ne reste longtemps au repos et ne d\u00e9clenche que lentement ou pas du tout d'alarme, le personnel peut effectuer un test d'alarme sur le produit \u00e0 l'aide de fum\u00e9e et de gaz, de mani\u00e8re \u00e0 assurer le fonctionnement normal du produit. Remarque : la p\u00e9riode d'auto-inspection de l'armoire \u00e0 bouteilles de gaz est g\u00e9n\u00e9ralement fix\u00e9e \u00e0 une fois en janvier ou f\u00e9vrier.<\/p>\n<p><img loading=\"lazy\" decoding=\"async\" class=\"alignnone size-full wp-image-5189\" src=\"https:\/\/www.smile-labfurniture.com\/wp-content\/uploads\/2025\/12\/f41fe195407d34ce2cd0555f0688dc4b.webp\" alt=\"\" width=\"700\" height=\"700\" srcset=\"https:\/\/www.smile-labfurniture.com\/wp-content\/uploads\/2025\/12\/f41fe195407d34ce2cd0555f0688dc4b.webp 700w, https:\/\/www.smile-labfurniture.com\/wp-content\/uploads\/2025\/12\/f41fe195407d34ce2cd0555f0688dc4b-300x300.webp 300w, https:\/\/www.smile-labfurniture.com\/wp-content\/uploads\/2025\/12\/f41fe195407d34ce2cd0555f0688dc4b-12x12.webp 12w\" sizes=\"auto, (max-width: 700px) 100vw, 700px\" \/><\/p>","protected":false},"excerpt":{"rendered":"<p>Possibilit\u00e9 de personnaliser vos sp\u00e9cifications<\/p>","protected":false},"featured_media":5189,"comment_status":"closed","ping_status":"closed","template":"","meta":[],"product_cat":[105],"product_tag":[],"product_brand":[],"class_list":["post-5072","product","type-product","status-publish","has-post-thumbnail","hentry","product_cat-reagent-cabinet"],"yoast_head":"<!-- This site is optimized with the Yoast SEO plugin v26.6 - https:\/\/yoast.com\/wordpress\/plugins\/seo\/ -->\n<title>Gas bottle cabinet - SMILELAB<\/title>\n<meta name=\"robots\" content=\"index, follow, max-snippet:-1, max-image-preview:large, max-video-preview:-1\" \/>\n<link rel=\"canonical\" href=\"https:\/\/www.smile-labfurniture.com\/fr\/produit\/gas-bottle-cabinet\/\" \/>\n<meta property=\"og:locale\" content=\"fr_FR\" \/>\n<meta property=\"og:type\" content=\"article\" \/>\n<meta property=\"og:title\" content=\"Gas bottle cabinet - SMILELAB\" \/>\n<meta property=\"og:description\" content=\"Can customize your specifications\" \/>\n<meta property=\"og:url\" content=\"https:\/\/www.smile-labfurniture.com\/fr\/produit\/gas-bottle-cabinet\/\" \/>\n<meta property=\"og:site_name\" content=\"SMILELAB\" \/>\n<meta property=\"article:publisher\" content=\"https:\/\/www.facebook.com\/share\/1DxYQBbYb1\/?mibextid=wwXIfr\" \/>\n<meta property=\"article:modified_time\" content=\"2026-02-02T06:34:10+00:00\" \/>\n<meta property=\"og:image\" content=\"https:\/\/www.smile-labfurniture.com\/wp-content\/uploads\/2025\/12\/f41fe195407d34ce2cd0555f0688dc4b.webp\" \/>\n\t<meta property=\"og:image:width\" content=\"700\" \/>\n\t<meta property=\"og:image:height\" content=\"700\" \/>\n\t<meta property=\"og:image:type\" content=\"image\/webp\" \/>\n<meta name=\"twitter:card\" content=\"summary_large_image\" \/>\n<meta name=\"twitter:label1\" content=\"Dur\u00e9e de lecture estim\u00e9e\" \/>\n\t<meta name=\"twitter:data1\" content=\"3 minutes\" \/>\n<script type=\"application\/ld+json\" class=\"yoast-schema-graph\">{\"@context\":\"https:\/\/schema.org\",\"@graph\":[{\"@type\":\"WebPage\",\"@id\":\"https:\/\/www.smile-labfurniture.com\/product\/gas-bottle-cabinet\/\",\"url\":\"https:\/\/www.smile-labfurniture.com\/product\/gas-bottle-cabinet\/\",\"name\":\"Gas bottle cabinet - SMILELAB\",\"isPartOf\":{\"@id\":\"https:\/\/www.smile-labfurniture.com\/#website\"},\"primaryImageOfPage\":{\"@id\":\"https:\/\/www.smile-labfurniture.com\/product\/gas-bottle-cabinet\/#primaryimage\"},\"image\":{\"@id\":\"https:\/\/www.smile-labfurniture.com\/product\/gas-bottle-cabinet\/#primaryimage\"},\"thumbnailUrl\":\"https:\/\/www.smile-labfurniture.com\/wp-content\/uploads\/2025\/12\/f41fe195407d34ce2cd0555f0688dc4b.webp\",\"datePublished\":\"2025-12-21T10:24:15+00:00\",\"dateModified\":\"2026-02-02T06:34:10+00:00\",\"breadcrumb\":{\"@id\":\"https:\/\/www.smile-labfurniture.com\/product\/gas-bottle-cabinet\/#breadcrumb\"},\"inLanguage\":\"fr-FR\",\"potentialAction\":[{\"@type\":\"ReadAction\",\"target\":[\"https:\/\/www.smile-labfurniture.com\/product\/gas-bottle-cabinet\/\"]}]},{\"@type\":\"ImageObject\",\"inLanguage\":\"fr-FR\",\"@id\":\"https:\/\/www.smile-labfurniture.com\/product\/gas-bottle-cabinet\/#primaryimage\",\"url\":\"https:\/\/www.smile-labfurniture.com\/wp-content\/uploads\/2025\/12\/f41fe195407d34ce2cd0555f0688dc4b.webp\",\"contentUrl\":\"https:\/\/www.smile-labfurniture.com\/wp-content\/uploads\/2025\/12\/f41fe195407d34ce2cd0555f0688dc4b.webp\",\"width\":700,\"height\":700},{\"@type\":\"BreadcrumbList\",\"@id\":\"https:\/\/www.smile-labfurniture.com\/product\/gas-bottle-cabinet\/#breadcrumb\",\"itemListElement\":[{\"@type\":\"ListItem\",\"position\":1,\"name\":\"\u9996\u9875\",\"item\":\"https:\/\/www.smile-labfurniture.com\/\"},{\"@type\":\"ListItem\",\"position\":2,\"name\":\"Shop\",\"item\":\"https:\/\/www.smile-labfurniture.com\/shop\/\"},{\"@type\":\"ListItem\",\"position\":3,\"name\":\"Gas bottle cabinet\"}]},{\"@type\":\"WebSite\",\"@id\":\"https:\/\/www.smile-labfurniture.com\/#website\",\"url\":\"https:\/\/www.smile-labfurniture.com\/\",\"name\":\"SMILELAB\",\"description\":\"\",\"publisher\":{\"@id\":\"https:\/\/www.smile-labfurniture.com\/#organization\"},\"potentialAction\":[{\"@type\":\"SearchAction\",\"target\":{\"@type\":\"EntryPoint\",\"urlTemplate\":\"https:\/\/www.smile-labfurniture.com\/?s={search_term_string}\"},\"query-input\":{\"@type\":\"PropertyValueSpecification\",\"valueRequired\":true,\"valueName\":\"search_term_string\"}}],\"inLanguage\":\"fr-FR\"},{\"@type\":\"Organization\",\"@id\":\"https:\/\/www.smile-labfurniture.com\/#organization\",\"name\":\"SMILELAB\",\"url\":\"https:\/\/www.smile-labfurniture.com\/\",\"logo\":{\"@type\":\"ImageObject\",\"inLanguage\":\"fr-FR\",\"@id\":\"https:\/\/www.smile-labfurniture.com\/#\/schema\/logo\/image\/\",\"url\":\"https:\/\/www.smile-labfurniture.com\/wp-content\/uploads\/2020\/06\/QQ_1764744017650.png\",\"contentUrl\":\"https:\/\/www.smile-labfurniture.com\/wp-content\/uploads\/2020\/06\/QQ_1764744017650.png\",\"width\":355,\"height\":48,\"caption\":\"SMILELAB\"},\"image\":{\"@id\":\"https:\/\/www.smile-labfurniture.com\/#\/schema\/logo\/image\/\"},\"sameAs\":[\"https:\/\/www.facebook.com\/share\/1DxYQBbYb1\/?mibextid=wwXIfr\"]}]}<\/script>\n<!-- \/ Yoast SEO plugin. -->","yoast_head_json":{"title":"Gas bottle cabinet - SMILELAB","robots":{"index":"index","follow":"follow","max-snippet":"max-snippet:-1","max-image-preview":"max-image-preview:large","max-video-preview":"max-video-preview:-1"},"canonical":"https:\/\/www.smile-labfurniture.com\/fr\/produit\/gas-bottle-cabinet\/","og_locale":"fr_FR","og_type":"article","og_title":"Gas bottle cabinet - SMILELAB","og_description":"Can customize your specifications","og_url":"https:\/\/www.smile-labfurniture.com\/fr\/produit\/gas-bottle-cabinet\/","og_site_name":"SMILELAB","article_publisher":"https:\/\/www.facebook.com\/share\/1DxYQBbYb1\/?mibextid=wwXIfr","article_modified_time":"2026-02-02T06:34:10+00:00","og_image":[{"width":700,"height":700,"url":"https:\/\/www.smile-labfurniture.com\/wp-content\/uploads\/2025\/12\/f41fe195407d34ce2cd0555f0688dc4b.webp","type":"image\/webp"}],"twitter_card":"summary_large_image","twitter_misc":{"Dur\u00e9e de lecture estim\u00e9e":"3 minutes"},"schema":{"@context":"https:\/\/schema.org","@graph":[{"@type":"WebPage","@id":"https:\/\/www.smile-labfurniture.com\/product\/gas-bottle-cabinet\/","url":"https:\/\/www.smile-labfurniture.com\/product\/gas-bottle-cabinet\/","name":"Gas bottle cabinet - SMILELAB","isPartOf":{"@id":"https:\/\/www.smile-labfurniture.com\/#website"},"primaryImageOfPage":{"@id":"https:\/\/www.smile-labfurniture.com\/product\/gas-bottle-cabinet\/#primaryimage"},"image":{"@id":"https:\/\/www.smile-labfurniture.com\/product\/gas-bottle-cabinet\/#primaryimage"},"thumbnailUrl":"https:\/\/www.smile-labfurniture.com\/wp-content\/uploads\/2025\/12\/f41fe195407d34ce2cd0555f0688dc4b.webp","datePublished":"2025-12-21T10:24:15+00:00","dateModified":"2026-02-02T06:34:10+00:00","breadcrumb":{"@id":"https:\/\/www.smile-labfurniture.com\/product\/gas-bottle-cabinet\/#breadcrumb"},"inLanguage":"fr-FR","potentialAction":[{"@type":"ReadAction","target":["https:\/\/www.smile-labfurniture.com\/product\/gas-bottle-cabinet\/"]}]},{"@type":"ImageObject","inLanguage":"fr-FR","@id":"https:\/\/www.smile-labfurniture.com\/product\/gas-bottle-cabinet\/#primaryimage","url":"https:\/\/www.smile-labfurniture.com\/wp-content\/uploads\/2025\/12\/f41fe195407d34ce2cd0555f0688dc4b.webp","contentUrl":"https:\/\/www.smile-labfurniture.com\/wp-content\/uploads\/2025\/12\/f41fe195407d34ce2cd0555f0688dc4b.webp","width":700,"height":700},{"@type":"BreadcrumbList","@id":"https:\/\/www.smile-labfurniture.com\/product\/gas-bottle-cabinet\/#breadcrumb","itemListElement":[{"@type":"ListItem","position":1,"name":"\u9996\u9875","item":"https:\/\/www.smile-labfurniture.com\/"},{"@type":"ListItem","position":2,"name":"Shop","item":"https:\/\/www.smile-labfurniture.com\/shop\/"},{"@type":"ListItem","position":3,"name":"Gas bottle cabinet"}]},{"@type":"WebSite","@id":"https:\/\/www.smile-labfurniture.com\/#website","url":"https:\/\/www.smile-labfurniture.com\/","name":"SMILELAB","description":"","publisher":{"@id":"https:\/\/www.smile-labfurniture.com\/#organization"},"potentialAction":[{"@type":"SearchAction","target":{"@type":"EntryPoint","urlTemplate":"https:\/\/www.smile-labfurniture.com\/?s={search_term_string}"},"query-input":{"@type":"PropertyValueSpecification","valueRequired":true,"valueName":"search_term_string"}}],"inLanguage":"fr-FR"},{"@type":"Organization","@id":"https:\/\/www.smile-labfurniture.com\/#organization","name":"SMILELAB","url":"https:\/\/www.smile-labfurniture.com\/","logo":{"@type":"ImageObject","inLanguage":"fr-FR","@id":"https:\/\/www.smile-labfurniture.com\/#\/schema\/logo\/image\/","url":"https:\/\/www.smile-labfurniture.com\/wp-content\/uploads\/2020\/06\/QQ_1764744017650.png","contentUrl":"https:\/\/www.smile-labfurniture.com\/wp-content\/uploads\/2020\/06\/QQ_1764744017650.png","width":355,"height":48,"caption":"SMILELAB"},"image":{"@id":"https:\/\/www.smile-labfurniture.com\/#\/schema\/logo\/image\/"},"sameAs":["https:\/\/www.facebook.com\/share\/1DxYQBbYb1\/?mibextid=wwXIfr"]}]}},"_links":{"self":[{"href":"https:\/\/www.smile-labfurniture.com\/fr\/wp-json\/wp\/v2\/product\/5072","targetHints":{"allow":["GET"]}}],"collection":[{"href":"https:\/\/www.smile-labfurniture.com\/fr\/wp-json\/wp\/v2\/product"}],"about":[{"href":"https:\/\/www.smile-labfurniture.com\/fr\/wp-json\/wp\/v2\/types\/product"}],"replies":[{"embeddable":true,"href":"https:\/\/www.smile-labfurniture.com\/fr\/wp-json\/wp\/v2\/comments?post=5072"}],"wp:featuredmedia":[{"embeddable":true,"href":"https:\/\/www.smile-labfurniture.com\/fr\/wp-json\/wp\/v2\/media\/5189"}],"wp:attachment":[{"href":"https:\/\/www.smile-labfurniture.com\/fr\/wp-json\/wp\/v2\/media?parent=5072"}],"wp:term":[{"taxonomy":"product_cat","embeddable":true,"href":"https:\/\/www.smile-labfurniture.com\/fr\/wp-json\/wp\/v2\/product_cat?post=5072"},{"taxonomy":"product_tag","embeddable":true,"href":"https:\/\/www.smile-labfurniture.com\/fr\/wp-json\/wp\/v2\/product_tag?post=5072"},{"taxonomy":"product_brand","embeddable":true,"href":"https:\/\/www.smile-labfurniture.com\/fr\/wp-json\/wp\/v2\/product_brand?post=5072"}],"curies":[{"name":"wp","href":"https:\/\/api.w.org\/{rel}","templated":true}]}}