{"id":5069,"date":"2025-12-21T10:21:56","date_gmt":"2025-12-21T10:21:56","guid":{"rendered":"http:\/\/www.smile-labfurniture.com\/?post_type=product&#038;p=5069"},"modified":"2026-02-02T07:13:17","modified_gmt":"2026-02-02T07:13:17","slug":"explosion-proof-cabinet","status":"publish","type":"product","link":"https:\/\/www.smile-labfurniture.com\/fr\/produit\/explosion-proof-cabinet\/","title":{"rendered":"Casier antid\u00e9flagrant"},"content":{"rendered":"<p>\u25c6L'armoire est fabriqu\u00e9e \u00e0 partir d'une plaque d'acier de haute qualit\u00e9 d'une \u00e9paisseur de 1,0, qui a \u00e9t\u00e9 soud\u00e9e. La surface a \u00e9t\u00e9 strictement d\u00e9cap\u00e9e et phosphat\u00e9e, puis pulv\u00e9ris\u00e9e \u00e9lectrostatiquement avec de la r\u00e9sine \u00e9poxy. Elle a une dur\u00e9e de vie allant jusqu'\u00e0 dix ans et pr\u00e9sente une excellente s\u00e9curit\u00e9 incendie.<\/p>\n<p>\u25c6L'armoire de s\u00e9curit\u00e9 incendie est constitu\u00e9e de plaques d'acier ignifuges \u00e0 double couche, la distance entre les deux couches de plaques d'acier \u00e9tant de 40 mm.<\/p>\n<p>Les armoires de s\u00e9curit\u00e9 performantes qui r\u00e9pondent aux normes OSHA (Occupational Safety and Health Administration) et aux exigences de l'article 30 de la NFPA (National Fire Protection Association) sont utilis\u00e9es pour r\u00e9guler le stockage des liquides inflammables et explosifs et des produits chimiques dangereux.<\/p>\n<p>\u25c6Utilisation de plaques d'acier lamin\u00e9es \u00e0 froid de haute qualit\u00e9 pour augmenter la solidit\u00e9 et am\u00e9liorer la r\u00e9sistance au feu.<\/p>\n<p>Le r\u00e9servoir anti-fuite de 50 mm de haut situ\u00e9 au fond de l'armoire emp\u00eache le d\u00e9versement de liquides chimiques.<\/p>\n<p>\u25c6Une plaque galvanis\u00e9e unique, anti-corrosion, anti-fuite de liquide, peut supporter un r\u00e9servoir de s\u00e9curit\u00e9 en acier de 400lbs.<\/p>\n<p>\u25c6L'int\u00e9rieur et l'ext\u00e9rieur de l'armoire sont recouverts d'une peinture durable en r\u00e9sine \u00e9poxy sans plomb afin de maximiser la r\u00e9sistance aux produits chimiques.<\/p>\n<p>\u25c6Marqu\u00e9 avec des \u00e9tiquettes \u00e0 haute visibilit\u00e9 en trois langues et r\u00e9sistant \u00e0 la corrosion.<\/p>\n<p>\u25c6Deux \u00e9vents pouvant \u00eatre \u00e9quip\u00e9s de dispositifs de protection contre l'incendie sont situ\u00e9s de part et d'autre du corps de l'armoire.<\/p>\n<p>[Remarques] Le produit est disponible en trois couleurs : rouge (le rouge indique un liquide inflammable), jaune (le jaune indique un liquide inflammable) et bleu (le bleu indique un liquide faiblement corrosif). Les trois couleurs correspondent \u00e0 la m\u00eame taille et aux diff\u00e9rents types de produits chimiques stock\u00e9s. Lorsque vous stockez des produits chimiques, utilisez des \u00e9tiquettes de couleur pour identifier, organiser et s\u00e9parer les diff\u00e9rents liquides inflammables ou dangereux. Cela permettra \u00e9galement aux pompiers d'identifier plus facilement les dangers en cas d'incendie.<\/p>\n<p>&nbsp;<\/p>\n<p>Des armoires de s\u00e9curit\u00e9 incendie de diff\u00e9rentes tailles peuvent vous permettre de stocker en toute s\u00e9curit\u00e9 des liquides et des produits chimiques inflammables et incombustibles. L'armoire compacte de stockage de produits chimiques peut \u00eatre plac\u00e9e sur votre lieu de travail pour stocker les combustibles, les carburants et les solvants organiques, vous \u00e9vitant ainsi les allers-retours avec le local de stockage des marchandises dangereuses. M\u00eame dans les petits espaces de travail, les petites armoires de s\u00e9curit\u00e9 incendie peuvent vous permettre de stocker en toute s\u00e9curit\u00e9 les liquides et produits chimiques inflammables et combustibles.<img loading=\"lazy\" decoding=\"async\" class=\"alignnone size-full wp-image-5192\" src=\"https:\/\/www.smile-labfurniture.com\/wp-content\/uploads\/2025\/12\/fKDFOu7Pr.webp\" alt=\"\" width=\"700\" height=\"700\" srcset=\"https:\/\/www.smile-labfurniture.com\/wp-content\/uploads\/2025\/12\/fKDFOu7Pr.webp 700w, https:\/\/www.smile-labfurniture.com\/wp-content\/uploads\/2025\/12\/fKDFOu7Pr-300x300.webp 300w, https:\/\/www.smile-labfurniture.com\/wp-content\/uploads\/2025\/12\/fKDFOu7Pr-12x12.webp 12w\" sizes=\"auto, (max-width: 700px) 100vw, 700px\" \/><\/p>","protected":false},"excerpt":{"rendered":"<p>Possibilit\u00e9 de personnaliser vos sp\u00e9cifications<\/p>","protected":false},"featured_media":5192,"comment_status":"closed","ping_status":"closed","template":"","meta":[],"product_cat":[105],"product_tag":[],"product_brand":[],"class_list":["post-5069","product","type-product","status-publish","has-post-thumbnail","hentry","product_cat-reagent-cabinet"],"yoast_head":"<!-- This site is optimized with the Yoast SEO plugin v26.6 - https:\/\/yoast.com\/wordpress\/plugins\/seo\/ -->\n<title>Explosion-proof locker - SMILELAB<\/title>\n<meta name=\"robots\" content=\"index, follow, max-snippet:-1, max-image-preview:large, max-video-preview:-1\" \/>\n<link rel=\"canonical\" href=\"https:\/\/www.smile-labfurniture.com\/fr\/produit\/explosion-proof-cabinet\/\" \/>\n<meta property=\"og:locale\" content=\"fr_FR\" \/>\n<meta property=\"og:type\" content=\"article\" \/>\n<meta property=\"og:title\" content=\"Explosion-proof locker - SMILELAB\" \/>\n<meta property=\"og:description\" content=\"Can customize your specifications\" \/>\n<meta property=\"og:url\" content=\"https:\/\/www.smile-labfurniture.com\/fr\/produit\/explosion-proof-cabinet\/\" \/>\n<meta property=\"og:site_name\" content=\"SMILELAB\" \/>\n<meta property=\"article:publisher\" content=\"https:\/\/www.facebook.com\/share\/1DxYQBbYb1\/?mibextid=wwXIfr\" \/>\n<meta property=\"article:modified_time\" content=\"2026-02-02T07:13:17+00:00\" \/>\n<meta property=\"og:image\" content=\"https:\/\/www.smile-labfurniture.com\/wp-content\/uploads\/2025\/12\/fKDFOu7Pr.webp\" \/>\n\t<meta property=\"og:image:width\" content=\"700\" \/>\n\t<meta property=\"og:image:height\" content=\"700\" \/>\n\t<meta property=\"og:image:type\" content=\"image\/webp\" \/>\n<meta name=\"twitter:card\" content=\"summary_large_image\" \/>\n<meta name=\"twitter:label1\" content=\"Dur\u00e9e de lecture estim\u00e9e\" \/>\n\t<meta name=\"twitter:data1\" content=\"2 minutes\" \/>\n<script type=\"application\/ld+json\" class=\"yoast-schema-graph\">{\"@context\":\"https:\/\/schema.org\",\"@graph\":[{\"@type\":\"WebPage\",\"@id\":\"https:\/\/www.smile-labfurniture.com\/product\/explosion-proof-cabinet\/\",\"url\":\"https:\/\/www.smile-labfurniture.com\/product\/explosion-proof-cabinet\/\",\"name\":\"Explosion-proof locker - SMILELAB\",\"isPartOf\":{\"@id\":\"https:\/\/www.smile-labfurniture.com\/#website\"},\"primaryImageOfPage\":{\"@id\":\"https:\/\/www.smile-labfurniture.com\/product\/explosion-proof-cabinet\/#primaryimage\"},\"image\":{\"@id\":\"https:\/\/www.smile-labfurniture.com\/product\/explosion-proof-cabinet\/#primaryimage\"},\"thumbnailUrl\":\"https:\/\/www.smile-labfurniture.com\/wp-content\/uploads\/2025\/12\/fKDFOu7Pr.webp\",\"datePublished\":\"2025-12-21T10:21:56+00:00\",\"dateModified\":\"2026-02-02T07:13:17+00:00\",\"breadcrumb\":{\"@id\":\"https:\/\/www.smile-labfurniture.com\/product\/explosion-proof-cabinet\/#breadcrumb\"},\"inLanguage\":\"fr-FR\",\"potentialAction\":[{\"@type\":\"ReadAction\",\"target\":[\"https:\/\/www.smile-labfurniture.com\/product\/explosion-proof-cabinet\/\"]}]},{\"@type\":\"ImageObject\",\"inLanguage\":\"fr-FR\",\"@id\":\"https:\/\/www.smile-labfurniture.com\/product\/explosion-proof-cabinet\/#primaryimage\",\"url\":\"https:\/\/www.smile-labfurniture.com\/wp-content\/uploads\/2025\/12\/fKDFOu7Pr.webp\",\"contentUrl\":\"https:\/\/www.smile-labfurniture.com\/wp-content\/uploads\/2025\/12\/fKDFOu7Pr.webp\",\"width\":700,\"height\":700},{\"@type\":\"BreadcrumbList\",\"@id\":\"https:\/\/www.smile-labfurniture.com\/product\/explosion-proof-cabinet\/#breadcrumb\",\"itemListElement\":[{\"@type\":\"ListItem\",\"position\":1,\"name\":\"\u9996\u9875\",\"item\":\"https:\/\/www.smile-labfurniture.com\/\"},{\"@type\":\"ListItem\",\"position\":2,\"name\":\"Shop\",\"item\":\"https:\/\/www.smile-labfurniture.com\/shop\/\"},{\"@type\":\"ListItem\",\"position\":3,\"name\":\"Explosion-proof locker\"}]},{\"@type\":\"WebSite\",\"@id\":\"https:\/\/www.smile-labfurniture.com\/#website\",\"url\":\"https:\/\/www.smile-labfurniture.com\/\",\"name\":\"SMILELAB\",\"description\":\"\",\"publisher\":{\"@id\":\"https:\/\/www.smile-labfurniture.com\/#organization\"},\"potentialAction\":[{\"@type\":\"SearchAction\",\"target\":{\"@type\":\"EntryPoint\",\"urlTemplate\":\"https:\/\/www.smile-labfurniture.com\/?s={search_term_string}\"},\"query-input\":{\"@type\":\"PropertyValueSpecification\",\"valueRequired\":true,\"valueName\":\"search_term_string\"}}],\"inLanguage\":\"fr-FR\"},{\"@type\":\"Organization\",\"@id\":\"https:\/\/www.smile-labfurniture.com\/#organization\",\"name\":\"SMILELAB\",\"url\":\"https:\/\/www.smile-labfurniture.com\/\",\"logo\":{\"@type\":\"ImageObject\",\"inLanguage\":\"fr-FR\",\"@id\":\"https:\/\/www.smile-labfurniture.com\/#\/schema\/logo\/image\/\",\"url\":\"https:\/\/www.smile-labfurniture.com\/wp-content\/uploads\/2020\/06\/QQ_1764744017650.png\",\"contentUrl\":\"https:\/\/www.smile-labfurniture.com\/wp-content\/uploads\/2020\/06\/QQ_1764744017650.png\",\"width\":355,\"height\":48,\"caption\":\"SMILELAB\"},\"image\":{\"@id\":\"https:\/\/www.smile-labfurniture.com\/#\/schema\/logo\/image\/\"},\"sameAs\":[\"https:\/\/www.facebook.com\/share\/1DxYQBbYb1\/?mibextid=wwXIfr\"]}]}<\/script>\n<!-- \/ Yoast SEO plugin. -->","yoast_head_json":{"title":"Explosion-proof locker - SMILELAB","robots":{"index":"index","follow":"follow","max-snippet":"max-snippet:-1","max-image-preview":"max-image-preview:large","max-video-preview":"max-video-preview:-1"},"canonical":"https:\/\/www.smile-labfurniture.com\/fr\/produit\/explosion-proof-cabinet\/","og_locale":"fr_FR","og_type":"article","og_title":"Explosion-proof locker - SMILELAB","og_description":"Can customize your specifications","og_url":"https:\/\/www.smile-labfurniture.com\/fr\/produit\/explosion-proof-cabinet\/","og_site_name":"SMILELAB","article_publisher":"https:\/\/www.facebook.com\/share\/1DxYQBbYb1\/?mibextid=wwXIfr","article_modified_time":"2026-02-02T07:13:17+00:00","og_image":[{"width":700,"height":700,"url":"https:\/\/www.smile-labfurniture.com\/wp-content\/uploads\/2025\/12\/fKDFOu7Pr.webp","type":"image\/webp"}],"twitter_card":"summary_large_image","twitter_misc":{"Dur\u00e9e de lecture estim\u00e9e":"2 minutes"},"schema":{"@context":"https:\/\/schema.org","@graph":[{"@type":"WebPage","@id":"https:\/\/www.smile-labfurniture.com\/product\/explosion-proof-cabinet\/","url":"https:\/\/www.smile-labfurniture.com\/product\/explosion-proof-cabinet\/","name":"Explosion-proof locker - SMILELAB","isPartOf":{"@id":"https:\/\/www.smile-labfurniture.com\/#website"},"primaryImageOfPage":{"@id":"https:\/\/www.smile-labfurniture.com\/product\/explosion-proof-cabinet\/#primaryimage"},"image":{"@id":"https:\/\/www.smile-labfurniture.com\/product\/explosion-proof-cabinet\/#primaryimage"},"thumbnailUrl":"https:\/\/www.smile-labfurniture.com\/wp-content\/uploads\/2025\/12\/fKDFOu7Pr.webp","datePublished":"2025-12-21T10:21:56+00:00","dateModified":"2026-02-02T07:13:17+00:00","breadcrumb":{"@id":"https:\/\/www.smile-labfurniture.com\/product\/explosion-proof-cabinet\/#breadcrumb"},"inLanguage":"fr-FR","potentialAction":[{"@type":"ReadAction","target":["https:\/\/www.smile-labfurniture.com\/product\/explosion-proof-cabinet\/"]}]},{"@type":"ImageObject","inLanguage":"fr-FR","@id":"https:\/\/www.smile-labfurniture.com\/product\/explosion-proof-cabinet\/#primaryimage","url":"https:\/\/www.smile-labfurniture.com\/wp-content\/uploads\/2025\/12\/fKDFOu7Pr.webp","contentUrl":"https:\/\/www.smile-labfurniture.com\/wp-content\/uploads\/2025\/12\/fKDFOu7Pr.webp","width":700,"height":700},{"@type":"BreadcrumbList","@id":"https:\/\/www.smile-labfurniture.com\/product\/explosion-proof-cabinet\/#breadcrumb","itemListElement":[{"@type":"ListItem","position":1,"name":"\u9996\u9875","item":"https:\/\/www.smile-labfurniture.com\/"},{"@type":"ListItem","position":2,"name":"Shop","item":"https:\/\/www.smile-labfurniture.com\/shop\/"},{"@type":"ListItem","position":3,"name":"Explosion-proof locker"}]},{"@type":"WebSite","@id":"https:\/\/www.smile-labfurniture.com\/#website","url":"https:\/\/www.smile-labfurniture.com\/","name":"SMILELAB","description":"","publisher":{"@id":"https:\/\/www.smile-labfurniture.com\/#organization"},"potentialAction":[{"@type":"SearchAction","target":{"@type":"EntryPoint","urlTemplate":"https:\/\/www.smile-labfurniture.com\/?s={search_term_string}"},"query-input":{"@type":"PropertyValueSpecification","valueRequired":true,"valueName":"search_term_string"}}],"inLanguage":"fr-FR"},{"@type":"Organization","@id":"https:\/\/www.smile-labfurniture.com\/#organization","name":"SMILELAB","url":"https:\/\/www.smile-labfurniture.com\/","logo":{"@type":"ImageObject","inLanguage":"fr-FR","@id":"https:\/\/www.smile-labfurniture.com\/#\/schema\/logo\/image\/","url":"https:\/\/www.smile-labfurniture.com\/wp-content\/uploads\/2020\/06\/QQ_1764744017650.png","contentUrl":"https:\/\/www.smile-labfurniture.com\/wp-content\/uploads\/2020\/06\/QQ_1764744017650.png","width":355,"height":48,"caption":"SMILELAB"},"image":{"@id":"https:\/\/www.smile-labfurniture.com\/#\/schema\/logo\/image\/"},"sameAs":["https:\/\/www.facebook.com\/share\/1DxYQBbYb1\/?mibextid=wwXIfr"]}]}},"_links":{"self":[{"href":"https:\/\/www.smile-labfurniture.com\/fr\/wp-json\/wp\/v2\/product\/5069","targetHints":{"allow":["GET"]}}],"collection":[{"href":"https:\/\/www.smile-labfurniture.com\/fr\/wp-json\/wp\/v2\/product"}],"about":[{"href":"https:\/\/www.smile-labfurniture.com\/fr\/wp-json\/wp\/v2\/types\/product"}],"replies":[{"embeddable":true,"href":"https:\/\/www.smile-labfurniture.com\/fr\/wp-json\/wp\/v2\/comments?post=5069"}],"wp:featuredmedia":[{"embeddable":true,"href":"https:\/\/www.smile-labfurniture.com\/fr\/wp-json\/wp\/v2\/media\/5192"}],"wp:attachment":[{"href":"https:\/\/www.smile-labfurniture.com\/fr\/wp-json\/wp\/v2\/media?parent=5069"}],"wp:term":[{"taxonomy":"product_cat","embeddable":true,"href":"https:\/\/www.smile-labfurniture.com\/fr\/wp-json\/wp\/v2\/product_cat?post=5069"},{"taxonomy":"product_tag","embeddable":true,"href":"https:\/\/www.smile-labfurniture.com\/fr\/wp-json\/wp\/v2\/product_tag?post=5069"},{"taxonomy":"product_brand","embeddable":true,"href":"https:\/\/www.smile-labfurniture.com\/fr\/wp-json\/wp\/v2\/product_brand?post=5069"}],"curies":[{"name":"wp","href":"https:\/\/api.w.org\/{rel}","templated":true}]}}