{"id":5060,"date":"2025-12-21T10:12:32","date_gmt":"2025-12-21T10:12:32","guid":{"rendered":"http:\/\/www.smile-labfurniture.com\/?post_type=product&#038;p=5060"},"modified":"2026-04-15T04:21:32","modified_gmt":"2026-04-15T04:21:32","slug":"purify-medicine-cabinet","status":"publish","type":"product","link":"https:\/\/www.smile-labfurniture.com\/fr\/produit\/purify-medicine-cabinet\/","title":{"rendered":"Purifier l'armoire \u00e0 pharmacie"},"content":{"rendered":"<p>DESCRIPTION<br \/>\nA. Caract\u00e9ristiques de base de l'armoire chimique de purification des gaz<br \/>\n1. Capacit\u00e9 de traitement de l'air : 240m3\/h<br \/>\n2. Volume de l'armoire : 0,61m3<br \/>\n3. Capacit\u00e9 de stockage : 160 bouteilles (chaque bouteille est de 500 ml)<br \/>\n4. Bac de r\u00e9ception de l'eau : 6L<br \/>\n5. Capacit\u00e9 de charge du panneau stratifi\u00e9 : 100 kg<br \/>\n6. Taux de renouvellement de l'air : 410 fois\/heure<br \/>\n7. Puissance totale : 30 watts<br \/>\n8. Courant : 1,2A<br \/>\n9. Volume : \u226441.6dba<br \/>\n10. Tension\/fr\u00e9quence : 220V\/50Hz<br \/>\n11. Dimensions (mm)<br \/>\n12. Int\u00e9rieur : L850*P450*H2050mm<br \/>\n13. Ext\u00e9rieur : L800*D400*H1850mm<br \/>\nB. Mat\u00e9riau de l'armoire chimique de purification des gaz<br \/>\n1. Corps de l'armoire : Fabriqu\u00e9 en t\u00f4le d'acier galvanis\u00e9 de 1,2 mm, rev\u00eatu d'une r\u00e9sine \u00e9poxy r\u00e9sistante aux acides et aux alcalis, et les \u00e9l\u00e9ments porteurs sont en acier galvanis\u00e9 d'une \u00e9paisseur de 3,0 mm.<br \/>\n2. Corps de la porte : Alliage d'aluminium incrust\u00e9 d'acrylique transparent de haute qualit\u00e9 de 5 mm, avec un aimant permanent dissimul\u00e9 \u00e0 l'int\u00e9rieur.<br \/>\n3. Bo\u00eete d'acide chlorhydrique : Mat\u00e9riau PP pour le stockage d'acides forts (400*300*285mm)<br \/>\n4. Capacit\u00e9 de stockage de la bo\u00eete d'acide chlorhydrique : 12 bouteilles\/500ml<br \/>\n5. \u00c9tiquette magn\u00e9tique : Identification du type de produit chimique<br \/>\n6. Panneau de porte avant : porte simple, dimensions 800W * 1735mmH, avec quatre bords en alliage d'aluminium encastr\u00e9s dans un panneau de porte acrylique de haute qualit\u00e9 (\u00e9paisseur totale 20mm).<br \/>\n7. Poign\u00e9e de porte : 4 styles au choix (noir, blanc, droit et grande poign\u00e9e)<br \/>\n8. \u00c9tag\u00e8res r\u00e9glables : Capacit\u00e9 de charge de 50 kg, 4 \u00e9tag\u00e8res r\u00e9glables, trous d'a\u00e9ration r\u00e9partis uniform\u00e9ment.<br \/>\n9. Affichage LED : Grand \u00e9cran LED intelligent, affichant la temp\u00e9rature de l'armoire, la vitesse du ventilateur, le compte \u00e0 rebours de la dur\u00e9e de vie du filtre, la sortie du filtre et la concentration de TVOC dans l'air int\u00e9rieur (en option).<br \/>\n10. Contr\u00f4leur de COV dans l'air int\u00e9rieur : il effectue un contr\u00f4le en ligne en temps r\u00e9el, 24 heures sur 24, de la concentration de COVT dans l'air int\u00e9rieur et affiche la valeur en PPM. Configuration optionnelle<br \/>\n11. Alarme de surveillance de la saturation du filtre : surveillance en ligne en temps r\u00e9el sur 24 heures de la concentration de COVT \u00e0 la sortie du filtre et affichage de la valeur en PPM (en option).<br \/>\n12. R\u00e9gulation de la vitesse du ventilateur : La vitesse du ventilateur peut \u00eatre r\u00e9gl\u00e9e manuellement pour garantir la vitesse du vent.<br \/>\n13. Bac \u00e0 eau : Capacit\u00e9 de 15 litres, livr\u00e9 avec un tampon d'adsorption<br \/>\n14. Ventilateur : courant de 24 volts, import\u00e9 des \u00c9tats-Unis, performances stables, ultra-silencieux, moteur sans balais.<br \/>\n15. Interface : Cordon d'alimentation r\u00e9sistant aux interf\u00e9rences \u00e9lectromagn\u00e9tiques.<br \/>\n16. Module filtrant : polypropyl\u00e8ne (mat\u00e9riau PP)<br \/>\nC. Mod\u00e8les optionnels pour les filtres de l'armoire de purification des gaz :<br \/>\nFiltre de type YJ, principalement pour les gaz organiques<br \/>\nLe filtre de type TY pr\u00e9sente une forte capacit\u00e9 d'adsorption des gaz acides et des gaz organiques.<br \/>\nLe filtre HEPA, H14, est un filtre \u00e0 particules dont l'efficacit\u00e9 de filtration est de 99,995% pour les particules de taille sup\u00e9rieure \u00e0 0,3\u03bcm.<\/p>\n<p><img fetchpriority=\"high\" decoding=\"async\" class=\"alignnone size-full wp-image-5214\" src=\"https:\/\/www.smile-labfurniture.com\/wp-content\/uploads\/2025\/12\/1_\u770b\u56fe\u738b-2.webp\" alt=\"\" width=\"700\" height=\"700\" srcset=\"https:\/\/www.smile-labfurniture.com\/wp-content\/uploads\/2025\/12\/1_\u770b\u56fe\u738b-2.webp 700w, https:\/\/www.smile-labfurniture.com\/wp-content\/uploads\/2025\/12\/1_\u770b\u56fe\u738b-2-300x300.webp 300w, https:\/\/www.smile-labfurniture.com\/wp-content\/uploads\/2025\/12\/1_\u770b\u56fe\u738b-2-12x12.webp 12w\" sizes=\"(max-width: 700px) 100vw, 700px\" \/><\/p>","protected":false},"excerpt":{"rendered":"<p>Possibilit\u00e9 de personnaliser vos sp\u00e9cifications<\/p>","protected":false},"featured_media":5214,"comment_status":"closed","ping_status":"closed","template":"","meta":[],"product_brand":[],"product_cat":[105],"product_tag":[],"class_list":{"0":"post-5060","1":"product","2":"type-product","3":"status-publish","4":"has-post-thumbnail","6":"product_cat-reagent-cabinet","8":"first","9":"instock","10":"taxable","11":"shipping-taxable","12":"product-type-simple"},"yoast_head":"<!-- This site is optimized with the Yoast SEO plugin v27.4 - https:\/\/yoast.com\/product\/yoast-seo-wordpress\/ -->\n<title>Purify medicine cabinet - SMILELAB<\/title>\n<meta name=\"robots\" content=\"index, follow, max-snippet:-1, max-image-preview:large, max-video-preview:-1\" \/>\n<link rel=\"canonical\" href=\"https:\/\/www.smile-labfurniture.com\/fr\/produit\/purify-medicine-cabinet\/\" \/>\n<meta property=\"og:locale\" content=\"fr_FR\" \/>\n<meta property=\"og:type\" content=\"article\" \/>\n<meta property=\"og:title\" content=\"Purify medicine cabinet - SMILELAB\" \/>\n<meta property=\"og:description\" content=\"Can customize your specifications\" \/>\n<meta property=\"og:url\" content=\"https:\/\/www.smile-labfurniture.com\/fr\/produit\/purify-medicine-cabinet\/\" \/>\n<meta property=\"og:site_name\" content=\"SMILELAB\" \/>\n<meta property=\"article:publisher\" content=\"https:\/\/www.facebook.com\/share\/1DxYQBbYb1\/?mibextid=wwXIfr\" \/>\n<meta property=\"article:modified_time\" content=\"2026-04-15T04:21:32+00:00\" \/>\n<meta property=\"og:image\" content=\"https:\/\/www.smile-labfurniture.com\/wp-content\/uploads\/2025\/12\/1_\u770b\u56fe\u738b-2.webp\" \/>\n\t<meta property=\"og:image:width\" content=\"700\" \/>\n\t<meta property=\"og:image:height\" content=\"700\" \/>\n\t<meta property=\"og:image:type\" content=\"image\/webp\" \/>\n<meta name=\"twitter:card\" content=\"summary_large_image\" \/>\n<meta name=\"twitter:label1\" content=\"Dur\u00e9e de lecture estim\u00e9e\" \/>\n\t<meta name=\"twitter:data1\" content=\"3 minutes\" \/>\n<script type=\"application\/ld+json\" class=\"yoast-schema-graph\">{\"@context\":\"https:\\\/\\\/schema.org\",\"@graph\":[{\"@type\":\"WebPage\",\"@id\":\"https:\\\/\\\/www.smile-labfurniture.com\\\/product\\\/purify-medicine-cabinet\\\/\",\"url\":\"https:\\\/\\\/www.smile-labfurniture.com\\\/product\\\/purify-medicine-cabinet\\\/\",\"name\":\"Purify medicine cabinet - SMILELAB\",\"isPartOf\":{\"@id\":\"https:\\\/\\\/www.smile-labfurniture.com\\\/#website\"},\"primaryImageOfPage\":{\"@id\":\"https:\\\/\\\/www.smile-labfurniture.com\\\/product\\\/purify-medicine-cabinet\\\/#primaryimage\"},\"image\":{\"@id\":\"https:\\\/\\\/www.smile-labfurniture.com\\\/product\\\/purify-medicine-cabinet\\\/#primaryimage\"},\"thumbnailUrl\":\"https:\\\/\\\/www.smile-labfurniture.com\\\/wp-content\\\/uploads\\\/2025\\\/12\\\/1_\u770b\u56fe\u738b-2.webp\",\"datePublished\":\"2025-12-21T10:12:32+00:00\",\"dateModified\":\"2026-04-15T04:21:32+00:00\",\"breadcrumb\":{\"@id\":\"https:\\\/\\\/www.smile-labfurniture.com\\\/product\\\/purify-medicine-cabinet\\\/#breadcrumb\"},\"inLanguage\":\"fr-FR\",\"potentialAction\":[{\"@type\":\"ReadAction\",\"target\":[\"https:\\\/\\\/www.smile-labfurniture.com\\\/product\\\/purify-medicine-cabinet\\\/\"]}]},{\"@type\":\"ImageObject\",\"inLanguage\":\"fr-FR\",\"@id\":\"https:\\\/\\\/www.smile-labfurniture.com\\\/product\\\/purify-medicine-cabinet\\\/#primaryimage\",\"url\":\"https:\\\/\\\/www.smile-labfurniture.com\\\/wp-content\\\/uploads\\\/2025\\\/12\\\/1_\u770b\u56fe\u738b-2.webp\",\"contentUrl\":\"https:\\\/\\\/www.smile-labfurniture.com\\\/wp-content\\\/uploads\\\/2025\\\/12\\\/1_\u770b\u56fe\u738b-2.webp\",\"width\":700,\"height\":700},{\"@type\":\"BreadcrumbList\",\"@id\":\"https:\\\/\\\/www.smile-labfurniture.com\\\/product\\\/purify-medicine-cabinet\\\/#breadcrumb\",\"itemListElement\":[{\"@type\":\"ListItem\",\"position\":1,\"name\":\"\u9996\u9875\",\"item\":\"https:\\\/\\\/www.smile-labfurniture.com\\\/\"},{\"@type\":\"ListItem\",\"position\":2,\"name\":\"Shop\",\"item\":\"https:\\\/\\\/www.smile-labfurniture.com\\\/shop\\\/\"},{\"@type\":\"ListItem\",\"position\":3,\"name\":\"Purify medicine cabinet\"}]},{\"@type\":\"WebSite\",\"@id\":\"https:\\\/\\\/www.smile-labfurniture.com\\\/#website\",\"url\":\"https:\\\/\\\/www.smile-labfurniture.com\\\/\",\"name\":\"SMILELAB\",\"description\":\"\",\"publisher\":{\"@id\":\"https:\\\/\\\/www.smile-labfurniture.com\\\/#organization\"},\"potentialAction\":[{\"@type\":\"SearchAction\",\"target\":{\"@type\":\"EntryPoint\",\"urlTemplate\":\"https:\\\/\\\/www.smile-labfurniture.com\\\/?s={search_term_string}\"},\"query-input\":{\"@type\":\"PropertyValueSpecification\",\"valueRequired\":true,\"valueName\":\"search_term_string\"}}],\"inLanguage\":\"fr-FR\"},{\"@type\":\"Organization\",\"@id\":\"https:\\\/\\\/www.smile-labfurniture.com\\\/#organization\",\"name\":\"SMILELAB\",\"url\":\"https:\\\/\\\/www.smile-labfurniture.com\\\/\",\"logo\":{\"@type\":\"ImageObject\",\"inLanguage\":\"fr-FR\",\"@id\":\"https:\\\/\\\/www.smile-labfurniture.com\\\/#\\\/schema\\\/logo\\\/image\\\/\",\"url\":\"https:\\\/\\\/www.smile-labfurniture.com\\\/wp-content\\\/uploads\\\/2020\\\/06\\\/QQ_1764744017650.png\",\"contentUrl\":\"https:\\\/\\\/www.smile-labfurniture.com\\\/wp-content\\\/uploads\\\/2020\\\/06\\\/QQ_1764744017650.png\",\"width\":355,\"height\":48,\"caption\":\"SMILELAB\"},\"image\":{\"@id\":\"https:\\\/\\\/www.smile-labfurniture.com\\\/#\\\/schema\\\/logo\\\/image\\\/\"},\"sameAs\":[\"https:\\\/\\\/www.facebook.com\\\/share\\\/1DxYQBbYb1\\\/?mibextid=wwXIfr\"]}]}<\/script>\n<!-- \/ Yoast SEO plugin. -->","yoast_head_json":{"title":"Purify medicine cabinet - SMILELAB","robots":{"index":"index","follow":"follow","max-snippet":"max-snippet:-1","max-image-preview":"max-image-preview:large","max-video-preview":"max-video-preview:-1"},"canonical":"https:\/\/www.smile-labfurniture.com\/fr\/produit\/purify-medicine-cabinet\/","og_locale":"fr_FR","og_type":"article","og_title":"Purify medicine cabinet - SMILELAB","og_description":"Can customize your specifications","og_url":"https:\/\/www.smile-labfurniture.com\/fr\/produit\/purify-medicine-cabinet\/","og_site_name":"SMILELAB","article_publisher":"https:\/\/www.facebook.com\/share\/1DxYQBbYb1\/?mibextid=wwXIfr","article_modified_time":"2026-04-15T04:21:32+00:00","og_image":[{"width":700,"height":700,"url":"https:\/\/www.smile-labfurniture.com\/wp-content\/uploads\/2025\/12\/1_\u770b\u56fe\u738b-2.webp","type":"image\/webp"}],"twitter_card":"summary_large_image","twitter_misc":{"Dur\u00e9e de lecture estim\u00e9e":"3 minutes"},"schema":{"@context":"https:\/\/schema.org","@graph":[{"@type":"WebPage","@id":"https:\/\/www.smile-labfurniture.com\/product\/purify-medicine-cabinet\/","url":"https:\/\/www.smile-labfurniture.com\/product\/purify-medicine-cabinet\/","name":"Purify medicine cabinet - SMILELAB","isPartOf":{"@id":"https:\/\/www.smile-labfurniture.com\/#website"},"primaryImageOfPage":{"@id":"https:\/\/www.smile-labfurniture.com\/product\/purify-medicine-cabinet\/#primaryimage"},"image":{"@id":"https:\/\/www.smile-labfurniture.com\/product\/purify-medicine-cabinet\/#primaryimage"},"thumbnailUrl":"https:\/\/www.smile-labfurniture.com\/wp-content\/uploads\/2025\/12\/1_\u770b\u56fe\u738b-2.webp","datePublished":"2025-12-21T10:12:32+00:00","dateModified":"2026-04-15T04:21:32+00:00","breadcrumb":{"@id":"https:\/\/www.smile-labfurniture.com\/product\/purify-medicine-cabinet\/#breadcrumb"},"inLanguage":"fr-FR","potentialAction":[{"@type":"ReadAction","target":["https:\/\/www.smile-labfurniture.com\/product\/purify-medicine-cabinet\/"]}]},{"@type":"ImageObject","inLanguage":"fr-FR","@id":"https:\/\/www.smile-labfurniture.com\/product\/purify-medicine-cabinet\/#primaryimage","url":"https:\/\/www.smile-labfurniture.com\/wp-content\/uploads\/2025\/12\/1_\u770b\u56fe\u738b-2.webp","contentUrl":"https:\/\/www.smile-labfurniture.com\/wp-content\/uploads\/2025\/12\/1_\u770b\u56fe\u738b-2.webp","width":700,"height":700},{"@type":"BreadcrumbList","@id":"https:\/\/www.smile-labfurniture.com\/product\/purify-medicine-cabinet\/#breadcrumb","itemListElement":[{"@type":"ListItem","position":1,"name":"\u9996\u9875","item":"https:\/\/www.smile-labfurniture.com\/"},{"@type":"ListItem","position":2,"name":"Shop","item":"https:\/\/www.smile-labfurniture.com\/shop\/"},{"@type":"ListItem","position":3,"name":"Purify medicine cabinet"}]},{"@type":"WebSite","@id":"https:\/\/www.smile-labfurniture.com\/#website","url":"https:\/\/www.smile-labfurniture.com\/","name":"SMILELAB","description":"","publisher":{"@id":"https:\/\/www.smile-labfurniture.com\/#organization"},"potentialAction":[{"@type":"SearchAction","target":{"@type":"EntryPoint","urlTemplate":"https:\/\/www.smile-labfurniture.com\/?s={search_term_string}"},"query-input":{"@type":"PropertyValueSpecification","valueRequired":true,"valueName":"search_term_string"}}],"inLanguage":"fr-FR"},{"@type":"Organization","@id":"https:\/\/www.smile-labfurniture.com\/#organization","name":"SMILELAB","url":"https:\/\/www.smile-labfurniture.com\/","logo":{"@type":"ImageObject","inLanguage":"fr-FR","@id":"https:\/\/www.smile-labfurniture.com\/#\/schema\/logo\/image\/","url":"https:\/\/www.smile-labfurniture.com\/wp-content\/uploads\/2020\/06\/QQ_1764744017650.png","contentUrl":"https:\/\/www.smile-labfurniture.com\/wp-content\/uploads\/2020\/06\/QQ_1764744017650.png","width":355,"height":48,"caption":"SMILELAB"},"image":{"@id":"https:\/\/www.smile-labfurniture.com\/#\/schema\/logo\/image\/"},"sameAs":["https:\/\/www.facebook.com\/share\/1DxYQBbYb1\/?mibextid=wwXIfr"]}]}},"_links":{"self":[{"href":"https:\/\/www.smile-labfurniture.com\/fr\/wp-json\/wp\/v2\/product\/5060","targetHints":{"allow":["GET"]}}],"collection":[{"href":"https:\/\/www.smile-labfurniture.com\/fr\/wp-json\/wp\/v2\/product"}],"about":[{"href":"https:\/\/www.smile-labfurniture.com\/fr\/wp-json\/wp\/v2\/types\/product"}],"replies":[{"embeddable":true,"href":"https:\/\/www.smile-labfurniture.com\/fr\/wp-json\/wp\/v2\/comments?post=5060"}],"wp:featuredmedia":[{"embeddable":true,"href":"https:\/\/www.smile-labfurniture.com\/fr\/wp-json\/wp\/v2\/media\/5214"}],"wp:attachment":[{"href":"https:\/\/www.smile-labfurniture.com\/fr\/wp-json\/wp\/v2\/media?parent=5060"}],"wp:term":[{"taxonomy":"product_brand","embeddable":true,"href":"https:\/\/www.smile-labfurniture.com\/fr\/wp-json\/wp\/v2\/product_brand?post=5060"},{"taxonomy":"product_cat","embeddable":true,"href":"https:\/\/www.smile-labfurniture.com\/fr\/wp-json\/wp\/v2\/product_cat?post=5060"},{"taxonomy":"product_tag","embeddable":true,"href":"https:\/\/www.smile-labfurniture.com\/fr\/wp-json\/wp\/v2\/product_tag?post=5060"}],"curies":[{"name":"wp","href":"https:\/\/api.w.org\/{rel}","templated":true}]}}