{"id":5047,"date":"2025-12-21T09:59:55","date_gmt":"2025-12-21T09:59:55","guid":{"rendered":"http:\/\/www.smile-labfurniture.com\/?post_type=product&#038;p=5047"},"modified":"2026-01-23T03:40:55","modified_gmt":"2026-01-23T03:40:55","slug":"radiation-protection-fume-hood-effect","status":"publish","type":"product","link":"https:\/\/www.smile-labfurniture.com\/fr\/produit\/radiation-protection-fume-hood-effect\/","title":{"rendered":"Hotte de radioprotection"},"content":{"rendered":"<h2 style=\"text-align: center;\"><strong>Hotte de radioprotection m\u00e9dicale et de radioprotection<\/strong><\/h2>\n<p>1. Coque de hotte de protection contre les rayonnements<\/p>\n<p>La coque est fabriqu\u00e9e \u00e0 partir d'une plaque 304 antiradiation de 1,5 mm de haute qualit\u00e9, qui est d\u00e9coup\u00e9e, positionn\u00e9e, poin\u00e7onn\u00e9e, pli\u00e9e et soud\u00e9e dans un centre d'usinage \u00e0 commande num\u00e9rique. La surface est lisse et ne pr\u00e9sente pas de joints de soudure.<\/p>\n<p>2. Coque int\u00e9rieure de la hotte \u00e0 l'\u00e9preuve des rayonnements<\/p>\n<p>Utiliser une plaque de plomb de blindage de 10 mm.<\/p>\n<p>3. Lampe fluorescente pour hotte \u00e0 l'\u00e9preuve des radiations<\/p>\n<p>La lampe fluorescente est cach\u00e9e sur le panneau et n'entre pas en contact avec le flux d'air de la hotte, ce qui facilite son remplacement. Il utilise une lampe fluorescente de 30W et est \u00e9quip\u00e9 d'un verre tremp\u00e9 de 5mm.<\/p>\n<p>4. Poign\u00e9e de hotte \u00e0 l'\u00e9preuve des radiations<\/p>\n<p>Poign\u00e9e mate r\u00e9sistante aux radiations.<\/p>\n<p>5. D\u00e9flecteur de hotte \u00e0 l'\u00e9preuve des rayonnements<\/p>\n<p>Fabriqu\u00e9 dans un mat\u00e9riau anticorrosion gris de 5 mm, sp\u00e9cifique aux laboratoires, r\u00e9sistant aux acides, aux alcalis et aux solvants organiques.<\/p>\n<p>6. Alimentation de la hotte de protection contre les rayonnements<\/p>\n<p>Utiliser des prises de courant sp\u00e9cifiques au laboratoire.<\/p>\n<p>7. Fen\u00eatre de la hotte de protection contre les rayonnements<\/p>\n<p>Le profil\u00e9 en aluminium est assorti \u00e0 un cadre en profil\u00e9 plastique. La fen\u00eatre est compos\u00e9e de trois morceaux de verre de s\u00e9curit\u00e9 de 5 mm, qui peuvent \u00eatre d\u00e9plac\u00e9s vers la gauche et la droite. Elle adopte \u00e9galement un dispositif d'\u00e9quilibrage progressif, qui peut \u00eatre d\u00e9plac\u00e9 vers le haut et vers le bas et ajust\u00e9 librement.<\/p>\n<p>8. Pieds de r\u00e9glage de la hotte antiradiation<\/p>\n<p>Elle adopte des pieds de r\u00e9glage moul\u00e9s par injection de \u03c610 mm, qui sont r\u00e9sistants aux chocs, \u00e0 l'humidit\u00e9 et \u00e0 la corrosion. La hauteur de l'armoire peut \u00eatre ajust\u00e9e en fonction du sol int\u00e9rieur, et la hauteur d'ajustement est de 0 \u00e0 30 mm.<\/p>\n<p>9. Hotte antiradiation hotte collectrice de gaz<\/p>\n<p>Fabriqu\u00e9 en PP.<\/p>\n<p>10. Bo\u00eete de distribution de la hotte de radioprotection<\/p>\n<p>R\u00e9pond aux exigences des alimentations 220V et 380V, et poss\u00e8de des dispositifs de protection contre les fuites et les moteurs.<\/p>\n<p>11. Interrupteur de commande de la hotte de protection contre les rayonnements<\/p>\n<p>Interrupteur tactile 12V, commande centralis\u00e9e de l'ensemble du syst\u00e8me de circuit<\/p>\n<p>12. Technologie des hottes de protection contre les rayonnements<\/p>\n<p>Apr\u00e8s soudage et polissage, tous les panneaux r\u00e9sistants aux rayonnements sont visuellement lisses et ne pr\u00e9sentent pas de joints de soudure. Tous les circuits d'eau, d'\u00e9lectricit\u00e9 et de gaz doivent \u00eatre s\u00fbrs, adapt\u00e9s et install\u00e9s de mani\u00e8re dissimul\u00e9e. Pr\u00e9voir des trous de maintenance sur le panneau arri\u00e8re de l'armoire.<\/p>\n<p>13. D\u00e9flecteurs de hotte de radioprotection (trois pi\u00e8ces)<\/p>\n<p>Les gaz nocifs pr\u00e9sents dans des espaces situ\u00e9s \u00e0 diff\u00e9rentes hauteurs sont \u00e9vacu\u00e9s \u00e0 partir de diff\u00e9rentes sections. La hotte \u00e9vacue l'air qu'elle contient \u00e0 une vitesse de vent de 0,5 m\/s afin de garantir l'absence de gaz r\u00e9siduel. L'efficacit\u00e9 de la ventilation est \u00e9lev\u00e9e, le volume d'\u00e9vacuation est d'environ 1600 m3\/h et le bruit est faible.<\/p>\n<p>14. Armoire inf\u00e9rieure de la hotte \u00e0 l'\u00e9preuve des radiations (armoire de base g\u00e9n\u00e9rale), panneau de porte<\/p>\n<p>Fabriqu\u00e9 en carton de haute qualit\u00e9 304 de 1,2 mm r\u00e9sistant aux radiations (double couche), connexion sans soudure et coussin amortisseur amovible. Il est form\u00e9 dans un centre d'usinage CNC, coup\u00e9, positionn\u00e9 et perfor\u00e9, pli\u00e9 et soud\u00e9. Fabricants de hottes<\/p>\n<p><img loading=\"lazy\" decoding=\"async\" class=\"alignnone size-full wp-image-5049\" src=\"http:\/\/www.smile-labfurniture.com\/wp-content\/uploads\/2025\/12\/48f73cf60d33afc38ac5c0c62b5872a8.webp\" alt=\"\" width=\"1706\" height=\"1280\" \/><\/p>","protected":false},"excerpt":{"rendered":"<p>Possibilit\u00e9 de personnaliser vos sp\u00e9cifications<\/p>","protected":false},"featured_media":5049,"comment_status":"closed","ping_status":"closed","template":"","meta":[],"product_cat":[104],"product_tag":[],"product_brand":[],"class_list":["post-5047","product","type-product","status-publish","has-post-thumbnail","hentry","product_cat-fume-hood"],"yoast_head":"<!-- This site is optimized with the Yoast SEO plugin v26.6 - https:\/\/yoast.com\/wordpress\/plugins\/seo\/ -->\n<title>Radiation protection fume hood - SMILELAB<\/title>\n<meta name=\"robots\" content=\"index, follow, max-snippet:-1, max-image-preview:large, max-video-preview:-1\" \/>\n<link rel=\"canonical\" href=\"https:\/\/www.smile-labfurniture.com\/fr\/produit\/radiation-protection-fume-hood-effect\/\" \/>\n<meta property=\"og:locale\" content=\"fr_FR\" \/>\n<meta property=\"og:type\" content=\"article\" \/>\n<meta property=\"og:title\" content=\"Radiation protection fume hood - SMILELAB\" \/>\n<meta property=\"og:description\" content=\"Can customize your specifications\" \/>\n<meta property=\"og:url\" content=\"https:\/\/www.smile-labfurniture.com\/fr\/produit\/radiation-protection-fume-hood-effect\/\" \/>\n<meta property=\"og:site_name\" content=\"SMILELAB\" \/>\n<meta property=\"article:publisher\" content=\"https:\/\/www.facebook.com\/share\/1DxYQBbYb1\/?mibextid=wwXIfr\" \/>\n<meta property=\"article:modified_time\" content=\"2026-01-23T03:40:55+00:00\" \/>\n<meta property=\"og:image\" content=\"https:\/\/www.smile-labfurniture.com\/wp-content\/uploads\/2025\/12\/48f73cf60d33afc38ac5c0c62b5872a8.webp\" \/>\n\t<meta property=\"og:image:width\" content=\"1706\" \/>\n\t<meta property=\"og:image:height\" content=\"1280\" \/>\n\t<meta property=\"og:image:type\" content=\"image\/webp\" \/>\n<meta name=\"twitter:card\" content=\"summary_large_image\" \/>\n<meta name=\"twitter:label1\" content=\"Dur\u00e9e de lecture estim\u00e9e\" \/>\n\t<meta name=\"twitter:data1\" content=\"3 minutes\" \/>\n<script type=\"application\/ld+json\" class=\"yoast-schema-graph\">{\"@context\":\"https:\/\/schema.org\",\"@graph\":[{\"@type\":\"WebPage\",\"@id\":\"https:\/\/www.smile-labfurniture.com\/product\/radiation-protection-fume-hood-effect\/\",\"url\":\"https:\/\/www.smile-labfurniture.com\/product\/radiation-protection-fume-hood-effect\/\",\"name\":\"Radiation protection fume hood - SMILELAB\",\"isPartOf\":{\"@id\":\"https:\/\/www.smile-labfurniture.com\/#website\"},\"primaryImageOfPage\":{\"@id\":\"https:\/\/www.smile-labfurniture.com\/product\/radiation-protection-fume-hood-effect\/#primaryimage\"},\"image\":{\"@id\":\"https:\/\/www.smile-labfurniture.com\/product\/radiation-protection-fume-hood-effect\/#primaryimage\"},\"thumbnailUrl\":\"https:\/\/www.smile-labfurniture.com\/wp-content\/uploads\/2025\/12\/48f73cf60d33afc38ac5c0c62b5872a8.webp\",\"datePublished\":\"2025-12-21T09:59:55+00:00\",\"dateModified\":\"2026-01-23T03:40:55+00:00\",\"breadcrumb\":{\"@id\":\"https:\/\/www.smile-labfurniture.com\/product\/radiation-protection-fume-hood-effect\/#breadcrumb\"},\"inLanguage\":\"fr-FR\",\"potentialAction\":[{\"@type\":\"ReadAction\",\"target\":[\"https:\/\/www.smile-labfurniture.com\/product\/radiation-protection-fume-hood-effect\/\"]}]},{\"@type\":\"ImageObject\",\"inLanguage\":\"fr-FR\",\"@id\":\"https:\/\/www.smile-labfurniture.com\/product\/radiation-protection-fume-hood-effect\/#primaryimage\",\"url\":\"https:\/\/www.smile-labfurniture.com\/wp-content\/uploads\/2025\/12\/48f73cf60d33afc38ac5c0c62b5872a8.webp\",\"contentUrl\":\"https:\/\/www.smile-labfurniture.com\/wp-content\/uploads\/2025\/12\/48f73cf60d33afc38ac5c0c62b5872a8.webp\",\"width\":1706,\"height\":1280},{\"@type\":\"BreadcrumbList\",\"@id\":\"https:\/\/www.smile-labfurniture.com\/product\/radiation-protection-fume-hood-effect\/#breadcrumb\",\"itemListElement\":[{\"@type\":\"ListItem\",\"position\":1,\"name\":\"\u9996\u9875\",\"item\":\"https:\/\/www.smile-labfurniture.com\/\"},{\"@type\":\"ListItem\",\"position\":2,\"name\":\"Shop\",\"item\":\"https:\/\/www.smile-labfurniture.com\/shop\/\"},{\"@type\":\"ListItem\",\"position\":3,\"name\":\"Radiation protection fume hood\"}]},{\"@type\":\"WebSite\",\"@id\":\"https:\/\/www.smile-labfurniture.com\/#website\",\"url\":\"https:\/\/www.smile-labfurniture.com\/\",\"name\":\"SMILELAB\",\"description\":\"\",\"publisher\":{\"@id\":\"https:\/\/www.smile-labfurniture.com\/#organization\"},\"potentialAction\":[{\"@type\":\"SearchAction\",\"target\":{\"@type\":\"EntryPoint\",\"urlTemplate\":\"https:\/\/www.smile-labfurniture.com\/?s={search_term_string}\"},\"query-input\":{\"@type\":\"PropertyValueSpecification\",\"valueRequired\":true,\"valueName\":\"search_term_string\"}}],\"inLanguage\":\"fr-FR\"},{\"@type\":\"Organization\",\"@id\":\"https:\/\/www.smile-labfurniture.com\/#organization\",\"name\":\"SMILELAB\",\"url\":\"https:\/\/www.smile-labfurniture.com\/\",\"logo\":{\"@type\":\"ImageObject\",\"inLanguage\":\"fr-FR\",\"@id\":\"https:\/\/www.smile-labfurniture.com\/#\/schema\/logo\/image\/\",\"url\":\"https:\/\/www.smile-labfurniture.com\/wp-content\/uploads\/2020\/06\/QQ_1764744017650.png\",\"contentUrl\":\"https:\/\/www.smile-labfurniture.com\/wp-content\/uploads\/2020\/06\/QQ_1764744017650.png\",\"width\":355,\"height\":48,\"caption\":\"SMILELAB\"},\"image\":{\"@id\":\"https:\/\/www.smile-labfurniture.com\/#\/schema\/logo\/image\/\"},\"sameAs\":[\"https:\/\/www.facebook.com\/share\/1DxYQBbYb1\/?mibextid=wwXIfr\"]}]}<\/script>\n<!-- \/ Yoast SEO plugin. -->","yoast_head_json":{"title":"Radiation protection fume hood - SMILELAB","robots":{"index":"index","follow":"follow","max-snippet":"max-snippet:-1","max-image-preview":"max-image-preview:large","max-video-preview":"max-video-preview:-1"},"canonical":"https:\/\/www.smile-labfurniture.com\/fr\/produit\/radiation-protection-fume-hood-effect\/","og_locale":"fr_FR","og_type":"article","og_title":"Radiation protection fume hood - SMILELAB","og_description":"Can customize your specifications","og_url":"https:\/\/www.smile-labfurniture.com\/fr\/produit\/radiation-protection-fume-hood-effect\/","og_site_name":"SMILELAB","article_publisher":"https:\/\/www.facebook.com\/share\/1DxYQBbYb1\/?mibextid=wwXIfr","article_modified_time":"2026-01-23T03:40:55+00:00","og_image":[{"width":1706,"height":1280,"url":"https:\/\/www.smile-labfurniture.com\/wp-content\/uploads\/2025\/12\/48f73cf60d33afc38ac5c0c62b5872a8.webp","type":"image\/webp"}],"twitter_card":"summary_large_image","twitter_misc":{"Dur\u00e9e de lecture estim\u00e9e":"3 minutes"},"schema":{"@context":"https:\/\/schema.org","@graph":[{"@type":"WebPage","@id":"https:\/\/www.smile-labfurniture.com\/product\/radiation-protection-fume-hood-effect\/","url":"https:\/\/www.smile-labfurniture.com\/product\/radiation-protection-fume-hood-effect\/","name":"Radiation protection fume hood - SMILELAB","isPartOf":{"@id":"https:\/\/www.smile-labfurniture.com\/#website"},"primaryImageOfPage":{"@id":"https:\/\/www.smile-labfurniture.com\/product\/radiation-protection-fume-hood-effect\/#primaryimage"},"image":{"@id":"https:\/\/www.smile-labfurniture.com\/product\/radiation-protection-fume-hood-effect\/#primaryimage"},"thumbnailUrl":"https:\/\/www.smile-labfurniture.com\/wp-content\/uploads\/2025\/12\/48f73cf60d33afc38ac5c0c62b5872a8.webp","datePublished":"2025-12-21T09:59:55+00:00","dateModified":"2026-01-23T03:40:55+00:00","breadcrumb":{"@id":"https:\/\/www.smile-labfurniture.com\/product\/radiation-protection-fume-hood-effect\/#breadcrumb"},"inLanguage":"fr-FR","potentialAction":[{"@type":"ReadAction","target":["https:\/\/www.smile-labfurniture.com\/product\/radiation-protection-fume-hood-effect\/"]}]},{"@type":"ImageObject","inLanguage":"fr-FR","@id":"https:\/\/www.smile-labfurniture.com\/product\/radiation-protection-fume-hood-effect\/#primaryimage","url":"https:\/\/www.smile-labfurniture.com\/wp-content\/uploads\/2025\/12\/48f73cf60d33afc38ac5c0c62b5872a8.webp","contentUrl":"https:\/\/www.smile-labfurniture.com\/wp-content\/uploads\/2025\/12\/48f73cf60d33afc38ac5c0c62b5872a8.webp","width":1706,"height":1280},{"@type":"BreadcrumbList","@id":"https:\/\/www.smile-labfurniture.com\/product\/radiation-protection-fume-hood-effect\/#breadcrumb","itemListElement":[{"@type":"ListItem","position":1,"name":"\u9996\u9875","item":"https:\/\/www.smile-labfurniture.com\/"},{"@type":"ListItem","position":2,"name":"Shop","item":"https:\/\/www.smile-labfurniture.com\/shop\/"},{"@type":"ListItem","position":3,"name":"Radiation protection fume hood"}]},{"@type":"WebSite","@id":"https:\/\/www.smile-labfurniture.com\/#website","url":"https:\/\/www.smile-labfurniture.com\/","name":"SMILELAB","description":"","publisher":{"@id":"https:\/\/www.smile-labfurniture.com\/#organization"},"potentialAction":[{"@type":"SearchAction","target":{"@type":"EntryPoint","urlTemplate":"https:\/\/www.smile-labfurniture.com\/?s={search_term_string}"},"query-input":{"@type":"PropertyValueSpecification","valueRequired":true,"valueName":"search_term_string"}}],"inLanguage":"fr-FR"},{"@type":"Organization","@id":"https:\/\/www.smile-labfurniture.com\/#organization","name":"SMILELAB","url":"https:\/\/www.smile-labfurniture.com\/","logo":{"@type":"ImageObject","inLanguage":"fr-FR","@id":"https:\/\/www.smile-labfurniture.com\/#\/schema\/logo\/image\/","url":"https:\/\/www.smile-labfurniture.com\/wp-content\/uploads\/2020\/06\/QQ_1764744017650.png","contentUrl":"https:\/\/www.smile-labfurniture.com\/wp-content\/uploads\/2020\/06\/QQ_1764744017650.png","width":355,"height":48,"caption":"SMILELAB"},"image":{"@id":"https:\/\/www.smile-labfurniture.com\/#\/schema\/logo\/image\/"},"sameAs":["https:\/\/www.facebook.com\/share\/1DxYQBbYb1\/?mibextid=wwXIfr"]}]}},"_links":{"self":[{"href":"https:\/\/www.smile-labfurniture.com\/fr\/wp-json\/wp\/v2\/product\/5047","targetHints":{"allow":["GET"]}}],"collection":[{"href":"https:\/\/www.smile-labfurniture.com\/fr\/wp-json\/wp\/v2\/product"}],"about":[{"href":"https:\/\/www.smile-labfurniture.com\/fr\/wp-json\/wp\/v2\/types\/product"}],"replies":[{"embeddable":true,"href":"https:\/\/www.smile-labfurniture.com\/fr\/wp-json\/wp\/v2\/comments?post=5047"}],"wp:featuredmedia":[{"embeddable":true,"href":"https:\/\/www.smile-labfurniture.com\/fr\/wp-json\/wp\/v2\/media\/5049"}],"wp:attachment":[{"href":"https:\/\/www.smile-labfurniture.com\/fr\/wp-json\/wp\/v2\/media?parent=5047"}],"wp:term":[{"taxonomy":"product_cat","embeddable":true,"href":"https:\/\/www.smile-labfurniture.com\/fr\/wp-json\/wp\/v2\/product_cat?post=5047"},{"taxonomy":"product_tag","embeddable":true,"href":"https:\/\/www.smile-labfurniture.com\/fr\/wp-json\/wp\/v2\/product_tag?post=5047"},{"taxonomy":"product_brand","embeddable":true,"href":"https:\/\/www.smile-labfurniture.com\/fr\/wp-json\/wp\/v2\/product_brand?post=5047"}],"curies":[{"name":"wp","href":"https:\/\/api.w.org\/{rel}","templated":true}]}}