{"id":5044,"date":"2025-12-21T09:55:01","date_gmt":"2025-12-21T09:55:01","guid":{"rendered":"http:\/\/www.smile-labfurniture.com\/?post_type=product&#038;p=5044"},"modified":"2026-01-23T03:42:02","modified_gmt":"2026-01-23T03:42:02","slug":"pp-fume-hood-effect","status":"publish","type":"product","link":"https:\/\/www.smile-labfurniture.com\/fr\/produit\/pp-fume-hood-effect\/","title":{"rendered":"Hotte acide-base en PP"},"content":{"rendered":"<h2 style=\"text-align: center;\">Description du produit<\/h2>\n<p>1. Bo\u00eetier : Fabriqu\u00e9 en porcelaine blanche PP import\u00e9e d'une \u00e9paisseur de 8 \u00e0 12 mm (inclus), avec une excellente r\u00e9sistance \u00e0 l'acide et \u00e0 l'alcali. Apr\u00e8s une d\u00e9coupe et un traitement CNC pr\u00e9cis, des barres de soudure homog\u00e8nes et de m\u00eame couleur sont soud\u00e9es et modifi\u00e9es, et la surface ne pr\u00e9sente pas d'angles aigus.<br \/>\n2. Armoire sup\u00e9rieure : L'armoire d'\u00e9vacuation adopte une conception d'\u00e9vacuation \u00e0 capot sup\u00e9rieur et est con\u00e7ue avec une sortie d'\u00e9vacuation de \u222e250mm. Le d\u00e9flecteur est fabriqu\u00e9 en PP homog\u00e8ne et pr\u00e9sente une excellente r\u00e9sistance aux acides et aux alcalis. La taille d'installation est scientifique et raisonnable, et il n'y a pas d'angles morts dans le flux d'air pour obtenir une performance de capture des gaz d'\u00e9chappement.<br \/>\n3. Armoire inf\u00e9rieure : armoire de rangement avec une cloison au milieu. La charni\u00e8re est en plastique noir, ce qui lui conf\u00e8re une bonne r\u00e9sistance \u00e0 la corrosion. La poign\u00e9e est en PP homog\u00e8ne de type C.<br \/>\nFonctionnement du comptoir : Le comptoir est fabriqu\u00e9 en panneau PP import\u00e9 de 12 mm, qui pr\u00e9sente une excellente r\u00e9sistance \u00e0 l'acide et \u00e0 l'alcali. Les \u00e9viers de comptoir \u00e0 ventilation sont configur\u00e9s en fonction des besoins de l'utilisateur.<br \/>\n4. Porte de r\u00e9glage :<br \/>\na. Verre de porte r\u00e9glable : Fabriqu\u00e9 en verre acrylique transparent de 4 mm d'\u00e9paisseur, il pr\u00e9sente une excellente r\u00e9sistance aux acides et aux alcalis.<br \/>\nb. Ajustez le cadre de la porte : Il s'agit d'une \u00e9paisse plaque de porcelaine blanche en PP avec une rainure en forme de C, encastr\u00e9e et combin\u00e9e pour garantir la s\u00e9curit\u00e9 et la durabilit\u00e9.<br \/>\nc. C\u00e2ble en acier de la suspension de la porte de r\u00e9glage : Le c\u00e2ble en acier de la porte de r\u00e9glage de chaque hotte est connect\u00e9.<br \/>\nd. Ajuster le poids d'\u00e9quilibrage de la porte : il adopte une conception de bo\u00eete \u00e0 poids sans segment, et ses courses sup\u00e9rieures et inf\u00e9rieures sont limit\u00e9es par des rails silencieux afin d'\u00e9viter les secousses et les collisions.<br \/>\n5. \u00c9quipement \u00e9lectrique :<br \/>\na. Interrupteur : interrupteur \u00e0 bouton autobloquant avec lumi\u00e8re, y compris l'interrupteur du ventilateur, l'interrupteur d'\u00e9clairage et l'interrupteur d'alimentation principale.<br \/>\nb. Mat\u00e9riel d'\u00e9clairage : lampes trifilaires \u00e0 couverture int\u00e9grale, avec 220v*20w*2 \u00e0 l'int\u00e9rieur de l'abat-jour.<br \/>\nc. Prise de courant : Chaque hotte Beijing est \u00e9quip\u00e9e de 2 prises de courant 220V10A avec des couvercles anti-\u00e9claboussures.<\/p>\n<p><img loading=\"lazy\" decoding=\"async\" class=\"alignnone size-full wp-image-5045\" src=\"http:\/\/www.smile-labfurniture.com\/wp-content\/uploads\/2025\/12\/111.webp\" alt=\"\" width=\"1000\" height=\"1000\" srcset=\"https:\/\/www.smile-labfurniture.com\/wp-content\/uploads\/2025\/12\/111.webp 1000w, https:\/\/www.smile-labfurniture.com\/wp-content\/uploads\/2025\/12\/111-300x300.webp 300w\" sizes=\"auto, (max-width: 1000px) 100vw, 1000px\" \/><\/p>","protected":false},"excerpt":{"rendered":"<p>Possibilit\u00e9 de personnaliser vos sp\u00e9cifications<\/p>","protected":false},"featured_media":5045,"comment_status":"closed","ping_status":"closed","template":"","meta":[],"product_cat":[104],"product_tag":[],"product_brand":[],"class_list":["post-5044","product","type-product","status-publish","has-post-thumbnail","hentry","product_cat-fume-hood"],"yoast_head":"<!-- This site is optimized with the Yoast SEO plugin v26.6 - https:\/\/yoast.com\/wordpress\/plugins\/seo\/ -->\n<title>PP acid-base fume hood - SMILELAB<\/title>\n<meta name=\"robots\" content=\"index, follow, max-snippet:-1, max-image-preview:large, max-video-preview:-1\" \/>\n<link rel=\"canonical\" href=\"https:\/\/www.smile-labfurniture.com\/fr\/produit\/pp-fume-hood-effect\/\" \/>\n<meta property=\"og:locale\" content=\"fr_FR\" \/>\n<meta property=\"og:type\" content=\"article\" \/>\n<meta property=\"og:title\" content=\"PP acid-base fume hood - SMILELAB\" \/>\n<meta property=\"og:description\" content=\"Can customize your specifications\" \/>\n<meta property=\"og:url\" content=\"https:\/\/www.smile-labfurniture.com\/fr\/produit\/pp-fume-hood-effect\/\" \/>\n<meta property=\"og:site_name\" content=\"SMILELAB\" \/>\n<meta property=\"article:publisher\" content=\"https:\/\/www.facebook.com\/share\/1DxYQBbYb1\/?mibextid=wwXIfr\" \/>\n<meta property=\"article:modified_time\" content=\"2026-01-23T03:42:02+00:00\" \/>\n<meta property=\"og:image\" content=\"https:\/\/www.smile-labfurniture.com\/wp-content\/uploads\/2025\/12\/111.webp\" \/>\n\t<meta property=\"og:image:width\" content=\"1000\" \/>\n\t<meta property=\"og:image:height\" content=\"1000\" \/>\n\t<meta property=\"og:image:type\" content=\"image\/webp\" \/>\n<meta name=\"twitter:card\" content=\"summary_large_image\" \/>\n<meta name=\"twitter:label1\" content=\"Dur\u00e9e de lecture estim\u00e9e\" \/>\n\t<meta name=\"twitter:data1\" content=\"3 minutes\" \/>\n<script type=\"application\/ld+json\" class=\"yoast-schema-graph\">{\"@context\":\"https:\/\/schema.org\",\"@graph\":[{\"@type\":\"WebPage\",\"@id\":\"https:\/\/www.smile-labfurniture.com\/product\/pp-fume-hood-effect\/\",\"url\":\"https:\/\/www.smile-labfurniture.com\/product\/pp-fume-hood-effect\/\",\"name\":\"PP acid-base fume hood - SMILELAB\",\"isPartOf\":{\"@id\":\"https:\/\/www.smile-labfurniture.com\/#website\"},\"primaryImageOfPage\":{\"@id\":\"https:\/\/www.smile-labfurniture.com\/product\/pp-fume-hood-effect\/#primaryimage\"},\"image\":{\"@id\":\"https:\/\/www.smile-labfurniture.com\/product\/pp-fume-hood-effect\/#primaryimage\"},\"thumbnailUrl\":\"https:\/\/www.smile-labfurniture.com\/wp-content\/uploads\/2025\/12\/111.webp\",\"datePublished\":\"2025-12-21T09:55:01+00:00\",\"dateModified\":\"2026-01-23T03:42:02+00:00\",\"breadcrumb\":{\"@id\":\"https:\/\/www.smile-labfurniture.com\/product\/pp-fume-hood-effect\/#breadcrumb\"},\"inLanguage\":\"fr-FR\",\"potentialAction\":[{\"@type\":\"ReadAction\",\"target\":[\"https:\/\/www.smile-labfurniture.com\/product\/pp-fume-hood-effect\/\"]}]},{\"@type\":\"ImageObject\",\"inLanguage\":\"fr-FR\",\"@id\":\"https:\/\/www.smile-labfurniture.com\/product\/pp-fume-hood-effect\/#primaryimage\",\"url\":\"https:\/\/www.smile-labfurniture.com\/wp-content\/uploads\/2025\/12\/111.webp\",\"contentUrl\":\"https:\/\/www.smile-labfurniture.com\/wp-content\/uploads\/2025\/12\/111.webp\",\"width\":1000,\"height\":1000},{\"@type\":\"BreadcrumbList\",\"@id\":\"https:\/\/www.smile-labfurniture.com\/product\/pp-fume-hood-effect\/#breadcrumb\",\"itemListElement\":[{\"@type\":\"ListItem\",\"position\":1,\"name\":\"\u9996\u9875\",\"item\":\"https:\/\/www.smile-labfurniture.com\/\"},{\"@type\":\"ListItem\",\"position\":2,\"name\":\"Shop\",\"item\":\"https:\/\/www.smile-labfurniture.com\/shop\/\"},{\"@type\":\"ListItem\",\"position\":3,\"name\":\"PP acid-base fume hood\"}]},{\"@type\":\"WebSite\",\"@id\":\"https:\/\/www.smile-labfurniture.com\/#website\",\"url\":\"https:\/\/www.smile-labfurniture.com\/\",\"name\":\"SMILELAB\",\"description\":\"\",\"publisher\":{\"@id\":\"https:\/\/www.smile-labfurniture.com\/#organization\"},\"potentialAction\":[{\"@type\":\"SearchAction\",\"target\":{\"@type\":\"EntryPoint\",\"urlTemplate\":\"https:\/\/www.smile-labfurniture.com\/?s={search_term_string}\"},\"query-input\":{\"@type\":\"PropertyValueSpecification\",\"valueRequired\":true,\"valueName\":\"search_term_string\"}}],\"inLanguage\":\"fr-FR\"},{\"@type\":\"Organization\",\"@id\":\"https:\/\/www.smile-labfurniture.com\/#organization\",\"name\":\"SMILELAB\",\"url\":\"https:\/\/www.smile-labfurniture.com\/\",\"logo\":{\"@type\":\"ImageObject\",\"inLanguage\":\"fr-FR\",\"@id\":\"https:\/\/www.smile-labfurniture.com\/#\/schema\/logo\/image\/\",\"url\":\"https:\/\/www.smile-labfurniture.com\/wp-content\/uploads\/2020\/06\/QQ_1764744017650.png\",\"contentUrl\":\"https:\/\/www.smile-labfurniture.com\/wp-content\/uploads\/2020\/06\/QQ_1764744017650.png\",\"width\":355,\"height\":48,\"caption\":\"SMILELAB\"},\"image\":{\"@id\":\"https:\/\/www.smile-labfurniture.com\/#\/schema\/logo\/image\/\"},\"sameAs\":[\"https:\/\/www.facebook.com\/share\/1DxYQBbYb1\/?mibextid=wwXIfr\"]}]}<\/script>\n<!-- \/ Yoast SEO plugin. -->","yoast_head_json":{"title":"PP acid-base fume hood - SMILELAB","robots":{"index":"index","follow":"follow","max-snippet":"max-snippet:-1","max-image-preview":"max-image-preview:large","max-video-preview":"max-video-preview:-1"},"canonical":"https:\/\/www.smile-labfurniture.com\/fr\/produit\/pp-fume-hood-effect\/","og_locale":"fr_FR","og_type":"article","og_title":"PP acid-base fume hood - SMILELAB","og_description":"Can customize your specifications","og_url":"https:\/\/www.smile-labfurniture.com\/fr\/produit\/pp-fume-hood-effect\/","og_site_name":"SMILELAB","article_publisher":"https:\/\/www.facebook.com\/share\/1DxYQBbYb1\/?mibextid=wwXIfr","article_modified_time":"2026-01-23T03:42:02+00:00","og_image":[{"width":1000,"height":1000,"url":"https:\/\/www.smile-labfurniture.com\/wp-content\/uploads\/2025\/12\/111.webp","type":"image\/webp"}],"twitter_card":"summary_large_image","twitter_misc":{"Dur\u00e9e de lecture estim\u00e9e":"3 minutes"},"schema":{"@context":"https:\/\/schema.org","@graph":[{"@type":"WebPage","@id":"https:\/\/www.smile-labfurniture.com\/product\/pp-fume-hood-effect\/","url":"https:\/\/www.smile-labfurniture.com\/product\/pp-fume-hood-effect\/","name":"PP acid-base fume hood - SMILELAB","isPartOf":{"@id":"https:\/\/www.smile-labfurniture.com\/#website"},"primaryImageOfPage":{"@id":"https:\/\/www.smile-labfurniture.com\/product\/pp-fume-hood-effect\/#primaryimage"},"image":{"@id":"https:\/\/www.smile-labfurniture.com\/product\/pp-fume-hood-effect\/#primaryimage"},"thumbnailUrl":"https:\/\/www.smile-labfurniture.com\/wp-content\/uploads\/2025\/12\/111.webp","datePublished":"2025-12-21T09:55:01+00:00","dateModified":"2026-01-23T03:42:02+00:00","breadcrumb":{"@id":"https:\/\/www.smile-labfurniture.com\/product\/pp-fume-hood-effect\/#breadcrumb"},"inLanguage":"fr-FR","potentialAction":[{"@type":"ReadAction","target":["https:\/\/www.smile-labfurniture.com\/product\/pp-fume-hood-effect\/"]}]},{"@type":"ImageObject","inLanguage":"fr-FR","@id":"https:\/\/www.smile-labfurniture.com\/product\/pp-fume-hood-effect\/#primaryimage","url":"https:\/\/www.smile-labfurniture.com\/wp-content\/uploads\/2025\/12\/111.webp","contentUrl":"https:\/\/www.smile-labfurniture.com\/wp-content\/uploads\/2025\/12\/111.webp","width":1000,"height":1000},{"@type":"BreadcrumbList","@id":"https:\/\/www.smile-labfurniture.com\/product\/pp-fume-hood-effect\/#breadcrumb","itemListElement":[{"@type":"ListItem","position":1,"name":"\u9996\u9875","item":"https:\/\/www.smile-labfurniture.com\/"},{"@type":"ListItem","position":2,"name":"Shop","item":"https:\/\/www.smile-labfurniture.com\/shop\/"},{"@type":"ListItem","position":3,"name":"PP acid-base fume hood"}]},{"@type":"WebSite","@id":"https:\/\/www.smile-labfurniture.com\/#website","url":"https:\/\/www.smile-labfurniture.com\/","name":"SMILELAB","description":"","publisher":{"@id":"https:\/\/www.smile-labfurniture.com\/#organization"},"potentialAction":[{"@type":"SearchAction","target":{"@type":"EntryPoint","urlTemplate":"https:\/\/www.smile-labfurniture.com\/?s={search_term_string}"},"query-input":{"@type":"PropertyValueSpecification","valueRequired":true,"valueName":"search_term_string"}}],"inLanguage":"fr-FR"},{"@type":"Organization","@id":"https:\/\/www.smile-labfurniture.com\/#organization","name":"SMILELAB","url":"https:\/\/www.smile-labfurniture.com\/","logo":{"@type":"ImageObject","inLanguage":"fr-FR","@id":"https:\/\/www.smile-labfurniture.com\/#\/schema\/logo\/image\/","url":"https:\/\/www.smile-labfurniture.com\/wp-content\/uploads\/2020\/06\/QQ_1764744017650.png","contentUrl":"https:\/\/www.smile-labfurniture.com\/wp-content\/uploads\/2020\/06\/QQ_1764744017650.png","width":355,"height":48,"caption":"SMILELAB"},"image":{"@id":"https:\/\/www.smile-labfurniture.com\/#\/schema\/logo\/image\/"},"sameAs":["https:\/\/www.facebook.com\/share\/1DxYQBbYb1\/?mibextid=wwXIfr"]}]}},"_links":{"self":[{"href":"https:\/\/www.smile-labfurniture.com\/fr\/wp-json\/wp\/v2\/product\/5044","targetHints":{"allow":["GET"]}}],"collection":[{"href":"https:\/\/www.smile-labfurniture.com\/fr\/wp-json\/wp\/v2\/product"}],"about":[{"href":"https:\/\/www.smile-labfurniture.com\/fr\/wp-json\/wp\/v2\/types\/product"}],"replies":[{"embeddable":true,"href":"https:\/\/www.smile-labfurniture.com\/fr\/wp-json\/wp\/v2\/comments?post=5044"}],"wp:featuredmedia":[{"embeddable":true,"href":"https:\/\/www.smile-labfurniture.com\/fr\/wp-json\/wp\/v2\/media\/5045"}],"wp:attachment":[{"href":"https:\/\/www.smile-labfurniture.com\/fr\/wp-json\/wp\/v2\/media?parent=5044"}],"wp:term":[{"taxonomy":"product_cat","embeddable":true,"href":"https:\/\/www.smile-labfurniture.com\/fr\/wp-json\/wp\/v2\/product_cat?post=5044"},{"taxonomy":"product_tag","embeddable":true,"href":"https:\/\/www.smile-labfurniture.com\/fr\/wp-json\/wp\/v2\/product_tag?post=5044"},{"taxonomy":"product_brand","embeddable":true,"href":"https:\/\/www.smile-labfurniture.com\/fr\/wp-json\/wp\/v2\/product_brand?post=5044"}],"curies":[{"name":"wp","href":"https:\/\/api.w.org\/{rel}","templated":true}]}}