{"id":5041,"date":"2025-12-21T09:52:08","date_gmt":"2025-12-21T09:52:08","guid":{"rendered":"http:\/\/www.smile-labfurniture.com\/?post_type=product&#038;p=5041"},"modified":"2026-01-23T03:43:01","modified_gmt":"2026-01-23T03:43:01","slug":"yellow-light-fume-hood-effect","status":"publish","type":"product","link":"https:\/\/www.smile-labfurniture.com\/fr\/produit\/yellow-light-fume-hood-effect\/","title":{"rendered":"Hotte \u00e0 lumi\u00e8re jaune"},"content":{"rendered":"<p>Hotte sp\u00e9ciale pour salle \u00e0 lumi\u00e8re jaune<\/p>\n<p>1. Sp\u00e9cifications : Longueur 1500* Largeur 800 Hauteur 2350mm<\/p>\n<p>2. Tr\u00e8s grand espace int\u00e9rieur : longueur 1400*, largeur 680, hauteur 1200mm<\/p>\n<p>3. Comptoir : Utiliser un comptoir en carton physique et chimique de 12,7 mm d'\u00e9paisseur.<\/p>\n<p>4. Description de l'ensemble de l'armoire : L'ensemble de l'armoire est soud\u00e9 avec des feuilles de PP blanc porcelaine de 8 mm d'\u00e9paisseur.<\/p>\n<p>5. Description de la lampe fluorescente : La lampe fluorescente est cach\u00e9e sur le panneau et n'est pas en contact avec le flux d'air de la hotte. Elle est facile \u00e0 remplacer. Elle utilise 1 lampe fluorescente LED de 30W et est \u00e9quip\u00e9e d'un verre tremp\u00e9 antid\u00e9flagrant de 5mm.<\/p>\n<p>7. Description de la poign\u00e9e : Poign\u00e9e en PP anti-corrosion.<\/p>\n<p>8. Description de la plaque de guidage : Fabriqu\u00e9e en carton PP blanc de 5 mm.<\/p>\n<p>9. Description de l'alimentation \u00e9lectrique : Utiliser une prise de courant sp\u00e9cifique au laboratoire.<\/p>\n<p>10. Description de la fen\u00eatre : Le profil\u00e9 en aluminium est assorti \u00e0 un cadre en plastique. La fen\u00eatre de visualisation utilise une seule pi\u00e8ce de verre de s\u00e9curit\u00e9 de 5 mm. La fen\u00eatre peut \u00e9galement \u00eatre \u00e9quip\u00e9e de trois pi\u00e8ces de verre de s\u00e9curit\u00e9 de 5 mm, qui peuvent \u00eatre d\u00e9plac\u00e9es vers la gauche et vers la droite. La pi\u00e8ce unique adopte un dispositif d'\u00e9quilibrage progressif, qui peut se d\u00e9placer vers le haut et vers le bas et s'ajuster librement.<\/p>\n<p>11. Syst\u00e8me de levage : Gr\u00e2ce \u00e0 des paliers de levage \u00e0 courroie import\u00e9s, la vitre peut \u00eatre soulev\u00e9e et abaiss\u00e9e en douceur ;<\/p>\n<p>12. Description du pied de r\u00e9glage : Le pied de r\u00e9glage moul\u00e9 par injection, d'un diam\u00e8tre de 10 mm, est r\u00e9sistant aux chocs, \u00e0 l'humidit\u00e9 et \u00e0 la corrosion. La hauteur de l'armoire peut \u00eatre ajust\u00e9e en fonction du sol int\u00e9rieur, et le r\u00e9glage maximum est de 0 \u00e0 30 mm.<\/p>\n<p>13. Description du masque collecteur de gaz : Fatigu\u00e9, calomnieux, calomnieux, arrogant, triste, aimant, rivage, bruyant, moxa tachet\u00e9, moxa mandarine, feibo, papa, deviner, cuire, cancer, bouclier, chagrin, huit, b\u00e9b\u00e9, amour, pas de compagnon, chagrin.<\/p>\n<p>14. Protection contre les fuites : Dispositifs standard de protection contre les fuites et de protection du moteur conformes aux normes nationales.<\/p>\n<p>15. Description de l'interrupteur de commande : Interrupteur tactile 12V, contr\u00f4le centralis\u00e9 de l'ensemble du syst\u00e8me de circuit<\/p>\n<p>16. Description du processus : L'ensemble de l'armoire est fabriqu\u00e9 en panneau PP soud\u00e9 \u00e0 chaud, ce qui est beau et \u00e9l\u00e9gant. Le panneau arri\u00e8re de l'armoire comporte des trous de maintenance.<\/p>\n<p>17. Trois d\u00e9flecteurs permettent d'\u00e9vacuer les gaz nocifs pr\u00e9sents dans des espaces situ\u00e9s \u00e0 diff\u00e9rentes hauteurs \u00e0 partir de diff\u00e9rentes sections. La hotte \u00e9vacue l'air \u00e0 une vitesse sup\u00e9rieure \u00e0 la vitesse du vent \u00e0 la surface de travail de 0,5 m\/s afin de garantir l'absence de gaz r\u00e9siduel. Efficacit\u00e9 \u00e9lev\u00e9e de la ventilation, volume d'\u00e9vacuation d'environ 2 500 m3\/h et faible niveau de bruit.<\/p>\n<p>18. Ventilateur : Un ventilateur centrifuge en PP est utilis\u00e9, et la garantie du ventilateur est de 1 an.<\/p>\n<p>19. Le laboratoire utilise un module de traitement au charbon actif \u00e0 haut rendement + d\u00e9composition catalytique par photooxyg\u00e8ne pour traiter les gaz d'\u00e9chappement et r\u00e9duire efficacement la pollution atmosph\u00e9rique.<\/p>\n<p><img loading=\"lazy\" decoding=\"async\" class=\"alignnone size-full wp-image-5042\" src=\"http:\/\/www.smile-labfurniture.com\/wp-content\/uploads\/2025\/12\/20230711_153021.webp\" alt=\"\" width=\"2290\" height=\"2290\" srcset=\"https:\/\/www.smile-labfurniture.com\/wp-content\/uploads\/2025\/12\/20230711_153021.webp 2290w, https:\/\/www.smile-labfurniture.com\/wp-content\/uploads\/2025\/12\/20230711_153021-300x300.webp 300w\" sizes=\"auto, (max-width: 2290px) 100vw, 2290px\" \/><\/p>","protected":false},"excerpt":{"rendered":"<p>Possibilit\u00e9 de personnaliser vos sp\u00e9cifications<\/p>","protected":false},"featured_media":5042,"comment_status":"closed","ping_status":"closed","template":"","meta":[],"product_cat":[104],"product_tag":[],"product_brand":[],"class_list":["post-5041","product","type-product","status-publish","has-post-thumbnail","hentry","product_cat-fume-hood"],"yoast_head":"<!-- This site is optimized with the Yoast SEO plugin v26.6 - https:\/\/yoast.com\/wordpress\/plugins\/seo\/ -->\n<title>Yellow light fume hood - SMILELAB<\/title>\n<meta name=\"robots\" content=\"index, follow, max-snippet:-1, max-image-preview:large, max-video-preview:-1\" \/>\n<link rel=\"canonical\" href=\"https:\/\/www.smile-labfurniture.com\/fr\/produit\/yellow-light-fume-hood-effect\/\" \/>\n<meta property=\"og:locale\" content=\"fr_FR\" \/>\n<meta property=\"og:type\" content=\"article\" \/>\n<meta property=\"og:title\" content=\"Yellow light fume hood - SMILELAB\" \/>\n<meta property=\"og:description\" content=\"Can customize your specifications\" \/>\n<meta property=\"og:url\" content=\"https:\/\/www.smile-labfurniture.com\/fr\/produit\/yellow-light-fume-hood-effect\/\" \/>\n<meta property=\"og:site_name\" content=\"SMILELAB\" \/>\n<meta property=\"article:publisher\" content=\"https:\/\/www.facebook.com\/share\/1DxYQBbYb1\/?mibextid=wwXIfr\" \/>\n<meta property=\"article:modified_time\" content=\"2026-01-23T03:43:01+00:00\" \/>\n<meta property=\"og:image\" content=\"https:\/\/www.smile-labfurniture.com\/wp-content\/uploads\/2025\/12\/20230711_153021.webp\" \/>\n\t<meta property=\"og:image:width\" content=\"2290\" \/>\n\t<meta property=\"og:image:height\" content=\"2290\" \/>\n\t<meta property=\"og:image:type\" content=\"image\/webp\" \/>\n<meta name=\"twitter:card\" content=\"summary_large_image\" \/>\n<meta name=\"twitter:label1\" content=\"Dur\u00e9e de lecture estim\u00e9e\" \/>\n\t<meta name=\"twitter:data1\" content=\"3 minutes\" \/>\n<script type=\"application\/ld+json\" class=\"yoast-schema-graph\">{\"@context\":\"https:\/\/schema.org\",\"@graph\":[{\"@type\":\"WebPage\",\"@id\":\"https:\/\/www.smile-labfurniture.com\/product\/yellow-light-fume-hood-effect\/\",\"url\":\"https:\/\/www.smile-labfurniture.com\/product\/yellow-light-fume-hood-effect\/\",\"name\":\"Yellow light fume hood - SMILELAB\",\"isPartOf\":{\"@id\":\"https:\/\/www.smile-labfurniture.com\/#website\"},\"primaryImageOfPage\":{\"@id\":\"https:\/\/www.smile-labfurniture.com\/product\/yellow-light-fume-hood-effect\/#primaryimage\"},\"image\":{\"@id\":\"https:\/\/www.smile-labfurniture.com\/product\/yellow-light-fume-hood-effect\/#primaryimage\"},\"thumbnailUrl\":\"https:\/\/www.smile-labfurniture.com\/wp-content\/uploads\/2025\/12\/20230711_153021.webp\",\"datePublished\":\"2025-12-21T09:52:08+00:00\",\"dateModified\":\"2026-01-23T03:43:01+00:00\",\"breadcrumb\":{\"@id\":\"https:\/\/www.smile-labfurniture.com\/product\/yellow-light-fume-hood-effect\/#breadcrumb\"},\"inLanguage\":\"fr-FR\",\"potentialAction\":[{\"@type\":\"ReadAction\",\"target\":[\"https:\/\/www.smile-labfurniture.com\/product\/yellow-light-fume-hood-effect\/\"]}]},{\"@type\":\"ImageObject\",\"inLanguage\":\"fr-FR\",\"@id\":\"https:\/\/www.smile-labfurniture.com\/product\/yellow-light-fume-hood-effect\/#primaryimage\",\"url\":\"https:\/\/www.smile-labfurniture.com\/wp-content\/uploads\/2025\/12\/20230711_153021.webp\",\"contentUrl\":\"https:\/\/www.smile-labfurniture.com\/wp-content\/uploads\/2025\/12\/20230711_153021.webp\",\"width\":2290,\"height\":2290},{\"@type\":\"BreadcrumbList\",\"@id\":\"https:\/\/www.smile-labfurniture.com\/product\/yellow-light-fume-hood-effect\/#breadcrumb\",\"itemListElement\":[{\"@type\":\"ListItem\",\"position\":1,\"name\":\"\u9996\u9875\",\"item\":\"https:\/\/www.smile-labfurniture.com\/\"},{\"@type\":\"ListItem\",\"position\":2,\"name\":\"Shop\",\"item\":\"https:\/\/www.smile-labfurniture.com\/shop\/\"},{\"@type\":\"ListItem\",\"position\":3,\"name\":\"Yellow light fume hood\"}]},{\"@type\":\"WebSite\",\"@id\":\"https:\/\/www.smile-labfurniture.com\/#website\",\"url\":\"https:\/\/www.smile-labfurniture.com\/\",\"name\":\"SMILELAB\",\"description\":\"\",\"publisher\":{\"@id\":\"https:\/\/www.smile-labfurniture.com\/#organization\"},\"potentialAction\":[{\"@type\":\"SearchAction\",\"target\":{\"@type\":\"EntryPoint\",\"urlTemplate\":\"https:\/\/www.smile-labfurniture.com\/?s={search_term_string}\"},\"query-input\":{\"@type\":\"PropertyValueSpecification\",\"valueRequired\":true,\"valueName\":\"search_term_string\"}}],\"inLanguage\":\"fr-FR\"},{\"@type\":\"Organization\",\"@id\":\"https:\/\/www.smile-labfurniture.com\/#organization\",\"name\":\"SMILELAB\",\"url\":\"https:\/\/www.smile-labfurniture.com\/\",\"logo\":{\"@type\":\"ImageObject\",\"inLanguage\":\"fr-FR\",\"@id\":\"https:\/\/www.smile-labfurniture.com\/#\/schema\/logo\/image\/\",\"url\":\"https:\/\/www.smile-labfurniture.com\/wp-content\/uploads\/2020\/06\/QQ_1764744017650.png\",\"contentUrl\":\"https:\/\/www.smile-labfurniture.com\/wp-content\/uploads\/2020\/06\/QQ_1764744017650.png\",\"width\":355,\"height\":48,\"caption\":\"SMILELAB\"},\"image\":{\"@id\":\"https:\/\/www.smile-labfurniture.com\/#\/schema\/logo\/image\/\"},\"sameAs\":[\"https:\/\/www.facebook.com\/share\/1DxYQBbYb1\/?mibextid=wwXIfr\"]}]}<\/script>\n<!-- \/ Yoast SEO plugin. -->","yoast_head_json":{"title":"Yellow light fume hood - SMILELAB","robots":{"index":"index","follow":"follow","max-snippet":"max-snippet:-1","max-image-preview":"max-image-preview:large","max-video-preview":"max-video-preview:-1"},"canonical":"https:\/\/www.smile-labfurniture.com\/fr\/produit\/yellow-light-fume-hood-effect\/","og_locale":"fr_FR","og_type":"article","og_title":"Yellow light fume hood - SMILELAB","og_description":"Can customize your specifications","og_url":"https:\/\/www.smile-labfurniture.com\/fr\/produit\/yellow-light-fume-hood-effect\/","og_site_name":"SMILELAB","article_publisher":"https:\/\/www.facebook.com\/share\/1DxYQBbYb1\/?mibextid=wwXIfr","article_modified_time":"2026-01-23T03:43:01+00:00","og_image":[{"width":2290,"height":2290,"url":"https:\/\/www.smile-labfurniture.com\/wp-content\/uploads\/2025\/12\/20230711_153021.webp","type":"image\/webp"}],"twitter_card":"summary_large_image","twitter_misc":{"Dur\u00e9e de lecture estim\u00e9e":"3 minutes"},"schema":{"@context":"https:\/\/schema.org","@graph":[{"@type":"WebPage","@id":"https:\/\/www.smile-labfurniture.com\/product\/yellow-light-fume-hood-effect\/","url":"https:\/\/www.smile-labfurniture.com\/product\/yellow-light-fume-hood-effect\/","name":"Yellow light fume hood - SMILELAB","isPartOf":{"@id":"https:\/\/www.smile-labfurniture.com\/#website"},"primaryImageOfPage":{"@id":"https:\/\/www.smile-labfurniture.com\/product\/yellow-light-fume-hood-effect\/#primaryimage"},"image":{"@id":"https:\/\/www.smile-labfurniture.com\/product\/yellow-light-fume-hood-effect\/#primaryimage"},"thumbnailUrl":"https:\/\/www.smile-labfurniture.com\/wp-content\/uploads\/2025\/12\/20230711_153021.webp","datePublished":"2025-12-21T09:52:08+00:00","dateModified":"2026-01-23T03:43:01+00:00","breadcrumb":{"@id":"https:\/\/www.smile-labfurniture.com\/product\/yellow-light-fume-hood-effect\/#breadcrumb"},"inLanguage":"fr-FR","potentialAction":[{"@type":"ReadAction","target":["https:\/\/www.smile-labfurniture.com\/product\/yellow-light-fume-hood-effect\/"]}]},{"@type":"ImageObject","inLanguage":"fr-FR","@id":"https:\/\/www.smile-labfurniture.com\/product\/yellow-light-fume-hood-effect\/#primaryimage","url":"https:\/\/www.smile-labfurniture.com\/wp-content\/uploads\/2025\/12\/20230711_153021.webp","contentUrl":"https:\/\/www.smile-labfurniture.com\/wp-content\/uploads\/2025\/12\/20230711_153021.webp","width":2290,"height":2290},{"@type":"BreadcrumbList","@id":"https:\/\/www.smile-labfurniture.com\/product\/yellow-light-fume-hood-effect\/#breadcrumb","itemListElement":[{"@type":"ListItem","position":1,"name":"\u9996\u9875","item":"https:\/\/www.smile-labfurniture.com\/"},{"@type":"ListItem","position":2,"name":"Shop","item":"https:\/\/www.smile-labfurniture.com\/shop\/"},{"@type":"ListItem","position":3,"name":"Yellow light fume hood"}]},{"@type":"WebSite","@id":"https:\/\/www.smile-labfurniture.com\/#website","url":"https:\/\/www.smile-labfurniture.com\/","name":"SMILELAB","description":"","publisher":{"@id":"https:\/\/www.smile-labfurniture.com\/#organization"},"potentialAction":[{"@type":"SearchAction","target":{"@type":"EntryPoint","urlTemplate":"https:\/\/www.smile-labfurniture.com\/?s={search_term_string}"},"query-input":{"@type":"PropertyValueSpecification","valueRequired":true,"valueName":"search_term_string"}}],"inLanguage":"fr-FR"},{"@type":"Organization","@id":"https:\/\/www.smile-labfurniture.com\/#organization","name":"SMILELAB","url":"https:\/\/www.smile-labfurniture.com\/","logo":{"@type":"ImageObject","inLanguage":"fr-FR","@id":"https:\/\/www.smile-labfurniture.com\/#\/schema\/logo\/image\/","url":"https:\/\/www.smile-labfurniture.com\/wp-content\/uploads\/2020\/06\/QQ_1764744017650.png","contentUrl":"https:\/\/www.smile-labfurniture.com\/wp-content\/uploads\/2020\/06\/QQ_1764744017650.png","width":355,"height":48,"caption":"SMILELAB"},"image":{"@id":"https:\/\/www.smile-labfurniture.com\/#\/schema\/logo\/image\/"},"sameAs":["https:\/\/www.facebook.com\/share\/1DxYQBbYb1\/?mibextid=wwXIfr"]}]}},"_links":{"self":[{"href":"https:\/\/www.smile-labfurniture.com\/fr\/wp-json\/wp\/v2\/product\/5041","targetHints":{"allow":["GET"]}}],"collection":[{"href":"https:\/\/www.smile-labfurniture.com\/fr\/wp-json\/wp\/v2\/product"}],"about":[{"href":"https:\/\/www.smile-labfurniture.com\/fr\/wp-json\/wp\/v2\/types\/product"}],"replies":[{"embeddable":true,"href":"https:\/\/www.smile-labfurniture.com\/fr\/wp-json\/wp\/v2\/comments?post=5041"}],"wp:featuredmedia":[{"embeddable":true,"href":"https:\/\/www.smile-labfurniture.com\/fr\/wp-json\/wp\/v2\/media\/5042"}],"wp:attachment":[{"href":"https:\/\/www.smile-labfurniture.com\/fr\/wp-json\/wp\/v2\/media?parent=5041"}],"wp:term":[{"taxonomy":"product_cat","embeddable":true,"href":"https:\/\/www.smile-labfurniture.com\/fr\/wp-json\/wp\/v2\/product_cat?post=5041"},{"taxonomy":"product_tag","embeddable":true,"href":"https:\/\/www.smile-labfurniture.com\/fr\/wp-json\/wp\/v2\/product_tag?post=5041"},{"taxonomy":"product_brand","embeddable":true,"href":"https:\/\/www.smile-labfurniture.com\/fr\/wp-json\/wp\/v2\/product_brand?post=5041"}],"curies":[{"name":"wp","href":"https:\/\/api.w.org\/{rel}","templated":true}]}}