{"id":5035,"date":"2025-12-21T09:40:59","date_gmt":"2025-12-21T09:40:59","guid":{"rendered":"http:\/\/www.smile-labfurniture.com\/?post_type=product&#038;p=5035"},"modified":"2026-01-23T03:44:11","modified_gmt":"2026-01-23T03:44:11","slug":"medical-experimental-bench-effect","status":"publish","type":"product","link":"https:\/\/www.smile-labfurniture.com\/fr\/produit\/medical-experimental-bench-effect\/","title":{"rendered":"Banc d'exp\u00e9rimentation m\u00e9dicale"},"content":{"rendered":"<p>1. Panneau de paillasse m\u00e9dicale exp\u00e9rimentale (couleur en option)<\/p>\n<p>\uff081\uff09. Choisissez des comptoirs en pierre artificielle acrylique de 12 mm d'\u00e9paisseur<\/p>\n<p>\uff082\uff09. Choisissez des comptoirs en pierre de quartz d'une \u00e9paisseur de 15 mm.<\/p>\n<p>\uff083\uff09. Utiliser des comptoirs en carton physique et chimique d'une \u00e9paisseur de 12,7 mm.<\/p>\n<p>\uff084\uff09. Utiliser un comptoir en plaques de c\u00e9ramique de 15 mm d'\u00e9paisseur<br \/>\n2. Armoire pour paillasse d'exp\u00e9rimentation m\u00e9dicale<br \/>\nIl s'agit d'une structure au sol enti\u00e8rement en acier qui peut \u00eatre utilis\u00e9e seule ou en combinaison. La hauteur de l'armoire est de 800 \u00e0 850 mm.<br \/>\n\uff081\uff09. Corps de l'armoire (plaque inf\u00e9rieure, plaque arri\u00e8re) : Fabriqu\u00e9 en t\u00f4le d'acier lamin\u00e9e \u00e0 froid Baosteel de 1,0 mm d'\u00e9paisseur, qui a \u00e9t\u00e9 d\u00e9graiss\u00e9e, lav\u00e9e, d\u00e9cap\u00e9e, lav\u00e9e neutralis\u00e9e, phosphat\u00e9e, lav\u00e9e et rev\u00eatue d'une r\u00e9sine \u00e9poxy. Couleur : 27# bleu rid\u00e9-22# blanc rid\u00e9, 66# bleu-93# blanc, 68# bleu-144# camel, 79# gris-93# blanc (en option).<\/p>\n<p>Bloc d'\u00e9chantillons en acier.jpg<\/p>\n<p>\uff082\uff09. Plaque lat\u00e9rale : Fabriqu\u00e9e en t\u00f4le d'acier lamin\u00e9e \u00e0 froid Baosteel de 1,0 mm d'\u00e9paisseur, trait\u00e9e par d\u00e9graissage, lavage \u00e0 l'eau, d\u00e9capage, neutralisation du lavage \u00e0 l'eau, phosphatation, lavage \u00e0 l'eau et pulv\u00e9risation de r\u00e9sine \u00e9poxy.<br \/>\n\uff083\uff09. Lamin\u00e9 : Plaque d'acier lamin\u00e9e \u00e0 froid Baosteel de 1,0 mm d'\u00e9paisseur, trait\u00e9e par d\u00e9graissage, lavage \u00e0 l'eau, d\u00e9capage, neutralisation du lavage \u00e0 l'eau, phosphatation, lavage \u00e0 l'eau et pulv\u00e9risation de r\u00e9sine \u00e9poxy. La distance entre les sections sup\u00e9rieure et inf\u00e9rieure du lamin\u00e9 est de 15 mm par grille.<br \/>\n\uff084\uff09. Panneaux de porte et robinets : Fabriqu\u00e9s en plaques d'acier lamin\u00e9es \u00e0 froid Baosteel \u00e0 double couche de 1,0 mm d'\u00e9paisseur, trait\u00e9es par d\u00e9graissage, lavage \u00e0 l'eau, d\u00e9capage, neutralisation du lavage \u00e0 l'eau, phosphatation, lavage \u00e0 l'eau et pulv\u00e9risation de r\u00e9sine \u00e9poxy. Le sandwich est dot\u00e9 d'un mat\u00e9riau insonorisant.<br \/>\n\uff085\uff09. Poutre de renfort sup\u00e9rieure, poutre centrale, rail de guidage du tiroir, cadre de support de l'\u00e9vier : en t\u00f4le d'acier lamin\u00e9e \u00e0 froid Baosteel de 2,0 mm d'\u00e9paisseur, traitement de d\u00e9graissage, lavage \u00e0 l'eau, d\u00e9capage, neutralisation du lavage \u00e0 l'eau, phosphatation, lavage \u00e0 l'eau et pulv\u00e9risation de r\u00e9sine \u00e9poxydique.<br \/>\n\uff086\uff09. Plaque de support du pied de r\u00e9glage : Fabriqu\u00e9e en t\u00f4le d'acier lamin\u00e9e \u00e0 froid Baosteel de 3,0 mm d'\u00e9paisseur, trait\u00e9e par d\u00e9graissage, lavage \u00e0 l'eau, d\u00e9capage, neutralisation du lavage \u00e0 l'eau, phosphatation, lavage \u00e0 l'eau et pulv\u00e9risation de r\u00e9sine \u00e9poxy.<br \/>\n\uff087\uff09. Tiroir : Panneau inf\u00e9rieur, panneaux lat\u00e9raux et panneau arri\u00e8re : Fabriqu\u00e9s en t\u00f4le d'acier lamin\u00e9e \u00e0 froid Baosteel de 1,0 mm d'\u00e9paisseur, d\u00e9graissage, lavage \u00e0 l'eau, d\u00e9capage, neutralisation par lavage \u00e0 l'eau, phosphatation, lavage \u00e0 l'eau et pulv\u00e9risation de r\u00e9sine \u00e9poxy.<br \/>\n\uff088\uff09. Panneau d'\u00e9tanch\u00e9it\u00e9 d\u00e9coratif : Lorsqu'il y a un espace entre les meubles bas ou entre les meubles bas et le mur, utilisez des panneaux d'\u00e9tanch\u00e9it\u00e9 d\u00e9coratifs du m\u00eame mat\u00e9riau et de la m\u00eame couleur que les meubles bas pour le couvrir.<br \/>\n\uff089\uff09. Colonnes de canalisation en acier : une conception combin\u00e9e et d\u00e9tachable.<br \/>\n\uff0810\uff09. Autres normes de conception structurelle : La fa\u00e7ade de toutes les armoires basses est une structure encastr\u00e9e mont\u00e9e \u00e0 plat ; \u00e0 l'exception de la partie encastr\u00e9e sur la fa\u00e7ade, les plinthes sont form\u00e9es int\u00e9gralement avec les plaques d'acier de l'armoire des deux c\u00f4t\u00e9s ; il n'y a pas de pilier vertical central bloquant les deux portes de toutes les armoires basses \u00e0 double porte.<br \/>\n\uff0811\uff09. Canal de service : Il y a un canal de service \u00e0 distance du mur derri\u00e8re le meuble bas, qui est utilis\u00e9 pour placer les conduites d'\u00e9lectricit\u00e9, d'eau et de gaz afin de cacher le design.<br \/>\n3. Accessoires pour bancs d'exp\u00e9rimentation m\u00e9dicale<br \/>\n\uff081\uff09. Poign\u00e9e : Poign\u00e9e droite en acier inoxydable en forme de C ou en alliage d'aluminium, qui peut \u00eatre s\u00e9lectionn\u00e9e en fonction des besoins de l'utilisateur.<br \/>\n\uff082\uff09. Charni\u00e8re : ouverture \u00e0 90\u00b0, charni\u00e8re en acier inoxydable.<br \/>\n\uff083\uff09. Bande de joint de porte : en chlorure de polyvinyle.<br \/>\n\uff084\uff09. Groupe de boucles de porte : Fabriqu\u00e9 en nylon.<br \/>\n\uff085\uff09. Crochet d'\u00e9tag\u00e8re : en t\u00f4le d'acier inoxydable de 1,2 mm d'\u00e9paisseur.<br \/>\n\uff086\uff09. Glissi\u00e8re : Utiliser une glissi\u00e8re silencieuse de 450 mm de long avec une base de support.<br \/>\n\uff087\uff09. Dispositif d'amortissement de la porte du tiroir : en caoutchouc.<br \/>\n\uff088\uff09. Pieds r\u00e9glables : Vis M10mm (galvanisation) ; Pieds r\u00e9glables : patins antid\u00e9rapants en caoutchouc, pieds en acier \u00e0 haute r\u00e9sistance.<br \/>\n4. Portoir de r\u00e9actifs pour paillasse de laboratoire m\u00e9dical<br \/>\nLe fabricant du banc d'essai a con\u00e7u une table pour faciliter la configuration, l'ajout, la suppression et le d\u00e9montage.<br \/>\n\uff081\uff09. Pilier en acier : Fabriqu\u00e9 en t\u00f4le d'acier lamin\u00e9e \u00e0 froid Baosteel de 1,5 mm d'\u00e9paisseur, trait\u00e9 par d\u00e9graissage, lavage \u00e0 l'eau, d\u00e9capage, neutralisation du lavage \u00e0 l'eau, phosphatation, lavage \u00e0 l'eau et pulv\u00e9risation de r\u00e9sine \u00e9poxy. La colonne est dot\u00e9e d'une rang\u00e9e compl\u00e8te de trous de suspension pour accrocher les \u00e9tag\u00e8res r\u00e9glables. La distance de r\u00e9glage entre les trous de suspension est d'environ 40 mm par grille.<br \/>\n\uff082\uff09. \u00c9tag\u00e8re : divis\u00e9e en couches sup\u00e9rieure et inf\u00e9rieure, en verre tremp\u00e9 de 10 mm d'\u00e9paisseur, avec des garde-corps en acier inoxydable sur le bord ext\u00e9rieur de l'\u00e9tag\u00e8re.<br \/>\n\uff083\uff09. Dispositif d'alimentation.<br \/>\n\uff084\uff09. Bo\u00eete en fil d'acier : Fabriqu\u00e9 en t\u00f4le d'acier lamin\u00e9e \u00e0 froid Baosteel de 1,0 mm d'\u00e9paisseur, trait\u00e9 par d\u00e9graissage, lavage \u00e0 l'eau, d\u00e9capage, neutralisation du lavage \u00e0 l'eau, phosphatation, lavage \u00e0 l'eau et pulv\u00e9risation de r\u00e9sine \u00e9poxy.<\/p>\n<p>(5\uff09.Prise : Prise universelle multifonctionnelle 220V\/10A.<\/p>\n<p>Fabricant de bancs d'essai en acier<\/p>\n<p>5. Armoire murale de laboratoire m\u00e9dical<\/p>\n<p>Les fabricants de paillasses de laboratoire m\u00e9dical gagnent de l'espace dans les laboratoires d'h\u00f4pitaux ou les salles de traitement en concevant la partie sup\u00e9rieure comme une armoire murale pour faciliter le stockage d'un plus grand nombre d'articles.<\/p>\n<p>(1). Tout le corps de l'armoire : Fabriqu\u00e9 en t\u00f4le d'acier lamin\u00e9e \u00e0 froid Baosteel de 1,0 mm d'\u00e9paisseur, qui a \u00e9t\u00e9 d\u00e9graiss\u00e9e, lav\u00e9e, d\u00e9cap\u00e9e, lav\u00e9e neutralis\u00e9e, phosphat\u00e9e, lav\u00e9e et rev\u00eatue d'une r\u00e9sine \u00e9poxy.<\/p>\n<p>(2). Lamin\u00e9 : Fabriqu\u00e9 en t\u00f4le d'acier lamin\u00e9e \u00e0 froid Baosteel de 1,0 mm d'\u00e9paisseur, qui a \u00e9t\u00e9 d\u00e9graiss\u00e9e, lav\u00e9e, d\u00e9cap\u00e9e, lav\u00e9e neutralis\u00e9e, phosphat\u00e9e, lav\u00e9e et rev\u00eatue d'une r\u00e9sine \u00e9poxy. La distance entre les sections sup\u00e9rieure et inf\u00e9rieure du lamin\u00e9 est de 30 mm par grille.<\/p>\n<p>(3). Charni\u00e8re : ouverture \u00e0 90\u00b0, charni\u00e8re en acier inoxydable.<\/p>\n<p><img loading=\"lazy\" decoding=\"async\" class=\"alignnone size-full wp-image-5036\" src=\"http:\/\/www.smile-labfurniture.com\/wp-content\/uploads\/2025\/12\/00cbbc24c125350f72d849f03b7c1e8a.webp\" alt=\"\" width=\"2590\" height=\"1605\" \/><\/p>","protected":false},"excerpt":{"rendered":"<p>Possibilit\u00e9 de personnaliser vos sp\u00e9cifications<\/p>","protected":false},"featured_media":5036,"comment_status":"closed","ping_status":"closed","template":"","meta":[],"product_cat":[15],"product_tag":[],"product_brand":[],"class_list":["post-5035","product","type-product","status-publish","has-post-thumbnail","hentry","product_cat-laboratory-furniture"],"yoast_head":"<!-- This site is optimized with the Yoast SEO plugin v26.6 - https:\/\/yoast.com\/wordpress\/plugins\/seo\/ -->\n<title>Medical experimental bench - SMILELAB<\/title>\n<meta name=\"robots\" content=\"index, follow, max-snippet:-1, max-image-preview:large, max-video-preview:-1\" \/>\n<link rel=\"canonical\" href=\"https:\/\/www.smile-labfurniture.com\/fr\/produit\/medical-experimental-bench-effect\/\" \/>\n<meta property=\"og:locale\" content=\"fr_FR\" \/>\n<meta property=\"og:type\" content=\"article\" \/>\n<meta property=\"og:title\" content=\"Medical experimental bench - SMILELAB\" \/>\n<meta property=\"og:description\" content=\"Can customize your specifications\" \/>\n<meta property=\"og:url\" content=\"https:\/\/www.smile-labfurniture.com\/fr\/produit\/medical-experimental-bench-effect\/\" \/>\n<meta property=\"og:site_name\" content=\"SMILELAB\" \/>\n<meta property=\"article:publisher\" content=\"https:\/\/www.facebook.com\/share\/1DxYQBbYb1\/?mibextid=wwXIfr\" \/>\n<meta property=\"article:modified_time\" content=\"2026-01-23T03:44:11+00:00\" \/>\n<meta property=\"og:image\" content=\"https:\/\/www.smile-labfurniture.com\/wp-content\/uploads\/2025\/12\/00cbbc24c125350f72d849f03b7c1e8a.webp\" \/>\n\t<meta property=\"og:image:width\" content=\"2590\" \/>\n\t<meta property=\"og:image:height\" content=\"1605\" \/>\n\t<meta property=\"og:image:type\" content=\"image\/webp\" \/>\n<meta name=\"twitter:card\" content=\"summary_large_image\" \/>\n<meta name=\"twitter:label1\" content=\"Dur\u00e9e de lecture estim\u00e9e\" \/>\n\t<meta name=\"twitter:data1\" content=\"5 minutes\" \/>\n<script type=\"application\/ld+json\" class=\"yoast-schema-graph\">{\"@context\":\"https:\/\/schema.org\",\"@graph\":[{\"@type\":\"WebPage\",\"@id\":\"https:\/\/www.smile-labfurniture.com\/product\/medical-experimental-bench-effect\/\",\"url\":\"https:\/\/www.smile-labfurniture.com\/product\/medical-experimental-bench-effect\/\",\"name\":\"Medical experimental bench - SMILELAB\",\"isPartOf\":{\"@id\":\"https:\/\/www.smile-labfurniture.com\/#website\"},\"primaryImageOfPage\":{\"@id\":\"https:\/\/www.smile-labfurniture.com\/product\/medical-experimental-bench-effect\/#primaryimage\"},\"image\":{\"@id\":\"https:\/\/www.smile-labfurniture.com\/product\/medical-experimental-bench-effect\/#primaryimage\"},\"thumbnailUrl\":\"https:\/\/www.smile-labfurniture.com\/wp-content\/uploads\/2025\/12\/00cbbc24c125350f72d849f03b7c1e8a.webp\",\"datePublished\":\"2025-12-21T09:40:59+00:00\",\"dateModified\":\"2026-01-23T03:44:11+00:00\",\"breadcrumb\":{\"@id\":\"https:\/\/www.smile-labfurniture.com\/product\/medical-experimental-bench-effect\/#breadcrumb\"},\"inLanguage\":\"fr-FR\",\"potentialAction\":[{\"@type\":\"ReadAction\",\"target\":[\"https:\/\/www.smile-labfurniture.com\/product\/medical-experimental-bench-effect\/\"]}]},{\"@type\":\"ImageObject\",\"inLanguage\":\"fr-FR\",\"@id\":\"https:\/\/www.smile-labfurniture.com\/product\/medical-experimental-bench-effect\/#primaryimage\",\"url\":\"https:\/\/www.smile-labfurniture.com\/wp-content\/uploads\/2025\/12\/00cbbc24c125350f72d849f03b7c1e8a.webp\",\"contentUrl\":\"https:\/\/www.smile-labfurniture.com\/wp-content\/uploads\/2025\/12\/00cbbc24c125350f72d849f03b7c1e8a.webp\",\"width\":2590,\"height\":1605},{\"@type\":\"BreadcrumbList\",\"@id\":\"https:\/\/www.smile-labfurniture.com\/product\/medical-experimental-bench-effect\/#breadcrumb\",\"itemListElement\":[{\"@type\":\"ListItem\",\"position\":1,\"name\":\"\u9996\u9875\",\"item\":\"https:\/\/www.smile-labfurniture.com\/\"},{\"@type\":\"ListItem\",\"position\":2,\"name\":\"Shop\",\"item\":\"https:\/\/www.smile-labfurniture.com\/shop\/\"},{\"@type\":\"ListItem\",\"position\":3,\"name\":\"Medical experimental bench\"}]},{\"@type\":\"WebSite\",\"@id\":\"https:\/\/www.smile-labfurniture.com\/#website\",\"url\":\"https:\/\/www.smile-labfurniture.com\/\",\"name\":\"SMILELAB\",\"description\":\"\",\"publisher\":{\"@id\":\"https:\/\/www.smile-labfurniture.com\/#organization\"},\"potentialAction\":[{\"@type\":\"SearchAction\",\"target\":{\"@type\":\"EntryPoint\",\"urlTemplate\":\"https:\/\/www.smile-labfurniture.com\/?s={search_term_string}\"},\"query-input\":{\"@type\":\"PropertyValueSpecification\",\"valueRequired\":true,\"valueName\":\"search_term_string\"}}],\"inLanguage\":\"fr-FR\"},{\"@type\":\"Organization\",\"@id\":\"https:\/\/www.smile-labfurniture.com\/#organization\",\"name\":\"SMILELAB\",\"url\":\"https:\/\/www.smile-labfurniture.com\/\",\"logo\":{\"@type\":\"ImageObject\",\"inLanguage\":\"fr-FR\",\"@id\":\"https:\/\/www.smile-labfurniture.com\/#\/schema\/logo\/image\/\",\"url\":\"https:\/\/www.smile-labfurniture.com\/wp-content\/uploads\/2020\/06\/QQ_1764744017650.png\",\"contentUrl\":\"https:\/\/www.smile-labfurniture.com\/wp-content\/uploads\/2020\/06\/QQ_1764744017650.png\",\"width\":355,\"height\":48,\"caption\":\"SMILELAB\"},\"image\":{\"@id\":\"https:\/\/www.smile-labfurniture.com\/#\/schema\/logo\/image\/\"},\"sameAs\":[\"https:\/\/www.facebook.com\/share\/1DxYQBbYb1\/?mibextid=wwXIfr\"]}]}<\/script>\n<!-- \/ Yoast SEO plugin. -->","yoast_head_json":{"title":"Medical experimental bench - SMILELAB","robots":{"index":"index","follow":"follow","max-snippet":"max-snippet:-1","max-image-preview":"max-image-preview:large","max-video-preview":"max-video-preview:-1"},"canonical":"https:\/\/www.smile-labfurniture.com\/fr\/produit\/medical-experimental-bench-effect\/","og_locale":"fr_FR","og_type":"article","og_title":"Medical experimental bench - SMILELAB","og_description":"Can customize your specifications","og_url":"https:\/\/www.smile-labfurniture.com\/fr\/produit\/medical-experimental-bench-effect\/","og_site_name":"SMILELAB","article_publisher":"https:\/\/www.facebook.com\/share\/1DxYQBbYb1\/?mibextid=wwXIfr","article_modified_time":"2026-01-23T03:44:11+00:00","og_image":[{"width":2590,"height":1605,"url":"https:\/\/www.smile-labfurniture.com\/wp-content\/uploads\/2025\/12\/00cbbc24c125350f72d849f03b7c1e8a.webp","type":"image\/webp"}],"twitter_card":"summary_large_image","twitter_misc":{"Dur\u00e9e de lecture estim\u00e9e":"5 minutes"},"schema":{"@context":"https:\/\/schema.org","@graph":[{"@type":"WebPage","@id":"https:\/\/www.smile-labfurniture.com\/product\/medical-experimental-bench-effect\/","url":"https:\/\/www.smile-labfurniture.com\/product\/medical-experimental-bench-effect\/","name":"Medical experimental bench - SMILELAB","isPartOf":{"@id":"https:\/\/www.smile-labfurniture.com\/#website"},"primaryImageOfPage":{"@id":"https:\/\/www.smile-labfurniture.com\/product\/medical-experimental-bench-effect\/#primaryimage"},"image":{"@id":"https:\/\/www.smile-labfurniture.com\/product\/medical-experimental-bench-effect\/#primaryimage"},"thumbnailUrl":"https:\/\/www.smile-labfurniture.com\/wp-content\/uploads\/2025\/12\/00cbbc24c125350f72d849f03b7c1e8a.webp","datePublished":"2025-12-21T09:40:59+00:00","dateModified":"2026-01-23T03:44:11+00:00","breadcrumb":{"@id":"https:\/\/www.smile-labfurniture.com\/product\/medical-experimental-bench-effect\/#breadcrumb"},"inLanguage":"fr-FR","potentialAction":[{"@type":"ReadAction","target":["https:\/\/www.smile-labfurniture.com\/product\/medical-experimental-bench-effect\/"]}]},{"@type":"ImageObject","inLanguage":"fr-FR","@id":"https:\/\/www.smile-labfurniture.com\/product\/medical-experimental-bench-effect\/#primaryimage","url":"https:\/\/www.smile-labfurniture.com\/wp-content\/uploads\/2025\/12\/00cbbc24c125350f72d849f03b7c1e8a.webp","contentUrl":"https:\/\/www.smile-labfurniture.com\/wp-content\/uploads\/2025\/12\/00cbbc24c125350f72d849f03b7c1e8a.webp","width":2590,"height":1605},{"@type":"BreadcrumbList","@id":"https:\/\/www.smile-labfurniture.com\/product\/medical-experimental-bench-effect\/#breadcrumb","itemListElement":[{"@type":"ListItem","position":1,"name":"\u9996\u9875","item":"https:\/\/www.smile-labfurniture.com\/"},{"@type":"ListItem","position":2,"name":"Shop","item":"https:\/\/www.smile-labfurniture.com\/shop\/"},{"@type":"ListItem","position":3,"name":"Medical experimental bench"}]},{"@type":"WebSite","@id":"https:\/\/www.smile-labfurniture.com\/#website","url":"https:\/\/www.smile-labfurniture.com\/","name":"SMILELAB","description":"","publisher":{"@id":"https:\/\/www.smile-labfurniture.com\/#organization"},"potentialAction":[{"@type":"SearchAction","target":{"@type":"EntryPoint","urlTemplate":"https:\/\/www.smile-labfurniture.com\/?s={search_term_string}"},"query-input":{"@type":"PropertyValueSpecification","valueRequired":true,"valueName":"search_term_string"}}],"inLanguage":"fr-FR"},{"@type":"Organization","@id":"https:\/\/www.smile-labfurniture.com\/#organization","name":"SMILELAB","url":"https:\/\/www.smile-labfurniture.com\/","logo":{"@type":"ImageObject","inLanguage":"fr-FR","@id":"https:\/\/www.smile-labfurniture.com\/#\/schema\/logo\/image\/","url":"https:\/\/www.smile-labfurniture.com\/wp-content\/uploads\/2020\/06\/QQ_1764744017650.png","contentUrl":"https:\/\/www.smile-labfurniture.com\/wp-content\/uploads\/2020\/06\/QQ_1764744017650.png","width":355,"height":48,"caption":"SMILELAB"},"image":{"@id":"https:\/\/www.smile-labfurniture.com\/#\/schema\/logo\/image\/"},"sameAs":["https:\/\/www.facebook.com\/share\/1DxYQBbYb1\/?mibextid=wwXIfr"]}]}},"_links":{"self":[{"href":"https:\/\/www.smile-labfurniture.com\/fr\/wp-json\/wp\/v2\/product\/5035","targetHints":{"allow":["GET"]}}],"collection":[{"href":"https:\/\/www.smile-labfurniture.com\/fr\/wp-json\/wp\/v2\/product"}],"about":[{"href":"https:\/\/www.smile-labfurniture.com\/fr\/wp-json\/wp\/v2\/types\/product"}],"replies":[{"embeddable":true,"href":"https:\/\/www.smile-labfurniture.com\/fr\/wp-json\/wp\/v2\/comments?post=5035"}],"wp:featuredmedia":[{"embeddable":true,"href":"https:\/\/www.smile-labfurniture.com\/fr\/wp-json\/wp\/v2\/media\/5036"}],"wp:attachment":[{"href":"https:\/\/www.smile-labfurniture.com\/fr\/wp-json\/wp\/v2\/media?parent=5035"}],"wp:term":[{"taxonomy":"product_cat","embeddable":true,"href":"https:\/\/www.smile-labfurniture.com\/fr\/wp-json\/wp\/v2\/product_cat?post=5035"},{"taxonomy":"product_tag","embeddable":true,"href":"https:\/\/www.smile-labfurniture.com\/fr\/wp-json\/wp\/v2\/product_tag?post=5035"},{"taxonomy":"product_brand","embeddable":true,"href":"https:\/\/www.smile-labfurniture.com\/fr\/wp-json\/wp\/v2\/product_brand?post=5035"}],"curies":[{"name":"wp","href":"https:\/\/api.w.org\/{rel}","templated":true}]}}