{"id":5032,"date":"2025-12-21T09:33:25","date_gmt":"2025-12-21T09:33:25","guid":{"rendered":"http:\/\/www.smile-labfurniture.com\/?post_type=product&#038;p=5032"},"modified":"2026-01-23T03:46:41","modified_gmt":"2026-01-23T03:46:41","slug":"5032","status":"publish","type":"product","link":"https:\/\/www.smile-labfurniture.com\/fr\/produit\/5032\/","title":{"rendered":"Mobilier exp\u00e9rimental tout acier recommand\u00e9"},"content":{"rendered":"<p>Banc exp\u00e9rimental en acier et en bois<\/p>\n<p>1. Banc d'exp\u00e9rimentation en acier et en bois, comptoir du fabricant (optionnel)<\/p>\n<p>\uff081\uff09\uff0e Fabriqu\u00e9 en carton psychologique de 12,7 mm d'\u00e9paisseur.<br \/>\n\uff082\uff09\uff0e Panneau Trespa de 13 mm d'\u00e9paisseur.<br \/>\n\uff083\uff09\uff0e Utilisation d'une plaque de r\u00e9sine \u00e9poxy de 20 mm d'\u00e9paisseur<br \/>\n\uff084\uff09. Utilisation d'une plaque de c\u00e9ramique de 20 mm d'\u00e9paisseur<br \/>\n\uff085\uff09. Utilisation du panneau de grammage Wilsonart de 12,7 mm d'\u00e9paisseur<br \/>\n2. Cadre principal du banc exp\u00e9rimental acier-bois<br \/>\nFabriqu\u00e9 en acier carr\u00e9 de haute qualit\u00e9 (40*60*2,0 mm), la surface a \u00e9t\u00e9 d\u00e9cap\u00e9e, phosphat\u00e9e, uniform\u00e9ment peinte en \u00e9poxy gris-blanc, trait\u00e9e chimiquement contre la rouille, r\u00e9sistante \u00e0 la corrosion acide et alcaline, avec une bonne capacit\u00e9 de charge et une longue dur\u00e9e de vie. Chaque groupe de bancs exp\u00e9rimentaux ind\u00e9pendants peut \u00eatre \u00e9quip\u00e9 d'un disjoncteur de s\u00e9curit\u00e9 afin que chaque banc exp\u00e9rimental puisse contr\u00f4ler ind\u00e9pendamment l'alimentation \u00e9lectrique.<br \/>\n3. Panneau de porte du banc exp\u00e9rimental en acier-bois<br \/>\nIl est fabriqu\u00e9 \u00e0 partir d'un panneau m\u00e9lamin\u00e9 \u00e9cologique de haute qualit\u00e9 de 18 mm d'\u00e9paisseur (cat\u00e9gorie E1) ; toutes les sections sont scell\u00e9es sur les bords et imperm\u00e9abilis\u00e9es avec du PVC de haute qualit\u00e9, et les quatre ar\u00eates sont chanfrein\u00e9es et arrondies.<br \/>\n4. Armoire exp\u00e9rimentale en bois et acier<br \/>\nIl est fabriqu\u00e9 \u00e0 partir d'un panneau de m\u00e9lamine de qualit\u00e9 E1 de 18 mm d'\u00e9paisseur, gris sur les deux faces et respectueux de l'environnement ; toutes les surfaces visibles sont trait\u00e9es avec un scellement des bords et une imperm\u00e9abilisation en PVC de haute qualit\u00e9. Tous les panneaux sont dot\u00e9s d'une connexion amovible trois en un. La structure est stable, la capacit\u00e9 de charge est bonne et elle est facile \u00e0 d\u00e9monter, ce qui est propice \u00e0 l'utilisation dans l'environnement de travail sp\u00e9cial du laboratoire.<br \/>\n5. Tiroirs de bancs exp\u00e9rimentaux en acier et en bois<br \/>\nLe mat\u00e9riau du panneau du tiroir est le m\u00eame que celui du panneau de la porte, le panneau inf\u00e9rieur est fabriqu\u00e9 en MDF de haute qualit\u00e9 de grade E1 et d'une \u00e9paisseur de 4 mm, et les autres mat\u00e9riaux sont les m\u00eames que ceux du corps de l'armoire.<br \/>\n6. Accessoires pour bancs exp\u00e9rimentaux en acier et en bois<br \/>\n\uff081\uff09. Manche : La poign\u00e9e est en acier inoxydable, moul\u00e9e, et la surface est trait\u00e9e chimiquement. Elle a une belle apparence et une conception conviviale.<br \/>\n\uff082\uff09. Pieds r\u00e9glables : Pieds r\u00e9glables sp\u00e9ciaux moul\u00e9s par injection, r\u00e9sistants \u00e0 la charge, \u00e0 l'humidit\u00e9, antid\u00e9rapants, antibact\u00e9riens et r\u00e9sistants \u00e0 la corrosion. La hauteur de l'armoire peut \u00eatre r\u00e9gl\u00e9e de mani\u00e8re appropri\u00e9e en fonction du sol int\u00e9rieur ; l'apparence est belle et la conception est conviviale.<br \/>\n\uff083\uff09. Prise : Utilise une prise sp\u00e9ciale \u00e0 six trous 220V 16A blanc laiteux, convenant \u00e0 divers instruments domestiques ou import\u00e9s, s\u00fbrs et durables.<br \/>\n\uff084\uff09. Goulotte de canalisation : Corps \u00e0 une rang\u00e9e, structure en acier, peut \u00eatre d\u00e9mont\u00e9 pour les lignes de libre-service, belle apparence, s\u00fbr et pratique \u00e0 utiliser.<br \/>\n\uff085\uff09. Robinet : On utilise un robinet blanc \u00e0 simple, double ou triple embouchure. Le bec est de type pointu en cuivre. La t\u00eate haute et la bouche unique tournent \u00e0 360 degr\u00e9s, ce qui permet une utilisation polyvalente. Il est amovible pour le nettoyage et l'obstruction, et a un effet de soulagement de la pression. Le corps du tuyau est en laiton et en or, et la surface est recouverte d'une peinture par pulv\u00e9risation pour \u00e9viter la rouille et la corrosion. Le bec est amovible et poss\u00e8de un filetage moul\u00e9 \u00e0 l'int\u00e9rieur, ce qui facilite le raccordement des tuyaux de circulation et d'autres tuyaux d'eau sp\u00e9ciaux.<br \/>\n\uff086\uff09. \u00c9vier : en PP, moul\u00e9, r\u00e9sistant \u00e0 la corrosion acide et alcaline, install\u00e9 sous la table, beau et pratique, et propice au retour naturel de l'eau de table ; les sp\u00e9cifications vont de petites \u00e0 grandes, et peuvent \u00eatre s\u00e9lectionn\u00e9es en fonction des besoins r\u00e9els.<br \/>\n\uff087\uff09. Support d'\u00e9gouttage : mat\u00e9riau, PP\/polym\u00e8re haute densit\u00e9 ; taille du mod\u00e8le, 550\u00d7400 pour un seul c\u00f4t\u00e9 ; trou de drainage au centre du fond ; tige d'\u00e9gouttage d\u00e9tachable, facile \u00e0 utiliser ; m\u00e9thode d'installation, montage mural ou sur le bureau.<br \/>\n\uff088\uff09. Rail de guidage : Il adopte un rail de guidage en trois sections, et la surface est pulv\u00e9ris\u00e9e \u00e9lectrostatiquement avec de la r\u00e9sine \u00e9poxy noire (galvanis\u00e9e), ce qui est r\u00e9sistant \u00e0 la corrosion et pratique pour les travailleurs qui tiennent des objets, et est propice \u00e0 l'utilisation dans l'environnement de travail sp\u00e9cial du laboratoire.<br \/>\n\uff089\uff09. Station de lavage oculaire d'urgence : t\u00eate d'arrosage, caoutchouc souple, l'eau est d\u00e9compress\u00e9e pour former une colonne d'eau mousseuse afin de pr\u00e9venir les l\u00e9sions oculaires ; couvercle anti-poussi\u00e8re, en mat\u00e9riau PP, est automatiquement rinc\u00e9 par l'eau pendant l'utilisation ; interrupteur de verrouillage du d\u00e9bit d'eau, les fonctions d'ouverture et de verrouillage du d\u00e9bit d'eau sont r\u00e9alis\u00e9es en m\u00eame temps ; vanne de contr\u00f4le de l'eau, clapet anti-retour, sa porte peut \u00eatre ferm\u00e9e automatiquement ; corps principal, cuivre \u00e9pais ; rev\u00eatement, rev\u00eatement en r\u00e9sine \u00e9poxy de haute luminosit\u00e9, r\u00e9sistant \u00e0 la corrosion, r\u00e9sistant \u00e0 la chaleur, anti-rayonnement ultraviolet. Banc d'essai en acier et en bois Entreprise<\/p>\n<p><img loading=\"lazy\" decoding=\"async\" class=\"alignnone size-full wp-image-5033\" src=\"http:\/\/www.smile-labfurniture.com\/wp-content\/uploads\/2025\/12\/fGAVDZWMF.webp\" alt=\"\" width=\"2600\" height=\"1949\" \/><\/p>","protected":false},"excerpt":{"rendered":"<p>Possibilit\u00e9 de personnaliser vos sp\u00e9cifications<\/p>","protected":false},"featured_media":5033,"comment_status":"closed","ping_status":"closed","template":"","meta":[],"product_cat":[15],"product_tag":[],"product_brand":[],"class_list":["post-5032","product","type-product","status-publish","has-post-thumbnail","hentry","product_cat-laboratory-furniture"],"yoast_head":"<!-- This site is optimized with the Yoast SEO plugin v26.6 - https:\/\/yoast.com\/wordpress\/plugins\/seo\/ -->\n<title>Recommended all-steel experimental furniture - SMILELAB<\/title>\n<meta name=\"robots\" content=\"index, follow, max-snippet:-1, max-image-preview:large, max-video-preview:-1\" \/>\n<link rel=\"canonical\" href=\"https:\/\/www.smile-labfurniture.com\/fr\/produit\/5032\/\" \/>\n<meta property=\"og:locale\" content=\"fr_FR\" \/>\n<meta property=\"og:type\" content=\"article\" \/>\n<meta property=\"og:title\" content=\"Recommended all-steel experimental furniture - SMILELAB\" \/>\n<meta property=\"og:description\" content=\"Can customize your specifications\" \/>\n<meta property=\"og:url\" content=\"https:\/\/www.smile-labfurniture.com\/fr\/produit\/5032\/\" \/>\n<meta property=\"og:site_name\" content=\"SMILELAB\" \/>\n<meta property=\"article:publisher\" content=\"https:\/\/www.facebook.com\/share\/1DxYQBbYb1\/?mibextid=wwXIfr\" \/>\n<meta property=\"article:modified_time\" content=\"2026-01-23T03:46:41+00:00\" \/>\n<meta property=\"og:image\" content=\"https:\/\/www.smile-labfurniture.com\/wp-content\/uploads\/2025\/12\/fGAVDZWMF.webp\" \/>\n\t<meta property=\"og:image:width\" content=\"2600\" \/>\n\t<meta property=\"og:image:height\" content=\"1949\" \/>\n\t<meta property=\"og:image:type\" content=\"image\/webp\" \/>\n<meta name=\"twitter:card\" content=\"summary_large_image\" \/>\n<meta name=\"twitter:label1\" content=\"Dur\u00e9e de lecture estim\u00e9e\" \/>\n\t<meta name=\"twitter:data1\" content=\"4 minutes\" \/>\n<script type=\"application\/ld+json\" class=\"yoast-schema-graph\">{\"@context\":\"https:\/\/schema.org\",\"@graph\":[{\"@type\":\"WebPage\",\"@id\":\"https:\/\/www.smile-labfurniture.com\/product\/5032\/\",\"url\":\"https:\/\/www.smile-labfurniture.com\/product\/5032\/\",\"name\":\"Recommended all-steel experimental furniture - SMILELAB\",\"isPartOf\":{\"@id\":\"https:\/\/www.smile-labfurniture.com\/#website\"},\"primaryImageOfPage\":{\"@id\":\"https:\/\/www.smile-labfurniture.com\/product\/5032\/#primaryimage\"},\"image\":{\"@id\":\"https:\/\/www.smile-labfurniture.com\/product\/5032\/#primaryimage\"},\"thumbnailUrl\":\"https:\/\/www.smile-labfurniture.com\/wp-content\/uploads\/2025\/12\/fGAVDZWMF.webp\",\"datePublished\":\"2025-12-21T09:33:25+00:00\",\"dateModified\":\"2026-01-23T03:46:41+00:00\",\"breadcrumb\":{\"@id\":\"https:\/\/www.smile-labfurniture.com\/product\/5032\/#breadcrumb\"},\"inLanguage\":\"fr-FR\",\"potentialAction\":[{\"@type\":\"ReadAction\",\"target\":[\"https:\/\/www.smile-labfurniture.com\/product\/5032\/\"]}]},{\"@type\":\"ImageObject\",\"inLanguage\":\"fr-FR\",\"@id\":\"https:\/\/www.smile-labfurniture.com\/product\/5032\/#primaryimage\",\"url\":\"https:\/\/www.smile-labfurniture.com\/wp-content\/uploads\/2025\/12\/fGAVDZWMF.webp\",\"contentUrl\":\"https:\/\/www.smile-labfurniture.com\/wp-content\/uploads\/2025\/12\/fGAVDZWMF.webp\",\"width\":2600,\"height\":1949},{\"@type\":\"BreadcrumbList\",\"@id\":\"https:\/\/www.smile-labfurniture.com\/product\/5032\/#breadcrumb\",\"itemListElement\":[{\"@type\":\"ListItem\",\"position\":1,\"name\":\"\u9996\u9875\",\"item\":\"https:\/\/www.smile-labfurniture.com\/\"},{\"@type\":\"ListItem\",\"position\":2,\"name\":\"Shop\",\"item\":\"https:\/\/www.smile-labfurniture.com\/shop\/\"},{\"@type\":\"ListItem\",\"position\":3,\"name\":\"Recommended all-steel experimental furniture\"}]},{\"@type\":\"WebSite\",\"@id\":\"https:\/\/www.smile-labfurniture.com\/#website\",\"url\":\"https:\/\/www.smile-labfurniture.com\/\",\"name\":\"SMILELAB\",\"description\":\"\",\"publisher\":{\"@id\":\"https:\/\/www.smile-labfurniture.com\/#organization\"},\"potentialAction\":[{\"@type\":\"SearchAction\",\"target\":{\"@type\":\"EntryPoint\",\"urlTemplate\":\"https:\/\/www.smile-labfurniture.com\/?s={search_term_string}\"},\"query-input\":{\"@type\":\"PropertyValueSpecification\",\"valueRequired\":true,\"valueName\":\"search_term_string\"}}],\"inLanguage\":\"fr-FR\"},{\"@type\":\"Organization\",\"@id\":\"https:\/\/www.smile-labfurniture.com\/#organization\",\"name\":\"SMILELAB\",\"url\":\"https:\/\/www.smile-labfurniture.com\/\",\"logo\":{\"@type\":\"ImageObject\",\"inLanguage\":\"fr-FR\",\"@id\":\"https:\/\/www.smile-labfurniture.com\/#\/schema\/logo\/image\/\",\"url\":\"https:\/\/www.smile-labfurniture.com\/wp-content\/uploads\/2020\/06\/QQ_1764744017650.png\",\"contentUrl\":\"https:\/\/www.smile-labfurniture.com\/wp-content\/uploads\/2020\/06\/QQ_1764744017650.png\",\"width\":355,\"height\":48,\"caption\":\"SMILELAB\"},\"image\":{\"@id\":\"https:\/\/www.smile-labfurniture.com\/#\/schema\/logo\/image\/\"},\"sameAs\":[\"https:\/\/www.facebook.com\/share\/1DxYQBbYb1\/?mibextid=wwXIfr\"]}]}<\/script>\n<!-- \/ Yoast SEO plugin. -->","yoast_head_json":{"title":"Recommended all-steel experimental furniture - SMILELAB","robots":{"index":"index","follow":"follow","max-snippet":"max-snippet:-1","max-image-preview":"max-image-preview:large","max-video-preview":"max-video-preview:-1"},"canonical":"https:\/\/www.smile-labfurniture.com\/fr\/produit\/5032\/","og_locale":"fr_FR","og_type":"article","og_title":"Recommended all-steel experimental furniture - SMILELAB","og_description":"Can customize your specifications","og_url":"https:\/\/www.smile-labfurniture.com\/fr\/produit\/5032\/","og_site_name":"SMILELAB","article_publisher":"https:\/\/www.facebook.com\/share\/1DxYQBbYb1\/?mibextid=wwXIfr","article_modified_time":"2026-01-23T03:46:41+00:00","og_image":[{"width":2600,"height":1949,"url":"https:\/\/www.smile-labfurniture.com\/wp-content\/uploads\/2025\/12\/fGAVDZWMF.webp","type":"image\/webp"}],"twitter_card":"summary_large_image","twitter_misc":{"Dur\u00e9e de lecture estim\u00e9e":"4 minutes"},"schema":{"@context":"https:\/\/schema.org","@graph":[{"@type":"WebPage","@id":"https:\/\/www.smile-labfurniture.com\/product\/5032\/","url":"https:\/\/www.smile-labfurniture.com\/product\/5032\/","name":"Recommended all-steel experimental furniture - SMILELAB","isPartOf":{"@id":"https:\/\/www.smile-labfurniture.com\/#website"},"primaryImageOfPage":{"@id":"https:\/\/www.smile-labfurniture.com\/product\/5032\/#primaryimage"},"image":{"@id":"https:\/\/www.smile-labfurniture.com\/product\/5032\/#primaryimage"},"thumbnailUrl":"https:\/\/www.smile-labfurniture.com\/wp-content\/uploads\/2025\/12\/fGAVDZWMF.webp","datePublished":"2025-12-21T09:33:25+00:00","dateModified":"2026-01-23T03:46:41+00:00","breadcrumb":{"@id":"https:\/\/www.smile-labfurniture.com\/product\/5032\/#breadcrumb"},"inLanguage":"fr-FR","potentialAction":[{"@type":"ReadAction","target":["https:\/\/www.smile-labfurniture.com\/product\/5032\/"]}]},{"@type":"ImageObject","inLanguage":"fr-FR","@id":"https:\/\/www.smile-labfurniture.com\/product\/5032\/#primaryimage","url":"https:\/\/www.smile-labfurniture.com\/wp-content\/uploads\/2025\/12\/fGAVDZWMF.webp","contentUrl":"https:\/\/www.smile-labfurniture.com\/wp-content\/uploads\/2025\/12\/fGAVDZWMF.webp","width":2600,"height":1949},{"@type":"BreadcrumbList","@id":"https:\/\/www.smile-labfurniture.com\/product\/5032\/#breadcrumb","itemListElement":[{"@type":"ListItem","position":1,"name":"\u9996\u9875","item":"https:\/\/www.smile-labfurniture.com\/"},{"@type":"ListItem","position":2,"name":"Shop","item":"https:\/\/www.smile-labfurniture.com\/shop\/"},{"@type":"ListItem","position":3,"name":"Recommended all-steel experimental furniture"}]},{"@type":"WebSite","@id":"https:\/\/www.smile-labfurniture.com\/#website","url":"https:\/\/www.smile-labfurniture.com\/","name":"SMILELAB","description":"","publisher":{"@id":"https:\/\/www.smile-labfurniture.com\/#organization"},"potentialAction":[{"@type":"SearchAction","target":{"@type":"EntryPoint","urlTemplate":"https:\/\/www.smile-labfurniture.com\/?s={search_term_string}"},"query-input":{"@type":"PropertyValueSpecification","valueRequired":true,"valueName":"search_term_string"}}],"inLanguage":"fr-FR"},{"@type":"Organization","@id":"https:\/\/www.smile-labfurniture.com\/#organization","name":"SMILELAB","url":"https:\/\/www.smile-labfurniture.com\/","logo":{"@type":"ImageObject","inLanguage":"fr-FR","@id":"https:\/\/www.smile-labfurniture.com\/#\/schema\/logo\/image\/","url":"https:\/\/www.smile-labfurniture.com\/wp-content\/uploads\/2020\/06\/QQ_1764744017650.png","contentUrl":"https:\/\/www.smile-labfurniture.com\/wp-content\/uploads\/2020\/06\/QQ_1764744017650.png","width":355,"height":48,"caption":"SMILELAB"},"image":{"@id":"https:\/\/www.smile-labfurniture.com\/#\/schema\/logo\/image\/"},"sameAs":["https:\/\/www.facebook.com\/share\/1DxYQBbYb1\/?mibextid=wwXIfr"]}]}},"_links":{"self":[{"href":"https:\/\/www.smile-labfurniture.com\/fr\/wp-json\/wp\/v2\/product\/5032","targetHints":{"allow":["GET"]}}],"collection":[{"href":"https:\/\/www.smile-labfurniture.com\/fr\/wp-json\/wp\/v2\/product"}],"about":[{"href":"https:\/\/www.smile-labfurniture.com\/fr\/wp-json\/wp\/v2\/types\/product"}],"replies":[{"embeddable":true,"href":"https:\/\/www.smile-labfurniture.com\/fr\/wp-json\/wp\/v2\/comments?post=5032"}],"wp:featuredmedia":[{"embeddable":true,"href":"https:\/\/www.smile-labfurniture.com\/fr\/wp-json\/wp\/v2\/media\/5033"}],"wp:attachment":[{"href":"https:\/\/www.smile-labfurniture.com\/fr\/wp-json\/wp\/v2\/media?parent=5032"}],"wp:term":[{"taxonomy":"product_cat","embeddable":true,"href":"https:\/\/www.smile-labfurniture.com\/fr\/wp-json\/wp\/v2\/product_cat?post=5032"},{"taxonomy":"product_tag","embeddable":true,"href":"https:\/\/www.smile-labfurniture.com\/fr\/wp-json\/wp\/v2\/product_tag?post=5032"},{"taxonomy":"product_brand","embeddable":true,"href":"https:\/\/www.smile-labfurniture.com\/fr\/wp-json\/wp\/v2\/product_brand?post=5032"}],"curies":[{"name":"wp","href":"https:\/\/api.w.org\/{rel}","templated":true}]}}