{"id":5024,"date":"2025-12-21T09:12:52","date_gmt":"2025-12-21T09:12:52","guid":{"rendered":"http:\/\/www.smile-labfurniture.com\/?post_type=product&#038;p=5024"},"modified":"2026-01-23T03:49:42","modified_gmt":"2026-01-23T03:49:42","slug":"5024","status":"publish","type":"product","link":"https:\/\/www.smile-labfurniture.com\/fr\/produit\/5024\/","title":{"rendered":"Mobilier de laboratoire en acier inoxydable"},"content":{"rendered":"<p>1. Sp\u00e9cifications du banc d'essai en acier inoxydable (standard)<\/p>\n<p>\uff081). Sp\u00e9cifications de la table centrale : L*1500*850mm<br \/>\n\uff082\uff09. Sp\u00e9cifications de la table d'appoint : L*750*850mm<br \/>\nRemarque : le banc d'essai en acier inoxydable peut \u00eatre adapt\u00e9 \u00e0 diverses sp\u00e9cifications.<br \/>\n2. Table d'exp\u00e9rimentation en acier inoxydable<br \/>\nMat\u00e9riau en acier inoxydable \uff081\uff09.201 (\u00e9paisseur : 1,2mm-1,5mm)<br \/>\n\uff082\uff09.Mat\u00e9riau en acier inoxydable 304 (\u00e9paisseur : 1,2mm-1,5mm)<br \/>\n\uff083\uff09.Mat\u00e9riau en acier inoxydable 316 (\u00e9paisseur : 0,2mm-1,15mm)<br \/>\n\uff084\uff09. Couleur : brillant et bross\u00e9.<br \/>\n3. Structure du banc exp\u00e9rimental en acier inoxydable<br \/>\nSoud\u00e9 avec de l'acier inoxydable de haute qualit\u00e9 (acier inoxydable 304 de 1,2 mm), il constitue la principale structure de soutien du banc exp\u00e9rimental. Toutes les pi\u00e8ces sont produites par estampage au gaz, soudage de protection, polissage et autres proc\u00e9d\u00e9s. Une fois le bureau connect\u00e9 \u00e0 la structure en acier, il peut supporter une charge de 300Kg\/m2. Les joints de soudure sont exempts de bavures et de fausses soudures, et l'interface est lisse. Des patins de r\u00e9glage horizontal sont situ\u00e9s \u00e0 la jonction entre l'avant et l'arri\u00e8re du cadre vertical et le sol.<br \/>\n4. Armoire d'exp\u00e9rimentation en acier inoxydable<br \/>\nFabriqu\u00e9es en panneaux 304 de 1,0 mm d'\u00e9paisseur, les planches sont toutes coup\u00e9es par des scies \u00e0 panneaux intelligentes, avec une grande pr\u00e9cision et sans ar\u00eates. L'armoire est de conception d\u00e9montable, avec une structure stable et de bonnes performances de charge. La conception combin\u00e9e, le style et la taille de la combinaison peuvent \u00eatre ajust\u00e9s en fonction des besoins r\u00e9els des clients (Beijing Zhongcosmax Company fournit des mesures et une conception gratuites).<br \/>\n5. Poign\u00e9e de banc exp\u00e9rimental en acier inoxydable<br \/>\nPoign\u00e9e invisible \u00e0 un mot, poign\u00e9e en forme de U<br \/>\n6. Rails de guidage du banc d'essai en acier inoxydable<br \/>\nLes glissi\u00e8res des tiroirs sont toutes des glissi\u00e8res \u00e0 billes \u00e0 trois sections.<br \/>\n7. Charni\u00e8re de banc d'essai en acier inoxydable<br \/>\nIl est \u00e9quip\u00e9 d'une charni\u00e8re \u00e0 fermeture automatique d'une grande beaut\u00e9. Elle se ferme lentement et sans bruit lors de l'ouverture et de la fermeture. La bague d'\u00e9tanch\u00e9it\u00e9 en m\u00e9tal est antirouille et super r\u00e9sistante \u00e0 la corrosion.<br \/>\n8. Pieds de bancs exp\u00e9rimentaux en acier inoxydable<br \/>\nLes pieds r\u00e9glables en hauteur pr\u00e9sentent les avantages d'\u00eatre antid\u00e9rapants, d'absorber les chocs, de r\u00e9sister \u00e0 la corrosion et d'avoir une forte capacit\u00e9 de charge. Ils conviennent mieux aux environnements de laboratoire.<br \/>\n9. Bassin exp\u00e9rimental en acier inoxydable<br \/>\nBassin d'eau en acier inoxydable sp\u00e9cial pour laboratoire. Sp\u00e9cification : 550*450*300 ou sp\u00e9cifi\u00e9 par l'acheteur ; Couleur : couleur naturelle.<br \/>\n10. Robinet de banc d'essai en acier inoxydable<br \/>\nRobinet d'eau froide simple \u00e0 trois t\u00eates en plastique \u00e0 pulv\u00e9risation sp\u00e9ciale pour utilisation en laboratoire. Sp\u00e9cifications : triple\/double\/simple. Mat\u00e9riau : Noyau de cuivre pulv\u00e9ris\u00e9\/acier inoxydable.<br \/>\n11. Douille de banc exp\u00e9rimental en acier inoxydable<br \/>\nLa prise \u00e9lectrique sp\u00e9cifique au laboratoire est une prise multifonctionnelle de type bo\u00eete inclin\u00e9e, g\u00e9n\u00e9ralement utilis\u00e9e pour 220V10A, 16A.<br \/>\n12. Banc exp\u00e9rimental en acier inoxydable supportant un rack de r\u00e9actifs<br \/>\nSupport de r\u00e9actifs en option, install\u00e9 en bas ou en haut de l'\u00e9tag\u00e8re du support de r\u00e9actifs. Le rack \u00e0 r\u00e9actifs est en acier, facile \u00e0 installer et \u00e0 d\u00e9monter, et poss\u00e8de un corps solide. Il est dot\u00e9 d'une plaque mobile qui permet d'ajuster la hauteur de mani\u00e8re arbitraire. La couche du rack \u00e0 r\u00e9actifs est en verre tremp\u00e9 de 8,0 mm d'\u00e9paisseur, et les colonnes et les pi\u00e8ces suspendues sont recouvertes de r\u00e9sine \u00e9poxy. Les \u00e9tag\u00e8res sont \u00e9galement disponibles en acier. La colonne peut \u00eatre \u00e9quip\u00e9e d'inserts \u00e9tanches.<\/p>\n<p><img loading=\"lazy\" decoding=\"async\" class=\"alignnone size-full wp-image-5031\" src=\"http:\/\/www.smile-labfurniture.com\/wp-content\/uploads\/2025\/12\/ef1536d960cc62bb35e7483fdeeb6e90.webp\" alt=\"\" width=\"4736\" height=\"3552\" \/><\/p>","protected":false},"excerpt":{"rendered":"<p>Possibilit\u00e9 de personnaliser vos sp\u00e9cifications<\/p>","protected":false},"featured_media":5031,"comment_status":"closed","ping_status":"closed","template":"","meta":[],"product_cat":[15],"product_tag":[],"product_brand":[],"class_list":["post-5024","product","type-product","status-publish","has-post-thumbnail","hentry","product_cat-laboratory-furniture"],"yoast_head":"<!-- This site is optimized with the Yoast SEO plugin v26.6 - https:\/\/yoast.com\/wordpress\/plugins\/seo\/ -->\n<title>Stainless steel laboratory furniture - SMILELAB<\/title>\n<meta name=\"robots\" content=\"index, follow, max-snippet:-1, max-image-preview:large, max-video-preview:-1\" \/>\n<link rel=\"canonical\" href=\"https:\/\/www.smile-labfurniture.com\/fr\/produit\/5024\/\" \/>\n<meta property=\"og:locale\" content=\"fr_FR\" \/>\n<meta property=\"og:type\" content=\"article\" \/>\n<meta property=\"og:title\" content=\"Stainless steel laboratory furniture - SMILELAB\" \/>\n<meta property=\"og:description\" content=\"Can customize your specifications\" \/>\n<meta property=\"og:url\" content=\"https:\/\/www.smile-labfurniture.com\/fr\/produit\/5024\/\" \/>\n<meta property=\"og:site_name\" content=\"SMILELAB\" \/>\n<meta property=\"article:publisher\" content=\"https:\/\/www.facebook.com\/share\/1DxYQBbYb1\/?mibextid=wwXIfr\" \/>\n<meta property=\"article:modified_time\" content=\"2026-01-23T03:49:42+00:00\" \/>\n<meta property=\"og:image\" content=\"https:\/\/www.smile-labfurniture.com\/wp-content\/uploads\/2025\/12\/ef1536d960cc62bb35e7483fdeeb6e90.webp\" \/>\n\t<meta property=\"og:image:width\" content=\"4736\" \/>\n\t<meta property=\"og:image:height\" content=\"3552\" \/>\n\t<meta property=\"og:image:type\" content=\"image\/webp\" \/>\n<meta name=\"twitter:card\" content=\"summary_large_image\" \/>\n<meta name=\"twitter:label1\" content=\"Dur\u00e9e de lecture estim\u00e9e\" \/>\n\t<meta name=\"twitter:data1\" content=\"3 minutes\" \/>\n<script type=\"application\/ld+json\" class=\"yoast-schema-graph\">{\"@context\":\"https:\/\/schema.org\",\"@graph\":[{\"@type\":\"WebPage\",\"@id\":\"https:\/\/www.smile-labfurniture.com\/product\/5024\/\",\"url\":\"https:\/\/www.smile-labfurniture.com\/product\/5024\/\",\"name\":\"Stainless steel laboratory furniture - SMILELAB\",\"isPartOf\":{\"@id\":\"https:\/\/www.smile-labfurniture.com\/#website\"},\"primaryImageOfPage\":{\"@id\":\"https:\/\/www.smile-labfurniture.com\/product\/5024\/#primaryimage\"},\"image\":{\"@id\":\"https:\/\/www.smile-labfurniture.com\/product\/5024\/#primaryimage\"},\"thumbnailUrl\":\"https:\/\/www.smile-labfurniture.com\/wp-content\/uploads\/2025\/12\/ef1536d960cc62bb35e7483fdeeb6e90.webp\",\"datePublished\":\"2025-12-21T09:12:52+00:00\",\"dateModified\":\"2026-01-23T03:49:42+00:00\",\"breadcrumb\":{\"@id\":\"https:\/\/www.smile-labfurniture.com\/product\/5024\/#breadcrumb\"},\"inLanguage\":\"fr-FR\",\"potentialAction\":[{\"@type\":\"ReadAction\",\"target\":[\"https:\/\/www.smile-labfurniture.com\/product\/5024\/\"]}]},{\"@type\":\"ImageObject\",\"inLanguage\":\"fr-FR\",\"@id\":\"https:\/\/www.smile-labfurniture.com\/product\/5024\/#primaryimage\",\"url\":\"https:\/\/www.smile-labfurniture.com\/wp-content\/uploads\/2025\/12\/ef1536d960cc62bb35e7483fdeeb6e90.webp\",\"contentUrl\":\"https:\/\/www.smile-labfurniture.com\/wp-content\/uploads\/2025\/12\/ef1536d960cc62bb35e7483fdeeb6e90.webp\",\"width\":4736,\"height\":3552},{\"@type\":\"BreadcrumbList\",\"@id\":\"https:\/\/www.smile-labfurniture.com\/product\/5024\/#breadcrumb\",\"itemListElement\":[{\"@type\":\"ListItem\",\"position\":1,\"name\":\"\u9996\u9875\",\"item\":\"https:\/\/www.smile-labfurniture.com\/\"},{\"@type\":\"ListItem\",\"position\":2,\"name\":\"Shop\",\"item\":\"https:\/\/www.smile-labfurniture.com\/shop\/\"},{\"@type\":\"ListItem\",\"position\":3,\"name\":\"Stainless steel laboratory furniture\"}]},{\"@type\":\"WebSite\",\"@id\":\"https:\/\/www.smile-labfurniture.com\/#website\",\"url\":\"https:\/\/www.smile-labfurniture.com\/\",\"name\":\"SMILELAB\",\"description\":\"\",\"publisher\":{\"@id\":\"https:\/\/www.smile-labfurniture.com\/#organization\"},\"potentialAction\":[{\"@type\":\"SearchAction\",\"target\":{\"@type\":\"EntryPoint\",\"urlTemplate\":\"https:\/\/www.smile-labfurniture.com\/?s={search_term_string}\"},\"query-input\":{\"@type\":\"PropertyValueSpecification\",\"valueRequired\":true,\"valueName\":\"search_term_string\"}}],\"inLanguage\":\"fr-FR\"},{\"@type\":\"Organization\",\"@id\":\"https:\/\/www.smile-labfurniture.com\/#organization\",\"name\":\"SMILELAB\",\"url\":\"https:\/\/www.smile-labfurniture.com\/\",\"logo\":{\"@type\":\"ImageObject\",\"inLanguage\":\"fr-FR\",\"@id\":\"https:\/\/www.smile-labfurniture.com\/#\/schema\/logo\/image\/\",\"url\":\"https:\/\/www.smile-labfurniture.com\/wp-content\/uploads\/2020\/06\/QQ_1764744017650.png\",\"contentUrl\":\"https:\/\/www.smile-labfurniture.com\/wp-content\/uploads\/2020\/06\/QQ_1764744017650.png\",\"width\":355,\"height\":48,\"caption\":\"SMILELAB\"},\"image\":{\"@id\":\"https:\/\/www.smile-labfurniture.com\/#\/schema\/logo\/image\/\"},\"sameAs\":[\"https:\/\/www.facebook.com\/share\/1DxYQBbYb1\/?mibextid=wwXIfr\"]}]}<\/script>\n<!-- \/ Yoast SEO plugin. -->","yoast_head_json":{"title":"Stainless steel laboratory furniture - SMILELAB","robots":{"index":"index","follow":"follow","max-snippet":"max-snippet:-1","max-image-preview":"max-image-preview:large","max-video-preview":"max-video-preview:-1"},"canonical":"https:\/\/www.smile-labfurniture.com\/fr\/produit\/5024\/","og_locale":"fr_FR","og_type":"article","og_title":"Stainless steel laboratory furniture - SMILELAB","og_description":"Can customize your specifications","og_url":"https:\/\/www.smile-labfurniture.com\/fr\/produit\/5024\/","og_site_name":"SMILELAB","article_publisher":"https:\/\/www.facebook.com\/share\/1DxYQBbYb1\/?mibextid=wwXIfr","article_modified_time":"2026-01-23T03:49:42+00:00","og_image":[{"width":4736,"height":3552,"url":"https:\/\/www.smile-labfurniture.com\/wp-content\/uploads\/2025\/12\/ef1536d960cc62bb35e7483fdeeb6e90.webp","type":"image\/webp"}],"twitter_card":"summary_large_image","twitter_misc":{"Dur\u00e9e de lecture estim\u00e9e":"3 minutes"},"schema":{"@context":"https:\/\/schema.org","@graph":[{"@type":"WebPage","@id":"https:\/\/www.smile-labfurniture.com\/product\/5024\/","url":"https:\/\/www.smile-labfurniture.com\/product\/5024\/","name":"Stainless steel laboratory furniture - SMILELAB","isPartOf":{"@id":"https:\/\/www.smile-labfurniture.com\/#website"},"primaryImageOfPage":{"@id":"https:\/\/www.smile-labfurniture.com\/product\/5024\/#primaryimage"},"image":{"@id":"https:\/\/www.smile-labfurniture.com\/product\/5024\/#primaryimage"},"thumbnailUrl":"https:\/\/www.smile-labfurniture.com\/wp-content\/uploads\/2025\/12\/ef1536d960cc62bb35e7483fdeeb6e90.webp","datePublished":"2025-12-21T09:12:52+00:00","dateModified":"2026-01-23T03:49:42+00:00","breadcrumb":{"@id":"https:\/\/www.smile-labfurniture.com\/product\/5024\/#breadcrumb"},"inLanguage":"fr-FR","potentialAction":[{"@type":"ReadAction","target":["https:\/\/www.smile-labfurniture.com\/product\/5024\/"]}]},{"@type":"ImageObject","inLanguage":"fr-FR","@id":"https:\/\/www.smile-labfurniture.com\/product\/5024\/#primaryimage","url":"https:\/\/www.smile-labfurniture.com\/wp-content\/uploads\/2025\/12\/ef1536d960cc62bb35e7483fdeeb6e90.webp","contentUrl":"https:\/\/www.smile-labfurniture.com\/wp-content\/uploads\/2025\/12\/ef1536d960cc62bb35e7483fdeeb6e90.webp","width":4736,"height":3552},{"@type":"BreadcrumbList","@id":"https:\/\/www.smile-labfurniture.com\/product\/5024\/#breadcrumb","itemListElement":[{"@type":"ListItem","position":1,"name":"\u9996\u9875","item":"https:\/\/www.smile-labfurniture.com\/"},{"@type":"ListItem","position":2,"name":"Shop","item":"https:\/\/www.smile-labfurniture.com\/shop\/"},{"@type":"ListItem","position":3,"name":"Stainless steel laboratory furniture"}]},{"@type":"WebSite","@id":"https:\/\/www.smile-labfurniture.com\/#website","url":"https:\/\/www.smile-labfurniture.com\/","name":"SMILELAB","description":"","publisher":{"@id":"https:\/\/www.smile-labfurniture.com\/#organization"},"potentialAction":[{"@type":"SearchAction","target":{"@type":"EntryPoint","urlTemplate":"https:\/\/www.smile-labfurniture.com\/?s={search_term_string}"},"query-input":{"@type":"PropertyValueSpecification","valueRequired":true,"valueName":"search_term_string"}}],"inLanguage":"fr-FR"},{"@type":"Organization","@id":"https:\/\/www.smile-labfurniture.com\/#organization","name":"SMILELAB","url":"https:\/\/www.smile-labfurniture.com\/","logo":{"@type":"ImageObject","inLanguage":"fr-FR","@id":"https:\/\/www.smile-labfurniture.com\/#\/schema\/logo\/image\/","url":"https:\/\/www.smile-labfurniture.com\/wp-content\/uploads\/2020\/06\/QQ_1764744017650.png","contentUrl":"https:\/\/www.smile-labfurniture.com\/wp-content\/uploads\/2020\/06\/QQ_1764744017650.png","width":355,"height":48,"caption":"SMILELAB"},"image":{"@id":"https:\/\/www.smile-labfurniture.com\/#\/schema\/logo\/image\/"},"sameAs":["https:\/\/www.facebook.com\/share\/1DxYQBbYb1\/?mibextid=wwXIfr"]}]}},"_links":{"self":[{"href":"https:\/\/www.smile-labfurniture.com\/fr\/wp-json\/wp\/v2\/product\/5024","targetHints":{"allow":["GET"]}}],"collection":[{"href":"https:\/\/www.smile-labfurniture.com\/fr\/wp-json\/wp\/v2\/product"}],"about":[{"href":"https:\/\/www.smile-labfurniture.com\/fr\/wp-json\/wp\/v2\/types\/product"}],"replies":[{"embeddable":true,"href":"https:\/\/www.smile-labfurniture.com\/fr\/wp-json\/wp\/v2\/comments?post=5024"}],"wp:featuredmedia":[{"embeddable":true,"href":"https:\/\/www.smile-labfurniture.com\/fr\/wp-json\/wp\/v2\/media\/5031"}],"wp:attachment":[{"href":"https:\/\/www.smile-labfurniture.com\/fr\/wp-json\/wp\/v2\/media?parent=5024"}],"wp:term":[{"taxonomy":"product_cat","embeddable":true,"href":"https:\/\/www.smile-labfurniture.com\/fr\/wp-json\/wp\/v2\/product_cat?post=5024"},{"taxonomy":"product_tag","embeddable":true,"href":"https:\/\/www.smile-labfurniture.com\/fr\/wp-json\/wp\/v2\/product_tag?post=5024"},{"taxonomy":"product_brand","embeddable":true,"href":"https:\/\/www.smile-labfurniture.com\/fr\/wp-json\/wp\/v2\/product_brand?post=5024"}],"curies":[{"name":"wp","href":"https:\/\/api.w.org\/{rel}","templated":true}]}}