{"id":5003,"date":"2025-12-11T12:29:28","date_gmt":"2025-12-11T12:29:28","guid":{"rendered":"http:\/\/www.smile-labfurniture.com\/?post_type=product&#038;p=5003"},"modified":"2026-01-23T04:04:56","modified_gmt":"2026-01-23T04:04:56","slug":"all-steel-fume-hood","status":"publish","type":"product","link":"https:\/\/www.smile-labfurniture.com\/fr\/produit\/all-steel-fume-hood\/","title":{"rendered":"Hotte en acier"},"content":{"rendered":"<h2 style=\"text-align: center;\"><strong>Hotte en acier<\/strong><\/h2>\n<p>Simple et \u00e9l\u00e9gante, scientifique et s\u00fbre, r\u00e9sistante \u00e0 l'usure et durable, la hotte 2026 offre un grand espace.<\/p>\n<p>1. Hotte de laboratoire<br \/>\nLe mat\u00e9riau de base de la hotte standard est une plaque d'acier lamin\u00e9e \u00e0 froid d'une \u00e9paisseur de 1,2, qui est pli\u00e9e et soud\u00e9e. Apr\u00e8s le traitement nano-c\u00e9ramique, elle est pulv\u00e9ris\u00e9e avec de la poudre \u00e9lectrostatique de r\u00e9sine \u00e9poxy (poudre de marque Aksu), qui est r\u00e9sistante \u00e0 la corrosion et a une forte capacit\u00e9 de charge.<br \/>\n2. Comptoir de ventilation<br \/>\n(1) [Configuration standard] Comptoir en plaques physiques et chimiques American DuPont de 12,7 mm d'\u00e9paisseur \u00e0 noyau solide (double face). Le bord du comptoir est doublement recouvert de plaques de mat\u00e9riaux homog\u00e8nes et \u00e9paissi \u00e0 25,4 mm. Il est trait\u00e9 par des machines \u00e0 commande num\u00e9rique par un fabricant professionnel.<br \/>\n(2) [Configuration optionnelle] Choisissez un comptoir en c\u00e9ramique de 20 mm d'\u00e9paisseur fabriqu\u00e9 en Chine, qui pr\u00e9sente une meilleure r\u00e9sistance aux temp\u00e9ratures \u00e9lev\u00e9es, \u00e0 la corrosion, aux acides et aux alcalis.<br \/>\n(3) [Configuration optionnelle] Utiliser un comptoir en r\u00e9sine \u00e9poxy de 20 mm d'\u00e9paisseur fabriqu\u00e9 en Chine, qui r\u00e9siste aux temp\u00e9ratures \u00e9lev\u00e9es, aux acides et aux alcalis.<br \/>\n3. Panneau de rev\u00eatement de hotte<br \/>\nLe rev\u00eatement int\u00e9rieur est constitu\u00e9 de panneaux anticorrosion, sa r\u00e9sistance \u00e0 la corrosion est conforme aux normes NEMA et sa r\u00e9sistance au feu est conforme aux normes ASTM ; les c\u00f4t\u00e9s gauche et droit sont dot\u00e9s d'orifices de maintenance amovibles. Le rev\u00eatement en PP\/acier inoxydable\/r\u00e9sine \u00e9poxy peut \u00eatre s\u00e9lectionn\u00e9 selon les besoins pour r\u00e9pondre aux diff\u00e9rentes utilisations.<br \/>\n4. Panneau de commande de la hotte<br \/>\nPanneau de commande micro\u00e9lectronique \u00e0 touches tactiles, panneau de commande LCD intelligent en option selon les besoins, avec des fonctions telles que le r\u00e9glage du temps, le r\u00e9glage du vent, la mise en marche et l'arr\u00eat automatiques.<br \/>\n5. Fen\u00eatre de la hotte<br \/>\nUtilisation de 3 pi\u00e8ces de verre, verre de s\u00e9curit\u00e9 tremp\u00e9 de 5 mm d'\u00e9paisseur, combinaison \u00e9quilibr\u00e9e, conception structurelle dissimul\u00e9e.<br \/>\n6. D\u00e9flecteur de hotte<br \/>\nLe syst\u00e8me de d\u00e9rivation \u00e0 trois \u00e9tages a \u00e9t\u00e9 optimis\u00e9 et con\u00e7u pour \u00e9liminer efficacement les gaz d'\u00e9chappement de gravit\u00e9 sp\u00e9cifique diff\u00e9rente.<br \/>\n7. Contrepoids de la hotte<br \/>\nGr\u00e2ce \u00e0 un syst\u00e8me de levage \u00e9quilibr\u00e9 en continu, la fen\u00eatre peut \u00eatre arr\u00eat\u00e9e dans n'importe quelle position.<br \/>\n8. Syst\u00e8me d'aspiration de la hotte<br \/>\nLa hotte d'aspiration r\u00e9duite et le ventilateur PP sont fabriqu\u00e9s en r\u00e9sine \u00e9poxy. Le bruit est inf\u00e9rieur \u00e0 65dBA ; (l'orifice d'\u00e9chappement est \u03c6250, le conduit d'air est un tuyau droit en PVC, et il est \u00e9vacu\u00e9 directement \u00e0 l'ext\u00e9rieur du mur).<br \/>\n9. Prise pour hotte<br \/>\nIl adopte une prise universelle de norme internationale et utilise diverses fiches d'instruments.<br \/>\n10. \u00c9clairage des hottes<br \/>\nUtilisation d'une lampe fluorescente cach\u00e9e de 30W. La surface de travail atteint la norme de luminosit\u00e9 de 450Lux.<br \/>\n11. Sp\u00e9cifications du fabricant de hottes<br \/>\n47\u2033\/59\u2033\/70\u2033 x 35\u2033 x 95\u2033<br \/>\n12. D\u00e9bit d'air de la hotte<br \/>\n47\u2033=1500m\u00b3\/h<br \/>\n59\u2033=1800m\u00b3\/h<br \/>\n70\u2033=2100m\u00b3\/h<\/p>\n<p><img loading=\"lazy\" decoding=\"async\" class=\"alignnone size-full wp-image-5004\" src=\"http:\/\/www.smile-labfurniture.com\/wp-content\/uploads\/2025\/12\/ddde9b3d0531b24fdc66e8a67cfc897-\u526f\u672c1-1.webp\" alt=\"\" width=\"601\" height=\"728\" \/><\/p>","protected":false},"excerpt":{"rendered":"<p>Possibilit\u00e9 de personnaliser vos sp\u00e9cifications<\/p>","protected":false},"featured_media":5004,"comment_status":"closed","ping_status":"closed","template":"","meta":[],"product_cat":[104],"product_tag":[],"product_brand":[],"class_list":["post-5003","product","type-product","status-publish","has-post-thumbnail","hentry","product_cat-fume-hood"],"yoast_head":"<!-- This site is optimized with the Yoast SEO plugin v26.6 - https:\/\/yoast.com\/wordpress\/plugins\/seo\/ -->\n<title>All steel fume hood - SMILELAB<\/title>\n<meta name=\"robots\" content=\"index, follow, max-snippet:-1, max-image-preview:large, max-video-preview:-1\" \/>\n<link rel=\"canonical\" href=\"https:\/\/www.smile-labfurniture.com\/fr\/produit\/all-steel-fume-hood\/\" \/>\n<meta property=\"og:locale\" content=\"fr_FR\" \/>\n<meta property=\"og:type\" content=\"article\" \/>\n<meta property=\"og:title\" content=\"All steel fume hood - SMILELAB\" \/>\n<meta property=\"og:description\" content=\"Can customize your specifications\" \/>\n<meta property=\"og:url\" content=\"https:\/\/www.smile-labfurniture.com\/fr\/produit\/all-steel-fume-hood\/\" \/>\n<meta property=\"og:site_name\" content=\"SMILELAB\" \/>\n<meta property=\"article:publisher\" content=\"https:\/\/www.facebook.com\/share\/1DxYQBbYb1\/?mibextid=wwXIfr\" \/>\n<meta property=\"article:modified_time\" content=\"2026-01-23T04:04:56+00:00\" \/>\n<meta property=\"og:image\" content=\"https:\/\/www.smile-labfurniture.com\/wp-content\/uploads\/2025\/12\/ddde9b3d0531b24fdc66e8a67cfc897-\u526f\u672c1-1.webp\" \/>\n\t<meta property=\"og:image:width\" content=\"601\" \/>\n\t<meta property=\"og:image:height\" content=\"728\" \/>\n\t<meta property=\"og:image:type\" content=\"image\/webp\" \/>\n<meta name=\"twitter:card\" content=\"summary_large_image\" \/>\n<meta name=\"twitter:label1\" content=\"Dur\u00e9e de lecture estim\u00e9e\" \/>\n\t<meta name=\"twitter:data1\" content=\"3 minutes\" \/>\n<script type=\"application\/ld+json\" class=\"yoast-schema-graph\">{\"@context\":\"https:\/\/schema.org\",\"@graph\":[{\"@type\":\"WebPage\",\"@id\":\"https:\/\/www.smile-labfurniture.com\/product\/all-steel-fume-hood\/\",\"url\":\"https:\/\/www.smile-labfurniture.com\/product\/all-steel-fume-hood\/\",\"name\":\"All steel fume hood - SMILELAB\",\"isPartOf\":{\"@id\":\"https:\/\/www.smile-labfurniture.com\/#website\"},\"primaryImageOfPage\":{\"@id\":\"https:\/\/www.smile-labfurniture.com\/product\/all-steel-fume-hood\/#primaryimage\"},\"image\":{\"@id\":\"https:\/\/www.smile-labfurniture.com\/product\/all-steel-fume-hood\/#primaryimage\"},\"thumbnailUrl\":\"https:\/\/www.smile-labfurniture.com\/wp-content\/uploads\/2025\/12\/ddde9b3d0531b24fdc66e8a67cfc897-\u526f\u672c1-1.webp\",\"datePublished\":\"2025-12-11T12:29:28+00:00\",\"dateModified\":\"2026-01-23T04:04:56+00:00\",\"breadcrumb\":{\"@id\":\"https:\/\/www.smile-labfurniture.com\/product\/all-steel-fume-hood\/#breadcrumb\"},\"inLanguage\":\"fr-FR\",\"potentialAction\":[{\"@type\":\"ReadAction\",\"target\":[\"https:\/\/www.smile-labfurniture.com\/product\/all-steel-fume-hood\/\"]}]},{\"@type\":\"ImageObject\",\"inLanguage\":\"fr-FR\",\"@id\":\"https:\/\/www.smile-labfurniture.com\/product\/all-steel-fume-hood\/#primaryimage\",\"url\":\"https:\/\/www.smile-labfurniture.com\/wp-content\/uploads\/2025\/12\/ddde9b3d0531b24fdc66e8a67cfc897-\u526f\u672c1-1.webp\",\"contentUrl\":\"https:\/\/www.smile-labfurniture.com\/wp-content\/uploads\/2025\/12\/ddde9b3d0531b24fdc66e8a67cfc897-\u526f\u672c1-1.webp\",\"width\":601,\"height\":728},{\"@type\":\"BreadcrumbList\",\"@id\":\"https:\/\/www.smile-labfurniture.com\/product\/all-steel-fume-hood\/#breadcrumb\",\"itemListElement\":[{\"@type\":\"ListItem\",\"position\":1,\"name\":\"\u9996\u9875\",\"item\":\"https:\/\/www.smile-labfurniture.com\/\"},{\"@type\":\"ListItem\",\"position\":2,\"name\":\"Shop\",\"item\":\"https:\/\/www.smile-labfurniture.com\/shop\/\"},{\"@type\":\"ListItem\",\"position\":3,\"name\":\"All steel fume hood\"}]},{\"@type\":\"WebSite\",\"@id\":\"https:\/\/www.smile-labfurniture.com\/#website\",\"url\":\"https:\/\/www.smile-labfurniture.com\/\",\"name\":\"SMILELAB\",\"description\":\"\",\"publisher\":{\"@id\":\"https:\/\/www.smile-labfurniture.com\/#organization\"},\"potentialAction\":[{\"@type\":\"SearchAction\",\"target\":{\"@type\":\"EntryPoint\",\"urlTemplate\":\"https:\/\/www.smile-labfurniture.com\/?s={search_term_string}\"},\"query-input\":{\"@type\":\"PropertyValueSpecification\",\"valueRequired\":true,\"valueName\":\"search_term_string\"}}],\"inLanguage\":\"fr-FR\"},{\"@type\":\"Organization\",\"@id\":\"https:\/\/www.smile-labfurniture.com\/#organization\",\"name\":\"SMILELAB\",\"url\":\"https:\/\/www.smile-labfurniture.com\/\",\"logo\":{\"@type\":\"ImageObject\",\"inLanguage\":\"fr-FR\",\"@id\":\"https:\/\/www.smile-labfurniture.com\/#\/schema\/logo\/image\/\",\"url\":\"https:\/\/www.smile-labfurniture.com\/wp-content\/uploads\/2020\/06\/QQ_1764744017650.png\",\"contentUrl\":\"https:\/\/www.smile-labfurniture.com\/wp-content\/uploads\/2020\/06\/QQ_1764744017650.png\",\"width\":355,\"height\":48,\"caption\":\"SMILELAB\"},\"image\":{\"@id\":\"https:\/\/www.smile-labfurniture.com\/#\/schema\/logo\/image\/\"},\"sameAs\":[\"https:\/\/www.facebook.com\/share\/1DxYQBbYb1\/?mibextid=wwXIfr\"]}]}<\/script>\n<!-- \/ Yoast SEO plugin. -->","yoast_head_json":{"title":"All steel fume hood - SMILELAB","robots":{"index":"index","follow":"follow","max-snippet":"max-snippet:-1","max-image-preview":"max-image-preview:large","max-video-preview":"max-video-preview:-1"},"canonical":"https:\/\/www.smile-labfurniture.com\/fr\/produit\/all-steel-fume-hood\/","og_locale":"fr_FR","og_type":"article","og_title":"All steel fume hood - SMILELAB","og_description":"Can customize your specifications","og_url":"https:\/\/www.smile-labfurniture.com\/fr\/produit\/all-steel-fume-hood\/","og_site_name":"SMILELAB","article_publisher":"https:\/\/www.facebook.com\/share\/1DxYQBbYb1\/?mibextid=wwXIfr","article_modified_time":"2026-01-23T04:04:56+00:00","og_image":[{"width":601,"height":728,"url":"https:\/\/www.smile-labfurniture.com\/wp-content\/uploads\/2025\/12\/ddde9b3d0531b24fdc66e8a67cfc897-\u526f\u672c1-1.webp","type":"image\/webp"}],"twitter_card":"summary_large_image","twitter_misc":{"Dur\u00e9e de lecture estim\u00e9e":"3 minutes"},"schema":{"@context":"https:\/\/schema.org","@graph":[{"@type":"WebPage","@id":"https:\/\/www.smile-labfurniture.com\/product\/all-steel-fume-hood\/","url":"https:\/\/www.smile-labfurniture.com\/product\/all-steel-fume-hood\/","name":"All steel fume hood - SMILELAB","isPartOf":{"@id":"https:\/\/www.smile-labfurniture.com\/#website"},"primaryImageOfPage":{"@id":"https:\/\/www.smile-labfurniture.com\/product\/all-steel-fume-hood\/#primaryimage"},"image":{"@id":"https:\/\/www.smile-labfurniture.com\/product\/all-steel-fume-hood\/#primaryimage"},"thumbnailUrl":"https:\/\/www.smile-labfurniture.com\/wp-content\/uploads\/2025\/12\/ddde9b3d0531b24fdc66e8a67cfc897-\u526f\u672c1-1.webp","datePublished":"2025-12-11T12:29:28+00:00","dateModified":"2026-01-23T04:04:56+00:00","breadcrumb":{"@id":"https:\/\/www.smile-labfurniture.com\/product\/all-steel-fume-hood\/#breadcrumb"},"inLanguage":"fr-FR","potentialAction":[{"@type":"ReadAction","target":["https:\/\/www.smile-labfurniture.com\/product\/all-steel-fume-hood\/"]}]},{"@type":"ImageObject","inLanguage":"fr-FR","@id":"https:\/\/www.smile-labfurniture.com\/product\/all-steel-fume-hood\/#primaryimage","url":"https:\/\/www.smile-labfurniture.com\/wp-content\/uploads\/2025\/12\/ddde9b3d0531b24fdc66e8a67cfc897-\u526f\u672c1-1.webp","contentUrl":"https:\/\/www.smile-labfurniture.com\/wp-content\/uploads\/2025\/12\/ddde9b3d0531b24fdc66e8a67cfc897-\u526f\u672c1-1.webp","width":601,"height":728},{"@type":"BreadcrumbList","@id":"https:\/\/www.smile-labfurniture.com\/product\/all-steel-fume-hood\/#breadcrumb","itemListElement":[{"@type":"ListItem","position":1,"name":"\u9996\u9875","item":"https:\/\/www.smile-labfurniture.com\/"},{"@type":"ListItem","position":2,"name":"Shop","item":"https:\/\/www.smile-labfurniture.com\/shop\/"},{"@type":"ListItem","position":3,"name":"All steel fume hood"}]},{"@type":"WebSite","@id":"https:\/\/www.smile-labfurniture.com\/#website","url":"https:\/\/www.smile-labfurniture.com\/","name":"SMILELAB","description":"","publisher":{"@id":"https:\/\/www.smile-labfurniture.com\/#organization"},"potentialAction":[{"@type":"SearchAction","target":{"@type":"EntryPoint","urlTemplate":"https:\/\/www.smile-labfurniture.com\/?s={search_term_string}"},"query-input":{"@type":"PropertyValueSpecification","valueRequired":true,"valueName":"search_term_string"}}],"inLanguage":"fr-FR"},{"@type":"Organization","@id":"https:\/\/www.smile-labfurniture.com\/#organization","name":"SMILELAB","url":"https:\/\/www.smile-labfurniture.com\/","logo":{"@type":"ImageObject","inLanguage":"fr-FR","@id":"https:\/\/www.smile-labfurniture.com\/#\/schema\/logo\/image\/","url":"https:\/\/www.smile-labfurniture.com\/wp-content\/uploads\/2020\/06\/QQ_1764744017650.png","contentUrl":"https:\/\/www.smile-labfurniture.com\/wp-content\/uploads\/2020\/06\/QQ_1764744017650.png","width":355,"height":48,"caption":"SMILELAB"},"image":{"@id":"https:\/\/www.smile-labfurniture.com\/#\/schema\/logo\/image\/"},"sameAs":["https:\/\/www.facebook.com\/share\/1DxYQBbYb1\/?mibextid=wwXIfr"]}]}},"_links":{"self":[{"href":"https:\/\/www.smile-labfurniture.com\/fr\/wp-json\/wp\/v2\/product\/5003","targetHints":{"allow":["GET"]}}],"collection":[{"href":"https:\/\/www.smile-labfurniture.com\/fr\/wp-json\/wp\/v2\/product"}],"about":[{"href":"https:\/\/www.smile-labfurniture.com\/fr\/wp-json\/wp\/v2\/types\/product"}],"replies":[{"embeddable":true,"href":"https:\/\/www.smile-labfurniture.com\/fr\/wp-json\/wp\/v2\/comments?post=5003"}],"wp:featuredmedia":[{"embeddable":true,"href":"https:\/\/www.smile-labfurniture.com\/fr\/wp-json\/wp\/v2\/media\/5004"}],"wp:attachment":[{"href":"https:\/\/www.smile-labfurniture.com\/fr\/wp-json\/wp\/v2\/media?parent=5003"}],"wp:term":[{"taxonomy":"product_cat","embeddable":true,"href":"https:\/\/www.smile-labfurniture.com\/fr\/wp-json\/wp\/v2\/product_cat?post=5003"},{"taxonomy":"product_tag","embeddable":true,"href":"https:\/\/www.smile-labfurniture.com\/fr\/wp-json\/wp\/v2\/product_tag?post=5003"},{"taxonomy":"product_brand","embeddable":true,"href":"https:\/\/www.smile-labfurniture.com\/fr\/wp-json\/wp\/v2\/product_brand?post=5003"}],"curies":[{"name":"wp","href":"https:\/\/api.w.org\/{rel}","templated":true}]}}