{"id":4997,"date":"2025-12-11T11:48:53","date_gmt":"2025-12-11T11:48:53","guid":{"rendered":"http:\/\/www.smile-labfurniture.com\/?post_type=product&#038;p=4997"},"modified":"2026-01-23T04:05:29","modified_gmt":"2026-01-23T04:05:29","slug":"alcove-cabinet-white-laboratory-furniture","status":"publish","type":"product","link":"https:\/\/www.smile-labfurniture.com\/fr\/produit\/alcove-cabinet-white-laboratory-furniture\/","title":{"rendered":"Armoire \u00e0 alc\u00f4ve blanc mobilier de laboratoire"},"content":{"rendered":"<h2 style=\"text-align: center;\">armoire d'alc\u00f4ve blanc mobilier de laboratoire<\/h2>\n<h2 style=\"text-align: left;\">Les armoires du milieu et du bas sont en retrait de 5,9 pouces.<\/h2>\n<p>1. Plan de travail : en option<br \/>\n(1) [Configuration standard] Comptoir en carton physique et chimique am\u00e9ricain DuPont de 12,7 mm d'\u00e9paisseur \u00e0 \u00e2me pleine (double face). Le bord du comptoir est constitu\u00e9 de plaques de mat\u00e9riau homog\u00e8ne \u00e0 double couche, d'une \u00e9paisseur de 25,4 mm. Il est trait\u00e9 par des fabricants professionnels \u00e0 l'aide de machines CNC.<br \/>\n(2) [Configuration optionnelle] Utiliser des comptoirs en c\u00e9ramique domestique de 20 mm d'\u00e9paisseur, qui pr\u00e9sentent une meilleure r\u00e9sistance aux temp\u00e9ratures \u00e9lev\u00e9es, \u00e0 la corrosion, aux acides et aux alcalis.<br \/>\n(3) [Configuration optionnelle] Utilisation d'un comptoir domestique en r\u00e9sine \u00e9poxy de 20 mm d'\u00e9paisseur, r\u00e9sistant aux temp\u00e9ratures \u00e9lev\u00e9es, aux acides et aux alcalis.<br \/>\n2. Description de l'ensemble de l'armoire : La coque ext\u00e9rieure est fabriqu\u00e9e en t\u00f4le d'acier galvanis\u00e9 de haute qualit\u00e9 de 1,0 mm, qui est d\u00e9coup\u00e9e, positionn\u00e9e, poin\u00e7onn\u00e9e, pli\u00e9e et soud\u00e9e dans un centre d'usinage \u00e0 commande num\u00e9rique. Apr\u00e8s d\u00e9capage et phosphatation, la poudre de r\u00e9sine \u00e9poxy est pulv\u00e9ris\u00e9e, cuite et solidifi\u00e9e \u00e0 haute temp\u00e9rature.<br \/>\nIl pr\u00e9sente les caract\u00e9ristiques suivantes : forte adh\u00e9rence, grande duret\u00e9 de surface, forte r\u00e9sistance \u00e0 la corrosion et bel aspect.<br \/>\n3. Rail de glissement : \u00e9paisseur de paroi de 1,5, base portante en trois sections, rail de glissement silencieux de 400 mm de long. Il est tr\u00e8s souple et peut \u00eatre tir\u00e9 120 000 fois ;<br \/>\n4. Charni\u00e8re : charni\u00e8re interne\/externe en acier inoxydable, angle d'ouverture de 90 degr\u00e9s ;<br \/>\n5. Description du pied de r\u00e9glage : Le pied de r\u00e9glage moul\u00e9 par injection d'un diam\u00e8tre de \u03c68mm est utilis\u00e9, il est r\u00e9sistant aux chocs, \u00e0 l'humidit\u00e9 et \u00e0 la corrosion.<br \/>\nCorrosion, la hauteur de l'armoire peut \u00eatre ajust\u00e9e en fonction du sol int\u00e9rieur, avec un ajustement maximum de 0-20mm.<br \/>\n6. Description du processus : Apr\u00e8s que toutes les plaques d'acier ont \u00e9t\u00e9 soud\u00e9es et pulv\u00e9ris\u00e9es avec de la poudre de r\u00e9sine \u00e9poxy, elles sont visuellement lisses et ne pr\u00e9sentent pas de joints de soudure. Tous les circuits d'eau, d'\u00e9lectricit\u00e9 et de gaz doivent \u00eatre install\u00e9s de mani\u00e8re s\u00fbre, appropri\u00e9e et dissimul\u00e9e. Le panneau arri\u00e8re de l'armoire comporte des trous de maintenance.<br \/>\n7. Le meuble inf\u00e9rieur (meuble bas ordinaire) et le panneau de porte sont fabriqu\u00e9s en t\u00f4le d'acier galvanis\u00e9 de haute qualit\u00e9 de 1,0 mm (double couche), assembl\u00e9s sans soudure et \u00e9quip\u00e9s de coussins amortisseurs amovibles. Ils sont form\u00e9s, coup\u00e9s, positionn\u00e9s, poin\u00e7onn\u00e9s, pli\u00e9s et soud\u00e9s dans des centres d'usinage CNC.<br \/>\nApr\u00e8s d\u00e9capage et phosphatation, la poudre de r\u00e9sine \u00e9poxy est pulv\u00e9ris\u00e9e, cuite et durcie \u00e0 haute temp\u00e9rature.<\/p>\n<p><img loading=\"lazy\" decoding=\"async\" class=\"alignnone size-full wp-image-4998\" src=\"http:\/\/www.smile-labfurniture.com\/wp-content\/uploads\/2025\/12\/\u672a\u547d\u540d\u65b9\u6848-\u672a\u547d\u540d-20251208-121018.webp\" alt=\"\" width=\"6000\" height=\"4500\" \/><\/p>","protected":false},"excerpt":{"rendered":"<h4><strong>Possibilit\u00e9 de personnaliser vos sp\u00e9cifications<\/strong><\/h4>","protected":false},"featured_media":4998,"comment_status":"closed","ping_status":"closed","template":"","meta":[],"product_cat":[15],"product_tag":[],"product_brand":[],"class_list":["post-4997","product","type-product","status-publish","has-post-thumbnail","hentry","product_cat-laboratory-furniture"],"yoast_head":"<!-- This site is optimized with the Yoast SEO plugin v26.6 - https:\/\/yoast.com\/wordpress\/plugins\/seo\/ -->\n<title>Alcove cabinet white laboratory furniture - SMILELAB<\/title>\n<meta name=\"robots\" content=\"index, follow, max-snippet:-1, max-image-preview:large, max-video-preview:-1\" \/>\n<link rel=\"canonical\" href=\"https:\/\/www.smile-labfurniture.com\/fr\/produit\/alcove-cabinet-white-laboratory-furniture\/\" \/>\n<meta property=\"og:locale\" content=\"fr_FR\" \/>\n<meta property=\"og:type\" content=\"article\" \/>\n<meta property=\"og:title\" content=\"Alcove cabinet white laboratory furniture - SMILELAB\" \/>\n<meta property=\"og:description\" content=\"Can customize your specifications\" \/>\n<meta property=\"og:url\" content=\"https:\/\/www.smile-labfurniture.com\/fr\/produit\/alcove-cabinet-white-laboratory-furniture\/\" \/>\n<meta property=\"og:site_name\" content=\"SMILELAB\" \/>\n<meta property=\"article:publisher\" content=\"https:\/\/www.facebook.com\/share\/1DxYQBbYb1\/?mibextid=wwXIfr\" \/>\n<meta property=\"article:modified_time\" content=\"2026-01-23T04:05:29+00:00\" \/>\n<meta property=\"og:image\" content=\"https:\/\/www.smile-labfurniture.com\/wp-content\/uploads\/2025\/12\/\u672a\u547d\u540d\u65b9\u6848-\u672a\u547d\u540d-20251208-121018.webp\" \/>\n\t<meta property=\"og:image:width\" content=\"6000\" \/>\n\t<meta property=\"og:image:height\" content=\"4500\" \/>\n\t<meta property=\"og:image:type\" content=\"image\/webp\" \/>\n<meta name=\"twitter:card\" content=\"summary_large_image\" \/>\n<meta name=\"twitter:label1\" content=\"Dur\u00e9e de lecture estim\u00e9e\" \/>\n\t<meta name=\"twitter:data1\" content=\"3 minutes\" \/>\n<script type=\"application\/ld+json\" class=\"yoast-schema-graph\">{\"@context\":\"https:\/\/schema.org\",\"@graph\":[{\"@type\":\"WebPage\",\"@id\":\"https:\/\/www.smile-labfurniture.com\/product\/alcove-cabinet-white-laboratory-furniture\/\",\"url\":\"https:\/\/www.smile-labfurniture.com\/product\/alcove-cabinet-white-laboratory-furniture\/\",\"name\":\"Alcove cabinet white laboratory furniture - SMILELAB\",\"isPartOf\":{\"@id\":\"https:\/\/www.smile-labfurniture.com\/#website\"},\"primaryImageOfPage\":{\"@id\":\"https:\/\/www.smile-labfurniture.com\/product\/alcove-cabinet-white-laboratory-furniture\/#primaryimage\"},\"image\":{\"@id\":\"https:\/\/www.smile-labfurniture.com\/product\/alcove-cabinet-white-laboratory-furniture\/#primaryimage\"},\"thumbnailUrl\":\"https:\/\/www.smile-labfurniture.com\/wp-content\/uploads\/2025\/12\/\u672a\u547d\u540d\u65b9\u6848-\u672a\u547d\u540d-20251208-121018.webp\",\"datePublished\":\"2025-12-11T11:48:53+00:00\",\"dateModified\":\"2026-01-23T04:05:29+00:00\",\"breadcrumb\":{\"@id\":\"https:\/\/www.smile-labfurniture.com\/product\/alcove-cabinet-white-laboratory-furniture\/#breadcrumb\"},\"inLanguage\":\"fr-FR\",\"potentialAction\":[{\"@type\":\"ReadAction\",\"target\":[\"https:\/\/www.smile-labfurniture.com\/product\/alcove-cabinet-white-laboratory-furniture\/\"]}]},{\"@type\":\"ImageObject\",\"inLanguage\":\"fr-FR\",\"@id\":\"https:\/\/www.smile-labfurniture.com\/product\/alcove-cabinet-white-laboratory-furniture\/#primaryimage\",\"url\":\"https:\/\/www.smile-labfurniture.com\/wp-content\/uploads\/2025\/12\/\u672a\u547d\u540d\u65b9\u6848-\u672a\u547d\u540d-20251208-121018.webp\",\"contentUrl\":\"https:\/\/www.smile-labfurniture.com\/wp-content\/uploads\/2025\/12\/\u672a\u547d\u540d\u65b9\u6848-\u672a\u547d\u540d-20251208-121018.webp\",\"width\":6000,\"height\":4500},{\"@type\":\"BreadcrumbList\",\"@id\":\"https:\/\/www.smile-labfurniture.com\/product\/alcove-cabinet-white-laboratory-furniture\/#breadcrumb\",\"itemListElement\":[{\"@type\":\"ListItem\",\"position\":1,\"name\":\"\u9996\u9875\",\"item\":\"https:\/\/www.smile-labfurniture.com\/\"},{\"@type\":\"ListItem\",\"position\":2,\"name\":\"Shop\",\"item\":\"https:\/\/www.smile-labfurniture.com\/shop\/\"},{\"@type\":\"ListItem\",\"position\":3,\"name\":\"Alcove cabinet white laboratory furniture\"}]},{\"@type\":\"WebSite\",\"@id\":\"https:\/\/www.smile-labfurniture.com\/#website\",\"url\":\"https:\/\/www.smile-labfurniture.com\/\",\"name\":\"SMILELAB\",\"description\":\"\",\"publisher\":{\"@id\":\"https:\/\/www.smile-labfurniture.com\/#organization\"},\"potentialAction\":[{\"@type\":\"SearchAction\",\"target\":{\"@type\":\"EntryPoint\",\"urlTemplate\":\"https:\/\/www.smile-labfurniture.com\/?s={search_term_string}\"},\"query-input\":{\"@type\":\"PropertyValueSpecification\",\"valueRequired\":true,\"valueName\":\"search_term_string\"}}],\"inLanguage\":\"fr-FR\"},{\"@type\":\"Organization\",\"@id\":\"https:\/\/www.smile-labfurniture.com\/#organization\",\"name\":\"SMILELAB\",\"url\":\"https:\/\/www.smile-labfurniture.com\/\",\"logo\":{\"@type\":\"ImageObject\",\"inLanguage\":\"fr-FR\",\"@id\":\"https:\/\/www.smile-labfurniture.com\/#\/schema\/logo\/image\/\",\"url\":\"https:\/\/www.smile-labfurniture.com\/wp-content\/uploads\/2020\/06\/QQ_1764744017650.png\",\"contentUrl\":\"https:\/\/www.smile-labfurniture.com\/wp-content\/uploads\/2020\/06\/QQ_1764744017650.png\",\"width\":355,\"height\":48,\"caption\":\"SMILELAB\"},\"image\":{\"@id\":\"https:\/\/www.smile-labfurniture.com\/#\/schema\/logo\/image\/\"},\"sameAs\":[\"https:\/\/www.facebook.com\/share\/1DxYQBbYb1\/?mibextid=wwXIfr\"]}]}<\/script>\n<!-- \/ Yoast SEO plugin. -->","yoast_head_json":{"title":"Alcove cabinet white laboratory furniture - SMILELAB","robots":{"index":"index","follow":"follow","max-snippet":"max-snippet:-1","max-image-preview":"max-image-preview:large","max-video-preview":"max-video-preview:-1"},"canonical":"https:\/\/www.smile-labfurniture.com\/fr\/produit\/alcove-cabinet-white-laboratory-furniture\/","og_locale":"fr_FR","og_type":"article","og_title":"Alcove cabinet white laboratory furniture - SMILELAB","og_description":"Can customize your specifications","og_url":"https:\/\/www.smile-labfurniture.com\/fr\/produit\/alcove-cabinet-white-laboratory-furniture\/","og_site_name":"SMILELAB","article_publisher":"https:\/\/www.facebook.com\/share\/1DxYQBbYb1\/?mibextid=wwXIfr","article_modified_time":"2026-01-23T04:05:29+00:00","og_image":[{"width":6000,"height":4500,"url":"https:\/\/www.smile-labfurniture.com\/wp-content\/uploads\/2025\/12\/\u672a\u547d\u540d\u65b9\u6848-\u672a\u547d\u540d-20251208-121018.webp","type":"image\/webp"}],"twitter_card":"summary_large_image","twitter_misc":{"Dur\u00e9e de lecture estim\u00e9e":"3 minutes"},"schema":{"@context":"https:\/\/schema.org","@graph":[{"@type":"WebPage","@id":"https:\/\/www.smile-labfurniture.com\/product\/alcove-cabinet-white-laboratory-furniture\/","url":"https:\/\/www.smile-labfurniture.com\/product\/alcove-cabinet-white-laboratory-furniture\/","name":"Alcove cabinet white laboratory furniture - SMILELAB","isPartOf":{"@id":"https:\/\/www.smile-labfurniture.com\/#website"},"primaryImageOfPage":{"@id":"https:\/\/www.smile-labfurniture.com\/product\/alcove-cabinet-white-laboratory-furniture\/#primaryimage"},"image":{"@id":"https:\/\/www.smile-labfurniture.com\/product\/alcove-cabinet-white-laboratory-furniture\/#primaryimage"},"thumbnailUrl":"https:\/\/www.smile-labfurniture.com\/wp-content\/uploads\/2025\/12\/\u672a\u547d\u540d\u65b9\u6848-\u672a\u547d\u540d-20251208-121018.webp","datePublished":"2025-12-11T11:48:53+00:00","dateModified":"2026-01-23T04:05:29+00:00","breadcrumb":{"@id":"https:\/\/www.smile-labfurniture.com\/product\/alcove-cabinet-white-laboratory-furniture\/#breadcrumb"},"inLanguage":"fr-FR","potentialAction":[{"@type":"ReadAction","target":["https:\/\/www.smile-labfurniture.com\/product\/alcove-cabinet-white-laboratory-furniture\/"]}]},{"@type":"ImageObject","inLanguage":"fr-FR","@id":"https:\/\/www.smile-labfurniture.com\/product\/alcove-cabinet-white-laboratory-furniture\/#primaryimage","url":"https:\/\/www.smile-labfurniture.com\/wp-content\/uploads\/2025\/12\/\u672a\u547d\u540d\u65b9\u6848-\u672a\u547d\u540d-20251208-121018.webp","contentUrl":"https:\/\/www.smile-labfurniture.com\/wp-content\/uploads\/2025\/12\/\u672a\u547d\u540d\u65b9\u6848-\u672a\u547d\u540d-20251208-121018.webp","width":6000,"height":4500},{"@type":"BreadcrumbList","@id":"https:\/\/www.smile-labfurniture.com\/product\/alcove-cabinet-white-laboratory-furniture\/#breadcrumb","itemListElement":[{"@type":"ListItem","position":1,"name":"\u9996\u9875","item":"https:\/\/www.smile-labfurniture.com\/"},{"@type":"ListItem","position":2,"name":"Shop","item":"https:\/\/www.smile-labfurniture.com\/shop\/"},{"@type":"ListItem","position":3,"name":"Alcove cabinet white laboratory furniture"}]},{"@type":"WebSite","@id":"https:\/\/www.smile-labfurniture.com\/#website","url":"https:\/\/www.smile-labfurniture.com\/","name":"SMILELAB","description":"","publisher":{"@id":"https:\/\/www.smile-labfurniture.com\/#organization"},"potentialAction":[{"@type":"SearchAction","target":{"@type":"EntryPoint","urlTemplate":"https:\/\/www.smile-labfurniture.com\/?s={search_term_string}"},"query-input":{"@type":"PropertyValueSpecification","valueRequired":true,"valueName":"search_term_string"}}],"inLanguage":"fr-FR"},{"@type":"Organization","@id":"https:\/\/www.smile-labfurniture.com\/#organization","name":"SMILELAB","url":"https:\/\/www.smile-labfurniture.com\/","logo":{"@type":"ImageObject","inLanguage":"fr-FR","@id":"https:\/\/www.smile-labfurniture.com\/#\/schema\/logo\/image\/","url":"https:\/\/www.smile-labfurniture.com\/wp-content\/uploads\/2020\/06\/QQ_1764744017650.png","contentUrl":"https:\/\/www.smile-labfurniture.com\/wp-content\/uploads\/2020\/06\/QQ_1764744017650.png","width":355,"height":48,"caption":"SMILELAB"},"image":{"@id":"https:\/\/www.smile-labfurniture.com\/#\/schema\/logo\/image\/"},"sameAs":["https:\/\/www.facebook.com\/share\/1DxYQBbYb1\/?mibextid=wwXIfr"]}]}},"_links":{"self":[{"href":"https:\/\/www.smile-labfurniture.com\/fr\/wp-json\/wp\/v2\/product\/4997","targetHints":{"allow":["GET"]}}],"collection":[{"href":"https:\/\/www.smile-labfurniture.com\/fr\/wp-json\/wp\/v2\/product"}],"about":[{"href":"https:\/\/www.smile-labfurniture.com\/fr\/wp-json\/wp\/v2\/types\/product"}],"replies":[{"embeddable":true,"href":"https:\/\/www.smile-labfurniture.com\/fr\/wp-json\/wp\/v2\/comments?post=4997"}],"wp:featuredmedia":[{"embeddable":true,"href":"https:\/\/www.smile-labfurniture.com\/fr\/wp-json\/wp\/v2\/media\/4998"}],"wp:attachment":[{"href":"https:\/\/www.smile-labfurniture.com\/fr\/wp-json\/wp\/v2\/media?parent=4997"}],"wp:term":[{"taxonomy":"product_cat","embeddable":true,"href":"https:\/\/www.smile-labfurniture.com\/fr\/wp-json\/wp\/v2\/product_cat?post=4997"},{"taxonomy":"product_tag","embeddable":true,"href":"https:\/\/www.smile-labfurniture.com\/fr\/wp-json\/wp\/v2\/product_tag?post=4997"},{"taxonomy":"product_brand","embeddable":true,"href":"https:\/\/www.smile-labfurniture.com\/fr\/wp-json\/wp\/v2\/product_brand?post=4997"}],"curies":[{"name":"wp","href":"https:\/\/api.w.org\/{rel}","templated":true}]}}