{"id":4986,"date":"2025-12-11T11:27:21","date_gmt":"2025-12-11T11:27:21","guid":{"rendered":"http:\/\/www.smile-labfurniture.com\/?post_type=product&#038;p=4986"},"modified":"2026-01-23T04:08:08","modified_gmt":"2026-01-23T04:08:08","slug":"white-laboratory-furniture","status":"publish","type":"product","link":"https:\/\/www.smile-labfurniture.com\/fr\/produit\/white-laboratory-furniture\/","title":{"rendered":"Mobilier de laboratoire blanc"},"content":{"rendered":"<p style=\"text-align: center;\">Mobilier de laboratoire blanc<\/p>\n<p>1. Plan de travail : en option<br \/>\n(1) [Configuration standard] Comptoir en plaques physiques et chimiques American DuPont de 12,7 mm d'\u00e9paisseur \u00e0 noyau solide (double face). Le bord du comptoir est doublement recouvert de plaques de mat\u00e9riaux homog\u00e8nes et \u00e9paissi \u00e0 25,4 mm. Il est trait\u00e9 par des machines \u00e0 commande num\u00e9rique par un fabricant professionnel.<br \/>\n(2) [Configuration optionnelle] Choisissez un comptoir en c\u00e9ramique de 20 mm d'\u00e9paisseur fabriqu\u00e9 en Chine, qui pr\u00e9sente une meilleure r\u00e9sistance aux temp\u00e9ratures \u00e9lev\u00e9es, \u00e0 la corrosion, aux acides et aux alcalis.<br \/>\n(3) [Configuration optionnelle] Utiliser un comptoir en r\u00e9sine \u00e9poxy de 20 mm d'\u00e9paisseur fabriqu\u00e9 en Chine, qui r\u00e9siste aux temp\u00e9ratures \u00e9lev\u00e9es, aux acides et aux alcalis.<br \/>\n2. Description de l'ensemble de l'armoire : La coque est fabriqu\u00e9e en t\u00f4le d'acier galvanis\u00e9 de haute qualit\u00e9 de 1,0 mm, qui est d\u00e9coup\u00e9e, positionn\u00e9e, poin\u00e7onn\u00e9e, pli\u00e9e et soud\u00e9e dans un centre d'usinage \u00e0 commande num\u00e9rique. Apr\u00e8s d\u00e9capage et phosphatation, elle est pulv\u00e9ris\u00e9e avec de la poudre de r\u00e9sine \u00e9poxy et cuite \u00e0 haute temp\u00e9rature pour la solidifier.<br \/>\nIl pr\u00e9sente une forte adh\u00e9rence, une grande duret\u00e9 de surface, une forte r\u00e9sistance \u00e0 la corrosion et une belle apparence.<br \/>\n3. Rail de glissement : Il adopte une \u00e9paisseur de paroi de 1,5, une base portante en trois sections et un rail de glissement silencieux de 400 mm de long. Il est tr\u00e8s souple et peut \u00eatre tir\u00e9 120 000 fois ;<br \/>\n4. Charni\u00e8re : charni\u00e8re encastr\u00e9e\/ext\u00e9rieure en acier inoxydable, avec un angle d'ouverture de 90 degr\u00e9s ;<br \/>\n5. Description du pied de r\u00e9glage : Le pied de r\u00e9glage moul\u00e9 par injection d'un diam\u00e8tre de \u03c68mm est utilis\u00e9, il est r\u00e9sistant aux chocs, \u00e0 l'humidit\u00e9 et \u00e0 l'usure.<br \/>\nCorrosion, la hauteur de l'armoire peut \u00eatre r\u00e9gl\u00e9e en fonction du sol int\u00e9rieur, le r\u00e9glage maximal \u00e9tant de 0 \u00e0 20 mm.<br \/>\n6. Description du processus : Apr\u00e8s que toutes les plaques d'acier ont \u00e9t\u00e9 soud\u00e9es et pulv\u00e9ris\u00e9es avec de la poudre de r\u00e9sine \u00e9poxy, elles sont visuellement lisses et ne pr\u00e9sentent pas de joints de soudure. Tous les circuits d'eau, d'\u00e9lectricit\u00e9 et de gaz doivent \u00eatre s\u00fbrs, adapt\u00e9s et install\u00e9s de mani\u00e8re dissimul\u00e9e. Pr\u00e9voir des trous de maintenance sur le panneau arri\u00e8re de l'armoire.<br \/>\n7. L'armoire inf\u00e9rieure (armoire de base g\u00e9n\u00e9rale) et le panneau de porte sont fabriqu\u00e9s en t\u00f4le d'acier galvanis\u00e9 de haute qualit\u00e9 de 1,0 mm (double couche), avec des raccords sans soudure et des tampons amortisseurs amovibles. Il est form\u00e9 dans un centre d'usinage CNC, coup\u00e9, positionn\u00e9 et poin\u00e7onn\u00e9, pli\u00e9 et soud\u00e9.<br \/>\nApr\u00e8s d\u00e9capage et phosphatation, la poudre de r\u00e9sine \u00e9poxy est pulv\u00e9ris\u00e9e et cuite \u00e0 haute temp\u00e9rature pour se solidifier.<br \/>\n<img loading=\"lazy\" decoding=\"async\" class=\"alignnone size-full wp-image-4987\" src=\"http:\/\/www.smile-labfurniture.com\/wp-content\/uploads\/2025\/12\/\u672a\u547d\u540d\u65b9\u6848-\u672a\u547d\u540d-20251208-120924-1.webp\" alt=\"\" width=\"6000\" height=\"4500\" srcset=\"https:\/\/www.smile-labfurniture.com\/wp-content\/uploads\/2025\/12\/\u672a\u547d\u540d\u65b9\u6848-\u672a\u547d\u540d-20251208-120924-1.webp 6000w, https:\/\/www.smile-labfurniture.com\/wp-content\/uploads\/2025\/12\/\u672a\u547d\u540d\u65b9\u6848-\u672a\u547d\u540d-20251208-120924-1-300x225.webp 300w\" sizes=\"auto, (max-width: 6000px) 100vw, 6000px\" \/><img loading=\"lazy\" decoding=\"async\" class=\"alignnone size-full wp-image-4988\" src=\"http:\/\/www.smile-labfurniture.com\/wp-content\/uploads\/2025\/12\/\u672a\u547d\u540d\u65b9\u6848-\u672a\u547d\u540d-20251208-120932-2.webp\" alt=\"\" width=\"5500\" height=\"4125\" \/><\/p>","protected":false},"excerpt":{"rendered":"<p>Possibilit\u00e9 de personnaliser vos sp\u00e9cifications<\/p>","protected":false},"featured_media":4988,"comment_status":"closed","ping_status":"closed","template":"","meta":[],"product_cat":[15],"product_tag":[],"product_brand":[],"class_list":["post-4986","product","type-product","status-publish","has-post-thumbnail","hentry","product_cat-laboratory-furniture"],"yoast_head":"<!-- This site is optimized with the Yoast SEO plugin v26.6 - https:\/\/yoast.com\/wordpress\/plugins\/seo\/ -->\n<title>White-Laboratory Furniture - SMILELAB<\/title>\n<meta name=\"robots\" content=\"index, follow, max-snippet:-1, max-image-preview:large, max-video-preview:-1\" \/>\n<link rel=\"canonical\" href=\"https:\/\/www.smile-labfurniture.com\/fr\/produit\/white-laboratory-furniture\/\" \/>\n<meta property=\"og:locale\" content=\"fr_FR\" \/>\n<meta property=\"og:type\" content=\"article\" \/>\n<meta property=\"og:title\" content=\"White-Laboratory Furniture - SMILELAB\" \/>\n<meta property=\"og:description\" content=\"Can customize your specifications\" \/>\n<meta property=\"og:url\" content=\"https:\/\/www.smile-labfurniture.com\/fr\/produit\/white-laboratory-furniture\/\" \/>\n<meta property=\"og:site_name\" content=\"SMILELAB\" \/>\n<meta property=\"article:publisher\" content=\"https:\/\/www.facebook.com\/share\/1DxYQBbYb1\/?mibextid=wwXIfr\" \/>\n<meta property=\"article:modified_time\" content=\"2026-01-23T04:08:08+00:00\" \/>\n<meta property=\"og:image\" content=\"https:\/\/www.smile-labfurniture.com\/wp-content\/uploads\/2025\/12\/\u672a\u547d\u540d\u65b9\u6848-\u672a\u547d\u540d-20251208-120932-2.webp\" \/>\n\t<meta property=\"og:image:width\" content=\"5500\" \/>\n\t<meta property=\"og:image:height\" content=\"4125\" \/>\n\t<meta property=\"og:image:type\" content=\"image\/webp\" \/>\n<meta name=\"twitter:card\" content=\"summary_large_image\" \/>\n<meta name=\"twitter:label1\" content=\"Dur\u00e9e de lecture estim\u00e9e\" \/>\n\t<meta name=\"twitter:data1\" content=\"3 minutes\" \/>\n<script type=\"application\/ld+json\" class=\"yoast-schema-graph\">{\"@context\":\"https:\/\/schema.org\",\"@graph\":[{\"@type\":\"WebPage\",\"@id\":\"https:\/\/www.smile-labfurniture.com\/product\/white-laboratory-furniture\/\",\"url\":\"https:\/\/www.smile-labfurniture.com\/product\/white-laboratory-furniture\/\",\"name\":\"White-Laboratory Furniture - SMILELAB\",\"isPartOf\":{\"@id\":\"https:\/\/www.smile-labfurniture.com\/#website\"},\"primaryImageOfPage\":{\"@id\":\"https:\/\/www.smile-labfurniture.com\/product\/white-laboratory-furniture\/#primaryimage\"},\"image\":{\"@id\":\"https:\/\/www.smile-labfurniture.com\/product\/white-laboratory-furniture\/#primaryimage\"},\"thumbnailUrl\":\"https:\/\/www.smile-labfurniture.com\/wp-content\/uploads\/2025\/12\/\u672a\u547d\u540d\u65b9\u6848-\u672a\u547d\u540d-20251208-120932-2.webp\",\"datePublished\":\"2025-12-11T11:27:21+00:00\",\"dateModified\":\"2026-01-23T04:08:08+00:00\",\"breadcrumb\":{\"@id\":\"https:\/\/www.smile-labfurniture.com\/product\/white-laboratory-furniture\/#breadcrumb\"},\"inLanguage\":\"fr-FR\",\"potentialAction\":[{\"@type\":\"ReadAction\",\"target\":[\"https:\/\/www.smile-labfurniture.com\/product\/white-laboratory-furniture\/\"]}]},{\"@type\":\"ImageObject\",\"inLanguage\":\"fr-FR\",\"@id\":\"https:\/\/www.smile-labfurniture.com\/product\/white-laboratory-furniture\/#primaryimage\",\"url\":\"https:\/\/www.smile-labfurniture.com\/wp-content\/uploads\/2025\/12\/\u672a\u547d\u540d\u65b9\u6848-\u672a\u547d\u540d-20251208-120932-2.webp\",\"contentUrl\":\"https:\/\/www.smile-labfurniture.com\/wp-content\/uploads\/2025\/12\/\u672a\u547d\u540d\u65b9\u6848-\u672a\u547d\u540d-20251208-120932-2.webp\",\"width\":5500,\"height\":4125},{\"@type\":\"BreadcrumbList\",\"@id\":\"https:\/\/www.smile-labfurniture.com\/product\/white-laboratory-furniture\/#breadcrumb\",\"itemListElement\":[{\"@type\":\"ListItem\",\"position\":1,\"name\":\"\u9996\u9875\",\"item\":\"https:\/\/www.smile-labfurniture.com\/\"},{\"@type\":\"ListItem\",\"position\":2,\"name\":\"Shop\",\"item\":\"https:\/\/www.smile-labfurniture.com\/shop\/\"},{\"@type\":\"ListItem\",\"position\":3,\"name\":\"White-Laboratory Furniture\"}]},{\"@type\":\"WebSite\",\"@id\":\"https:\/\/www.smile-labfurniture.com\/#website\",\"url\":\"https:\/\/www.smile-labfurniture.com\/\",\"name\":\"SMILELAB\",\"description\":\"\",\"publisher\":{\"@id\":\"https:\/\/www.smile-labfurniture.com\/#organization\"},\"potentialAction\":[{\"@type\":\"SearchAction\",\"target\":{\"@type\":\"EntryPoint\",\"urlTemplate\":\"https:\/\/www.smile-labfurniture.com\/?s={search_term_string}\"},\"query-input\":{\"@type\":\"PropertyValueSpecification\",\"valueRequired\":true,\"valueName\":\"search_term_string\"}}],\"inLanguage\":\"fr-FR\"},{\"@type\":\"Organization\",\"@id\":\"https:\/\/www.smile-labfurniture.com\/#organization\",\"name\":\"SMILELAB\",\"url\":\"https:\/\/www.smile-labfurniture.com\/\",\"logo\":{\"@type\":\"ImageObject\",\"inLanguage\":\"fr-FR\",\"@id\":\"https:\/\/www.smile-labfurniture.com\/#\/schema\/logo\/image\/\",\"url\":\"https:\/\/www.smile-labfurniture.com\/wp-content\/uploads\/2020\/06\/QQ_1764744017650.png\",\"contentUrl\":\"https:\/\/www.smile-labfurniture.com\/wp-content\/uploads\/2020\/06\/QQ_1764744017650.png\",\"width\":355,\"height\":48,\"caption\":\"SMILELAB\"},\"image\":{\"@id\":\"https:\/\/www.smile-labfurniture.com\/#\/schema\/logo\/image\/\"},\"sameAs\":[\"https:\/\/www.facebook.com\/share\/1DxYQBbYb1\/?mibextid=wwXIfr\"]}]}<\/script>\n<!-- \/ Yoast SEO plugin. -->","yoast_head_json":{"title":"White-Laboratory Furniture - SMILELAB","robots":{"index":"index","follow":"follow","max-snippet":"max-snippet:-1","max-image-preview":"max-image-preview:large","max-video-preview":"max-video-preview:-1"},"canonical":"https:\/\/www.smile-labfurniture.com\/fr\/produit\/white-laboratory-furniture\/","og_locale":"fr_FR","og_type":"article","og_title":"White-Laboratory Furniture - SMILELAB","og_description":"Can customize your specifications","og_url":"https:\/\/www.smile-labfurniture.com\/fr\/produit\/white-laboratory-furniture\/","og_site_name":"SMILELAB","article_publisher":"https:\/\/www.facebook.com\/share\/1DxYQBbYb1\/?mibextid=wwXIfr","article_modified_time":"2026-01-23T04:08:08+00:00","og_image":[{"width":5500,"height":4125,"url":"https:\/\/www.smile-labfurniture.com\/wp-content\/uploads\/2025\/12\/\u672a\u547d\u540d\u65b9\u6848-\u672a\u547d\u540d-20251208-120932-2.webp","type":"image\/webp"}],"twitter_card":"summary_large_image","twitter_misc":{"Dur\u00e9e de lecture estim\u00e9e":"3 minutes"},"schema":{"@context":"https:\/\/schema.org","@graph":[{"@type":"WebPage","@id":"https:\/\/www.smile-labfurniture.com\/product\/white-laboratory-furniture\/","url":"https:\/\/www.smile-labfurniture.com\/product\/white-laboratory-furniture\/","name":"White-Laboratory Furniture - SMILELAB","isPartOf":{"@id":"https:\/\/www.smile-labfurniture.com\/#website"},"primaryImageOfPage":{"@id":"https:\/\/www.smile-labfurniture.com\/product\/white-laboratory-furniture\/#primaryimage"},"image":{"@id":"https:\/\/www.smile-labfurniture.com\/product\/white-laboratory-furniture\/#primaryimage"},"thumbnailUrl":"https:\/\/www.smile-labfurniture.com\/wp-content\/uploads\/2025\/12\/\u672a\u547d\u540d\u65b9\u6848-\u672a\u547d\u540d-20251208-120932-2.webp","datePublished":"2025-12-11T11:27:21+00:00","dateModified":"2026-01-23T04:08:08+00:00","breadcrumb":{"@id":"https:\/\/www.smile-labfurniture.com\/product\/white-laboratory-furniture\/#breadcrumb"},"inLanguage":"fr-FR","potentialAction":[{"@type":"ReadAction","target":["https:\/\/www.smile-labfurniture.com\/product\/white-laboratory-furniture\/"]}]},{"@type":"ImageObject","inLanguage":"fr-FR","@id":"https:\/\/www.smile-labfurniture.com\/product\/white-laboratory-furniture\/#primaryimage","url":"https:\/\/www.smile-labfurniture.com\/wp-content\/uploads\/2025\/12\/\u672a\u547d\u540d\u65b9\u6848-\u672a\u547d\u540d-20251208-120932-2.webp","contentUrl":"https:\/\/www.smile-labfurniture.com\/wp-content\/uploads\/2025\/12\/\u672a\u547d\u540d\u65b9\u6848-\u672a\u547d\u540d-20251208-120932-2.webp","width":5500,"height":4125},{"@type":"BreadcrumbList","@id":"https:\/\/www.smile-labfurniture.com\/product\/white-laboratory-furniture\/#breadcrumb","itemListElement":[{"@type":"ListItem","position":1,"name":"\u9996\u9875","item":"https:\/\/www.smile-labfurniture.com\/"},{"@type":"ListItem","position":2,"name":"Shop","item":"https:\/\/www.smile-labfurniture.com\/shop\/"},{"@type":"ListItem","position":3,"name":"White-Laboratory Furniture"}]},{"@type":"WebSite","@id":"https:\/\/www.smile-labfurniture.com\/#website","url":"https:\/\/www.smile-labfurniture.com\/","name":"SMILELAB","description":"","publisher":{"@id":"https:\/\/www.smile-labfurniture.com\/#organization"},"potentialAction":[{"@type":"SearchAction","target":{"@type":"EntryPoint","urlTemplate":"https:\/\/www.smile-labfurniture.com\/?s={search_term_string}"},"query-input":{"@type":"PropertyValueSpecification","valueRequired":true,"valueName":"search_term_string"}}],"inLanguage":"fr-FR"},{"@type":"Organization","@id":"https:\/\/www.smile-labfurniture.com\/#organization","name":"SMILELAB","url":"https:\/\/www.smile-labfurniture.com\/","logo":{"@type":"ImageObject","inLanguage":"fr-FR","@id":"https:\/\/www.smile-labfurniture.com\/#\/schema\/logo\/image\/","url":"https:\/\/www.smile-labfurniture.com\/wp-content\/uploads\/2020\/06\/QQ_1764744017650.png","contentUrl":"https:\/\/www.smile-labfurniture.com\/wp-content\/uploads\/2020\/06\/QQ_1764744017650.png","width":355,"height":48,"caption":"SMILELAB"},"image":{"@id":"https:\/\/www.smile-labfurniture.com\/#\/schema\/logo\/image\/"},"sameAs":["https:\/\/www.facebook.com\/share\/1DxYQBbYb1\/?mibextid=wwXIfr"]}]}},"_links":{"self":[{"href":"https:\/\/www.smile-labfurniture.com\/fr\/wp-json\/wp\/v2\/product\/4986","targetHints":{"allow":["GET"]}}],"collection":[{"href":"https:\/\/www.smile-labfurniture.com\/fr\/wp-json\/wp\/v2\/product"}],"about":[{"href":"https:\/\/www.smile-labfurniture.com\/fr\/wp-json\/wp\/v2\/types\/product"}],"replies":[{"embeddable":true,"href":"https:\/\/www.smile-labfurniture.com\/fr\/wp-json\/wp\/v2\/comments?post=4986"}],"wp:featuredmedia":[{"embeddable":true,"href":"https:\/\/www.smile-labfurniture.com\/fr\/wp-json\/wp\/v2\/media\/4988"}],"wp:attachment":[{"href":"https:\/\/www.smile-labfurniture.com\/fr\/wp-json\/wp\/v2\/media?parent=4986"}],"wp:term":[{"taxonomy":"product_cat","embeddable":true,"href":"https:\/\/www.smile-labfurniture.com\/fr\/wp-json\/wp\/v2\/product_cat?post=4986"},{"taxonomy":"product_tag","embeddable":true,"href":"https:\/\/www.smile-labfurniture.com\/fr\/wp-json\/wp\/v2\/product_tag?post=4986"},{"taxonomy":"product_brand","embeddable":true,"href":"https:\/\/www.smile-labfurniture.com\/fr\/wp-json\/wp\/v2\/product_brand?post=4986"}],"curies":[{"name":"wp","href":"https:\/\/api.w.org\/{rel}","templated":true}]}}