{"id":1493,"date":"2016-10-14T02:02:22","date_gmt":"2016-10-14T02:02:22","guid":{"rendered":"https:\/\/demo.wpthemego.com\/themes\/sw_revo\/demo10\/?page_id=1493"},"modified":"2025-12-11T06:08:44","modified_gmt":"2025-12-11T06:08:44","slug":"about-us","status":"publish","type":"page","link":"https:\/\/www.smile-labfurniture.com\/fr\/about-us\/","title":{"rendered":"A propos de nous"},"content":{"rendered":"<div data-elementor-type=\"wp-page\" data-elementor-id=\"1493\" class=\"elementor elementor-1493\">\n\t\t\t\t\t\t\t\t\t<section class=\"elementor-section elementor-top-section elementor-element elementor-element-6bda35e4 elementor-section-boxed elementor-section-height-default elementor-section-height-default\" data-id=\"6bda35e4\" data-element_type=\"section\">\n\t\t\t\t\t\t<div class=\"elementor-container elementor-column-gap-default\">\n\t\t\t\t\t<div class=\"elementor-column elementor-col-100 elementor-top-column elementor-element elementor-element-5791458d\" data-id=\"5791458d\" data-element_type=\"column\">\n\t\t\t<div class=\"elementor-widget-wrap elementor-element-populated\">\n\t\t\t\t\t\t\t\t<div class=\"elementor-element elementor-element-7c89a477 elementor-widget elementor-widget-image\" data-id=\"7c89a477\" data-element_type=\"widget\" data-widget_type=\"image.default\">\n\t\t\t\t<div class=\"elementor-widget-container\">\n\t\t\t<style>\/*! elementor - v3.16.0 - 09-10-2023 *\/\n.elementor-widget-image{text-align:center}.elementor-widget-image a{display:inline-block}.elementor-widget-image a img[src$=\".svg\"]{width:48px}.elementor-widget-image img{vertical-align:middle;display:inline-block}<\/style>\t\t\t\t\t\t\t\t\t\t\t\t<img loading=\"lazy\" decoding=\"async\" width=\"1918\" height=\"500\" src=\"https:\/\/www.smile-labfurniture.com\/wp-content\/uploads\/2025\/12\/5-1.webp\" class=\"attachment-full size-full wp-image-4849\" alt=\"\" \/>\t\t\t\t\t\t\t\t\t\t\t\t\t\t\t<\/div>\n\t\t\t\t<\/div>\n\t\t\t\t\t<\/div>\n\t\t<\/div>\n\t\t\t\t\t\t\t<\/div>\n\t\t<\/section>\n\t\t\t\t<section class=\"elementor-section elementor-top-section elementor-element elementor-element-6d31b4c4 elementor-section-boxed elementor-section-height-default elementor-section-height-default\" data-id=\"6d31b4c4\" data-element_type=\"section\">\n\t\t\t\t\t\t<div class=\"elementor-container elementor-column-gap-default\">\n\t\t\t\t\t<div class=\"elementor-column elementor-col-100 elementor-top-column elementor-element elementor-element-60e07942\" data-id=\"60e07942\" data-element_type=\"column\">\n\t\t\t<div class=\"elementor-widget-wrap elementor-element-populated\">\n\t\t\t\t\t\t\t\t<div class=\"elementor-element elementor-element-33b017c5 elementor-widget elementor-widget-heading\" data-id=\"33b017c5\" data-element_type=\"widget\" data-widget_type=\"heading.default\">\n\t\t\t\t<div class=\"elementor-widget-container\">\n\t\t\t<style>\/*! elementor - v3.16.0 - 09-10-2023 *\/\n.elementor-heading-title{padding:0;margin:0;line-height:1}.elementor-widget-heading .elementor-heading-title[class*=elementor-size-]>a{color:inherit;font-size:inherit;line-height:inherit}.elementor-widget-heading .elementor-heading-title.elementor-size-small{font-size:15px}.elementor-widget-heading .elementor-heading-title.elementor-size-medium{font-size:19px}.elementor-widget-heading .elementor-heading-title.elementor-size-large{font-size:29px}.elementor-widget-heading .elementor-heading-title.elementor-size-xl{font-size:39px}.elementor-widget-heading .elementor-heading-title.elementor-size-xxl{font-size:59px}<\/style><h2 class=\"elementor-heading-title elementor-size-default\">\u00e0 propos de nous<\/h2>\t\t<\/div>\n\t\t\t\t<\/div>\n\t\t\t\t<div class=\"elementor-element elementor-element-5d8a07dd elementor-widget elementor-widget-text-editor\" data-id=\"5d8a07dd\" data-element_type=\"widget\" data-widget_type=\"text-editor.default\">\n\t\t\t\t<div class=\"elementor-widget-container\">\n\t\t\t<style>\/*! elementor - v3.16.0 - 09-10-2023 *\/\n.elementor-widget-text-editor.elementor-drop-cap-view-stacked .elementor-drop-cap{background-color:#69727d;color:#fff}.elementor-widget-text-editor.elementor-drop-cap-view-framed .elementor-drop-cap{color:#69727d;border:3px solid;background-color:transparent}.elementor-widget-text-editor:not(.elementor-drop-cap-view-default) .elementor-drop-cap{margin-top:8px}.elementor-widget-text-editor:not(.elementor-drop-cap-view-default) .elementor-drop-cap-letter{width:1em;height:1em}.elementor-widget-text-editor .elementor-drop-cap{float:left;text-align:center;line-height:1;font-size:50px}.elementor-widget-text-editor .elementor-drop-cap-letter{display:inline-block}<\/style>\t\t\t\t<p>La soci\u00e9t\u00e9 Beijing Zhongkesmai Laboratory Equipment Co. a \u00e9t\u00e9 cr\u00e9\u00e9e en 2009 et a accumul\u00e9 16 ans d'exp\u00e9rience professionnelle dans la construction de laboratoires.<br \/>Forts de 16 ans d'exp\u00e9rience dans la conception et la construction de laboratoires, nous nous effor\u00e7ons de combiner l'exp\u00e9rience et les concepts de conception \u00e9trangers avanc\u00e9s avec les conditions nationales chinoises gr\u00e2ce \u00e0 une compr\u00e9hension continue des besoins des clients et de la situation unique de l'environnement des laboratoires nationaux, de mani\u00e8re \u00e0 ce que nos conceptions et nos prix puissent r\u00e9pondre autant que possible aux besoins des clients.<br \/>Nous sommes sp\u00e9cialis\u00e9s dans la fourniture de services techniques professionnels complets pour les principales institutions de recherche scientifique, y compris l'ing\u00e9nierie des syst\u00e8mes de purification des laboratoires, l'ing\u00e9nierie du mobilier de laboratoire, l'ing\u00e9nierie des syst\u00e8mes de ventilation, l'ing\u00e9nierie des syst\u00e8mes de transport des gaz, l'ing\u00e9nierie des syst\u00e8mes de s\u00e9curit\u00e9, l'ing\u00e9nierie des syst\u00e8mes \u00e9lectriques forts et faibles et l'ing\u00e9nierie des syst\u00e8mes de traitement des eaux us\u00e9es. Au cours des 16 derni\u00e8res ann\u00e9es, l'entreprise a adh\u00e9r\u00e9 aux valeurs fondamentales \u201chonn\u00eatet\u00e9 et fiabilit\u00e9, coop\u00e9ration gagnant-gagnant\u201d et a cr\u00e9\u00e9 la marque \u201cZhongkesmai\u201d qui est respectueuse de l'environnement, \u00e9conome en \u00e9nergie et intelligente. Adh\u00e9rant \u00e0 la philosophie de d\u00e9veloppement de la recherche de l'excellence, de l'innovation continue, de la qualit\u00e9 d'abord et du service de haute qualit\u00e9, notre entreprise adopte une approche de gestion scientifique ax\u00e9e sur les personnes, la technologie et le march\u00e9. Nous adoptons continuellement des technologies de pointe provenant de sources nationales et internationales, pr\u00eatons attention au contr\u00f4le de la qualit\u00e9 technique et transformons les nouvelles r\u00e9alisations technologiques en produits de haute qualit\u00e9 pour le march\u00e9, devenant ainsi une force motrice puissante pour le succ\u00e8s de notre entreprise. Les produits de la soci\u00e9t\u00e9 sont largement utilis\u00e9s dans diverses industries telles que les soins de sant\u00e9, la biochimie, la chimie fine, l'alimentation et les boissons, l'a\u00e9rospatiale, l'industrie \u00e9lectronique, les instruments de pr\u00e9cision, les compteurs, la recherche scientifique et l'enseignement. Nous esp\u00e9rons sinc\u00e8rement que les clients qui ont \u00e9t\u00e9 en contact avec nos produits, les ont compris et les ont utilis\u00e9s pourront nous faire part de leurs opinions, exigences et suggestions concernant nos produits et services, ce qui nous aidera \u00e0 les am\u00e9liorer et \u00e0 les perfectionner. Beijing Zhongkesimai Laboratory Equipment Co. est pr\u00eat \u00e0 collaborer avec vous pour vous offrir un environnement de travail s\u00fbr, sain et confortable !<\/p>\t\t\t\t\t\t<\/div>\n\t\t\t\t<\/div>\n\t\t\t\t\t<\/div>\n\t\t<\/div>\n\t\t\t\t\t\t\t<\/div>\n\t\t<\/section>\n\t\t\t\t\t\t\t<\/div>","protected":false},"excerpt":{"rendered":"<p>about us Beijing Zhongkesmai Laboratory Equipment Co., Ltd. was established in 2009 and has accumulated 16 years of professional laboratory construction experience.With 16 years of experience in laboratory design and construction, we strive to combine advanced foreign design experience and &hellip; <a href=\"https:\/\/www.smile-labfurniture.com\/fr\/about-us\/\">En savoir plus<\/a><\/p>","protected":false},"author":1,"featured_media":0,"parent":0,"menu_order":0,"comment_status":"closed","ping_status":"closed","template":"","meta":{"footnotes":""},"class_list":["post-1493","page","type-page","status-publish","hentry"],"yoast_head":"<!-- This site is optimized with the Yoast SEO plugin v26.6 - https:\/\/yoast.com\/wordpress\/plugins\/seo\/ -->\n<title>About Us - SMILELAB<\/title>\n<meta name=\"robots\" content=\"index, follow, max-snippet:-1, max-image-preview:large, max-video-preview:-1\" \/>\n<link rel=\"canonical\" href=\"https:\/\/www.smile-labfurniture.com\/fr\/about-us\/\" \/>\n<meta property=\"og:locale\" content=\"fr_FR\" \/>\n<meta property=\"og:type\" content=\"article\" \/>\n<meta property=\"og:title\" content=\"About Us - SMILELAB\" \/>\n<meta property=\"og:description\" content=\"about us Beijing Zhongkesmai Laboratory Equipment Co., Ltd. was established in 2009 and has accumulated 16 years of professional laboratory construction experience.With 16 years of experience in laboratory design and construction, we strive to combine advanced foreign design experience and &hellip; Readmore\" \/>\n<meta property=\"og:url\" content=\"https:\/\/www.smile-labfurniture.com\/fr\/about-us\/\" \/>\n<meta property=\"og:site_name\" content=\"SMILELAB\" \/>\n<meta property=\"article:publisher\" content=\"https:\/\/www.facebook.com\/share\/1DxYQBbYb1\/?mibextid=wwXIfr\" \/>\n<meta property=\"article:modified_time\" content=\"2025-12-11T06:08:44+00:00\" \/>\n<meta property=\"og:image\" content=\"http:\/\/www.smile-labfurniture.com\/wp-content\/uploads\/2025\/12\/5-1.webp\" \/>\n<meta name=\"twitter:card\" content=\"summary_large_image\" \/>\n<meta name=\"twitter:label1\" content=\"Dur\u00e9e de lecture estim\u00e9e\" \/>\n\t<meta name=\"twitter:data1\" content=\"2 minutes\" \/>\n<script type=\"application\/ld+json\" class=\"yoast-schema-graph\">{\"@context\":\"https:\/\/schema.org\",\"@graph\":[{\"@type\":\"WebPage\",\"@id\":\"https:\/\/www.smile-labfurniture.com\/about-us\/\",\"url\":\"https:\/\/www.smile-labfurniture.com\/about-us\/\",\"name\":\"About Us - SMILELAB\",\"isPartOf\":{\"@id\":\"https:\/\/www.smile-labfurniture.com\/#website\"},\"primaryImageOfPage\":{\"@id\":\"https:\/\/www.smile-labfurniture.com\/about-us\/#primaryimage\"},\"image\":{\"@id\":\"https:\/\/www.smile-labfurniture.com\/about-us\/#primaryimage\"},\"thumbnailUrl\":\"http:\/\/www.smile-labfurniture.com\/wp-content\/uploads\/2025\/12\/5-1.webp\",\"datePublished\":\"2016-10-14T02:02:22+00:00\",\"dateModified\":\"2025-12-11T06:08:44+00:00\",\"breadcrumb\":{\"@id\":\"https:\/\/www.smile-labfurniture.com\/about-us\/#breadcrumb\"},\"inLanguage\":\"fr-FR\",\"potentialAction\":[{\"@type\":\"ReadAction\",\"target\":[\"https:\/\/www.smile-labfurniture.com\/about-us\/\"]}]},{\"@type\":\"ImageObject\",\"inLanguage\":\"fr-FR\",\"@id\":\"https:\/\/www.smile-labfurniture.com\/about-us\/#primaryimage\",\"url\":\"http:\/\/www.smile-labfurniture.com\/wp-content\/uploads\/2025\/12\/5-1.webp\",\"contentUrl\":\"http:\/\/www.smile-labfurniture.com\/wp-content\/uploads\/2025\/12\/5-1.webp\"},{\"@type\":\"BreadcrumbList\",\"@id\":\"https:\/\/www.smile-labfurniture.com\/about-us\/#breadcrumb\",\"itemListElement\":[{\"@type\":\"ListItem\",\"position\":1,\"name\":\"\u9996\u9875\",\"item\":\"https:\/\/www.smile-labfurniture.com\/\"},{\"@type\":\"ListItem\",\"position\":2,\"name\":\"About Us\"}]},{\"@type\":\"WebSite\",\"@id\":\"https:\/\/www.smile-labfurniture.com\/#website\",\"url\":\"https:\/\/www.smile-labfurniture.com\/\",\"name\":\"SMILELAB\",\"description\":\"\",\"publisher\":{\"@id\":\"https:\/\/www.smile-labfurniture.com\/#organization\"},\"potentialAction\":[{\"@type\":\"SearchAction\",\"target\":{\"@type\":\"EntryPoint\",\"urlTemplate\":\"https:\/\/www.smile-labfurniture.com\/?s={search_term_string}\"},\"query-input\":{\"@type\":\"PropertyValueSpecification\",\"valueRequired\":true,\"valueName\":\"search_term_string\"}}],\"inLanguage\":\"fr-FR\"},{\"@type\":\"Organization\",\"@id\":\"https:\/\/www.smile-labfurniture.com\/#organization\",\"name\":\"SMILELAB\",\"url\":\"https:\/\/www.smile-labfurniture.com\/\",\"logo\":{\"@type\":\"ImageObject\",\"inLanguage\":\"fr-FR\",\"@id\":\"https:\/\/www.smile-labfurniture.com\/#\/schema\/logo\/image\/\",\"url\":\"https:\/\/www.smile-labfurniture.com\/wp-content\/uploads\/2020\/06\/QQ_1764744017650.png\",\"contentUrl\":\"https:\/\/www.smile-labfurniture.com\/wp-content\/uploads\/2020\/06\/QQ_1764744017650.png\",\"width\":355,\"height\":48,\"caption\":\"SMILELAB\"},\"image\":{\"@id\":\"https:\/\/www.smile-labfurniture.com\/#\/schema\/logo\/image\/\"},\"sameAs\":[\"https:\/\/www.facebook.com\/share\/1DxYQBbYb1\/?mibextid=wwXIfr\"]}]}<\/script>\n<!-- \/ Yoast SEO plugin. -->","yoast_head_json":{"title":"About Us - SMILELAB","robots":{"index":"index","follow":"follow","max-snippet":"max-snippet:-1","max-image-preview":"max-image-preview:large","max-video-preview":"max-video-preview:-1"},"canonical":"https:\/\/www.smile-labfurniture.com\/fr\/about-us\/","og_locale":"fr_FR","og_type":"article","og_title":"About Us - SMILELAB","og_description":"about us Beijing Zhongkesmai Laboratory Equipment Co., Ltd. was established in 2009 and has accumulated 16 years of professional laboratory construction experience.With 16 years of experience in laboratory design and construction, we strive to combine advanced foreign design experience and &hellip; Readmore","og_url":"https:\/\/www.smile-labfurniture.com\/fr\/about-us\/","og_site_name":"SMILELAB","article_publisher":"https:\/\/www.facebook.com\/share\/1DxYQBbYb1\/?mibextid=wwXIfr","article_modified_time":"2025-12-11T06:08:44+00:00","og_image":[{"url":"http:\/\/www.smile-labfurniture.com\/wp-content\/uploads\/2025\/12\/5-1.webp","type":"","width":"","height":""}],"twitter_card":"summary_large_image","twitter_misc":{"Dur\u00e9e de lecture estim\u00e9e":"2 minutes"},"schema":{"@context":"https:\/\/schema.org","@graph":[{"@type":"WebPage","@id":"https:\/\/www.smile-labfurniture.com\/about-us\/","url":"https:\/\/www.smile-labfurniture.com\/about-us\/","name":"About Us - SMILELAB","isPartOf":{"@id":"https:\/\/www.smile-labfurniture.com\/#website"},"primaryImageOfPage":{"@id":"https:\/\/www.smile-labfurniture.com\/about-us\/#primaryimage"},"image":{"@id":"https:\/\/www.smile-labfurniture.com\/about-us\/#primaryimage"},"thumbnailUrl":"http:\/\/www.smile-labfurniture.com\/wp-content\/uploads\/2025\/12\/5-1.webp","datePublished":"2016-10-14T02:02:22+00:00","dateModified":"2025-12-11T06:08:44+00:00","breadcrumb":{"@id":"https:\/\/www.smile-labfurniture.com\/about-us\/#breadcrumb"},"inLanguage":"fr-FR","potentialAction":[{"@type":"ReadAction","target":["https:\/\/www.smile-labfurniture.com\/about-us\/"]}]},{"@type":"ImageObject","inLanguage":"fr-FR","@id":"https:\/\/www.smile-labfurniture.com\/about-us\/#primaryimage","url":"http:\/\/www.smile-labfurniture.com\/wp-content\/uploads\/2025\/12\/5-1.webp","contentUrl":"http:\/\/www.smile-labfurniture.com\/wp-content\/uploads\/2025\/12\/5-1.webp"},{"@type":"BreadcrumbList","@id":"https:\/\/www.smile-labfurniture.com\/about-us\/#breadcrumb","itemListElement":[{"@type":"ListItem","position":1,"name":"\u9996\u9875","item":"https:\/\/www.smile-labfurniture.com\/"},{"@type":"ListItem","position":2,"name":"About Us"}]},{"@type":"WebSite","@id":"https:\/\/www.smile-labfurniture.com\/#website","url":"https:\/\/www.smile-labfurniture.com\/","name":"SMILELAB","description":"","publisher":{"@id":"https:\/\/www.smile-labfurniture.com\/#organization"},"potentialAction":[{"@type":"SearchAction","target":{"@type":"EntryPoint","urlTemplate":"https:\/\/www.smile-labfurniture.com\/?s={search_term_string}"},"query-input":{"@type":"PropertyValueSpecification","valueRequired":true,"valueName":"search_term_string"}}],"inLanguage":"fr-FR"},{"@type":"Organization","@id":"https:\/\/www.smile-labfurniture.com\/#organization","name":"SMILELAB","url":"https:\/\/www.smile-labfurniture.com\/","logo":{"@type":"ImageObject","inLanguage":"fr-FR","@id":"https:\/\/www.smile-labfurniture.com\/#\/schema\/logo\/image\/","url":"https:\/\/www.smile-labfurniture.com\/wp-content\/uploads\/2020\/06\/QQ_1764744017650.png","contentUrl":"https:\/\/www.smile-labfurniture.com\/wp-content\/uploads\/2020\/06\/QQ_1764744017650.png","width":355,"height":48,"caption":"SMILELAB"},"image":{"@id":"https:\/\/www.smile-labfurniture.com\/#\/schema\/logo\/image\/"},"sameAs":["https:\/\/www.facebook.com\/share\/1DxYQBbYb1\/?mibextid=wwXIfr"]}]}},"_links":{"self":[{"href":"https:\/\/www.smile-labfurniture.com\/fr\/wp-json\/wp\/v2\/pages\/1493","targetHints":{"allow":["GET"]}}],"collection":[{"href":"https:\/\/www.smile-labfurniture.com\/fr\/wp-json\/wp\/v2\/pages"}],"about":[{"href":"https:\/\/www.smile-labfurniture.com\/fr\/wp-json\/wp\/v2\/types\/page"}],"author":[{"embeddable":true,"href":"https:\/\/www.smile-labfurniture.com\/fr\/wp-json\/wp\/v2\/users\/1"}],"replies":[{"embeddable":true,"href":"https:\/\/www.smile-labfurniture.com\/fr\/wp-json\/wp\/v2\/comments?post=1493"}],"version-history":[{"count":6,"href":"https:\/\/www.smile-labfurniture.com\/fr\/wp-json\/wp\/v2\/pages\/1493\/revisions"}],"predecessor-version":[{"id":4953,"href":"https:\/\/www.smile-labfurniture.com\/fr\/wp-json\/wp\/v2\/pages\/1493\/revisions\/4953"}],"wp:attachment":[{"href":"https:\/\/www.smile-labfurniture.com\/fr\/wp-json\/wp\/v2\/media?parent=1493"}],"curies":[{"name":"wp","href":"https:\/\/api.w.org\/{rel}","templated":true}]}}