{"id":5072,"date":"2025-12-21T10:24:15","date_gmt":"2025-12-21T10:24:15","guid":{"rendered":"http:\/\/www.smile-labfurniture.com\/?post_type=product&#038;p=5072"},"modified":"2026-02-02T06:34:10","modified_gmt":"2026-02-02T06:34:10","slug":"gas-bottle-cabinet","status":"publish","type":"product","link":"https:\/\/www.smile-labfurniture.com\/es\/producto\/gas-bottle-cabinet\/","title":{"rendered":"Armario para botellas de gas"},"content":{"rendered":"<p>1. Especificaciones del armario para botellas de gas<br \/>\nLas especificaciones con alarma son botella simple: 23\u2033*18\u2033*71\u2033, botella doble: 35\u2033*18\u2033*71\u2033, botella triple: 47\u2033*18\u2033*71\u2033,<br \/>\n2. Armario<br \/>\nEst\u00e1 fabricado con chapa de acero laminado en fr\u00edo de alta calidad Baosteel de 1,0 mm de espesor, que ha sido decapada y fosforizada, y la superficie se roc\u00eda electrost\u00e1ticamente con resina epoxi para lograr efectos anti\u00e1cidos, alcalinos y antioxidantes.<br \/>\n3. Panel de la puerta<br \/>\nAdopta bisagras desmontables y tiene una ventana de visualizaci\u00f3n en la parte delantera. La mirilla es de vidrio a prueba de explosiones.<br \/>\n4. Agujero PASS<br \/>\nHay orificios PASS en el lateral del armario para garantizar el flujo de gas dentro del armario.<br \/>\n5. Cadena fija<br \/>\nEn el interior se utiliza una cadena fija para evitar que el cilindro vuelque.<br \/>\n6. Pedal<br \/>\nHay un pedal ajustable en la parte inferior del armario para facilitar la carga y descarga de las botellas de gas.<br \/>\n7. mango<br \/>\nSe utiliza un asa embutida de alta resistencia.<br \/>\n8. Alarma<br \/>\nLos dispositivos de alarma especiales son opcionales. El dispositivo de alarma puede identificar: gases inflamables como metano, acetileno, gas de hulla, etc.<br \/>\n9. Sistema de alarma sonoro y luminoso<br \/>\nCuando el sensor de la cabina detecta una fuga de gas, activa autom\u00e1ticamente una luz roja intermitente y una alarma sonora, al tiempo que expulsa el aire autom\u00e1ticamente.<br \/>\n10. Sistema de escape autom\u00e1tico<br \/>\nCuando el sensor de la cabina detecta una fuga de gas y emite una alarma, el ventilador superior funciona autom\u00e1ticamente para expulsar el gas al exterior a trav\u00e9s del conducto de escape para garantizar la seguridad personal en la zona de trabajo.<br \/>\n11. Contenedores met\u00e1licos utilizados para mejorar la ventilaci\u00f3n local de escape, proteger las botellas (bombonas de gas) del fuego fuera del armario y proteger los objetos circundantes del fuego interno.<br \/>\n12. Hay un sistema de purga, alarma y orificio de escape dentro del armario de botellas de gas. Suele haber posici\u00f3n de una botella, posici\u00f3n de dos botellas y posici\u00f3n de tres botellas.<br \/>\n13. Cuando la bombona de gas est\u00e9 almacenada en este producto, no se producir\u00e1 ninguna situaci\u00f3n sin intervenci\u00f3n humana. Para evitar que el dispositivo de alarma est\u00e9 en estado de reposo durante mucho tiempo y provoque una alarma lenta o nula, el personal puede realizar una prueba de alarma en el producto mediante humo y gas, a fin de lograr el funcionamiento normal del producto. Nota: El tiempo de autoinspecci\u00f3n del armario de cilindros de gas es generalmente una vez en enero a febrero.<\/p>\n<p><img loading=\"lazy\" decoding=\"async\" class=\"alignnone size-full wp-image-5189\" src=\"https:\/\/www.smile-labfurniture.com\/wp-content\/uploads\/2025\/12\/f41fe195407d34ce2cd0555f0688dc4b.webp\" alt=\"\" width=\"700\" height=\"700\" srcset=\"https:\/\/www.smile-labfurniture.com\/wp-content\/uploads\/2025\/12\/f41fe195407d34ce2cd0555f0688dc4b.webp 700w, https:\/\/www.smile-labfurniture.com\/wp-content\/uploads\/2025\/12\/f41fe195407d34ce2cd0555f0688dc4b-300x300.webp 300w, https:\/\/www.smile-labfurniture.com\/wp-content\/uploads\/2025\/12\/f41fe195407d34ce2cd0555f0688dc4b-12x12.webp 12w\" sizes=\"auto, (max-width: 700px) 100vw, 700px\" \/><\/p>","protected":false},"excerpt":{"rendered":"<p>Puede personalizar sus especificaciones<\/p>","protected":false},"featured_media":5189,"comment_status":"closed","ping_status":"closed","template":"","meta":[],"product_cat":[105],"product_tag":[],"product_brand":[],"class_list":["post-5072","product","type-product","status-publish","has-post-thumbnail","hentry","product_cat-reagent-cabinet"],"yoast_head":"<!-- This site is optimized with the Yoast SEO plugin v26.6 - https:\/\/yoast.com\/wordpress\/plugins\/seo\/ -->\n<title>Gas bottle cabinet - SMILELAB<\/title>\n<meta name=\"robots\" content=\"index, follow, max-snippet:-1, max-image-preview:large, max-video-preview:-1\" \/>\n<link rel=\"canonical\" href=\"https:\/\/www.smile-labfurniture.com\/es\/producto\/gas-bottle-cabinet\/\" \/>\n<meta property=\"og:locale\" content=\"es_ES\" \/>\n<meta property=\"og:type\" content=\"article\" \/>\n<meta property=\"og:title\" content=\"Gas bottle cabinet - SMILELAB\" \/>\n<meta property=\"og:description\" content=\"Can customize your specifications\" \/>\n<meta property=\"og:url\" content=\"https:\/\/www.smile-labfurniture.com\/es\/producto\/gas-bottle-cabinet\/\" \/>\n<meta property=\"og:site_name\" content=\"SMILELAB\" \/>\n<meta property=\"article:publisher\" content=\"https:\/\/www.facebook.com\/share\/1DxYQBbYb1\/?mibextid=wwXIfr\" \/>\n<meta property=\"article:modified_time\" content=\"2026-02-02T06:34:10+00:00\" \/>\n<meta property=\"og:image\" content=\"https:\/\/www.smile-labfurniture.com\/wp-content\/uploads\/2025\/12\/f41fe195407d34ce2cd0555f0688dc4b.webp\" \/>\n\t<meta property=\"og:image:width\" content=\"700\" \/>\n\t<meta property=\"og:image:height\" content=\"700\" \/>\n\t<meta property=\"og:image:type\" content=\"image\/webp\" \/>\n<meta name=\"twitter:card\" content=\"summary_large_image\" \/>\n<meta name=\"twitter:label1\" content=\"Tiempo de lectura\" \/>\n\t<meta name=\"twitter:data1\" content=\"3 minutos\" \/>\n<script type=\"application\/ld+json\" class=\"yoast-schema-graph\">{\"@context\":\"https:\/\/schema.org\",\"@graph\":[{\"@type\":\"WebPage\",\"@id\":\"https:\/\/www.smile-labfurniture.com\/product\/gas-bottle-cabinet\/\",\"url\":\"https:\/\/www.smile-labfurniture.com\/product\/gas-bottle-cabinet\/\",\"name\":\"Gas bottle cabinet - SMILELAB\",\"isPartOf\":{\"@id\":\"https:\/\/www.smile-labfurniture.com\/#website\"},\"primaryImageOfPage\":{\"@id\":\"https:\/\/www.smile-labfurniture.com\/product\/gas-bottle-cabinet\/#primaryimage\"},\"image\":{\"@id\":\"https:\/\/www.smile-labfurniture.com\/product\/gas-bottle-cabinet\/#primaryimage\"},\"thumbnailUrl\":\"https:\/\/www.smile-labfurniture.com\/wp-content\/uploads\/2025\/12\/f41fe195407d34ce2cd0555f0688dc4b.webp\",\"datePublished\":\"2025-12-21T10:24:15+00:00\",\"dateModified\":\"2026-02-02T06:34:10+00:00\",\"breadcrumb\":{\"@id\":\"https:\/\/www.smile-labfurniture.com\/product\/gas-bottle-cabinet\/#breadcrumb\"},\"inLanguage\":\"es\",\"potentialAction\":[{\"@type\":\"ReadAction\",\"target\":[\"https:\/\/www.smile-labfurniture.com\/product\/gas-bottle-cabinet\/\"]}]},{\"@type\":\"ImageObject\",\"inLanguage\":\"es\",\"@id\":\"https:\/\/www.smile-labfurniture.com\/product\/gas-bottle-cabinet\/#primaryimage\",\"url\":\"https:\/\/www.smile-labfurniture.com\/wp-content\/uploads\/2025\/12\/f41fe195407d34ce2cd0555f0688dc4b.webp\",\"contentUrl\":\"https:\/\/www.smile-labfurniture.com\/wp-content\/uploads\/2025\/12\/f41fe195407d34ce2cd0555f0688dc4b.webp\",\"width\":700,\"height\":700},{\"@type\":\"BreadcrumbList\",\"@id\":\"https:\/\/www.smile-labfurniture.com\/product\/gas-bottle-cabinet\/#breadcrumb\",\"itemListElement\":[{\"@type\":\"ListItem\",\"position\":1,\"name\":\"\u9996\u9875\",\"item\":\"https:\/\/www.smile-labfurniture.com\/\"},{\"@type\":\"ListItem\",\"position\":2,\"name\":\"Shop\",\"item\":\"https:\/\/www.smile-labfurniture.com\/shop\/\"},{\"@type\":\"ListItem\",\"position\":3,\"name\":\"Gas bottle cabinet\"}]},{\"@type\":\"WebSite\",\"@id\":\"https:\/\/www.smile-labfurniture.com\/#website\",\"url\":\"https:\/\/www.smile-labfurniture.com\/\",\"name\":\"SMILELAB\",\"description\":\"\",\"publisher\":{\"@id\":\"https:\/\/www.smile-labfurniture.com\/#organization\"},\"potentialAction\":[{\"@type\":\"SearchAction\",\"target\":{\"@type\":\"EntryPoint\",\"urlTemplate\":\"https:\/\/www.smile-labfurniture.com\/?s={search_term_string}\"},\"query-input\":{\"@type\":\"PropertyValueSpecification\",\"valueRequired\":true,\"valueName\":\"search_term_string\"}}],\"inLanguage\":\"es\"},{\"@type\":\"Organization\",\"@id\":\"https:\/\/www.smile-labfurniture.com\/#organization\",\"name\":\"SMILELAB\",\"url\":\"https:\/\/www.smile-labfurniture.com\/\",\"logo\":{\"@type\":\"ImageObject\",\"inLanguage\":\"es\",\"@id\":\"https:\/\/www.smile-labfurniture.com\/#\/schema\/logo\/image\/\",\"url\":\"https:\/\/www.smile-labfurniture.com\/wp-content\/uploads\/2020\/06\/QQ_1764744017650.png\",\"contentUrl\":\"https:\/\/www.smile-labfurniture.com\/wp-content\/uploads\/2020\/06\/QQ_1764744017650.png\",\"width\":355,\"height\":48,\"caption\":\"SMILELAB\"},\"image\":{\"@id\":\"https:\/\/www.smile-labfurniture.com\/#\/schema\/logo\/image\/\"},\"sameAs\":[\"https:\/\/www.facebook.com\/share\/1DxYQBbYb1\/?mibextid=wwXIfr\"]}]}<\/script>\n<!-- \/ Yoast SEO plugin. -->","yoast_head_json":{"title":"Gas bottle cabinet - SMILELAB","robots":{"index":"index","follow":"follow","max-snippet":"max-snippet:-1","max-image-preview":"max-image-preview:large","max-video-preview":"max-video-preview:-1"},"canonical":"https:\/\/www.smile-labfurniture.com\/es\/producto\/gas-bottle-cabinet\/","og_locale":"es_ES","og_type":"article","og_title":"Gas bottle cabinet - SMILELAB","og_description":"Can customize your specifications","og_url":"https:\/\/www.smile-labfurniture.com\/es\/producto\/gas-bottle-cabinet\/","og_site_name":"SMILELAB","article_publisher":"https:\/\/www.facebook.com\/share\/1DxYQBbYb1\/?mibextid=wwXIfr","article_modified_time":"2026-02-02T06:34:10+00:00","og_image":[{"width":700,"height":700,"url":"https:\/\/www.smile-labfurniture.com\/wp-content\/uploads\/2025\/12\/f41fe195407d34ce2cd0555f0688dc4b.webp","type":"image\/webp"}],"twitter_card":"summary_large_image","twitter_misc":{"Tiempo de lectura":"3 minutos"},"schema":{"@context":"https:\/\/schema.org","@graph":[{"@type":"WebPage","@id":"https:\/\/www.smile-labfurniture.com\/product\/gas-bottle-cabinet\/","url":"https:\/\/www.smile-labfurniture.com\/product\/gas-bottle-cabinet\/","name":"Gas bottle cabinet - SMILELAB","isPartOf":{"@id":"https:\/\/www.smile-labfurniture.com\/#website"},"primaryImageOfPage":{"@id":"https:\/\/www.smile-labfurniture.com\/product\/gas-bottle-cabinet\/#primaryimage"},"image":{"@id":"https:\/\/www.smile-labfurniture.com\/product\/gas-bottle-cabinet\/#primaryimage"},"thumbnailUrl":"https:\/\/www.smile-labfurniture.com\/wp-content\/uploads\/2025\/12\/f41fe195407d34ce2cd0555f0688dc4b.webp","datePublished":"2025-12-21T10:24:15+00:00","dateModified":"2026-02-02T06:34:10+00:00","breadcrumb":{"@id":"https:\/\/www.smile-labfurniture.com\/product\/gas-bottle-cabinet\/#breadcrumb"},"inLanguage":"es","potentialAction":[{"@type":"ReadAction","target":["https:\/\/www.smile-labfurniture.com\/product\/gas-bottle-cabinet\/"]}]},{"@type":"ImageObject","inLanguage":"es","@id":"https:\/\/www.smile-labfurniture.com\/product\/gas-bottle-cabinet\/#primaryimage","url":"https:\/\/www.smile-labfurniture.com\/wp-content\/uploads\/2025\/12\/f41fe195407d34ce2cd0555f0688dc4b.webp","contentUrl":"https:\/\/www.smile-labfurniture.com\/wp-content\/uploads\/2025\/12\/f41fe195407d34ce2cd0555f0688dc4b.webp","width":700,"height":700},{"@type":"BreadcrumbList","@id":"https:\/\/www.smile-labfurniture.com\/product\/gas-bottle-cabinet\/#breadcrumb","itemListElement":[{"@type":"ListItem","position":1,"name":"\u9996\u9875","item":"https:\/\/www.smile-labfurniture.com\/"},{"@type":"ListItem","position":2,"name":"Shop","item":"https:\/\/www.smile-labfurniture.com\/shop\/"},{"@type":"ListItem","position":3,"name":"Gas bottle cabinet"}]},{"@type":"WebSite","@id":"https:\/\/www.smile-labfurniture.com\/#website","url":"https:\/\/www.smile-labfurniture.com\/","name":"SMILELAB","description":"","publisher":{"@id":"https:\/\/www.smile-labfurniture.com\/#organization"},"potentialAction":[{"@type":"SearchAction","target":{"@type":"EntryPoint","urlTemplate":"https:\/\/www.smile-labfurniture.com\/?s={search_term_string}"},"query-input":{"@type":"PropertyValueSpecification","valueRequired":true,"valueName":"search_term_string"}}],"inLanguage":"es"},{"@type":"Organization","@id":"https:\/\/www.smile-labfurniture.com\/#organization","name":"SMILELAB","url":"https:\/\/www.smile-labfurniture.com\/","logo":{"@type":"ImageObject","inLanguage":"es","@id":"https:\/\/www.smile-labfurniture.com\/#\/schema\/logo\/image\/","url":"https:\/\/www.smile-labfurniture.com\/wp-content\/uploads\/2020\/06\/QQ_1764744017650.png","contentUrl":"https:\/\/www.smile-labfurniture.com\/wp-content\/uploads\/2020\/06\/QQ_1764744017650.png","width":355,"height":48,"caption":"SMILELAB"},"image":{"@id":"https:\/\/www.smile-labfurniture.com\/#\/schema\/logo\/image\/"},"sameAs":["https:\/\/www.facebook.com\/share\/1DxYQBbYb1\/?mibextid=wwXIfr"]}]}},"_links":{"self":[{"href":"https:\/\/www.smile-labfurniture.com\/es\/wp-json\/wp\/v2\/product\/5072","targetHints":{"allow":["GET"]}}],"collection":[{"href":"https:\/\/www.smile-labfurniture.com\/es\/wp-json\/wp\/v2\/product"}],"about":[{"href":"https:\/\/www.smile-labfurniture.com\/es\/wp-json\/wp\/v2\/types\/product"}],"replies":[{"embeddable":true,"href":"https:\/\/www.smile-labfurniture.com\/es\/wp-json\/wp\/v2\/comments?post=5072"}],"wp:featuredmedia":[{"embeddable":true,"href":"https:\/\/www.smile-labfurniture.com\/es\/wp-json\/wp\/v2\/media\/5189"}],"wp:attachment":[{"href":"https:\/\/www.smile-labfurniture.com\/es\/wp-json\/wp\/v2\/media?parent=5072"}],"wp:term":[{"taxonomy":"product_cat","embeddable":true,"href":"https:\/\/www.smile-labfurniture.com\/es\/wp-json\/wp\/v2\/product_cat?post=5072"},{"taxonomy":"product_tag","embeddable":true,"href":"https:\/\/www.smile-labfurniture.com\/es\/wp-json\/wp\/v2\/product_tag?post=5072"},{"taxonomy":"product_brand","embeddable":true,"href":"https:\/\/www.smile-labfurniture.com\/es\/wp-json\/wp\/v2\/product_brand?post=5072"}],"curies":[{"name":"wp","href":"https:\/\/api.w.org\/{rel}","templated":true}]}}