{"id":5069,"date":"2025-12-21T10:21:56","date_gmt":"2025-12-21T10:21:56","guid":{"rendered":"http:\/\/www.smile-labfurniture.com\/?post_type=product&#038;p=5069"},"modified":"2026-02-02T07:13:17","modified_gmt":"2026-02-02T07:13:17","slug":"explosion-proof-cabinet","status":"publish","type":"product","link":"https:\/\/www.smile-labfurniture.com\/es\/producto\/explosion-proof-cabinet\/","title":{"rendered":"Armario antideflagrante"},"content":{"rendered":"<p>\u25c6El armario est\u00e1 fabricado con chapa de acero de alta calidad de 1,0 de grosor soldada. La superficie ha sido estrictamente decapada y fosfatada y luego rociada electrost\u00e1ticamente con resina epoxi. Tiene una vida \u00fatil de hasta diez a\u00f1os y cuenta con una excelente seguridad contra incendios.<\/p>\n<p>\u25c6El armario de seguridad contra incendios est\u00e1 construido con placas de acero ign\u00edfugo de doble capa en su conjunto, y la distancia entre las dos capas de placas de acero es de 40 mm.<\/p>\n<p>\u25c6Para regular el almacenamiento de l\u00edquidos inflamables y explosivos y productos qu\u00edmicos peligrosos se utilizan armarios de seguridad de alto rendimiento que cumplen las normas de la OSHA (Administraci\u00f3n de Seguridad y Salud Ocupacional de Estados Unidos) y los requisitos del art\u00edculo 30 de la NFPA (Asociaci\u00f3n Nacional de Protecci\u00f3n contra Incendios).<\/p>\n<p>\u25c6Utilizaci\u00f3n de chapas de acero laminado en fr\u00edo de alta calidad para aumentar la resistencia y una mejor resistencia al fuego.<\/p>\n<p>\u25c6El dep\u00f3sito antifugas de 50 mm de altura situado en la parte inferior del armario evita el derrame de l\u00edquidos qu\u00edmicos.<\/p>\n<p>\u25c6Unique galvanizado placa de capa, anti-corrosi\u00f3n, anti-fuga de l\u00edquido, puede soportar 400lbs tanque de seguridad de acero.<\/p>\n<p>\u25c6El interior y el exterior del armario est\u00e1n rociados con pintura de resina epoxi duradera y sin plomo para maximizar la resistencia qu\u00edmica.<\/p>\n<p>\u25c6Marcado con etiquetas de alta visibilidad en tres idiomas y resistente a la corrosi\u00f3n.<\/p>\n<p>\u25c6A ambos lados del cuerpo del armario hay dos rejillas de ventilaci\u00f3n que pueden equiparse con dispositivos de protecci\u00f3n contra incendios.<\/p>\n<p>[Observaciones] El producto est\u00e1 disponible en tres colores: rojo (el rojo indica l\u00edquido inflamable), amarillo (el amarillo indica l\u00edquido inflamable) y azul (el azul indica l\u00edquido d\u00e9bilmente corrosivo). Los tres colores tienen el mismo tama\u00f1o y diferentes tipos de productos qu\u00edmicos almacenados. Cuando almacene productos qu\u00edmicos, utilice etiquetas de colores para identificar, organizar y separar los distintos l\u00edquidos inflamables o peligrosos. Esto tambi\u00e9n facilitar\u00e1 a los bomberos la identificaci\u00f3n de los peligros en caso de incendio.<\/p>\n<p>&nbsp;<\/p>\n<p>Los armarios de seguridad antiincendios de varios tama\u00f1os pueden proporcionarle un almacenamiento seguro de l\u00edquidos y productos qu\u00edmicos inflamables e inflamables. El armario compacto para productos qu\u00edmicos puede colocarse en su lugar de trabajo para almacenar combustibles, carburantes y disolventes org\u00e1nicos, ahorr\u00e1ndole la molestia de ir y volver del almac\u00e9n de mercanc\u00edas peligrosas. Incluso en espacios de trabajo reducidos, los armarios de seguridad contra incendios peque\u00f1os pueden proporcionarle un almacenamiento seguro de l\u00edquidos y productos qu\u00edmicos inflamables y combustibles.<img loading=\"lazy\" decoding=\"async\" class=\"alignnone size-full wp-image-5192\" src=\"https:\/\/www.smile-labfurniture.com\/wp-content\/uploads\/2025\/12\/fKDFOu7Pr.webp\" alt=\"\" width=\"700\" height=\"700\" srcset=\"https:\/\/www.smile-labfurniture.com\/wp-content\/uploads\/2025\/12\/fKDFOu7Pr.webp 700w, https:\/\/www.smile-labfurniture.com\/wp-content\/uploads\/2025\/12\/fKDFOu7Pr-300x300.webp 300w, https:\/\/www.smile-labfurniture.com\/wp-content\/uploads\/2025\/12\/fKDFOu7Pr-12x12.webp 12w\" sizes=\"auto, (max-width: 700px) 100vw, 700px\" \/><\/p>","protected":false},"excerpt":{"rendered":"<p>Puede personalizar sus especificaciones<\/p>","protected":false},"featured_media":5192,"comment_status":"closed","ping_status":"closed","template":"","meta":[],"product_cat":[105],"product_tag":[],"product_brand":[],"class_list":["post-5069","product","type-product","status-publish","has-post-thumbnail","hentry","product_cat-reagent-cabinet"],"yoast_head":"<!-- This site is optimized with the Yoast SEO plugin v26.6 - https:\/\/yoast.com\/wordpress\/plugins\/seo\/ -->\n<title>Explosion-proof locker - SMILELAB<\/title>\n<meta name=\"robots\" content=\"index, follow, max-snippet:-1, max-image-preview:large, max-video-preview:-1\" \/>\n<link rel=\"canonical\" href=\"https:\/\/www.smile-labfurniture.com\/es\/producto\/explosion-proof-cabinet\/\" \/>\n<meta property=\"og:locale\" content=\"es_ES\" \/>\n<meta property=\"og:type\" content=\"article\" \/>\n<meta property=\"og:title\" content=\"Explosion-proof locker - SMILELAB\" \/>\n<meta property=\"og:description\" content=\"Can customize your specifications\" \/>\n<meta property=\"og:url\" content=\"https:\/\/www.smile-labfurniture.com\/es\/producto\/explosion-proof-cabinet\/\" \/>\n<meta property=\"og:site_name\" content=\"SMILELAB\" \/>\n<meta property=\"article:publisher\" content=\"https:\/\/www.facebook.com\/share\/1DxYQBbYb1\/?mibextid=wwXIfr\" \/>\n<meta property=\"article:modified_time\" content=\"2026-02-02T07:13:17+00:00\" \/>\n<meta property=\"og:image\" content=\"https:\/\/www.smile-labfurniture.com\/wp-content\/uploads\/2025\/12\/fKDFOu7Pr.webp\" \/>\n\t<meta property=\"og:image:width\" content=\"700\" \/>\n\t<meta property=\"og:image:height\" content=\"700\" \/>\n\t<meta property=\"og:image:type\" content=\"image\/webp\" \/>\n<meta name=\"twitter:card\" content=\"summary_large_image\" \/>\n<meta name=\"twitter:label1\" content=\"Tiempo de lectura\" \/>\n\t<meta name=\"twitter:data1\" content=\"2 minutos\" \/>\n<script type=\"application\/ld+json\" class=\"yoast-schema-graph\">{\"@context\":\"https:\/\/schema.org\",\"@graph\":[{\"@type\":\"WebPage\",\"@id\":\"https:\/\/www.smile-labfurniture.com\/product\/explosion-proof-cabinet\/\",\"url\":\"https:\/\/www.smile-labfurniture.com\/product\/explosion-proof-cabinet\/\",\"name\":\"Explosion-proof locker - SMILELAB\",\"isPartOf\":{\"@id\":\"https:\/\/www.smile-labfurniture.com\/#website\"},\"primaryImageOfPage\":{\"@id\":\"https:\/\/www.smile-labfurniture.com\/product\/explosion-proof-cabinet\/#primaryimage\"},\"image\":{\"@id\":\"https:\/\/www.smile-labfurniture.com\/product\/explosion-proof-cabinet\/#primaryimage\"},\"thumbnailUrl\":\"https:\/\/www.smile-labfurniture.com\/wp-content\/uploads\/2025\/12\/fKDFOu7Pr.webp\",\"datePublished\":\"2025-12-21T10:21:56+00:00\",\"dateModified\":\"2026-02-02T07:13:17+00:00\",\"breadcrumb\":{\"@id\":\"https:\/\/www.smile-labfurniture.com\/product\/explosion-proof-cabinet\/#breadcrumb\"},\"inLanguage\":\"es\",\"potentialAction\":[{\"@type\":\"ReadAction\",\"target\":[\"https:\/\/www.smile-labfurniture.com\/product\/explosion-proof-cabinet\/\"]}]},{\"@type\":\"ImageObject\",\"inLanguage\":\"es\",\"@id\":\"https:\/\/www.smile-labfurniture.com\/product\/explosion-proof-cabinet\/#primaryimage\",\"url\":\"https:\/\/www.smile-labfurniture.com\/wp-content\/uploads\/2025\/12\/fKDFOu7Pr.webp\",\"contentUrl\":\"https:\/\/www.smile-labfurniture.com\/wp-content\/uploads\/2025\/12\/fKDFOu7Pr.webp\",\"width\":700,\"height\":700},{\"@type\":\"BreadcrumbList\",\"@id\":\"https:\/\/www.smile-labfurniture.com\/product\/explosion-proof-cabinet\/#breadcrumb\",\"itemListElement\":[{\"@type\":\"ListItem\",\"position\":1,\"name\":\"\u9996\u9875\",\"item\":\"https:\/\/www.smile-labfurniture.com\/\"},{\"@type\":\"ListItem\",\"position\":2,\"name\":\"Shop\",\"item\":\"https:\/\/www.smile-labfurniture.com\/shop\/\"},{\"@type\":\"ListItem\",\"position\":3,\"name\":\"Explosion-proof locker\"}]},{\"@type\":\"WebSite\",\"@id\":\"https:\/\/www.smile-labfurniture.com\/#website\",\"url\":\"https:\/\/www.smile-labfurniture.com\/\",\"name\":\"SMILELAB\",\"description\":\"\",\"publisher\":{\"@id\":\"https:\/\/www.smile-labfurniture.com\/#organization\"},\"potentialAction\":[{\"@type\":\"SearchAction\",\"target\":{\"@type\":\"EntryPoint\",\"urlTemplate\":\"https:\/\/www.smile-labfurniture.com\/?s={search_term_string}\"},\"query-input\":{\"@type\":\"PropertyValueSpecification\",\"valueRequired\":true,\"valueName\":\"search_term_string\"}}],\"inLanguage\":\"es\"},{\"@type\":\"Organization\",\"@id\":\"https:\/\/www.smile-labfurniture.com\/#organization\",\"name\":\"SMILELAB\",\"url\":\"https:\/\/www.smile-labfurniture.com\/\",\"logo\":{\"@type\":\"ImageObject\",\"inLanguage\":\"es\",\"@id\":\"https:\/\/www.smile-labfurniture.com\/#\/schema\/logo\/image\/\",\"url\":\"https:\/\/www.smile-labfurniture.com\/wp-content\/uploads\/2020\/06\/QQ_1764744017650.png\",\"contentUrl\":\"https:\/\/www.smile-labfurniture.com\/wp-content\/uploads\/2020\/06\/QQ_1764744017650.png\",\"width\":355,\"height\":48,\"caption\":\"SMILELAB\"},\"image\":{\"@id\":\"https:\/\/www.smile-labfurniture.com\/#\/schema\/logo\/image\/\"},\"sameAs\":[\"https:\/\/www.facebook.com\/share\/1DxYQBbYb1\/?mibextid=wwXIfr\"]}]}<\/script>\n<!-- \/ Yoast SEO plugin. -->","yoast_head_json":{"title":"Explosion-proof locker - SMILELAB","robots":{"index":"index","follow":"follow","max-snippet":"max-snippet:-1","max-image-preview":"max-image-preview:large","max-video-preview":"max-video-preview:-1"},"canonical":"https:\/\/www.smile-labfurniture.com\/es\/producto\/explosion-proof-cabinet\/","og_locale":"es_ES","og_type":"article","og_title":"Explosion-proof locker - SMILELAB","og_description":"Can customize your specifications","og_url":"https:\/\/www.smile-labfurniture.com\/es\/producto\/explosion-proof-cabinet\/","og_site_name":"SMILELAB","article_publisher":"https:\/\/www.facebook.com\/share\/1DxYQBbYb1\/?mibextid=wwXIfr","article_modified_time":"2026-02-02T07:13:17+00:00","og_image":[{"width":700,"height":700,"url":"https:\/\/www.smile-labfurniture.com\/wp-content\/uploads\/2025\/12\/fKDFOu7Pr.webp","type":"image\/webp"}],"twitter_card":"summary_large_image","twitter_misc":{"Tiempo de lectura":"2 minutos"},"schema":{"@context":"https:\/\/schema.org","@graph":[{"@type":"WebPage","@id":"https:\/\/www.smile-labfurniture.com\/product\/explosion-proof-cabinet\/","url":"https:\/\/www.smile-labfurniture.com\/product\/explosion-proof-cabinet\/","name":"Explosion-proof locker - SMILELAB","isPartOf":{"@id":"https:\/\/www.smile-labfurniture.com\/#website"},"primaryImageOfPage":{"@id":"https:\/\/www.smile-labfurniture.com\/product\/explosion-proof-cabinet\/#primaryimage"},"image":{"@id":"https:\/\/www.smile-labfurniture.com\/product\/explosion-proof-cabinet\/#primaryimage"},"thumbnailUrl":"https:\/\/www.smile-labfurniture.com\/wp-content\/uploads\/2025\/12\/fKDFOu7Pr.webp","datePublished":"2025-12-21T10:21:56+00:00","dateModified":"2026-02-02T07:13:17+00:00","breadcrumb":{"@id":"https:\/\/www.smile-labfurniture.com\/product\/explosion-proof-cabinet\/#breadcrumb"},"inLanguage":"es","potentialAction":[{"@type":"ReadAction","target":["https:\/\/www.smile-labfurniture.com\/product\/explosion-proof-cabinet\/"]}]},{"@type":"ImageObject","inLanguage":"es","@id":"https:\/\/www.smile-labfurniture.com\/product\/explosion-proof-cabinet\/#primaryimage","url":"https:\/\/www.smile-labfurniture.com\/wp-content\/uploads\/2025\/12\/fKDFOu7Pr.webp","contentUrl":"https:\/\/www.smile-labfurniture.com\/wp-content\/uploads\/2025\/12\/fKDFOu7Pr.webp","width":700,"height":700},{"@type":"BreadcrumbList","@id":"https:\/\/www.smile-labfurniture.com\/product\/explosion-proof-cabinet\/#breadcrumb","itemListElement":[{"@type":"ListItem","position":1,"name":"\u9996\u9875","item":"https:\/\/www.smile-labfurniture.com\/"},{"@type":"ListItem","position":2,"name":"Shop","item":"https:\/\/www.smile-labfurniture.com\/shop\/"},{"@type":"ListItem","position":3,"name":"Explosion-proof locker"}]},{"@type":"WebSite","@id":"https:\/\/www.smile-labfurniture.com\/#website","url":"https:\/\/www.smile-labfurniture.com\/","name":"SMILELAB","description":"","publisher":{"@id":"https:\/\/www.smile-labfurniture.com\/#organization"},"potentialAction":[{"@type":"SearchAction","target":{"@type":"EntryPoint","urlTemplate":"https:\/\/www.smile-labfurniture.com\/?s={search_term_string}"},"query-input":{"@type":"PropertyValueSpecification","valueRequired":true,"valueName":"search_term_string"}}],"inLanguage":"es"},{"@type":"Organization","@id":"https:\/\/www.smile-labfurniture.com\/#organization","name":"SMILELAB","url":"https:\/\/www.smile-labfurniture.com\/","logo":{"@type":"ImageObject","inLanguage":"es","@id":"https:\/\/www.smile-labfurniture.com\/#\/schema\/logo\/image\/","url":"https:\/\/www.smile-labfurniture.com\/wp-content\/uploads\/2020\/06\/QQ_1764744017650.png","contentUrl":"https:\/\/www.smile-labfurniture.com\/wp-content\/uploads\/2020\/06\/QQ_1764744017650.png","width":355,"height":48,"caption":"SMILELAB"},"image":{"@id":"https:\/\/www.smile-labfurniture.com\/#\/schema\/logo\/image\/"},"sameAs":["https:\/\/www.facebook.com\/share\/1DxYQBbYb1\/?mibextid=wwXIfr"]}]}},"_links":{"self":[{"href":"https:\/\/www.smile-labfurniture.com\/es\/wp-json\/wp\/v2\/product\/5069","targetHints":{"allow":["GET"]}}],"collection":[{"href":"https:\/\/www.smile-labfurniture.com\/es\/wp-json\/wp\/v2\/product"}],"about":[{"href":"https:\/\/www.smile-labfurniture.com\/es\/wp-json\/wp\/v2\/types\/product"}],"replies":[{"embeddable":true,"href":"https:\/\/www.smile-labfurniture.com\/es\/wp-json\/wp\/v2\/comments?post=5069"}],"wp:featuredmedia":[{"embeddable":true,"href":"https:\/\/www.smile-labfurniture.com\/es\/wp-json\/wp\/v2\/media\/5192"}],"wp:attachment":[{"href":"https:\/\/www.smile-labfurniture.com\/es\/wp-json\/wp\/v2\/media?parent=5069"}],"wp:term":[{"taxonomy":"product_cat","embeddable":true,"href":"https:\/\/www.smile-labfurniture.com\/es\/wp-json\/wp\/v2\/product_cat?post=5069"},{"taxonomy":"product_tag","embeddable":true,"href":"https:\/\/www.smile-labfurniture.com\/es\/wp-json\/wp\/v2\/product_tag?post=5069"},{"taxonomy":"product_brand","embeddable":true,"href":"https:\/\/www.smile-labfurniture.com\/es\/wp-json\/wp\/v2\/product_brand?post=5069"}],"curies":[{"name":"wp","href":"https:\/\/api.w.org\/{rel}","templated":true}]}}