{"id":5060,"date":"2025-12-21T10:12:32","date_gmt":"2025-12-21T10:12:32","guid":{"rendered":"http:\/\/www.smile-labfurniture.com\/?post_type=product&#038;p=5060"},"modified":"2026-02-02T08:54:27","modified_gmt":"2026-02-02T08:54:27","slug":"purify-medicine-cabinet","status":"publish","type":"product","link":"https:\/\/www.smile-labfurniture.com\/es\/producto\/purify-medicine-cabinet\/","title":{"rendered":"Purificar el botiqu\u00edn"},"content":{"rendered":"<p>A. Atributos b\u00e1sicos de los botiquines purificadores de gas<br \/>\n1. Capacidad de tratamiento de aire: 240 m\u00b3\/h<br \/>\n2. Volumen del armario: 0,61 m\u00b3<br \/>\n3. Capacidad de almacenamiento: 160 botellas (500 ml por botella)<br \/>\n4. Bandeja de agua: 6L<br \/>\n5. Capacidad de carga del laminado: 100 kg<br \/>\n6. Tasa de intercambio de aire: 410 veces\/hora<br \/>\n7. Potencia total: 30 vatios<br \/>\n8. Corriente: 1,2 A<br \/>\n9. Volumen: \u226441,6dba<br \/>\n10. Tensi\u00f3n\/frecuencia: 220V\/50Hz<br \/>\n11. Dimensiones (mm)<br \/>\n12. Interior: W33\u2033*D15\u2033*H63\u2033<br \/>\n13. Exterior: W35\u2033*D18\u2033*H71\u2033<br \/>\nB. Material del botiqu\u00edn purificador de gas<br \/>\n1. Cuerpo del armario: chapa de acero galvanizado de 1,2 mm, recubierto con revestimiento de resina epoxi resistente a \u00e1cidos y \u00e1lcalis, las piezas de soporte de carga son de acero galvanizado espesado de 3,0 mm.<br \/>\n2. Cuerpo de la puerta: aleaci\u00f3n de aluminio con incrustaciones de acr\u00edlico transparente de alta calidad de 5 mm, con im\u00e1n permanente oculto en el interior.<br \/>\n3. Caja de \u00e1cido clorh\u00eddrico: Material PP para almacenar \u00e1cido fuerte (400*300*285mm)<br \/>\n4. Capacidad de almacenamiento de la caja de \u00e1cido clorh\u00eddrico: 12 botellas\/500 ml<br \/>\n5. Etiquetas magn\u00e9ticas: identificaci\u00f3n del tipo de producto qu\u00edmico<br \/>\n6. Panel de la puerta delantera: puerta \u00fanica, tama\u00f1o 800 de ancho * 1735 mm de alto, aleaci\u00f3n de aluminio con incrustaciones de panel de puerta acr\u00edlico de alta calidad en los cuatro lados (grosor total 20 mm).<br \/>\n7. 7. Tirador de puerta: 4 estilos disponibles (negro, blanco, vertical, tirador grande)<br \/>\n8. Estantes ajustables: 50 kg de carga, 4 estantes ajustables con orificios de ventilaci\u00f3n uniformes<br \/>\n9. Pantalla LED: Gran pantalla LED inteligente que muestra la temperatura en el interior de la cabina, la velocidad del ventilador, la cuenta atr\u00e1s de la vida \u00fatil del filtro, la salida del filtro y la concentraci\u00f3n de TVOC en el aire interior (opcional).<br \/>\n10. Monitor de COV en el aire interior: monitorizaci\u00f3n en l\u00ednea en tiempo real durante 24 horas de la concentraci\u00f3n de COV en el aire interior y visualizaci\u00f3n del valor en PPM. (opcional)<br \/>\n11. Alarma de monitorizaci\u00f3n de la saturaci\u00f3n del filtro: monitorizaci\u00f3n en l\u00ednea en tiempo real durante 24 horas de la concentraci\u00f3n de COVT a la salida del filtro y visualizaci\u00f3n del valor en PPM (opcional).<br \/>\n12. Ajuste de la velocidad del ventilador: La velocidad del ventilador se puede ajustar manualmente para garantizar la velocidad del viento<br \/>\n13. Bandeja de agua: 15L de capacidad, viene con almohadilla de adsorci\u00f3n<br \/>\n14. Ventilador: corriente de 24 voltios, ventilador importado de Estados Unidos, rendimiento estable, ultrasilencioso, motor sin escobillas.<br \/>\n15. Interfaz: Cable de alimentaci\u00f3n antiinterferencias electromagn\u00e9ticas.<br \/>\n16. M\u00f3dulo filtrante: polipropileno (material PP)<br \/>\nC. Modelos opcionales de filtros purificadores de gases para botiquines:<br \/>\nFiltro tipo YJ, principalmente para gases org\u00e1nicos<br \/>\nEl filtro tipo TY tiene una gran capacidad de adsorci\u00f3n de gases \u00e1cidos y org\u00e1nicos<br \/>\nEl filtro HEPA, H14, es un filtro de part\u00edculas con una eficacia de filtraci\u00f3n de 99,995% para part\u00edculas mayores de 0,3\u03bcm.<\/p>\n<p>&nbsp;<\/p>\n<p><img loading=\"lazy\" decoding=\"async\" class=\"alignnone size-full wp-image-5197\" src=\"https:\/\/www.smile-labfurniture.com\/wp-content\/uploads\/2025\/12\/fKDFOu7Pr-1.webp\" alt=\"\" width=\"2000\" height=\"2000\" srcset=\"https:\/\/www.smile-labfurniture.com\/wp-content\/uploads\/2025\/12\/fKDFOu7Pr-1.webp 2000w, https:\/\/www.smile-labfurniture.com\/wp-content\/uploads\/2025\/12\/fKDFOu7Pr-1-300x300.webp 300w, https:\/\/www.smile-labfurniture.com\/wp-content\/uploads\/2025\/12\/fKDFOu7Pr-1-12x12.webp 12w\" sizes=\"auto, (max-width: 2000px) 100vw, 2000px\" \/><\/p>","protected":false},"excerpt":{"rendered":"<p>Puede personalizar sus especificaciones<\/p>","protected":false},"featured_media":5197,"comment_status":"closed","ping_status":"closed","template":"","meta":[],"product_cat":[105],"product_tag":[],"product_brand":[],"class_list":["post-5060","product","type-product","status-publish","has-post-thumbnail","hentry","product_cat-reagent-cabinet"],"yoast_head":"<!-- This site is optimized with the Yoast SEO plugin v26.6 - https:\/\/yoast.com\/wordpress\/plugins\/seo\/ -->\n<title>Purify medicine cabinet - SMILELAB<\/title>\n<meta name=\"robots\" content=\"index, follow, max-snippet:-1, max-image-preview:large, max-video-preview:-1\" \/>\n<link rel=\"canonical\" href=\"https:\/\/www.smile-labfurniture.com\/es\/producto\/purify-medicine-cabinet\/\" \/>\n<meta property=\"og:locale\" content=\"es_ES\" \/>\n<meta property=\"og:type\" content=\"article\" \/>\n<meta property=\"og:title\" content=\"Purify medicine cabinet - SMILELAB\" \/>\n<meta property=\"og:description\" content=\"Can customize your specifications\" \/>\n<meta property=\"og:url\" content=\"https:\/\/www.smile-labfurniture.com\/es\/producto\/purify-medicine-cabinet\/\" \/>\n<meta property=\"og:site_name\" content=\"SMILELAB\" \/>\n<meta property=\"article:publisher\" content=\"https:\/\/www.facebook.com\/share\/1DxYQBbYb1\/?mibextid=wwXIfr\" \/>\n<meta property=\"article:modified_time\" content=\"2026-02-02T08:54:27+00:00\" \/>\n<meta property=\"og:image\" content=\"https:\/\/www.smile-labfurniture.com\/wp-content\/uploads\/2025\/12\/fKDFOu7Pr-1.webp\" \/>\n\t<meta property=\"og:image:width\" content=\"2000\" \/>\n\t<meta property=\"og:image:height\" content=\"2000\" \/>\n\t<meta property=\"og:image:type\" content=\"image\/webp\" \/>\n<meta name=\"twitter:card\" content=\"summary_large_image\" \/>\n<meta name=\"twitter:label1\" content=\"Tiempo de lectura\" \/>\n\t<meta name=\"twitter:data1\" content=\"2 minutos\" \/>\n<script type=\"application\/ld+json\" class=\"yoast-schema-graph\">{\"@context\":\"https:\/\/schema.org\",\"@graph\":[{\"@type\":\"WebPage\",\"@id\":\"https:\/\/www.smile-labfurniture.com\/product\/purify-medicine-cabinet\/\",\"url\":\"https:\/\/www.smile-labfurniture.com\/product\/purify-medicine-cabinet\/\",\"name\":\"Purify medicine cabinet - SMILELAB\",\"isPartOf\":{\"@id\":\"https:\/\/www.smile-labfurniture.com\/#website\"},\"primaryImageOfPage\":{\"@id\":\"https:\/\/www.smile-labfurniture.com\/product\/purify-medicine-cabinet\/#primaryimage\"},\"image\":{\"@id\":\"https:\/\/www.smile-labfurniture.com\/product\/purify-medicine-cabinet\/#primaryimage\"},\"thumbnailUrl\":\"https:\/\/www.smile-labfurniture.com\/wp-content\/uploads\/2025\/12\/fKDFOu7Pr-1.webp\",\"datePublished\":\"2025-12-21T10:12:32+00:00\",\"dateModified\":\"2026-02-02T08:54:27+00:00\",\"breadcrumb\":{\"@id\":\"https:\/\/www.smile-labfurniture.com\/product\/purify-medicine-cabinet\/#breadcrumb\"},\"inLanguage\":\"es\",\"potentialAction\":[{\"@type\":\"ReadAction\",\"target\":[\"https:\/\/www.smile-labfurniture.com\/product\/purify-medicine-cabinet\/\"]}]},{\"@type\":\"ImageObject\",\"inLanguage\":\"es\",\"@id\":\"https:\/\/www.smile-labfurniture.com\/product\/purify-medicine-cabinet\/#primaryimage\",\"url\":\"https:\/\/www.smile-labfurniture.com\/wp-content\/uploads\/2025\/12\/fKDFOu7Pr-1.webp\",\"contentUrl\":\"https:\/\/www.smile-labfurniture.com\/wp-content\/uploads\/2025\/12\/fKDFOu7Pr-1.webp\",\"width\":2000,\"height\":2000},{\"@type\":\"BreadcrumbList\",\"@id\":\"https:\/\/www.smile-labfurniture.com\/product\/purify-medicine-cabinet\/#breadcrumb\",\"itemListElement\":[{\"@type\":\"ListItem\",\"position\":1,\"name\":\"\u9996\u9875\",\"item\":\"https:\/\/www.smile-labfurniture.com\/\"},{\"@type\":\"ListItem\",\"position\":2,\"name\":\"Shop\",\"item\":\"https:\/\/www.smile-labfurniture.com\/shop\/\"},{\"@type\":\"ListItem\",\"position\":3,\"name\":\"Purify medicine cabinet\"}]},{\"@type\":\"WebSite\",\"@id\":\"https:\/\/www.smile-labfurniture.com\/#website\",\"url\":\"https:\/\/www.smile-labfurniture.com\/\",\"name\":\"SMILELAB\",\"description\":\"\",\"publisher\":{\"@id\":\"https:\/\/www.smile-labfurniture.com\/#organization\"},\"potentialAction\":[{\"@type\":\"SearchAction\",\"target\":{\"@type\":\"EntryPoint\",\"urlTemplate\":\"https:\/\/www.smile-labfurniture.com\/?s={search_term_string}\"},\"query-input\":{\"@type\":\"PropertyValueSpecification\",\"valueRequired\":true,\"valueName\":\"search_term_string\"}}],\"inLanguage\":\"es\"},{\"@type\":\"Organization\",\"@id\":\"https:\/\/www.smile-labfurniture.com\/#organization\",\"name\":\"SMILELAB\",\"url\":\"https:\/\/www.smile-labfurniture.com\/\",\"logo\":{\"@type\":\"ImageObject\",\"inLanguage\":\"es\",\"@id\":\"https:\/\/www.smile-labfurniture.com\/#\/schema\/logo\/image\/\",\"url\":\"https:\/\/www.smile-labfurniture.com\/wp-content\/uploads\/2020\/06\/QQ_1764744017650.png\",\"contentUrl\":\"https:\/\/www.smile-labfurniture.com\/wp-content\/uploads\/2020\/06\/QQ_1764744017650.png\",\"width\":355,\"height\":48,\"caption\":\"SMILELAB\"},\"image\":{\"@id\":\"https:\/\/www.smile-labfurniture.com\/#\/schema\/logo\/image\/\"},\"sameAs\":[\"https:\/\/www.facebook.com\/share\/1DxYQBbYb1\/?mibextid=wwXIfr\"]}]}<\/script>\n<!-- \/ Yoast SEO plugin. -->","yoast_head_json":{"title":"Purify medicine cabinet - SMILELAB","robots":{"index":"index","follow":"follow","max-snippet":"max-snippet:-1","max-image-preview":"max-image-preview:large","max-video-preview":"max-video-preview:-1"},"canonical":"https:\/\/www.smile-labfurniture.com\/es\/producto\/purify-medicine-cabinet\/","og_locale":"es_ES","og_type":"article","og_title":"Purify medicine cabinet - SMILELAB","og_description":"Can customize your specifications","og_url":"https:\/\/www.smile-labfurniture.com\/es\/producto\/purify-medicine-cabinet\/","og_site_name":"SMILELAB","article_publisher":"https:\/\/www.facebook.com\/share\/1DxYQBbYb1\/?mibextid=wwXIfr","article_modified_time":"2026-02-02T08:54:27+00:00","og_image":[{"width":2000,"height":2000,"url":"https:\/\/www.smile-labfurniture.com\/wp-content\/uploads\/2025\/12\/fKDFOu7Pr-1.webp","type":"image\/webp"}],"twitter_card":"summary_large_image","twitter_misc":{"Tiempo de lectura":"2 minutos"},"schema":{"@context":"https:\/\/schema.org","@graph":[{"@type":"WebPage","@id":"https:\/\/www.smile-labfurniture.com\/product\/purify-medicine-cabinet\/","url":"https:\/\/www.smile-labfurniture.com\/product\/purify-medicine-cabinet\/","name":"Purify medicine cabinet - SMILELAB","isPartOf":{"@id":"https:\/\/www.smile-labfurniture.com\/#website"},"primaryImageOfPage":{"@id":"https:\/\/www.smile-labfurniture.com\/product\/purify-medicine-cabinet\/#primaryimage"},"image":{"@id":"https:\/\/www.smile-labfurniture.com\/product\/purify-medicine-cabinet\/#primaryimage"},"thumbnailUrl":"https:\/\/www.smile-labfurniture.com\/wp-content\/uploads\/2025\/12\/fKDFOu7Pr-1.webp","datePublished":"2025-12-21T10:12:32+00:00","dateModified":"2026-02-02T08:54:27+00:00","breadcrumb":{"@id":"https:\/\/www.smile-labfurniture.com\/product\/purify-medicine-cabinet\/#breadcrumb"},"inLanguage":"es","potentialAction":[{"@type":"ReadAction","target":["https:\/\/www.smile-labfurniture.com\/product\/purify-medicine-cabinet\/"]}]},{"@type":"ImageObject","inLanguage":"es","@id":"https:\/\/www.smile-labfurniture.com\/product\/purify-medicine-cabinet\/#primaryimage","url":"https:\/\/www.smile-labfurniture.com\/wp-content\/uploads\/2025\/12\/fKDFOu7Pr-1.webp","contentUrl":"https:\/\/www.smile-labfurniture.com\/wp-content\/uploads\/2025\/12\/fKDFOu7Pr-1.webp","width":2000,"height":2000},{"@type":"BreadcrumbList","@id":"https:\/\/www.smile-labfurniture.com\/product\/purify-medicine-cabinet\/#breadcrumb","itemListElement":[{"@type":"ListItem","position":1,"name":"\u9996\u9875","item":"https:\/\/www.smile-labfurniture.com\/"},{"@type":"ListItem","position":2,"name":"Shop","item":"https:\/\/www.smile-labfurniture.com\/shop\/"},{"@type":"ListItem","position":3,"name":"Purify medicine cabinet"}]},{"@type":"WebSite","@id":"https:\/\/www.smile-labfurniture.com\/#website","url":"https:\/\/www.smile-labfurniture.com\/","name":"SMILELAB","description":"","publisher":{"@id":"https:\/\/www.smile-labfurniture.com\/#organization"},"potentialAction":[{"@type":"SearchAction","target":{"@type":"EntryPoint","urlTemplate":"https:\/\/www.smile-labfurniture.com\/?s={search_term_string}"},"query-input":{"@type":"PropertyValueSpecification","valueRequired":true,"valueName":"search_term_string"}}],"inLanguage":"es"},{"@type":"Organization","@id":"https:\/\/www.smile-labfurniture.com\/#organization","name":"SMILELAB","url":"https:\/\/www.smile-labfurniture.com\/","logo":{"@type":"ImageObject","inLanguage":"es","@id":"https:\/\/www.smile-labfurniture.com\/#\/schema\/logo\/image\/","url":"https:\/\/www.smile-labfurniture.com\/wp-content\/uploads\/2020\/06\/QQ_1764744017650.png","contentUrl":"https:\/\/www.smile-labfurniture.com\/wp-content\/uploads\/2020\/06\/QQ_1764744017650.png","width":355,"height":48,"caption":"SMILELAB"},"image":{"@id":"https:\/\/www.smile-labfurniture.com\/#\/schema\/logo\/image\/"},"sameAs":["https:\/\/www.facebook.com\/share\/1DxYQBbYb1\/?mibextid=wwXIfr"]}]}},"_links":{"self":[{"href":"https:\/\/www.smile-labfurniture.com\/es\/wp-json\/wp\/v2\/product\/5060","targetHints":{"allow":["GET"]}}],"collection":[{"href":"https:\/\/www.smile-labfurniture.com\/es\/wp-json\/wp\/v2\/product"}],"about":[{"href":"https:\/\/www.smile-labfurniture.com\/es\/wp-json\/wp\/v2\/types\/product"}],"replies":[{"embeddable":true,"href":"https:\/\/www.smile-labfurniture.com\/es\/wp-json\/wp\/v2\/comments?post=5060"}],"wp:featuredmedia":[{"embeddable":true,"href":"https:\/\/www.smile-labfurniture.com\/es\/wp-json\/wp\/v2\/media\/5197"}],"wp:attachment":[{"href":"https:\/\/www.smile-labfurniture.com\/es\/wp-json\/wp\/v2\/media?parent=5060"}],"wp:term":[{"taxonomy":"product_cat","embeddable":true,"href":"https:\/\/www.smile-labfurniture.com\/es\/wp-json\/wp\/v2\/product_cat?post=5060"},{"taxonomy":"product_tag","embeddable":true,"href":"https:\/\/www.smile-labfurniture.com\/es\/wp-json\/wp\/v2\/product_tag?post=5060"},{"taxonomy":"product_brand","embeddable":true,"href":"https:\/\/www.smile-labfurniture.com\/es\/wp-json\/wp\/v2\/product_brand?post=5060"}],"curies":[{"name":"wp","href":"https:\/\/api.w.org\/{rel}","templated":true}]}}