{"id":5054,"date":"2025-12-21T10:05:49","date_gmt":"2025-12-21T10:05:49","guid":{"rendered":"http:\/\/www.smile-labfurniture.com\/?post_type=product&#038;p=5054"},"modified":"2026-02-02T09:31:27","modified_gmt":"2026-02-02T09:31:27","slug":"three-level-shock-absorbing-sky-platform","status":"publish","type":"product","link":"https:\/\/www.smile-labfurniture.com\/es\/producto\/three-level-shock-absorbing-sky-platform\/","title":{"rendered":"plataforma a\u00e9rea"},"content":{"rendered":"<p>Plataforma celeste amortiguadora de tres niveles:<br \/>\n1. Encimera de plataforma de cielo amortiguadora de tres niveles: La encimera de m\u00e1rmol tiene un grosor de 2\u2033, con soporte de marco de acero incorporado y externalizado con placas de acero laminado en fr\u00edo de alta calidad. Las propiedades radiactivas del m\u00e1rmol cumplen los requisitos de las normas nacionales de decoraci\u00f3n de interiores de mi pa\u00eds. La encimera de m\u00e1rmol est\u00e1 revestida con tornillos de ajuste horizontal de doble precisi\u00f3n y almohadillas antivibraci\u00f3n. El conjunto es s\u00f3lido, liso y bello, y tiene buena resistencia a los golpes.<br \/>\n2. Cuerpo del gabinete de la plataforma del cielo con amortiguaci\u00f3n de tres niveles: Hecho de chapa de acero laminado en fr\u00edo de 1,0 mm, moldeado, y la superficie ha sido tratada con pulverizaci\u00f3n electrost\u00e1tica de polvo de RESINA EPOXI.<br \/>\n3. Marco amortiguador de tres niveles de la plataforma del cielo: La estructura est\u00e1 hecha de chapa de acero laminada en fr\u00edo de 1,0 mm de espesor, moldeada, y la superficie est\u00e1 tratada con pulverizaci\u00f3n electrost\u00e1tica de polvo de RESINA EPOXI. Tiene resistencia a \u00e1cidos, \u00e1lcalis y altas temperaturas, y puede soportar una carga de hasta 150 kilogramos por metro.<br \/>\n4. Pies de ajuste de la plataforma a\u00e9rea amortiguadores de tres niveles: fabricados en acero de alta calidad y caucho especial a prueba de golpes, con altura ajustable de 10 mm a 30 mm, con funci\u00f3n amortiguadora. La superficie met\u00e1lica est\u00e1 rociada con polvo electrost\u00e1tico y es resistente a \u00e1cidos y \u00e1lcalis.<\/p>\n<p>5.Especificaciones y dimensiones:W35\u2033*D24\u2033*H36\u2033.<\/p>\n<p>[Observaciones]:<br \/>\n1. Se recomienda no elegir un armario con funci\u00f3n de almacenamiento para la plataforma de la balanza, ya que afectar\u00e1 a la precisi\u00f3n de la misma. No obstante, para operaciones de equilibrado que requieran poca precisi\u00f3n, puede elegir un armario con funci\u00f3n de almacenamiento.<br \/>\n2. La diferencia entre una plataforma a\u00e9rea ordinaria y una plataforma a\u00e9rea amortiguada de tres niveles es la mesa. El tablero de la plataforma celeste amortiguadora de tres niveles ha sido especialmente tratado para operaciones de equilibrado de alta precisi\u00f3n. Si la precisi\u00f3n de la balanza es superior a 1 mill\u00f3n, se recomienda elegir una plataforma de amortiguaci\u00f3n de tres niveles.<\/p>\n<p>3. Debe haber un espacio entre las plataformas y \u00e9stas no deben estar muy juntas.<\/p>\n<p><img loading=\"lazy\" decoding=\"async\" class=\"alignnone size-full wp-image-5203\" src=\"https:\/\/www.smile-labfurniture.com\/wp-content\/uploads\/2025\/12\/2-2.webp\" alt=\"\" width=\"700\" height=\"700\" srcset=\"https:\/\/www.smile-labfurniture.com\/wp-content\/uploads\/2025\/12\/2-2.webp 700w, https:\/\/www.smile-labfurniture.com\/wp-content\/uploads\/2025\/12\/2-2-300x300.webp 300w, https:\/\/www.smile-labfurniture.com\/wp-content\/uploads\/2025\/12\/2-2-12x12.webp 12w\" sizes=\"auto, (max-width: 700px) 100vw, 700px\" \/><\/p>","protected":false},"excerpt":{"rendered":"<p>Puede personalizar sus especificaciones<\/p>","protected":false},"featured_media":5203,"comment_status":"closed","ping_status":"closed","template":"","meta":[],"product_cat":[15],"product_tag":[],"product_brand":[],"class_list":["post-5054","product","type-product","status-publish","has-post-thumbnail","hentry","product_cat-laboratory-furniture"],"yoast_head":"<!-- This site is optimized with the Yoast SEO plugin v26.6 - https:\/\/yoast.com\/wordpress\/plugins\/seo\/ -->\n<title>sky platform - SMILELAB<\/title>\n<meta name=\"robots\" content=\"index, follow, max-snippet:-1, max-image-preview:large, max-video-preview:-1\" \/>\n<link rel=\"canonical\" href=\"https:\/\/www.smile-labfurniture.com\/es\/producto\/three-level-shock-absorbing-sky-platform\/\" \/>\n<meta property=\"og:locale\" content=\"es_ES\" \/>\n<meta property=\"og:type\" content=\"article\" \/>\n<meta property=\"og:title\" content=\"sky platform - SMILELAB\" \/>\n<meta property=\"og:description\" content=\"Can customize your specifications\" \/>\n<meta property=\"og:url\" content=\"https:\/\/www.smile-labfurniture.com\/es\/producto\/three-level-shock-absorbing-sky-platform\/\" \/>\n<meta property=\"og:site_name\" content=\"SMILELAB\" \/>\n<meta property=\"article:publisher\" content=\"https:\/\/www.facebook.com\/share\/1DxYQBbYb1\/?mibextid=wwXIfr\" \/>\n<meta property=\"article:modified_time\" content=\"2026-02-02T09:31:27+00:00\" \/>\n<meta property=\"og:image\" content=\"https:\/\/www.smile-labfurniture.com\/wp-content\/uploads\/2025\/12\/2-2.webp\" \/>\n\t<meta property=\"og:image:width\" content=\"700\" \/>\n\t<meta property=\"og:image:height\" content=\"700\" \/>\n\t<meta property=\"og:image:type\" content=\"image\/webp\" \/>\n<meta name=\"twitter:card\" content=\"summary_large_image\" \/>\n<meta name=\"twitter:label1\" content=\"Tiempo de lectura\" \/>\n\t<meta name=\"twitter:data1\" content=\"2 minutos\" \/>\n<script type=\"application\/ld+json\" class=\"yoast-schema-graph\">{\"@context\":\"https:\/\/schema.org\",\"@graph\":[{\"@type\":\"WebPage\",\"@id\":\"https:\/\/www.smile-labfurniture.com\/product\/three-level-shock-absorbing-sky-platform\/\",\"url\":\"https:\/\/www.smile-labfurniture.com\/product\/three-level-shock-absorbing-sky-platform\/\",\"name\":\"sky platform - SMILELAB\",\"isPartOf\":{\"@id\":\"https:\/\/www.smile-labfurniture.com\/#website\"},\"primaryImageOfPage\":{\"@id\":\"https:\/\/www.smile-labfurniture.com\/product\/three-level-shock-absorbing-sky-platform\/#primaryimage\"},\"image\":{\"@id\":\"https:\/\/www.smile-labfurniture.com\/product\/three-level-shock-absorbing-sky-platform\/#primaryimage\"},\"thumbnailUrl\":\"https:\/\/www.smile-labfurniture.com\/wp-content\/uploads\/2025\/12\/2-2.webp\",\"datePublished\":\"2025-12-21T10:05:49+00:00\",\"dateModified\":\"2026-02-02T09:31:27+00:00\",\"breadcrumb\":{\"@id\":\"https:\/\/www.smile-labfurniture.com\/product\/three-level-shock-absorbing-sky-platform\/#breadcrumb\"},\"inLanguage\":\"es\",\"potentialAction\":[{\"@type\":\"ReadAction\",\"target\":[\"https:\/\/www.smile-labfurniture.com\/product\/three-level-shock-absorbing-sky-platform\/\"]}]},{\"@type\":\"ImageObject\",\"inLanguage\":\"es\",\"@id\":\"https:\/\/www.smile-labfurniture.com\/product\/three-level-shock-absorbing-sky-platform\/#primaryimage\",\"url\":\"https:\/\/www.smile-labfurniture.com\/wp-content\/uploads\/2025\/12\/2-2.webp\",\"contentUrl\":\"https:\/\/www.smile-labfurniture.com\/wp-content\/uploads\/2025\/12\/2-2.webp\",\"width\":700,\"height\":700},{\"@type\":\"BreadcrumbList\",\"@id\":\"https:\/\/www.smile-labfurniture.com\/product\/three-level-shock-absorbing-sky-platform\/#breadcrumb\",\"itemListElement\":[{\"@type\":\"ListItem\",\"position\":1,\"name\":\"\u9996\u9875\",\"item\":\"https:\/\/www.smile-labfurniture.com\/\"},{\"@type\":\"ListItem\",\"position\":2,\"name\":\"Shop\",\"item\":\"https:\/\/www.smile-labfurniture.com\/shop\/\"},{\"@type\":\"ListItem\",\"position\":3,\"name\":\"sky platform\"}]},{\"@type\":\"WebSite\",\"@id\":\"https:\/\/www.smile-labfurniture.com\/#website\",\"url\":\"https:\/\/www.smile-labfurniture.com\/\",\"name\":\"SMILELAB\",\"description\":\"\",\"publisher\":{\"@id\":\"https:\/\/www.smile-labfurniture.com\/#organization\"},\"potentialAction\":[{\"@type\":\"SearchAction\",\"target\":{\"@type\":\"EntryPoint\",\"urlTemplate\":\"https:\/\/www.smile-labfurniture.com\/?s={search_term_string}\"},\"query-input\":{\"@type\":\"PropertyValueSpecification\",\"valueRequired\":true,\"valueName\":\"search_term_string\"}}],\"inLanguage\":\"es\"},{\"@type\":\"Organization\",\"@id\":\"https:\/\/www.smile-labfurniture.com\/#organization\",\"name\":\"SMILELAB\",\"url\":\"https:\/\/www.smile-labfurniture.com\/\",\"logo\":{\"@type\":\"ImageObject\",\"inLanguage\":\"es\",\"@id\":\"https:\/\/www.smile-labfurniture.com\/#\/schema\/logo\/image\/\",\"url\":\"https:\/\/www.smile-labfurniture.com\/wp-content\/uploads\/2020\/06\/QQ_1764744017650.png\",\"contentUrl\":\"https:\/\/www.smile-labfurniture.com\/wp-content\/uploads\/2020\/06\/QQ_1764744017650.png\",\"width\":355,\"height\":48,\"caption\":\"SMILELAB\"},\"image\":{\"@id\":\"https:\/\/www.smile-labfurniture.com\/#\/schema\/logo\/image\/\"},\"sameAs\":[\"https:\/\/www.facebook.com\/share\/1DxYQBbYb1\/?mibextid=wwXIfr\"]}]}<\/script>\n<!-- \/ Yoast SEO plugin. -->","yoast_head_json":{"title":"sky platform - SMILELAB","robots":{"index":"index","follow":"follow","max-snippet":"max-snippet:-1","max-image-preview":"max-image-preview:large","max-video-preview":"max-video-preview:-1"},"canonical":"https:\/\/www.smile-labfurniture.com\/es\/producto\/three-level-shock-absorbing-sky-platform\/","og_locale":"es_ES","og_type":"article","og_title":"sky platform - SMILELAB","og_description":"Can customize your specifications","og_url":"https:\/\/www.smile-labfurniture.com\/es\/producto\/three-level-shock-absorbing-sky-platform\/","og_site_name":"SMILELAB","article_publisher":"https:\/\/www.facebook.com\/share\/1DxYQBbYb1\/?mibextid=wwXIfr","article_modified_time":"2026-02-02T09:31:27+00:00","og_image":[{"width":700,"height":700,"url":"https:\/\/www.smile-labfurniture.com\/wp-content\/uploads\/2025\/12\/2-2.webp","type":"image\/webp"}],"twitter_card":"summary_large_image","twitter_misc":{"Tiempo de lectura":"2 minutos"},"schema":{"@context":"https:\/\/schema.org","@graph":[{"@type":"WebPage","@id":"https:\/\/www.smile-labfurniture.com\/product\/three-level-shock-absorbing-sky-platform\/","url":"https:\/\/www.smile-labfurniture.com\/product\/three-level-shock-absorbing-sky-platform\/","name":"sky platform - SMILELAB","isPartOf":{"@id":"https:\/\/www.smile-labfurniture.com\/#website"},"primaryImageOfPage":{"@id":"https:\/\/www.smile-labfurniture.com\/product\/three-level-shock-absorbing-sky-platform\/#primaryimage"},"image":{"@id":"https:\/\/www.smile-labfurniture.com\/product\/three-level-shock-absorbing-sky-platform\/#primaryimage"},"thumbnailUrl":"https:\/\/www.smile-labfurniture.com\/wp-content\/uploads\/2025\/12\/2-2.webp","datePublished":"2025-12-21T10:05:49+00:00","dateModified":"2026-02-02T09:31:27+00:00","breadcrumb":{"@id":"https:\/\/www.smile-labfurniture.com\/product\/three-level-shock-absorbing-sky-platform\/#breadcrumb"},"inLanguage":"es","potentialAction":[{"@type":"ReadAction","target":["https:\/\/www.smile-labfurniture.com\/product\/three-level-shock-absorbing-sky-platform\/"]}]},{"@type":"ImageObject","inLanguage":"es","@id":"https:\/\/www.smile-labfurniture.com\/product\/three-level-shock-absorbing-sky-platform\/#primaryimage","url":"https:\/\/www.smile-labfurniture.com\/wp-content\/uploads\/2025\/12\/2-2.webp","contentUrl":"https:\/\/www.smile-labfurniture.com\/wp-content\/uploads\/2025\/12\/2-2.webp","width":700,"height":700},{"@type":"BreadcrumbList","@id":"https:\/\/www.smile-labfurniture.com\/product\/three-level-shock-absorbing-sky-platform\/#breadcrumb","itemListElement":[{"@type":"ListItem","position":1,"name":"\u9996\u9875","item":"https:\/\/www.smile-labfurniture.com\/"},{"@type":"ListItem","position":2,"name":"Shop","item":"https:\/\/www.smile-labfurniture.com\/shop\/"},{"@type":"ListItem","position":3,"name":"sky platform"}]},{"@type":"WebSite","@id":"https:\/\/www.smile-labfurniture.com\/#website","url":"https:\/\/www.smile-labfurniture.com\/","name":"SMILELAB","description":"","publisher":{"@id":"https:\/\/www.smile-labfurniture.com\/#organization"},"potentialAction":[{"@type":"SearchAction","target":{"@type":"EntryPoint","urlTemplate":"https:\/\/www.smile-labfurniture.com\/?s={search_term_string}"},"query-input":{"@type":"PropertyValueSpecification","valueRequired":true,"valueName":"search_term_string"}}],"inLanguage":"es"},{"@type":"Organization","@id":"https:\/\/www.smile-labfurniture.com\/#organization","name":"SMILELAB","url":"https:\/\/www.smile-labfurniture.com\/","logo":{"@type":"ImageObject","inLanguage":"es","@id":"https:\/\/www.smile-labfurniture.com\/#\/schema\/logo\/image\/","url":"https:\/\/www.smile-labfurniture.com\/wp-content\/uploads\/2020\/06\/QQ_1764744017650.png","contentUrl":"https:\/\/www.smile-labfurniture.com\/wp-content\/uploads\/2020\/06\/QQ_1764744017650.png","width":355,"height":48,"caption":"SMILELAB"},"image":{"@id":"https:\/\/www.smile-labfurniture.com\/#\/schema\/logo\/image\/"},"sameAs":["https:\/\/www.facebook.com\/share\/1DxYQBbYb1\/?mibextid=wwXIfr"]}]}},"_links":{"self":[{"href":"https:\/\/www.smile-labfurniture.com\/es\/wp-json\/wp\/v2\/product\/5054","targetHints":{"allow":["GET"]}}],"collection":[{"href":"https:\/\/www.smile-labfurniture.com\/es\/wp-json\/wp\/v2\/product"}],"about":[{"href":"https:\/\/www.smile-labfurniture.com\/es\/wp-json\/wp\/v2\/types\/product"}],"replies":[{"embeddable":true,"href":"https:\/\/www.smile-labfurniture.com\/es\/wp-json\/wp\/v2\/comments?post=5054"}],"wp:featuredmedia":[{"embeddable":true,"href":"https:\/\/www.smile-labfurniture.com\/es\/wp-json\/wp\/v2\/media\/5203"}],"wp:attachment":[{"href":"https:\/\/www.smile-labfurniture.com\/es\/wp-json\/wp\/v2\/media?parent=5054"}],"wp:term":[{"taxonomy":"product_cat","embeddable":true,"href":"https:\/\/www.smile-labfurniture.com\/es\/wp-json\/wp\/v2\/product_cat?post=5054"},{"taxonomy":"product_tag","embeddable":true,"href":"https:\/\/www.smile-labfurniture.com\/es\/wp-json\/wp\/v2\/product_tag?post=5054"},{"taxonomy":"product_brand","embeddable":true,"href":"https:\/\/www.smile-labfurniture.com\/es\/wp-json\/wp\/v2\/product_brand?post=5054"}],"curies":[{"name":"wp","href":"https:\/\/api.w.org\/{rel}","templated":true}]}}