{"id":5047,"date":"2025-12-21T09:59:55","date_gmt":"2025-12-21T09:59:55","guid":{"rendered":"http:\/\/www.smile-labfurniture.com\/?post_type=product&#038;p=5047"},"modified":"2026-01-23T03:40:55","modified_gmt":"2026-01-23T03:40:55","slug":"radiation-protection-fume-hood-effect","status":"publish","type":"product","link":"https:\/\/www.smile-labfurniture.com\/es\/producto\/radiation-protection-fume-hood-effect\/","title":{"rendered":"Vitrina de protecci\u00f3n radiol\u00f3gica"},"content":{"rendered":"<h2 style=\"text-align: center;\"><strong>Protecci\u00f3n radiol\u00f3gica campana extractora m\u00e9dica y de radiaci\u00f3n<\/strong><\/h2>\n<p>1. Carcasa de la campana extractora de protecci\u00f3n contra la radiaci\u00f3n<\/p>\n<p>La carcasa est\u00e1 fabricada con chapa 304 de 1,5 mm de alta calidad a prueba de radiaciones, que se corta, posiciona, perfora, dobla y suelda en un centro de mecanizado CNC. La superficie es lisa y no tiene juntas de soldadura.<\/p>\n<p>2. Carcasa interior de la campana extractora a prueba de radiaciones<\/p>\n<p>Utilice una placa de plomo de apantallamiento de 10 mm.<\/p>\n<p>3. L\u00e1mpara fluorescente de campana extractora a prueba de radiaciones<\/p>\n<p>La l\u00e1mpara fluorescente est\u00e1 oculta en el panel y no entra en contacto con el flujo de aire de la campana extractora, lo que facilita su sustituci\u00f3n. Utiliza una l\u00e1mpara fluorescente de 30 W y est\u00e1 equipada con cristal templado de 5 mm.<\/p>\n<p>4. Asa de la campana extractora a prueba de radiaciones<\/p>\n<p>Mango mate a prueba de radiaciones.<\/p>\n<p>5. Deflector de la campana extractora a prueba de radiaciones<\/p>\n<p>Fabricado en material anticorrosivo gris de 5 mm espec\u00edfico para laboratorios, resistente a \u00e1cidos, \u00e1lcalis y disolventes org\u00e1nicos.<\/p>\n<p>6. Fuente de alimentaci\u00f3n de la campana extractora de protecci\u00f3n contra la radiaci\u00f3n<\/p>\n<p>Utilice tomas de corriente espec\u00edficas para laboratorios.<\/p>\n<p>7. Ventana de la campana extractora de protecci\u00f3n contra la radiaci\u00f3n<\/p>\n<p>El perfil de aluminio se combina con un marco de perfil de pl\u00e1stico. La ventana est\u00e1 hecha de tres piezas de vidrio de seguridad de 5 mm, que pueden moverse a izquierda y derecha. Tambi\u00e9n adopta un dispositivo de equilibrio continuo, que puede moverse hacia arriba y hacia abajo y ajustarse libremente.<\/p>\n<p>8. Pies de ajuste de la campana extractora antirradiaci\u00f3n<\/p>\n<p>Adopta pies de ajuste moldeados por inyecci\u00f3n de \u03c610mm, que son a prueba de golpes, a prueba de humedad y resistentes a la corrosi\u00f3n. La altura del gabinete se puede ajustar apropiadamente seg\u00fan el piso interior, y la altura del ajuste es 0-30m m.<\/p>\n<p>9. Campana extractora anti-radiaci\u00f3n campana colectora de gases<\/p>\n<p>Fabricado en material PP.<\/p>\n<p>10. Caja de distribuci\u00f3n de la campana extractora de protecci\u00f3n radiol\u00f3gica<\/p>\n<p>Cumple los requisitos de alimentaci\u00f3n de 220 V y 380 V, y dispone de dispositivos de protecci\u00f3n contra fugas y del motor.<\/p>\n<p>11. Interruptor de control de la campana extractora de protecci\u00f3n contra la radiaci\u00f3n<\/p>\n<p>Interruptor t\u00e1ctil de 12 V, control centralizado de todo el sistema de circuitos<\/p>\n<p>12. Tecnolog\u00eda de protecci\u00f3n radiol\u00f3gica<\/p>\n<p>Tras la soldadura y el pulido, todos los paneles a prueba de radiaciones son visualmente lisos y no tienen juntas de soldadura. Todos los circuitos de agua, electricidad y gas deben ser seguros, adecuados y estar instalados de forma oculta. Prever orificios de mantenimiento en el panel posterior del armario.<\/p>\n<p>13. Deflectores de la campana extractora de protecci\u00f3n contra la radiaci\u00f3n (tres piezas)<\/p>\n<p>Los gases nocivos en espacios a diferentes alturas se descargan desde diferentes secciones. La campana extractora descarga el aire de la campana a una velocidad del viento en la superficie de funcionamiento de 0,5 m\/s para garantizar que no existan gases residuales. La eficacia de la ventilaci\u00f3n es alta, el volumen de escape es de unos 1600m3\/h y el ruido es bajo.<\/p>\n<p>14. Armario inferior de la campana extractora a prueba de radiaciones (armario base general), panel de la puerta<\/p>\n<p>Fabricado con tablero 304 de 1,2 mm de alta calidad a prueba de radiaciones (doble capa), conexi\u00f3n sin soldaduras y almohadilla amortiguadora extra\u00edble. Se forma en un centro de mecanizado CNC, se corta, se posiciona y se perfora, se dobla y se suelda. Fabricantes de campanas extractoras<\/p>\n<p><img loading=\"lazy\" decoding=\"async\" class=\"alignnone size-full wp-image-5049\" src=\"http:\/\/www.smile-labfurniture.com\/wp-content\/uploads\/2025\/12\/48f73cf60d33afc38ac5c0c62b5872a8.webp\" alt=\"\" width=\"1706\" height=\"1280\" \/><\/p>","protected":false},"excerpt":{"rendered":"<p>Puede personalizar sus especificaciones<\/p>","protected":false},"featured_media":5049,"comment_status":"closed","ping_status":"closed","template":"","meta":[],"product_cat":[104],"product_tag":[],"product_brand":[],"class_list":["post-5047","product","type-product","status-publish","has-post-thumbnail","hentry","product_cat-fume-hood"],"yoast_head":"<!-- This site is optimized with the Yoast SEO plugin v26.6 - https:\/\/yoast.com\/wordpress\/plugins\/seo\/ -->\n<title>Radiation protection fume hood - SMILELAB<\/title>\n<meta name=\"robots\" content=\"index, follow, max-snippet:-1, max-image-preview:large, max-video-preview:-1\" \/>\n<link rel=\"canonical\" href=\"https:\/\/www.smile-labfurniture.com\/es\/producto\/radiation-protection-fume-hood-effect\/\" \/>\n<meta property=\"og:locale\" content=\"es_ES\" \/>\n<meta property=\"og:type\" content=\"article\" \/>\n<meta property=\"og:title\" content=\"Radiation protection fume hood - SMILELAB\" \/>\n<meta property=\"og:description\" content=\"Can customize your specifications\" \/>\n<meta property=\"og:url\" content=\"https:\/\/www.smile-labfurniture.com\/es\/producto\/radiation-protection-fume-hood-effect\/\" \/>\n<meta property=\"og:site_name\" content=\"SMILELAB\" \/>\n<meta property=\"article:publisher\" content=\"https:\/\/www.facebook.com\/share\/1DxYQBbYb1\/?mibextid=wwXIfr\" \/>\n<meta property=\"article:modified_time\" content=\"2026-01-23T03:40:55+00:00\" \/>\n<meta property=\"og:image\" content=\"https:\/\/www.smile-labfurniture.com\/wp-content\/uploads\/2025\/12\/48f73cf60d33afc38ac5c0c62b5872a8.webp\" \/>\n\t<meta property=\"og:image:width\" content=\"1706\" \/>\n\t<meta property=\"og:image:height\" content=\"1280\" \/>\n\t<meta property=\"og:image:type\" content=\"image\/webp\" \/>\n<meta name=\"twitter:card\" content=\"summary_large_image\" \/>\n<meta name=\"twitter:label1\" content=\"Tiempo de lectura\" \/>\n\t<meta name=\"twitter:data1\" content=\"3 minutos\" \/>\n<script type=\"application\/ld+json\" class=\"yoast-schema-graph\">{\"@context\":\"https:\/\/schema.org\",\"@graph\":[{\"@type\":\"WebPage\",\"@id\":\"https:\/\/www.smile-labfurniture.com\/product\/radiation-protection-fume-hood-effect\/\",\"url\":\"https:\/\/www.smile-labfurniture.com\/product\/radiation-protection-fume-hood-effect\/\",\"name\":\"Radiation protection fume hood - SMILELAB\",\"isPartOf\":{\"@id\":\"https:\/\/www.smile-labfurniture.com\/#website\"},\"primaryImageOfPage\":{\"@id\":\"https:\/\/www.smile-labfurniture.com\/product\/radiation-protection-fume-hood-effect\/#primaryimage\"},\"image\":{\"@id\":\"https:\/\/www.smile-labfurniture.com\/product\/radiation-protection-fume-hood-effect\/#primaryimage\"},\"thumbnailUrl\":\"https:\/\/www.smile-labfurniture.com\/wp-content\/uploads\/2025\/12\/48f73cf60d33afc38ac5c0c62b5872a8.webp\",\"datePublished\":\"2025-12-21T09:59:55+00:00\",\"dateModified\":\"2026-01-23T03:40:55+00:00\",\"breadcrumb\":{\"@id\":\"https:\/\/www.smile-labfurniture.com\/product\/radiation-protection-fume-hood-effect\/#breadcrumb\"},\"inLanguage\":\"es\",\"potentialAction\":[{\"@type\":\"ReadAction\",\"target\":[\"https:\/\/www.smile-labfurniture.com\/product\/radiation-protection-fume-hood-effect\/\"]}]},{\"@type\":\"ImageObject\",\"inLanguage\":\"es\",\"@id\":\"https:\/\/www.smile-labfurniture.com\/product\/radiation-protection-fume-hood-effect\/#primaryimage\",\"url\":\"https:\/\/www.smile-labfurniture.com\/wp-content\/uploads\/2025\/12\/48f73cf60d33afc38ac5c0c62b5872a8.webp\",\"contentUrl\":\"https:\/\/www.smile-labfurniture.com\/wp-content\/uploads\/2025\/12\/48f73cf60d33afc38ac5c0c62b5872a8.webp\",\"width\":1706,\"height\":1280},{\"@type\":\"BreadcrumbList\",\"@id\":\"https:\/\/www.smile-labfurniture.com\/product\/radiation-protection-fume-hood-effect\/#breadcrumb\",\"itemListElement\":[{\"@type\":\"ListItem\",\"position\":1,\"name\":\"\u9996\u9875\",\"item\":\"https:\/\/www.smile-labfurniture.com\/\"},{\"@type\":\"ListItem\",\"position\":2,\"name\":\"Shop\",\"item\":\"https:\/\/www.smile-labfurniture.com\/shop\/\"},{\"@type\":\"ListItem\",\"position\":3,\"name\":\"Radiation protection fume hood\"}]},{\"@type\":\"WebSite\",\"@id\":\"https:\/\/www.smile-labfurniture.com\/#website\",\"url\":\"https:\/\/www.smile-labfurniture.com\/\",\"name\":\"SMILELAB\",\"description\":\"\",\"publisher\":{\"@id\":\"https:\/\/www.smile-labfurniture.com\/#organization\"},\"potentialAction\":[{\"@type\":\"SearchAction\",\"target\":{\"@type\":\"EntryPoint\",\"urlTemplate\":\"https:\/\/www.smile-labfurniture.com\/?s={search_term_string}\"},\"query-input\":{\"@type\":\"PropertyValueSpecification\",\"valueRequired\":true,\"valueName\":\"search_term_string\"}}],\"inLanguage\":\"es\"},{\"@type\":\"Organization\",\"@id\":\"https:\/\/www.smile-labfurniture.com\/#organization\",\"name\":\"SMILELAB\",\"url\":\"https:\/\/www.smile-labfurniture.com\/\",\"logo\":{\"@type\":\"ImageObject\",\"inLanguage\":\"es\",\"@id\":\"https:\/\/www.smile-labfurniture.com\/#\/schema\/logo\/image\/\",\"url\":\"https:\/\/www.smile-labfurniture.com\/wp-content\/uploads\/2020\/06\/QQ_1764744017650.png\",\"contentUrl\":\"https:\/\/www.smile-labfurniture.com\/wp-content\/uploads\/2020\/06\/QQ_1764744017650.png\",\"width\":355,\"height\":48,\"caption\":\"SMILELAB\"},\"image\":{\"@id\":\"https:\/\/www.smile-labfurniture.com\/#\/schema\/logo\/image\/\"},\"sameAs\":[\"https:\/\/www.facebook.com\/share\/1DxYQBbYb1\/?mibextid=wwXIfr\"]}]}<\/script>\n<!-- \/ Yoast SEO plugin. -->","yoast_head_json":{"title":"Radiation protection fume hood - SMILELAB","robots":{"index":"index","follow":"follow","max-snippet":"max-snippet:-1","max-image-preview":"max-image-preview:large","max-video-preview":"max-video-preview:-1"},"canonical":"https:\/\/www.smile-labfurniture.com\/es\/producto\/radiation-protection-fume-hood-effect\/","og_locale":"es_ES","og_type":"article","og_title":"Radiation protection fume hood - SMILELAB","og_description":"Can customize your specifications","og_url":"https:\/\/www.smile-labfurniture.com\/es\/producto\/radiation-protection-fume-hood-effect\/","og_site_name":"SMILELAB","article_publisher":"https:\/\/www.facebook.com\/share\/1DxYQBbYb1\/?mibextid=wwXIfr","article_modified_time":"2026-01-23T03:40:55+00:00","og_image":[{"width":1706,"height":1280,"url":"https:\/\/www.smile-labfurniture.com\/wp-content\/uploads\/2025\/12\/48f73cf60d33afc38ac5c0c62b5872a8.webp","type":"image\/webp"}],"twitter_card":"summary_large_image","twitter_misc":{"Tiempo de lectura":"3 minutos"},"schema":{"@context":"https:\/\/schema.org","@graph":[{"@type":"WebPage","@id":"https:\/\/www.smile-labfurniture.com\/product\/radiation-protection-fume-hood-effect\/","url":"https:\/\/www.smile-labfurniture.com\/product\/radiation-protection-fume-hood-effect\/","name":"Radiation protection fume hood - SMILELAB","isPartOf":{"@id":"https:\/\/www.smile-labfurniture.com\/#website"},"primaryImageOfPage":{"@id":"https:\/\/www.smile-labfurniture.com\/product\/radiation-protection-fume-hood-effect\/#primaryimage"},"image":{"@id":"https:\/\/www.smile-labfurniture.com\/product\/radiation-protection-fume-hood-effect\/#primaryimage"},"thumbnailUrl":"https:\/\/www.smile-labfurniture.com\/wp-content\/uploads\/2025\/12\/48f73cf60d33afc38ac5c0c62b5872a8.webp","datePublished":"2025-12-21T09:59:55+00:00","dateModified":"2026-01-23T03:40:55+00:00","breadcrumb":{"@id":"https:\/\/www.smile-labfurniture.com\/product\/radiation-protection-fume-hood-effect\/#breadcrumb"},"inLanguage":"es","potentialAction":[{"@type":"ReadAction","target":["https:\/\/www.smile-labfurniture.com\/product\/radiation-protection-fume-hood-effect\/"]}]},{"@type":"ImageObject","inLanguage":"es","@id":"https:\/\/www.smile-labfurniture.com\/product\/radiation-protection-fume-hood-effect\/#primaryimage","url":"https:\/\/www.smile-labfurniture.com\/wp-content\/uploads\/2025\/12\/48f73cf60d33afc38ac5c0c62b5872a8.webp","contentUrl":"https:\/\/www.smile-labfurniture.com\/wp-content\/uploads\/2025\/12\/48f73cf60d33afc38ac5c0c62b5872a8.webp","width":1706,"height":1280},{"@type":"BreadcrumbList","@id":"https:\/\/www.smile-labfurniture.com\/product\/radiation-protection-fume-hood-effect\/#breadcrumb","itemListElement":[{"@type":"ListItem","position":1,"name":"\u9996\u9875","item":"https:\/\/www.smile-labfurniture.com\/"},{"@type":"ListItem","position":2,"name":"Shop","item":"https:\/\/www.smile-labfurniture.com\/shop\/"},{"@type":"ListItem","position":3,"name":"Radiation protection fume hood"}]},{"@type":"WebSite","@id":"https:\/\/www.smile-labfurniture.com\/#website","url":"https:\/\/www.smile-labfurniture.com\/","name":"SMILELAB","description":"","publisher":{"@id":"https:\/\/www.smile-labfurniture.com\/#organization"},"potentialAction":[{"@type":"SearchAction","target":{"@type":"EntryPoint","urlTemplate":"https:\/\/www.smile-labfurniture.com\/?s={search_term_string}"},"query-input":{"@type":"PropertyValueSpecification","valueRequired":true,"valueName":"search_term_string"}}],"inLanguage":"es"},{"@type":"Organization","@id":"https:\/\/www.smile-labfurniture.com\/#organization","name":"SMILELAB","url":"https:\/\/www.smile-labfurniture.com\/","logo":{"@type":"ImageObject","inLanguage":"es","@id":"https:\/\/www.smile-labfurniture.com\/#\/schema\/logo\/image\/","url":"https:\/\/www.smile-labfurniture.com\/wp-content\/uploads\/2020\/06\/QQ_1764744017650.png","contentUrl":"https:\/\/www.smile-labfurniture.com\/wp-content\/uploads\/2020\/06\/QQ_1764744017650.png","width":355,"height":48,"caption":"SMILELAB"},"image":{"@id":"https:\/\/www.smile-labfurniture.com\/#\/schema\/logo\/image\/"},"sameAs":["https:\/\/www.facebook.com\/share\/1DxYQBbYb1\/?mibextid=wwXIfr"]}]}},"_links":{"self":[{"href":"https:\/\/www.smile-labfurniture.com\/es\/wp-json\/wp\/v2\/product\/5047","targetHints":{"allow":["GET"]}}],"collection":[{"href":"https:\/\/www.smile-labfurniture.com\/es\/wp-json\/wp\/v2\/product"}],"about":[{"href":"https:\/\/www.smile-labfurniture.com\/es\/wp-json\/wp\/v2\/types\/product"}],"replies":[{"embeddable":true,"href":"https:\/\/www.smile-labfurniture.com\/es\/wp-json\/wp\/v2\/comments?post=5047"}],"wp:featuredmedia":[{"embeddable":true,"href":"https:\/\/www.smile-labfurniture.com\/es\/wp-json\/wp\/v2\/media\/5049"}],"wp:attachment":[{"href":"https:\/\/www.smile-labfurniture.com\/es\/wp-json\/wp\/v2\/media?parent=5047"}],"wp:term":[{"taxonomy":"product_cat","embeddable":true,"href":"https:\/\/www.smile-labfurniture.com\/es\/wp-json\/wp\/v2\/product_cat?post=5047"},{"taxonomy":"product_tag","embeddable":true,"href":"https:\/\/www.smile-labfurniture.com\/es\/wp-json\/wp\/v2\/product_tag?post=5047"},{"taxonomy":"product_brand","embeddable":true,"href":"https:\/\/www.smile-labfurniture.com\/es\/wp-json\/wp\/v2\/product_brand?post=5047"}],"curies":[{"name":"wp","href":"https:\/\/api.w.org\/{rel}","templated":true}]}}