{"id":5041,"date":"2025-12-21T09:52:08","date_gmt":"2025-12-21T09:52:08","guid":{"rendered":"http:\/\/www.smile-labfurniture.com\/?post_type=product&#038;p=5041"},"modified":"2026-01-23T03:43:01","modified_gmt":"2026-01-23T03:43:01","slug":"yellow-light-fume-hood-effect","status":"publish","type":"product","link":"https:\/\/www.smile-labfurniture.com\/es\/producto\/yellow-light-fume-hood-effect\/","title":{"rendered":"Campana extractora con luz amarilla"},"content":{"rendered":"<p>Campana extractora especial para sala de luz amarilla<\/p>\n<p>1. Especificaciones: Longitud 1500* Anchura 800 Altura 2350mm<\/p>\n<p>2. Espacio interior extra grande: largo 1400*, ancho 680, alto 1200mm<\/p>\n<p>3. Encimera: Utilizar encimera de tablero f\u00edsico y qu\u00edmico con n\u00facleo de 12,7 mm de espesor.<\/p>\n<p>4. Descripci\u00f3n de todo el armario: Todo el armario est\u00e1 soldado con l\u00e1minas de PP blanco porcelana de 8 mm de espesor<\/p>\n<p>5. Descripci\u00f3n de la l\u00e1mpara fluorescente: La l\u00e1mpara fluorescente est\u00e1 oculta en el panel y no est\u00e1 en contacto con el flujo de aire en la campana extractora y es f\u00e1cil de reemplazar. Utiliza 1 l\u00e1mpara fluorescente LED de 30W y est\u00e1 equipada con vidrio templado antideflagrante de 5mm.<\/p>\n<p>7. Descripci\u00f3n del mango: Mango de PP anticorrosi\u00f3n.<\/p>\n<p>8. Descripci\u00f3n de la placa gu\u00eda: Fabricada en tablero de PP blanco de 5 mm.<\/p>\n<p>9. Descripci\u00f3n de la fuente de alimentaci\u00f3n: Utilice una toma de corriente espec\u00edfica para laboratorio.<\/p>\n<p>10. Descripci\u00f3n de la ventana: El perfil de aluminio se combina con un marco de perfil de pl\u00e1stico. La ventana de visualizaci\u00f3n utiliza una sola pieza de cristal de seguridad de 5 mm. La ventana tambi\u00e9n puede estar equipada con tres piezas de vidrio de seguridad de 5 mm, que se pueden mover a la izquierda y a la derecha. La pieza \u00fanica adopta un dispositivo de equilibrio continuo, que puede moverse hacia arriba y hacia abajo y ajustarse libremente.<\/p>\n<p>11. Sistema de elevaci\u00f3n: Utilizando cojinetes de elevaci\u00f3n de correa importados, la ventana de vidrio puede levantarse y bajarse suavemente;<\/p>\n<p>12. Descripci\u00f3n del pie de ajuste: El pie de ajuste moldeado por inyecci\u00f3n con un di\u00e1metro de (10mm) es a prueba de golpes, a prueba de humedad y resistente a la corrosi\u00f3n. La altura del armario puede ajustarse adecuadamente seg\u00fan el suelo interior, y el ajuste m\u00e1ximo es de 0-30mm.<\/p>\n<p>13. Descripci\u00f3n de la m\u00e1scara recolectora de gas: Cansado, difamador, calumniador, arrogante, triste, amoroso, orilla, ruidoso, moxa manchada, moxa mandarina, feibo, pap\u00e1, adivinar, hornear, c\u00e1ncer, escudo, pena, ocho, beb\u00e9, amor, sin compa\u00f1\u00eda, pena.<\/p>\n<p>14. 14. Protecci\u00f3n contra fugas: Dispositivos est\u00e1ndar de protecci\u00f3n contra fugas y del motor que cumplan las normas nacionales.<\/p>\n<p>15. Descripci\u00f3n del interruptor de control: Interruptor t\u00e1ctil de 12 V, control centralizado de todo el sistema de circuitos.<\/p>\n<p>16. Descripci\u00f3n del proceso: Todo el armario est\u00e1 hecho de tablero PP soldado en caliente, que es bonito y elegante. Hay agujeros de mantenimiento en el panel trasero del armario.<\/p>\n<p>17. Tres deflectores permiten la descarga de gases nocivos en espacios a diferentes alturas desde distintas secciones. La campana extractora descarga el aire de la campana a una velocidad superior a la velocidad del viento de la superficie de funcionamiento de 0,5 m\/s para garantizar que no existan gases residuales. Alta eficiencia de ventilaci\u00f3n, el volumen de escape es de unos 2500m3\/h, y bajo nivel de ruido<\/p>\n<p>18. Ventilador: Se utiliza ventilador centr\u00edfugo de PP, y la garant\u00eda del ventilador es de 1 a\u00f1o.<\/p>\n<p>19. El laboratorio utiliza un m\u00f3dulo de tratamiento de carb\u00f3n activado de alta eficacia + descomposici\u00f3n catal\u00edtica por fotoox\u00edgeno para tratar los gases de escape y reducir eficazmente la contaminaci\u00f3n atmosf\u00e9rica.<\/p>\n<p><img loading=\"lazy\" decoding=\"async\" class=\"alignnone size-full wp-image-5042\" src=\"http:\/\/www.smile-labfurniture.com\/wp-content\/uploads\/2025\/12\/20230711_153021.webp\" alt=\"\" width=\"2290\" height=\"2290\" srcset=\"https:\/\/www.smile-labfurniture.com\/wp-content\/uploads\/2025\/12\/20230711_153021.webp 2290w, https:\/\/www.smile-labfurniture.com\/wp-content\/uploads\/2025\/12\/20230711_153021-300x300.webp 300w\" sizes=\"auto, (max-width: 2290px) 100vw, 2290px\" \/><\/p>","protected":false},"excerpt":{"rendered":"<p>Puede personalizar sus especificaciones<\/p>","protected":false},"featured_media":5042,"comment_status":"closed","ping_status":"closed","template":"","meta":[],"product_cat":[104],"product_tag":[],"product_brand":[],"class_list":["post-5041","product","type-product","status-publish","has-post-thumbnail","hentry","product_cat-fume-hood"],"yoast_head":"<!-- This site is optimized with the Yoast SEO plugin v26.6 - https:\/\/yoast.com\/wordpress\/plugins\/seo\/ -->\n<title>Yellow light fume hood - SMILELAB<\/title>\n<meta name=\"robots\" content=\"index, follow, max-snippet:-1, max-image-preview:large, max-video-preview:-1\" \/>\n<link rel=\"canonical\" href=\"https:\/\/www.smile-labfurniture.com\/es\/producto\/yellow-light-fume-hood-effect\/\" \/>\n<meta property=\"og:locale\" content=\"es_ES\" \/>\n<meta property=\"og:type\" content=\"article\" \/>\n<meta property=\"og:title\" content=\"Yellow light fume hood - SMILELAB\" \/>\n<meta property=\"og:description\" content=\"Can customize your specifications\" \/>\n<meta property=\"og:url\" content=\"https:\/\/www.smile-labfurniture.com\/es\/producto\/yellow-light-fume-hood-effect\/\" \/>\n<meta property=\"og:site_name\" content=\"SMILELAB\" \/>\n<meta property=\"article:publisher\" content=\"https:\/\/www.facebook.com\/share\/1DxYQBbYb1\/?mibextid=wwXIfr\" \/>\n<meta property=\"article:modified_time\" content=\"2026-01-23T03:43:01+00:00\" \/>\n<meta property=\"og:image\" content=\"https:\/\/www.smile-labfurniture.com\/wp-content\/uploads\/2025\/12\/20230711_153021.webp\" \/>\n\t<meta property=\"og:image:width\" content=\"2290\" \/>\n\t<meta property=\"og:image:height\" content=\"2290\" \/>\n\t<meta property=\"og:image:type\" content=\"image\/webp\" \/>\n<meta name=\"twitter:card\" content=\"summary_large_image\" \/>\n<meta name=\"twitter:label1\" content=\"Tiempo de lectura\" \/>\n\t<meta name=\"twitter:data1\" content=\"3 minutos\" \/>\n<script type=\"application\/ld+json\" class=\"yoast-schema-graph\">{\"@context\":\"https:\/\/schema.org\",\"@graph\":[{\"@type\":\"WebPage\",\"@id\":\"https:\/\/www.smile-labfurniture.com\/product\/yellow-light-fume-hood-effect\/\",\"url\":\"https:\/\/www.smile-labfurniture.com\/product\/yellow-light-fume-hood-effect\/\",\"name\":\"Yellow light fume hood - SMILELAB\",\"isPartOf\":{\"@id\":\"https:\/\/www.smile-labfurniture.com\/#website\"},\"primaryImageOfPage\":{\"@id\":\"https:\/\/www.smile-labfurniture.com\/product\/yellow-light-fume-hood-effect\/#primaryimage\"},\"image\":{\"@id\":\"https:\/\/www.smile-labfurniture.com\/product\/yellow-light-fume-hood-effect\/#primaryimage\"},\"thumbnailUrl\":\"https:\/\/www.smile-labfurniture.com\/wp-content\/uploads\/2025\/12\/20230711_153021.webp\",\"datePublished\":\"2025-12-21T09:52:08+00:00\",\"dateModified\":\"2026-01-23T03:43:01+00:00\",\"breadcrumb\":{\"@id\":\"https:\/\/www.smile-labfurniture.com\/product\/yellow-light-fume-hood-effect\/#breadcrumb\"},\"inLanguage\":\"es\",\"potentialAction\":[{\"@type\":\"ReadAction\",\"target\":[\"https:\/\/www.smile-labfurniture.com\/product\/yellow-light-fume-hood-effect\/\"]}]},{\"@type\":\"ImageObject\",\"inLanguage\":\"es\",\"@id\":\"https:\/\/www.smile-labfurniture.com\/product\/yellow-light-fume-hood-effect\/#primaryimage\",\"url\":\"https:\/\/www.smile-labfurniture.com\/wp-content\/uploads\/2025\/12\/20230711_153021.webp\",\"contentUrl\":\"https:\/\/www.smile-labfurniture.com\/wp-content\/uploads\/2025\/12\/20230711_153021.webp\",\"width\":2290,\"height\":2290},{\"@type\":\"BreadcrumbList\",\"@id\":\"https:\/\/www.smile-labfurniture.com\/product\/yellow-light-fume-hood-effect\/#breadcrumb\",\"itemListElement\":[{\"@type\":\"ListItem\",\"position\":1,\"name\":\"\u9996\u9875\",\"item\":\"https:\/\/www.smile-labfurniture.com\/\"},{\"@type\":\"ListItem\",\"position\":2,\"name\":\"Shop\",\"item\":\"https:\/\/www.smile-labfurniture.com\/shop\/\"},{\"@type\":\"ListItem\",\"position\":3,\"name\":\"Yellow light fume hood\"}]},{\"@type\":\"WebSite\",\"@id\":\"https:\/\/www.smile-labfurniture.com\/#website\",\"url\":\"https:\/\/www.smile-labfurniture.com\/\",\"name\":\"SMILELAB\",\"description\":\"\",\"publisher\":{\"@id\":\"https:\/\/www.smile-labfurniture.com\/#organization\"},\"potentialAction\":[{\"@type\":\"SearchAction\",\"target\":{\"@type\":\"EntryPoint\",\"urlTemplate\":\"https:\/\/www.smile-labfurniture.com\/?s={search_term_string}\"},\"query-input\":{\"@type\":\"PropertyValueSpecification\",\"valueRequired\":true,\"valueName\":\"search_term_string\"}}],\"inLanguage\":\"es\"},{\"@type\":\"Organization\",\"@id\":\"https:\/\/www.smile-labfurniture.com\/#organization\",\"name\":\"SMILELAB\",\"url\":\"https:\/\/www.smile-labfurniture.com\/\",\"logo\":{\"@type\":\"ImageObject\",\"inLanguage\":\"es\",\"@id\":\"https:\/\/www.smile-labfurniture.com\/#\/schema\/logo\/image\/\",\"url\":\"https:\/\/www.smile-labfurniture.com\/wp-content\/uploads\/2020\/06\/QQ_1764744017650.png\",\"contentUrl\":\"https:\/\/www.smile-labfurniture.com\/wp-content\/uploads\/2020\/06\/QQ_1764744017650.png\",\"width\":355,\"height\":48,\"caption\":\"SMILELAB\"},\"image\":{\"@id\":\"https:\/\/www.smile-labfurniture.com\/#\/schema\/logo\/image\/\"},\"sameAs\":[\"https:\/\/www.facebook.com\/share\/1DxYQBbYb1\/?mibextid=wwXIfr\"]}]}<\/script>\n<!-- \/ Yoast SEO plugin. -->","yoast_head_json":{"title":"Yellow light fume hood - SMILELAB","robots":{"index":"index","follow":"follow","max-snippet":"max-snippet:-1","max-image-preview":"max-image-preview:large","max-video-preview":"max-video-preview:-1"},"canonical":"https:\/\/www.smile-labfurniture.com\/es\/producto\/yellow-light-fume-hood-effect\/","og_locale":"es_ES","og_type":"article","og_title":"Yellow light fume hood - SMILELAB","og_description":"Can customize your specifications","og_url":"https:\/\/www.smile-labfurniture.com\/es\/producto\/yellow-light-fume-hood-effect\/","og_site_name":"SMILELAB","article_publisher":"https:\/\/www.facebook.com\/share\/1DxYQBbYb1\/?mibextid=wwXIfr","article_modified_time":"2026-01-23T03:43:01+00:00","og_image":[{"width":2290,"height":2290,"url":"https:\/\/www.smile-labfurniture.com\/wp-content\/uploads\/2025\/12\/20230711_153021.webp","type":"image\/webp"}],"twitter_card":"summary_large_image","twitter_misc":{"Tiempo de lectura":"3 minutos"},"schema":{"@context":"https:\/\/schema.org","@graph":[{"@type":"WebPage","@id":"https:\/\/www.smile-labfurniture.com\/product\/yellow-light-fume-hood-effect\/","url":"https:\/\/www.smile-labfurniture.com\/product\/yellow-light-fume-hood-effect\/","name":"Yellow light fume hood - SMILELAB","isPartOf":{"@id":"https:\/\/www.smile-labfurniture.com\/#website"},"primaryImageOfPage":{"@id":"https:\/\/www.smile-labfurniture.com\/product\/yellow-light-fume-hood-effect\/#primaryimage"},"image":{"@id":"https:\/\/www.smile-labfurniture.com\/product\/yellow-light-fume-hood-effect\/#primaryimage"},"thumbnailUrl":"https:\/\/www.smile-labfurniture.com\/wp-content\/uploads\/2025\/12\/20230711_153021.webp","datePublished":"2025-12-21T09:52:08+00:00","dateModified":"2026-01-23T03:43:01+00:00","breadcrumb":{"@id":"https:\/\/www.smile-labfurniture.com\/product\/yellow-light-fume-hood-effect\/#breadcrumb"},"inLanguage":"es","potentialAction":[{"@type":"ReadAction","target":["https:\/\/www.smile-labfurniture.com\/product\/yellow-light-fume-hood-effect\/"]}]},{"@type":"ImageObject","inLanguage":"es","@id":"https:\/\/www.smile-labfurniture.com\/product\/yellow-light-fume-hood-effect\/#primaryimage","url":"https:\/\/www.smile-labfurniture.com\/wp-content\/uploads\/2025\/12\/20230711_153021.webp","contentUrl":"https:\/\/www.smile-labfurniture.com\/wp-content\/uploads\/2025\/12\/20230711_153021.webp","width":2290,"height":2290},{"@type":"BreadcrumbList","@id":"https:\/\/www.smile-labfurniture.com\/product\/yellow-light-fume-hood-effect\/#breadcrumb","itemListElement":[{"@type":"ListItem","position":1,"name":"\u9996\u9875","item":"https:\/\/www.smile-labfurniture.com\/"},{"@type":"ListItem","position":2,"name":"Shop","item":"https:\/\/www.smile-labfurniture.com\/shop\/"},{"@type":"ListItem","position":3,"name":"Yellow light fume hood"}]},{"@type":"WebSite","@id":"https:\/\/www.smile-labfurniture.com\/#website","url":"https:\/\/www.smile-labfurniture.com\/","name":"SMILELAB","description":"","publisher":{"@id":"https:\/\/www.smile-labfurniture.com\/#organization"},"potentialAction":[{"@type":"SearchAction","target":{"@type":"EntryPoint","urlTemplate":"https:\/\/www.smile-labfurniture.com\/?s={search_term_string}"},"query-input":{"@type":"PropertyValueSpecification","valueRequired":true,"valueName":"search_term_string"}}],"inLanguage":"es"},{"@type":"Organization","@id":"https:\/\/www.smile-labfurniture.com\/#organization","name":"SMILELAB","url":"https:\/\/www.smile-labfurniture.com\/","logo":{"@type":"ImageObject","inLanguage":"es","@id":"https:\/\/www.smile-labfurniture.com\/#\/schema\/logo\/image\/","url":"https:\/\/www.smile-labfurniture.com\/wp-content\/uploads\/2020\/06\/QQ_1764744017650.png","contentUrl":"https:\/\/www.smile-labfurniture.com\/wp-content\/uploads\/2020\/06\/QQ_1764744017650.png","width":355,"height":48,"caption":"SMILELAB"},"image":{"@id":"https:\/\/www.smile-labfurniture.com\/#\/schema\/logo\/image\/"},"sameAs":["https:\/\/www.facebook.com\/share\/1DxYQBbYb1\/?mibextid=wwXIfr"]}]}},"_links":{"self":[{"href":"https:\/\/www.smile-labfurniture.com\/es\/wp-json\/wp\/v2\/product\/5041","targetHints":{"allow":["GET"]}}],"collection":[{"href":"https:\/\/www.smile-labfurniture.com\/es\/wp-json\/wp\/v2\/product"}],"about":[{"href":"https:\/\/www.smile-labfurniture.com\/es\/wp-json\/wp\/v2\/types\/product"}],"replies":[{"embeddable":true,"href":"https:\/\/www.smile-labfurniture.com\/es\/wp-json\/wp\/v2\/comments?post=5041"}],"wp:featuredmedia":[{"embeddable":true,"href":"https:\/\/www.smile-labfurniture.com\/es\/wp-json\/wp\/v2\/media\/5042"}],"wp:attachment":[{"href":"https:\/\/www.smile-labfurniture.com\/es\/wp-json\/wp\/v2\/media?parent=5041"}],"wp:term":[{"taxonomy":"product_cat","embeddable":true,"href":"https:\/\/www.smile-labfurniture.com\/es\/wp-json\/wp\/v2\/product_cat?post=5041"},{"taxonomy":"product_tag","embeddable":true,"href":"https:\/\/www.smile-labfurniture.com\/es\/wp-json\/wp\/v2\/product_tag?post=5041"},{"taxonomy":"product_brand","embeddable":true,"href":"https:\/\/www.smile-labfurniture.com\/es\/wp-json\/wp\/v2\/product_brand?post=5041"}],"curies":[{"name":"wp","href":"https:\/\/api.w.org\/{rel}","templated":true}]}}