{"id":5035,"date":"2025-12-21T09:40:59","date_gmt":"2025-12-21T09:40:59","guid":{"rendered":"http:\/\/www.smile-labfurniture.com\/?post_type=product&#038;p=5035"},"modified":"2026-01-23T03:44:11","modified_gmt":"2026-01-23T03:44:11","slug":"medical-experimental-bench-effect","status":"publish","type":"product","link":"https:\/\/www.smile-labfurniture.com\/es\/producto\/medical-experimental-bench-effect\/","title":{"rendered":"Banco de experimentos m\u00e9dicos"},"content":{"rendered":"<p>1. Panel de mesa para experimentos m\u00e9dicos (color opcional)<\/p>\n<p>\uff081\uff09. Elija encimeras de piedra artificial acr\u00edlica de 12 mm de espesor.<\/p>\n<p>\uff082\uff09. Elija encimeras de piedra de cuarzo de 15 mm de espesor.<\/p>\n<p>\uff083\uff09. Utilizar encimeras de tablero f\u00edsico y qu\u00edmico con n\u00facleo de 12,7 mm de espesor.<\/p>\n<p>\uff084\uff09. Utilice encimera de placa de cer\u00e1mica de 15 mm de espesor.<br \/>\n2. Armario para experimentos m\u00e9dicos<br \/>\nEs una estructura autoportante totalmente de acero y puede utilizarse sola o combinada. La altura del armario es de 800-850 mm.<br \/>\n\uff081\uff09. Cuerpo del gabinete (placa inferior, placa posterior): Hecho de 1,0 mm de espesor Baosteel placa de acero laminado en fr\u00edo, que ha sido desengrasado, lavado, decapado, lavado neutralizado, fosfatado, lavado y resina epoxi rociado. Color: 27# azul arrugado-22# blanco arrugado, 66# azul-93# blanco, 68# azul-144# camel, 79# gris-93# blanco (opcional)<\/p>\n<p>Todos los bloques de muestra de acero.jpg<\/p>\n<p>\uff082\uff09. Placa lateral: Hecho de 1,0 mm de espesor Baosteel placa de acero laminado en fr\u00edo, procesado por desengrase, lavado con agua, decapado, neutralizaci\u00f3n de lavado con agua, fosfatado, lavado con agua y pulverizaci\u00f3n de resina epoxi.<br \/>\n\uff083\uff09. Laminado: Chapa de acero laminado en fr\u00edo Baosteel de 1,0mm de espesor, procesada mediante desengrase, lavado con agua, decapado, neutralizaci\u00f3n por lavado con agua, fosfatado, lavado con agua y pulverizaci\u00f3n de resina epoxi. La distancia entre las secciones superior e inferior del laminado es de 15 mm por rejilla.<br \/>\n\uff084\uff09. Paneles de puertas y grifos: Fabricados con placas de acero laminado en fr\u00edo Baosteel de doble capa de 1,0 mm de espesor, procesadas mediante desengrase, lavado con agua, decapado, neutralizaci\u00f3n por lavado con agua, fosfatado, lavado con agua y pulverizaci\u00f3n de resina epoxi. El s\u00e1ndwich tiene material fonoabsorbente.<br \/>\n\uff085\uff09. Viga de refuerzo superior, viga central, carril de gu\u00eda del caj\u00f3n, marco de soporte del fregadero: de chapa de acero laminado en fr\u00edo Baosteel de 2,0 mm de espesor, desengrasado, lavado con agua, decapado, neutralizaci\u00f3n de lavado con agua, fosfatado, lavado con agua y tratamiento de pulverizaci\u00f3n de resina epoxi.<br \/>\n\uff086\uff09. Placa de soporte del pie de ajuste: Hecho de 3,0 mm de espesor Baosteel placa de acero laminado en fr\u00edo, procesado por desengrase, lavado con agua, decapado, neutralizaci\u00f3n de lavado con agua, fosfatado, lavado con agua y pulverizaci\u00f3n de resina epoxi.<br \/>\n\uff087\uff09. Caj\u00f3n: Panel inferior, paneles laterales y panel posterior: Hecho de chapa de acero laminado en fr\u00edo Baosteel de 1,0 mm de espesor, desengrasado, lavado con agua, decapado, neutralizaci\u00f3n lavado con agua, fosfatado, lavado con agua y pulverizaci\u00f3n de resina epoxi.<br \/>\n\uff088\uff09. Tablero de sellado decorativo: Cuando haya un hueco entre los armarios bajos o entre \u00e9stos y la pared, utilice tableros de sellado decorativos del mismo material y color que los armarios bajos para cubrirlo.<br \/>\n\uff089\uff09. Columnas de acero para canalizaci\u00f3n de tuber\u00edas: un dise\u00f1o combinado y desmontable.<br \/>\n\uff0810\uff09. Otras normas de dise\u00f1o estructural: La parte frontal de todos los armarios bajos tiene un dise\u00f1o de estructura empotrada de montaje plano; excepto la parte empotrada de la parte frontal, los z\u00f3calos est\u00e1n formados integralmente con las placas de acero del armario en ambos lados; no hay un pilar vertical central que bloquee las dos puertas de todos los armarios bajos de doble puerta.<br \/>\n\uff0811\uff09. Canal de servicio: Hay una distancia de canal de servicio de la pared detr\u00e1s del gabinete bajo, que se utiliza para colocar tuber\u00edas de electricidad, agua y gas para ocultar el dise\u00f1o.<br \/>\n3. Accesorios para bancos de experimentaci\u00f3n m\u00e9dica<br \/>\n\uff081\uff09. Mango: Mango en forma de C de acero inoxidable o recto de aleaci\u00f3n de aluminio, que puede seleccionarse seg\u00fan las necesidades del usuario.<br \/>\n\uff082\uff09. Bisagra: apertura de 90\u00b0, bisagra de acero inoxidable.<br \/>\n\uff083\uff09. List\u00f3n de costura de la puerta: de cloruro de polivinilo.<br \/>\n\uff084\uff09. Grupo de hebilla de puerta: Hecho de material de nylon.<br \/>\n\uff085\uff09. Gancho del estante: de chapa de acero inoxidable de 1,2 mm de espesor.<br \/>\n\uff086\uff09. Gu\u00eda de deslizamiento: Utilizar gu\u00eda de deslizamiento silenciosa de 450 mm de longitud con base de apoyo.<br \/>\n\uff087\uff09. Dispositivo amortiguador de la puerta del caj\u00f3n: de material de goma.<br \/>\n\uff088\uff09. Pies de ajuste: Tornillos M10mm (galvanoplastia); Pies ajustables: almohadillas de goma antideslizantes amortiguadoras, pies de bastidor de acero de alta resistencia.<br \/>\n4. Rejilla para reactivos de laboratorio m\u00e9dico<br \/>\nEl fabricante del banco de experimentaci\u00f3n tiene un dise\u00f1o montado sobre una mesa para facilitar la configuraci\u00f3n, la adici\u00f3n, la eliminaci\u00f3n y el desmontaje.<br \/>\n\uff081\uff09. Pilar de acero: Hecho de placa de acero laminado en fr\u00edo Baosteel de 1,5 mm de espesor, procesado por desengrase, lavado con agua, decapado, neutralizaci\u00f3n de lavado con agua, fosfatado, lavado con agua y pulverizaci\u00f3n de resina epoxi. La columna tiene toda una fila de agujeros para colgar los estantes ajustables. La distancia de ajuste hacia arriba y hacia abajo entre los agujeros para colgar es de unos 40 mm por rejilla.<br \/>\n\uff082\uff09. Estante: dividido en capas superior e inferior, de vidrio templado de 10 mm de grosor, con barandillas de acero inoxidable en el borde exterior del estante.<br \/>\n\uff083\uff09. Dispositivo de alimentaci\u00f3n.<br \/>\n\uff084\uff09. Caja de alambre de acero: Hecho de 1,0 mm de espesor de chapa de acero laminado en fr\u00edo Baosteel, procesado por desengrase, lavado con agua, decapado, neutralizaci\u00f3n de lavado con agua, fosfatado, lavado con agua y pulverizaci\u00f3n de resina epoxi.<\/p>\n<p>(5\uff09.Enchufe: Enchufe universal multifunci\u00f3n 220V\/10A.<\/p>\n<p>Empresa fabricante de bancos de pruebas de acero<\/p>\n<p>5. Armario mural de laboratorio m\u00e9dico<\/p>\n<p>Los fabricantes de mesas de laboratorio m\u00e9dico ahorran espacio en los laboratorios de los hospitales o en las salas de tratamiento dise\u00f1ando la parte superior en forma de armario de pared para facilitar el almacenamiento de m\u00e1s art\u00edculos.<\/p>\n<p>(1). Todo el cuerpo del armario: Fabricado con chapa de acero laminado en fr\u00edo Baosteel de 1,0 mm de grosor, que ha sido desengrasada, lavada, decapada, lavada neutralizada, fosfatada, lavada y rociada con resina epoxi.<\/p>\n<p>(2). Laminado: Fabricado con chapa de acero laminado en fr\u00edo Baosteel de 1,0 mm de espesor, que ha sido desengrasada, lavada, decapada, neutralizada por lavado, fosfatada, lavada y rociada con resina epoxi. La distancia entre las secciones superior e inferior del laminado es de 30 mm por rejilla.<\/p>\n<p>(3). Bisagra: apertura de 90\u00b0, bisagra de acero inoxidable.<\/p>\n<p><img loading=\"lazy\" decoding=\"async\" class=\"alignnone size-full wp-image-5036\" src=\"http:\/\/www.smile-labfurniture.com\/wp-content\/uploads\/2025\/12\/00cbbc24c125350f72d849f03b7c1e8a.webp\" alt=\"\" width=\"2590\" height=\"1605\" \/><\/p>","protected":false},"excerpt":{"rendered":"<p>Puede personalizar sus especificaciones<\/p>","protected":false},"featured_media":5036,"comment_status":"closed","ping_status":"closed","template":"","meta":[],"product_cat":[15],"product_tag":[],"product_brand":[],"class_list":["post-5035","product","type-product","status-publish","has-post-thumbnail","hentry","product_cat-laboratory-furniture"],"yoast_head":"<!-- This site is optimized with the Yoast SEO plugin v26.6 - https:\/\/yoast.com\/wordpress\/plugins\/seo\/ -->\n<title>Medical experimental bench - SMILELAB<\/title>\n<meta name=\"robots\" content=\"index, follow, max-snippet:-1, max-image-preview:large, max-video-preview:-1\" \/>\n<link rel=\"canonical\" href=\"https:\/\/www.smile-labfurniture.com\/es\/producto\/medical-experimental-bench-effect\/\" \/>\n<meta property=\"og:locale\" content=\"es_ES\" \/>\n<meta property=\"og:type\" content=\"article\" \/>\n<meta property=\"og:title\" content=\"Medical experimental bench - SMILELAB\" \/>\n<meta property=\"og:description\" content=\"Can customize your specifications\" \/>\n<meta property=\"og:url\" content=\"https:\/\/www.smile-labfurniture.com\/es\/producto\/medical-experimental-bench-effect\/\" \/>\n<meta property=\"og:site_name\" content=\"SMILELAB\" \/>\n<meta property=\"article:publisher\" content=\"https:\/\/www.facebook.com\/share\/1DxYQBbYb1\/?mibextid=wwXIfr\" \/>\n<meta property=\"article:modified_time\" content=\"2026-01-23T03:44:11+00:00\" \/>\n<meta property=\"og:image\" content=\"https:\/\/www.smile-labfurniture.com\/wp-content\/uploads\/2025\/12\/00cbbc24c125350f72d849f03b7c1e8a.webp\" \/>\n\t<meta property=\"og:image:width\" content=\"2590\" \/>\n\t<meta property=\"og:image:height\" content=\"1605\" \/>\n\t<meta property=\"og:image:type\" content=\"image\/webp\" \/>\n<meta name=\"twitter:card\" content=\"summary_large_image\" \/>\n<meta name=\"twitter:label1\" content=\"Tiempo de lectura\" \/>\n\t<meta name=\"twitter:data1\" content=\"5 minutos\" \/>\n<script type=\"application\/ld+json\" class=\"yoast-schema-graph\">{\"@context\":\"https:\/\/schema.org\",\"@graph\":[{\"@type\":\"WebPage\",\"@id\":\"https:\/\/www.smile-labfurniture.com\/product\/medical-experimental-bench-effect\/\",\"url\":\"https:\/\/www.smile-labfurniture.com\/product\/medical-experimental-bench-effect\/\",\"name\":\"Medical experimental bench - SMILELAB\",\"isPartOf\":{\"@id\":\"https:\/\/www.smile-labfurniture.com\/#website\"},\"primaryImageOfPage\":{\"@id\":\"https:\/\/www.smile-labfurniture.com\/product\/medical-experimental-bench-effect\/#primaryimage\"},\"image\":{\"@id\":\"https:\/\/www.smile-labfurniture.com\/product\/medical-experimental-bench-effect\/#primaryimage\"},\"thumbnailUrl\":\"https:\/\/www.smile-labfurniture.com\/wp-content\/uploads\/2025\/12\/00cbbc24c125350f72d849f03b7c1e8a.webp\",\"datePublished\":\"2025-12-21T09:40:59+00:00\",\"dateModified\":\"2026-01-23T03:44:11+00:00\",\"breadcrumb\":{\"@id\":\"https:\/\/www.smile-labfurniture.com\/product\/medical-experimental-bench-effect\/#breadcrumb\"},\"inLanguage\":\"es\",\"potentialAction\":[{\"@type\":\"ReadAction\",\"target\":[\"https:\/\/www.smile-labfurniture.com\/product\/medical-experimental-bench-effect\/\"]}]},{\"@type\":\"ImageObject\",\"inLanguage\":\"es\",\"@id\":\"https:\/\/www.smile-labfurniture.com\/product\/medical-experimental-bench-effect\/#primaryimage\",\"url\":\"https:\/\/www.smile-labfurniture.com\/wp-content\/uploads\/2025\/12\/00cbbc24c125350f72d849f03b7c1e8a.webp\",\"contentUrl\":\"https:\/\/www.smile-labfurniture.com\/wp-content\/uploads\/2025\/12\/00cbbc24c125350f72d849f03b7c1e8a.webp\",\"width\":2590,\"height\":1605},{\"@type\":\"BreadcrumbList\",\"@id\":\"https:\/\/www.smile-labfurniture.com\/product\/medical-experimental-bench-effect\/#breadcrumb\",\"itemListElement\":[{\"@type\":\"ListItem\",\"position\":1,\"name\":\"\u9996\u9875\",\"item\":\"https:\/\/www.smile-labfurniture.com\/\"},{\"@type\":\"ListItem\",\"position\":2,\"name\":\"Shop\",\"item\":\"https:\/\/www.smile-labfurniture.com\/shop\/\"},{\"@type\":\"ListItem\",\"position\":3,\"name\":\"Medical experimental bench\"}]},{\"@type\":\"WebSite\",\"@id\":\"https:\/\/www.smile-labfurniture.com\/#website\",\"url\":\"https:\/\/www.smile-labfurniture.com\/\",\"name\":\"SMILELAB\",\"description\":\"\",\"publisher\":{\"@id\":\"https:\/\/www.smile-labfurniture.com\/#organization\"},\"potentialAction\":[{\"@type\":\"SearchAction\",\"target\":{\"@type\":\"EntryPoint\",\"urlTemplate\":\"https:\/\/www.smile-labfurniture.com\/?s={search_term_string}\"},\"query-input\":{\"@type\":\"PropertyValueSpecification\",\"valueRequired\":true,\"valueName\":\"search_term_string\"}}],\"inLanguage\":\"es\"},{\"@type\":\"Organization\",\"@id\":\"https:\/\/www.smile-labfurniture.com\/#organization\",\"name\":\"SMILELAB\",\"url\":\"https:\/\/www.smile-labfurniture.com\/\",\"logo\":{\"@type\":\"ImageObject\",\"inLanguage\":\"es\",\"@id\":\"https:\/\/www.smile-labfurniture.com\/#\/schema\/logo\/image\/\",\"url\":\"https:\/\/www.smile-labfurniture.com\/wp-content\/uploads\/2020\/06\/QQ_1764744017650.png\",\"contentUrl\":\"https:\/\/www.smile-labfurniture.com\/wp-content\/uploads\/2020\/06\/QQ_1764744017650.png\",\"width\":355,\"height\":48,\"caption\":\"SMILELAB\"},\"image\":{\"@id\":\"https:\/\/www.smile-labfurniture.com\/#\/schema\/logo\/image\/\"},\"sameAs\":[\"https:\/\/www.facebook.com\/share\/1DxYQBbYb1\/?mibextid=wwXIfr\"]}]}<\/script>\n<!-- \/ Yoast SEO plugin. -->","yoast_head_json":{"title":"Medical experimental bench - SMILELAB","robots":{"index":"index","follow":"follow","max-snippet":"max-snippet:-1","max-image-preview":"max-image-preview:large","max-video-preview":"max-video-preview:-1"},"canonical":"https:\/\/www.smile-labfurniture.com\/es\/producto\/medical-experimental-bench-effect\/","og_locale":"es_ES","og_type":"article","og_title":"Medical experimental bench - SMILELAB","og_description":"Can customize your specifications","og_url":"https:\/\/www.smile-labfurniture.com\/es\/producto\/medical-experimental-bench-effect\/","og_site_name":"SMILELAB","article_publisher":"https:\/\/www.facebook.com\/share\/1DxYQBbYb1\/?mibextid=wwXIfr","article_modified_time":"2026-01-23T03:44:11+00:00","og_image":[{"width":2590,"height":1605,"url":"https:\/\/www.smile-labfurniture.com\/wp-content\/uploads\/2025\/12\/00cbbc24c125350f72d849f03b7c1e8a.webp","type":"image\/webp"}],"twitter_card":"summary_large_image","twitter_misc":{"Tiempo de lectura":"5 minutos"},"schema":{"@context":"https:\/\/schema.org","@graph":[{"@type":"WebPage","@id":"https:\/\/www.smile-labfurniture.com\/product\/medical-experimental-bench-effect\/","url":"https:\/\/www.smile-labfurniture.com\/product\/medical-experimental-bench-effect\/","name":"Medical experimental bench - SMILELAB","isPartOf":{"@id":"https:\/\/www.smile-labfurniture.com\/#website"},"primaryImageOfPage":{"@id":"https:\/\/www.smile-labfurniture.com\/product\/medical-experimental-bench-effect\/#primaryimage"},"image":{"@id":"https:\/\/www.smile-labfurniture.com\/product\/medical-experimental-bench-effect\/#primaryimage"},"thumbnailUrl":"https:\/\/www.smile-labfurniture.com\/wp-content\/uploads\/2025\/12\/00cbbc24c125350f72d849f03b7c1e8a.webp","datePublished":"2025-12-21T09:40:59+00:00","dateModified":"2026-01-23T03:44:11+00:00","breadcrumb":{"@id":"https:\/\/www.smile-labfurniture.com\/product\/medical-experimental-bench-effect\/#breadcrumb"},"inLanguage":"es","potentialAction":[{"@type":"ReadAction","target":["https:\/\/www.smile-labfurniture.com\/product\/medical-experimental-bench-effect\/"]}]},{"@type":"ImageObject","inLanguage":"es","@id":"https:\/\/www.smile-labfurniture.com\/product\/medical-experimental-bench-effect\/#primaryimage","url":"https:\/\/www.smile-labfurniture.com\/wp-content\/uploads\/2025\/12\/00cbbc24c125350f72d849f03b7c1e8a.webp","contentUrl":"https:\/\/www.smile-labfurniture.com\/wp-content\/uploads\/2025\/12\/00cbbc24c125350f72d849f03b7c1e8a.webp","width":2590,"height":1605},{"@type":"BreadcrumbList","@id":"https:\/\/www.smile-labfurniture.com\/product\/medical-experimental-bench-effect\/#breadcrumb","itemListElement":[{"@type":"ListItem","position":1,"name":"\u9996\u9875","item":"https:\/\/www.smile-labfurniture.com\/"},{"@type":"ListItem","position":2,"name":"Shop","item":"https:\/\/www.smile-labfurniture.com\/shop\/"},{"@type":"ListItem","position":3,"name":"Medical experimental bench"}]},{"@type":"WebSite","@id":"https:\/\/www.smile-labfurniture.com\/#website","url":"https:\/\/www.smile-labfurniture.com\/","name":"SMILELAB","description":"","publisher":{"@id":"https:\/\/www.smile-labfurniture.com\/#organization"},"potentialAction":[{"@type":"SearchAction","target":{"@type":"EntryPoint","urlTemplate":"https:\/\/www.smile-labfurniture.com\/?s={search_term_string}"},"query-input":{"@type":"PropertyValueSpecification","valueRequired":true,"valueName":"search_term_string"}}],"inLanguage":"es"},{"@type":"Organization","@id":"https:\/\/www.smile-labfurniture.com\/#organization","name":"SMILELAB","url":"https:\/\/www.smile-labfurniture.com\/","logo":{"@type":"ImageObject","inLanguage":"es","@id":"https:\/\/www.smile-labfurniture.com\/#\/schema\/logo\/image\/","url":"https:\/\/www.smile-labfurniture.com\/wp-content\/uploads\/2020\/06\/QQ_1764744017650.png","contentUrl":"https:\/\/www.smile-labfurniture.com\/wp-content\/uploads\/2020\/06\/QQ_1764744017650.png","width":355,"height":48,"caption":"SMILELAB"},"image":{"@id":"https:\/\/www.smile-labfurniture.com\/#\/schema\/logo\/image\/"},"sameAs":["https:\/\/www.facebook.com\/share\/1DxYQBbYb1\/?mibextid=wwXIfr"]}]}},"_links":{"self":[{"href":"https:\/\/www.smile-labfurniture.com\/es\/wp-json\/wp\/v2\/product\/5035","targetHints":{"allow":["GET"]}}],"collection":[{"href":"https:\/\/www.smile-labfurniture.com\/es\/wp-json\/wp\/v2\/product"}],"about":[{"href":"https:\/\/www.smile-labfurniture.com\/es\/wp-json\/wp\/v2\/types\/product"}],"replies":[{"embeddable":true,"href":"https:\/\/www.smile-labfurniture.com\/es\/wp-json\/wp\/v2\/comments?post=5035"}],"wp:featuredmedia":[{"embeddable":true,"href":"https:\/\/www.smile-labfurniture.com\/es\/wp-json\/wp\/v2\/media\/5036"}],"wp:attachment":[{"href":"https:\/\/www.smile-labfurniture.com\/es\/wp-json\/wp\/v2\/media?parent=5035"}],"wp:term":[{"taxonomy":"product_cat","embeddable":true,"href":"https:\/\/www.smile-labfurniture.com\/es\/wp-json\/wp\/v2\/product_cat?post=5035"},{"taxonomy":"product_tag","embeddable":true,"href":"https:\/\/www.smile-labfurniture.com\/es\/wp-json\/wp\/v2\/product_tag?post=5035"},{"taxonomy":"product_brand","embeddable":true,"href":"https:\/\/www.smile-labfurniture.com\/es\/wp-json\/wp\/v2\/product_brand?post=5035"}],"curies":[{"name":"wp","href":"https:\/\/api.w.org\/{rel}","templated":true}]}}