{"id":5024,"date":"2025-12-21T09:12:52","date_gmt":"2025-12-21T09:12:52","guid":{"rendered":"http:\/\/www.smile-labfurniture.com\/?post_type=product&#038;p=5024"},"modified":"2026-01-23T03:49:42","modified_gmt":"2026-01-23T03:49:42","slug":"5024","status":"publish","type":"product","link":"https:\/\/www.smile-labfurniture.com\/es\/producto\/5024\/","title":{"rendered":"Mobiliario de laboratorio de acero inoxidable"},"content":{"rendered":"<p>1. Stainless steel experimental bench specifications (standard)<\/p>\n<p>\uff081). Central table specifications: L*1500*850mm<br \/>\n\uff082\uff09. Especificaciones de la mesa auxiliar: L*750*850mm<br \/>\nNota: El banco experimental de acero inoxidable se puede personalizar en varias especificaciones.<br \/>\n2. Stainless steel experimental bench top<br \/>\n\uff081\uff09.Material de acero inoxidable 201 (grosor: 1,2mm-1,5mm)<br \/>\n\uff082\uff09.Material de acero inoxidable 304 (grosor: 1,2mm-1,5mm)<br \/>\n\uff083\uff09.Material de acero inoxidable 316 (grosor: 0,2mm-1,15mm)<br \/>\n\uff084\uff09. Color: brillante y cepillado.<br \/>\n3. Stainless steel experimental bench structure<br \/>\nWelded with high-quality (304 stainless steel 1.2mm) stainless steel, it is the main support structure of the experimental bench. All workpieces are produced through gas stamping, protective welding, polishing and other processes. After the desktop is connected to the steel structure, it can withstand a load of 300Kg\/m2. The solder joints are free of burrs and false soldering, and the interface is smooth. There are horizontal adjustment foot pads at the joint between the front and rear of the vertical frame and the ground.<br \/>\n4. Stainless steel experimental bench cabinet<br \/>\nMade of 1.0mm thick 304 board, the boards are all cut by intelligent panel saws with high precision and no edges. The cabinet is of disassembly design, with stable structure and good load-bearing performance. Combined design, the combination style and size can be adjusted according to the actual needs of customers (Beijing Zhongcosmax Company provides free measurement and design).<br \/>\n5. Stainless steel experimental bench handle<br \/>\nAsa invisible de una palabra, asa en forma de U<br \/>\n6. Stainless steel experimental bench guide rails<br \/>\nTodas las gu\u00edas de los cajones son de bolas de tres secciones.<br \/>\n7. Stainless steel experimental bench hinge<br \/>\nAdopta una bisagra de cierre autom\u00e1tico de bella apariencia. Se cierra lentamente y sin hacer ruido al abrirse y cerrarse. El anillo met\u00e1lico de sellado es antioxidante y superresistente a la corrosi\u00f3n.<br \/>\n8. Stainless steel experimental bench footings<br \/>\nLos pies regulables en altura tienen las ventajas de ser antideslizantes, amortiguadores, resistentes a la corrosi\u00f3n y con gran capacidad de carga, y son m\u00e1s adecuados para su uso en entornos de laboratorio.<br \/>\n9. Stainless steel experimental bench basin<br \/>\nCubeta de acero inoxidable especial para laboratorio. Especificaci\u00f3n: 550*450*300 o especificado por el comprador; Color: color natural.<br \/>\n10. Stainless steel experimental bench faucet<br \/>\nGrifo de agua fr\u00eda de tres cabezales de pl\u00e1stico de rociado especial para uso en laboratorio. Especificaciones: triple\/doble\/sencillo. Material: N\u00facleo de cobre pulverizado\/acero inoxidable.<br \/>\n11. Stainless steel experimental bench socket<br \/>\nLa toma de corriente espec\u00edfica del laboratorio es una toma multifuncional tipo caja inclinada, com\u00fanmente utilizada es 220V10A, 16A.<br \/>\n12. Stainless steel experimental bench supporting reagent rack<br \/>\nOptional reagent rack, installed on the bottom or top of the reagent rack shelf. The reagent rack is made of steel, easy to install and disassemble, and has a solid body. It has a movable rack plate that can adjust the height arbitrarily. The reagent rack layer is made of 8.0mm thick tempered glass, and the columns and hanging pieces are sprayed with epoxy resin. Shelves are also available in steel. The column can be equipped with waterproof inserts.<\/p>\n<p><img loading=\"lazy\" decoding=\"async\" class=\"alignnone size-full wp-image-5031\" src=\"http:\/\/www.smile-labfurniture.com\/wp-content\/uploads\/2025\/12\/ef1536d960cc62bb35e7483fdeeb6e90.webp\" alt=\"\" width=\"4736\" height=\"3552\" \/><\/p>","protected":false},"excerpt":{"rendered":"<p>Puede personalizar sus especificaciones<\/p>","protected":false},"featured_media":5031,"comment_status":"closed","ping_status":"closed","template":"","meta":[],"product_cat":[15],"product_tag":[],"product_brand":[],"class_list":["post-5024","product","type-product","status-publish","has-post-thumbnail","hentry","product_cat-laboratory-furniture"],"yoast_head":"<!-- This site is optimized with the Yoast SEO plugin v26.6 - https:\/\/yoast.com\/wordpress\/plugins\/seo\/ -->\n<title>Stainless steel laboratory furniture - SMILELAB<\/title>\n<meta name=\"robots\" content=\"index, follow, max-snippet:-1, max-image-preview:large, max-video-preview:-1\" \/>\n<link rel=\"canonical\" href=\"https:\/\/www.smile-labfurniture.com\/es\/producto\/5024\/\" \/>\n<meta property=\"og:locale\" content=\"es_ES\" \/>\n<meta property=\"og:type\" content=\"article\" \/>\n<meta property=\"og:title\" content=\"Stainless steel laboratory furniture - SMILELAB\" \/>\n<meta property=\"og:description\" content=\"Can customize your specifications\" \/>\n<meta property=\"og:url\" content=\"https:\/\/www.smile-labfurniture.com\/es\/producto\/5024\/\" \/>\n<meta property=\"og:site_name\" content=\"SMILELAB\" \/>\n<meta property=\"article:publisher\" content=\"https:\/\/www.facebook.com\/share\/1DxYQBbYb1\/?mibextid=wwXIfr\" \/>\n<meta property=\"article:modified_time\" content=\"2026-01-23T03:49:42+00:00\" \/>\n<meta property=\"og:image\" content=\"https:\/\/www.smile-labfurniture.com\/wp-content\/uploads\/2025\/12\/ef1536d960cc62bb35e7483fdeeb6e90.webp\" \/>\n\t<meta property=\"og:image:width\" content=\"4736\" \/>\n\t<meta property=\"og:image:height\" content=\"3552\" \/>\n\t<meta property=\"og:image:type\" content=\"image\/webp\" \/>\n<meta name=\"twitter:card\" content=\"summary_large_image\" \/>\n<meta name=\"twitter:label1\" content=\"Tiempo de lectura\" \/>\n\t<meta name=\"twitter:data1\" content=\"3 minutos\" \/>\n<script type=\"application\/ld+json\" class=\"yoast-schema-graph\">{\"@context\":\"https:\/\/schema.org\",\"@graph\":[{\"@type\":\"WebPage\",\"@id\":\"https:\/\/www.smile-labfurniture.com\/product\/5024\/\",\"url\":\"https:\/\/www.smile-labfurniture.com\/product\/5024\/\",\"name\":\"Stainless steel laboratory furniture - SMILELAB\",\"isPartOf\":{\"@id\":\"https:\/\/www.smile-labfurniture.com\/#website\"},\"primaryImageOfPage\":{\"@id\":\"https:\/\/www.smile-labfurniture.com\/product\/5024\/#primaryimage\"},\"image\":{\"@id\":\"https:\/\/www.smile-labfurniture.com\/product\/5024\/#primaryimage\"},\"thumbnailUrl\":\"https:\/\/www.smile-labfurniture.com\/wp-content\/uploads\/2025\/12\/ef1536d960cc62bb35e7483fdeeb6e90.webp\",\"datePublished\":\"2025-12-21T09:12:52+00:00\",\"dateModified\":\"2026-01-23T03:49:42+00:00\",\"breadcrumb\":{\"@id\":\"https:\/\/www.smile-labfurniture.com\/product\/5024\/#breadcrumb\"},\"inLanguage\":\"es\",\"potentialAction\":[{\"@type\":\"ReadAction\",\"target\":[\"https:\/\/www.smile-labfurniture.com\/product\/5024\/\"]}]},{\"@type\":\"ImageObject\",\"inLanguage\":\"es\",\"@id\":\"https:\/\/www.smile-labfurniture.com\/product\/5024\/#primaryimage\",\"url\":\"https:\/\/www.smile-labfurniture.com\/wp-content\/uploads\/2025\/12\/ef1536d960cc62bb35e7483fdeeb6e90.webp\",\"contentUrl\":\"https:\/\/www.smile-labfurniture.com\/wp-content\/uploads\/2025\/12\/ef1536d960cc62bb35e7483fdeeb6e90.webp\",\"width\":4736,\"height\":3552},{\"@type\":\"BreadcrumbList\",\"@id\":\"https:\/\/www.smile-labfurniture.com\/product\/5024\/#breadcrumb\",\"itemListElement\":[{\"@type\":\"ListItem\",\"position\":1,\"name\":\"\u9996\u9875\",\"item\":\"https:\/\/www.smile-labfurniture.com\/\"},{\"@type\":\"ListItem\",\"position\":2,\"name\":\"Shop\",\"item\":\"https:\/\/www.smile-labfurniture.com\/shop\/\"},{\"@type\":\"ListItem\",\"position\":3,\"name\":\"Stainless steel laboratory furniture\"}]},{\"@type\":\"WebSite\",\"@id\":\"https:\/\/www.smile-labfurniture.com\/#website\",\"url\":\"https:\/\/www.smile-labfurniture.com\/\",\"name\":\"SMILELAB\",\"description\":\"\",\"publisher\":{\"@id\":\"https:\/\/www.smile-labfurniture.com\/#organization\"},\"potentialAction\":[{\"@type\":\"SearchAction\",\"target\":{\"@type\":\"EntryPoint\",\"urlTemplate\":\"https:\/\/www.smile-labfurniture.com\/?s={search_term_string}\"},\"query-input\":{\"@type\":\"PropertyValueSpecification\",\"valueRequired\":true,\"valueName\":\"search_term_string\"}}],\"inLanguage\":\"es\"},{\"@type\":\"Organization\",\"@id\":\"https:\/\/www.smile-labfurniture.com\/#organization\",\"name\":\"SMILELAB\",\"url\":\"https:\/\/www.smile-labfurniture.com\/\",\"logo\":{\"@type\":\"ImageObject\",\"inLanguage\":\"es\",\"@id\":\"https:\/\/www.smile-labfurniture.com\/#\/schema\/logo\/image\/\",\"url\":\"https:\/\/www.smile-labfurniture.com\/wp-content\/uploads\/2020\/06\/QQ_1764744017650.png\",\"contentUrl\":\"https:\/\/www.smile-labfurniture.com\/wp-content\/uploads\/2020\/06\/QQ_1764744017650.png\",\"width\":355,\"height\":48,\"caption\":\"SMILELAB\"},\"image\":{\"@id\":\"https:\/\/www.smile-labfurniture.com\/#\/schema\/logo\/image\/\"},\"sameAs\":[\"https:\/\/www.facebook.com\/share\/1DxYQBbYb1\/?mibextid=wwXIfr\"]}]}<\/script>\n<!-- \/ Yoast SEO plugin. -->","yoast_head_json":{"title":"Stainless steel laboratory furniture - SMILELAB","robots":{"index":"index","follow":"follow","max-snippet":"max-snippet:-1","max-image-preview":"max-image-preview:large","max-video-preview":"max-video-preview:-1"},"canonical":"https:\/\/www.smile-labfurniture.com\/es\/producto\/5024\/","og_locale":"es_ES","og_type":"article","og_title":"Stainless steel laboratory furniture - SMILELAB","og_description":"Can customize your specifications","og_url":"https:\/\/www.smile-labfurniture.com\/es\/producto\/5024\/","og_site_name":"SMILELAB","article_publisher":"https:\/\/www.facebook.com\/share\/1DxYQBbYb1\/?mibextid=wwXIfr","article_modified_time":"2026-01-23T03:49:42+00:00","og_image":[{"width":4736,"height":3552,"url":"https:\/\/www.smile-labfurniture.com\/wp-content\/uploads\/2025\/12\/ef1536d960cc62bb35e7483fdeeb6e90.webp","type":"image\/webp"}],"twitter_card":"summary_large_image","twitter_misc":{"Tiempo de lectura":"3 minutos"},"schema":{"@context":"https:\/\/schema.org","@graph":[{"@type":"WebPage","@id":"https:\/\/www.smile-labfurniture.com\/product\/5024\/","url":"https:\/\/www.smile-labfurniture.com\/product\/5024\/","name":"Stainless steel laboratory furniture - SMILELAB","isPartOf":{"@id":"https:\/\/www.smile-labfurniture.com\/#website"},"primaryImageOfPage":{"@id":"https:\/\/www.smile-labfurniture.com\/product\/5024\/#primaryimage"},"image":{"@id":"https:\/\/www.smile-labfurniture.com\/product\/5024\/#primaryimage"},"thumbnailUrl":"https:\/\/www.smile-labfurniture.com\/wp-content\/uploads\/2025\/12\/ef1536d960cc62bb35e7483fdeeb6e90.webp","datePublished":"2025-12-21T09:12:52+00:00","dateModified":"2026-01-23T03:49:42+00:00","breadcrumb":{"@id":"https:\/\/www.smile-labfurniture.com\/product\/5024\/#breadcrumb"},"inLanguage":"es","potentialAction":[{"@type":"ReadAction","target":["https:\/\/www.smile-labfurniture.com\/product\/5024\/"]}]},{"@type":"ImageObject","inLanguage":"es","@id":"https:\/\/www.smile-labfurniture.com\/product\/5024\/#primaryimage","url":"https:\/\/www.smile-labfurniture.com\/wp-content\/uploads\/2025\/12\/ef1536d960cc62bb35e7483fdeeb6e90.webp","contentUrl":"https:\/\/www.smile-labfurniture.com\/wp-content\/uploads\/2025\/12\/ef1536d960cc62bb35e7483fdeeb6e90.webp","width":4736,"height":3552},{"@type":"BreadcrumbList","@id":"https:\/\/www.smile-labfurniture.com\/product\/5024\/#breadcrumb","itemListElement":[{"@type":"ListItem","position":1,"name":"\u9996\u9875","item":"https:\/\/www.smile-labfurniture.com\/"},{"@type":"ListItem","position":2,"name":"Shop","item":"https:\/\/www.smile-labfurniture.com\/shop\/"},{"@type":"ListItem","position":3,"name":"Stainless steel laboratory furniture"}]},{"@type":"WebSite","@id":"https:\/\/www.smile-labfurniture.com\/#website","url":"https:\/\/www.smile-labfurniture.com\/","name":"SMILELAB","description":"","publisher":{"@id":"https:\/\/www.smile-labfurniture.com\/#organization"},"potentialAction":[{"@type":"SearchAction","target":{"@type":"EntryPoint","urlTemplate":"https:\/\/www.smile-labfurniture.com\/?s={search_term_string}"},"query-input":{"@type":"PropertyValueSpecification","valueRequired":true,"valueName":"search_term_string"}}],"inLanguage":"es"},{"@type":"Organization","@id":"https:\/\/www.smile-labfurniture.com\/#organization","name":"SMILELAB","url":"https:\/\/www.smile-labfurniture.com\/","logo":{"@type":"ImageObject","inLanguage":"es","@id":"https:\/\/www.smile-labfurniture.com\/#\/schema\/logo\/image\/","url":"https:\/\/www.smile-labfurniture.com\/wp-content\/uploads\/2020\/06\/QQ_1764744017650.png","contentUrl":"https:\/\/www.smile-labfurniture.com\/wp-content\/uploads\/2020\/06\/QQ_1764744017650.png","width":355,"height":48,"caption":"SMILELAB"},"image":{"@id":"https:\/\/www.smile-labfurniture.com\/#\/schema\/logo\/image\/"},"sameAs":["https:\/\/www.facebook.com\/share\/1DxYQBbYb1\/?mibextid=wwXIfr"]}]}},"_links":{"self":[{"href":"https:\/\/www.smile-labfurniture.com\/es\/wp-json\/wp\/v2\/product\/5024","targetHints":{"allow":["GET"]}}],"collection":[{"href":"https:\/\/www.smile-labfurniture.com\/es\/wp-json\/wp\/v2\/product"}],"about":[{"href":"https:\/\/www.smile-labfurniture.com\/es\/wp-json\/wp\/v2\/types\/product"}],"replies":[{"embeddable":true,"href":"https:\/\/www.smile-labfurniture.com\/es\/wp-json\/wp\/v2\/comments?post=5024"}],"wp:featuredmedia":[{"embeddable":true,"href":"https:\/\/www.smile-labfurniture.com\/es\/wp-json\/wp\/v2\/media\/5031"}],"wp:attachment":[{"href":"https:\/\/www.smile-labfurniture.com\/es\/wp-json\/wp\/v2\/media?parent=5024"}],"wp:term":[{"taxonomy":"product_cat","embeddable":true,"href":"https:\/\/www.smile-labfurniture.com\/es\/wp-json\/wp\/v2\/product_cat?post=5024"},{"taxonomy":"product_tag","embeddable":true,"href":"https:\/\/www.smile-labfurniture.com\/es\/wp-json\/wp\/v2\/product_tag?post=5024"},{"taxonomy":"product_brand","embeddable":true,"href":"https:\/\/www.smile-labfurniture.com\/es\/wp-json\/wp\/v2\/product_brand?post=5024"}],"curies":[{"name":"wp","href":"https:\/\/api.w.org\/{rel}","templated":true}]}}