{"id":5011,"date":"2025-12-13T04:00:13","date_gmt":"2025-12-13T04:00:13","guid":{"rendered":"http:\/\/www.smile-labfurniture.com\/?post_type=product&#038;p=5011"},"modified":"2026-01-23T04:03:54","modified_gmt":"2026-01-23T04:03:54","slug":"stainless-steel-laboratory-furniture","status":"publish","type":"product","link":"https:\/\/www.smile-labfurniture.com\/es\/producto\/stainless-steel-laboratory-furniture\/","title":{"rendered":"Mobiliario de laboratorio de acero inoxidable"},"content":{"rendered":"<h2 style=\"text-align: center;\">Banco de experimentaci\u00f3n de acero inoxidable<\/h2>\n<p><strong>1<\/strong>. Especificaciones del banco de ensayo de acero inoxidable (est\u00e1ndar)<\/p>\n<p>\uff081\uff09. Especificaciones de la mesa central: L*1500*850mm<br \/>\n\uff082\uff09. Especificaciones de la mesa auxiliar: L*750*850mm<br \/>\nNota: El banco experimental de acero inoxidable se puede personalizar en varias especificaciones.<br \/>\n<strong>2<\/strong>. Banco experimental de acero inoxidable<br \/>\n\uff081\uff09.Material de acero inoxidable 201 (grosor: 1,2mm-1,5mm)<br \/>\n\uff082\uff09.Material de acero inoxidable 304 (grosor: 1,2mm-1,5mm)<br \/>\n\uff083\uff09.Material de acero inoxidable 316 (grosor: 0,2mm-1,15mm)<br \/>\n\uff084\uff09. Color: brillante y cepillado.<br \/>\n<strong>3<\/strong>. Estructura del banco experimental de acero inoxidable<br \/>\nSoldado con acero inoxidable de alta calidad (acero inoxidable 304 de 1,2 mm), es la estructura de soporte principal del banco experimental. Todas las piezas se fabrican mediante estampaci\u00f3n con gas, soldadura de protecci\u00f3n, pulido y<\/p>\n<p>otros procesos. Una vez conectado el escritorio a la estructura de acero, puede soportar una carga de 300Kg\/m2. Las juntas de soldadura est\u00e1n libres de rebabas y falsas soldaduras, y la interfaz es suave. Se dispone de<\/p>\n<p>pies de ajuste en la uni\u00f3n entre la parte delantera y trasera del bastidor vertical y el suelo.<br \/>\n<strong>4<\/strong>. Armario de acero inoxidable para banco de experimentaci\u00f3n<br \/>\nFabricado con tablero 304 de 1,0 mm de grosor, todos los tableros est\u00e1n cortados por sierras de panel inteligentes de alta precisi\u00f3n y sin aristas. El armario es de dise\u00f1o desmontable, con estructura estable y buen rendimiento de carga.<\/p>\n<p>Dise\u00f1o combinado, el estilo de combinaci\u00f3n y el tama\u00f1o se pueden ajustar de acuerdo a las necesidades reales de los clientes (Beijing Zhongcosmax Company proporciona la medici\u00f3n y el dise\u00f1o gratuito).<br \/>\n<strong>5<\/strong>. Asa de banco experimental de acero inoxidable<br \/>\nAsa invisible de una palabra, asa en forma de U<br \/>\n<strong>6<\/strong>. Carriles gu\u00eda de acero inoxidable para bancos de experimentaci\u00f3n<br \/>\nTodas las gu\u00edas de los cajones son de bolas de tres secciones.<br \/>\n<strong>7<\/strong>. Bisagra de banco experimental de acero inoxidable<br \/>\nAdopta una bisagra de cierre autom\u00e1tico de bella apariencia. Se cierra lentamente y sin hacer ruido al abrirse y cerrarse. El anillo met\u00e1lico de sellado es antioxidante y superresistente a la corrosi\u00f3n.<br \/>\n<strong>8<\/strong>. Zapatas de acero inoxidable para bancos experimentales<br \/>\nLos pies regulables en altura tienen las ventajas de ser antideslizantes, amortiguadores, resistentes a la corrosi\u00f3n y con gran capacidad de carga, y son m\u00e1s adecuados para su uso en entornos de laboratorio.<br \/>\n<strong>9<\/strong>. Lavabo de acero inoxidable para banco de experimentaci\u00f3n<br \/>\nCubeta de acero inoxidable especial para laboratorio. Especificaci\u00f3n: 550*450*300 o especificado por el comprador; Color: color natural.<br \/>\n<strong>10<\/strong>. Grifo de banco experimental de acero inoxidable<br \/>\nGrifo de agua fr\u00eda de tres cabezales de pl\u00e1stico de rociado especial para uso en laboratorio. Especificaciones: triple\/doble\/sencillo. Material: N\u00facleo de cobre pulverizado\/acero inoxidable.<br \/>\n<strong>11<\/strong>. Enchufe para banco de experimentaci\u00f3n de acero inoxidable<br \/>\nLa toma de corriente espec\u00edfica del laboratorio es una toma multifuncional tipo caja inclinada, com\u00fanmente utilizada es 220V10A, 16A.<br \/>\n<strong>12<\/strong>. Banco de experimentaci\u00f3n de acero inoxidable con soporte para reactivos<br \/>\nRejilla de reactivos opcional, instalada en la parte inferior o superior del estante de la rejilla de reactivos. La gradilla de reactivos es de acero, f\u00e1cil de instalar y desmontar. El cuerpo de la gradilla es s\u00f3lido y dispone de una placa de gradilla m\u00f3vil que<\/p>\n<p>Se puede ajustar en altura. La capa de la estanter\u00eda de reactivos es de vidrio templado de 8,0 mm de grosor, y las columnas y piezas colgantes est\u00e1n pulverizadas con resina epoxi. Los estantes tambi\u00e9n est\u00e1n disponibles en acero. La columna puede ser<\/p>\n<p>equipados con inserciones impermeables.<\/p>\n<p><img loading=\"lazy\" decoding=\"async\" class=\"alignnone size-full wp-image-5012\" src=\"http:\/\/www.smile-labfurniture.com\/wp-content\/uploads\/2025\/12\/-\u672a\u547d\u540d-20251213-114505.webp\" alt=\"\" width=\"7000\" height=\"5250\" srcset=\"https:\/\/www.smile-labfurniture.com\/wp-content\/uploads\/2025\/12\/-\u672a\u547d\u540d-20251213-114505.webp 7000w, https:\/\/www.smile-labfurniture.com\/wp-content\/uploads\/2025\/12\/-\u672a\u547d\u540d-20251213-114505-300x225.webp 300w\" sizes=\"auto, (max-width: 7000px) 100vw, 7000px\" \/><img loading=\"lazy\" decoding=\"async\" class=\"alignnone size-full wp-image-5013\" src=\"http:\/\/www.smile-labfurniture.com\/wp-content\/uploads\/2025\/12\/-\u672a\u547d\u540d-20251213-114457.webp\" alt=\"\" width=\"7000\" height=\"5250\" \/><\/p>","protected":false},"excerpt":{"rendered":"<p>Puede personalizar sus especificaciones<\/p>","protected":false},"featured_media":5013,"comment_status":"closed","ping_status":"closed","template":"","meta":[],"product_cat":[15],"product_tag":[],"product_brand":[],"class_list":["post-5011","product","type-product","status-publish","has-post-thumbnail","hentry","product_cat-laboratory-furniture"],"yoast_head":"<!-- This site is optimized with the Yoast SEO plugin v26.6 - https:\/\/yoast.com\/wordpress\/plugins\/seo\/ -->\n<title>Stainless Steel Laboratory Furniture - SMILELAB<\/title>\n<meta name=\"robots\" content=\"index, follow, max-snippet:-1, max-image-preview:large, max-video-preview:-1\" \/>\n<link rel=\"canonical\" href=\"https:\/\/www.smile-labfurniture.com\/es\/producto\/stainless-steel-laboratory-furniture\/\" \/>\n<meta property=\"og:locale\" content=\"es_ES\" \/>\n<meta property=\"og:type\" content=\"article\" \/>\n<meta property=\"og:title\" content=\"Stainless Steel Laboratory Furniture - SMILELAB\" \/>\n<meta property=\"og:description\" content=\"Can customize your specifications\" \/>\n<meta property=\"og:url\" content=\"https:\/\/www.smile-labfurniture.com\/es\/producto\/stainless-steel-laboratory-furniture\/\" \/>\n<meta property=\"og:site_name\" content=\"SMILELAB\" \/>\n<meta property=\"article:publisher\" content=\"https:\/\/www.facebook.com\/share\/1DxYQBbYb1\/?mibextid=wwXIfr\" \/>\n<meta property=\"article:modified_time\" content=\"2026-01-23T04:03:54+00:00\" \/>\n<meta property=\"og:image\" content=\"https:\/\/www.smile-labfurniture.com\/wp-content\/uploads\/2025\/12\/-\u672a\u547d\u540d-20251213-114457.webp\" \/>\n\t<meta property=\"og:image:width\" content=\"7000\" \/>\n\t<meta property=\"og:image:height\" content=\"5250\" \/>\n\t<meta property=\"og:image:type\" content=\"image\/webp\" \/>\n<meta name=\"twitter:card\" content=\"summary_large_image\" \/>\n<meta name=\"twitter:label1\" content=\"Tiempo de lectura\" \/>\n\t<meta name=\"twitter:data1\" content=\"4 minutos\" \/>\n<script type=\"application\/ld+json\" class=\"yoast-schema-graph\">{\"@context\":\"https:\/\/schema.org\",\"@graph\":[{\"@type\":\"WebPage\",\"@id\":\"https:\/\/www.smile-labfurniture.com\/product\/stainless-steel-laboratory-furniture\/\",\"url\":\"https:\/\/www.smile-labfurniture.com\/product\/stainless-steel-laboratory-furniture\/\",\"name\":\"Stainless Steel Laboratory Furniture - SMILELAB\",\"isPartOf\":{\"@id\":\"https:\/\/www.smile-labfurniture.com\/#website\"},\"primaryImageOfPage\":{\"@id\":\"https:\/\/www.smile-labfurniture.com\/product\/stainless-steel-laboratory-furniture\/#primaryimage\"},\"image\":{\"@id\":\"https:\/\/www.smile-labfurniture.com\/product\/stainless-steel-laboratory-furniture\/#primaryimage\"},\"thumbnailUrl\":\"https:\/\/www.smile-labfurniture.com\/wp-content\/uploads\/2025\/12\/-\u672a\u547d\u540d-20251213-114457.webp\",\"datePublished\":\"2025-12-13T04:00:13+00:00\",\"dateModified\":\"2026-01-23T04:03:54+00:00\",\"breadcrumb\":{\"@id\":\"https:\/\/www.smile-labfurniture.com\/product\/stainless-steel-laboratory-furniture\/#breadcrumb\"},\"inLanguage\":\"es\",\"potentialAction\":[{\"@type\":\"ReadAction\",\"target\":[\"https:\/\/www.smile-labfurniture.com\/product\/stainless-steel-laboratory-furniture\/\"]}]},{\"@type\":\"ImageObject\",\"inLanguage\":\"es\",\"@id\":\"https:\/\/www.smile-labfurniture.com\/product\/stainless-steel-laboratory-furniture\/#primaryimage\",\"url\":\"https:\/\/www.smile-labfurniture.com\/wp-content\/uploads\/2025\/12\/-\u672a\u547d\u540d-20251213-114457.webp\",\"contentUrl\":\"https:\/\/www.smile-labfurniture.com\/wp-content\/uploads\/2025\/12\/-\u672a\u547d\u540d-20251213-114457.webp\",\"width\":7000,\"height\":5250},{\"@type\":\"BreadcrumbList\",\"@id\":\"https:\/\/www.smile-labfurniture.com\/product\/stainless-steel-laboratory-furniture\/#breadcrumb\",\"itemListElement\":[{\"@type\":\"ListItem\",\"position\":1,\"name\":\"\u9996\u9875\",\"item\":\"https:\/\/www.smile-labfurniture.com\/\"},{\"@type\":\"ListItem\",\"position\":2,\"name\":\"Shop\",\"item\":\"https:\/\/www.smile-labfurniture.com\/shop\/\"},{\"@type\":\"ListItem\",\"position\":3,\"name\":\"Stainless Steel Laboratory Furniture\"}]},{\"@type\":\"WebSite\",\"@id\":\"https:\/\/www.smile-labfurniture.com\/#website\",\"url\":\"https:\/\/www.smile-labfurniture.com\/\",\"name\":\"SMILELAB\",\"description\":\"\",\"publisher\":{\"@id\":\"https:\/\/www.smile-labfurniture.com\/#organization\"},\"potentialAction\":[{\"@type\":\"SearchAction\",\"target\":{\"@type\":\"EntryPoint\",\"urlTemplate\":\"https:\/\/www.smile-labfurniture.com\/?s={search_term_string}\"},\"query-input\":{\"@type\":\"PropertyValueSpecification\",\"valueRequired\":true,\"valueName\":\"search_term_string\"}}],\"inLanguage\":\"es\"},{\"@type\":\"Organization\",\"@id\":\"https:\/\/www.smile-labfurniture.com\/#organization\",\"name\":\"SMILELAB\",\"url\":\"https:\/\/www.smile-labfurniture.com\/\",\"logo\":{\"@type\":\"ImageObject\",\"inLanguage\":\"es\",\"@id\":\"https:\/\/www.smile-labfurniture.com\/#\/schema\/logo\/image\/\",\"url\":\"https:\/\/www.smile-labfurniture.com\/wp-content\/uploads\/2020\/06\/QQ_1764744017650.png\",\"contentUrl\":\"https:\/\/www.smile-labfurniture.com\/wp-content\/uploads\/2020\/06\/QQ_1764744017650.png\",\"width\":355,\"height\":48,\"caption\":\"SMILELAB\"},\"image\":{\"@id\":\"https:\/\/www.smile-labfurniture.com\/#\/schema\/logo\/image\/\"},\"sameAs\":[\"https:\/\/www.facebook.com\/share\/1DxYQBbYb1\/?mibextid=wwXIfr\"]}]}<\/script>\n<!-- \/ Yoast SEO plugin. -->","yoast_head_json":{"title":"Stainless Steel Laboratory Furniture - SMILELAB","robots":{"index":"index","follow":"follow","max-snippet":"max-snippet:-1","max-image-preview":"max-image-preview:large","max-video-preview":"max-video-preview:-1"},"canonical":"https:\/\/www.smile-labfurniture.com\/es\/producto\/stainless-steel-laboratory-furniture\/","og_locale":"es_ES","og_type":"article","og_title":"Stainless Steel Laboratory Furniture - SMILELAB","og_description":"Can customize your specifications","og_url":"https:\/\/www.smile-labfurniture.com\/es\/producto\/stainless-steel-laboratory-furniture\/","og_site_name":"SMILELAB","article_publisher":"https:\/\/www.facebook.com\/share\/1DxYQBbYb1\/?mibextid=wwXIfr","article_modified_time":"2026-01-23T04:03:54+00:00","og_image":[{"width":7000,"height":5250,"url":"https:\/\/www.smile-labfurniture.com\/wp-content\/uploads\/2025\/12\/-\u672a\u547d\u540d-20251213-114457.webp","type":"image\/webp"}],"twitter_card":"summary_large_image","twitter_misc":{"Tiempo de lectura":"4 minutos"},"schema":{"@context":"https:\/\/schema.org","@graph":[{"@type":"WebPage","@id":"https:\/\/www.smile-labfurniture.com\/product\/stainless-steel-laboratory-furniture\/","url":"https:\/\/www.smile-labfurniture.com\/product\/stainless-steel-laboratory-furniture\/","name":"Stainless Steel Laboratory Furniture - SMILELAB","isPartOf":{"@id":"https:\/\/www.smile-labfurniture.com\/#website"},"primaryImageOfPage":{"@id":"https:\/\/www.smile-labfurniture.com\/product\/stainless-steel-laboratory-furniture\/#primaryimage"},"image":{"@id":"https:\/\/www.smile-labfurniture.com\/product\/stainless-steel-laboratory-furniture\/#primaryimage"},"thumbnailUrl":"https:\/\/www.smile-labfurniture.com\/wp-content\/uploads\/2025\/12\/-\u672a\u547d\u540d-20251213-114457.webp","datePublished":"2025-12-13T04:00:13+00:00","dateModified":"2026-01-23T04:03:54+00:00","breadcrumb":{"@id":"https:\/\/www.smile-labfurniture.com\/product\/stainless-steel-laboratory-furniture\/#breadcrumb"},"inLanguage":"es","potentialAction":[{"@type":"ReadAction","target":["https:\/\/www.smile-labfurniture.com\/product\/stainless-steel-laboratory-furniture\/"]}]},{"@type":"ImageObject","inLanguage":"es","@id":"https:\/\/www.smile-labfurniture.com\/product\/stainless-steel-laboratory-furniture\/#primaryimage","url":"https:\/\/www.smile-labfurniture.com\/wp-content\/uploads\/2025\/12\/-\u672a\u547d\u540d-20251213-114457.webp","contentUrl":"https:\/\/www.smile-labfurniture.com\/wp-content\/uploads\/2025\/12\/-\u672a\u547d\u540d-20251213-114457.webp","width":7000,"height":5250},{"@type":"BreadcrumbList","@id":"https:\/\/www.smile-labfurniture.com\/product\/stainless-steel-laboratory-furniture\/#breadcrumb","itemListElement":[{"@type":"ListItem","position":1,"name":"\u9996\u9875","item":"https:\/\/www.smile-labfurniture.com\/"},{"@type":"ListItem","position":2,"name":"Shop","item":"https:\/\/www.smile-labfurniture.com\/shop\/"},{"@type":"ListItem","position":3,"name":"Stainless Steel Laboratory Furniture"}]},{"@type":"WebSite","@id":"https:\/\/www.smile-labfurniture.com\/#website","url":"https:\/\/www.smile-labfurniture.com\/","name":"SMILELAB","description":"","publisher":{"@id":"https:\/\/www.smile-labfurniture.com\/#organization"},"potentialAction":[{"@type":"SearchAction","target":{"@type":"EntryPoint","urlTemplate":"https:\/\/www.smile-labfurniture.com\/?s={search_term_string}"},"query-input":{"@type":"PropertyValueSpecification","valueRequired":true,"valueName":"search_term_string"}}],"inLanguage":"es"},{"@type":"Organization","@id":"https:\/\/www.smile-labfurniture.com\/#organization","name":"SMILELAB","url":"https:\/\/www.smile-labfurniture.com\/","logo":{"@type":"ImageObject","inLanguage":"es","@id":"https:\/\/www.smile-labfurniture.com\/#\/schema\/logo\/image\/","url":"https:\/\/www.smile-labfurniture.com\/wp-content\/uploads\/2020\/06\/QQ_1764744017650.png","contentUrl":"https:\/\/www.smile-labfurniture.com\/wp-content\/uploads\/2020\/06\/QQ_1764744017650.png","width":355,"height":48,"caption":"SMILELAB"},"image":{"@id":"https:\/\/www.smile-labfurniture.com\/#\/schema\/logo\/image\/"},"sameAs":["https:\/\/www.facebook.com\/share\/1DxYQBbYb1\/?mibextid=wwXIfr"]}]}},"_links":{"self":[{"href":"https:\/\/www.smile-labfurniture.com\/es\/wp-json\/wp\/v2\/product\/5011","targetHints":{"allow":["GET"]}}],"collection":[{"href":"https:\/\/www.smile-labfurniture.com\/es\/wp-json\/wp\/v2\/product"}],"about":[{"href":"https:\/\/www.smile-labfurniture.com\/es\/wp-json\/wp\/v2\/types\/product"}],"replies":[{"embeddable":true,"href":"https:\/\/www.smile-labfurniture.com\/es\/wp-json\/wp\/v2\/comments?post=5011"}],"wp:featuredmedia":[{"embeddable":true,"href":"https:\/\/www.smile-labfurniture.com\/es\/wp-json\/wp\/v2\/media\/5013"}],"wp:attachment":[{"href":"https:\/\/www.smile-labfurniture.com\/es\/wp-json\/wp\/v2\/media?parent=5011"}],"wp:term":[{"taxonomy":"product_cat","embeddable":true,"href":"https:\/\/www.smile-labfurniture.com\/es\/wp-json\/wp\/v2\/product_cat?post=5011"},{"taxonomy":"product_tag","embeddable":true,"href":"https:\/\/www.smile-labfurniture.com\/es\/wp-json\/wp\/v2\/product_tag?post=5011"},{"taxonomy":"product_brand","embeddable":true,"href":"https:\/\/www.smile-labfurniture.com\/es\/wp-json\/wp\/v2\/product_brand?post=5011"}],"curies":[{"name":"wp","href":"https:\/\/api.w.org\/{rel}","templated":true}]}}