{"id":5007,"date":"2025-12-13T03:52:06","date_gmt":"2025-12-13T03:52:06","guid":{"rendered":"http:\/\/www.smile-labfurniture.com\/?post_type=product&#038;p=5007"},"modified":"2026-01-23T04:04:18","modified_gmt":"2026-01-23T04:04:18","slug":"pp-laboratory-furniture","status":"publish","type":"product","link":"https:\/\/www.smile-labfurniture.com\/es\/producto\/pp-laboratory-furniture\/","title":{"rendered":"Mobiliario de laboratorio de PP"},"content":{"rendered":"<h2 style=\"text-align: center;\">Mobiliario de laboratorio de PP<\/h2>\n<p>1. Armario de banco experimental de PP<\/p>\n<p>The main frame of the experimental bench is made of 8mm acid and alkali-resistant high-quality pure material PP (polypropylene) board, which is welded by<\/p>\n<p>same-color and homogeneous welding rods. It has excellent acid and alkali resistance and excellent weather resistance. After the bending process, the columns<\/p>\n<p>form a &#8220;square tube structure&#8221; and a &#8220;T&#8221;-shaped structure, which can obtain good load-bearing capacity.<br \/>\n2. Banco experimental de PP<br \/>\nFabricado en material PP polipropileno porcelana blanca 20mm. Otras opciones: tableros s\u00f3lidos f\u00edsicos y qu\u00edmicos, tableros de resina epoxi, tableros cer\u00e1micos.<br \/>\n3. Armario mural para banco experimental de PP<br \/>\nEst\u00e1 hecho de material anticorrosi\u00f3n PP polipropileno porcelana blanca de 10 mm y est\u00e1 soldado manualmente de forma profesional por la varilla de soldadura del mismo color.<br \/>\n4. Rejilla para reactivos de banco de experimentaci\u00f3n de PP<br \/>\nEst\u00e1 hecho de material anticorrosi\u00f3n PP polipropileno porcelana blanca de 10 mm y est\u00e1 soldado manualmente de forma profesional por la varilla de soldadura del mismo color.<br \/>\n5. Carril de deslizamiento del banco de pruebas de PP<br \/>\nEst\u00e1 totalmente soldada a mano y cuenta con un sistema de autodeslizamiento.<br \/>\n6. Toma de banco de pruebas PP<br \/>\nFabricado mediante moldeo por inyecci\u00f3n de una sola vez con herramientas abrasivas de PP, es impermeable y est\u00e1 equipado con tomas multifunci\u00f3n de alta calidad. 10A, 20A, 30A.<br \/>\n7. Accesorios del fabricante del banco de pruebas PP<br \/>\nAsa de la puerta: material PP resistente a \u00e1cidos y \u00e1lcalis, fabricado mediante moldeo por inyecci\u00f3n de una sola vez (colores disponibles: azul, blanco magn\u00e9tico, gris claro, gris oscuro)<br \/>\nBisagra de la puerta: material PP resistente a \u00e1cidos y \u00e1lcalis, fabricado mediante moldeo por inyecci\u00f3n de una sola vez (colores disponibles: azul, blanco magn\u00e9tico, gris claro, gris oscuro)<br \/>\nM\u00e9todo de conexi\u00f3n del armario: tornillos profesionales de nylon de alta resistencia para automoci\u00f3n o tornillos de acero inoxidable.<\/p>\n<p><img loading=\"lazy\" decoding=\"async\" class=\"alignnone size-full wp-image-5008\" src=\"http:\/\/www.smile-labfurniture.com\/wp-content\/uploads\/2025\/12\/-\u672a\u547d\u540d-20251213-114530.webp\" alt=\"\" width=\"6500\" height=\"4875\" srcset=\"https:\/\/www.smile-labfurniture.com\/wp-content\/uploads\/2025\/12\/-\u672a\u547d\u540d-20251213-114530.webp 6500w, https:\/\/www.smile-labfurniture.com\/wp-content\/uploads\/2025\/12\/-\u672a\u547d\u540d-20251213-114530-300x225.webp 300w\" sizes=\"auto, (max-width: 6500px) 100vw, 6500px\" \/><img loading=\"lazy\" decoding=\"async\" class=\"alignnone size-full wp-image-5009\" src=\"http:\/\/www.smile-labfurniture.com\/wp-content\/uploads\/2025\/12\/-\u672a\u547d\u540d-20251213-113307.webp\" alt=\"\" width=\"6500\" height=\"4875\" \/><\/p>","protected":false},"excerpt":{"rendered":"<p>Puede personalizar sus especificaciones<\/p>","protected":false},"featured_media":5009,"comment_status":"closed","ping_status":"closed","template":"","meta":[],"product_cat":[15],"product_tag":[],"product_brand":[],"class_list":["post-5007","product","type-product","status-publish","has-post-thumbnail","hentry","product_cat-laboratory-furniture"],"yoast_head":"<!-- This site is optimized with the Yoast SEO plugin v26.6 - https:\/\/yoast.com\/wordpress\/plugins\/seo\/ -->\n<title>PP laboratory furniture - SMILELAB<\/title>\n<meta name=\"robots\" content=\"index, follow, max-snippet:-1, max-image-preview:large, max-video-preview:-1\" \/>\n<link rel=\"canonical\" href=\"https:\/\/www.smile-labfurniture.com\/es\/producto\/pp-laboratory-furniture\/\" \/>\n<meta property=\"og:locale\" content=\"es_ES\" \/>\n<meta property=\"og:type\" content=\"article\" \/>\n<meta property=\"og:title\" content=\"PP laboratory furniture - SMILELAB\" \/>\n<meta property=\"og:description\" content=\"Can customize your specifications\" \/>\n<meta property=\"og:url\" content=\"https:\/\/www.smile-labfurniture.com\/es\/producto\/pp-laboratory-furniture\/\" \/>\n<meta property=\"og:site_name\" content=\"SMILELAB\" \/>\n<meta property=\"article:publisher\" content=\"https:\/\/www.facebook.com\/share\/1DxYQBbYb1\/?mibextid=wwXIfr\" \/>\n<meta property=\"article:modified_time\" content=\"2026-01-23T04:04:18+00:00\" \/>\n<meta property=\"og:image\" content=\"https:\/\/www.smile-labfurniture.com\/wp-content\/uploads\/2025\/12\/-\u672a\u547d\u540d-20251213-113307.webp\" \/>\n\t<meta property=\"og:image:width\" content=\"6500\" \/>\n\t<meta property=\"og:image:height\" content=\"4875\" \/>\n\t<meta property=\"og:image:type\" content=\"image\/webp\" \/>\n<meta name=\"twitter:card\" content=\"summary_large_image\" \/>\n<meta name=\"twitter:label1\" content=\"Tiempo de lectura\" \/>\n\t<meta name=\"twitter:data1\" content=\"2 minutos\" \/>\n<script type=\"application\/ld+json\" class=\"yoast-schema-graph\">{\"@context\":\"https:\/\/schema.org\",\"@graph\":[{\"@type\":\"WebPage\",\"@id\":\"https:\/\/www.smile-labfurniture.com\/product\/pp-laboratory-furniture\/\",\"url\":\"https:\/\/www.smile-labfurniture.com\/product\/pp-laboratory-furniture\/\",\"name\":\"PP laboratory furniture - SMILELAB\",\"isPartOf\":{\"@id\":\"https:\/\/www.smile-labfurniture.com\/#website\"},\"primaryImageOfPage\":{\"@id\":\"https:\/\/www.smile-labfurniture.com\/product\/pp-laboratory-furniture\/#primaryimage\"},\"image\":{\"@id\":\"https:\/\/www.smile-labfurniture.com\/product\/pp-laboratory-furniture\/#primaryimage\"},\"thumbnailUrl\":\"https:\/\/www.smile-labfurniture.com\/wp-content\/uploads\/2025\/12\/-\u672a\u547d\u540d-20251213-113307.webp\",\"datePublished\":\"2025-12-13T03:52:06+00:00\",\"dateModified\":\"2026-01-23T04:04:18+00:00\",\"breadcrumb\":{\"@id\":\"https:\/\/www.smile-labfurniture.com\/product\/pp-laboratory-furniture\/#breadcrumb\"},\"inLanguage\":\"es\",\"potentialAction\":[{\"@type\":\"ReadAction\",\"target\":[\"https:\/\/www.smile-labfurniture.com\/product\/pp-laboratory-furniture\/\"]}]},{\"@type\":\"ImageObject\",\"inLanguage\":\"es\",\"@id\":\"https:\/\/www.smile-labfurniture.com\/product\/pp-laboratory-furniture\/#primaryimage\",\"url\":\"https:\/\/www.smile-labfurniture.com\/wp-content\/uploads\/2025\/12\/-\u672a\u547d\u540d-20251213-113307.webp\",\"contentUrl\":\"https:\/\/www.smile-labfurniture.com\/wp-content\/uploads\/2025\/12\/-\u672a\u547d\u540d-20251213-113307.webp\",\"width\":6500,\"height\":4875},{\"@type\":\"BreadcrumbList\",\"@id\":\"https:\/\/www.smile-labfurniture.com\/product\/pp-laboratory-furniture\/#breadcrumb\",\"itemListElement\":[{\"@type\":\"ListItem\",\"position\":1,\"name\":\"\u9996\u9875\",\"item\":\"https:\/\/www.smile-labfurniture.com\/\"},{\"@type\":\"ListItem\",\"position\":2,\"name\":\"Shop\",\"item\":\"https:\/\/www.smile-labfurniture.com\/shop\/\"},{\"@type\":\"ListItem\",\"position\":3,\"name\":\"PP laboratory furniture\"}]},{\"@type\":\"WebSite\",\"@id\":\"https:\/\/www.smile-labfurniture.com\/#website\",\"url\":\"https:\/\/www.smile-labfurniture.com\/\",\"name\":\"SMILELAB\",\"description\":\"\",\"publisher\":{\"@id\":\"https:\/\/www.smile-labfurniture.com\/#organization\"},\"potentialAction\":[{\"@type\":\"SearchAction\",\"target\":{\"@type\":\"EntryPoint\",\"urlTemplate\":\"https:\/\/www.smile-labfurniture.com\/?s={search_term_string}\"},\"query-input\":{\"@type\":\"PropertyValueSpecification\",\"valueRequired\":true,\"valueName\":\"search_term_string\"}}],\"inLanguage\":\"es\"},{\"@type\":\"Organization\",\"@id\":\"https:\/\/www.smile-labfurniture.com\/#organization\",\"name\":\"SMILELAB\",\"url\":\"https:\/\/www.smile-labfurniture.com\/\",\"logo\":{\"@type\":\"ImageObject\",\"inLanguage\":\"es\",\"@id\":\"https:\/\/www.smile-labfurniture.com\/#\/schema\/logo\/image\/\",\"url\":\"https:\/\/www.smile-labfurniture.com\/wp-content\/uploads\/2020\/06\/QQ_1764744017650.png\",\"contentUrl\":\"https:\/\/www.smile-labfurniture.com\/wp-content\/uploads\/2020\/06\/QQ_1764744017650.png\",\"width\":355,\"height\":48,\"caption\":\"SMILELAB\"},\"image\":{\"@id\":\"https:\/\/www.smile-labfurniture.com\/#\/schema\/logo\/image\/\"},\"sameAs\":[\"https:\/\/www.facebook.com\/share\/1DxYQBbYb1\/?mibextid=wwXIfr\"]}]}<\/script>\n<!-- \/ Yoast SEO plugin. -->","yoast_head_json":{"title":"PP laboratory furniture - SMILELAB","robots":{"index":"index","follow":"follow","max-snippet":"max-snippet:-1","max-image-preview":"max-image-preview:large","max-video-preview":"max-video-preview:-1"},"canonical":"https:\/\/www.smile-labfurniture.com\/es\/producto\/pp-laboratory-furniture\/","og_locale":"es_ES","og_type":"article","og_title":"PP laboratory furniture - SMILELAB","og_description":"Can customize your specifications","og_url":"https:\/\/www.smile-labfurniture.com\/es\/producto\/pp-laboratory-furniture\/","og_site_name":"SMILELAB","article_publisher":"https:\/\/www.facebook.com\/share\/1DxYQBbYb1\/?mibextid=wwXIfr","article_modified_time":"2026-01-23T04:04:18+00:00","og_image":[{"width":6500,"height":4875,"url":"https:\/\/www.smile-labfurniture.com\/wp-content\/uploads\/2025\/12\/-\u672a\u547d\u540d-20251213-113307.webp","type":"image\/webp"}],"twitter_card":"summary_large_image","twitter_misc":{"Tiempo de lectura":"2 minutos"},"schema":{"@context":"https:\/\/schema.org","@graph":[{"@type":"WebPage","@id":"https:\/\/www.smile-labfurniture.com\/product\/pp-laboratory-furniture\/","url":"https:\/\/www.smile-labfurniture.com\/product\/pp-laboratory-furniture\/","name":"PP laboratory furniture - SMILELAB","isPartOf":{"@id":"https:\/\/www.smile-labfurniture.com\/#website"},"primaryImageOfPage":{"@id":"https:\/\/www.smile-labfurniture.com\/product\/pp-laboratory-furniture\/#primaryimage"},"image":{"@id":"https:\/\/www.smile-labfurniture.com\/product\/pp-laboratory-furniture\/#primaryimage"},"thumbnailUrl":"https:\/\/www.smile-labfurniture.com\/wp-content\/uploads\/2025\/12\/-\u672a\u547d\u540d-20251213-113307.webp","datePublished":"2025-12-13T03:52:06+00:00","dateModified":"2026-01-23T04:04:18+00:00","breadcrumb":{"@id":"https:\/\/www.smile-labfurniture.com\/product\/pp-laboratory-furniture\/#breadcrumb"},"inLanguage":"es","potentialAction":[{"@type":"ReadAction","target":["https:\/\/www.smile-labfurniture.com\/product\/pp-laboratory-furniture\/"]}]},{"@type":"ImageObject","inLanguage":"es","@id":"https:\/\/www.smile-labfurniture.com\/product\/pp-laboratory-furniture\/#primaryimage","url":"https:\/\/www.smile-labfurniture.com\/wp-content\/uploads\/2025\/12\/-\u672a\u547d\u540d-20251213-113307.webp","contentUrl":"https:\/\/www.smile-labfurniture.com\/wp-content\/uploads\/2025\/12\/-\u672a\u547d\u540d-20251213-113307.webp","width":6500,"height":4875},{"@type":"BreadcrumbList","@id":"https:\/\/www.smile-labfurniture.com\/product\/pp-laboratory-furniture\/#breadcrumb","itemListElement":[{"@type":"ListItem","position":1,"name":"\u9996\u9875","item":"https:\/\/www.smile-labfurniture.com\/"},{"@type":"ListItem","position":2,"name":"Shop","item":"https:\/\/www.smile-labfurniture.com\/shop\/"},{"@type":"ListItem","position":3,"name":"PP laboratory furniture"}]},{"@type":"WebSite","@id":"https:\/\/www.smile-labfurniture.com\/#website","url":"https:\/\/www.smile-labfurniture.com\/","name":"SMILELAB","description":"","publisher":{"@id":"https:\/\/www.smile-labfurniture.com\/#organization"},"potentialAction":[{"@type":"SearchAction","target":{"@type":"EntryPoint","urlTemplate":"https:\/\/www.smile-labfurniture.com\/?s={search_term_string}"},"query-input":{"@type":"PropertyValueSpecification","valueRequired":true,"valueName":"search_term_string"}}],"inLanguage":"es"},{"@type":"Organization","@id":"https:\/\/www.smile-labfurniture.com\/#organization","name":"SMILELAB","url":"https:\/\/www.smile-labfurniture.com\/","logo":{"@type":"ImageObject","inLanguage":"es","@id":"https:\/\/www.smile-labfurniture.com\/#\/schema\/logo\/image\/","url":"https:\/\/www.smile-labfurniture.com\/wp-content\/uploads\/2020\/06\/QQ_1764744017650.png","contentUrl":"https:\/\/www.smile-labfurniture.com\/wp-content\/uploads\/2020\/06\/QQ_1764744017650.png","width":355,"height":48,"caption":"SMILELAB"},"image":{"@id":"https:\/\/www.smile-labfurniture.com\/#\/schema\/logo\/image\/"},"sameAs":["https:\/\/www.facebook.com\/share\/1DxYQBbYb1\/?mibextid=wwXIfr"]}]}},"_links":{"self":[{"href":"https:\/\/www.smile-labfurniture.com\/es\/wp-json\/wp\/v2\/product\/5007","targetHints":{"allow":["GET"]}}],"collection":[{"href":"https:\/\/www.smile-labfurniture.com\/es\/wp-json\/wp\/v2\/product"}],"about":[{"href":"https:\/\/www.smile-labfurniture.com\/es\/wp-json\/wp\/v2\/types\/product"}],"replies":[{"embeddable":true,"href":"https:\/\/www.smile-labfurniture.com\/es\/wp-json\/wp\/v2\/comments?post=5007"}],"wp:featuredmedia":[{"embeddable":true,"href":"https:\/\/www.smile-labfurniture.com\/es\/wp-json\/wp\/v2\/media\/5009"}],"wp:attachment":[{"href":"https:\/\/www.smile-labfurniture.com\/es\/wp-json\/wp\/v2\/media?parent=5007"}],"wp:term":[{"taxonomy":"product_cat","embeddable":true,"href":"https:\/\/www.smile-labfurniture.com\/es\/wp-json\/wp\/v2\/product_cat?post=5007"},{"taxonomy":"product_tag","embeddable":true,"href":"https:\/\/www.smile-labfurniture.com\/es\/wp-json\/wp\/v2\/product_tag?post=5007"},{"taxonomy":"product_brand","embeddable":true,"href":"https:\/\/www.smile-labfurniture.com\/es\/wp-json\/wp\/v2\/product_brand?post=5007"}],"curies":[{"name":"wp","href":"https:\/\/api.w.org\/{rel}","templated":true}]}}