{"id":4997,"date":"2025-12-11T11:48:53","date_gmt":"2025-12-11T11:48:53","guid":{"rendered":"http:\/\/www.smile-labfurniture.com\/?post_type=product&#038;p=4997"},"modified":"2026-01-23T04:05:29","modified_gmt":"2026-01-23T04:05:29","slug":"alcove-cabinet-white-laboratory-furniture","status":"publish","type":"product","link":"https:\/\/www.smile-labfurniture.com\/es\/producto\/alcove-cabinet-white-laboratory-furniture\/","title":{"rendered":"Armario alcoba muebles de laboratorio blanco"},"content":{"rendered":"<h2 style=\"text-align: center;\">mueble de laboratorio blanco<\/h2>\n<h2 style=\"text-align: left;\">Los armarios central e inferior est\u00e1n empotrados 5,9 pulgadas<\/h2>\n<p>1. Encimera: opcional<br \/>\n(1) [Configuraci\u00f3n est\u00e1ndar] Encimera de tablero f\u00edsico-qu\u00edmico DuPont americano de 12,7 mm de grosor de n\u00facleo s\u00f3lido (doble cara). El borde de la encimera est\u00e1 hecho de placas de material homog\u00e9neo de doble capa, con un grosor de 25,4 mm. Es procesado por fabricantes profesionales utilizando maquinaria CNC.<br \/>\n(2) [Configuraci\u00f3n opcional] Utilizar encimeras de cer\u00e1mica dom\u00e9stica de 20 mm de espesor, que tienen mejor resistencia a altas temperaturas, resistencia a la corrosi\u00f3n, resistencia a \u00e1cidos y \u00e1lcalis.<br \/>\n(3) [Configuraci\u00f3n opcional] Utiliza encimera dom\u00e9stica de resina epoxi de 20 mm de grosor, resistente a altas temperaturas, \u00e1cidos y \u00e1lcalis.<br \/>\n2. Descripci\u00f3n de todo el armario: La carcasa exterior est\u00e1 hecha de chapa de acero galvanizado de 1,0 mm de alta calidad, que se corta, posiciona, perfora, dobla y suelda en un centro de mecanizado CNC. Despu\u00e9s del decapado y fosfatado, se pulveriza polvo de resina epoxi y se hornea y solidifica a alta temperatura.<br \/>\nSe caracteriza por una gran adherencia, una gran dureza superficial, una gran resistencia a la corrosi\u00f3n y un aspecto atractivo.<br \/>\n3. Carril de deslizamiento: espesor de pared de 1,5, base de carga de tres secciones, carril de deslizamiento silencioso de 400 mm de longitud. Tiene suavidad fuerte y puede ser tirado 120.000 veces;<br \/>\n4. Bisagra: bisagra interior\/exterior de acero inoxidable, \u00e1ngulo de apertura 90 grados;<br \/>\n5. Descripci\u00f3n del pie de ajuste: Se utiliza el pie de ajuste de moldeo por inyecci\u00f3n con un di\u00e1metro de \u03c68mm, que es a prueba de golpes, a prueba de humedad y resistente a la corrosi\u00f3n.<br \/>\nCorrosi\u00f3n, la altura del armario puede ajustarse adecuadamente seg\u00fan el suelo interior, con un ajuste m\u00e1ximo de 0-20 mm.<br \/>\n6. Descripci\u00f3n del proceso: Despu\u00e9s de soldar todas las placas de acero y rociarlas con polvo de resina epox\u00eddica, quedan visualmente lisas y sin juntas de soldadura. Todos los circuitos de agua, electricidad y gas deben instalarse de forma segura, adecuada y oculta. Hay orificios de mantenimiento en el panel trasero del armario.<br \/>\n7. El armario inferior (armario base ordinario) y el panel de la puerta est\u00e1n hechos de chapa de acero galvanizado de alta calidad de 1,0 mm (doble capa), unidos sin soldaduras y equipados con almohadillas amortiguadoras extra\u00edbles. Se forma, corta, posiciona, perfora, dobla y suelda en centros de mecanizado CNC.<br \/>\nTras el decapado y el fosfatado, se pulveriza polvo de resina epoxi y se hornea y cura a alta temperatura.<\/p>\n<p><img loading=\"lazy\" decoding=\"async\" class=\"alignnone size-full wp-image-4998\" src=\"http:\/\/www.smile-labfurniture.com\/wp-content\/uploads\/2025\/12\/\u672a\u547d\u540d\u65b9\u6848-\u672a\u547d\u540d-20251208-121018.webp\" alt=\"\" width=\"6000\" height=\"4500\" \/><\/p>","protected":false},"excerpt":{"rendered":"<h4><strong>Puede personalizar sus especificaciones<\/strong><\/h4>","protected":false},"featured_media":4998,"comment_status":"closed","ping_status":"closed","template":"","meta":[],"product_cat":[15],"product_tag":[],"product_brand":[],"class_list":["post-4997","product","type-product","status-publish","has-post-thumbnail","hentry","product_cat-laboratory-furniture"],"yoast_head":"<!-- This site is optimized with the Yoast SEO plugin v26.6 - https:\/\/yoast.com\/wordpress\/plugins\/seo\/ -->\n<title>Alcove cabinet white laboratory furniture - SMILELAB<\/title>\n<meta name=\"robots\" content=\"index, follow, max-snippet:-1, max-image-preview:large, max-video-preview:-1\" \/>\n<link rel=\"canonical\" href=\"https:\/\/www.smile-labfurniture.com\/es\/producto\/alcove-cabinet-white-laboratory-furniture\/\" \/>\n<meta property=\"og:locale\" content=\"es_ES\" \/>\n<meta property=\"og:type\" content=\"article\" \/>\n<meta property=\"og:title\" content=\"Alcove cabinet white laboratory furniture - SMILELAB\" \/>\n<meta property=\"og:description\" content=\"Can customize your specifications\" \/>\n<meta property=\"og:url\" content=\"https:\/\/www.smile-labfurniture.com\/es\/producto\/alcove-cabinet-white-laboratory-furniture\/\" \/>\n<meta property=\"og:site_name\" content=\"SMILELAB\" \/>\n<meta property=\"article:publisher\" content=\"https:\/\/www.facebook.com\/share\/1DxYQBbYb1\/?mibextid=wwXIfr\" \/>\n<meta property=\"article:modified_time\" content=\"2026-01-23T04:05:29+00:00\" \/>\n<meta property=\"og:image\" content=\"https:\/\/www.smile-labfurniture.com\/wp-content\/uploads\/2025\/12\/\u672a\u547d\u540d\u65b9\u6848-\u672a\u547d\u540d-20251208-121018.webp\" \/>\n\t<meta property=\"og:image:width\" content=\"6000\" \/>\n\t<meta property=\"og:image:height\" content=\"4500\" \/>\n\t<meta property=\"og:image:type\" content=\"image\/webp\" \/>\n<meta name=\"twitter:card\" content=\"summary_large_image\" \/>\n<meta name=\"twitter:label1\" content=\"Tiempo de lectura\" \/>\n\t<meta name=\"twitter:data1\" content=\"3 minutos\" \/>\n<script type=\"application\/ld+json\" class=\"yoast-schema-graph\">{\"@context\":\"https:\/\/schema.org\",\"@graph\":[{\"@type\":\"WebPage\",\"@id\":\"https:\/\/www.smile-labfurniture.com\/product\/alcove-cabinet-white-laboratory-furniture\/\",\"url\":\"https:\/\/www.smile-labfurniture.com\/product\/alcove-cabinet-white-laboratory-furniture\/\",\"name\":\"Alcove cabinet white laboratory furniture - SMILELAB\",\"isPartOf\":{\"@id\":\"https:\/\/www.smile-labfurniture.com\/#website\"},\"primaryImageOfPage\":{\"@id\":\"https:\/\/www.smile-labfurniture.com\/product\/alcove-cabinet-white-laboratory-furniture\/#primaryimage\"},\"image\":{\"@id\":\"https:\/\/www.smile-labfurniture.com\/product\/alcove-cabinet-white-laboratory-furniture\/#primaryimage\"},\"thumbnailUrl\":\"https:\/\/www.smile-labfurniture.com\/wp-content\/uploads\/2025\/12\/\u672a\u547d\u540d\u65b9\u6848-\u672a\u547d\u540d-20251208-121018.webp\",\"datePublished\":\"2025-12-11T11:48:53+00:00\",\"dateModified\":\"2026-01-23T04:05:29+00:00\",\"breadcrumb\":{\"@id\":\"https:\/\/www.smile-labfurniture.com\/product\/alcove-cabinet-white-laboratory-furniture\/#breadcrumb\"},\"inLanguage\":\"es\",\"potentialAction\":[{\"@type\":\"ReadAction\",\"target\":[\"https:\/\/www.smile-labfurniture.com\/product\/alcove-cabinet-white-laboratory-furniture\/\"]}]},{\"@type\":\"ImageObject\",\"inLanguage\":\"es\",\"@id\":\"https:\/\/www.smile-labfurniture.com\/product\/alcove-cabinet-white-laboratory-furniture\/#primaryimage\",\"url\":\"https:\/\/www.smile-labfurniture.com\/wp-content\/uploads\/2025\/12\/\u672a\u547d\u540d\u65b9\u6848-\u672a\u547d\u540d-20251208-121018.webp\",\"contentUrl\":\"https:\/\/www.smile-labfurniture.com\/wp-content\/uploads\/2025\/12\/\u672a\u547d\u540d\u65b9\u6848-\u672a\u547d\u540d-20251208-121018.webp\",\"width\":6000,\"height\":4500},{\"@type\":\"BreadcrumbList\",\"@id\":\"https:\/\/www.smile-labfurniture.com\/product\/alcove-cabinet-white-laboratory-furniture\/#breadcrumb\",\"itemListElement\":[{\"@type\":\"ListItem\",\"position\":1,\"name\":\"\u9996\u9875\",\"item\":\"https:\/\/www.smile-labfurniture.com\/\"},{\"@type\":\"ListItem\",\"position\":2,\"name\":\"Shop\",\"item\":\"https:\/\/www.smile-labfurniture.com\/shop\/\"},{\"@type\":\"ListItem\",\"position\":3,\"name\":\"Alcove cabinet white laboratory furniture\"}]},{\"@type\":\"WebSite\",\"@id\":\"https:\/\/www.smile-labfurniture.com\/#website\",\"url\":\"https:\/\/www.smile-labfurniture.com\/\",\"name\":\"SMILELAB\",\"description\":\"\",\"publisher\":{\"@id\":\"https:\/\/www.smile-labfurniture.com\/#organization\"},\"potentialAction\":[{\"@type\":\"SearchAction\",\"target\":{\"@type\":\"EntryPoint\",\"urlTemplate\":\"https:\/\/www.smile-labfurniture.com\/?s={search_term_string}\"},\"query-input\":{\"@type\":\"PropertyValueSpecification\",\"valueRequired\":true,\"valueName\":\"search_term_string\"}}],\"inLanguage\":\"es\"},{\"@type\":\"Organization\",\"@id\":\"https:\/\/www.smile-labfurniture.com\/#organization\",\"name\":\"SMILELAB\",\"url\":\"https:\/\/www.smile-labfurniture.com\/\",\"logo\":{\"@type\":\"ImageObject\",\"inLanguage\":\"es\",\"@id\":\"https:\/\/www.smile-labfurniture.com\/#\/schema\/logo\/image\/\",\"url\":\"https:\/\/www.smile-labfurniture.com\/wp-content\/uploads\/2020\/06\/QQ_1764744017650.png\",\"contentUrl\":\"https:\/\/www.smile-labfurniture.com\/wp-content\/uploads\/2020\/06\/QQ_1764744017650.png\",\"width\":355,\"height\":48,\"caption\":\"SMILELAB\"},\"image\":{\"@id\":\"https:\/\/www.smile-labfurniture.com\/#\/schema\/logo\/image\/\"},\"sameAs\":[\"https:\/\/www.facebook.com\/share\/1DxYQBbYb1\/?mibextid=wwXIfr\"]}]}<\/script>\n<!-- \/ Yoast SEO plugin. -->","yoast_head_json":{"title":"Alcove cabinet white laboratory furniture - SMILELAB","robots":{"index":"index","follow":"follow","max-snippet":"max-snippet:-1","max-image-preview":"max-image-preview:large","max-video-preview":"max-video-preview:-1"},"canonical":"https:\/\/www.smile-labfurniture.com\/es\/producto\/alcove-cabinet-white-laboratory-furniture\/","og_locale":"es_ES","og_type":"article","og_title":"Alcove cabinet white laboratory furniture - SMILELAB","og_description":"Can customize your specifications","og_url":"https:\/\/www.smile-labfurniture.com\/es\/producto\/alcove-cabinet-white-laboratory-furniture\/","og_site_name":"SMILELAB","article_publisher":"https:\/\/www.facebook.com\/share\/1DxYQBbYb1\/?mibextid=wwXIfr","article_modified_time":"2026-01-23T04:05:29+00:00","og_image":[{"width":6000,"height":4500,"url":"https:\/\/www.smile-labfurniture.com\/wp-content\/uploads\/2025\/12\/\u672a\u547d\u540d\u65b9\u6848-\u672a\u547d\u540d-20251208-121018.webp","type":"image\/webp"}],"twitter_card":"summary_large_image","twitter_misc":{"Tiempo de lectura":"3 minutos"},"schema":{"@context":"https:\/\/schema.org","@graph":[{"@type":"WebPage","@id":"https:\/\/www.smile-labfurniture.com\/product\/alcove-cabinet-white-laboratory-furniture\/","url":"https:\/\/www.smile-labfurniture.com\/product\/alcove-cabinet-white-laboratory-furniture\/","name":"Alcove cabinet white laboratory furniture - SMILELAB","isPartOf":{"@id":"https:\/\/www.smile-labfurniture.com\/#website"},"primaryImageOfPage":{"@id":"https:\/\/www.smile-labfurniture.com\/product\/alcove-cabinet-white-laboratory-furniture\/#primaryimage"},"image":{"@id":"https:\/\/www.smile-labfurniture.com\/product\/alcove-cabinet-white-laboratory-furniture\/#primaryimage"},"thumbnailUrl":"https:\/\/www.smile-labfurniture.com\/wp-content\/uploads\/2025\/12\/\u672a\u547d\u540d\u65b9\u6848-\u672a\u547d\u540d-20251208-121018.webp","datePublished":"2025-12-11T11:48:53+00:00","dateModified":"2026-01-23T04:05:29+00:00","breadcrumb":{"@id":"https:\/\/www.smile-labfurniture.com\/product\/alcove-cabinet-white-laboratory-furniture\/#breadcrumb"},"inLanguage":"es","potentialAction":[{"@type":"ReadAction","target":["https:\/\/www.smile-labfurniture.com\/product\/alcove-cabinet-white-laboratory-furniture\/"]}]},{"@type":"ImageObject","inLanguage":"es","@id":"https:\/\/www.smile-labfurniture.com\/product\/alcove-cabinet-white-laboratory-furniture\/#primaryimage","url":"https:\/\/www.smile-labfurniture.com\/wp-content\/uploads\/2025\/12\/\u672a\u547d\u540d\u65b9\u6848-\u672a\u547d\u540d-20251208-121018.webp","contentUrl":"https:\/\/www.smile-labfurniture.com\/wp-content\/uploads\/2025\/12\/\u672a\u547d\u540d\u65b9\u6848-\u672a\u547d\u540d-20251208-121018.webp","width":6000,"height":4500},{"@type":"BreadcrumbList","@id":"https:\/\/www.smile-labfurniture.com\/product\/alcove-cabinet-white-laboratory-furniture\/#breadcrumb","itemListElement":[{"@type":"ListItem","position":1,"name":"\u9996\u9875","item":"https:\/\/www.smile-labfurniture.com\/"},{"@type":"ListItem","position":2,"name":"Shop","item":"https:\/\/www.smile-labfurniture.com\/shop\/"},{"@type":"ListItem","position":3,"name":"Alcove cabinet white laboratory furniture"}]},{"@type":"WebSite","@id":"https:\/\/www.smile-labfurniture.com\/#website","url":"https:\/\/www.smile-labfurniture.com\/","name":"SMILELAB","description":"","publisher":{"@id":"https:\/\/www.smile-labfurniture.com\/#organization"},"potentialAction":[{"@type":"SearchAction","target":{"@type":"EntryPoint","urlTemplate":"https:\/\/www.smile-labfurniture.com\/?s={search_term_string}"},"query-input":{"@type":"PropertyValueSpecification","valueRequired":true,"valueName":"search_term_string"}}],"inLanguage":"es"},{"@type":"Organization","@id":"https:\/\/www.smile-labfurniture.com\/#organization","name":"SMILELAB","url":"https:\/\/www.smile-labfurniture.com\/","logo":{"@type":"ImageObject","inLanguage":"es","@id":"https:\/\/www.smile-labfurniture.com\/#\/schema\/logo\/image\/","url":"https:\/\/www.smile-labfurniture.com\/wp-content\/uploads\/2020\/06\/QQ_1764744017650.png","contentUrl":"https:\/\/www.smile-labfurniture.com\/wp-content\/uploads\/2020\/06\/QQ_1764744017650.png","width":355,"height":48,"caption":"SMILELAB"},"image":{"@id":"https:\/\/www.smile-labfurniture.com\/#\/schema\/logo\/image\/"},"sameAs":["https:\/\/www.facebook.com\/share\/1DxYQBbYb1\/?mibextid=wwXIfr"]}]}},"_links":{"self":[{"href":"https:\/\/www.smile-labfurniture.com\/es\/wp-json\/wp\/v2\/product\/4997","targetHints":{"allow":["GET"]}}],"collection":[{"href":"https:\/\/www.smile-labfurniture.com\/es\/wp-json\/wp\/v2\/product"}],"about":[{"href":"https:\/\/www.smile-labfurniture.com\/es\/wp-json\/wp\/v2\/types\/product"}],"replies":[{"embeddable":true,"href":"https:\/\/www.smile-labfurniture.com\/es\/wp-json\/wp\/v2\/comments?post=4997"}],"wp:featuredmedia":[{"embeddable":true,"href":"https:\/\/www.smile-labfurniture.com\/es\/wp-json\/wp\/v2\/media\/4998"}],"wp:attachment":[{"href":"https:\/\/www.smile-labfurniture.com\/es\/wp-json\/wp\/v2\/media?parent=4997"}],"wp:term":[{"taxonomy":"product_cat","embeddable":true,"href":"https:\/\/www.smile-labfurniture.com\/es\/wp-json\/wp\/v2\/product_cat?post=4997"},{"taxonomy":"product_tag","embeddable":true,"href":"https:\/\/www.smile-labfurniture.com\/es\/wp-json\/wp\/v2\/product_tag?post=4997"},{"taxonomy":"product_brand","embeddable":true,"href":"https:\/\/www.smile-labfurniture.com\/es\/wp-json\/wp\/v2\/product_brand?post=4997"}],"curies":[{"name":"wp","href":"https:\/\/api.w.org\/{rel}","templated":true}]}}