{"id":4967,"date":"2025-12-11T08:59:37","date_gmt":"2025-12-11T08:59:37","guid":{"rendered":"http:\/\/www.smile-labfurniture.com\/?post_type=product&#038;p=4967"},"modified":"2026-01-23T04:09:39","modified_gmt":"2026-01-23T04:09:39","slug":"steel-double-door-double-drawer-cabinet","status":"publish","type":"product","link":"https:\/\/www.smile-labfurniture.com\/es\/producto\/steel-double-door-double-drawer-cabinet\/","title":{"rendered":"Mobiliario de laboratorio azul a medida"},"content":{"rendered":"<p style=\"text-align: center;\">Sky Blu-muebles de laboratorio<\/p>\n<p>1. Encimera: opcional<br \/>\n(1) [Configuraci\u00f3n est\u00e1ndar] Encimera de placas f\u00edsicas y qu\u00edmicas American DuPont de 12,7 mm de grosor con n\u00facleo s\u00f3lido (doble cara). El borde de la encimera es de doble capa con placas de material homog\u00e9neo y espesado a 25,4 mm. Est\u00e1 procesada con maquinaria CNC por un fabricante profesional.<br \/>\n(2) [Configuraci\u00f3n opcional] Elija una encimera de cer\u00e1mica de 20 mm de espesor fabricada en China, que tiene mejor resistencia a altas temperaturas, resistencia a la corrosi\u00f3n, resistencia a \u00e1cidos y \u00e1lcalis.<br \/>\n(3) [Configuraci\u00f3n opcional] Usar encimera de resina epoxi de 20 mm de grosor fabricada en China, resistente a altas temperaturas, \u00e1cidos y \u00e1lcalis.<br \/>\n2. Descripci\u00f3n de todo el armario: La carcasa est\u00e1 hecha de chapa de acero galvanizado de alta calidad de 1,0 mm, que se corta, posiciona, perfora, dobla y suelda en un centro de mecanizado CNC. Despu\u00e9s del decapado y fosfatado, se roc\u00eda con polvo de resina epoxi y se hornea a alta temperatura para su solidificaci\u00f3n.<br \/>\nTiene una gran adherencia, una gran dureza superficial, una gran resistencia a la corrosi\u00f3n y un bonito aspecto.<br \/>\n3. Carril de deslizamiento: Adopta un grosor de pared de 1,5, una base de carga de tres secciones y un riel de deslizamiento silencioso de 400 mm de longitud. Tiene suavidad fuerte y puede ser tirado 120.000 veces;<br \/>\n4. 4. Bisagra: bisagra empotrada\/externa de acero inoxidable, con un \u00e1ngulo de apertura de 90 grados;<br \/>\n5. Descripci\u00f3n del pie de ajuste: Se utiliza el pie de ajuste de moldeo por inyecci\u00f3n con un di\u00e1metro de \u03c68mm, que es a prueba de golpes, a prueba de humedad y resistente.<br \/>\nCorrosi\u00f3n, la altura del armario se puede ajustar adecuadamente seg\u00fan el suelo interior, el ajuste m\u00e1ximo es de 0-20mm.<br \/>\n6. Descripci\u00f3n del proceso: Despu\u00e9s de soldar todas las placas de acero y rociarlas con polvo de resina epoxi, quedan visualmente lisas y sin juntas de soldadura. Todos los circuitos de agua, electricidad y gas deben ser seguros, adecuados y estar instalados de forma oculta. Prever orificios de mantenimiento en el panel trasero del armario.<br \/>\n7. El armario inferior (armario base general) y el panel de la puerta est\u00e1n hechos de chapa de acero galvanizado de alta calidad de 1,0 mm (doble capa), con conexiones sin soldaduras y almohadillas amortiguadoras extra\u00edbles. Se forma en un centro de mecanizado CNC, se corta, se posiciona y se perfora, se dobla y se suelda.<br \/>\nTras el decapado y el fosfatado, se pulveriza polvo de resina epoxi y se hornea a alta temperatura para su solidificaci\u00f3n.<\/p>\n<p style=\"text-align: left;\"><img loading=\"lazy\" decoding=\"async\" class=\"alignnone size-full wp-image-4979\" src=\"http:\/\/www.smile-labfurniture.com\/wp-content\/uploads\/2025\/12\/-\u672a\u547d\u540d-20251208-120946.webp\" alt=\"\" width=\"6000\" height=\"4500\" srcset=\"https:\/\/www.smile-labfurniture.com\/wp-content\/uploads\/2025\/12\/-\u672a\u547d\u540d-20251208-120946.webp 6000w, https:\/\/www.smile-labfurniture.com\/wp-content\/uploads\/2025\/12\/-\u672a\u547d\u540d-20251208-120946-300x225.webp 300w\" sizes=\"auto, (max-width: 6000px) 100vw, 6000px\" \/> <img loading=\"lazy\" decoding=\"async\" class=\"alignnone size-full wp-image-4980\" src=\"http:\/\/www.smile-labfurniture.com\/wp-content\/uploads\/2025\/12\/\u672a\u547d\u540d\u65b9\u6848-\u672a\u547d\u540d-20251208-120950.webp\" alt=\"\" width=\"6000\" height=\"4500\" \/><\/p>\n<p>&nbsp;<\/p>","protected":false},"excerpt":{"rendered":"<p>Puede personalizar sus especificaciones<\/p>","protected":false},"featured_media":4980,"comment_status":"closed","ping_status":"closed","template":"","meta":[],"product_cat":[15],"product_tag":[],"product_brand":[],"class_list":["post-4967","product","type-product","status-publish","has-post-thumbnail","hentry","product_cat-laboratory-furniture"],"yoast_head":"<!-- This site is optimized with the Yoast SEO plugin v26.6 - https:\/\/yoast.com\/wordpress\/plugins\/seo\/ -->\n<title>Custom blue laboratory furniture - SMILELAB<\/title>\n<meta name=\"robots\" content=\"index, follow, max-snippet:-1, max-image-preview:large, max-video-preview:-1\" \/>\n<link rel=\"canonical\" href=\"https:\/\/www.smile-labfurniture.com\/es\/producto\/steel-double-door-double-drawer-cabinet\/\" \/>\n<meta property=\"og:locale\" content=\"es_ES\" \/>\n<meta property=\"og:type\" content=\"article\" \/>\n<meta property=\"og:title\" content=\"Custom blue laboratory furniture - SMILELAB\" \/>\n<meta property=\"og:description\" content=\"Can customize your specifications\" \/>\n<meta property=\"og:url\" content=\"https:\/\/www.smile-labfurniture.com\/es\/producto\/steel-double-door-double-drawer-cabinet\/\" \/>\n<meta property=\"og:site_name\" content=\"SMILELAB\" \/>\n<meta property=\"article:publisher\" content=\"https:\/\/www.facebook.com\/share\/1DxYQBbYb1\/?mibextid=wwXIfr\" \/>\n<meta property=\"article:modified_time\" content=\"2026-01-23T04:09:39+00:00\" \/>\n<meta property=\"og:image\" content=\"https:\/\/www.smile-labfurniture.com\/wp-content\/uploads\/2025\/12\/\u672a\u547d\u540d\u65b9\u6848-\u672a\u547d\u540d-20251208-120950.webp\" \/>\n\t<meta property=\"og:image:width\" content=\"6000\" \/>\n\t<meta property=\"og:image:height\" content=\"4500\" \/>\n\t<meta property=\"og:image:type\" content=\"image\/webp\" \/>\n<meta name=\"twitter:card\" content=\"summary_large_image\" \/>\n<meta name=\"twitter:label1\" content=\"Tiempo de lectura\" \/>\n\t<meta name=\"twitter:data1\" content=\"3 minutos\" \/>\n<script type=\"application\/ld+json\" class=\"yoast-schema-graph\">{\"@context\":\"https:\/\/schema.org\",\"@graph\":[{\"@type\":\"WebPage\",\"@id\":\"https:\/\/www.smile-labfurniture.com\/product\/steel-double-door-double-drawer-cabinet\/\",\"url\":\"https:\/\/www.smile-labfurniture.com\/product\/steel-double-door-double-drawer-cabinet\/\",\"name\":\"Custom blue laboratory furniture - SMILELAB\",\"isPartOf\":{\"@id\":\"https:\/\/www.smile-labfurniture.com\/#website\"},\"primaryImageOfPage\":{\"@id\":\"https:\/\/www.smile-labfurniture.com\/product\/steel-double-door-double-drawer-cabinet\/#primaryimage\"},\"image\":{\"@id\":\"https:\/\/www.smile-labfurniture.com\/product\/steel-double-door-double-drawer-cabinet\/#primaryimage\"},\"thumbnailUrl\":\"https:\/\/www.smile-labfurniture.com\/wp-content\/uploads\/2025\/12\/\u672a\u547d\u540d\u65b9\u6848-\u672a\u547d\u540d-20251208-120950.webp\",\"datePublished\":\"2025-12-11T08:59:37+00:00\",\"dateModified\":\"2026-01-23T04:09:39+00:00\",\"breadcrumb\":{\"@id\":\"https:\/\/www.smile-labfurniture.com\/product\/steel-double-door-double-drawer-cabinet\/#breadcrumb\"},\"inLanguage\":\"es\",\"potentialAction\":[{\"@type\":\"ReadAction\",\"target\":[\"https:\/\/www.smile-labfurniture.com\/product\/steel-double-door-double-drawer-cabinet\/\"]}]},{\"@type\":\"ImageObject\",\"inLanguage\":\"es\",\"@id\":\"https:\/\/www.smile-labfurniture.com\/product\/steel-double-door-double-drawer-cabinet\/#primaryimage\",\"url\":\"https:\/\/www.smile-labfurniture.com\/wp-content\/uploads\/2025\/12\/\u672a\u547d\u540d\u65b9\u6848-\u672a\u547d\u540d-20251208-120950.webp\",\"contentUrl\":\"https:\/\/www.smile-labfurniture.com\/wp-content\/uploads\/2025\/12\/\u672a\u547d\u540d\u65b9\u6848-\u672a\u547d\u540d-20251208-120950.webp\",\"width\":6000,\"height\":4500},{\"@type\":\"BreadcrumbList\",\"@id\":\"https:\/\/www.smile-labfurniture.com\/product\/steel-double-door-double-drawer-cabinet\/#breadcrumb\",\"itemListElement\":[{\"@type\":\"ListItem\",\"position\":1,\"name\":\"\u9996\u9875\",\"item\":\"https:\/\/www.smile-labfurniture.com\/\"},{\"@type\":\"ListItem\",\"position\":2,\"name\":\"Shop\",\"item\":\"https:\/\/www.smile-labfurniture.com\/shop\/\"},{\"@type\":\"ListItem\",\"position\":3,\"name\":\"Custom blue laboratory furniture\"}]},{\"@type\":\"WebSite\",\"@id\":\"https:\/\/www.smile-labfurniture.com\/#website\",\"url\":\"https:\/\/www.smile-labfurniture.com\/\",\"name\":\"SMILELAB\",\"description\":\"\",\"publisher\":{\"@id\":\"https:\/\/www.smile-labfurniture.com\/#organization\"},\"potentialAction\":[{\"@type\":\"SearchAction\",\"target\":{\"@type\":\"EntryPoint\",\"urlTemplate\":\"https:\/\/www.smile-labfurniture.com\/?s={search_term_string}\"},\"query-input\":{\"@type\":\"PropertyValueSpecification\",\"valueRequired\":true,\"valueName\":\"search_term_string\"}}],\"inLanguage\":\"es\"},{\"@type\":\"Organization\",\"@id\":\"https:\/\/www.smile-labfurniture.com\/#organization\",\"name\":\"SMILELAB\",\"url\":\"https:\/\/www.smile-labfurniture.com\/\",\"logo\":{\"@type\":\"ImageObject\",\"inLanguage\":\"es\",\"@id\":\"https:\/\/www.smile-labfurniture.com\/#\/schema\/logo\/image\/\",\"url\":\"https:\/\/www.smile-labfurniture.com\/wp-content\/uploads\/2020\/06\/QQ_1764744017650.png\",\"contentUrl\":\"https:\/\/www.smile-labfurniture.com\/wp-content\/uploads\/2020\/06\/QQ_1764744017650.png\",\"width\":355,\"height\":48,\"caption\":\"SMILELAB\"},\"image\":{\"@id\":\"https:\/\/www.smile-labfurniture.com\/#\/schema\/logo\/image\/\"},\"sameAs\":[\"https:\/\/www.facebook.com\/share\/1DxYQBbYb1\/?mibextid=wwXIfr\"]}]}<\/script>\n<!-- \/ Yoast SEO plugin. -->","yoast_head_json":{"title":"Custom blue laboratory furniture - SMILELAB","robots":{"index":"index","follow":"follow","max-snippet":"max-snippet:-1","max-image-preview":"max-image-preview:large","max-video-preview":"max-video-preview:-1"},"canonical":"https:\/\/www.smile-labfurniture.com\/es\/producto\/steel-double-door-double-drawer-cabinet\/","og_locale":"es_ES","og_type":"article","og_title":"Custom blue laboratory furniture - SMILELAB","og_description":"Can customize your specifications","og_url":"https:\/\/www.smile-labfurniture.com\/es\/producto\/steel-double-door-double-drawer-cabinet\/","og_site_name":"SMILELAB","article_publisher":"https:\/\/www.facebook.com\/share\/1DxYQBbYb1\/?mibextid=wwXIfr","article_modified_time":"2026-01-23T04:09:39+00:00","og_image":[{"width":6000,"height":4500,"url":"https:\/\/www.smile-labfurniture.com\/wp-content\/uploads\/2025\/12\/\u672a\u547d\u540d\u65b9\u6848-\u672a\u547d\u540d-20251208-120950.webp","type":"image\/webp"}],"twitter_card":"summary_large_image","twitter_misc":{"Tiempo de lectura":"3 minutos"},"schema":{"@context":"https:\/\/schema.org","@graph":[{"@type":"WebPage","@id":"https:\/\/www.smile-labfurniture.com\/product\/steel-double-door-double-drawer-cabinet\/","url":"https:\/\/www.smile-labfurniture.com\/product\/steel-double-door-double-drawer-cabinet\/","name":"Custom blue laboratory furniture - SMILELAB","isPartOf":{"@id":"https:\/\/www.smile-labfurniture.com\/#website"},"primaryImageOfPage":{"@id":"https:\/\/www.smile-labfurniture.com\/product\/steel-double-door-double-drawer-cabinet\/#primaryimage"},"image":{"@id":"https:\/\/www.smile-labfurniture.com\/product\/steel-double-door-double-drawer-cabinet\/#primaryimage"},"thumbnailUrl":"https:\/\/www.smile-labfurniture.com\/wp-content\/uploads\/2025\/12\/\u672a\u547d\u540d\u65b9\u6848-\u672a\u547d\u540d-20251208-120950.webp","datePublished":"2025-12-11T08:59:37+00:00","dateModified":"2026-01-23T04:09:39+00:00","breadcrumb":{"@id":"https:\/\/www.smile-labfurniture.com\/product\/steel-double-door-double-drawer-cabinet\/#breadcrumb"},"inLanguage":"es","potentialAction":[{"@type":"ReadAction","target":["https:\/\/www.smile-labfurniture.com\/product\/steel-double-door-double-drawer-cabinet\/"]}]},{"@type":"ImageObject","inLanguage":"es","@id":"https:\/\/www.smile-labfurniture.com\/product\/steel-double-door-double-drawer-cabinet\/#primaryimage","url":"https:\/\/www.smile-labfurniture.com\/wp-content\/uploads\/2025\/12\/\u672a\u547d\u540d\u65b9\u6848-\u672a\u547d\u540d-20251208-120950.webp","contentUrl":"https:\/\/www.smile-labfurniture.com\/wp-content\/uploads\/2025\/12\/\u672a\u547d\u540d\u65b9\u6848-\u672a\u547d\u540d-20251208-120950.webp","width":6000,"height":4500},{"@type":"BreadcrumbList","@id":"https:\/\/www.smile-labfurniture.com\/product\/steel-double-door-double-drawer-cabinet\/#breadcrumb","itemListElement":[{"@type":"ListItem","position":1,"name":"\u9996\u9875","item":"https:\/\/www.smile-labfurniture.com\/"},{"@type":"ListItem","position":2,"name":"Shop","item":"https:\/\/www.smile-labfurniture.com\/shop\/"},{"@type":"ListItem","position":3,"name":"Custom blue laboratory furniture"}]},{"@type":"WebSite","@id":"https:\/\/www.smile-labfurniture.com\/#website","url":"https:\/\/www.smile-labfurniture.com\/","name":"SMILELAB","description":"","publisher":{"@id":"https:\/\/www.smile-labfurniture.com\/#organization"},"potentialAction":[{"@type":"SearchAction","target":{"@type":"EntryPoint","urlTemplate":"https:\/\/www.smile-labfurniture.com\/?s={search_term_string}"},"query-input":{"@type":"PropertyValueSpecification","valueRequired":true,"valueName":"search_term_string"}}],"inLanguage":"es"},{"@type":"Organization","@id":"https:\/\/www.smile-labfurniture.com\/#organization","name":"SMILELAB","url":"https:\/\/www.smile-labfurniture.com\/","logo":{"@type":"ImageObject","inLanguage":"es","@id":"https:\/\/www.smile-labfurniture.com\/#\/schema\/logo\/image\/","url":"https:\/\/www.smile-labfurniture.com\/wp-content\/uploads\/2020\/06\/QQ_1764744017650.png","contentUrl":"https:\/\/www.smile-labfurniture.com\/wp-content\/uploads\/2020\/06\/QQ_1764744017650.png","width":355,"height":48,"caption":"SMILELAB"},"image":{"@id":"https:\/\/www.smile-labfurniture.com\/#\/schema\/logo\/image\/"},"sameAs":["https:\/\/www.facebook.com\/share\/1DxYQBbYb1\/?mibextid=wwXIfr"]}]}},"_links":{"self":[{"href":"https:\/\/www.smile-labfurniture.com\/es\/wp-json\/wp\/v2\/product\/4967","targetHints":{"allow":["GET"]}}],"collection":[{"href":"https:\/\/www.smile-labfurniture.com\/es\/wp-json\/wp\/v2\/product"}],"about":[{"href":"https:\/\/www.smile-labfurniture.com\/es\/wp-json\/wp\/v2\/types\/product"}],"replies":[{"embeddable":true,"href":"https:\/\/www.smile-labfurniture.com\/es\/wp-json\/wp\/v2\/comments?post=4967"}],"wp:featuredmedia":[{"embeddable":true,"href":"https:\/\/www.smile-labfurniture.com\/es\/wp-json\/wp\/v2\/media\/4980"}],"wp:attachment":[{"href":"https:\/\/www.smile-labfurniture.com\/es\/wp-json\/wp\/v2\/media?parent=4967"}],"wp:term":[{"taxonomy":"product_cat","embeddable":true,"href":"https:\/\/www.smile-labfurniture.com\/es\/wp-json\/wp\/v2\/product_cat?post=4967"},{"taxonomy":"product_tag","embeddable":true,"href":"https:\/\/www.smile-labfurniture.com\/es\/wp-json\/wp\/v2\/product_tag?post=4967"},{"taxonomy":"product_brand","embeddable":true,"href":"https:\/\/www.smile-labfurniture.com\/es\/wp-json\/wp\/v2\/product_brand?post=4967"}],"curies":[{"name":"wp","href":"https:\/\/api.w.org\/{rel}","templated":true}]}}