{"id":1493,"date":"2016-10-14T02:02:22","date_gmt":"2016-10-14T02:02:22","guid":{"rendered":"https:\/\/demo.wpthemego.com\/themes\/sw_revo\/demo10\/?page_id=1493"},"modified":"2025-12-11T06:08:44","modified_gmt":"2025-12-11T06:08:44","slug":"about-us","status":"publish","type":"page","link":"https:\/\/www.smile-labfurniture.com\/es\/about-us\/","title":{"rendered":"Qui\u00e9nes somos"},"content":{"rendered":"<div data-elementor-type=\"wp-page\" data-elementor-id=\"1493\" class=\"elementor elementor-1493\">\n\t\t\t\t\t\t\t\t\t<section class=\"elementor-section elementor-top-section elementor-element elementor-element-6bda35e4 elementor-section-boxed elementor-section-height-default elementor-section-height-default\" data-id=\"6bda35e4\" data-element_type=\"section\">\n\t\t\t\t\t\t<div class=\"elementor-container elementor-column-gap-default\">\n\t\t\t\t\t<div class=\"elementor-column elementor-col-100 elementor-top-column elementor-element elementor-element-5791458d\" data-id=\"5791458d\" data-element_type=\"column\">\n\t\t\t<div class=\"elementor-widget-wrap elementor-element-populated\">\n\t\t\t\t\t\t\t\t<div class=\"elementor-element elementor-element-7c89a477 elementor-widget elementor-widget-image\" data-id=\"7c89a477\" data-element_type=\"widget\" data-widget_type=\"image.default\">\n\t\t\t\t<div class=\"elementor-widget-container\">\n\t\t\t<style>\/*! elementor - v3.16.0 - 09-10-2023 *\/\n.elementor-widget-image{text-align:center}.elementor-widget-image a{display:inline-block}.elementor-widget-image a img[src$=\".svg\"]{width:48px}.elementor-widget-image img{vertical-align:middle;display:inline-block}<\/style>\t\t\t\t\t\t\t\t\t\t\t\t<img loading=\"lazy\" decoding=\"async\" width=\"1918\" height=\"500\" src=\"https:\/\/www.smile-labfurniture.com\/wp-content\/uploads\/2025\/12\/5-1.webp\" class=\"attachment-full size-full wp-image-4849\" alt=\"\" \/>\t\t\t\t\t\t\t\t\t\t\t\t\t\t\t<\/div>\n\t\t\t\t<\/div>\n\t\t\t\t\t<\/div>\n\t\t<\/div>\n\t\t\t\t\t\t\t<\/div>\n\t\t<\/section>\n\t\t\t\t<section class=\"elementor-section elementor-top-section elementor-element elementor-element-6d31b4c4 elementor-section-boxed elementor-section-height-default elementor-section-height-default\" data-id=\"6d31b4c4\" data-element_type=\"section\">\n\t\t\t\t\t\t<div class=\"elementor-container elementor-column-gap-default\">\n\t\t\t\t\t<div class=\"elementor-column elementor-col-100 elementor-top-column elementor-element elementor-element-60e07942\" data-id=\"60e07942\" data-element_type=\"column\">\n\t\t\t<div class=\"elementor-widget-wrap elementor-element-populated\">\n\t\t\t\t\t\t\t\t<div class=\"elementor-element elementor-element-33b017c5 elementor-widget elementor-widget-heading\" data-id=\"33b017c5\" data-element_type=\"widget\" data-widget_type=\"heading.default\">\n\t\t\t\t<div class=\"elementor-widget-container\">\n\t\t\t<style>\/*! elementor - v3.16.0 - 09-10-2023 *\/\n.elementor-heading-title{padding:0;margin:0;line-height:1}.elementor-widget-heading .elementor-heading-title[class*=elementor-size-]>a{color:inherit;font-size:inherit;line-height:inherit}.elementor-widget-heading .elementor-heading-title.elementor-size-small{font-size:15px}.elementor-widget-heading .elementor-heading-title.elementor-size-medium{font-size:19px}.elementor-widget-heading .elementor-heading-title.elementor-size-large{font-size:29px}.elementor-widget-heading .elementor-heading-title.elementor-size-xl{font-size:39px}.elementor-widget-heading .elementor-heading-title.elementor-size-xxl{font-size:59px}<\/style><h2 class=\"elementor-heading-title elementor-size-default\">acerca de nosotros<\/h2>\t\t<\/div>\n\t\t\t\t<\/div>\n\t\t\t\t<div class=\"elementor-element elementor-element-5d8a07dd elementor-widget elementor-widget-text-editor\" data-id=\"5d8a07dd\" data-element_type=\"widget\" data-widget_type=\"text-editor.default\">\n\t\t\t\t<div class=\"elementor-widget-container\">\n\t\t\t<style>\/*! elementor - v3.16.0 - 09-10-2023 *\/\n.elementor-widget-text-editor.elementor-drop-cap-view-stacked .elementor-drop-cap{background-color:#69727d;color:#fff}.elementor-widget-text-editor.elementor-drop-cap-view-framed .elementor-drop-cap{color:#69727d;border:3px solid;background-color:transparent}.elementor-widget-text-editor:not(.elementor-drop-cap-view-default) .elementor-drop-cap{margin-top:8px}.elementor-widget-text-editor:not(.elementor-drop-cap-view-default) .elementor-drop-cap-letter{width:1em;height:1em}.elementor-widget-text-editor .elementor-drop-cap{float:left;text-align:center;line-height:1;font-size:50px}.elementor-widget-text-editor .elementor-drop-cap-letter{display:inline-block}<\/style>\t\t\t\t<p>Beijing Zhongkesmai Laboratory Equipment Co., Ltd. se estableci\u00f3 en 2009 y ha acumulado 16 a\u00f1os de experiencia profesional en la construcci\u00f3n de laboratorios.<br \/>Con 16 a\u00f1os de experiencia en el dise\u00f1o y la construcci\u00f3n de laboratorios, nos esforzamos por combinar la experiencia y los conceptos avanzados de dise\u00f1o extranjeros con las condiciones nacionales de China mediante la comprensi\u00f3n continua de las necesidades de los clientes y la situaci\u00f3n \u00fanica del entorno de los laboratorios nacionales, para que nuestros dise\u00f1os y precios puedan satisfacer al m\u00e1ximo las necesidades de los clientes.<br \/>Estamos especializados en la prestaci\u00f3n de servicios t\u00e9cnicos profesionales integrales y completos para las principales instituciones de investigaci\u00f3n cient\u00edfica, incluida la ingenier\u00eda de sistemas de purificaci\u00f3n de laboratorio, la ingenier\u00eda de soporte de mobiliario de laboratorio, la ingenier\u00eda de sistemas de ventilaci\u00f3n, la ingenier\u00eda de sistemas de paso de gases, la ingenier\u00eda de sistemas de seguridad, la ingenier\u00eda de sistemas el\u00e9ctricos fuertes y d\u00e9biles y la ingenier\u00eda de sistemas de tratamiento de aguas residuales. Durante los \u00faltimos 16 a\u00f1os, la empresa se ha adherido a los valores fundamentales de \u201chonestidad y fiabilidad, cooperaci\u00f3n beneficiosa para todos\u201d, y ha creado la marca \u201cZhongkesmai\u201d, respetuosa con el medio ambiente, ahorradora de energ\u00eda e inteligente. Adhiri\u00e9ndose a la filosof\u00eda de desarrollo de b\u00fasqueda de la excelencia, innovaci\u00f3n continua, calidad ante todo y servicio de alta calidad, nuestra empresa adopta un enfoque de gesti\u00f3n cient\u00edfica orientado a las personas, dirigido por la tecnolog\u00eda y orientado al mercado. Adoptamos continuamente tecnolog\u00edas avanzadas de fuentes tanto nacionales como internacionales, prestamos atenci\u00f3n al control de calidad t\u00e9cnica y transformamos los nuevos logros tecnol\u00f3gicos en productos de alta calidad para el mercado, convirti\u00e9ndonos en una poderosa fuerza impulsora del \u00e9xito de nuestra empresa. Los productos de la empresa se utilizan ampliamente en diversos sectores como la sanidad, la bioqu\u00edmica, la qu\u00edmica fina, la alimentaci\u00f3n y las bebidas, la industria aeroespacial, la electr\u00f3nica, los instrumentos de precisi\u00f3n, los contadores, la investigaci\u00f3n cient\u00edfica y la ense\u00f1anza. Esperamos sinceramente que los clientes que han entrado en contacto, entendido y utilizado nuestros productos puedan proporcionar m\u00e1s opiniones, requisitos y sugerencias sobre nuestros productos y servicios, ayud\u00e1ndonos a mejorarlos y perfeccionarlos a\u00fan m\u00e1s. Beijing Zhongkesimai Laboratory Equipment Co., Ltd. est\u00e1 dispuesta a trabajar con usted para proporcionarle un ambiente de trabajo seguro, saludable y c\u00f3modo.<\/p>\t\t\t\t\t\t<\/div>\n\t\t\t\t<\/div>\n\t\t\t\t\t<\/div>\n\t\t<\/div>\n\t\t\t\t\t\t\t<\/div>\n\t\t<\/section>\n\t\t\t\t\t\t\t<\/div>","protected":false},"excerpt":{"rendered":"<p>about us Beijing Zhongkesmai Laboratory Equipment Co., Ltd. was established in 2009 and has accumulated 16 years of professional laboratory construction experience.With 16 years of experience in laboratory design and construction, we strive to combine advanced foreign design experience and &hellip; <a href=\"https:\/\/www.smile-labfurniture.com\/es\/about-us\/\">Leer m\u00e1s<\/a><\/p>","protected":false},"author":1,"featured_media":0,"parent":0,"menu_order":0,"comment_status":"closed","ping_status":"closed","template":"","meta":{"footnotes":""},"class_list":["post-1493","page","type-page","status-publish","hentry"],"yoast_head":"<!-- This site is optimized with the Yoast SEO plugin v26.6 - https:\/\/yoast.com\/wordpress\/plugins\/seo\/ -->\n<title>About Us - SMILELAB<\/title>\n<meta name=\"robots\" content=\"index, follow, max-snippet:-1, max-image-preview:large, max-video-preview:-1\" \/>\n<link rel=\"canonical\" href=\"https:\/\/www.smile-labfurniture.com\/es\/about-us\/\" \/>\n<meta property=\"og:locale\" content=\"es_ES\" \/>\n<meta property=\"og:type\" content=\"article\" \/>\n<meta property=\"og:title\" content=\"About Us - SMILELAB\" \/>\n<meta property=\"og:description\" content=\"about us Beijing Zhongkesmai Laboratory Equipment Co., Ltd. was established in 2009 and has accumulated 16 years of professional laboratory construction experience.With 16 years of experience in laboratory design and construction, we strive to combine advanced foreign design experience and &hellip; Readmore\" \/>\n<meta property=\"og:url\" content=\"https:\/\/www.smile-labfurniture.com\/es\/about-us\/\" \/>\n<meta property=\"og:site_name\" content=\"SMILELAB\" \/>\n<meta property=\"article:publisher\" content=\"https:\/\/www.facebook.com\/share\/1DxYQBbYb1\/?mibextid=wwXIfr\" \/>\n<meta property=\"article:modified_time\" content=\"2025-12-11T06:08:44+00:00\" \/>\n<meta property=\"og:image\" content=\"http:\/\/www.smile-labfurniture.com\/wp-content\/uploads\/2025\/12\/5-1.webp\" \/>\n<meta name=\"twitter:card\" content=\"summary_large_image\" \/>\n<meta name=\"twitter:label1\" content=\"Tiempo de lectura\" \/>\n\t<meta name=\"twitter:data1\" content=\"2 minutos\" \/>\n<script type=\"application\/ld+json\" class=\"yoast-schema-graph\">{\"@context\":\"https:\/\/schema.org\",\"@graph\":[{\"@type\":\"WebPage\",\"@id\":\"https:\/\/www.smile-labfurniture.com\/about-us\/\",\"url\":\"https:\/\/www.smile-labfurniture.com\/about-us\/\",\"name\":\"About Us - SMILELAB\",\"isPartOf\":{\"@id\":\"https:\/\/www.smile-labfurniture.com\/#website\"},\"primaryImageOfPage\":{\"@id\":\"https:\/\/www.smile-labfurniture.com\/about-us\/#primaryimage\"},\"image\":{\"@id\":\"https:\/\/www.smile-labfurniture.com\/about-us\/#primaryimage\"},\"thumbnailUrl\":\"http:\/\/www.smile-labfurniture.com\/wp-content\/uploads\/2025\/12\/5-1.webp\",\"datePublished\":\"2016-10-14T02:02:22+00:00\",\"dateModified\":\"2025-12-11T06:08:44+00:00\",\"breadcrumb\":{\"@id\":\"https:\/\/www.smile-labfurniture.com\/about-us\/#breadcrumb\"},\"inLanguage\":\"es\",\"potentialAction\":[{\"@type\":\"ReadAction\",\"target\":[\"https:\/\/www.smile-labfurniture.com\/about-us\/\"]}]},{\"@type\":\"ImageObject\",\"inLanguage\":\"es\",\"@id\":\"https:\/\/www.smile-labfurniture.com\/about-us\/#primaryimage\",\"url\":\"http:\/\/www.smile-labfurniture.com\/wp-content\/uploads\/2025\/12\/5-1.webp\",\"contentUrl\":\"http:\/\/www.smile-labfurniture.com\/wp-content\/uploads\/2025\/12\/5-1.webp\"},{\"@type\":\"BreadcrumbList\",\"@id\":\"https:\/\/www.smile-labfurniture.com\/about-us\/#breadcrumb\",\"itemListElement\":[{\"@type\":\"ListItem\",\"position\":1,\"name\":\"\u9996\u9875\",\"item\":\"https:\/\/www.smile-labfurniture.com\/\"},{\"@type\":\"ListItem\",\"position\":2,\"name\":\"About Us\"}]},{\"@type\":\"WebSite\",\"@id\":\"https:\/\/www.smile-labfurniture.com\/#website\",\"url\":\"https:\/\/www.smile-labfurniture.com\/\",\"name\":\"SMILELAB\",\"description\":\"\",\"publisher\":{\"@id\":\"https:\/\/www.smile-labfurniture.com\/#organization\"},\"potentialAction\":[{\"@type\":\"SearchAction\",\"target\":{\"@type\":\"EntryPoint\",\"urlTemplate\":\"https:\/\/www.smile-labfurniture.com\/?s={search_term_string}\"},\"query-input\":{\"@type\":\"PropertyValueSpecification\",\"valueRequired\":true,\"valueName\":\"search_term_string\"}}],\"inLanguage\":\"es\"},{\"@type\":\"Organization\",\"@id\":\"https:\/\/www.smile-labfurniture.com\/#organization\",\"name\":\"SMILELAB\",\"url\":\"https:\/\/www.smile-labfurniture.com\/\",\"logo\":{\"@type\":\"ImageObject\",\"inLanguage\":\"es\",\"@id\":\"https:\/\/www.smile-labfurniture.com\/#\/schema\/logo\/image\/\",\"url\":\"https:\/\/www.smile-labfurniture.com\/wp-content\/uploads\/2020\/06\/QQ_1764744017650.png\",\"contentUrl\":\"https:\/\/www.smile-labfurniture.com\/wp-content\/uploads\/2020\/06\/QQ_1764744017650.png\",\"width\":355,\"height\":48,\"caption\":\"SMILELAB\"},\"image\":{\"@id\":\"https:\/\/www.smile-labfurniture.com\/#\/schema\/logo\/image\/\"},\"sameAs\":[\"https:\/\/www.facebook.com\/share\/1DxYQBbYb1\/?mibextid=wwXIfr\"]}]}<\/script>\n<!-- \/ Yoast SEO plugin. -->","yoast_head_json":{"title":"About Us - SMILELAB","robots":{"index":"index","follow":"follow","max-snippet":"max-snippet:-1","max-image-preview":"max-image-preview:large","max-video-preview":"max-video-preview:-1"},"canonical":"https:\/\/www.smile-labfurniture.com\/es\/about-us\/","og_locale":"es_ES","og_type":"article","og_title":"About Us - SMILELAB","og_description":"about us Beijing Zhongkesmai Laboratory Equipment Co., Ltd. was established in 2009 and has accumulated 16 years of professional laboratory construction experience.With 16 years of experience in laboratory design and construction, we strive to combine advanced foreign design experience and &hellip; Readmore","og_url":"https:\/\/www.smile-labfurniture.com\/es\/about-us\/","og_site_name":"SMILELAB","article_publisher":"https:\/\/www.facebook.com\/share\/1DxYQBbYb1\/?mibextid=wwXIfr","article_modified_time":"2025-12-11T06:08:44+00:00","og_image":[{"url":"http:\/\/www.smile-labfurniture.com\/wp-content\/uploads\/2025\/12\/5-1.webp","type":"","width":"","height":""}],"twitter_card":"summary_large_image","twitter_misc":{"Tiempo de lectura":"2 minutos"},"schema":{"@context":"https:\/\/schema.org","@graph":[{"@type":"WebPage","@id":"https:\/\/www.smile-labfurniture.com\/about-us\/","url":"https:\/\/www.smile-labfurniture.com\/about-us\/","name":"About Us - SMILELAB","isPartOf":{"@id":"https:\/\/www.smile-labfurniture.com\/#website"},"primaryImageOfPage":{"@id":"https:\/\/www.smile-labfurniture.com\/about-us\/#primaryimage"},"image":{"@id":"https:\/\/www.smile-labfurniture.com\/about-us\/#primaryimage"},"thumbnailUrl":"http:\/\/www.smile-labfurniture.com\/wp-content\/uploads\/2025\/12\/5-1.webp","datePublished":"2016-10-14T02:02:22+00:00","dateModified":"2025-12-11T06:08:44+00:00","breadcrumb":{"@id":"https:\/\/www.smile-labfurniture.com\/about-us\/#breadcrumb"},"inLanguage":"es","potentialAction":[{"@type":"ReadAction","target":["https:\/\/www.smile-labfurniture.com\/about-us\/"]}]},{"@type":"ImageObject","inLanguage":"es","@id":"https:\/\/www.smile-labfurniture.com\/about-us\/#primaryimage","url":"http:\/\/www.smile-labfurniture.com\/wp-content\/uploads\/2025\/12\/5-1.webp","contentUrl":"http:\/\/www.smile-labfurniture.com\/wp-content\/uploads\/2025\/12\/5-1.webp"},{"@type":"BreadcrumbList","@id":"https:\/\/www.smile-labfurniture.com\/about-us\/#breadcrumb","itemListElement":[{"@type":"ListItem","position":1,"name":"\u9996\u9875","item":"https:\/\/www.smile-labfurniture.com\/"},{"@type":"ListItem","position":2,"name":"About Us"}]},{"@type":"WebSite","@id":"https:\/\/www.smile-labfurniture.com\/#website","url":"https:\/\/www.smile-labfurniture.com\/","name":"SMILELAB","description":"","publisher":{"@id":"https:\/\/www.smile-labfurniture.com\/#organization"},"potentialAction":[{"@type":"SearchAction","target":{"@type":"EntryPoint","urlTemplate":"https:\/\/www.smile-labfurniture.com\/?s={search_term_string}"},"query-input":{"@type":"PropertyValueSpecification","valueRequired":true,"valueName":"search_term_string"}}],"inLanguage":"es"},{"@type":"Organization","@id":"https:\/\/www.smile-labfurniture.com\/#organization","name":"SMILELAB","url":"https:\/\/www.smile-labfurniture.com\/","logo":{"@type":"ImageObject","inLanguage":"es","@id":"https:\/\/www.smile-labfurniture.com\/#\/schema\/logo\/image\/","url":"https:\/\/www.smile-labfurniture.com\/wp-content\/uploads\/2020\/06\/QQ_1764744017650.png","contentUrl":"https:\/\/www.smile-labfurniture.com\/wp-content\/uploads\/2020\/06\/QQ_1764744017650.png","width":355,"height":48,"caption":"SMILELAB"},"image":{"@id":"https:\/\/www.smile-labfurniture.com\/#\/schema\/logo\/image\/"},"sameAs":["https:\/\/www.facebook.com\/share\/1DxYQBbYb1\/?mibextid=wwXIfr"]}]}},"_links":{"self":[{"href":"https:\/\/www.smile-labfurniture.com\/es\/wp-json\/wp\/v2\/pages\/1493","targetHints":{"allow":["GET"]}}],"collection":[{"href":"https:\/\/www.smile-labfurniture.com\/es\/wp-json\/wp\/v2\/pages"}],"about":[{"href":"https:\/\/www.smile-labfurniture.com\/es\/wp-json\/wp\/v2\/types\/page"}],"author":[{"embeddable":true,"href":"https:\/\/www.smile-labfurniture.com\/es\/wp-json\/wp\/v2\/users\/1"}],"replies":[{"embeddable":true,"href":"https:\/\/www.smile-labfurniture.com\/es\/wp-json\/wp\/v2\/comments?post=1493"}],"version-history":[{"count":6,"href":"https:\/\/www.smile-labfurniture.com\/es\/wp-json\/wp\/v2\/pages\/1493\/revisions"}],"predecessor-version":[{"id":4953,"href":"https:\/\/www.smile-labfurniture.com\/es\/wp-json\/wp\/v2\/pages\/1493\/revisions\/4953"}],"wp:attachment":[{"href":"https:\/\/www.smile-labfurniture.com\/es\/wp-json\/wp\/v2\/media?parent=1493"}],"curies":[{"name":"wp","href":"https:\/\/api.w.org\/{rel}","templated":true}]}}